{"id":11592,"date":"2015-08-27T08:31:15","date_gmt":"2015-08-27T06:31:15","guid":{"rendered":"http:\/\/wordpress.solecentrodebelleza.com\/?page_id=11592"},"modified":"2017-03-10T18:44:59","modified_gmt":"2017-03-10T17:44:59","slug":"asesoria-de-imagen-personal","status":"publish","type":"page","link":"https:\/\/solecentrodeimagen.com\/en\/estetica\/imagen\/asesoria-de-imagen-personal\/","title":{"rendered":"Personal image consulting"},"content":{"rendered":"<div class=\"fusion-text fusion-text-1\"><div class=\"art-PostContent\">\n<div class=\"art-article\">\n<p style=\"text-align: justify;\"><img decoding=\"async\" class=\" wp-image-15218 alignright\" src=\"https:\/\/solecentrodeimagen.com\/wp-content\/uploads\/2015\/08\/asesoria-imagen.jpg\" alt=\"asesoria-imagen\" width=\"275\" height=\"395\" srcset=\"https:\/\/solecentrodeimagen.com\/wp-content\/uploads\/2015\/08\/asesoria-imagen-209x300.jpg 209w, https:\/\/solecentrodeimagen.com\/wp-content\/uploads\/2015\/08\/asesoria-imagen.jpg 376w\" sizes=\"(max-width: 275px) 100vw, 275px\" \/><\/p>\n<p style=\"text-align: justify;\">\u00bfWould you like to increase your potential and self-esteem?\u00a0Now you can achieve it!<\/p>\n<p style=\"text-align: justify;\">&#8220;Image&#8221; is the way we present ourselves to others.<\/p>\n<p style=\"text-align: justify;\">It is important to know that you never have a second chance to create a positive first impression.\u00a0\u00a0 90% of the impression that we form of another person is acquired during the first seconds of an encounter.<\/p>\n<p>The clothes and the accessories we carry convey much more than the words we speak.<\/p>\n<p style=\"text-align: justify;\">It is an aspect of nonverbal communication that we often do not realize.<\/p>\n<p style=\"text-align: justify;\">Our goal is to create a unique style, providing practical and economic security, confidence and wellbeing.<\/p>\n<p style=\"text-align: justify;\">This is achieved by the following:<\/p>\n<ul style=\"text-align: justify;\">\n<li>Review of personality, to define the style, shapes and fabrics of clothing.<\/li>\n<li>Study of color to determine the most appropriate range of color, accessories, hair color and makeup.<\/li>\n<li>Study of proportions to detail and enhance the silhouette through the clothes.<\/li>\n<li>Study and teaching of make up application to highlight the most flattering features.<\/li>\n<li>Study to assess hair color, shape, volume, length and texture.<\/li>\n<li>Study of clothing to create a wardrobe depending on the persons social, personal and professional needs.<\/li>\n<\/ul>\n<p style=\"text-align: justify;\">Also provided is a personal shopper service for those who do not have time or do not like shopping.<\/p>\n<p style=\"text-align: justify;\">If you are interested on this treatment and want to inquire, click <a href=\"https:\/\/solecentrodeimagen.com\/index.php\/contacto\/\">here<\/a>.<\/p>\n<\/div>\n<\/div>\n<p>\n<\/div><div class=\"fusion-sep-clear\"><\/div><div class=\"fusion-separator fusion-full-width-sep\" style=\"margin-left: auto;margin-right: auto;margin-top:20px;width:100%;\"><\/div><div class=\"fusion-sep-clear\"><\/div>[\/fusion_builder_column]<div class=\"fusion-layout-column fusion_builder_column fusion-builder-column-0 fusion_builder_column_1_1 1_1 fusion-one-full fusion-column-first fusion-column-last fusion-column-no-min-height\" style=\"--awb-bg-size:cover;--awb-margin-bottom:0px;width:100%;\"><div class=\"fusion-column-wrapper fusion-flex-column-wrapper-legacy\"><div class=\"fusion-clearfix\"><\/div><\/div><\/div><div class=\"fusion-sharing-box fusion-sharing-box-1 has-taglines layout-floated layout-medium-floated layout-small-floated\" style=\"background-color:#f7f7f7;--awb-layout:row;--awb-alignment-small:space-between;\" data-title=\"Personal image consulting\" data-description=\"{:es}\r\n\r\n\u00bfTe gustar\u00eda acrecentar tu potencial y autoestima?\u00a0\u00a1Ahora puedes conseguirlo!\r\n&quot;Imagen&quot; es la forma en que nos presentamos a los dem\u00e1s.\r\nEs importante saber que nunca tienes una segunda oportunidad para crear una primera impresi\u00f3n positiva. Y comprender que\" data-link=\"https:\/\/solecentrodeimagen.com\/en\/estetica\/imagen\/asesoria-de-imagen-personal\/\"><h4 class=\"tagline\" style=\"color:#333333;\">If you like this page, please share it with your friends<\/h4><div class=\"fusion-social-networks sharingbox-shortcode-icon-wrapper sharingbox-shortcode-icon-wrapper-1\"><span><a href=\"https:\/\/www.facebook.com\/sharer.php?u=https%3A%2F%2Fsolecentrodeimagen.com%2Fen%2Festetica%2Fimagen%2Fasesoria-de-imagen-personal%2F&amp;t=Personal%20image%20consulting\" target=\"_blank\" rel=\"noreferrer nofollow\" title=\"Facebook\" aria-label=\"Facebook\" data-placement=\"top\" data-toggle=\"tooltip\" data-title=\"Facebook\"><i class=\"fusion-social-network-icon fusion-tooltip fusion-facebook awb-icon-facebook\" style=\"color:#000000;\" aria-hidden=\"true\"><\/i><\/a><\/span><span><a href=\"https:\/\/x.com\/share?text=Personal%20image%20consulting&amp;url=https%3A%2F%2Fsolecentrodeimagen.com%2Fen%2Festetica%2Fimagen%2Fasesoria-de-imagen-personal%2F\" target=\"_blank\" rel=\"noopener noreferrer nofollow\" title=\"X\" aria-label=\"X\" data-placement=\"top\" data-toggle=\"tooltip\" data-title=\"X\"><i class=\"fusion-social-network-icon fusion-tooltip fusion-twitter awb-icon-twitter\" style=\"color:#000000;\" aria-hidden=\"true\"><\/i><\/a><\/span><span><a href=\"mailto:?subject=Personal%20image%20consulting&amp;body=https%3A%2F%2Fsolecentrodeimagen.com%2Fen%2Festetica%2Fimagen%2Fasesoria-de-imagen-personal%2F\" target=\"_self\" rel=\"nofollow\" title=\"Email\" aria-label=\"Email\" data-placement=\"top\" data-toggle=\"tooltip\" data-title=\"Email\"><i class=\"fusion-social-network-icon fusion-tooltip fusion-mail awb-icon-mail\" style=\"color:#000000;\" aria-hidden=\"true\"><\/i><\/a><\/span><\/div><\/div><div class=\"fusion-sep-clear\"><\/div><div class=\"fusion-separator fusion-has-icon fusion-full-width-sep\" style=\"margin-left: auto;margin-right: auto;width:100%;\"><div class=\"fusion-separator-border sep-shadow\" style=\"--awb-height:20px;--awb-amount:20px;background:radial-gradient(ellipse at 50% -50% , #e0dede 0px, rgba(255, 255, 255, 0) 80%) repeat scroll 0 0 rgba(0, 0, 0, 0);background:-webkit-radial-gradient(ellipse at 50% -50% , #e0dede 0px, rgba(255, 255, 255, 0) 80%) repeat scroll 0 0 rgba(0, 0, 0, 0);background:-moz-radial-gradient(ellipse at 50% -50% , #e0dede 0px, rgba(255, 255, 255, 0) 80%) repeat scroll 0 0 rgba(0, 0, 0, 0);background:-o-radial-gradient(ellipse at 50% -50% , #e0dede 0px, rgba(255, 255, 255, 0) 80%) repeat scroll 0 0 rgba(0, 0, 0, 0);\"><\/div><span class=\"icon-wrapper\" style=\"border-color:#e0dede;background-color:rgba(255,255,255,0);font-size:13px;width: 1.75em; height: 1.75em;border-width:1px;padding:1px;\"><i class=\" fa fa-comments\" style=\"font-size: inherit;color:#e0dede;\" aria-hidden=\"true\"><\/i><\/span><div class=\"fusion-separator-border sep-shadow\" style=\"--awb-height:20px;--awb-amount:20px;background:radial-gradient(ellipse at 50% -50% , #e0dede 0px, rgba(255, 255, 255, 0) 80%) repeat scroll 0 0 rgba(0, 0, 0, 0);background:-webkit-radial-gradient(ellipse at 50% -50% , #e0dede 0px, rgba(255, 255, 255, 0) 80%) repeat scroll 0 0 rgba(0, 0, 0, 0);background:-moz-radial-gradient(ellipse at 50% -50% , #e0dede 0px, rgba(255, 255, 255, 0) 80%) repeat scroll 0 0 rgba(0, 0, 0, 0);background:-o-radial-gradient(ellipse at 50% -50% , #e0dede 0px, rgba(255, 255, 255, 0) 80%) repeat scroll 0 0 rgba(0, 0, 0, 0);\"><\/div><\/div><div class=\"fusion-sep-clear\"><\/div><\/p>\n","protected":false},"excerpt":{"rendered":"<p>\u00bfTe gustar\u00eda acrecentar tu potencial y autoestima?\u00a0\u00a1Ahora puedes conseguirlo! &#8220;Imagen&#8221; es la forma en que nos presentamos a los dem\u00e1s. Es importante saber que nunca tienes una segunda oportunidad para crear una primera impresi\u00f3n positiva. Y comprender que el 90% de la impresi\u00f3n que nos formamos de otra persona lo adquirimos durante los primeros segundos [&hellip;]<\/p>\n","protected":false},"author":13,"featured_media":0,"parent":11576,"menu_order":0,"comment_status":"open","ping_status":"closed","template":"","meta":{"footnotes":""},"class_list":["post-11592","page","type-page","status-publish","hentry"],"translation":{"provider":"WPGlobus","version":"3.0.0","language":"en","enabled_languages":["es","en","fr"],"languages":{"es":{"title":true,"content":true,"excerpt":false},"en":{"title":true,"content":true,"excerpt":false},"fr":{"title":true,"content":true,"excerpt":false}}},"yoast_head":"<!-- This site is optimized with the Yoast SEO plugin v23.5 - https:\/\/yoast.com\/wordpress\/plugins\/seo\/ -->\n<title>Personal image consulting | Sole Centro de Imagen<\/title>\n<meta name=\"robots\" content=\"index, follow, max-snippet:-1, max-image-preview:large, max-video-preview:-1\" \/>\n<link rel=\"canonical\" href=\"https:\/\/solecentrodeimagen.com\/en\/estetica\/imagen\/asesoria-de-imagen-personal\/\" \/>\n<meta property=\"og:locale\" content=\"en_US\" \/>\n<meta property=\"og:type\" content=\"article\" \/>\n<meta property=\"og:title\" content=\"Personal image consulting | Sole Centro de Imagen\" \/>\n<meta property=\"og:url\" content=\"https:\/\/solecentrodeimagen.com\/en\/estetica\/imagen\/asesoria-de-imagen-personal\/\" \/>\n<meta property=\"og:site_name\" content=\"Sole Centro de Imagen\" \/>\n<meta property=\"article:publisher\" content=\"http:\/\/www.facebook.com\/solecentrodeimagen\" \/>\n<meta property=\"article:modified_time\" content=\"2017-03-10T17:44:59+00:00\" \/>\n<meta property=\"og:image\" content=\"https:\/\/solecentrodeimagen.com\/wp-content\/uploads\/2015\/08\/asesoria-imagen.jpg\" \/>\n<meta name=\"twitter:card\" content=\"summary_large_image\" \/>\n<meta name=\"twitter:label1\" content=\"Est. reading time\" \/>\n\t<meta name=\"twitter:data1\" content=\"6 minutes\" \/>\n<script type=\"application\/ld+json\" class=\"yoast-schema-graph\">{\"@context\":\"https:\/\/schema.org\",\"@graph\":[{\"@type\":\"WebPage\",\"@id\":\"https:\/\/solecentrodeimagen.com\/en\/estetica\/imagen\/asesoria-de-imagen-personal\/\",\"url\":\"https:\/\/solecentrodeimagen.com\/en\/estetica\/imagen\/asesoria-de-imagen-personal\/\",\"name\":\"Personal image consulting | Sole Centro de Imagen\",\"isPartOf\":{\"@id\":\"https:\/\/solecentrodeimagen.com\/#website\"},\"primaryImageOfPage\":{\"@id\":\"https:\/\/solecentrodeimagen.com\/en\/estetica\/imagen\/asesoria-de-imagen-personal\/#primaryimage\"},\"image\":{\"@id\":\"https:\/\/solecentrodeimagen.com\/en\/estetica\/imagen\/asesoria-de-imagen-personal\/#primaryimage\"},\"thumbnailUrl\":\"https:\/\/solecentrodeimagen.com\/wp-content\/uploads\/2015\/08\/asesoria-imagen.jpg\",\"datePublished\":\"2015-08-27T06:31:15+00:00\",\"dateModified\":\"2017-03-10T17:44:59+00:00\",\"description\":\"Gracias a la asesoria de imagen personal podr\u00e1s acrecentar tu potencial y autoestima \u00a1Ahora puedes conseguirlo! VISITANOS\",\"breadcrumb\":{\"@id\":\"https:\/\/solecentrodeimagen.com\/en\/estetica\/imagen\/asesoria-de-imagen-personal\/#breadcrumb\"},\"inLanguage\":\"en-US\",\"potentialAction\":[{\"@type\":\"ReadAction\",\"target\":[\"https:\/\/solecentrodeimagen.com\/en\/estetica\/imagen\/asesoria-de-imagen-personal\/\"]}]},{\"@type\":\"ImageObject\",\"inLanguage\":\"en-US\",\"@id\":\"https:\/\/solecentrodeimagen.com\/en\/estetica\/imagen\/asesoria-de-imagen-personal\/#primaryimage\",\"url\":\"https:\/\/solecentrodeimagen.com\/wp-content\/uploads\/2015\/08\/asesoria-imagen.jpg\",\"contentUrl\":\"https:\/\/solecentrodeimagen.com\/wp-content\/uploads\/2015\/08\/asesoria-imagen.jpg\"},{\"@type\":\"BreadcrumbList\",\"@id\":\"https:\/\/solecentrodeimagen.com\/en\/estetica\/imagen\/asesoria-de-imagen-personal\/#breadcrumb\",\"itemListElement\":[{\"@type\":\"ListItem\",\"position\":1,\"name\":\"Home\",\"item\":\"https:\/\/solecentrodeimagen.com\/\"},{\"@type\":\"ListItem\",\"position\":2,\"name\":\"Est\u00e9tica\",\"item\":\"https:\/\/solecentrodeimagen.com\/estetica\/\"},{\"@type\":\"ListItem\",\"position\":3,\"name\":\"Image\",\"item\":\"https:\/\/solecentrodeimagen.com\/en\/estetica\/imagen\/\"},{\"@type\":\"ListItem\",\"position\":4,\"name\":\"Personal image consulting\"}]},{\"@type\":\"WebSite\",\"@id\":\"https:\/\/solecentrodeimagen.com\/#website\",\"url\":\"https:\/\/solecentrodeimagen.com\/\",\"name\":\"Sole Centro de Imagen\",\"description\":\"Centro Medicina Est\u00e9tica, Dermatolog\u00eda y Est\u00e9tica avanzada\",\"publisher\":{\"@id\":\"https:\/\/solecentrodeimagen.com\/#organization\"},\"potentialAction\":[{\"@type\":\"SearchAction\",\"target\":{\"@type\":\"EntryPoint\",\"urlTemplate\":\"https:\/\/solecentrodeimagen.com\/?s={search_term_string}\"},\"query-input\":{\"@type\":\"PropertyValueSpecification\",\"valueRequired\":true,\"valueName\":\"search_term_string\"}}],\"inLanguage\":\"en-US\"},{\"@type\":\"Organization\",\"@id\":\"https:\/\/solecentrodeimagen.com\/#organization\",\"name\":\"Sole Centro de Imagen Integral\",\"url\":\"https:\/\/solecentrodeimagen.com\/\",\"logo\":{\"@type\":\"ImageObject\",\"inLanguage\":\"en-US\",\"@id\":\"https:\/\/solecentrodeimagen.com\/#\/schema\/logo\/image\/\",\"url\":\"https:\/\/solecentrodeimagen.com\/wp-content\/uploads\/2016\/06\/logo-solecentromedico.png\",\"contentUrl\":\"https:\/\/solecentrodeimagen.com\/wp-content\/uploads\/2016\/06\/logo-solecentromedico.png\",\"width\":281,\"height\":96,\"caption\":\"Sole Centro de Imagen Integral\"},\"image\":{\"@id\":\"https:\/\/solecentrodeimagen.com\/#\/schema\/logo\/image\/\"},\"sameAs\":[\"http:\/\/www.facebook.com\/solecentrodeimagen\",\"http:\/\/www.instagram.com\/solecentrodeimagen\"]}]}<\/script>\n<!-- \/ Yoast SEO plugin. -->","yoast_head_json":{"title":"Personal image consulting | Sole Centro de Imagen","robots":{"index":"index","follow":"follow","max-snippet":"max-snippet:-1","max-image-preview":"max-image-preview:large","max-video-preview":"max-video-preview:-1"},"canonical":"https:\/\/solecentrodeimagen.com\/en\/estetica\/imagen\/asesoria-de-imagen-personal\/","og_locale":"en_US","og_type":"article","og_title":"Personal image consulting | Sole Centro de Imagen","og_url":"https:\/\/solecentrodeimagen.com\/en\/estetica\/imagen\/asesoria-de-imagen-personal\/","og_site_name":"Sole Centro de Imagen","article_publisher":"http:\/\/www.facebook.com\/solecentrodeimagen","article_modified_time":"2017-03-10T17:44:59+00:00","og_image":[{"url":"https:\/\/solecentrodeimagen.com\/wp-content\/uploads\/2015\/08\/asesoria-imagen.jpg"}],"twitter_card":"summary_large_image","twitter_misc":{"Est. reading time":"6 minutes"},"schema":{"@context":"https:\/\/schema.org","@graph":[{"@type":"WebPage","@id":"https:\/\/solecentrodeimagen.com\/en\/estetica\/imagen\/asesoria-de-imagen-personal\/","url":"https:\/\/solecentrodeimagen.com\/en\/estetica\/imagen\/asesoria-de-imagen-personal\/","name":"Personal image consulting | Sole Centro de Imagen","isPartOf":{"@id":"https:\/\/solecentrodeimagen.com\/#website"},"primaryImageOfPage":{"@id":"https:\/\/solecentrodeimagen.com\/en\/estetica\/imagen\/asesoria-de-imagen-personal\/#primaryimage"},"image":{"@id":"https:\/\/solecentrodeimagen.com\/en\/estetica\/imagen\/asesoria-de-imagen-personal\/#primaryimage"},"thumbnailUrl":"https:\/\/solecentrodeimagen.com\/wp-content\/uploads\/2015\/08\/asesoria-imagen.jpg","datePublished":"2015-08-27T06:31:15+00:00","dateModified":"2017-03-10T17:44:59+00:00","description":"Gracias a la asesoria de imagen personal podr\u00e1s acrecentar tu potencial y autoestima \u00a1Ahora puedes conseguirlo! VISITANOS","breadcrumb":{"@id":"https:\/\/solecentrodeimagen.com\/en\/estetica\/imagen\/asesoria-de-imagen-personal\/#breadcrumb"},"inLanguage":"en-US","potentialAction":[{"@type":"ReadAction","target":["https:\/\/solecentrodeimagen.com\/en\/estetica\/imagen\/asesoria-de-imagen-personal\/"]}]},{"@type":"ImageObject","inLanguage":"en-US","@id":"https:\/\/solecentrodeimagen.com\/en\/estetica\/imagen\/asesoria-de-imagen-personal\/#primaryimage","url":"https:\/\/solecentrodeimagen.com\/wp-content\/uploads\/2015\/08\/asesoria-imagen.jpg","contentUrl":"https:\/\/solecentrodeimagen.com\/wp-content\/uploads\/2015\/08\/asesoria-imagen.jpg"},{"@type":"BreadcrumbList","@id":"https:\/\/solecentrodeimagen.com\/en\/estetica\/imagen\/asesoria-de-imagen-personal\/#breadcrumb","itemListElement":[{"@type":"ListItem","position":1,"name":"Home","item":"https:\/\/solecentrodeimagen.com\/"},{"@type":"ListItem","position":2,"name":"Est\u00e9tica","item":"https:\/\/solecentrodeimagen.com\/estetica\/"},{"@type":"ListItem","position":3,"name":"Image","item":"https:\/\/solecentrodeimagen.com\/en\/estetica\/imagen\/"},{"@type":"ListItem","position":4,"name":"Personal image consulting"}]},{"@type":"WebSite","@id":"https:\/\/solecentrodeimagen.com\/#website","url":"https:\/\/solecentrodeimagen.com\/","name":"Sole Centro de Imagen","description":"Centro Medicina Est\u00e9tica, Dermatolog\u00eda y Est\u00e9tica avanzada","publisher":{"@id":"https:\/\/solecentrodeimagen.com\/#organization"},"potentialAction":[{"@type":"SearchAction","target":{"@type":"EntryPoint","urlTemplate":"https:\/\/solecentrodeimagen.com\/?s={search_term_string}"},"query-input":{"@type":"PropertyValueSpecification","valueRequired":true,"valueName":"search_term_string"}}],"inLanguage":"en-US"},{"@type":"Organization","@id":"https:\/\/solecentrodeimagen.com\/#organization","name":"Sole Centro de Imagen Integral","url":"https:\/\/solecentrodeimagen.com\/","logo":{"@type":"ImageObject","inLanguage":"en-US","@id":"https:\/\/solecentrodeimagen.com\/#\/schema\/logo\/image\/","url":"https:\/\/solecentrodeimagen.com\/wp-content\/uploads\/2016\/06\/logo-solecentromedico.png","contentUrl":"https:\/\/solecentrodeimagen.com\/wp-content\/uploads\/2016\/06\/logo-solecentromedico.png","width":281,"height":96,"caption":"Sole Centro de Imagen Integral"},"image":{"@id":"https:\/\/solecentrodeimagen.com\/#\/schema\/logo\/image\/"},"sameAs":["http:\/\/www.facebook.com\/solecentrodeimagen","http:\/\/www.instagram.com\/solecentrodeimagen"]}]}},"_links":{"self":[{"href":"https:\/\/solecentrodeimagen.com\/en\/wp-json\/wp\/v2\/pages\/11592"}],"collection":[{"href":"https:\/\/solecentrodeimagen.com\/en\/wp-json\/wp\/v2\/pages"}],"about":[{"href":"https:\/\/solecentrodeimagen.com\/en\/wp-json\/wp\/v2\/types\/page"}],"author":[{"embeddable":true,"href":"https:\/\/solecentrodeimagen.com\/en\/wp-json\/wp\/v2\/users\/13"}],"replies":[{"embeddable":true,"href":"https:\/\/solecentrodeimagen.com\/en\/wp-json\/wp\/v2\/comments?post=11592"}],"version-history":[{"count":0,"href":"https:\/\/solecentrodeimagen.com\/en\/wp-json\/wp\/v2\/pages\/11592\/revisions"}],"up":[{"embeddable":true,"href":"https:\/\/solecentrodeimagen.com\/en\/wp-json\/wp\/v2\/pages\/11576"}],"wp:attachment":[{"href":"https:\/\/solecentrodeimagen.com\/en\/wp-json\/wp\/v2\/media?parent=11592"}],"curies":[{"name":"wp","href":"https:\/\/api.w.org\/{rel}","templated":true}]}}