{"id":11601,"date":"2016-08-16T08:33:47","date_gmt":"2016-08-16T06:33:47","guid":{"rendered":"http:\/\/wordpress.solecentrodebelleza.com\/?page_id=11601"},"modified":"2017-03-10T18:44:54","modified_gmt":"2017-03-10T17:44:54","slug":"novias","status":"publish","type":"page","link":"https:\/\/solecentrodeimagen.com\/en\/estetica\/imagen\/novias\/","title":{"rendered":"Bridal packages"},"content":{"rendered":"<p style=\"text-align: justify;\"><img decoding=\"async\" class=\" wp-image-15224 alignright\" src=\"https:\/\/solecentrodeimagen.com\/wp-content\/uploads\/2015\/08\/shutterstock_53837980peqqq.jpg\" alt=\"shutterstock_53837980peqqq\" width=\"329\" height=\"320\" srcset=\"https:\/\/solecentrodeimagen.com\/wp-content\/uploads\/2015\/08\/shutterstock_53837980peqqq-52x50.jpg 52w, https:\/\/solecentrodeimagen.com\/wp-content\/uploads\/2015\/08\/shutterstock_53837980peqqq-300x292.jpg 300w, https:\/\/solecentrodeimagen.com\/wp-content\/uploads\/2015\/08\/shutterstock_53837980peqqq-700x680.jpg 700w, https:\/\/solecentrodeimagen.com\/wp-content\/uploads\/2015\/08\/shutterstock_53837980peqqq-768x746.jpg 768w, https:\/\/solecentrodeimagen.com\/wp-content\/uploads\/2015\/08\/shutterstock_53837980peqqq.jpg 856w\" sizes=\"(max-width: 329px) 100vw, 329px\" \/>For this special day we offer a high standard of service and coordination to meet the need of every individual creating style, elegance, sophistication and simplicity.<\/p>\n<p style=\"text-align: justify;\">The success of your event depends on many factors including:<\/p>\n<ul style=\"text-align: justify;\">\n<li>Protocol of the event,<\/li>\n<li>Time of year and type of ceremony.<\/li>\n<li>Number of guests and invitations.<\/li>\n<li>Venue of the celebration and the type of banquet.<\/li>\n<li>Photos and videos<\/li>\n<li>Music, entertainment and decoration<\/li>\n<li>Gifts for the guests<\/li>\n<li>Organisation of the honeymoon and hen night<\/li>\n<li>Transfer services: Vehicle, bus&#8230;<\/li>\n<li>Etc.<\/li>\n<\/ul>\n<p style=\"text-align: justify;\">And image consulting:<\/p>\n<ul style=\"text-align: justify;\">\n<li>Image advice for grooms, groomsmen and bridesmaids.<\/li>\n<li>Bridal wear (dress, headdress, accessories, underwear, shoes etc) and the grooms suit (style of suit, accessories, shoes,&#8230;)<\/li>\n<li>Bouquet and rings.<\/li>\n<li>And of course, personal care: face and body treatments, manicures, pedicures, waxing, hair and makeup trials&#8230;<\/li>\n<\/ul>\n<p style=\"text-align: justify;\">Our wedding package: everything you need to ensure that your special day is a fairytale&#8230;<\/p>\n<p style=\"text-align: justify;\">If you are interested on this treatment and want to inquire, click <a href=\"https:\/\/solecentrodeimagen.com\/index.php\/contacto\/\">here<\/a>.<\/p>\n<p style=\"text-align: justify;\"><div class=\"fusion-sep-clear\"><\/div><div class=\"fusion-separator fusion-full-width-sep\" style=\"margin-left: auto;margin-right: auto;margin-top:20px;width:100%;\"><\/div><div class=\"fusion-sep-clear\"><\/div>[\/fusion_builder_column]<div class=\"fusion-layout-column fusion_builder_column fusion-builder-column-0 fusion_builder_column_1_1 1_1 fusion-one-full fusion-column-first fusion-column-last fusion-column-no-min-height\" style=\"--awb-bg-size:cover;--awb-margin-bottom:0px;width:100%;\"><div class=\"fusion-column-wrapper fusion-flex-column-wrapper-legacy\"><div class=\"fusion-clearfix\"><\/div><\/div><\/div><div class=\"fusion-sharing-box fusion-sharing-box-1 has-taglines layout-floated layout-medium-floated layout-small-floated\" style=\"background-color:#f7f7f7;--awb-layout:row;--awb-alignment-small:space-between;\" data-title=\"Bridal packages\" data-description=\"{:es}Para ese d\u00eda tan especial disponemos de un servicio de coordinaci\u00f3n adecuado a cada necesidad para impregnarlo de estilo, elegancia, sofisticaci\u00f3n y sobriedad.\r\nEl \u00e9xito de tu evento depende de varios factores como:\r\n\r\n\r\n \tProtocolo del evento,\r\n \t\u00c9poca del a\u00f1o, tipo de ceremonia\" data-link=\"https:\/\/solecentrodeimagen.com\/en\/estetica\/imagen\/novias\/\"><h4 class=\"tagline\" style=\"color:#333333;\">If you like this page, please share it with your friends<\/h4><div class=\"fusion-social-networks sharingbox-shortcode-icon-wrapper sharingbox-shortcode-icon-wrapper-1\"><span><a href=\"https:\/\/www.facebook.com\/sharer.php?u=https%3A%2F%2Fsolecentrodeimagen.com%2Fen%2Festetica%2Fimagen%2Fnovias%2F&amp;t=Bridal%20packages\" target=\"_blank\" rel=\"noreferrer nofollow\" title=\"Facebook\" aria-label=\"Facebook\" data-placement=\"top\" data-toggle=\"tooltip\" data-title=\"Facebook\"><i class=\"fusion-social-network-icon fusion-tooltip fusion-facebook awb-icon-facebook\" style=\"color:#000000;\" aria-hidden=\"true\"><\/i><\/a><\/span><span><a href=\"https:\/\/x.com\/share?text=Bridal%20packages&amp;url=https%3A%2F%2Fsolecentrodeimagen.com%2Fen%2Festetica%2Fimagen%2Fnovias%2F\" target=\"_blank\" rel=\"noopener noreferrer nofollow\" title=\"X\" aria-label=\"X\" data-placement=\"top\" data-toggle=\"tooltip\" data-title=\"X\"><i class=\"fusion-social-network-icon fusion-tooltip fusion-twitter awb-icon-twitter\" style=\"color:#000000;\" aria-hidden=\"true\"><\/i><\/a><\/span><span><a href=\"mailto:?subject=Bridal%20packages&amp;body=https%3A%2F%2Fsolecentrodeimagen.com%2Fen%2Festetica%2Fimagen%2Fnovias%2F\" target=\"_self\" rel=\"nofollow\" title=\"Email\" aria-label=\"Email\" data-placement=\"top\" data-toggle=\"tooltip\" data-title=\"Email\"><i class=\"fusion-social-network-icon fusion-tooltip fusion-mail awb-icon-mail\" style=\"color:#000000;\" aria-hidden=\"true\"><\/i><\/a><\/span><\/div><\/div><div class=\"fusion-sep-clear\"><\/div><div class=\"fusion-separator fusion-has-icon fusion-full-width-sep\" style=\"margin-left: auto;margin-right: auto;width:100%;\"><div class=\"fusion-separator-border sep-shadow\" style=\"--awb-height:20px;--awb-amount:20px;background:radial-gradient(ellipse at 50% -50% , #e0dede 0px, rgba(255, 255, 255, 0) 80%) repeat scroll 0 0 rgba(0, 0, 0, 0);background:-webkit-radial-gradient(ellipse at 50% -50% , #e0dede 0px, rgba(255, 255, 255, 0) 80%) repeat scroll 0 0 rgba(0, 0, 0, 0);background:-moz-radial-gradient(ellipse at 50% -50% , #e0dede 0px, rgba(255, 255, 255, 0) 80%) repeat scroll 0 0 rgba(0, 0, 0, 0);background:-o-radial-gradient(ellipse at 50% -50% , #e0dede 0px, rgba(255, 255, 255, 0) 80%) repeat scroll 0 0 rgba(0, 0, 0, 0);\"><\/div><span class=\"icon-wrapper\" style=\"border-color:#e0dede;background-color:rgba(255,255,255,0);font-size:13px;width: 1.75em; height: 1.75em;border-width:1px;padding:1px;\"><i class=\" fa fa-comments\" style=\"font-size: inherit;color:#e0dede;\" aria-hidden=\"true\"><\/i><\/span><div class=\"fusion-separator-border sep-shadow\" style=\"--awb-height:20px;--awb-amount:20px;background:radial-gradient(ellipse at 50% -50% , #e0dede 0px, rgba(255, 255, 255, 0) 80%) repeat scroll 0 0 rgba(0, 0, 0, 0);background:-webkit-radial-gradient(ellipse at 50% -50% , #e0dede 0px, rgba(255, 255, 255, 0) 80%) repeat scroll 0 0 rgba(0, 0, 0, 0);background:-moz-radial-gradient(ellipse at 50% -50% , #e0dede 0px, rgba(255, 255, 255, 0) 80%) repeat scroll 0 0 rgba(0, 0, 0, 0);background:-o-radial-gradient(ellipse at 50% -50% , #e0dede 0px, rgba(255, 255, 255, 0) 80%) repeat scroll 0 0 rgba(0, 0, 0, 0);\"><\/div><\/div><div class=\"fusion-sep-clear\"><\/div><\/p>\n","protected":false},"excerpt":{"rendered":"<p>Para ese d\u00eda tan especial disponemos de un servicio de coordinaci\u00f3n adecuado a cada necesidad para impregnarlo de estilo, elegancia, sofisticaci\u00f3n y sobriedad. El \u00e9xito de tu evento depende de varios factores como: Protocolo del evento, \u00c9poca del a\u00f1o, tipo de ceremonia y hora. Numero de invitados e invitaciones. Lugar de celebraci\u00f3n y tipo de [&hellip;]<\/p>\n","protected":false},"author":13,"featured_media":0,"parent":11576,"menu_order":0,"comment_status":"open","ping_status":"closed","template":"","meta":{"footnotes":""},"class_list":["post-11601","page","type-page","status-publish","hentry"],"translation":{"provider":"WPGlobus","version":"3.0.0","language":"en","enabled_languages":["es","en","fr"],"languages":{"es":{"title":true,"content":true,"excerpt":false},"en":{"title":true,"content":true,"excerpt":false},"fr":{"title":true,"content":true,"excerpt":false}}},"yoast_head":"<!-- This site is optimized with the Yoast SEO plugin v23.5 - https:\/\/yoast.com\/wordpress\/plugins\/seo\/ -->\n<title>Bridal packages | Sole Centro de Imagen<\/title>\n<meta name=\"robots\" content=\"index, follow, max-snippet:-1, max-image-preview:large, max-video-preview:-1\" \/>\n<link rel=\"canonical\" href=\"https:\/\/solecentrodeimagen.com\/en\/estetica\/imagen\/novias\/\" \/>\n<meta property=\"og:locale\" content=\"en_US\" \/>\n<meta property=\"og:type\" content=\"article\" \/>\n<meta property=\"og:title\" content=\"Bridal packages | Sole Centro de Imagen\" \/>\n<meta property=\"og:url\" content=\"https:\/\/solecentrodeimagen.com\/en\/estetica\/imagen\/novias\/\" \/>\n<meta property=\"og:site_name\" content=\"Sole Centro de Imagen\" \/>\n<meta property=\"article:publisher\" content=\"http:\/\/www.facebook.com\/solecentrodeimagen\" \/>\n<meta property=\"article:modified_time\" content=\"2017-03-10T17:44:54+00:00\" \/>\n<meta property=\"og:image\" content=\"https:\/\/solecentrodeimagen.com\/wp-content\/uploads\/2015\/08\/shutterstock_53837980peqqq.jpg\" \/>\n<meta name=\"twitter:card\" content=\"summary_large_image\" \/>\n<meta name=\"twitter:label1\" content=\"Est. reading time\" \/>\n\t<meta name=\"twitter:data1\" content=\"5 minutes\" \/>\n<script type=\"application\/ld+json\" class=\"yoast-schema-graph\">{\"@context\":\"https:\/\/schema.org\",\"@graph\":[{\"@type\":\"WebPage\",\"@id\":\"https:\/\/solecentrodeimagen.com\/en\/estetica\/imagen\/novias\/\",\"url\":\"https:\/\/solecentrodeimagen.com\/en\/estetica\/imagen\/novias\/\",\"name\":\"Bridal packages | Sole Centro de Imagen\",\"isPartOf\":{\"@id\":\"https:\/\/solecentrodeimagen.com\/#website\"},\"primaryImageOfPage\":{\"@id\":\"https:\/\/solecentrodeimagen.com\/en\/estetica\/imagen\/novias\/#primaryimage\"},\"image\":{\"@id\":\"https:\/\/solecentrodeimagen.com\/en\/estetica\/imagen\/novias\/#primaryimage\"},\"thumbnailUrl\":\"https:\/\/solecentrodeimagen.com\/wp-content\/uploads\/2015\/08\/shutterstock_53837980peqqq.jpg\",\"datePublished\":\"2016-08-16T06:33:47+00:00\",\"dateModified\":\"2017-03-10T17:44:54+00:00\",\"description\":\"Novi@s para ese d\u00eda tan especial disponemos de un servicio de coordinaci\u00f3n adecuado a cada necesidad para impregnarlo de estilo, elegancia, sofisticaci\u00f3n y sobriedad.\",\"breadcrumb\":{\"@id\":\"https:\/\/solecentrodeimagen.com\/en\/estetica\/imagen\/novias\/#breadcrumb\"},\"inLanguage\":\"en-US\",\"potentialAction\":[{\"@type\":\"ReadAction\",\"target\":[\"https:\/\/solecentrodeimagen.com\/en\/estetica\/imagen\/novias\/\"]}]},{\"@type\":\"ImageObject\",\"inLanguage\":\"en-US\",\"@id\":\"https:\/\/solecentrodeimagen.com\/en\/estetica\/imagen\/novias\/#primaryimage\",\"url\":\"https:\/\/solecentrodeimagen.com\/wp-content\/uploads\/2015\/08\/shutterstock_53837980peqqq.jpg\",\"contentUrl\":\"https:\/\/solecentrodeimagen.com\/wp-content\/uploads\/2015\/08\/shutterstock_53837980peqqq.jpg\"},{\"@type\":\"BreadcrumbList\",\"@id\":\"https:\/\/solecentrodeimagen.com\/en\/estetica\/imagen\/novias\/#breadcrumb\",\"itemListElement\":[{\"@type\":\"ListItem\",\"position\":1,\"name\":\"Home\",\"item\":\"https:\/\/solecentrodeimagen.com\/\"},{\"@type\":\"ListItem\",\"position\":2,\"name\":\"Est\u00e9tica\",\"item\":\"https:\/\/solecentrodeimagen.com\/estetica\/\"},{\"@type\":\"ListItem\",\"position\":3,\"name\":\"Image\",\"item\":\"https:\/\/solecentrodeimagen.com\/en\/estetica\/imagen\/\"},{\"@type\":\"ListItem\",\"position\":4,\"name\":\"Bridal packages\"}]},{\"@type\":\"WebSite\",\"@id\":\"https:\/\/solecentrodeimagen.com\/#website\",\"url\":\"https:\/\/solecentrodeimagen.com\/\",\"name\":\"Sole Centro de Imagen\",\"description\":\"Centro Medicina Est\u00e9tica, Dermatolog\u00eda y Est\u00e9tica avanzada\",\"publisher\":{\"@id\":\"https:\/\/solecentrodeimagen.com\/#organization\"},\"potentialAction\":[{\"@type\":\"SearchAction\",\"target\":{\"@type\":\"EntryPoint\",\"urlTemplate\":\"https:\/\/solecentrodeimagen.com\/?s={search_term_string}\"},\"query-input\":{\"@type\":\"PropertyValueSpecification\",\"valueRequired\":true,\"valueName\":\"search_term_string\"}}],\"inLanguage\":\"en-US\"},{\"@type\":\"Organization\",\"@id\":\"https:\/\/solecentrodeimagen.com\/#organization\",\"name\":\"Sole Centro de Imagen Integral\",\"url\":\"https:\/\/solecentrodeimagen.com\/\",\"logo\":{\"@type\":\"ImageObject\",\"inLanguage\":\"en-US\",\"@id\":\"https:\/\/solecentrodeimagen.com\/#\/schema\/logo\/image\/\",\"url\":\"https:\/\/solecentrodeimagen.com\/wp-content\/uploads\/2016\/06\/logo-solecentromedico.png\",\"contentUrl\":\"https:\/\/solecentrodeimagen.com\/wp-content\/uploads\/2016\/06\/logo-solecentromedico.png\",\"width\":281,\"height\":96,\"caption\":\"Sole Centro de Imagen Integral\"},\"image\":{\"@id\":\"https:\/\/solecentrodeimagen.com\/#\/schema\/logo\/image\/\"},\"sameAs\":[\"http:\/\/www.facebook.com\/solecentrodeimagen\",\"http:\/\/www.instagram.com\/solecentrodeimagen\"]}]}<\/script>\n<!-- \/ Yoast SEO plugin. -->","yoast_head_json":{"title":"Bridal packages | Sole Centro de Imagen","robots":{"index":"index","follow":"follow","max-snippet":"max-snippet:-1","max-image-preview":"max-image-preview:large","max-video-preview":"max-video-preview:-1"},"canonical":"https:\/\/solecentrodeimagen.com\/en\/estetica\/imagen\/novias\/","og_locale":"en_US","og_type":"article","og_title":"Bridal packages | Sole Centro de Imagen","og_url":"https:\/\/solecentrodeimagen.com\/en\/estetica\/imagen\/novias\/","og_site_name":"Sole Centro de Imagen","article_publisher":"http:\/\/www.facebook.com\/solecentrodeimagen","article_modified_time":"2017-03-10T17:44:54+00:00","og_image":[{"url":"https:\/\/solecentrodeimagen.com\/wp-content\/uploads\/2015\/08\/shutterstock_53837980peqqq.jpg"}],"twitter_card":"summary_large_image","twitter_misc":{"Est. reading time":"5 minutes"},"schema":{"@context":"https:\/\/schema.org","@graph":[{"@type":"WebPage","@id":"https:\/\/solecentrodeimagen.com\/en\/estetica\/imagen\/novias\/","url":"https:\/\/solecentrodeimagen.com\/en\/estetica\/imagen\/novias\/","name":"Bridal packages | Sole Centro de Imagen","isPartOf":{"@id":"https:\/\/solecentrodeimagen.com\/#website"},"primaryImageOfPage":{"@id":"https:\/\/solecentrodeimagen.com\/en\/estetica\/imagen\/novias\/#primaryimage"},"image":{"@id":"https:\/\/solecentrodeimagen.com\/en\/estetica\/imagen\/novias\/#primaryimage"},"thumbnailUrl":"https:\/\/solecentrodeimagen.com\/wp-content\/uploads\/2015\/08\/shutterstock_53837980peqqq.jpg","datePublished":"2016-08-16T06:33:47+00:00","dateModified":"2017-03-10T17:44:54+00:00","description":"Novi@s para ese d\u00eda tan especial disponemos de un servicio de coordinaci\u00f3n adecuado a cada necesidad para impregnarlo de estilo, elegancia, sofisticaci\u00f3n y sobriedad.","breadcrumb":{"@id":"https:\/\/solecentrodeimagen.com\/en\/estetica\/imagen\/novias\/#breadcrumb"},"inLanguage":"en-US","potentialAction":[{"@type":"ReadAction","target":["https:\/\/solecentrodeimagen.com\/en\/estetica\/imagen\/novias\/"]}]},{"@type":"ImageObject","inLanguage":"en-US","@id":"https:\/\/solecentrodeimagen.com\/en\/estetica\/imagen\/novias\/#primaryimage","url":"https:\/\/solecentrodeimagen.com\/wp-content\/uploads\/2015\/08\/shutterstock_53837980peqqq.jpg","contentUrl":"https:\/\/solecentrodeimagen.com\/wp-content\/uploads\/2015\/08\/shutterstock_53837980peqqq.jpg"},{"@type":"BreadcrumbList","@id":"https:\/\/solecentrodeimagen.com\/en\/estetica\/imagen\/novias\/#breadcrumb","itemListElement":[{"@type":"ListItem","position":1,"name":"Home","item":"https:\/\/solecentrodeimagen.com\/"},{"@type":"ListItem","position":2,"name":"Est\u00e9tica","item":"https:\/\/solecentrodeimagen.com\/estetica\/"},{"@type":"ListItem","position":3,"name":"Image","item":"https:\/\/solecentrodeimagen.com\/en\/estetica\/imagen\/"},{"@type":"ListItem","position":4,"name":"Bridal packages"}]},{"@type":"WebSite","@id":"https:\/\/solecentrodeimagen.com\/#website","url":"https:\/\/solecentrodeimagen.com\/","name":"Sole Centro de Imagen","description":"Centro Medicina Est\u00e9tica, Dermatolog\u00eda y Est\u00e9tica avanzada","publisher":{"@id":"https:\/\/solecentrodeimagen.com\/#organization"},"potentialAction":[{"@type":"SearchAction","target":{"@type":"EntryPoint","urlTemplate":"https:\/\/solecentrodeimagen.com\/?s={search_term_string}"},"query-input":{"@type":"PropertyValueSpecification","valueRequired":true,"valueName":"search_term_string"}}],"inLanguage":"en-US"},{"@type":"Organization","@id":"https:\/\/solecentrodeimagen.com\/#organization","name":"Sole Centro de Imagen Integral","url":"https:\/\/solecentrodeimagen.com\/","logo":{"@type":"ImageObject","inLanguage":"en-US","@id":"https:\/\/solecentrodeimagen.com\/#\/schema\/logo\/image\/","url":"https:\/\/solecentrodeimagen.com\/wp-content\/uploads\/2016\/06\/logo-solecentromedico.png","contentUrl":"https:\/\/solecentrodeimagen.com\/wp-content\/uploads\/2016\/06\/logo-solecentromedico.png","width":281,"height":96,"caption":"Sole Centro de Imagen Integral"},"image":{"@id":"https:\/\/solecentrodeimagen.com\/#\/schema\/logo\/image\/"},"sameAs":["http:\/\/www.facebook.com\/solecentrodeimagen","http:\/\/www.instagram.com\/solecentrodeimagen"]}]}},"_links":{"self":[{"href":"https:\/\/solecentrodeimagen.com\/en\/wp-json\/wp\/v2\/pages\/11601"}],"collection":[{"href":"https:\/\/solecentrodeimagen.com\/en\/wp-json\/wp\/v2\/pages"}],"about":[{"href":"https:\/\/solecentrodeimagen.com\/en\/wp-json\/wp\/v2\/types\/page"}],"author":[{"embeddable":true,"href":"https:\/\/solecentrodeimagen.com\/en\/wp-json\/wp\/v2\/users\/13"}],"replies":[{"embeddable":true,"href":"https:\/\/solecentrodeimagen.com\/en\/wp-json\/wp\/v2\/comments?post=11601"}],"version-history":[{"count":0,"href":"https:\/\/solecentrodeimagen.com\/en\/wp-json\/wp\/v2\/pages\/11601\/revisions"}],"up":[{"embeddable":true,"href":"https:\/\/solecentrodeimagen.com\/en\/wp-json\/wp\/v2\/pages\/11576"}],"wp:attachment":[{"href":"https:\/\/solecentrodeimagen.com\/en\/wp-json\/wp\/v2\/media?parent=11601"}],"curies":[{"name":"wp","href":"https:\/\/api.w.org\/{rel}","templated":true}]}}