{"id":11604,"date":"2017-05-30T08:43:06","date_gmt":"2017-05-30T06:43:06","guid":{"rendered":"http:\/\/wordpress.solecentrodebelleza.com\/?page_id=11604"},"modified":"2020-03-18T11:21:46","modified_gmt":"2020-03-18T10:21:46","slug":"tipos-de-tratamientos-faciales","status":"publish","type":"page","link":"https:\/\/solecentrodeimagen.com\/en\/estetica\/tipos-de-tratamientos-faciales\/","title":{"rendered":"Facial Treatments"},"content":{"rendered":"<p style=\"text-align: justify;\"><img decoding=\"async\" class=\"wp-image-14825 alignright\" src=\"https:\/\/solecentrodeimagen.com\/wp-content\/uploads\/2015\/08\/shutterstock_63039175peq.jpg\" alt=\"tratamientos-faciales-solecentrodeimagen\" width=\"332\" height=\"200\" srcset=\"https:\/\/solecentrodeimagen.com\/wp-content\/uploads\/2015\/08\/shutterstock_63039175peq-300x180.jpg 300w, https:\/\/solecentrodeimagen.com\/wp-content\/uploads\/2015\/08\/shutterstock_63039175peq.jpg 391w\" sizes=\"(max-width: 332px) 100vw, 332px\" \/>We have different types of facial treatments in our Beauty Salon of the highest quality.<\/p>\n<p style=\"text-align: justify;\">Most facial treatments are focused on women as they are more interested in vanity and beauty. The treatments are carefully selected and carried out by suitable qualified personnel.<\/p>\n<p style=\"text-align: justify;\">However, an increasing number of \u00a0men are aware about the importance of a healthy skin and they want to look younger and more attractive.<\/p>\n<p style=\"text-align: justify;\">Wellbeing, beauty and cosmetics industries keep growing in general.<\/p>\n<p style=\"text-align: justify;\">Antiaging and rejuvenation solutions through facial treatments are the most sought by mature and adult individuals.<\/p>\n<p style=\"text-align: justify;\">They all want to reduce expression lines and wrinkles, to improve skin texture and appearance, to correct signs of aging and damage from exposure to sunlight or UV radiation.<\/p>\n<p style=\"text-align: justify;\">Very often the results in skin are not as rewarding or as fast as we want. This is because most of the damage in this vital tissue cannot be repaired.<\/p>\n<p style=\"text-align: justify;\">However, it is true that daily use of antioxidants, alpha hydroxy acids, beta hydroxy acids and vitamins on your skin can help reduce some signs of aging and achieve facial rejuvenation.<\/p>\n<p style=\"text-align: justify;\">There are facial treatments that offer you permanent or more durable solutions to erase signs of aging such as wrinkles, flaccidity, broken veins and acne scars.<\/p>\n<p style=\"text-align: justify;\">These treatments are totally personalized, we analyzed each individual case and we apply a combination of technique to obtain the maximun effectiveness at each session with the most advanced technologies and facial equipment:<\/p>\n<ul>\n<li style=\"text-align: justify;\"><a href=\"https:\/\/solecentrodeimagen.com\/estetica\/tipos-de-tratamientos-faciales\/diagnostico-de-la-piel\/\"><strong>Callegari Soft Plus:<\/strong><\/a>\u00a0 Discover and success the proper treatment with our skin test machine.<\/li>\n<li style=\"text-align: justify;\"><a href=\"https:\/\/solecentrodeimagen.com\/estetica\/tipos-de-tratamientos-faciales\/higiene-facial\/\"><strong>Facial Hygiene:<\/strong><\/a>\u00a0Allows removal impurities and dead facial skin cells. Cleansing, exfoliation, extraction, oxygenating and conditioning along with a good massage activate the blood supply and facilitate the penetration of the active ingredients.<\/li>\n<li style=\"text-align: justify;\"><a href=\"https:\/\/solecentrodeimagen.com\/estetica\/tipos-de-tratamientos-faciales\/radiofrecuencia-facial-indiba\/\"><strong>Indiba Radiofrequency:<\/strong><\/a>\u00a0It\u00b4s the most successful treatment on the market whose function is tone up, regenerate, revitalize, oxygenate, moisturize and smooth.<\/li>\n<li style=\"text-align: justify;\"><strong><a href=\"https:\/\/solecentrodeimagen.com\/estetica\/tipos-de-tratamientos-faciales\/lpg-endermolift-facial\/\">Lpg endermolift facial:<\/a>\u00a0<\/strong>100% natural anti-aging treatment for men and women. \u00a0Smooth wrinkles, firm the skin, clarify the complexion and reduce the double chin.<\/li>\n<li style=\"text-align: justify;\"><strong><a href=\"https:\/\/solecentrodeimagen.com\/estetica\/tipos-de-tratamientos-faciales\/viora-relift\/\">Viora relift:<\/a><\/strong>\u00a0Defying gravity, Viora\u2019s ReLift is the most effective solution on the market for treating sagging skin and local facial and neck fat.<\/li>\n<li style=\"text-align: justify;\"><a href=\"https:\/\/solecentrodeimagen.com\/estetica\/tipos-de-tratamientos-faciales\/fotorejuvenecimiento-facial\/\"><strong>Facial photorejuvenation:<\/strong><\/a>\u00a0It\u00b4s a facial treatment that improves skin quality and provides a softer and smoother appearance for longer.<\/li>\n<li style=\"text-align: justify;\"><a href=\"https:\/\/solecentrodeimagen.com\/estetica\/tipos-de-tratamientos-faciales\/mesoterapia-antiaging\/\"><strong>Mesoteraphy antiaging:<\/strong><\/a>\u00a0This\u00a0process delivers vitamins, minerals and amino acids directly into the skin to nourish and rejuvenate, promote production of collagen and elastin, and stimulate your metabolism.<\/li>\n<li style=\"text-align: justify;\"><strong><a href=\"https:\/\/solecentrodeimagen.com\/estetica\/tipos-de-tratamientos-faciales\/tratamiento-de-vitaminas-environ\/\">Environ Algimask:<\/a>\u00a0<\/strong>This is one of the most intensive vitamin treatments. Antioxidant repair cell damage and regulate more than 1000 genes in the skin cells.<\/li>\n<li style=\"text-align: justify;\"><a href=\"https:\/\/solecentrodeimagen.com\/estetica\/tipos-de-tratamientos-faciales\/hydradermie\/\"><strong>Hydradermie \/ lift \/ yeux<\/strong>:<\/a>\u00a0Exclusive treatment that in a little less than an hour of relaxation permits the renewal of \u201cnew skin\u201d, convirting it into a \u201cface beauty\u201d.<\/li>\n<\/ul>\n<p style=\"text-align: justify;\">For facial or beauty treatments for the skin to be successful, early and constant use of them is a must. Obviously, the fastest, most effective option is surgery. However, it is not the best option due to associated costs and unwanted side effects.<\/p>\n<p style=\"text-align: justify;\">If you are interested on this treatment and want to inquire, click\u00a0\u00a0<a href=\"https:\/\/solecentrodeimagen.com\/contacto\">here.<\/a><\/p>\n<p style=\"text-align: justify;\"><div class=\"fusion-fullwidth fullwidth-box fusion-builder-row-1 hundred-percent-fullwidth non-hundred-percent-height-scrolling\" style=\"--awb-border-radius-top-left:0px;--awb-border-radius-top-right:0px;--awb-border-radius-bottom-right:0px;--awb-border-radius-bottom-left:0px;--awb-overflow:visible;--awb-margin-top:20px;--awb-background-color:rgba(255,255,255,0);--awb-flex-wrap:wrap;\" ><div class=\"fusion-builder-row fusion-row\"><div class=\"fusion-layout-column fusion_builder_column fusion-builder-column-0 fusion_builder_column_1_1 1_1 fusion-one-full fusion-column-first fusion-column-last fusion-column-no-min-height\" style=\"--awb-bg-size:cover;--awb-margin-bottom:0px;\"><div class=\"fusion-column-wrapper fusion-flex-column-wrapper-legacy\"><div class=\"fusion-sep-clear\"><\/div><div class=\"fusion-separator fusion-full-width-sep\" style=\"margin-left: auto;margin-right: auto;width:100%;\"><\/div><div class=\"fusion-sep-clear\"><\/div><div class=\"fusion-clearfix\"><\/div><\/div><\/div><\/div><\/div><div class=\"fusion-fullwidth fullwidth-box fusion-builder-row-2 hundred-percent-fullwidth non-hundred-percent-height-scrolling\" style=\"--awb-border-radius-top-left:0px;--awb-border-radius-top-right:0px;--awb-border-radius-bottom-right:0px;--awb-border-radius-bottom-left:0px;--awb-overflow:visible;--awb-flex-wrap:wrap;\" ><\/div><div class=\"fusion-builder-row fusion-row\"><\/div>[\/fusion_builder_column]<div class=\"fusion-layout-column fusion_builder_column fusion-builder-column-1 fusion_builder_column_1_1 1_1 fusion-one-full fusion-column-first fusion-column-last fusion-column-no-min-height\" style=\"--awb-bg-size:cover;--awb-margin-bottom:0px;width:100%;\"><div class=\"fusion-column-wrapper fusion-flex-column-wrapper-legacy\"><div class=\"fusion-clearfix\"><\/div><\/div><\/div><div class=\"fusion-sharing-box fusion-sharing-box-1 has-taglines layout-floated layout-medium-floated layout-small-floated\" style=\"background-color:#f7f7f7;--awb-layout:row;--awb-alignment-small:space-between;\" data-title=\"Facial Treatments\" data-description=\"{:es} \r\n\r\n\r\nEn nuestro\u00a0Centro de Belleza disponemos de\u00a0diferentes tipos de tratamientos faciales\u00a0de alt\u00edsima calidad.\r\nLa mayor\u00eda de estos tratamientos faciales est\u00e1n enfocados hacia la mujer por\u00a0ser la m\u00e1s interesada en la\" data-link=\"https:\/\/solecentrodeimagen.com\/en\/estetica\/tipos-de-tratamientos-faciales\/\"><h4 class=\"tagline\" style=\"color:#333333;\">If you like this page, please share it with your friends<\/h4><div class=\"fusion-social-networks sharingbox-shortcode-icon-wrapper sharingbox-shortcode-icon-wrapper-1\"><span><a href=\"https:\/\/www.facebook.com\/sharer.php?u=https%3A%2F%2Fsolecentrodeimagen.com%2Fen%2Festetica%2Ftipos-de-tratamientos-faciales%2F&amp;t=Facial%20Treatments\" target=\"_blank\" rel=\"noreferrer nofollow\" title=\"Facebook\" aria-label=\"Facebook\" data-placement=\"top\" data-toggle=\"tooltip\" data-title=\"Facebook\"><i class=\"fusion-social-network-icon fusion-tooltip fusion-facebook awb-icon-facebook\" style=\"color:#000000;\" aria-hidden=\"true\"><\/i><\/a><\/span><span><a href=\"https:\/\/x.com\/share?text=Facial%20Treatments&amp;url=https%3A%2F%2Fsolecentrodeimagen.com%2Fen%2Festetica%2Ftipos-de-tratamientos-faciales%2F\" target=\"_blank\" rel=\"noopener noreferrer nofollow\" title=\"X\" aria-label=\"X\" data-placement=\"top\" data-toggle=\"tooltip\" data-title=\"X\"><i class=\"fusion-social-network-icon fusion-tooltip fusion-twitter awb-icon-twitter\" style=\"color:#000000;\" aria-hidden=\"true\"><\/i><\/a><\/span><span><a href=\"mailto:?subject=Facial%20Treatments&amp;body=https%3A%2F%2Fsolecentrodeimagen.com%2Fen%2Festetica%2Ftipos-de-tratamientos-faciales%2F\" target=\"_self\" rel=\"nofollow\" title=\"Email\" aria-label=\"Email\" data-placement=\"top\" data-toggle=\"tooltip\" data-title=\"Email\"><i class=\"fusion-social-network-icon fusion-tooltip fusion-mail awb-icon-mail\" style=\"color:#000000;\" aria-hidden=\"true\"><\/i><\/a><\/span><\/div><\/div><div class=\"fusion-sep-clear\"><\/div><div class=\"fusion-separator fusion-has-icon fusion-full-width-sep\" style=\"margin-left: auto;margin-right: auto;width:100%;\"><div class=\"fusion-separator-border sep-shadow\" style=\"--awb-height:20px;--awb-amount:20px;background:radial-gradient(ellipse at 50% -50% , #e0dede 0px, rgba(255, 255, 255, 0) 80%) repeat scroll 0 0 rgba(0, 0, 0, 0);background:-webkit-radial-gradient(ellipse at 50% -50% , #e0dede 0px, rgba(255, 255, 255, 0) 80%) repeat scroll 0 0 rgba(0, 0, 0, 0);background:-moz-radial-gradient(ellipse at 50% -50% , #e0dede 0px, rgba(255, 255, 255, 0) 80%) repeat scroll 0 0 rgba(0, 0, 0, 0);background:-o-radial-gradient(ellipse at 50% -50% , #e0dede 0px, rgba(255, 255, 255, 0) 80%) repeat scroll 0 0 rgba(0, 0, 0, 0);\"><\/div><span class=\"icon-wrapper\" style=\"border-color:#e0dede;background-color:rgba(255,255,255,0);font-size:13px;width: 1.75em; height: 1.75em;border-width:1px;padding:1px;\"><i class=\" fa fa-comments\" style=\"font-size: inherit;color:#e0dede;\" aria-hidden=\"true\"><\/i><\/span><div class=\"fusion-separator-border sep-shadow\" style=\"--awb-height:20px;--awb-amount:20px;background:radial-gradient(ellipse at 50% -50% , #e0dede 0px, rgba(255, 255, 255, 0) 80%) repeat scroll 0 0 rgba(0, 0, 0, 0);background:-webkit-radial-gradient(ellipse at 50% -50% , #e0dede 0px, rgba(255, 255, 255, 0) 80%) repeat scroll 0 0 rgba(0, 0, 0, 0);background:-moz-radial-gradient(ellipse at 50% -50% , #e0dede 0px, rgba(255, 255, 255, 0) 80%) repeat scroll 0 0 rgba(0, 0, 0, 0);background:-o-radial-gradient(ellipse at 50% -50% , #e0dede 0px, rgba(255, 255, 255, 0) 80%) repeat scroll 0 0 rgba(0, 0, 0, 0);\"><\/div><\/div><div class=\"fusion-sep-clear\"><\/div><\/p>\n","protected":false},"excerpt":{"rendered":"<p>We have different types of facial treatments in our Beauty Salon of the highest quality. Most facial treatments are focused on women as they are more interested in vanity and beauty. The treatments are carefully selected and carried out by suitable qualified personnel. However, an increasing number of \u00a0men are aware about the importance of [&hellip;]<\/p>\n","protected":false},"author":13,"featured_media":0,"parent":11579,"menu_order":0,"comment_status":"open","ping_status":"closed","template":"","meta":{"footnotes":""},"class_list":["post-11604","page","type-page","status-publish","hentry"],"translation":{"provider":"WPGlobus","version":"3.0.0","language":"en","enabled_languages":["es","en","fr"],"languages":{"es":{"title":true,"content":true,"excerpt":false},"en":{"title":true,"content":true,"excerpt":false},"fr":{"title":true,"content":true,"excerpt":false}}},"yoast_head":"<!-- This site is optimized with the Yoast SEO plugin v23.5 - https:\/\/yoast.com\/wordpress\/plugins\/seo\/ -->\n<title>Los diferentes tipos de Tratamientos Faciales \u22c6 Sole Centro de Imagen Integral<\/title>\n<meta name=\"robots\" content=\"index, follow, max-snippet:-1, max-image-preview:large, max-video-preview:-1\" \/>\n<link rel=\"canonical\" href=\"https:\/\/solecentrodeimagen.com\/estetica\/tipos-de-tratamientos-faciales\/\" \/>\n<meta property=\"og:locale\" content=\"en_US\" \/>\n<meta property=\"og:type\" content=\"article\" \/>\n<meta property=\"og:title\" content=\"Facial Treatments | Sole Centro de Imagen\" \/>\n<meta property=\"og:url\" content=\"https:\/\/solecentrodeimagen.com\/estetica\/tipos-de-tratamientos-faciales\/\" \/>\n<meta property=\"og:site_name\" content=\"Sole Centro de Imagen\" \/>\n<meta property=\"article:publisher\" content=\"http:\/\/www.facebook.com\/solecentrodeimagen\" \/>\n<meta property=\"article:modified_time\" content=\"2020-03-18T10:21:46+00:00\" \/>\n<meta property=\"og:image\" content=\"https:\/\/solecentrodeimagen.com\/wp-content\/uploads\/2015\/08\/tipos-de-tratamientos-faciales.jpg\" \/>\n<meta name=\"twitter:card\" content=\"summary_large_image\" \/>\n<meta name=\"twitter:label1\" content=\"Est. reading time\" \/>\n\t<meta name=\"twitter:data1\" content=\"10 minutes\" \/>\n<script type=\"application\/ld+json\" class=\"yoast-schema-graph\">{\"@context\":\"https:\/\/schema.org\",\"@graph\":[{\"@type\":\"WebPage\",\"@id\":\"https:\/\/solecentrodeimagen.com\/estetica\/tipos-de-tratamientos-faciales\/\",\"url\":\"https:\/\/solecentrodeimagen.com\/estetica\/tipos-de-tratamientos-faciales\/\",\"name\":\"Los diferentes tipos de Tratamientos Faciales \u22c6 Sole Centro de Imagen Integral\",\"isPartOf\":{\"@id\":\"https:\/\/solecentrodeimagen.com\/#website\"},\"primaryImageOfPage\":{\"@id\":\"https:\/\/solecentrodeimagen.com\/estetica\/tipos-de-tratamientos-faciales\/#primaryimage\"},\"image\":{\"@id\":\"https:\/\/solecentrodeimagen.com\/estetica\/tipos-de-tratamientos-faciales\/#primaryimage\"},\"thumbnailUrl\":\"https:\/\/solecentrodeimagen.com\/wp-content\/uploads\/2015\/08\/tipos-de-tratamientos-faciales.jpg\",\"datePublished\":\"2017-05-30T06:43:06+00:00\",\"dateModified\":\"2020-03-18T10:21:46+00:00\",\"description\":\"Descubre los diferentes tipos de tratamientos faciales de Sole Centro de Imagen Integral \u261d Luce la mejor piel sin imperfecciones \u2728 Vis\u00edtanos!\",\"breadcrumb\":{\"@id\":\"https:\/\/solecentrodeimagen.com\/estetica\/tipos-de-tratamientos-faciales\/#breadcrumb\"},\"inLanguage\":\"en-US\",\"potentialAction\":[{\"@type\":\"ReadAction\",\"target\":[\"https:\/\/solecentrodeimagen.com\/estetica\/tipos-de-tratamientos-faciales\/\"]}]},{\"@type\":\"ImageObject\",\"inLanguage\":\"en-US\",\"@id\":\"https:\/\/solecentrodeimagen.com\/estetica\/tipos-de-tratamientos-faciales\/#primaryimage\",\"url\":\"https:\/\/solecentrodeimagen.com\/wp-content\/uploads\/2015\/08\/tipos-de-tratamientos-faciales.jpg\",\"contentUrl\":\"https:\/\/solecentrodeimagen.com\/wp-content\/uploads\/2015\/08\/tipos-de-tratamientos-faciales.jpg\"},{\"@type\":\"BreadcrumbList\",\"@id\":\"https:\/\/solecentrodeimagen.com\/estetica\/tipos-de-tratamientos-faciales\/#breadcrumb\",\"itemListElement\":[{\"@type\":\"ListItem\",\"position\":1,\"name\":\"Home\",\"item\":\"https:\/\/solecentrodeimagen.com\/\"},{\"@type\":\"ListItem\",\"position\":2,\"name\":\"Est\u00e9tica\",\"item\":\"https:\/\/solecentrodeimagen.com\/estetica\/\"},{\"@type\":\"ListItem\",\"position\":3,\"name\":\"Los diferentes tipos de Tratamientos Faciales\"}]},{\"@type\":\"WebSite\",\"@id\":\"https:\/\/solecentrodeimagen.com\/#website\",\"url\":\"https:\/\/solecentrodeimagen.com\/\",\"name\":\"Sole Centro de Imagen\",\"description\":\"Centro Medicina Est\u00e9tica, Dermatolog\u00eda y Est\u00e9tica avanzada\",\"publisher\":{\"@id\":\"https:\/\/solecentrodeimagen.com\/#organization\"},\"potentialAction\":[{\"@type\":\"SearchAction\",\"target\":{\"@type\":\"EntryPoint\",\"urlTemplate\":\"https:\/\/solecentrodeimagen.com\/?s={search_term_string}\"},\"query-input\":{\"@type\":\"PropertyValueSpecification\",\"valueRequired\":true,\"valueName\":\"search_term_string\"}}],\"inLanguage\":\"en-US\"},{\"@type\":\"Organization\",\"@id\":\"https:\/\/solecentrodeimagen.com\/#organization\",\"name\":\"Sole Centro de Imagen Integral\",\"url\":\"https:\/\/solecentrodeimagen.com\/\",\"logo\":{\"@type\":\"ImageObject\",\"inLanguage\":\"en-US\",\"@id\":\"https:\/\/solecentrodeimagen.com\/#\/schema\/logo\/image\/\",\"url\":\"https:\/\/solecentrodeimagen.com\/wp-content\/uploads\/2016\/06\/logo-solecentromedico.png\",\"contentUrl\":\"https:\/\/solecentrodeimagen.com\/wp-content\/uploads\/2016\/06\/logo-solecentromedico.png\",\"width\":281,\"height\":96,\"caption\":\"Sole Centro de Imagen Integral\"},\"image\":{\"@id\":\"https:\/\/solecentrodeimagen.com\/#\/schema\/logo\/image\/\"},\"sameAs\":[\"http:\/\/www.facebook.com\/solecentrodeimagen\",\"http:\/\/www.instagram.com\/solecentrodeimagen\"]}]}<\/script>\n<!-- \/ Yoast SEO plugin. -->","yoast_head_json":{"title":"Los diferentes tipos de Tratamientos Faciales \u22c6 Sole Centro de Imagen Integral","robots":{"index":"index","follow":"follow","max-snippet":"max-snippet:-1","max-image-preview":"max-image-preview:large","max-video-preview":"max-video-preview:-1"},"canonical":"https:\/\/solecentrodeimagen.com\/estetica\/tipos-de-tratamientos-faciales\/","og_locale":"en_US","og_type":"article","og_title":"Facial Treatments | Sole Centro de Imagen","og_url":"https:\/\/solecentrodeimagen.com\/estetica\/tipos-de-tratamientos-faciales\/","og_site_name":"Sole Centro de Imagen","article_publisher":"http:\/\/www.facebook.com\/solecentrodeimagen","article_modified_time":"2020-03-18T10:21:46+00:00","og_image":[{"url":"https:\/\/solecentrodeimagen.com\/wp-content\/uploads\/2015\/08\/tipos-de-tratamientos-faciales.jpg"}],"twitter_card":"summary_large_image","twitter_misc":{"Est. reading time":"10 minutes"},"schema":{"@context":"https:\/\/schema.org","@graph":[{"@type":"WebPage","@id":"https:\/\/solecentrodeimagen.com\/estetica\/tipos-de-tratamientos-faciales\/","url":"https:\/\/solecentrodeimagen.com\/estetica\/tipos-de-tratamientos-faciales\/","name":"Los diferentes tipos de Tratamientos Faciales \u22c6 Sole Centro de Imagen Integral","isPartOf":{"@id":"https:\/\/solecentrodeimagen.com\/#website"},"primaryImageOfPage":{"@id":"https:\/\/solecentrodeimagen.com\/estetica\/tipos-de-tratamientos-faciales\/#primaryimage"},"image":{"@id":"https:\/\/solecentrodeimagen.com\/estetica\/tipos-de-tratamientos-faciales\/#primaryimage"},"thumbnailUrl":"https:\/\/solecentrodeimagen.com\/wp-content\/uploads\/2015\/08\/tipos-de-tratamientos-faciales.jpg","datePublished":"2017-05-30T06:43:06+00:00","dateModified":"2020-03-18T10:21:46+00:00","description":"Descubre los diferentes tipos de tratamientos faciales de Sole Centro de Imagen Integral \u261d Luce la mejor piel sin imperfecciones \u2728 Vis\u00edtanos!","breadcrumb":{"@id":"https:\/\/solecentrodeimagen.com\/estetica\/tipos-de-tratamientos-faciales\/#breadcrumb"},"inLanguage":"en-US","potentialAction":[{"@type":"ReadAction","target":["https:\/\/solecentrodeimagen.com\/estetica\/tipos-de-tratamientos-faciales\/"]}]},{"@type":"ImageObject","inLanguage":"en-US","@id":"https:\/\/solecentrodeimagen.com\/estetica\/tipos-de-tratamientos-faciales\/#primaryimage","url":"https:\/\/solecentrodeimagen.com\/wp-content\/uploads\/2015\/08\/tipos-de-tratamientos-faciales.jpg","contentUrl":"https:\/\/solecentrodeimagen.com\/wp-content\/uploads\/2015\/08\/tipos-de-tratamientos-faciales.jpg"},{"@type":"BreadcrumbList","@id":"https:\/\/solecentrodeimagen.com\/estetica\/tipos-de-tratamientos-faciales\/#breadcrumb","itemListElement":[{"@type":"ListItem","position":1,"name":"Home","item":"https:\/\/solecentrodeimagen.com\/"},{"@type":"ListItem","position":2,"name":"Est\u00e9tica","item":"https:\/\/solecentrodeimagen.com\/estetica\/"},{"@type":"ListItem","position":3,"name":"Los diferentes tipos de Tratamientos Faciales"}]},{"@type":"WebSite","@id":"https:\/\/solecentrodeimagen.com\/#website","url":"https:\/\/solecentrodeimagen.com\/","name":"Sole Centro de Imagen","description":"Centro Medicina Est\u00e9tica, Dermatolog\u00eda y Est\u00e9tica avanzada","publisher":{"@id":"https:\/\/solecentrodeimagen.com\/#organization"},"potentialAction":[{"@type":"SearchAction","target":{"@type":"EntryPoint","urlTemplate":"https:\/\/solecentrodeimagen.com\/?s={search_term_string}"},"query-input":{"@type":"PropertyValueSpecification","valueRequired":true,"valueName":"search_term_string"}}],"inLanguage":"en-US"},{"@type":"Organization","@id":"https:\/\/solecentrodeimagen.com\/#organization","name":"Sole Centro de Imagen Integral","url":"https:\/\/solecentrodeimagen.com\/","logo":{"@type":"ImageObject","inLanguage":"en-US","@id":"https:\/\/solecentrodeimagen.com\/#\/schema\/logo\/image\/","url":"https:\/\/solecentrodeimagen.com\/wp-content\/uploads\/2016\/06\/logo-solecentromedico.png","contentUrl":"https:\/\/solecentrodeimagen.com\/wp-content\/uploads\/2016\/06\/logo-solecentromedico.png","width":281,"height":96,"caption":"Sole Centro de Imagen Integral"},"image":{"@id":"https:\/\/solecentrodeimagen.com\/#\/schema\/logo\/image\/"},"sameAs":["http:\/\/www.facebook.com\/solecentrodeimagen","http:\/\/www.instagram.com\/solecentrodeimagen"]}]}},"_links":{"self":[{"href":"https:\/\/solecentrodeimagen.com\/en\/wp-json\/wp\/v2\/pages\/11604"}],"collection":[{"href":"https:\/\/solecentrodeimagen.com\/en\/wp-json\/wp\/v2\/pages"}],"about":[{"href":"https:\/\/solecentrodeimagen.com\/en\/wp-json\/wp\/v2\/types\/page"}],"author":[{"embeddable":true,"href":"https:\/\/solecentrodeimagen.com\/en\/wp-json\/wp\/v2\/users\/13"}],"replies":[{"embeddable":true,"href":"https:\/\/solecentrodeimagen.com\/en\/wp-json\/wp\/v2\/comments?post=11604"}],"version-history":[{"count":8,"href":"https:\/\/solecentrodeimagen.com\/en\/wp-json\/wp\/v2\/pages\/11604\/revisions"}],"predecessor-version":[{"id":20049,"href":"https:\/\/solecentrodeimagen.com\/en\/wp-json\/wp\/v2\/pages\/11604\/revisions\/20049"}],"up":[{"embeddable":true,"href":"https:\/\/solecentrodeimagen.com\/en\/wp-json\/wp\/v2\/pages\/11579"}],"wp:attachment":[{"href":"https:\/\/solecentrodeimagen.com\/en\/wp-json\/wp\/v2\/media?parent=11604"}],"curies":[{"name":"wp","href":"https:\/\/api.w.org\/{rel}","templated":true}]}}