{"id":11658,"date":"2017-05-30T08:20:00","date_gmt":"2017-05-30T06:20:00","guid":{"rendered":"http:\/\/wordpress.solecentrodebelleza.com\/?page_id=11658"},"modified":"2020-04-27T17:07:49","modified_gmt":"2020-04-27T15:07:49","slug":"radiofrecuencia-indiba-facial","status":"publish","type":"page","link":"https:\/\/solecentrodeimagen.com\/en\/estetica-avanzada\/radiofrecuencia-indiba-facial\/","title":{"rendered":"Radiofrecuencia Facial Indiba"},"content":{"rendered":"<p><div class=\"fusion-fullwidth fullwidth-box fusion-builder-row-1 nonhundred-percent-fullwidth non-hundred-percent-height-scrolling\" style=\"--awb-border-radius-top-left:0px;--awb-border-radius-top-right:0px;--awb-border-radius-bottom-right:0px;--awb-border-radius-bottom-left:0px;--awb-flex-wrap:wrap;\" ><div class=\"fusion-builder-row fusion-row\"><div class=\"fusion-layout-column fusion_builder_column fusion-builder-column-0 fusion_builder_column_1_1 1_1 fusion-one-full fusion-column-first fusion-column-last\" style=\"--awb-bg-size:cover;--awb-margin-bottom:0px;\"><div class=\"fusion-column-wrapper fusion-flex-column-wrapper-legacy\"><div class=\"fusion-text fusion-text-1\"><h2 style=\"text-align: justify;\">\u00bfQu\u00e9 es la radiofrecuencia Indiba Facial\u00a0<small><sup>\u00ae<\/sup><\/small> Deep Beauty?<\/h2>\n<p style=\"text-align: justify;\">El tratamiento de\u00a0radiofrecuencia INDIBA Facial\u00a0<small><sup>\u00ae<\/sup><\/small> Deep Beauty\u00a0es uno de los tratamientos m\u00e1s exitosos del mercado cuya funci\u00f3n es rejuvenecer el cutis y su textura. Tiene efectos muy beneficiosos y\u00a0ofrece resultados en unas semanas que pueden prolongarse durante muchos meses e incluso a\u00f1os.<\/p>\n<p style=\"text-align: justify;\">El m\u00e9todo con radiofrecuencia INDIBA<small><sup>\u00ae<\/sup><\/small> Deep Beauty\u00a0mejora la calidad de la piel de la cara y hace que todo el conjunto consiga un aspecto joven y saludable renovando <strong>c\u00e9lulas d\u00e9rmicas <\/strong>y haciendo que\u00a0las\u00a0marcas del acn\u00e9, heridas y cicatrices pasen a tener un aspecto mejor, incluso difumin\u00e1ndose seg\u00fan su profundidad.\u00a0 Es un tratamiento no invasivo que mejora el aspecto facial de la piel y se puede realizar sin complicaciones y est\u00e1 libre de efectos secundarios.<\/p>\n<p style=\"text-align: justify;\">El exclusivo m\u00e9todo radiofrecuencia\u00a0INDIBA<small><sup>\u00ae<\/sup><\/small> Deep Beauty\u00a0reequilibra el intercambio celular de iones, y de este modo las c\u00e9lulas recuperan\u00a0su funci\u00f3n natural.<\/p>\n<p style=\"text-align: justify;\"><img decoding=\"async\" class=\"aligncenter size-full wp-image-18878\" src=\"https:\/\/solecentrodeimagen.com\/wp-content\/uploads\/2016\/08\/radiofrecuencia-facial-indiba.jpg\" alt=\"Estos son los beneficios de la radiofrecuencia facial indiba\" width=\"583\" height=\"159\" srcset=\"https:\/\/solecentrodeimagen.com\/wp-content\/uploads\/2016\/08\/radiofrecuencia-facial-indiba-200x55.jpg 200w, https:\/\/solecentrodeimagen.com\/wp-content\/uploads\/2016\/08\/radiofrecuencia-facial-indiba-300x82.jpg 300w, https:\/\/solecentrodeimagen.com\/wp-content\/uploads\/2016\/08\/radiofrecuencia-facial-indiba-400x109.jpg 400w, https:\/\/solecentrodeimagen.com\/wp-content\/uploads\/2016\/08\/radiofrecuencia-facial-indiba-500x136.jpg 500w, https:\/\/solecentrodeimagen.com\/wp-content\/uploads\/2016\/08\/radiofrecuencia-facial-indiba.jpg 583w\" sizes=\"(max-width: 583px) 100vw, 583px\" \/><\/p>\n<h2>Beneficios de la Radiofrecuencia Indiba Facial\u00a0<small><sup>\u00ae<\/sup><\/small> Deep Beauty:<\/h2>\n<ul>\n<li>Mejorar el tono y redefine del \u00f3valo del rostro<\/li>\n<li>Favorece la eliminaci\u00f3n de arrugas<\/li>\n<li>Relanza el col\u00e1geno natural<\/li>\n<li>Revitaliza la piel<\/li>\n<li>Combate la flacidez<\/li>\n<li>Efecto lifting<\/li>\n<li>Suaviza las arrugas<\/li>\n<li>Reduce arrugas y l\u00edneas de expresi\u00f3n<\/li>\n<li>Mejora el aspecto de bolsas y ojeras<\/li>\n<li>Regeneraci\u00f3n celular<\/li>\n<li>Oxigenaci\u00f3n<\/li>\n<li>Hidrataci\u00f3n<\/li>\n<li>Bienestar integral<\/li>\n<\/ul>\n<p style=\"text-align: justify;\">A trav\u00e9s de la elevaci\u00f3n local de la temperatura interna, logra que haya mas circulaci\u00f3n sangu\u00ednea y linf\u00e1tica, y gracias a\u00a0esta vasodilataci\u00f3n a la c\u00e9lula, les llega mas oxigeno y nutrientes.<ins class=\"adsbygoogle\" style=\"display: block; text-align: center;\" data-ad-layout=\"in-article\" data-ad-format=\"fluid\" data-ad-client=\"ca-pub-2768168658867623\" data-ad-slot=\"9600653428\"><\/ins><\/p>\n<p>INDIBA consigue una gran eficacia, seguridad y rapidez en una amplia gama de tratamientos de belleza:<\/p>\n<ul>\n<li style=\"text-align: justify;\"><strong>Tratamientos faciales:<\/strong> flacidez, bolsas y ojeras, antiedad, l\u00edneas de expresi\u00f3n, doble ment\u00f3n, rictus nasogeniano\u2026<\/li>\n<\/ul>\n<ul>\n<li style=\"text-align: justify;\"><strong>Tratamientos corporales:<\/strong> anticelul\u00edtico, adiposidad en cartucheras, gl\u00fateos o abdomen, antiestr\u00edas, reafirmante de senos, cicatrices recientes y antiguas,\u00a0pre y post liposucci\u00f3n, post parto, drenaje linf\u00e1tico, colgajos cut\u00e1neos, reafirmaci\u00f3n de brazos,&#8230;<\/li>\n<\/ul>\n<ul>\n<li style=\"text-align: justify;\"><strong>Armon\u00eda del cuerpo:<\/strong> calvicie, ca\u00edda del pelo, prevenci\u00f3n y mantenimiento<\/li>\n<\/ul>\n<h2 id=\"bt_expander_12\" class=\"bt_expander\">\u00bfCon qu\u00e9 frecuencia se pueden realizar los tratamientos faciales con INDIBA\u00a0<small><sup>\u00ae<\/sup><\/small> Deep Beauty?<\/h2>\n<div id=\"box_expander_12\" class=\"box_expander\">Normalmente, se realizan 1 \u00f3 2 sesiones de tratamiento por semana, al comenzar el tratamiento, pero en general no hay ninguna limitaci\u00f3n, ya que la radiofrecuencia Proionic<small><sup>\u00ae<\/sup><\/small> es completamente segura para el cuerpo humano y sus tejidos biol\u00f3gicos. La frecuencia de las sesiones se adaptar\u00e1 de acuerdo con las necesidades del paciente pero normalemnte se realiza un mantenimiento cada 21 d\u00e1s.<\/div>\n<h3>Duraci\u00f3n de la sesi\u00f3n<\/h3>\n<ul>\n<li><strong>45 minutos<\/strong>\u00a0(Zonas grandes)<\/li>\n<li><strong>15<\/strong> <strong>minutos <\/strong>(Zonas peque\u00f1as)<\/li>\n<\/ul>\n<\/div><div class=\"fusion-clearfix\"><\/div><\/div><\/div><\/div><\/div><div class=\"fusion-fullwidth fullwidth-box fusion-builder-row-2 nonhundred-percent-fullwidth non-hundred-percent-height-scrolling\" style=\"--awb-border-radius-top-left:0px;--awb-border-radius-top-right:0px;--awb-border-radius-bottom-right:0px;--awb-border-radius-bottom-left:0px;--awb-flex-wrap:wrap;\" ><div class=\"fusion-builder-row fusion-row\"><div class=\"fusion-layout-column fusion_builder_column fusion-builder-column-1 fusion_builder_column_1_1 1_1 fusion-one-full fusion-column-first fusion-column-last\" style=\"--awb-bg-size:cover;\"><div class=\"fusion-column-wrapper fusion-column-has-shadow fusion-flex-column-wrapper-legacy\"><div class=\"fusion-text fusion-text-2\"><div class=\"video-shortcode\"><iframe class=\"fusion-hidden\" data-privacy-type=\"youtube\" src=\"\" title=\"INDIBA\u00ae Deep Beauty Anti ageing facial\" width=\"1200\" height=\"675\" data-privacy-src=\"https:\/\/www.youtube.com\/embed\/hwAKZON6rBw?feature=oembed\" frameborder=\"0\" allow=\"accelerometer; autoplay; clipboard-write; encrypted-media; gyroscope; picture-in-picture; web-share\" referrerpolicy=\"strict-origin-when-cross-origin\" allowfullscreen><\/iframe><\/p>\n<div class=\"fusion-privacy-placeholder\" style=\"width:1200px; height:675px;\" data-privacy-type=\"youtube\">\n<div class=\"fusion-privacy-placeholder-content\">\n<div class=\"fusion-privacy-label\">For privacy reasons YouTube needs your permission to be loaded. For more details, please see our <a class=\"privacy-policy-link\" href=\"https:\/\/solecentrodeimagen.com\/en\/politica-de-privacidad\/\" rel=\"privacy-policy\">Pol\u00edtica de privacidad<\/a>.<\/div>\n<p><button data-privacy-type=\"youtube\" class=\"fusion-button button-default fusion-button-default-size button fusion-privacy-consent\">I Accept<\/button><\/div>\n<\/div>\n<\/div>\n<\/div><div class=\"fusion-clearfix\"><\/div><\/div><\/div><\/div><\/div><\/p>\n","protected":false},"excerpt":{"rendered":"","protected":false},"author":13,"featured_media":19817,"parent":20122,"menu_order":0,"comment_status":"open","ping_status":"closed","template":"","meta":{"footnotes":""},"class_list":["post-11658","page","type-page","status-publish","has-post-thumbnail","hentry"],"translation":{"provider":"WPGlobus","version":"3.0.0","language":"en","enabled_languages":["es","en","fr"],"languages":{"es":{"title":true,"content":true,"excerpt":false},"en":{"title":false,"content":false,"excerpt":false},"fr":{"title":false,"content":false,"excerpt":false}}},"yoast_head":"<!-- This site is optimized with the Yoast SEO plugin v23.5 - https:\/\/yoast.com\/wordpress\/plugins\/seo\/ -->\n<title>Radiofrecuencia Facial Indiba: Qu\u00e9 es y que beneficios tiene<\/title>\n<meta name=\"robots\" content=\"index, follow, max-snippet:-1, max-image-preview:large, max-video-preview:-1\" \/>\n<link rel=\"canonical\" href=\"https:\/\/solecentrodeimagen.com\/estetica-avanzada\/radiofrecuencia-indiba-facial\/\" \/>\n<meta property=\"og:locale\" content=\"en_US\" \/>\n<meta property=\"og:type\" content=\"article\" \/>\n<meta property=\"og:title\" content=\"Radiofrecuencia Facial Indiba | Sole Centro de Imagen\" \/>\n<meta property=\"og:url\" content=\"https:\/\/solecentrodeimagen.com\/estetica-avanzada\/radiofrecuencia-indiba-facial\/\" \/>\n<meta property=\"og:site_name\" content=\"Sole Centro de Imagen\" \/>\n<meta property=\"article:publisher\" content=\"http:\/\/www.facebook.com\/solecentrodeimagen\" \/>\n<meta property=\"article:modified_time\" content=\"2020-04-27T15:07:49+00:00\" \/>\n<meta property=\"og:image\" content=\"https:\/\/solecentrodeimagen.com\/wp-content\/uploads\/2017\/05\/radiofrecuencia-indiba-facial.jpg\" \/>\n\t<meta property=\"og:image:width\" content=\"1920\" \/>\n\t<meta property=\"og:image:height\" content=\"580\" \/>\n\t<meta property=\"og:image:type\" content=\"image\/jpeg\" \/>\n<meta name=\"twitter:card\" content=\"summary_large_image\" \/>\n<meta name=\"twitter:label1\" content=\"Est. reading time\" \/>\n\t<meta name=\"twitter:data1\" content=\"5 minutes\" \/>\n<script type=\"application\/ld+json\" class=\"yoast-schema-graph\">{\"@context\":\"https:\/\/schema.org\",\"@graph\":[{\"@type\":\"WebPage\",\"@id\":\"https:\/\/solecentrodeimagen.com\/estetica-avanzada\/radiofrecuencia-indiba-facial\/\",\"url\":\"https:\/\/solecentrodeimagen.com\/estetica-avanzada\/radiofrecuencia-indiba-facial\/\",\"name\":\"Radiofrecuencia Facial Indiba: Qu\u00e9 es y que beneficios tiene\",\"isPartOf\":{\"@id\":\"https:\/\/solecentrodeimagen.com\/#website\"},\"primaryImageOfPage\":{\"@id\":\"https:\/\/solecentrodeimagen.com\/estetica-avanzada\/radiofrecuencia-indiba-facial\/#primaryimage\"},\"image\":{\"@id\":\"https:\/\/solecentrodeimagen.com\/estetica-avanzada\/radiofrecuencia-indiba-facial\/#primaryimage\"},\"thumbnailUrl\":\"https:\/\/solecentrodeimagen.com\/wp-content\/uploads\/2017\/05\/radiofrecuencia-indiba-facial.jpg\",\"datePublished\":\"2017-05-30T06:20:00+00:00\",\"dateModified\":\"2020-04-27T15:07:49+00:00\",\"description\":\"El tratamiento de radiofrecuencia facial Indiba es ideal para reafirmar la piel ya que favorece el rejuvenecimiento y estimula el col\u00e1geno natural.\",\"breadcrumb\":{\"@id\":\"https:\/\/solecentrodeimagen.com\/estetica-avanzada\/radiofrecuencia-indiba-facial\/#breadcrumb\"},\"inLanguage\":\"en-US\",\"potentialAction\":[{\"@type\":\"ReadAction\",\"target\":[\"https:\/\/solecentrodeimagen.com\/estetica-avanzada\/radiofrecuencia-indiba-facial\/\"]}]},{\"@type\":\"ImageObject\",\"inLanguage\":\"en-US\",\"@id\":\"https:\/\/solecentrodeimagen.com\/estetica-avanzada\/radiofrecuencia-indiba-facial\/#primaryimage\",\"url\":\"https:\/\/solecentrodeimagen.com\/wp-content\/uploads\/2017\/05\/radiofrecuencia-indiba-facial.jpg\",\"contentUrl\":\"https:\/\/solecentrodeimagen.com\/wp-content\/uploads\/2017\/05\/radiofrecuencia-indiba-facial.jpg\",\"width\":1920,\"height\":580,\"caption\":\"Indiba Facial\"},{\"@type\":\"BreadcrumbList\",\"@id\":\"https:\/\/solecentrodeimagen.com\/estetica-avanzada\/radiofrecuencia-indiba-facial\/#breadcrumb\",\"itemListElement\":[{\"@type\":\"ListItem\",\"position\":1,\"name\":\"Home\",\"item\":\"https:\/\/solecentrodeimagen.com\/\"},{\"@type\":\"ListItem\",\"position\":2,\"name\":\"Tratamientos de Est\u00e9tica Avanzada\",\"item\":\"https:\/\/solecentrodeimagen.com\/estetica-avanzada\/\"},{\"@type\":\"ListItem\",\"position\":3,\"name\":\"Radiofrecuencia Facial Indiba\"}]},{\"@type\":\"WebSite\",\"@id\":\"https:\/\/solecentrodeimagen.com\/#website\",\"url\":\"https:\/\/solecentrodeimagen.com\/\",\"name\":\"Sole Centro de Imagen\",\"description\":\"Centro Medicina Est\u00e9tica, Dermatolog\u00eda y Est\u00e9tica avanzada\",\"publisher\":{\"@id\":\"https:\/\/solecentrodeimagen.com\/#organization\"},\"potentialAction\":[{\"@type\":\"SearchAction\",\"target\":{\"@type\":\"EntryPoint\",\"urlTemplate\":\"https:\/\/solecentrodeimagen.com\/?s={search_term_string}\"},\"query-input\":{\"@type\":\"PropertyValueSpecification\",\"valueRequired\":true,\"valueName\":\"search_term_string\"}}],\"inLanguage\":\"en-US\"},{\"@type\":\"Organization\",\"@id\":\"https:\/\/solecentrodeimagen.com\/#organization\",\"name\":\"Sole Centro de Imagen Integral\",\"url\":\"https:\/\/solecentrodeimagen.com\/\",\"logo\":{\"@type\":\"ImageObject\",\"inLanguage\":\"en-US\",\"@id\":\"https:\/\/solecentrodeimagen.com\/#\/schema\/logo\/image\/\",\"url\":\"https:\/\/solecentrodeimagen.com\/wp-content\/uploads\/2016\/06\/logo-solecentromedico.png\",\"contentUrl\":\"https:\/\/solecentrodeimagen.com\/wp-content\/uploads\/2016\/06\/logo-solecentromedico.png\",\"width\":281,\"height\":96,\"caption\":\"Sole Centro de Imagen Integral\"},\"image\":{\"@id\":\"https:\/\/solecentrodeimagen.com\/#\/schema\/logo\/image\/\"},\"sameAs\":[\"http:\/\/www.facebook.com\/solecentrodeimagen\",\"http:\/\/www.instagram.com\/solecentrodeimagen\"]}]}<\/script>\n<!-- \/ Yoast SEO plugin. -->","yoast_head_json":{"title":"Radiofrecuencia Facial Indiba: Qu\u00e9 es y que beneficios tiene","robots":{"index":"index","follow":"follow","max-snippet":"max-snippet:-1","max-image-preview":"max-image-preview:large","max-video-preview":"max-video-preview:-1"},"canonical":"https:\/\/solecentrodeimagen.com\/estetica-avanzada\/radiofrecuencia-indiba-facial\/","og_locale":"en_US","og_type":"article","og_title":"Radiofrecuencia Facial Indiba | Sole Centro de Imagen","og_url":"https:\/\/solecentrodeimagen.com\/estetica-avanzada\/radiofrecuencia-indiba-facial\/","og_site_name":"Sole Centro de Imagen","article_publisher":"http:\/\/www.facebook.com\/solecentrodeimagen","article_modified_time":"2020-04-27T15:07:49+00:00","og_image":[{"width":1920,"height":580,"url":"https:\/\/solecentrodeimagen.com\/wp-content\/uploads\/2017\/05\/radiofrecuencia-indiba-facial.jpg","type":"image\/jpeg"}],"twitter_card":"summary_large_image","twitter_misc":{"Est. reading time":"5 minutes"},"schema":{"@context":"https:\/\/schema.org","@graph":[{"@type":"WebPage","@id":"https:\/\/solecentrodeimagen.com\/estetica-avanzada\/radiofrecuencia-indiba-facial\/","url":"https:\/\/solecentrodeimagen.com\/estetica-avanzada\/radiofrecuencia-indiba-facial\/","name":"Radiofrecuencia Facial Indiba: Qu\u00e9 es y que beneficios tiene","isPartOf":{"@id":"https:\/\/solecentrodeimagen.com\/#website"},"primaryImageOfPage":{"@id":"https:\/\/solecentrodeimagen.com\/estetica-avanzada\/radiofrecuencia-indiba-facial\/#primaryimage"},"image":{"@id":"https:\/\/solecentrodeimagen.com\/estetica-avanzada\/radiofrecuencia-indiba-facial\/#primaryimage"},"thumbnailUrl":"https:\/\/solecentrodeimagen.com\/wp-content\/uploads\/2017\/05\/radiofrecuencia-indiba-facial.jpg","datePublished":"2017-05-30T06:20:00+00:00","dateModified":"2020-04-27T15:07:49+00:00","description":"El tratamiento de radiofrecuencia facial Indiba es ideal para reafirmar la piel ya que favorece el rejuvenecimiento y estimula el col\u00e1geno natural.","breadcrumb":{"@id":"https:\/\/solecentrodeimagen.com\/estetica-avanzada\/radiofrecuencia-indiba-facial\/#breadcrumb"},"inLanguage":"en-US","potentialAction":[{"@type":"ReadAction","target":["https:\/\/solecentrodeimagen.com\/estetica-avanzada\/radiofrecuencia-indiba-facial\/"]}]},{"@type":"ImageObject","inLanguage":"en-US","@id":"https:\/\/solecentrodeimagen.com\/estetica-avanzada\/radiofrecuencia-indiba-facial\/#primaryimage","url":"https:\/\/solecentrodeimagen.com\/wp-content\/uploads\/2017\/05\/radiofrecuencia-indiba-facial.jpg","contentUrl":"https:\/\/solecentrodeimagen.com\/wp-content\/uploads\/2017\/05\/radiofrecuencia-indiba-facial.jpg","width":1920,"height":580,"caption":"Indiba Facial"},{"@type":"BreadcrumbList","@id":"https:\/\/solecentrodeimagen.com\/estetica-avanzada\/radiofrecuencia-indiba-facial\/#breadcrumb","itemListElement":[{"@type":"ListItem","position":1,"name":"Home","item":"https:\/\/solecentrodeimagen.com\/"},{"@type":"ListItem","position":2,"name":"Tratamientos de Est\u00e9tica Avanzada","item":"https:\/\/solecentrodeimagen.com\/estetica-avanzada\/"},{"@type":"ListItem","position":3,"name":"Radiofrecuencia Facial Indiba"}]},{"@type":"WebSite","@id":"https:\/\/solecentrodeimagen.com\/#website","url":"https:\/\/solecentrodeimagen.com\/","name":"Sole Centro de Imagen","description":"Centro Medicina Est\u00e9tica, Dermatolog\u00eda y Est\u00e9tica avanzada","publisher":{"@id":"https:\/\/solecentrodeimagen.com\/#organization"},"potentialAction":[{"@type":"SearchAction","target":{"@type":"EntryPoint","urlTemplate":"https:\/\/solecentrodeimagen.com\/?s={search_term_string}"},"query-input":{"@type":"PropertyValueSpecification","valueRequired":true,"valueName":"search_term_string"}}],"inLanguage":"en-US"},{"@type":"Organization","@id":"https:\/\/solecentrodeimagen.com\/#organization","name":"Sole Centro de Imagen Integral","url":"https:\/\/solecentrodeimagen.com\/","logo":{"@type":"ImageObject","inLanguage":"en-US","@id":"https:\/\/solecentrodeimagen.com\/#\/schema\/logo\/image\/","url":"https:\/\/solecentrodeimagen.com\/wp-content\/uploads\/2016\/06\/logo-solecentromedico.png","contentUrl":"https:\/\/solecentrodeimagen.com\/wp-content\/uploads\/2016\/06\/logo-solecentromedico.png","width":281,"height":96,"caption":"Sole Centro de Imagen Integral"},"image":{"@id":"https:\/\/solecentrodeimagen.com\/#\/schema\/logo\/image\/"},"sameAs":["http:\/\/www.facebook.com\/solecentrodeimagen","http:\/\/www.instagram.com\/solecentrodeimagen"]}]}},"_links":{"self":[{"href":"https:\/\/solecentrodeimagen.com\/en\/wp-json\/wp\/v2\/pages\/11658"}],"collection":[{"href":"https:\/\/solecentrodeimagen.com\/en\/wp-json\/wp\/v2\/pages"}],"about":[{"href":"https:\/\/solecentrodeimagen.com\/en\/wp-json\/wp\/v2\/types\/page"}],"author":[{"embeddable":true,"href":"https:\/\/solecentrodeimagen.com\/en\/wp-json\/wp\/v2\/users\/13"}],"replies":[{"embeddable":true,"href":"https:\/\/solecentrodeimagen.com\/en\/wp-json\/wp\/v2\/comments?post=11658"}],"version-history":[{"count":12,"href":"https:\/\/solecentrodeimagen.com\/en\/wp-json\/wp\/v2\/pages\/11658\/revisions"}],"predecessor-version":[{"id":20964,"href":"https:\/\/solecentrodeimagen.com\/en\/wp-json\/wp\/v2\/pages\/11658\/revisions\/20964"}],"up":[{"embeddable":true,"href":"https:\/\/solecentrodeimagen.com\/en\/wp-json\/wp\/v2\/pages\/20122"}],"wp:featuredmedia":[{"embeddable":true,"href":"https:\/\/solecentrodeimagen.com\/en\/wp-json\/wp\/v2\/media\/19817"}],"wp:attachment":[{"href":"https:\/\/solecentrodeimagen.com\/en\/wp-json\/wp\/v2\/media?parent=11658"}],"curies":[{"name":"wp","href":"https:\/\/api.w.org\/{rel}","templated":true}]}}