{"id":11685,"date":"2016-08-09T00:00:14","date_gmt":"2016-08-08T22:00:14","guid":{"rendered":"http:\/\/wordpress.solecentrodebelleza.com\/?page_id=11685"},"modified":"2020-04-28T09:36:54","modified_gmt":"2020-04-28T07:36:54","slug":"lpg-endermologie-lipomassage","status":"publish","type":"page","link":"https:\/\/solecentrodeimagen.com\/en\/estetica-avanzada\/lpg-endermologie-lipomassage\/","title":{"rendered":"LPG Endermologie Lipomassage &#x2122;"},"content":{"rendered":"<div class=\"fusion-fullwidth fullwidth-box fusion-builder-row-1 nonhundred-percent-fullwidth non-hundred-percent-height-scrolling\" style=\"--awb-border-radius-top-left:0px;--awb-border-radius-top-right:0px;--awb-border-radius-bottom-right:0px;--awb-border-radius-bottom-left:0px;--awb-flex-wrap:wrap;\" ><div class=\"fusion-builder-row fusion-row\"><div class=\"fusion-layout-column fusion_builder_column fusion-builder-column-0 fusion_builder_column_1_1 1_1 fusion-one-full fusion-column-first fusion-column-last\" style=\"--awb-bg-size:cover;--awb-margin-bottom:0px;\"><div class=\"fusion-column-wrapper fusion-flex-column-wrapper-legacy\"><div class=\"fusion-text fusion-text-1\"><h2>LPG Endermologie Lipomassage &#x2122;, \u00bfc\u00f3mo funciona?<\/h2>\n<p class=\"grid_12\" style=\"text-align: justify;\">El Cellu M6\u00ae est\u00e1 equipado por un cabezal de tratamiento con rodillos motorizados independientes (patente LPG\u00ae). Los distintos rodillos tratan la piel delicadamente para liberar las grasas localizadas y reactivar la circulaci\u00f3n sangu\u00ednea y linf\u00e1tica y el proceso de lip\u00f3lisis (eliminaci\u00f3n de grasa +70%). Gracias a las distintas rotaciones de los rodillos, la t\u00e9cnica Lipomassage&#x2122; tambi\u00e9n estimula la producci\u00f3n de col\u00e1geno y elastina para reafirmar la piel.<\/p>\n<h2>\u00bfA qui\u00e9n est\u00e1 destinado el LPG Endermologie Lipomassage?<\/h2>\n<div class=\"grid_12\">\n<p><b>A las mujeres que&#8230;<\/b><\/p>\n<div class=\"grid_10 omega\">\n<ul>\n<li style=\"text-align: justify;\">A pesar de las dietas no consiguen eliminar las cartucheras, los hoyuelos, la grasa localizada antiest\u00e9tica, &#8230; En fin, todo lo que se quiera perder.<\/li>\n<li style=\"text-align: justify;\">Son delgadas y que tienen un estilo de vida saludable, pero siguen siendo propensas a la celulitis, a sobrecargas localizadas y flacidez en la piel.<\/li>\n<li style=\"text-align: justify;\">A pesar de utilizar cosm\u00e9tica no consiguen eliminar la piel de naranja.<\/li>\n<li style=\"text-align: justify;\">Quer\u00edan resultados r\u00e1pidos, seguros, indoloros y sin cirug\u00eda.<\/li>\n<li style=\"text-align: justify;\">Viven momentos intensos como la pubertad, el embarazo o la menopausia; provocando un cambio en la figura.<\/li>\n<li style=\"text-align: justify;\">Quieran permanecer delgada a pesar de los a\u00f1os y tener una piel firme y densa.<\/li>\n<li style=\"text-align: justify;\">Han comprendido la necesidad de reactivar los fibroblastos y los adipocitos utilizando la M\u00c9CANO-STIMULATION de LPG de forma rutinaria.<\/li>\n<\/ul>\n<\/div>\n<\/div>\n<div class=\"grid_12\">\n<p><b>A los hombres que&#8230;<\/b><\/p>\n<div class=\"grid_10 omega\">\n<ul>\n<li style=\"text-align: justify;\">Tienen un estilo de vida saludable (deporte, dieta equilibrada) y no consiguen eliminar la grasa resistente.<\/li>\n<li style=\"text-align: justify;\">Desean remodelar algunas partes de su cuerpo.<\/li>\n<li style=\"text-align: justify;\">Han perdido peso y quieren mantener su piel firme y el\u00e1stica.<\/li>\n<\/ul>\n<div class=\"grid_12\">\n<h3>La activaci\u00f3n adelgazamiento<\/h3>\n<\/div>\n<div class=\"grid_6\" style=\"text-align: justify;\">Elimine de forma duradera las grasas resistentes al ejercicio f\u00edsico y a las dietas gracias al LPG Endermologie Lipomassage.<\/div>\n<div class=\"grid_6\" style=\"text-align: justify;\"><b>Resultados visibles a partir de la 6\u00aa sesi\u00f3n de 35 minutos.<\/b><\/div>\n<div class=\"grid_6\" style=\"text-align: justify;\"><b>\u00a1Novedad! Descubre los nuevos tratamientos &#8220;zona&#8221; LPG Endermologie Lipomassage 15 min, para obtener un cuerpo m\u00e1s estilizado y reafirmado.<\/b><\/div>\n<\/div>\n<\/div>\n<p><img decoding=\"async\" src=\"https:\/\/solecentrodeimagen.com\/wp-content\/uploads\/2016\/01\/acciones.jpg\" alt=\"\" \/><img decoding=\"async\" src=\"https:\/\/solecentrodeimagen.com\/wp-content\/uploads\/2015\/08\/tratamiento-lpg1.jpg\" alt=\"\" \/><img decoding=\"async\" src=\"https:\/\/solecentrodeimagen.com\/wp-content\/uploads\/2015\/08\/ENDERMOWEAR.jpg\" alt=\"LPG Endermologie Lipomassage Endermowear\" \/><img decoding=\"async\" src=\"https:\/\/solecentrodeimagen.com\/wp-content\/uploads\/2015\/08\/tabla-tratamientos.jpg\" alt=\"Tabla de tratamientos de LPG Endermologie Lipomassage\" \/><img decoding=\"async\" src=\"https:\/\/solecentrodeimagen.com\/wp-content\/uploads\/2015\/08\/tabla-tratamientos2.jpg\" alt=\"LPG Endermologie Lipomassage - Tabla de tratamientos\" \/>Resultados<\/p>\n<\/div><div class=\"fusion-image-carousel fusion-image-carousel-fixed fusion-image-carousel-1 fusion-carousel-border\"><div class=\"awb-carousel awb-swiper awb-swiper-carousel\" data-autoplay=\"no\" data-columns=\"5\" data-itemmargin=\"13\" data-itemwidth=\"180\" data-touchscroll=\"no\" data-imagesize=\"fixed\"><div class=\"swiper-wrapper awb-image-carousel-wrapper fusion-flex-align-items-center\"><div class=\"swiper-slide\"><div class=\"fusion-carousel-item-wrapper\"><div class=\"fusion-image-wrapper hover-type-none\"><a href=\"https:\/\/solecentrodeimagen.com\/wp-content\/uploads\/2015\/08\/vis-homme.jpg\" target=\"_self\"><img decoding=\"async\" src=\"\" alt=\"\"\/><\/a><\/div><\/div><\/div><div class=\"swiper-slide\"><div class=\"fusion-carousel-item-wrapper\"><div class=\"fusion-image-wrapper hover-type-none\"><a href=\"https:\/\/solecentrodeimagen.com\/wp-content\/uploads\/2015\/08\/vis-zone-cuisse.jpg\" target=\"_self\"><img decoding=\"async\" src=\"\" alt=\"\"\/><\/a><\/div><\/div><\/div><div class=\"swiper-slide\"><div class=\"fusion-carousel-item-wrapper\"><div class=\"fusion-image-wrapper hover-type-none\"><a href=\"https:\/\/solecentrodeimagen.com\/wp-content\/uploads\/2015\/08\/vis-dos-fermete.jpg\" target=\"_self\"><img decoding=\"async\" src=\"\" alt=\"\"\/><\/a><\/div><\/div><\/div><\/div><div class=\"awb-swiper-button awb-swiper-button-prev\"><i class=\"awb-icon-angle-left\" aria-hidden=\"true\"><\/i><\/div><div class=\"awb-swiper-button awb-swiper-button-next\"><i class=\"awb-icon-angle-right\" aria-hidden=\"true\"><\/i><\/div><\/div><\/div><div class=\"fusion-clearfix\"><\/div><\/div><\/div><\/div><\/div>\n","protected":false},"excerpt":{"rendered":"","protected":false},"author":13,"featured_media":17704,"parent":20122,"menu_order":0,"comment_status":"open","ping_status":"closed","template":"","meta":{"footnotes":""},"class_list":["post-11685","page","type-page","status-publish","has-post-thumbnail","hentry"],"translation":{"provider":"WPGlobus","version":"3.0.0","language":"en","enabled_languages":["es","en","fr"],"languages":{"es":{"title":true,"content":true,"excerpt":false},"en":{"title":false,"content":false,"excerpt":false},"fr":{"title":false,"content":false,"excerpt":false}}},"yoast_head":"<!-- This site is optimized with the Yoast SEO plugin v23.5 - https:\/\/yoast.com\/wordpress\/plugins\/seo\/ -->\n<title>LPG Endermologie Lipomassage &#x2122; | Sole Centro de Imagen<\/title>\n<meta name=\"robots\" content=\"index, follow, max-snippet:-1, max-image-preview:large, max-video-preview:-1\" \/>\n<link rel=\"canonical\" href=\"https:\/\/solecentrodeimagen.com\/estetica-avanzada\/lpg-endermologie-lipomassage\/\" \/>\n<meta property=\"og:locale\" content=\"en_US\" \/>\n<meta property=\"og:type\" content=\"article\" \/>\n<meta property=\"og:title\" content=\"LPG Endermologie Lipomassage &#x2122; | Sole Centro de Imagen\" \/>\n<meta property=\"og:url\" content=\"https:\/\/solecentrodeimagen.com\/estetica-avanzada\/lpg-endermologie-lipomassage\/\" \/>\n<meta property=\"og:site_name\" content=\"Sole Centro de Imagen\" \/>\n<meta property=\"article:publisher\" content=\"http:\/\/www.facebook.com\/solecentrodeimagen\" \/>\n<meta property=\"article:modified_time\" content=\"2020-04-28T07:36:54+00:00\" \/>\n<meta property=\"og:image\" content=\"https:\/\/solecentrodeimagen.com\/wp-content\/uploads\/2015\/08\/Lipomassage-de-Endermologie-LPG.jpg\" \/>\n\t<meta property=\"og:image:width\" content=\"940\" \/>\n\t<meta property=\"og:image:height\" content=\"410\" \/>\n\t<meta property=\"og:image:type\" content=\"image\/jpeg\" \/>\n<meta name=\"twitter:card\" content=\"summary_large_image\" \/>\n<meta name=\"twitter:label1\" content=\"Est. reading time\" \/>\n\t<meta name=\"twitter:data1\" content=\"3 minutes\" \/>\n<script type=\"application\/ld+json\" class=\"yoast-schema-graph\">{\"@context\":\"https:\/\/schema.org\",\"@graph\":[{\"@type\":\"WebPage\",\"@id\":\"https:\/\/solecentrodeimagen.com\/estetica-avanzada\/lpg-endermologie-lipomassage\/\",\"url\":\"https:\/\/solecentrodeimagen.com\/estetica-avanzada\/lpg-endermologie-lipomassage\/\",\"name\":\"LPG Endermologie Lipomassage &#x2122; | Sole Centro de Imagen\",\"isPartOf\":{\"@id\":\"https:\/\/solecentrodeimagen.com\/#website\"},\"primaryImageOfPage\":{\"@id\":\"https:\/\/solecentrodeimagen.com\/estetica-avanzada\/lpg-endermologie-lipomassage\/#primaryimage\"},\"image\":{\"@id\":\"https:\/\/solecentrodeimagen.com\/estetica-avanzada\/lpg-endermologie-lipomassage\/#primaryimage\"},\"thumbnailUrl\":\"https:\/\/solecentrodeimagen.com\/wp-content\/uploads\/2015\/08\/Lipomassage-de-Endermologie-LPG.jpg\",\"datePublished\":\"2016-08-08T22:00:14+00:00\",\"dateModified\":\"2020-04-28T07:36:54+00:00\",\"description\":\"LPG Endermologie Lipomassage permite liberar las grasas localizadas y reactivar la circulaci\u00f3n sangu\u00ednea y linf\u00e1tica produciendo col\u00e1geno y elastina para reafirmar la piel.\",\"breadcrumb\":{\"@id\":\"https:\/\/solecentrodeimagen.com\/estetica-avanzada\/lpg-endermologie-lipomassage\/#breadcrumb\"},\"inLanguage\":\"en-US\",\"potentialAction\":[{\"@type\":\"ReadAction\",\"target\":[\"https:\/\/solecentrodeimagen.com\/estetica-avanzada\/lpg-endermologie-lipomassage\/\"]}]},{\"@type\":\"ImageObject\",\"inLanguage\":\"en-US\",\"@id\":\"https:\/\/solecentrodeimagen.com\/estetica-avanzada\/lpg-endermologie-lipomassage\/#primaryimage\",\"url\":\"https:\/\/solecentrodeimagen.com\/wp-content\/uploads\/2015\/08\/Lipomassage-de-Endermologie-LPG.jpg\",\"contentUrl\":\"https:\/\/solecentrodeimagen.com\/wp-content\/uploads\/2015\/08\/Lipomassage-de-Endermologie-LPG.jpg\",\"width\":940,\"height\":410,\"caption\":\"LPG Endermologie Lipomassage\"},{\"@type\":\"BreadcrumbList\",\"@id\":\"https:\/\/solecentrodeimagen.com\/estetica-avanzada\/lpg-endermologie-lipomassage\/#breadcrumb\",\"itemListElement\":[{\"@type\":\"ListItem\",\"position\":1,\"name\":\"Home\",\"item\":\"https:\/\/solecentrodeimagen.com\/\"},{\"@type\":\"ListItem\",\"position\":2,\"name\":\"Tratamientos de Est\u00e9tica Avanzada\",\"item\":\"https:\/\/solecentrodeimagen.com\/estetica-avanzada\/\"},{\"@type\":\"ListItem\",\"position\":3,\"name\":\"LPG Endermologie Lipomassage &#x2122;\"}]},{\"@type\":\"WebSite\",\"@id\":\"https:\/\/solecentrodeimagen.com\/#website\",\"url\":\"https:\/\/solecentrodeimagen.com\/\",\"name\":\"Sole Centro de Imagen\",\"description\":\"Centro Medicina Est\u00e9tica, Dermatolog\u00eda y Est\u00e9tica avanzada\",\"publisher\":{\"@id\":\"https:\/\/solecentrodeimagen.com\/#organization\"},\"potentialAction\":[{\"@type\":\"SearchAction\",\"target\":{\"@type\":\"EntryPoint\",\"urlTemplate\":\"https:\/\/solecentrodeimagen.com\/?s={search_term_string}\"},\"query-input\":{\"@type\":\"PropertyValueSpecification\",\"valueRequired\":true,\"valueName\":\"search_term_string\"}}],\"inLanguage\":\"en-US\"},{\"@type\":\"Organization\",\"@id\":\"https:\/\/solecentrodeimagen.com\/#organization\",\"name\":\"Sole Centro de Imagen Integral\",\"url\":\"https:\/\/solecentrodeimagen.com\/\",\"logo\":{\"@type\":\"ImageObject\",\"inLanguage\":\"en-US\",\"@id\":\"https:\/\/solecentrodeimagen.com\/#\/schema\/logo\/image\/\",\"url\":\"https:\/\/solecentrodeimagen.com\/wp-content\/uploads\/2016\/06\/logo-solecentromedico.png\",\"contentUrl\":\"https:\/\/solecentrodeimagen.com\/wp-content\/uploads\/2016\/06\/logo-solecentromedico.png\",\"width\":281,\"height\":96,\"caption\":\"Sole Centro de Imagen Integral\"},\"image\":{\"@id\":\"https:\/\/solecentrodeimagen.com\/#\/schema\/logo\/image\/\"},\"sameAs\":[\"http:\/\/www.facebook.com\/solecentrodeimagen\",\"http:\/\/www.instagram.com\/solecentrodeimagen\"]}]}<\/script>\n<!-- \/ Yoast SEO plugin. -->","yoast_head_json":{"title":"LPG Endermologie Lipomassage &#x2122; | Sole Centro de Imagen","robots":{"index":"index","follow":"follow","max-snippet":"max-snippet:-1","max-image-preview":"max-image-preview:large","max-video-preview":"max-video-preview:-1"},"canonical":"https:\/\/solecentrodeimagen.com\/estetica-avanzada\/lpg-endermologie-lipomassage\/","og_locale":"en_US","og_type":"article","og_title":"LPG Endermologie Lipomassage &#x2122; | Sole Centro de Imagen","og_url":"https:\/\/solecentrodeimagen.com\/estetica-avanzada\/lpg-endermologie-lipomassage\/","og_site_name":"Sole Centro de Imagen","article_publisher":"http:\/\/www.facebook.com\/solecentrodeimagen","article_modified_time":"2020-04-28T07:36:54+00:00","og_image":[{"width":940,"height":410,"url":"https:\/\/solecentrodeimagen.com\/wp-content\/uploads\/2015\/08\/Lipomassage-de-Endermologie-LPG.jpg","type":"image\/jpeg"}],"twitter_card":"summary_large_image","twitter_misc":{"Est. reading time":"3 minutes"},"schema":{"@context":"https:\/\/schema.org","@graph":[{"@type":"WebPage","@id":"https:\/\/solecentrodeimagen.com\/estetica-avanzada\/lpg-endermologie-lipomassage\/","url":"https:\/\/solecentrodeimagen.com\/estetica-avanzada\/lpg-endermologie-lipomassage\/","name":"LPG Endermologie Lipomassage &#x2122; | Sole Centro de Imagen","isPartOf":{"@id":"https:\/\/solecentrodeimagen.com\/#website"},"primaryImageOfPage":{"@id":"https:\/\/solecentrodeimagen.com\/estetica-avanzada\/lpg-endermologie-lipomassage\/#primaryimage"},"image":{"@id":"https:\/\/solecentrodeimagen.com\/estetica-avanzada\/lpg-endermologie-lipomassage\/#primaryimage"},"thumbnailUrl":"https:\/\/solecentrodeimagen.com\/wp-content\/uploads\/2015\/08\/Lipomassage-de-Endermologie-LPG.jpg","datePublished":"2016-08-08T22:00:14+00:00","dateModified":"2020-04-28T07:36:54+00:00","description":"LPG Endermologie Lipomassage permite liberar las grasas localizadas y reactivar la circulaci\u00f3n sangu\u00ednea y linf\u00e1tica produciendo col\u00e1geno y elastina para reafirmar la piel.","breadcrumb":{"@id":"https:\/\/solecentrodeimagen.com\/estetica-avanzada\/lpg-endermologie-lipomassage\/#breadcrumb"},"inLanguage":"en-US","potentialAction":[{"@type":"ReadAction","target":["https:\/\/solecentrodeimagen.com\/estetica-avanzada\/lpg-endermologie-lipomassage\/"]}]},{"@type":"ImageObject","inLanguage":"en-US","@id":"https:\/\/solecentrodeimagen.com\/estetica-avanzada\/lpg-endermologie-lipomassage\/#primaryimage","url":"https:\/\/solecentrodeimagen.com\/wp-content\/uploads\/2015\/08\/Lipomassage-de-Endermologie-LPG.jpg","contentUrl":"https:\/\/solecentrodeimagen.com\/wp-content\/uploads\/2015\/08\/Lipomassage-de-Endermologie-LPG.jpg","width":940,"height":410,"caption":"LPG Endermologie Lipomassage"},{"@type":"BreadcrumbList","@id":"https:\/\/solecentrodeimagen.com\/estetica-avanzada\/lpg-endermologie-lipomassage\/#breadcrumb","itemListElement":[{"@type":"ListItem","position":1,"name":"Home","item":"https:\/\/solecentrodeimagen.com\/"},{"@type":"ListItem","position":2,"name":"Tratamientos de Est\u00e9tica Avanzada","item":"https:\/\/solecentrodeimagen.com\/estetica-avanzada\/"},{"@type":"ListItem","position":3,"name":"LPG Endermologie Lipomassage &#x2122;"}]},{"@type":"WebSite","@id":"https:\/\/solecentrodeimagen.com\/#website","url":"https:\/\/solecentrodeimagen.com\/","name":"Sole Centro de Imagen","description":"Centro Medicina Est\u00e9tica, Dermatolog\u00eda y Est\u00e9tica avanzada","publisher":{"@id":"https:\/\/solecentrodeimagen.com\/#organization"},"potentialAction":[{"@type":"SearchAction","target":{"@type":"EntryPoint","urlTemplate":"https:\/\/solecentrodeimagen.com\/?s={search_term_string}"},"query-input":{"@type":"PropertyValueSpecification","valueRequired":true,"valueName":"search_term_string"}}],"inLanguage":"en-US"},{"@type":"Organization","@id":"https:\/\/solecentrodeimagen.com\/#organization","name":"Sole Centro de Imagen Integral","url":"https:\/\/solecentrodeimagen.com\/","logo":{"@type":"ImageObject","inLanguage":"en-US","@id":"https:\/\/solecentrodeimagen.com\/#\/schema\/logo\/image\/","url":"https:\/\/solecentrodeimagen.com\/wp-content\/uploads\/2016\/06\/logo-solecentromedico.png","contentUrl":"https:\/\/solecentrodeimagen.com\/wp-content\/uploads\/2016\/06\/logo-solecentromedico.png","width":281,"height":96,"caption":"Sole Centro de Imagen Integral"},"image":{"@id":"https:\/\/solecentrodeimagen.com\/#\/schema\/logo\/image\/"},"sameAs":["http:\/\/www.facebook.com\/solecentrodeimagen","http:\/\/www.instagram.com\/solecentrodeimagen"]}]}},"_links":{"self":[{"href":"https:\/\/solecentrodeimagen.com\/en\/wp-json\/wp\/v2\/pages\/11685"}],"collection":[{"href":"https:\/\/solecentrodeimagen.com\/en\/wp-json\/wp\/v2\/pages"}],"about":[{"href":"https:\/\/solecentrodeimagen.com\/en\/wp-json\/wp\/v2\/types\/page"}],"author":[{"embeddable":true,"href":"https:\/\/solecentrodeimagen.com\/en\/wp-json\/wp\/v2\/users\/13"}],"replies":[{"embeddable":true,"href":"https:\/\/solecentrodeimagen.com\/en\/wp-json\/wp\/v2\/comments?post=11685"}],"version-history":[{"count":7,"href":"https:\/\/solecentrodeimagen.com\/en\/wp-json\/wp\/v2\/pages\/11685\/revisions"}],"predecessor-version":[{"id":20436,"href":"https:\/\/solecentrodeimagen.com\/en\/wp-json\/wp\/v2\/pages\/11685\/revisions\/20436"}],"up":[{"embeddable":true,"href":"https:\/\/solecentrodeimagen.com\/en\/wp-json\/wp\/v2\/pages\/20122"}],"wp:featuredmedia":[{"embeddable":true,"href":"https:\/\/solecentrodeimagen.com\/en\/wp-json\/wp\/v2\/media\/17704"}],"wp:attachment":[{"href":"https:\/\/solecentrodeimagen.com\/en\/wp-json\/wp\/v2\/media?parent=11685"}],"curies":[{"name":"wp","href":"https:\/\/api.w.org\/{rel}","templated":true}]}}