{"id":11826,"date":"2016-03-26T10:46:11","date_gmt":"2016-03-26T09:46:11","guid":{"rendered":"http:\/\/wordpress.solecentrodebelleza.com\/?page_id=11826"},"modified":"2017-03-10T18:44:54","modified_gmt":"2017-03-10T17:44:54","slug":"nutricion-y-entrenamiento-personal","status":"publish","type":"page","link":"https:\/\/solecentrodeimagen.com\/en\/servicios-concertados\/nutricion-y-entrenamiento-personal\/","title":{"rendered":"Nutrition and Personal training"},"content":{"rendered":"<div class=\"fusion-text fusion-text-1\"><div class=\"art-PostContent\">\n<div class=\"art-article\">\n<p><img decoding=\"async\" class=\"size-full wp-image-15185 alignright\" src=\"https:\/\/solecentrodeimagen.com\/wp-content\/uploads\/2015\/08\/nutricion.jpg\" alt=\"nutricion\" width=\"379\" height=\"353\" srcset=\"https:\/\/solecentrodeimagen.com\/wp-content\/uploads\/2015\/08\/nutricion-300x279.jpg 300w, https:\/\/solecentrodeimagen.com\/wp-content\/uploads\/2015\/08\/nutricion.jpg 379w\" sizes=\"(max-width: 379px) 100vw, 379px\" \/><\/p>\n<p style=\"text-align: justify;\">Because beauty comes from within.<\/p>\n<p style=\"text-align: justify;\">A varied, well-balanced and sufficient diet along with physical exercise is the perfect formula to stay healthy. A varied diet should include food from every group and the sufficient amount to cover our energy and nutritional needs.<\/p>\n<p style=\"text-align: justify;\">To stay healthy and strong it is very important to eat properly and to exercise several times a week.<\/p>\n<p style=\"text-align: justify;\">Both the quantity and the quality of the food we ingest are important in order to maintain proper health.<\/p>\n<p style=\"text-align: justify;\">We offer the following services at our premises.<\/p>\n<ul style=\"text-align: justify;\">\n<li>Nutritional supplements:<\/li>\n<\/ul>\n<p style=\"text-align: justify;\">Full weight control program including helpful ingredients to reach the goals set in your weight loss diet.<\/p>\n<p style=\"text-align: justify;\">These supplements are formulated with the best natural products such as plants, seaweeds, fruits, minerals, vitamins&#8230; and they provide very important active principles to our body. Without those, various aesthetic disorders can occur: Fluid retention, excess weight, cellulite, heavy legs, aging, joint pain, acne, wrinkles, sagging skin, etc.<\/p>\n<ul style=\"text-align: justify;\">\n<li>Weight control:<\/li>\n<\/ul>\n<p style=\"text-align: justify;\">If you wish to lose weight in a balanced manner while eating healthy try our various diets: hypocaloric, dissociated, 14-day, basic, mono diet.<\/p>\n<p style=\"text-align: justify;\">And many more&#8230;Just ask us!<\/p>\n<ul style=\"text-align: justify;\">\n<li>Healthy, well-balanced diets:<\/li>\n<\/ul>\n<p style=\"text-align: justify;\">If you just wish to maintain your weight we will teach you how to eat properly to make you feel good.<\/p>\n<ul style=\"text-align: justify;\">\n<li>Sportsperson&#8217;s diet:<\/li>\n<\/ul>\n<p style=\"text-align: justify;\">Thanks to our sportsperson&#8217;s diets you will be able to obtain the required energy to improve your performance in sports. You can increase your muscle mass too and get the perfect body.<\/p>\n<ul style=\"text-align: justify;\">\n<li>Therapeutic diet:<\/li>\n<\/ul>\n<p style=\"text-align: justify;\">If you suffer from any disease (cholesterol, diabetes, constipation, etc.) and you need support to recover fast we can help you with our therapeutic diets.<\/p>\n<ul style=\"text-align: justify;\">\n<li>Personal training:<\/li>\n<\/ul>\n<p style=\"text-align: justify;\">Physical exercise is the key to achieve your goals faster, both aesthetic and health related.<\/p>\n<p style=\"text-align: justify;\">With your personal trainer you will get to know your body, you will strengthen your self-esteem, you will get incredible results and you will understand that a well structured body with elastic, toned muscles is a painless, strong, tough, energetic, flexible, harmonious free body. In short, a healthy body.<\/p>\n<p style=\"text-align: justify;\">Programs are personal and adapted to every need (obesity, diabetes, moms-to-be, toning, muscling up, pains&#8230;etc.)<\/p>\n<p style=\"text-align: justify;\">Anything you want can come true if you are willing but mostly if you have the right positive attitude.<\/p>\n<p style=\"text-align: justify;\">OUR MAIN TASK IS TO PROVIDE SIMPLE, ONGOING EATING GUIDELINES SO YOU CAN ENJOY A GOOD DIET WHILE \u00a0ACHIEVING YOUR GOALS.<\/p>\n<p style=\"text-align: justify;\">If you are interested on this treatment and want to inquire, click <a href=\"https:\/\/solecentrodeimagen.com\/index.php\/contacto\/\">here<\/a>.<\/p>\n<\/div>\n<\/div>\n<p>\n<\/div><div class=\"fusion-sep-clear\"><\/div><div class=\"fusion-separator fusion-full-width-sep\" style=\"margin-left: auto;margin-right: auto;margin-top:20px;width:100%;\"><\/div><div class=\"fusion-sep-clear\"><\/div>[\/fusion_builder_column]<div class=\"fusion-layout-column fusion_builder_column fusion-builder-column-0 fusion_builder_column_1_1 1_1 fusion-one-full fusion-column-first fusion-column-last fusion-column-no-min-height\" style=\"--awb-bg-size:cover;--awb-margin-bottom:0px;width:100%;\"><div class=\"fusion-column-wrapper fusion-flex-column-wrapper-legacy\"><div class=\"fusion-clearfix\"><\/div><\/div><\/div><div class=\"fusion-sharing-box fusion-sharing-box-1 has-taglines layout-floated layout-medium-floated layout-small-floated\" style=\"background-color:#f7f7f7;--awb-layout:row;--awb-alignment-small:space-between;\" data-title=\"Nutrition and Personal training\" data-description=\"{:es}\r\n\r\nPorque la belleza nace del interior ...\r\nLlevar una dieta equilibrada, variada y suficiente acompa\u00f1ada de la pr\u00e1ctica de ejercicio f\u00edsico es la f\u00f3rmula perfecta para estar sanos. Una dieta variada debe incluir alimentos de todos los grupos y en cantidades suficientes\" data-link=\"https:\/\/solecentrodeimagen.com\/en\/servicios-concertados\/nutricion-y-entrenamiento-personal\/\"><h4 class=\"tagline\" style=\"color:#333333;\">Comp\u00e1rtelo en tus redes sociales!<\/h4><div class=\"fusion-social-networks sharingbox-shortcode-icon-wrapper sharingbox-shortcode-icon-wrapper-1\"><span><a href=\"https:\/\/www.facebook.com\/sharer.php?u=https%3A%2F%2Fsolecentrodeimagen.com%2Fen%2Fservicios-concertados%2Fnutricion-y-entrenamiento-personal%2F&amp;t=Nutrition%20and%20Personal%20training\" target=\"_blank\" rel=\"noreferrer nofollow\" title=\"Facebook\" aria-label=\"Facebook\" data-placement=\"top\" data-toggle=\"tooltip\" data-title=\"Facebook\"><i class=\"fusion-social-network-icon fusion-tooltip fusion-facebook awb-icon-facebook\" style=\"color:#000000;\" aria-hidden=\"true\"><\/i><\/a><\/span><span><a href=\"https:\/\/x.com\/share?text=Nutrition%20and%20Personal%20training&amp;url=https%3A%2F%2Fsolecentrodeimagen.com%2Fen%2Fservicios-concertados%2Fnutricion-y-entrenamiento-personal%2F\" target=\"_blank\" rel=\"noopener noreferrer nofollow\" title=\"X\" aria-label=\"X\" data-placement=\"top\" data-toggle=\"tooltip\" data-title=\"X\"><i class=\"fusion-social-network-icon fusion-tooltip fusion-twitter awb-icon-twitter\" style=\"color:#000000;\" aria-hidden=\"true\"><\/i><\/a><\/span><span><a href=\"mailto:?subject=Nutrition%20and%20Personal%20training&amp;body=https%3A%2F%2Fsolecentrodeimagen.com%2Fen%2Fservicios-concertados%2Fnutricion-y-entrenamiento-personal%2F\" target=\"_self\" rel=\"nofollow\" title=\"Email\" aria-label=\"Email\" data-placement=\"top\" data-toggle=\"tooltip\" data-title=\"Email\"><i class=\"fusion-social-network-icon fusion-tooltip fusion-mail awb-icon-mail\" style=\"color:#000000;\" aria-hidden=\"true\"><\/i><\/a><\/span><\/div><\/div><div class=\"fusion-sep-clear\"><\/div><div class=\"fusion-separator fusion-has-icon fusion-full-width-sep\" style=\"margin-left: auto;margin-right: auto;width:100%;\"><div class=\"fusion-separator-border sep-shadow\" style=\"--awb-height:20px;--awb-amount:20px;background:radial-gradient(ellipse at 50% -50% , #e0dede 0px, rgba(255, 255, 255, 0) 80%) repeat scroll 0 0 rgba(0, 0, 0, 0);background:-webkit-radial-gradient(ellipse at 50% -50% , #e0dede 0px, rgba(255, 255, 255, 0) 80%) repeat scroll 0 0 rgba(0, 0, 0, 0);background:-moz-radial-gradient(ellipse at 50% -50% , #e0dede 0px, rgba(255, 255, 255, 0) 80%) repeat scroll 0 0 rgba(0, 0, 0, 0);background:-o-radial-gradient(ellipse at 50% -50% , #e0dede 0px, rgba(255, 255, 255, 0) 80%) repeat scroll 0 0 rgba(0, 0, 0, 0);\"><\/div><span class=\"icon-wrapper\" style=\"border-color:#e0dede;background-color:rgba(255,255,255,0);font-size:13px;width: 1.75em; height: 1.75em;border-width:1px;padding:1px;\"><i class=\" fa fa-comments\" style=\"font-size: inherit;color:#e0dede;\" aria-hidden=\"true\"><\/i><\/span><div class=\"fusion-separator-border sep-shadow\" style=\"--awb-height:20px;--awb-amount:20px;background:radial-gradient(ellipse at 50% -50% , #e0dede 0px, rgba(255, 255, 255, 0) 80%) repeat scroll 0 0 rgba(0, 0, 0, 0);background:-webkit-radial-gradient(ellipse at 50% -50% , #e0dede 0px, rgba(255, 255, 255, 0) 80%) repeat scroll 0 0 rgba(0, 0, 0, 0);background:-moz-radial-gradient(ellipse at 50% -50% , #e0dede 0px, rgba(255, 255, 255, 0) 80%) repeat scroll 0 0 rgba(0, 0, 0, 0);background:-o-radial-gradient(ellipse at 50% -50% , #e0dede 0px, rgba(255, 255, 255, 0) 80%) repeat scroll 0 0 rgba(0, 0, 0, 0);\"><\/div><\/div><div class=\"fusion-sep-clear\"><\/div><\/p>\n","protected":false},"excerpt":{"rendered":"<p>Porque la belleza nace del interior &#8230; Llevar una dieta equilibrada, variada y suficiente acompa\u00f1ada de la pr\u00e1ctica de ejercicio f\u00edsico es la f\u00f3rmula perfecta para estar sanos. Una dieta variada debe incluir alimentos de todos los grupos y en cantidades suficientes para cubrir nuestras necesidades energ\u00e9ticas y nutritivas. Para mantenernos sanos y fuertes, es [&hellip;]<\/p>\n","protected":false},"author":13,"featured_media":0,"parent":11864,"menu_order":0,"comment_status":"open","ping_status":"closed","template":"","meta":{"footnotes":""},"class_list":["post-11826","page","type-page","status-publish","hentry"],"translation":{"provider":"WPGlobus","version":"3.0.0","language":"en","enabled_languages":["es","en","fr"],"languages":{"es":{"title":true,"content":true,"excerpt":false},"en":{"title":true,"content":true,"excerpt":false},"fr":{"title":true,"content":true,"excerpt":false}}},"yoast_head":"<!-- This site is optimized with the Yoast SEO plugin v23.5 - https:\/\/yoast.com\/wordpress\/plugins\/seo\/ -->\n<title>Nutrition and Personal training | Sole Centro de Imagen<\/title>\n<meta name=\"robots\" content=\"index, follow, max-snippet:-1, max-image-preview:large, max-video-preview:-1\" \/>\n<link rel=\"canonical\" href=\"https:\/\/solecentrodeimagen.com\/servicios-concertados\/nutricion-y-entrenamiento-personal\/\" \/>\n<meta property=\"og:locale\" content=\"en_US\" \/>\n<meta property=\"og:type\" content=\"article\" \/>\n<meta property=\"og:title\" content=\"Nutrition and Personal training | Sole Centro de Imagen\" \/>\n<meta property=\"og:url\" content=\"https:\/\/solecentrodeimagen.com\/servicios-concertados\/nutricion-y-entrenamiento-personal\/\" \/>\n<meta property=\"og:site_name\" content=\"Sole Centro de Imagen\" \/>\n<meta property=\"article:publisher\" content=\"http:\/\/www.facebook.com\/solecentrodeimagen\" \/>\n<meta property=\"article:modified_time\" content=\"2017-03-10T17:44:54+00:00\" \/>\n<meta property=\"og:image\" content=\"https:\/\/solecentrodeimagen.com\/wp-content\/uploads\/2016\/03\/nutricion.jpg\" \/>\n<meta name=\"twitter:card\" content=\"summary_large_image\" \/>\n<meta name=\"twitter:label1\" content=\"Est. reading time\" \/>\n\t<meta name=\"twitter:data1\" content=\"9 minutes\" \/>\n<script type=\"application\/ld+json\" class=\"yoast-schema-graph\">{\"@context\":\"https:\/\/schema.org\",\"@graph\":[{\"@type\":\"WebPage\",\"@id\":\"https:\/\/solecentrodeimagen.com\/servicios-concertados\/nutricion-y-entrenamiento-personal\/\",\"url\":\"https:\/\/solecentrodeimagen.com\/servicios-concertados\/nutricion-y-entrenamiento-personal\/\",\"name\":\"Nutrition and Personal training | Sole Centro de Imagen\",\"isPartOf\":{\"@id\":\"https:\/\/solecentrodeimagen.com\/#website\"},\"primaryImageOfPage\":{\"@id\":\"https:\/\/solecentrodeimagen.com\/servicios-concertados\/nutricion-y-entrenamiento-personal\/#primaryimage\"},\"image\":{\"@id\":\"https:\/\/solecentrodeimagen.com\/servicios-concertados\/nutricion-y-entrenamiento-personal\/#primaryimage\"},\"thumbnailUrl\":\"https:\/\/solecentrodeimagen.com\/wp-content\/uploads\/2016\/03\/nutricion.jpg\",\"datePublished\":\"2016-03-26T09:46:11+00:00\",\"dateModified\":\"2017-03-10T17:44:54+00:00\",\"breadcrumb\":{\"@id\":\"https:\/\/solecentrodeimagen.com\/servicios-concertados\/nutricion-y-entrenamiento-personal\/#breadcrumb\"},\"inLanguage\":\"en-US\",\"potentialAction\":[{\"@type\":\"ReadAction\",\"target\":[\"https:\/\/solecentrodeimagen.com\/servicios-concertados\/nutricion-y-entrenamiento-personal\/\"]}]},{\"@type\":\"ImageObject\",\"inLanguage\":\"en-US\",\"@id\":\"https:\/\/solecentrodeimagen.com\/servicios-concertados\/nutricion-y-entrenamiento-personal\/#primaryimage\",\"url\":\"https:\/\/solecentrodeimagen.com\/wp-content\/uploads\/2016\/03\/nutricion.jpg\",\"contentUrl\":\"https:\/\/solecentrodeimagen.com\/wp-content\/uploads\/2016\/03\/nutricion.jpg\"},{\"@type\":\"BreadcrumbList\",\"@id\":\"https:\/\/solecentrodeimagen.com\/servicios-concertados\/nutricion-y-entrenamiento-personal\/#breadcrumb\",\"itemListElement\":[{\"@type\":\"ListItem\",\"position\":1,\"name\":\"Home\",\"item\":\"https:\/\/solecentrodeimagen.com\/\"},{\"@type\":\"ListItem\",\"position\":2,\"name\":\"Servicios concertados\",\"item\":\"https:\/\/solecentrodeimagen.com\/servicios-concertados\/\"},{\"@type\":\"ListItem\",\"position\":3,\"name\":\"Nutrici\u00f3n y Entrenamiento personal\"}]},{\"@type\":\"WebSite\",\"@id\":\"https:\/\/solecentrodeimagen.com\/#website\",\"url\":\"https:\/\/solecentrodeimagen.com\/\",\"name\":\"Sole Centro de Imagen\",\"description\":\"Centro Medicina Est\u00e9tica, Dermatolog\u00eda y Est\u00e9tica avanzada\",\"publisher\":{\"@id\":\"https:\/\/solecentrodeimagen.com\/#organization\"},\"potentialAction\":[{\"@type\":\"SearchAction\",\"target\":{\"@type\":\"EntryPoint\",\"urlTemplate\":\"https:\/\/solecentrodeimagen.com\/?s={search_term_string}\"},\"query-input\":{\"@type\":\"PropertyValueSpecification\",\"valueRequired\":true,\"valueName\":\"search_term_string\"}}],\"inLanguage\":\"en-US\"},{\"@type\":\"Organization\",\"@id\":\"https:\/\/solecentrodeimagen.com\/#organization\",\"name\":\"Sole Centro de Imagen Integral\",\"url\":\"https:\/\/solecentrodeimagen.com\/\",\"logo\":{\"@type\":\"ImageObject\",\"inLanguage\":\"en-US\",\"@id\":\"https:\/\/solecentrodeimagen.com\/#\/schema\/logo\/image\/\",\"url\":\"https:\/\/solecentrodeimagen.com\/wp-content\/uploads\/2016\/06\/logo-solecentromedico.png\",\"contentUrl\":\"https:\/\/solecentrodeimagen.com\/wp-content\/uploads\/2016\/06\/logo-solecentromedico.png\",\"width\":281,\"height\":96,\"caption\":\"Sole Centro de Imagen Integral\"},\"image\":{\"@id\":\"https:\/\/solecentrodeimagen.com\/#\/schema\/logo\/image\/\"},\"sameAs\":[\"http:\/\/www.facebook.com\/solecentrodeimagen\",\"http:\/\/www.instagram.com\/solecentrodeimagen\"]}]}<\/script>\n<!-- \/ Yoast SEO plugin. -->","yoast_head_json":{"title":"Nutrition and Personal training | Sole Centro de Imagen","robots":{"index":"index","follow":"follow","max-snippet":"max-snippet:-1","max-image-preview":"max-image-preview:large","max-video-preview":"max-video-preview:-1"},"canonical":"https:\/\/solecentrodeimagen.com\/servicios-concertados\/nutricion-y-entrenamiento-personal\/","og_locale":"en_US","og_type":"article","og_title":"Nutrition and Personal training | Sole Centro de Imagen","og_url":"https:\/\/solecentrodeimagen.com\/servicios-concertados\/nutricion-y-entrenamiento-personal\/","og_site_name":"Sole Centro de Imagen","article_publisher":"http:\/\/www.facebook.com\/solecentrodeimagen","article_modified_time":"2017-03-10T17:44:54+00:00","og_image":[{"url":"https:\/\/solecentrodeimagen.com\/wp-content\/uploads\/2016\/03\/nutricion.jpg"}],"twitter_card":"summary_large_image","twitter_misc":{"Est. reading time":"9 minutes"},"schema":{"@context":"https:\/\/schema.org","@graph":[{"@type":"WebPage","@id":"https:\/\/solecentrodeimagen.com\/servicios-concertados\/nutricion-y-entrenamiento-personal\/","url":"https:\/\/solecentrodeimagen.com\/servicios-concertados\/nutricion-y-entrenamiento-personal\/","name":"Nutrition and Personal training | Sole Centro de Imagen","isPartOf":{"@id":"https:\/\/solecentrodeimagen.com\/#website"},"primaryImageOfPage":{"@id":"https:\/\/solecentrodeimagen.com\/servicios-concertados\/nutricion-y-entrenamiento-personal\/#primaryimage"},"image":{"@id":"https:\/\/solecentrodeimagen.com\/servicios-concertados\/nutricion-y-entrenamiento-personal\/#primaryimage"},"thumbnailUrl":"https:\/\/solecentrodeimagen.com\/wp-content\/uploads\/2016\/03\/nutricion.jpg","datePublished":"2016-03-26T09:46:11+00:00","dateModified":"2017-03-10T17:44:54+00:00","breadcrumb":{"@id":"https:\/\/solecentrodeimagen.com\/servicios-concertados\/nutricion-y-entrenamiento-personal\/#breadcrumb"},"inLanguage":"en-US","potentialAction":[{"@type":"ReadAction","target":["https:\/\/solecentrodeimagen.com\/servicios-concertados\/nutricion-y-entrenamiento-personal\/"]}]},{"@type":"ImageObject","inLanguage":"en-US","@id":"https:\/\/solecentrodeimagen.com\/servicios-concertados\/nutricion-y-entrenamiento-personal\/#primaryimage","url":"https:\/\/solecentrodeimagen.com\/wp-content\/uploads\/2016\/03\/nutricion.jpg","contentUrl":"https:\/\/solecentrodeimagen.com\/wp-content\/uploads\/2016\/03\/nutricion.jpg"},{"@type":"BreadcrumbList","@id":"https:\/\/solecentrodeimagen.com\/servicios-concertados\/nutricion-y-entrenamiento-personal\/#breadcrumb","itemListElement":[{"@type":"ListItem","position":1,"name":"Home","item":"https:\/\/solecentrodeimagen.com\/"},{"@type":"ListItem","position":2,"name":"Servicios concertados","item":"https:\/\/solecentrodeimagen.com\/servicios-concertados\/"},{"@type":"ListItem","position":3,"name":"Nutrici\u00f3n y Entrenamiento personal"}]},{"@type":"WebSite","@id":"https:\/\/solecentrodeimagen.com\/#website","url":"https:\/\/solecentrodeimagen.com\/","name":"Sole Centro de Imagen","description":"Centro Medicina Est\u00e9tica, Dermatolog\u00eda y Est\u00e9tica avanzada","publisher":{"@id":"https:\/\/solecentrodeimagen.com\/#organization"},"potentialAction":[{"@type":"SearchAction","target":{"@type":"EntryPoint","urlTemplate":"https:\/\/solecentrodeimagen.com\/?s={search_term_string}"},"query-input":{"@type":"PropertyValueSpecification","valueRequired":true,"valueName":"search_term_string"}}],"inLanguage":"en-US"},{"@type":"Organization","@id":"https:\/\/solecentrodeimagen.com\/#organization","name":"Sole Centro de Imagen Integral","url":"https:\/\/solecentrodeimagen.com\/","logo":{"@type":"ImageObject","inLanguage":"en-US","@id":"https:\/\/solecentrodeimagen.com\/#\/schema\/logo\/image\/","url":"https:\/\/solecentrodeimagen.com\/wp-content\/uploads\/2016\/06\/logo-solecentromedico.png","contentUrl":"https:\/\/solecentrodeimagen.com\/wp-content\/uploads\/2016\/06\/logo-solecentromedico.png","width":281,"height":96,"caption":"Sole Centro de Imagen Integral"},"image":{"@id":"https:\/\/solecentrodeimagen.com\/#\/schema\/logo\/image\/"},"sameAs":["http:\/\/www.facebook.com\/solecentrodeimagen","http:\/\/www.instagram.com\/solecentrodeimagen"]}]}},"_links":{"self":[{"href":"https:\/\/solecentrodeimagen.com\/en\/wp-json\/wp\/v2\/pages\/11826"}],"collection":[{"href":"https:\/\/solecentrodeimagen.com\/en\/wp-json\/wp\/v2\/pages"}],"about":[{"href":"https:\/\/solecentrodeimagen.com\/en\/wp-json\/wp\/v2\/types\/page"}],"author":[{"embeddable":true,"href":"https:\/\/solecentrodeimagen.com\/en\/wp-json\/wp\/v2\/users\/13"}],"replies":[{"embeddable":true,"href":"https:\/\/solecentrodeimagen.com\/en\/wp-json\/wp\/v2\/comments?post=11826"}],"version-history":[{"count":0,"href":"https:\/\/solecentrodeimagen.com\/en\/wp-json\/wp\/v2\/pages\/11826\/revisions"}],"up":[{"embeddable":true,"href":"https:\/\/solecentrodeimagen.com\/en\/wp-json\/wp\/v2\/pages\/11864"}],"wp:attachment":[{"href":"https:\/\/solecentrodeimagen.com\/en\/wp-json\/wp\/v2\/media?parent=11826"}],"curies":[{"name":"wp","href":"https:\/\/api.w.org\/{rel}","templated":true}]}}