{"id":11871,"date":"2016-03-18T16:40:35","date_gmt":"2016-03-18T15:40:35","guid":{"rendered":"http:\/\/wordpress.solecentrodebelleza.com\/?page_id=11871"},"modified":"2017-03-10T18:44:55","modified_gmt":"2017-03-10T17:44:55","slug":"analiticas-capilares","status":"publish","type":"page","link":"https:\/\/solecentrodeimagen.com\/en\/peluqueria\/analiticas-capilares\/","title":{"rendered":"Hair and scalp analysis"},"content":{"rendered":"<div class=\"art-PostContent\" style=\"text-align: justify;\">\n<div class=\"art-article\">\n<p><img decoding=\"async\" class=\"size-full wp-image-15188 alignright\" src=\"https:\/\/solecentrodeimagen.com\/wp-content\/uploads\/2015\/09\/shutterstock_24666616peq-300x247-1.jpg\" alt=\"shutterstock_24666616peq-300x247\" width=\"325\" height=\"247\" srcset=\"https:\/\/solecentrodeimagen.com\/wp-content\/uploads\/2015\/09\/shutterstock_24666616peq-300x247-1-180x138.jpg 180w, https:\/\/solecentrodeimagen.com\/wp-content\/uploads\/2015\/09\/shutterstock_24666616peq-300x247-1-300x228.jpg 300w, https:\/\/solecentrodeimagen.com\/wp-content\/uploads\/2015\/09\/shutterstock_24666616peq-300x247-1.jpg 325w\" sizes=\"(max-width: 325px) 100vw, 325px\" \/><\/p>\n<h3>Hair and scalp analysis provides a scientific answer to dermocapillary abnormalities.<\/h3>\n<ul>\n<li>A diagnosis is made, taking into account alterations or dysfunction of genetics, environment, hormones, sex and age.<\/li>\n<li>Each diagnosis has a custom solution depending on the outcome of the anatomic and physiological study of the hair and scalp.<\/li>\n<li>Patented products.<\/li>\n<\/ul>\n<p>The anomalies that are dealt with in Dermo-trichology are the following:<\/p>\n<ul>\n<li>Abnormalities in the scalp: dry or oily.<\/li>\n<li>Abnormalities in the stem, devitalized, porous or fragile hair.<\/li>\n<li>Dehydrated scalp, dry with dandruff (pityriasis), oily scalp with dandruff, seborrheic dermatitis and psoriasis.<\/li>\n<li>Seborrheic abnormalities: seborrhea, hidroseborrea and seborrheic dermatitis.<\/li>\n<li>Hair loss abnormalities: androgenetic alopecia, areata, alopecia and traumatic alopecia<\/li>\n<\/ul>\n<p>We all know that it is unthinkable to treat a capillary abnormality if we dont know the symptoms that cause it.<\/p>\n<p>Try it for free! Ask for a diagnosis with no obligation.<\/p>\n<p>If you are interested on this treatment and want to inquire, click\u00a0<em><a href=\"https:\/\/solecentrodeimagen.com\/index.php\/contacto\/\">here<\/a><\/em>.<\/p>\n<\/div>\n<\/div>\n<div class=\"fusion-text fusion-text-1\"><p>\n<\/div><div class=\"fusion-sep-clear\"><\/div><div class=\"fusion-separator fusion-full-width-sep\" style=\"margin-left: auto;margin-right: auto;margin-top:20px;width:100%;\"><\/div><div class=\"fusion-sep-clear\"><\/div>[\/fusion_builder_column]<div class=\"fusion-layout-column fusion_builder_column fusion-builder-column-0 fusion_builder_column_1_1 1_1 fusion-one-full fusion-column-first fusion-column-last fusion-column-no-min-height\" style=\"--awb-bg-size:cover;--awb-margin-bottom:0px;width:100%;\"><div class=\"fusion-column-wrapper fusion-flex-column-wrapper-legacy\"><div class=\"fusion-clearfix\"><\/div><\/div><\/div><div class=\"fusion-sharing-box fusion-sharing-box-1 has-taglines layout-floated layout-medium-floated layout-small-floated\" style=\"background-color:#f7f7f7;--awb-layout:row;--awb-alignment-small:space-between;\" data-title=\"Hair and scalp analysis\" data-description=\"{:es}Las anal\u00edticas capilares ofrecen una respuesta cient\u00edfica para las anomal\u00edas dermocapilares.\r\n\r\n\r\n\r\n \tSe realiza un diagn\u00f3stico, teniendo en cuenta alteraciones o disfunciones a nivel gen\u00e9tico, ambiental, hormonal, sexo y edad.\r\n \tCada diagn\u00f3stico tiene una soluci\u00f3n personalizada, dependiendo del resultado del estudio\" data-link=\"https:\/\/solecentrodeimagen.com\/en\/peluqueria\/analiticas-capilares\/\"><h4 class=\"tagline\" style=\"color:#333333;\">If you like this page, please share it with your friends<\/h4><div class=\"fusion-social-networks sharingbox-shortcode-icon-wrapper sharingbox-shortcode-icon-wrapper-1\"><span><a href=\"https:\/\/www.facebook.com\/sharer.php?u=https%3A%2F%2Fsolecentrodeimagen.com%2Fen%2Fpeluqueria%2Fanaliticas-capilares%2F&amp;t=Hair%20and%20scalp%20analysis\" target=\"_blank\" rel=\"noreferrer nofollow\" title=\"Facebook\" aria-label=\"Facebook\" data-placement=\"top\" data-toggle=\"tooltip\" data-title=\"Facebook\"><i class=\"fusion-social-network-icon fusion-tooltip fusion-facebook awb-icon-facebook\" style=\"color:#000000;\" aria-hidden=\"true\"><\/i><\/a><\/span><span><a href=\"https:\/\/x.com\/share?text=Hair%20and%20scalp%20analysis&amp;url=https%3A%2F%2Fsolecentrodeimagen.com%2Fen%2Fpeluqueria%2Fanaliticas-capilares%2F\" target=\"_blank\" rel=\"noopener noreferrer nofollow\" title=\"X\" aria-label=\"X\" data-placement=\"top\" data-toggle=\"tooltip\" data-title=\"X\"><i class=\"fusion-social-network-icon fusion-tooltip fusion-twitter awb-icon-twitter\" style=\"color:#000000;\" aria-hidden=\"true\"><\/i><\/a><\/span><span><a href=\"mailto:?subject=Hair%20and%20scalp%20analysis&amp;body=https%3A%2F%2Fsolecentrodeimagen.com%2Fen%2Fpeluqueria%2Fanaliticas-capilares%2F\" target=\"_self\" rel=\"nofollow\" title=\"Email\" aria-label=\"Email\" data-placement=\"top\" data-toggle=\"tooltip\" data-title=\"Email\"><i class=\"fusion-social-network-icon fusion-tooltip fusion-mail awb-icon-mail\" style=\"color:#000000;\" aria-hidden=\"true\"><\/i><\/a><\/span><\/div><\/div><div class=\"fusion-sep-clear\"><\/div><div class=\"fusion-separator fusion-has-icon fusion-full-width-sep\" style=\"margin-left: auto;margin-right: auto;width:100%;\"><div class=\"fusion-separator-border sep-shadow\" style=\"--awb-height:20px;--awb-amount:20px;background:radial-gradient(ellipse at 50% -50% , #e0dede 0px, rgba(255, 255, 255, 0) 80%) repeat scroll 0 0 rgba(0, 0, 0, 0);background:-webkit-radial-gradient(ellipse at 50% -50% , #e0dede 0px, rgba(255, 255, 255, 0) 80%) repeat scroll 0 0 rgba(0, 0, 0, 0);background:-moz-radial-gradient(ellipse at 50% -50% , #e0dede 0px, rgba(255, 255, 255, 0) 80%) repeat scroll 0 0 rgba(0, 0, 0, 0);background:-o-radial-gradient(ellipse at 50% -50% , #e0dede 0px, rgba(255, 255, 255, 0) 80%) repeat scroll 0 0 rgba(0, 0, 0, 0);\"><\/div><span class=\"icon-wrapper\" style=\"border-color:#e0dede;background-color:rgba(255,255,255,0);font-size:13px;width: 1.75em; height: 1.75em;border-width:1px;padding:1px;\"><i class=\" fa fa-comments\" style=\"font-size: inherit;color:#e0dede;\" aria-hidden=\"true\"><\/i><\/span><div class=\"fusion-separator-border sep-shadow\" style=\"--awb-height:20px;--awb-amount:20px;background:radial-gradient(ellipse at 50% -50% , #e0dede 0px, rgba(255, 255, 255, 0) 80%) repeat scroll 0 0 rgba(0, 0, 0, 0);background:-webkit-radial-gradient(ellipse at 50% -50% , #e0dede 0px, rgba(255, 255, 255, 0) 80%) repeat scroll 0 0 rgba(0, 0, 0, 0);background:-moz-radial-gradient(ellipse at 50% -50% , #e0dede 0px, rgba(255, 255, 255, 0) 80%) repeat scroll 0 0 rgba(0, 0, 0, 0);background:-o-radial-gradient(ellipse at 50% -50% , #e0dede 0px, rgba(255, 255, 255, 0) 80%) repeat scroll 0 0 rgba(0, 0, 0, 0);\"><\/div><\/div><div class=\"fusion-sep-clear\"><\/div><\/p>\n","protected":false},"excerpt":{"rendered":"<p>Las anal\u00edticas capilares ofrecen una respuesta cient\u00edfica para las anomal\u00edas dermocapilares. Se realiza un diagn\u00f3stico, teniendo en cuenta alteraciones o disfunciones a nivel gen\u00e9tico, ambiental, hormonal, sexo y edad. Cada diagn\u00f3stico tiene una soluci\u00f3n personalizada, dependiendo del resultado del estudio anat\u00f3mico y fisiol\u00f3gico del cabello y cuero cabelludo. Productos patentados. Las anomal\u00edas que trata el [&hellip;]<\/p>\n","protected":false},"author":13,"featured_media":0,"parent":11572,"menu_order":0,"comment_status":"open","ping_status":"closed","template":"","meta":{"footnotes":""},"class_list":["post-11871","page","type-page","status-publish","hentry"],"translation":{"provider":"WPGlobus","version":"3.0.0","language":"en","enabled_languages":["es","en","fr"],"languages":{"es":{"title":true,"content":true,"excerpt":false},"en":{"title":true,"content":true,"excerpt":false},"fr":{"title":true,"content":true,"excerpt":false}}},"yoast_head":"<!-- This site is optimized with the Yoast SEO plugin v23.5 - https:\/\/yoast.com\/wordpress\/plugins\/seo\/ -->\n<title>Hair and scalp analysis | Sole Centro de Imagen<\/title>\n<meta name=\"robots\" content=\"index, follow, max-snippet:-1, max-image-preview:large, max-video-preview:-1\" \/>\n<link rel=\"canonical\" href=\"https:\/\/solecentrodeimagen.com\/en\/peluqueria\/analiticas-capilares\/\" \/>\n<meta property=\"og:locale\" content=\"en_US\" \/>\n<meta property=\"og:type\" content=\"article\" \/>\n<meta property=\"og:title\" content=\"Hair and scalp analysis | Sole Centro de Imagen\" \/>\n<meta property=\"og:url\" content=\"https:\/\/solecentrodeimagen.com\/en\/peluqueria\/analiticas-capilares\/\" \/>\n<meta property=\"og:site_name\" content=\"Sole Centro de Imagen\" \/>\n<meta property=\"article:publisher\" content=\"http:\/\/www.facebook.com\/solecentrodeimagen\" \/>\n<meta property=\"article:modified_time\" content=\"2017-03-10T17:44:55+00:00\" \/>\n<meta property=\"og:image\" content=\"https:\/\/solecentrodeimagen.com\/wp-content\/uploads\/2015\/09\/shutterstock_24666616peq-300x247-1.jpg\" \/>\n<meta name=\"twitter:card\" content=\"summary_large_image\" \/>\n<meta name=\"twitter:label1\" content=\"Est. reading time\" \/>\n\t<meta name=\"twitter:data1\" content=\"5 minutes\" \/>\n<script type=\"application\/ld+json\" class=\"yoast-schema-graph\">{\"@context\":\"https:\/\/schema.org\",\"@graph\":[{\"@type\":\"WebPage\",\"@id\":\"https:\/\/solecentrodeimagen.com\/en\/peluqueria\/analiticas-capilares\/\",\"url\":\"https:\/\/solecentrodeimagen.com\/en\/peluqueria\/analiticas-capilares\/\",\"name\":\"Hair and scalp analysis | Sole Centro de Imagen\",\"isPartOf\":{\"@id\":\"https:\/\/solecentrodeimagen.com\/#website\"},\"primaryImageOfPage\":{\"@id\":\"https:\/\/solecentrodeimagen.com\/en\/peluqueria\/analiticas-capilares\/#primaryimage\"},\"image\":{\"@id\":\"https:\/\/solecentrodeimagen.com\/en\/peluqueria\/analiticas-capilares\/#primaryimage\"},\"thumbnailUrl\":\"https:\/\/solecentrodeimagen.com\/wp-content\/uploads\/2015\/09\/shutterstock_24666616peq-300x247-1.jpg\",\"datePublished\":\"2016-03-18T15:40:35+00:00\",\"dateModified\":\"2017-03-10T17:44:55+00:00\",\"breadcrumb\":{\"@id\":\"https:\/\/solecentrodeimagen.com\/en\/peluqueria\/analiticas-capilares\/#breadcrumb\"},\"inLanguage\":\"en-US\",\"potentialAction\":[{\"@type\":\"ReadAction\",\"target\":[\"https:\/\/solecentrodeimagen.com\/en\/peluqueria\/analiticas-capilares\/\"]}]},{\"@type\":\"ImageObject\",\"inLanguage\":\"en-US\",\"@id\":\"https:\/\/solecentrodeimagen.com\/en\/peluqueria\/analiticas-capilares\/#primaryimage\",\"url\":\"https:\/\/solecentrodeimagen.com\/wp-content\/uploads\/2015\/09\/shutterstock_24666616peq-300x247-1.jpg\",\"contentUrl\":\"https:\/\/solecentrodeimagen.com\/wp-content\/uploads\/2015\/09\/shutterstock_24666616peq-300x247-1.jpg\"},{\"@type\":\"BreadcrumbList\",\"@id\":\"https:\/\/solecentrodeimagen.com\/en\/peluqueria\/analiticas-capilares\/#breadcrumb\",\"itemListElement\":[{\"@type\":\"ListItem\",\"position\":1,\"name\":\"Home\",\"item\":\"https:\/\/solecentrodeimagen.com\/\"},{\"@type\":\"ListItem\",\"position\":2,\"name\":\"Tu peluquer\u00eda en Nerja\",\"item\":\"https:\/\/solecentrodeimagen.com\/en\/peluqueria\/\"},{\"@type\":\"ListItem\",\"position\":3,\"name\":\"Hair and scalp analysis\"}]},{\"@type\":\"WebSite\",\"@id\":\"https:\/\/solecentrodeimagen.com\/#website\",\"url\":\"https:\/\/solecentrodeimagen.com\/\",\"name\":\"Sole Centro de Imagen\",\"description\":\"Centro Medicina Est\u00e9tica, Dermatolog\u00eda y Est\u00e9tica avanzada\",\"publisher\":{\"@id\":\"https:\/\/solecentrodeimagen.com\/#organization\"},\"potentialAction\":[{\"@type\":\"SearchAction\",\"target\":{\"@type\":\"EntryPoint\",\"urlTemplate\":\"https:\/\/solecentrodeimagen.com\/?s={search_term_string}\"},\"query-input\":{\"@type\":\"PropertyValueSpecification\",\"valueRequired\":true,\"valueName\":\"search_term_string\"}}],\"inLanguage\":\"en-US\"},{\"@type\":\"Organization\",\"@id\":\"https:\/\/solecentrodeimagen.com\/#organization\",\"name\":\"Sole Centro de Imagen Integral\",\"url\":\"https:\/\/solecentrodeimagen.com\/\",\"logo\":{\"@type\":\"ImageObject\",\"inLanguage\":\"en-US\",\"@id\":\"https:\/\/solecentrodeimagen.com\/#\/schema\/logo\/image\/\",\"url\":\"https:\/\/solecentrodeimagen.com\/wp-content\/uploads\/2016\/06\/logo-solecentromedico.png\",\"contentUrl\":\"https:\/\/solecentrodeimagen.com\/wp-content\/uploads\/2016\/06\/logo-solecentromedico.png\",\"width\":281,\"height\":96,\"caption\":\"Sole Centro de Imagen Integral\"},\"image\":{\"@id\":\"https:\/\/solecentrodeimagen.com\/#\/schema\/logo\/image\/\"},\"sameAs\":[\"http:\/\/www.facebook.com\/solecentrodeimagen\",\"http:\/\/www.instagram.com\/solecentrodeimagen\"]}]}<\/script>\n<!-- \/ Yoast SEO plugin. -->","yoast_head_json":{"title":"Hair and scalp analysis | Sole Centro de Imagen","robots":{"index":"index","follow":"follow","max-snippet":"max-snippet:-1","max-image-preview":"max-image-preview:large","max-video-preview":"max-video-preview:-1"},"canonical":"https:\/\/solecentrodeimagen.com\/en\/peluqueria\/analiticas-capilares\/","og_locale":"en_US","og_type":"article","og_title":"Hair and scalp analysis | Sole Centro de Imagen","og_url":"https:\/\/solecentrodeimagen.com\/en\/peluqueria\/analiticas-capilares\/","og_site_name":"Sole Centro de Imagen","article_publisher":"http:\/\/www.facebook.com\/solecentrodeimagen","article_modified_time":"2017-03-10T17:44:55+00:00","og_image":[{"url":"https:\/\/solecentrodeimagen.com\/wp-content\/uploads\/2015\/09\/shutterstock_24666616peq-300x247-1.jpg"}],"twitter_card":"summary_large_image","twitter_misc":{"Est. reading time":"5 minutes"},"schema":{"@context":"https:\/\/schema.org","@graph":[{"@type":"WebPage","@id":"https:\/\/solecentrodeimagen.com\/en\/peluqueria\/analiticas-capilares\/","url":"https:\/\/solecentrodeimagen.com\/en\/peluqueria\/analiticas-capilares\/","name":"Hair and scalp analysis | Sole Centro de Imagen","isPartOf":{"@id":"https:\/\/solecentrodeimagen.com\/#website"},"primaryImageOfPage":{"@id":"https:\/\/solecentrodeimagen.com\/en\/peluqueria\/analiticas-capilares\/#primaryimage"},"image":{"@id":"https:\/\/solecentrodeimagen.com\/en\/peluqueria\/analiticas-capilares\/#primaryimage"},"thumbnailUrl":"https:\/\/solecentrodeimagen.com\/wp-content\/uploads\/2015\/09\/shutterstock_24666616peq-300x247-1.jpg","datePublished":"2016-03-18T15:40:35+00:00","dateModified":"2017-03-10T17:44:55+00:00","breadcrumb":{"@id":"https:\/\/solecentrodeimagen.com\/en\/peluqueria\/analiticas-capilares\/#breadcrumb"},"inLanguage":"en-US","potentialAction":[{"@type":"ReadAction","target":["https:\/\/solecentrodeimagen.com\/en\/peluqueria\/analiticas-capilares\/"]}]},{"@type":"ImageObject","inLanguage":"en-US","@id":"https:\/\/solecentrodeimagen.com\/en\/peluqueria\/analiticas-capilares\/#primaryimage","url":"https:\/\/solecentrodeimagen.com\/wp-content\/uploads\/2015\/09\/shutterstock_24666616peq-300x247-1.jpg","contentUrl":"https:\/\/solecentrodeimagen.com\/wp-content\/uploads\/2015\/09\/shutterstock_24666616peq-300x247-1.jpg"},{"@type":"BreadcrumbList","@id":"https:\/\/solecentrodeimagen.com\/en\/peluqueria\/analiticas-capilares\/#breadcrumb","itemListElement":[{"@type":"ListItem","position":1,"name":"Home","item":"https:\/\/solecentrodeimagen.com\/"},{"@type":"ListItem","position":2,"name":"Tu peluquer\u00eda en Nerja","item":"https:\/\/solecentrodeimagen.com\/en\/peluqueria\/"},{"@type":"ListItem","position":3,"name":"Hair and scalp analysis"}]},{"@type":"WebSite","@id":"https:\/\/solecentrodeimagen.com\/#website","url":"https:\/\/solecentrodeimagen.com\/","name":"Sole Centro de Imagen","description":"Centro Medicina Est\u00e9tica, Dermatolog\u00eda y Est\u00e9tica avanzada","publisher":{"@id":"https:\/\/solecentrodeimagen.com\/#organization"},"potentialAction":[{"@type":"SearchAction","target":{"@type":"EntryPoint","urlTemplate":"https:\/\/solecentrodeimagen.com\/?s={search_term_string}"},"query-input":{"@type":"PropertyValueSpecification","valueRequired":true,"valueName":"search_term_string"}}],"inLanguage":"en-US"},{"@type":"Organization","@id":"https:\/\/solecentrodeimagen.com\/#organization","name":"Sole Centro de Imagen Integral","url":"https:\/\/solecentrodeimagen.com\/","logo":{"@type":"ImageObject","inLanguage":"en-US","@id":"https:\/\/solecentrodeimagen.com\/#\/schema\/logo\/image\/","url":"https:\/\/solecentrodeimagen.com\/wp-content\/uploads\/2016\/06\/logo-solecentromedico.png","contentUrl":"https:\/\/solecentrodeimagen.com\/wp-content\/uploads\/2016\/06\/logo-solecentromedico.png","width":281,"height":96,"caption":"Sole Centro de Imagen Integral"},"image":{"@id":"https:\/\/solecentrodeimagen.com\/#\/schema\/logo\/image\/"},"sameAs":["http:\/\/www.facebook.com\/solecentrodeimagen","http:\/\/www.instagram.com\/solecentrodeimagen"]}]}},"_links":{"self":[{"href":"https:\/\/solecentrodeimagen.com\/en\/wp-json\/wp\/v2\/pages\/11871"}],"collection":[{"href":"https:\/\/solecentrodeimagen.com\/en\/wp-json\/wp\/v2\/pages"}],"about":[{"href":"https:\/\/solecentrodeimagen.com\/en\/wp-json\/wp\/v2\/types\/page"}],"author":[{"embeddable":true,"href":"https:\/\/solecentrodeimagen.com\/en\/wp-json\/wp\/v2\/users\/13"}],"replies":[{"embeddable":true,"href":"https:\/\/solecentrodeimagen.com\/en\/wp-json\/wp\/v2\/comments?post=11871"}],"version-history":[{"count":0,"href":"https:\/\/solecentrodeimagen.com\/en\/wp-json\/wp\/v2\/pages\/11871\/revisions"}],"up":[{"embeddable":true,"href":"https:\/\/solecentrodeimagen.com\/en\/wp-json\/wp\/v2\/pages\/11572"}],"wp:attachment":[{"href":"https:\/\/solecentrodeimagen.com\/en\/wp-json\/wp\/v2\/media?parent=11871"}],"curies":[{"name":"wp","href":"https:\/\/api.w.org\/{rel}","templated":true}]}}