{"id":11878,"date":"2015-12-01T17:42:21","date_gmt":"2015-12-01T16:42:21","guid":{"rendered":"http:\/\/wordpress.solecentrodebelleza.com\/?page_id=11878"},"modified":"2017-03-10T18:44:56","modified_gmt":"2017-03-10T17:44:56","slug":"tratamientos-capilares","status":"publish","type":"page","link":"https:\/\/solecentrodeimagen.com\/en\/peluqueria\/tratamientos-capilares\/","title":{"rendered":"Hair Treatments"},"content":{"rendered":"<div class=\"fusion-text fusion-text-1\"><div class=\"art-PostContent\">\n<div class=\"art-article\">\n<p style=\"text-align: justify;\"><img decoding=\"async\" class=\" wp-image-15192 alignright\" src=\"https:\/\/solecentrodeimagen.com\/wp-content\/uploads\/2015\/09\/tratamientos_capilares.jpg\" alt=\"tratamientos_capilares\" width=\"236\" height=\"324\" srcset=\"https:\/\/solecentrodeimagen.com\/wp-content\/uploads\/2015\/09\/tratamientos_capilares-219x300.jpg 219w, https:\/\/solecentrodeimagen.com\/wp-content\/uploads\/2015\/09\/tratamientos_capilares.jpg 255w\" sizes=\"(max-width: 236px) 100vw, 236px\" \/><\/p>\n<p style=\"text-align: justify;\">Many answers to hair problems offered by the general market are based on drugs or only serve to camouflage the hair condition.<\/p>\n<p style=\"text-align: justify;\">Our approach is based on skin care to provide advanced treatment in hair thinning.<\/p>\n<p style=\"text-align: justify;\">As an extension of the facial skin, the scalp requires the same attention and care. Our range of treatments and products are designed to strengthen, nourish and treat the hair from its root.<\/p>\n<p style=\"text-align: justify;\">The health of the scalp will be reflected in your hair.<\/p>\n<p style=\"text-align: justify;\">The most common three hair thinning signs are fewer hair, finer hair and certain areas of the scalp unhealthy for hair growth.<\/p>\n<p style=\"text-align: justify;\">Systems that we offer for the treatment of these three signs are:<\/p>\n<h3 style=\"text-align: justify;\">PEELING<\/h3>\n<p style=\"text-align: justify;\">This is a regenerative treatment descaling production of follicle fat.<\/p>\n<p style=\"text-align: justify;\">The peeling generates a thermal effect which produces vasodilation in the treated area, increasing blood flow and eliminating waste. It also has an anti-inflammatory, analgesic, oxygenating and relaxing effect that produces greater absorption of the active ingredients. This is the first step to begin treatment for hair renewal.<\/p>\n<h3 style=\"text-align: justify;\">STEAM<\/h3>\n<p style=\"text-align: justify;\">The steam in contact with the scalp provides an opening of the hair follicle. This allows, on one hand, that the products penetrate better into the scalp and secondly that all impurities present are eliminated. This technique is highly recommended in the treatment of dandruff and dry and damaged hair as it provides moisture.<\/p>\n<h3 style=\"text-align: justify;\">INDIBA CAPILLARY SYSTEM<\/h3>\n<p style=\"text-align: justify;\">The method of INDIBA is a radio frequency, which produces a rise in temperature that expands and increases vascularisation of the treated area.<\/p>\n<p style=\"text-align: justify;\">It is an oxygenating and regenerating antioxidant and increases the ability to absorb blood and increases transport of oxygen. It is therefore capable of promoting the regeneration of different types of tissues which is useful to prevent and stop alopecic processes.<\/p>\n<h3 style=\"text-align: justify;\">HIGH FREQUENCY<\/h3>\n<p style=\"text-align: justify;\">This device is used as an active element for its soothing and antiseptic actions that generate ozone in small quantities.<\/p>\n<h3 style=\"text-align: justify;\">INFRARED<\/h3>\n<p style=\"text-align: justify;\">These rays of invisible spectrum light penetrate the skin by increasing blood flow, oxygenation and nutrient supply to the tissues. The irradiation produces a temperature rise in tissue and vasodilation occurs creating a better reach to nutrients.<\/p>\n<h3 style=\"text-align: justify;\">IONIZATION BRUSHING<\/h3>\n<p style=\"text-align: justify;\">This removes greasy hair, activates microcirculation and hair follicles, kills bacteria, viruses, fungi, spores, creates an increase of oxygen, and acts in preventing outbreaks. This treatment brushes off negative ions preventing dandruff and other hair diseases. It also prevents frizz and eliminates static electric hair.<\/p>\n<p style=\"text-align: justify;\">It is ideal for home maintenance.<\/p>\n<p style=\"text-align: justify;\">The sessions and intervals are what mark the success of the treatment resulting in a high level of hair restoration.<\/p>\n<p style=\"text-align: justify;\">If you are interested on this treatment and want to inquire, click <a href=\"https:\/\/solecentrodeimagen.com\/index.php\/contacto\/\">here<\/a><\/p>\n<\/div>\n<\/div>\n<p>\n<\/div><div class=\"fusion-sep-clear\"><\/div><div class=\"fusion-separator fusion-full-width-sep\" style=\"margin-left: auto;margin-right: auto;margin-top:20px;width:100%;\"><\/div><div class=\"fusion-sep-clear\"><\/div>[\/fusion_builder_column]<div class=\"fusion-layout-column fusion_builder_column fusion-builder-column-0 fusion_builder_column_1_1 1_1 fusion-one-full fusion-column-first fusion-column-last fusion-column-no-min-height\" style=\"--awb-bg-size:cover;--awb-margin-bottom:0px;width:100%;\"><div class=\"fusion-column-wrapper fusion-flex-column-wrapper-legacy\"><div class=\"fusion-clearfix\"><\/div><\/div><\/div><div class=\"fusion-sharing-box fusion-sharing-box-1 has-taglines layout-floated layout-medium-floated layout-small-floated\" style=\"background-color:#f7f7f7;--awb-layout:row;--awb-alignment-small:space-between;\" data-title=\"Hair Treatments\" data-description=\"{:es}\r\n\r\nMuchas de las respuestas a los problemas capilares ofrecidas por el mercado se basan en medicamentos o solo sirven para camuflar el estado del cabello.\r\nNuestro enfoque est\u00e1 basado en el cuidado de la piel para proporcionar un tratamiento avanzado en el\" data-link=\"https:\/\/solecentrodeimagen.com\/en\/peluqueria\/tratamientos-capilares\/\"><h4 class=\"tagline\" style=\"color:#333333;\">If you like this page, please share it with your friends<\/h4><div class=\"fusion-social-networks sharingbox-shortcode-icon-wrapper sharingbox-shortcode-icon-wrapper-1\"><span><a href=\"https:\/\/www.facebook.com\/sharer.php?u=https%3A%2F%2Fsolecentrodeimagen.com%2Fen%2Fpeluqueria%2Ftratamientos-capilares%2F&amp;t=Hair%20Treatments\" target=\"_blank\" rel=\"noreferrer nofollow\" title=\"Facebook\" aria-label=\"Facebook\" data-placement=\"top\" data-toggle=\"tooltip\" data-title=\"Facebook\"><i class=\"fusion-social-network-icon fusion-tooltip fusion-facebook awb-icon-facebook\" style=\"color:#000000;\" aria-hidden=\"true\"><\/i><\/a><\/span><span><a href=\"https:\/\/x.com\/share?text=Hair%20Treatments&amp;url=https%3A%2F%2Fsolecentrodeimagen.com%2Fen%2Fpeluqueria%2Ftratamientos-capilares%2F\" target=\"_blank\" rel=\"noopener noreferrer nofollow\" title=\"X\" aria-label=\"X\" data-placement=\"top\" data-toggle=\"tooltip\" data-title=\"X\"><i class=\"fusion-social-network-icon fusion-tooltip fusion-twitter awb-icon-twitter\" style=\"color:#000000;\" aria-hidden=\"true\"><\/i><\/a><\/span><span><a href=\"mailto:?subject=Hair%20Treatments&amp;body=https%3A%2F%2Fsolecentrodeimagen.com%2Fen%2Fpeluqueria%2Ftratamientos-capilares%2F\" target=\"_self\" rel=\"nofollow\" title=\"Email\" aria-label=\"Email\" data-placement=\"top\" data-toggle=\"tooltip\" data-title=\"Email\"><i class=\"fusion-social-network-icon fusion-tooltip fusion-mail awb-icon-mail\" style=\"color:#000000;\" aria-hidden=\"true\"><\/i><\/a><\/span><\/div><\/div><div class=\"fusion-sep-clear\"><\/div><div class=\"fusion-separator fusion-has-icon fusion-full-width-sep\" style=\"margin-left: auto;margin-right: auto;width:100%;\"><div class=\"fusion-separator-border sep-shadow\" style=\"--awb-height:20px;--awb-amount:20px;background:radial-gradient(ellipse at 50% -50% , #e0dede 0px, rgba(255, 255, 255, 0) 80%) repeat scroll 0 0 rgba(0, 0, 0, 0);background:-webkit-radial-gradient(ellipse at 50% -50% , #e0dede 0px, rgba(255, 255, 255, 0) 80%) repeat scroll 0 0 rgba(0, 0, 0, 0);background:-moz-radial-gradient(ellipse at 50% -50% , #e0dede 0px, rgba(255, 255, 255, 0) 80%) repeat scroll 0 0 rgba(0, 0, 0, 0);background:-o-radial-gradient(ellipse at 50% -50% , #e0dede 0px, rgba(255, 255, 255, 0) 80%) repeat scroll 0 0 rgba(0, 0, 0, 0);\"><\/div><span class=\"icon-wrapper\" style=\"border-color:#e0dede;background-color:rgba(255,255,255,0);font-size:13px;width: 1.75em; height: 1.75em;border-width:1px;padding:1px;\"><i class=\" fa fa-comments\" style=\"font-size: inherit;color:#e0dede;\" aria-hidden=\"true\"><\/i><\/span><div class=\"fusion-separator-border sep-shadow\" style=\"--awb-height:20px;--awb-amount:20px;background:radial-gradient(ellipse at 50% -50% , #e0dede 0px, rgba(255, 255, 255, 0) 80%) repeat scroll 0 0 rgba(0, 0, 0, 0);background:-webkit-radial-gradient(ellipse at 50% -50% , #e0dede 0px, rgba(255, 255, 255, 0) 80%) repeat scroll 0 0 rgba(0, 0, 0, 0);background:-moz-radial-gradient(ellipse at 50% -50% , #e0dede 0px, rgba(255, 255, 255, 0) 80%) repeat scroll 0 0 rgba(0, 0, 0, 0);background:-o-radial-gradient(ellipse at 50% -50% , #e0dede 0px, rgba(255, 255, 255, 0) 80%) repeat scroll 0 0 rgba(0, 0, 0, 0);\"><\/div><\/div><div class=\"fusion-sep-clear\"><\/div><\/p>\n","protected":false},"excerpt":{"rendered":"<p>Muchas de las respuestas a los problemas capilares ofrecidas por el mercado se basan en medicamentos o solo sirven para camuflar el estado del cabello. Nuestro enfoque est\u00e1 basado en el cuidado de la piel para proporcionar un tratamiento avanzado en el debilitamiento del cabello. Como una extensi\u00f3n de la piel facial, el cuero cabelludo [&hellip;]<\/p>\n","protected":false},"author":13,"featured_media":0,"parent":11572,"menu_order":0,"comment_status":"open","ping_status":"closed","template":"","meta":{"footnotes":""},"class_list":["post-11878","page","type-page","status-publish","hentry"],"translation":{"provider":"WPGlobus","version":"3.0.0","language":"en","enabled_languages":["es","en","fr"],"languages":{"es":{"title":true,"content":true,"excerpt":false},"en":{"title":true,"content":true,"excerpt":false},"fr":{"title":true,"content":true,"excerpt":false}}},"yoast_head":"<!-- This site is optimized with the Yoast SEO plugin v23.5 - https:\/\/yoast.com\/wordpress\/plugins\/seo\/ -->\n<title>Hair Treatments | Sole Centro de Imagen<\/title>\n<meta name=\"robots\" content=\"index, follow, max-snippet:-1, max-image-preview:large, max-video-preview:-1\" \/>\n<link rel=\"canonical\" href=\"https:\/\/solecentrodeimagen.com\/en\/peluqueria\/tratamientos-capilares\/\" \/>\n<meta property=\"og:locale\" content=\"en_US\" \/>\n<meta property=\"og:type\" content=\"article\" \/>\n<meta property=\"og:title\" content=\"Hair Treatments | Sole Centro de Imagen\" \/>\n<meta property=\"og:url\" content=\"https:\/\/solecentrodeimagen.com\/en\/peluqueria\/tratamientos-capilares\/\" \/>\n<meta property=\"og:site_name\" content=\"Sole Centro de Imagen\" \/>\n<meta property=\"article:publisher\" content=\"http:\/\/www.facebook.com\/solecentrodeimagen\" \/>\n<meta property=\"article:modified_time\" content=\"2017-03-10T17:44:56+00:00\" \/>\n<meta property=\"og:image\" content=\"https:\/\/solecentrodeimagen.com\/wp-content\/uploads\/2015\/09\/tratamientos_capilares.jpg\" \/>\n<meta name=\"twitter:card\" content=\"summary_large_image\" \/>\n<meta name=\"twitter:label1\" content=\"Est. reading time\" \/>\n\t<meta name=\"twitter:data1\" content=\"10 minutes\" \/>\n<script type=\"application\/ld+json\" class=\"yoast-schema-graph\">{\"@context\":\"https:\/\/schema.org\",\"@graph\":[{\"@type\":\"WebPage\",\"@id\":\"https:\/\/solecentrodeimagen.com\/en\/peluqueria\/tratamientos-capilares\/\",\"url\":\"https:\/\/solecentrodeimagen.com\/en\/peluqueria\/tratamientos-capilares\/\",\"name\":\"Hair Treatments | Sole Centro de Imagen\",\"isPartOf\":{\"@id\":\"https:\/\/solecentrodeimagen.com\/#website\"},\"primaryImageOfPage\":{\"@id\":\"https:\/\/solecentrodeimagen.com\/en\/peluqueria\/tratamientos-capilares\/#primaryimage\"},\"image\":{\"@id\":\"https:\/\/solecentrodeimagen.com\/en\/peluqueria\/tratamientos-capilares\/#primaryimage\"},\"thumbnailUrl\":\"https:\/\/solecentrodeimagen.com\/wp-content\/uploads\/2015\/09\/tratamientos_capilares.jpg\",\"datePublished\":\"2015-12-01T16:42:21+00:00\",\"dateModified\":\"2017-03-10T17:44:56+00:00\",\"breadcrumb\":{\"@id\":\"https:\/\/solecentrodeimagen.com\/en\/peluqueria\/tratamientos-capilares\/#breadcrumb\"},\"inLanguage\":\"en-US\",\"potentialAction\":[{\"@type\":\"ReadAction\",\"target\":[\"https:\/\/solecentrodeimagen.com\/en\/peluqueria\/tratamientos-capilares\/\"]}]},{\"@type\":\"ImageObject\",\"inLanguage\":\"en-US\",\"@id\":\"https:\/\/solecentrodeimagen.com\/en\/peluqueria\/tratamientos-capilares\/#primaryimage\",\"url\":\"https:\/\/solecentrodeimagen.com\/wp-content\/uploads\/2015\/09\/tratamientos_capilares.jpg\",\"contentUrl\":\"https:\/\/solecentrodeimagen.com\/wp-content\/uploads\/2015\/09\/tratamientos_capilares.jpg\"},{\"@type\":\"BreadcrumbList\",\"@id\":\"https:\/\/solecentrodeimagen.com\/en\/peluqueria\/tratamientos-capilares\/#breadcrumb\",\"itemListElement\":[{\"@type\":\"ListItem\",\"position\":1,\"name\":\"Home\",\"item\":\"https:\/\/solecentrodeimagen.com\/\"},{\"@type\":\"ListItem\",\"position\":2,\"name\":\"Tu peluquer\u00eda en Nerja\",\"item\":\"https:\/\/solecentrodeimagen.com\/en\/peluqueria\/\"},{\"@type\":\"ListItem\",\"position\":3,\"name\":\"Hair Treatments\"}]},{\"@type\":\"WebSite\",\"@id\":\"https:\/\/solecentrodeimagen.com\/#website\",\"url\":\"https:\/\/solecentrodeimagen.com\/\",\"name\":\"Sole Centro de Imagen\",\"description\":\"Centro Medicina Est\u00e9tica, Dermatolog\u00eda y Est\u00e9tica avanzada\",\"publisher\":{\"@id\":\"https:\/\/solecentrodeimagen.com\/#organization\"},\"potentialAction\":[{\"@type\":\"SearchAction\",\"target\":{\"@type\":\"EntryPoint\",\"urlTemplate\":\"https:\/\/solecentrodeimagen.com\/?s={search_term_string}\"},\"query-input\":{\"@type\":\"PropertyValueSpecification\",\"valueRequired\":true,\"valueName\":\"search_term_string\"}}],\"inLanguage\":\"en-US\"},{\"@type\":\"Organization\",\"@id\":\"https:\/\/solecentrodeimagen.com\/#organization\",\"name\":\"Sole Centro de Imagen Integral\",\"url\":\"https:\/\/solecentrodeimagen.com\/\",\"logo\":{\"@type\":\"ImageObject\",\"inLanguage\":\"en-US\",\"@id\":\"https:\/\/solecentrodeimagen.com\/#\/schema\/logo\/image\/\",\"url\":\"https:\/\/solecentrodeimagen.com\/wp-content\/uploads\/2016\/06\/logo-solecentromedico.png\",\"contentUrl\":\"https:\/\/solecentrodeimagen.com\/wp-content\/uploads\/2016\/06\/logo-solecentromedico.png\",\"width\":281,\"height\":96,\"caption\":\"Sole Centro de Imagen Integral\"},\"image\":{\"@id\":\"https:\/\/solecentrodeimagen.com\/#\/schema\/logo\/image\/\"},\"sameAs\":[\"http:\/\/www.facebook.com\/solecentrodeimagen\",\"http:\/\/www.instagram.com\/solecentrodeimagen\"]}]}<\/script>\n<!-- \/ Yoast SEO plugin. -->","yoast_head_json":{"title":"Hair Treatments | Sole Centro de Imagen","robots":{"index":"index","follow":"follow","max-snippet":"max-snippet:-1","max-image-preview":"max-image-preview:large","max-video-preview":"max-video-preview:-1"},"canonical":"https:\/\/solecentrodeimagen.com\/en\/peluqueria\/tratamientos-capilares\/","og_locale":"en_US","og_type":"article","og_title":"Hair Treatments | Sole Centro de Imagen","og_url":"https:\/\/solecentrodeimagen.com\/en\/peluqueria\/tratamientos-capilares\/","og_site_name":"Sole Centro de Imagen","article_publisher":"http:\/\/www.facebook.com\/solecentrodeimagen","article_modified_time":"2017-03-10T17:44:56+00:00","og_image":[{"url":"https:\/\/solecentrodeimagen.com\/wp-content\/uploads\/2015\/09\/tratamientos_capilares.jpg"}],"twitter_card":"summary_large_image","twitter_misc":{"Est. reading time":"10 minutes"},"schema":{"@context":"https:\/\/schema.org","@graph":[{"@type":"WebPage","@id":"https:\/\/solecentrodeimagen.com\/en\/peluqueria\/tratamientos-capilares\/","url":"https:\/\/solecentrodeimagen.com\/en\/peluqueria\/tratamientos-capilares\/","name":"Hair Treatments | Sole Centro de Imagen","isPartOf":{"@id":"https:\/\/solecentrodeimagen.com\/#website"},"primaryImageOfPage":{"@id":"https:\/\/solecentrodeimagen.com\/en\/peluqueria\/tratamientos-capilares\/#primaryimage"},"image":{"@id":"https:\/\/solecentrodeimagen.com\/en\/peluqueria\/tratamientos-capilares\/#primaryimage"},"thumbnailUrl":"https:\/\/solecentrodeimagen.com\/wp-content\/uploads\/2015\/09\/tratamientos_capilares.jpg","datePublished":"2015-12-01T16:42:21+00:00","dateModified":"2017-03-10T17:44:56+00:00","breadcrumb":{"@id":"https:\/\/solecentrodeimagen.com\/en\/peluqueria\/tratamientos-capilares\/#breadcrumb"},"inLanguage":"en-US","potentialAction":[{"@type":"ReadAction","target":["https:\/\/solecentrodeimagen.com\/en\/peluqueria\/tratamientos-capilares\/"]}]},{"@type":"ImageObject","inLanguage":"en-US","@id":"https:\/\/solecentrodeimagen.com\/en\/peluqueria\/tratamientos-capilares\/#primaryimage","url":"https:\/\/solecentrodeimagen.com\/wp-content\/uploads\/2015\/09\/tratamientos_capilares.jpg","contentUrl":"https:\/\/solecentrodeimagen.com\/wp-content\/uploads\/2015\/09\/tratamientos_capilares.jpg"},{"@type":"BreadcrumbList","@id":"https:\/\/solecentrodeimagen.com\/en\/peluqueria\/tratamientos-capilares\/#breadcrumb","itemListElement":[{"@type":"ListItem","position":1,"name":"Home","item":"https:\/\/solecentrodeimagen.com\/"},{"@type":"ListItem","position":2,"name":"Tu peluquer\u00eda en Nerja","item":"https:\/\/solecentrodeimagen.com\/en\/peluqueria\/"},{"@type":"ListItem","position":3,"name":"Hair Treatments"}]},{"@type":"WebSite","@id":"https:\/\/solecentrodeimagen.com\/#website","url":"https:\/\/solecentrodeimagen.com\/","name":"Sole Centro de Imagen","description":"Centro Medicina Est\u00e9tica, Dermatolog\u00eda y Est\u00e9tica avanzada","publisher":{"@id":"https:\/\/solecentrodeimagen.com\/#organization"},"potentialAction":[{"@type":"SearchAction","target":{"@type":"EntryPoint","urlTemplate":"https:\/\/solecentrodeimagen.com\/?s={search_term_string}"},"query-input":{"@type":"PropertyValueSpecification","valueRequired":true,"valueName":"search_term_string"}}],"inLanguage":"en-US"},{"@type":"Organization","@id":"https:\/\/solecentrodeimagen.com\/#organization","name":"Sole Centro de Imagen Integral","url":"https:\/\/solecentrodeimagen.com\/","logo":{"@type":"ImageObject","inLanguage":"en-US","@id":"https:\/\/solecentrodeimagen.com\/#\/schema\/logo\/image\/","url":"https:\/\/solecentrodeimagen.com\/wp-content\/uploads\/2016\/06\/logo-solecentromedico.png","contentUrl":"https:\/\/solecentrodeimagen.com\/wp-content\/uploads\/2016\/06\/logo-solecentromedico.png","width":281,"height":96,"caption":"Sole Centro de Imagen Integral"},"image":{"@id":"https:\/\/solecentrodeimagen.com\/#\/schema\/logo\/image\/"},"sameAs":["http:\/\/www.facebook.com\/solecentrodeimagen","http:\/\/www.instagram.com\/solecentrodeimagen"]}]}},"_links":{"self":[{"href":"https:\/\/solecentrodeimagen.com\/en\/wp-json\/wp\/v2\/pages\/11878"}],"collection":[{"href":"https:\/\/solecentrodeimagen.com\/en\/wp-json\/wp\/v2\/pages"}],"about":[{"href":"https:\/\/solecentrodeimagen.com\/en\/wp-json\/wp\/v2\/types\/page"}],"author":[{"embeddable":true,"href":"https:\/\/solecentrodeimagen.com\/en\/wp-json\/wp\/v2\/users\/13"}],"replies":[{"embeddable":true,"href":"https:\/\/solecentrodeimagen.com\/en\/wp-json\/wp\/v2\/comments?post=11878"}],"version-history":[{"count":0,"href":"https:\/\/solecentrodeimagen.com\/en\/wp-json\/wp\/v2\/pages\/11878\/revisions"}],"up":[{"embeddable":true,"href":"https:\/\/solecentrodeimagen.com\/en\/wp-json\/wp\/v2\/pages\/11572"}],"wp:attachment":[{"href":"https:\/\/solecentrodeimagen.com\/en\/wp-json\/wp\/v2\/media?parent=11878"}],"curies":[{"name":"wp","href":"https:\/\/api.w.org\/{rel}","templated":true}]}}