{"id":11888,"date":"2015-09-01T18:07:43","date_gmt":"2015-09-01T16:07:43","guid":{"rendered":"http:\/\/wordpress.solecentrodebelleza.com\/?page_id=11888"},"modified":"2017-03-10T18:44:57","modified_gmt":"2017-03-10T17:44:57","slug":"extensiones-hairdreams","status":"publish","type":"page","link":"https:\/\/solecentrodeimagen.com\/en\/peluqueria\/extensiones-hairdreams\/","title":{"rendered":"Hairdreams | 100% natural hair extensions"},"content":{"rendered":"<div class=\"fusion-text fusion-text-1\"><div class=\"art-PostContent\">\n<div class=\"art-article\">\n<h3 style=\"text-align: justify;\"><img decoding=\"async\" class=\" wp-image-15200 alignright\" src=\"https:\/\/solecentrodeimagen.com\/wp-content\/uploads\/2015\/09\/hairdreamsimagepeq.jpg\" alt=\"hairdreamsimagepeq\" width=\"258\" height=\"277\" \/><\/h3>\n<h3 style=\"text-align: justify;\">The long hair of your dreams \u2026<\/h3>\n<p style=\"text-align: justify;\">Long, lustrious hair has always been considered synonymous with feminine beauty. This is still the same today\u2026<\/p>\n<p style=\"text-align: justify;\">The dream of a perfect long hair is sometimes only possible with great effort and good climatic factors. Stress, the use of chemicals and many other things damage the hair, worsening its condition.<\/p>\n<p style=\"text-align: justify;\">Hairdreams extensions get results more quickly and conveniently. The extensions are virtually indistinguishable from your own hair and allow in just a few hours long and thick hair, so that you can create any style. The binding zones are almost invisible, with the binding process being totally painfree and most importantly not damaging the hair itself.<\/p>\n<p style=\"text-align: justify;\">There are 2 grades of hair: 1) Basic &#8211; that can last up to 6 months and 2) Special that can be used 4 times for its superior quality.<\/p>\n<p dir=\"ltr\" style=\"text-align: justify;\" align=\"left\">There are 8 lengths of hair which vary from 25 cm to 75 cm, which can be straightened, curled, dyed etc ..<\/p>\n<p style=\"text-align: justify;\">Haidreams offers different methods to lengthen, add volume to hair and create effects, &#8230;<\/p>\n<p style=\"text-align: justify;\">A wide variety of both natural colors with highlights or fantasy can be chosen from.<\/p>\n<p style=\"text-align: justify;\">Hairdreams is so committed to their image that they have created different systems for people with baldness, thinning hair or hair that is too thin and lacking thickness.<\/p>\n<ul style=\"text-align: justify;\">\n<li>Microline:<\/li>\n<\/ul>\n<p style=\"text-align: justify;\">This is the most suitable to create volume in thin hair. This system is permanently attached and worn as if it were part of the hair itself, without restrictions to sport, saunas etc.<\/p>\n<ul style=\"text-align: justify;\">\n<li>Top hair:<\/li>\n<\/ul>\n<p style=\"text-align: justify;\">Extra Thickness fast\u2026,\u00a0 extremely flexible and super comfortable for fine hair lacking in volume. It can be fixed permanently or temporarily using a clip.<\/p>\n<ul style=\"text-align: justify;\">\n<li>Highlines:<\/li>\n<\/ul>\n<p style=\"text-align: justify;\">Recommended for slightly fine and short hair. Seeks more volume on top of the head area. Similar to the microline. Permanent set.<\/p>\n<ul style=\"text-align: justify;\">\n<li>Extensions rings and clip:<\/li>\n<\/ul>\n<p style=\"text-align: justify;\">Lengthen and add volume with a natural appearance, fast and secure.<\/p>\n<ul style=\"text-align: justify;\">\n<li>Swarovski Crystals:<\/li>\n<\/ul>\n<p style=\"text-align: justify;\">Sophisticated bright for those occasions with a special glamor. With clip and lengths of 30 and 40 cm.<\/p>\n<p style=\"text-align: justify;\">Hairdreams guarantees impeccable quality of the hair during the entire period in which extensions are worn along with a care catalogue and ticket of guarantee being provided.<\/p>\n<p style=\"text-align: justify;\">If you are interested on this treatment and want to inquire, click <a href=\"https:\/\/solecentrodeimagen.com\/index.php\/contacto\/\">here<\/a>.<\/p>\n<\/div>\n<\/div>\n<p>\n<\/div><div class=\"fusion-sep-clear\"><\/div><div class=\"fusion-separator fusion-full-width-sep\" style=\"margin-left: auto;margin-right: auto;margin-top:20px;width:100%;\"><\/div><div class=\"fusion-sep-clear\"><\/div>[\/fusion_builder_column]<div class=\"fusion-layout-column fusion_builder_column fusion-builder-column-0 fusion_builder_column_1_1 1_1 fusion-one-full fusion-column-first fusion-column-last fusion-column-no-min-height\" style=\"--awb-bg-size:cover;--awb-margin-bottom:0px;width:100%;\"><div class=\"fusion-column-wrapper fusion-flex-column-wrapper-legacy\"><div class=\"fusion-clearfix\"><\/div><\/div><\/div><div class=\"fusion-sharing-box fusion-sharing-box-1 has-taglines layout-floated layout-medium-floated layout-small-floated\" style=\"background-color:#f7f7f7;--awb-layout:row;--awb-alignment-small:space-between;\" data-title=\"Hairdreams | 100% natural hair extensions\" data-description=\"{:es}\r\n\r\nExtensiones Hairdreams - Cabello largo\u2026 \u00a0de ensue\u00f1o\r\nCabellos largos y cuidados son considerados desde siempre sin\u00f3nimo de belleza femenina. Esto no ha cambiado hasta ahora y seguir\u00e1 siendo con extensiones hairdreams.\r\nEl sue\u00f1o de un cabello largo y perfecto es\" data-link=\"https:\/\/solecentrodeimagen.com\/en\/peluqueria\/extensiones-hairdreams\/\"><h4 class=\"tagline\" style=\"color:#333333;\">If you like this page, please share it with your friends<\/h4><div class=\"fusion-social-networks sharingbox-shortcode-icon-wrapper sharingbox-shortcode-icon-wrapper-1\"><span><a href=\"https:\/\/www.facebook.com\/sharer.php?u=https%3A%2F%2Fsolecentrodeimagen.com%2Fen%2Fpeluqueria%2Fextensiones-hairdreams%2F&amp;t=Hairdreams%20%7C%20100%25%20natural%20hair%20extensions\" target=\"_blank\" rel=\"noreferrer nofollow\" title=\"Facebook\" aria-label=\"Facebook\" data-placement=\"top\" data-toggle=\"tooltip\" data-title=\"Facebook\"><i class=\"fusion-social-network-icon fusion-tooltip fusion-facebook awb-icon-facebook\" style=\"color:#000000;\" aria-hidden=\"true\"><\/i><\/a><\/span><span><a href=\"https:\/\/x.com\/share?text=Hairdreams%20%7C%20100%25%20natural%20hair%20extensions&amp;url=https%3A%2F%2Fsolecentrodeimagen.com%2Fen%2Fpeluqueria%2Fextensiones-hairdreams%2F\" target=\"_blank\" rel=\"noopener noreferrer nofollow\" title=\"X\" aria-label=\"X\" data-placement=\"top\" data-toggle=\"tooltip\" data-title=\"X\"><i class=\"fusion-social-network-icon fusion-tooltip fusion-twitter awb-icon-twitter\" style=\"color:#000000;\" aria-hidden=\"true\"><\/i><\/a><\/span><span><a href=\"mailto:?subject=Hairdreams%20%7C%20100%25%20natural%20hair%20extensions&amp;body=https%3A%2F%2Fsolecentrodeimagen.com%2Fen%2Fpeluqueria%2Fextensiones-hairdreams%2F\" target=\"_self\" rel=\"nofollow\" title=\"Email\" aria-label=\"Email\" data-placement=\"top\" data-toggle=\"tooltip\" data-title=\"Email\"><i class=\"fusion-social-network-icon fusion-tooltip fusion-mail awb-icon-mail\" style=\"color:#000000;\" aria-hidden=\"true\"><\/i><\/a><\/span><\/div><\/div><div class=\"fusion-sep-clear\"><\/div><div class=\"fusion-separator fusion-has-icon fusion-full-width-sep\" style=\"margin-left: auto;margin-right: auto;width:100%;\"><div class=\"fusion-separator-border sep-shadow\" style=\"--awb-height:20px;--awb-amount:20px;background:radial-gradient(ellipse at 50% -50% , #e0dede 0px, rgba(255, 255, 255, 0) 80%) repeat scroll 0 0 rgba(0, 0, 0, 0);background:-webkit-radial-gradient(ellipse at 50% -50% , #e0dede 0px, rgba(255, 255, 255, 0) 80%) repeat scroll 0 0 rgba(0, 0, 0, 0);background:-moz-radial-gradient(ellipse at 50% -50% , #e0dede 0px, rgba(255, 255, 255, 0) 80%) repeat scroll 0 0 rgba(0, 0, 0, 0);background:-o-radial-gradient(ellipse at 50% -50% , #e0dede 0px, rgba(255, 255, 255, 0) 80%) repeat scroll 0 0 rgba(0, 0, 0, 0);\"><\/div><span class=\"icon-wrapper\" style=\"border-color:#e0dede;background-color:rgba(255,255,255,0);font-size:13px;width: 1.75em; height: 1.75em;border-width:1px;padding:1px;\"><i class=\" fa fa-comments\" style=\"font-size: inherit;color:#e0dede;\" aria-hidden=\"true\"><\/i><\/span><div class=\"fusion-separator-border sep-shadow\" style=\"--awb-height:20px;--awb-amount:20px;background:radial-gradient(ellipse at 50% -50% , #e0dede 0px, rgba(255, 255, 255, 0) 80%) repeat scroll 0 0 rgba(0, 0, 0, 0);background:-webkit-radial-gradient(ellipse at 50% -50% , #e0dede 0px, rgba(255, 255, 255, 0) 80%) repeat scroll 0 0 rgba(0, 0, 0, 0);background:-moz-radial-gradient(ellipse at 50% -50% , #e0dede 0px, rgba(255, 255, 255, 0) 80%) repeat scroll 0 0 rgba(0, 0, 0, 0);background:-o-radial-gradient(ellipse at 50% -50% , #e0dede 0px, rgba(255, 255, 255, 0) 80%) repeat scroll 0 0 rgba(0, 0, 0, 0);\"><\/div><\/div><div class=\"fusion-sep-clear\"><\/div><\/p>\n","protected":false},"excerpt":{"rendered":"<p>Extensiones Hairdreams &#8211; Cabello largo\u2026 \u00a0de ensue\u00f1o Cabellos largos y cuidados son considerados desde siempre sin\u00f3nimo de belleza femenina. Esto no ha cambiado hasta ahora y seguir\u00e1 siendo con extensiones hairdreams. El sue\u00f1o de un cabello largo y perfecto es solo posible en ocasiones con mucho esfuerzo ya que los factores clim\u00e1ticos, el str\u00e9s, el [&hellip;]<\/p>\n","protected":false},"author":13,"featured_media":0,"parent":11572,"menu_order":0,"comment_status":"open","ping_status":"closed","template":"","meta":{"footnotes":""},"class_list":["post-11888","page","type-page","status-publish","hentry"],"translation":{"provider":"WPGlobus","version":"3.0.0","language":"en","enabled_languages":["es","en","fr"],"languages":{"es":{"title":true,"content":true,"excerpt":false},"en":{"title":true,"content":true,"excerpt":false},"fr":{"title":true,"content":true,"excerpt":false}}},"yoast_head":"<!-- This site is optimized with the Yoast SEO plugin v23.5 - https:\/\/yoast.com\/wordpress\/plugins\/seo\/ -->\n<title>Hairdreams | 100% natural hair extensions | Sole Centro de Imagen<\/title>\n<meta name=\"robots\" content=\"index, follow, max-snippet:-1, max-image-preview:large, max-video-preview:-1\" \/>\n<link rel=\"canonical\" href=\"https:\/\/solecentrodeimagen.com\/en\/peluqueria\/extensiones-hairdreams\/\" \/>\n<meta property=\"og:locale\" content=\"en_US\" \/>\n<meta property=\"og:type\" content=\"article\" \/>\n<meta property=\"og:title\" content=\"Hairdreams | 100% natural hair extensions | Sole Centro de Imagen\" \/>\n<meta property=\"og:url\" content=\"https:\/\/solecentrodeimagen.com\/en\/peluqueria\/extensiones-hairdreams\/\" \/>\n<meta property=\"og:site_name\" content=\"Sole Centro de Imagen\" \/>\n<meta property=\"article:publisher\" content=\"http:\/\/www.facebook.com\/solecentrodeimagen\" \/>\n<meta property=\"article:modified_time\" content=\"2017-03-10T17:44:57+00:00\" \/>\n<meta property=\"og:image\" content=\"https:\/\/solecentrodeimagen.com\/wp-content\/uploads\/2015\/09\/hairdreamsimagepeq.jpg\" \/>\n<meta name=\"twitter:card\" content=\"summary_large_image\" \/>\n<meta name=\"twitter:label1\" content=\"Est. reading time\" \/>\n\t<meta name=\"twitter:data1\" content=\"9 minutes\" \/>\n<script type=\"application\/ld+json\" class=\"yoast-schema-graph\">{\"@context\":\"https:\/\/schema.org\",\"@graph\":[{\"@type\":\"WebPage\",\"@id\":\"https:\/\/solecentrodeimagen.com\/en\/peluqueria\/extensiones-hairdreams\/\",\"url\":\"https:\/\/solecentrodeimagen.com\/en\/peluqueria\/extensiones-hairdreams\/\",\"name\":\"Hairdreams | 100% natural hair extensions | Sole Centro de Imagen\",\"isPartOf\":{\"@id\":\"https:\/\/solecentrodeimagen.com\/#website\"},\"primaryImageOfPage\":{\"@id\":\"https:\/\/solecentrodeimagen.com\/en\/peluqueria\/extensiones-hairdreams\/#primaryimage\"},\"image\":{\"@id\":\"https:\/\/solecentrodeimagen.com\/en\/peluqueria\/extensiones-hairdreams\/#primaryimage\"},\"thumbnailUrl\":\"https:\/\/solecentrodeimagen.com\/wp-content\/uploads\/2015\/09\/hairdreamsimagepeq.jpg\",\"datePublished\":\"2015-09-01T16:07:43+00:00\",\"dateModified\":\"2017-03-10T17:44:57+00:00\",\"description\":\"Con Extensiones Hairdreams consigues resultados de manera r\u00e1pida y c\u00f3moda. Permiten cambiar la largura y espesor para crear cualquier tipo de peinado.\",\"breadcrumb\":{\"@id\":\"https:\/\/solecentrodeimagen.com\/en\/peluqueria\/extensiones-hairdreams\/#breadcrumb\"},\"inLanguage\":\"en-US\",\"potentialAction\":[{\"@type\":\"ReadAction\",\"target\":[\"https:\/\/solecentrodeimagen.com\/en\/peluqueria\/extensiones-hairdreams\/\"]}]},{\"@type\":\"ImageObject\",\"inLanguage\":\"en-US\",\"@id\":\"https:\/\/solecentrodeimagen.com\/en\/peluqueria\/extensiones-hairdreams\/#primaryimage\",\"url\":\"https:\/\/solecentrodeimagen.com\/wp-content\/uploads\/2015\/09\/hairdreamsimagepeq.jpg\",\"contentUrl\":\"https:\/\/solecentrodeimagen.com\/wp-content\/uploads\/2015\/09\/hairdreamsimagepeq.jpg\"},{\"@type\":\"BreadcrumbList\",\"@id\":\"https:\/\/solecentrodeimagen.com\/en\/peluqueria\/extensiones-hairdreams\/#breadcrumb\",\"itemListElement\":[{\"@type\":\"ListItem\",\"position\":1,\"name\":\"Home\",\"item\":\"https:\/\/solecentrodeimagen.com\/\"},{\"@type\":\"ListItem\",\"position\":2,\"name\":\"Tu peluquer\u00eda en Nerja\",\"item\":\"https:\/\/solecentrodeimagen.com\/en\/peluqueria\/\"},{\"@type\":\"ListItem\",\"position\":3,\"name\":\"Hairdreams | 100% natural hair extensions\"}]},{\"@type\":\"WebSite\",\"@id\":\"https:\/\/solecentrodeimagen.com\/#website\",\"url\":\"https:\/\/solecentrodeimagen.com\/\",\"name\":\"Sole Centro de Imagen\",\"description\":\"Centro Medicina Est\u00e9tica, Dermatolog\u00eda y Est\u00e9tica avanzada\",\"publisher\":{\"@id\":\"https:\/\/solecentrodeimagen.com\/#organization\"},\"potentialAction\":[{\"@type\":\"SearchAction\",\"target\":{\"@type\":\"EntryPoint\",\"urlTemplate\":\"https:\/\/solecentrodeimagen.com\/?s={search_term_string}\"},\"query-input\":{\"@type\":\"PropertyValueSpecification\",\"valueRequired\":true,\"valueName\":\"search_term_string\"}}],\"inLanguage\":\"en-US\"},{\"@type\":\"Organization\",\"@id\":\"https:\/\/solecentrodeimagen.com\/#organization\",\"name\":\"Sole Centro de Imagen Integral\",\"url\":\"https:\/\/solecentrodeimagen.com\/\",\"logo\":{\"@type\":\"ImageObject\",\"inLanguage\":\"en-US\",\"@id\":\"https:\/\/solecentrodeimagen.com\/#\/schema\/logo\/image\/\",\"url\":\"https:\/\/solecentrodeimagen.com\/wp-content\/uploads\/2016\/06\/logo-solecentromedico.png\",\"contentUrl\":\"https:\/\/solecentrodeimagen.com\/wp-content\/uploads\/2016\/06\/logo-solecentromedico.png\",\"width\":281,\"height\":96,\"caption\":\"Sole Centro de Imagen Integral\"},\"image\":{\"@id\":\"https:\/\/solecentrodeimagen.com\/#\/schema\/logo\/image\/\"},\"sameAs\":[\"http:\/\/www.facebook.com\/solecentrodeimagen\",\"http:\/\/www.instagram.com\/solecentrodeimagen\"]}]}<\/script>\n<!-- \/ Yoast SEO plugin. -->","yoast_head_json":{"title":"Hairdreams | 100% natural hair extensions | Sole Centro de Imagen","robots":{"index":"index","follow":"follow","max-snippet":"max-snippet:-1","max-image-preview":"max-image-preview:large","max-video-preview":"max-video-preview:-1"},"canonical":"https:\/\/solecentrodeimagen.com\/en\/peluqueria\/extensiones-hairdreams\/","og_locale":"en_US","og_type":"article","og_title":"Hairdreams | 100% natural hair extensions | Sole Centro de Imagen","og_url":"https:\/\/solecentrodeimagen.com\/en\/peluqueria\/extensiones-hairdreams\/","og_site_name":"Sole Centro de Imagen","article_publisher":"http:\/\/www.facebook.com\/solecentrodeimagen","article_modified_time":"2017-03-10T17:44:57+00:00","og_image":[{"url":"https:\/\/solecentrodeimagen.com\/wp-content\/uploads\/2015\/09\/hairdreamsimagepeq.jpg"}],"twitter_card":"summary_large_image","twitter_misc":{"Est. reading time":"9 minutes"},"schema":{"@context":"https:\/\/schema.org","@graph":[{"@type":"WebPage","@id":"https:\/\/solecentrodeimagen.com\/en\/peluqueria\/extensiones-hairdreams\/","url":"https:\/\/solecentrodeimagen.com\/en\/peluqueria\/extensiones-hairdreams\/","name":"Hairdreams | 100% natural hair extensions | Sole Centro de Imagen","isPartOf":{"@id":"https:\/\/solecentrodeimagen.com\/#website"},"primaryImageOfPage":{"@id":"https:\/\/solecentrodeimagen.com\/en\/peluqueria\/extensiones-hairdreams\/#primaryimage"},"image":{"@id":"https:\/\/solecentrodeimagen.com\/en\/peluqueria\/extensiones-hairdreams\/#primaryimage"},"thumbnailUrl":"https:\/\/solecentrodeimagen.com\/wp-content\/uploads\/2015\/09\/hairdreamsimagepeq.jpg","datePublished":"2015-09-01T16:07:43+00:00","dateModified":"2017-03-10T17:44:57+00:00","description":"Con Extensiones Hairdreams consigues resultados de manera r\u00e1pida y c\u00f3moda. Permiten cambiar la largura y espesor para crear cualquier tipo de peinado.","breadcrumb":{"@id":"https:\/\/solecentrodeimagen.com\/en\/peluqueria\/extensiones-hairdreams\/#breadcrumb"},"inLanguage":"en-US","potentialAction":[{"@type":"ReadAction","target":["https:\/\/solecentrodeimagen.com\/en\/peluqueria\/extensiones-hairdreams\/"]}]},{"@type":"ImageObject","inLanguage":"en-US","@id":"https:\/\/solecentrodeimagen.com\/en\/peluqueria\/extensiones-hairdreams\/#primaryimage","url":"https:\/\/solecentrodeimagen.com\/wp-content\/uploads\/2015\/09\/hairdreamsimagepeq.jpg","contentUrl":"https:\/\/solecentrodeimagen.com\/wp-content\/uploads\/2015\/09\/hairdreamsimagepeq.jpg"},{"@type":"BreadcrumbList","@id":"https:\/\/solecentrodeimagen.com\/en\/peluqueria\/extensiones-hairdreams\/#breadcrumb","itemListElement":[{"@type":"ListItem","position":1,"name":"Home","item":"https:\/\/solecentrodeimagen.com\/"},{"@type":"ListItem","position":2,"name":"Tu peluquer\u00eda en Nerja","item":"https:\/\/solecentrodeimagen.com\/en\/peluqueria\/"},{"@type":"ListItem","position":3,"name":"Hairdreams | 100% natural hair extensions"}]},{"@type":"WebSite","@id":"https:\/\/solecentrodeimagen.com\/#website","url":"https:\/\/solecentrodeimagen.com\/","name":"Sole Centro de Imagen","description":"Centro Medicina Est\u00e9tica, Dermatolog\u00eda y Est\u00e9tica avanzada","publisher":{"@id":"https:\/\/solecentrodeimagen.com\/#organization"},"potentialAction":[{"@type":"SearchAction","target":{"@type":"EntryPoint","urlTemplate":"https:\/\/solecentrodeimagen.com\/?s={search_term_string}"},"query-input":{"@type":"PropertyValueSpecification","valueRequired":true,"valueName":"search_term_string"}}],"inLanguage":"en-US"},{"@type":"Organization","@id":"https:\/\/solecentrodeimagen.com\/#organization","name":"Sole Centro de Imagen Integral","url":"https:\/\/solecentrodeimagen.com\/","logo":{"@type":"ImageObject","inLanguage":"en-US","@id":"https:\/\/solecentrodeimagen.com\/#\/schema\/logo\/image\/","url":"https:\/\/solecentrodeimagen.com\/wp-content\/uploads\/2016\/06\/logo-solecentromedico.png","contentUrl":"https:\/\/solecentrodeimagen.com\/wp-content\/uploads\/2016\/06\/logo-solecentromedico.png","width":281,"height":96,"caption":"Sole Centro de Imagen Integral"},"image":{"@id":"https:\/\/solecentrodeimagen.com\/#\/schema\/logo\/image\/"},"sameAs":["http:\/\/www.facebook.com\/solecentrodeimagen","http:\/\/www.instagram.com\/solecentrodeimagen"]}]}},"_links":{"self":[{"href":"https:\/\/solecentrodeimagen.com\/en\/wp-json\/wp\/v2\/pages\/11888"}],"collection":[{"href":"https:\/\/solecentrodeimagen.com\/en\/wp-json\/wp\/v2\/pages"}],"about":[{"href":"https:\/\/solecentrodeimagen.com\/en\/wp-json\/wp\/v2\/types\/page"}],"author":[{"embeddable":true,"href":"https:\/\/solecentrodeimagen.com\/en\/wp-json\/wp\/v2\/users\/13"}],"replies":[{"embeddable":true,"href":"https:\/\/solecentrodeimagen.com\/en\/wp-json\/wp\/v2\/comments?post=11888"}],"version-history":[{"count":0,"href":"https:\/\/solecentrodeimagen.com\/en\/wp-json\/wp\/v2\/pages\/11888\/revisions"}],"up":[{"embeddable":true,"href":"https:\/\/solecentrodeimagen.com\/en\/wp-json\/wp\/v2\/pages\/11572"}],"wp:attachment":[{"href":"https:\/\/solecentrodeimagen.com\/en\/wp-json\/wp\/v2\/media?parent=11888"}],"curies":[{"name":"wp","href":"https:\/\/api.w.org\/{rel}","templated":true}]}}