{"id":14162,"date":"2015-12-26T14:00:54","date_gmt":"2015-12-26T13:00:54","guid":{"rendered":"https:\/\/solecentrodeimagen.com\/?page_id=14162"},"modified":"2020-04-20T09:21:51","modified_gmt":"2020-04-20T07:21:51","slug":"micropigmentacion-labios","status":"publish","type":"page","link":"https:\/\/solecentrodeimagen.com\/en\/estetica-avanzada\/micropigmentacion\/micropigmentacion-labios\/","title":{"rendered":"Micropigmentacion Labios"},"content":{"rendered":"<p><div class=\"fusion-fullwidth fullwidth-box fusion-builder-row-1 nonhundred-percent-fullwidth non-hundred-percent-height-scrolling\" style=\"--awb-border-radius-top-left:0px;--awb-border-radius-top-right:0px;--awb-border-radius-bottom-right:0px;--awb-border-radius-bottom-left:0px;--awb-flex-wrap:wrap;\" ><div class=\"fusion-builder-row fusion-row\"><div class=\"fusion-layout-column fusion_builder_column fusion-builder-column-0 fusion_builder_column_1_1 1_1 fusion-one-full fusion-column-first fusion-column-last\" style=\"--awb-bg-size:cover;--awb-margin-bottom:0px;\"><div class=\"fusion-column-wrapper fusion-flex-column-wrapper-legacy\"><div class=\"fusion-text fusion-text-1\"><p style=\"text-align: justify;\"><img decoding=\"async\" class=\" wp-image-18932 alignright\" src=\"https:\/\/solecentrodeimagen.com\/wp-content\/uploads\/2015\/12\/micropigmentacion-labios-1.jpg\" alt=\"servicios de micropigmentacion labios en sole centro de belleza\" width=\"340\" height=\"228\" srcset=\"https:\/\/solecentrodeimagen.com\/wp-content\/uploads\/2015\/12\/micropigmentacion-labios-1-200x134.jpg 200w, https:\/\/solecentrodeimagen.com\/wp-content\/uploads\/2015\/12\/micropigmentacion-labios-1-300x200.jpg 300w, https:\/\/solecentrodeimagen.com\/wp-content\/uploads\/2015\/12\/micropigmentacion-labios-1.jpg 400w\" sizes=\"(max-width: 340px) 100vw, 340px\" \/>Los labios denotan sensualidad, son signo de salud cuando est\u00e1n rosados o de enfermedad cuando palidecen, por cultura damos importancia a los labios carnosos y voluminosos, y adem\u00e1s crean tendencias o modas seg\u00fan los colores que utilicemos para maquillarlos.<\/p>\n<p style=\"text-align: justify;\">Las t\u00e9cnicas de labios van destinadas a mejorar la forma de peque\u00f1as asimetr\u00edas, crear m\u00e1s tonalidad en labios p\u00e1lidos o con poca luminosidad, delimitar y difuminar el contorno, definir y mejorar la figura desdibujada que aparece con la edad o por la repetida aparici\u00f3n\u00a0 de herpes labiales. Se corrigen opticamente las peque\u00f1as arrugas peribucales, y se puede ganar un volumen natural al aprovechar ligeramente la zona del borde libre labial, que pierde gradualmente color en dicha zona de transici\u00f3n hacia la piel.<\/p>\n<p>Se tratan as\u00ed mismo problemas de vit\u00edligo en labios, cicatrices, e incluso labios leporinos.<\/p>\n<p style=\"text-align: justify;\">En hombres los efectos especiales est\u00e1n destinados a agrandar opticamente el labio creando zonas de iluminaci\u00f3n por encima del labio superior y zonas de sombreado por debajo del labio inferior.<\/p>\n<p>Si est\u00e1 interesada\/o en el tratamiento de micropigmentaci\u00f3n labios y quiere realizar alguna consulta, pinche <span style=\"color: #993366;\"><strong><a style=\"color: #993366;\" href=\"https:\/\/solecentrodeimagen.com\/contacto\">aqu\u00ed.<\/a><\/strong><\/span><\/p>\n<\/div><div class=\"fusion-clearfix\"><\/div><\/div><\/div><\/div><\/div><div class=\"fusion-fullwidth fullwidth-box fusion-builder-row-2 hundred-percent-fullwidth non-hundred-percent-height-scrolling\" style=\"--awb-border-radius-top-left:0px;--awb-border-radius-top-right:0px;--awb-border-radius-bottom-right:0px;--awb-border-radius-bottom-left:0px;--awb-overflow:visible;--awb-margin-top:20px;--awb-background-color:rgba(255,255,255,0);--awb-flex-wrap:wrap;\" ><div class=\"fusion-builder-row fusion-row\"><div class=\"fusion-layout-column fusion_builder_column fusion-builder-column-1 fusion_builder_column_1_1 1_1 fusion-one-full fusion-column-first fusion-column-last fusion-column-no-min-height\" style=\"--awb-bg-size:cover;--awb-margin-bottom:0px;\"><div class=\"fusion-column-wrapper fusion-flex-column-wrapper-legacy\"><div class=\"fusion-sep-clear\"><\/div><div class=\"fusion-separator fusion-full-width-sep\" style=\"margin-left: auto;margin-right: auto;width:100%;\"><\/div><div class=\"fusion-sep-clear\"><\/div><div class=\"fusion-clearfix\"><\/div><\/div><\/div><\/div><\/div><div class=\"fusion-fullwidth fullwidth-box fusion-builder-row-3 hundred-percent-fullwidth non-hundred-percent-height-scrolling\" style=\"--awb-border-radius-top-left:0px;--awb-border-radius-top-right:0px;--awb-border-radius-bottom-right:0px;--awb-border-radius-bottom-left:0px;--awb-overflow:visible;--awb-flex-wrap:wrap;\" ><div class=\"fusion-builder-row fusion-row\"><div class=\"fusion-layout-column fusion_builder_column fusion-builder-column-2 fusion_builder_column_1_1 1_1 fusion-one-full fusion-column-first fusion-column-last fusion-column-no-min-height\" style=\"--awb-bg-size:cover;--awb-margin-bottom:0px;\"><div class=\"fusion-column-wrapper fusion-flex-column-wrapper-legacy\"><div class=\"fusion-sharing-box fusion-sharing-box-1 has-taglines layout-floated layout-medium-floated layout-small-floated\" style=\"background-color:#f7f7f7;--awb-layout:row;--awb-alignment-small:space-between;\" data-title=\"Micropigmentacion Labios\" data-description=\"Los labios denotan sensualidad, son signo de salud cuando est\u00e1n rosados o de enfermedad cuando palidecen, por cultura damos importancia a los labios carnosos y voluminosos, y adem\u00e1s crean tendencias o modas seg\u00fan los colores que utilicemos\" data-link=\"https:\/\/solecentrodeimagen.com\/en\/estetica-avanzada\/micropigmentacion\/micropigmentacion-labios\/\"><h4 class=\"tagline\" style=\"color:#333333;\">\u00bfTe ha gustado la p\u00e1gina? Comp\u00e1rtela en tus redes sociales!<\/h4><div class=\"fusion-social-networks sharingbox-shortcode-icon-wrapper sharingbox-shortcode-icon-wrapper-1\"><span><a href=\"https:\/\/www.facebook.com\/sharer.php?u=https%3A%2F%2Fsolecentrodeimagen.com%2Fen%2Festetica-avanzada%2Fmicropigmentacion%2Fmicropigmentacion-labios%2F&amp;t=Micropigmentacion%20Labios\" target=\"_blank\" rel=\"noreferrer nofollow\" title=\"Facebook\" aria-label=\"Facebook\" data-placement=\"top\" data-toggle=\"tooltip\" data-title=\"Facebook\"><i class=\"fusion-social-network-icon fusion-tooltip fusion-facebook awb-icon-facebook\" style=\"color:#000000;\" aria-hidden=\"true\"><\/i><\/a><\/span><span><a href=\"https:\/\/x.com\/share?text=Micropigmentacion%20Labios&amp;url=https%3A%2F%2Fsolecentrodeimagen.com%2Fen%2Festetica-avanzada%2Fmicropigmentacion%2Fmicropigmentacion-labios%2F\" target=\"_blank\" rel=\"noopener noreferrer nofollow\" title=\"X\" aria-label=\"X\" data-placement=\"top\" data-toggle=\"tooltip\" data-title=\"X\"><i class=\"fusion-social-network-icon fusion-tooltip fusion-twitter awb-icon-twitter\" style=\"color:#000000;\" aria-hidden=\"true\"><\/i><\/a><\/span><span><a href=\"mailto:?subject=Micropigmentacion%20Labios&amp;body=https%3A%2F%2Fsolecentrodeimagen.com%2Fen%2Festetica-avanzada%2Fmicropigmentacion%2Fmicropigmentacion-labios%2F\" target=\"_self\" rel=\"nofollow\" title=\"Email\" aria-label=\"Email\" data-placement=\"top\" data-toggle=\"tooltip\" data-title=\"Email\"><i class=\"fusion-social-network-icon fusion-tooltip fusion-mail awb-icon-mail\" style=\"color:#000000;\" aria-hidden=\"true\"><\/i><\/a><\/span><\/div><\/div><div class=\"fusion-sep-clear\"><\/div><div class=\"fusion-separator fusion-has-icon fusion-full-width-sep\" style=\"margin-left: auto;margin-right: auto;margin-bottom:30px;width:100%;\"><div class=\"fusion-separator-border sep-shadow\" style=\"--awb-height:20px;--awb-amount:20px;background:radial-gradient(ellipse at 50% -50% , #e0dede 0px, rgba(255, 255, 255, 0) 80%) repeat scroll 0 0 rgba(0, 0, 0, 0);background:-webkit-radial-gradient(ellipse at 50% -50% , #e0dede 0px, rgba(255, 255, 255, 0) 80%) repeat scroll 0 0 rgba(0, 0, 0, 0);background:-moz-radial-gradient(ellipse at 50% -50% , #e0dede 0px, rgba(255, 255, 255, 0) 80%) repeat scroll 0 0 rgba(0, 0, 0, 0);background:-o-radial-gradient(ellipse at 50% -50% , #e0dede 0px, rgba(255, 255, 255, 0) 80%) repeat scroll 0 0 rgba(0, 0, 0, 0);\"><\/div><span class=\"icon-wrapper\" style=\"border-color:#e0dede;background-color:rgba(255,255,255,0);font-size:13px;width: 1.75em; height: 1.75em;border-width:1px;padding:1px;\"><i class=\" fa fa-comments\" style=\"font-size: inherit;color:#e0dede;\" aria-hidden=\"true\"><\/i><\/span><div class=\"fusion-separator-border sep-shadow\" style=\"--awb-height:20px;--awb-amount:20px;background:radial-gradient(ellipse at 50% -50% , #e0dede 0px, rgba(255, 255, 255, 0) 80%) repeat scroll 0 0 rgba(0, 0, 0, 0);background:-webkit-radial-gradient(ellipse at 50% -50% , #e0dede 0px, rgba(255, 255, 255, 0) 80%) repeat scroll 0 0 rgba(0, 0, 0, 0);background:-moz-radial-gradient(ellipse at 50% -50% , #e0dede 0px, rgba(255, 255, 255, 0) 80%) repeat scroll 0 0 rgba(0, 0, 0, 0);background:-o-radial-gradient(ellipse at 50% -50% , #e0dede 0px, rgba(255, 255, 255, 0) 80%) repeat scroll 0 0 rgba(0, 0, 0, 0);\"><\/div><\/div><div class=\"fusion-sep-clear\"><\/div><div class=\"fusion-clearfix\"><\/div><\/div><\/div><\/div><\/div><\/p>\n","protected":false},"excerpt":{"rendered":"","protected":false},"author":13,"featured_media":0,"parent":11598,"menu_order":0,"comment_status":"open","ping_status":"closed","template":"","meta":{"footnotes":""},"class_list":["post-14162","page","type-page","status-publish","hentry"],"translation":{"provider":"WPGlobus","version":"3.0.0","language":"en","enabled_languages":["es","en","fr"],"languages":{"es":{"title":true,"content":true,"excerpt":false},"en":{"title":false,"content":false,"excerpt":false},"fr":{"title":false,"content":false,"excerpt":false}}},"yoast_head":"<!-- This site is optimized with the Yoast SEO plugin v23.5 - https:\/\/yoast.com\/wordpress\/plugins\/seo\/ -->\n<title>Micropigmentacion Labios | Sole Centro de Imagen<\/title>\n<meta name=\"robots\" content=\"index, follow, max-snippet:-1, max-image-preview:large, max-video-preview:-1\" \/>\n<link rel=\"canonical\" href=\"https:\/\/solecentrodeimagen.com\/en\/estetica-avanzada\/micropigmentacion\/micropigmentacion-labios\/\" \/>\n<meta property=\"og:locale\" content=\"en_US\" \/>\n<meta property=\"og:type\" content=\"article\" \/>\n<meta property=\"og:title\" content=\"Micropigmentacion Labios | Sole Centro de Imagen\" \/>\n<meta property=\"og:url\" content=\"https:\/\/solecentrodeimagen.com\/en\/estetica-avanzada\/micropigmentacion\/micropigmentacion-labios\/\" \/>\n<meta property=\"og:site_name\" content=\"Sole Centro de Imagen\" \/>\n<meta property=\"article:publisher\" content=\"http:\/\/www.facebook.com\/solecentrodeimagen\" \/>\n<meta property=\"article:modified_time\" content=\"2020-04-20T07:21:51+00:00\" \/>\n<meta property=\"og:image\" content=\"https:\/\/solecentrodeimagen.com\/wp-content\/uploads\/2015\/12\/micropigmentacion-labios-1.jpg\" \/>\n<meta name=\"twitter:card\" content=\"summary_large_image\" \/>\n<meta name=\"twitter:label1\" content=\"Est. reading time\" \/>\n\t<meta name=\"twitter:data1\" content=\"3 minutes\" \/>\n<script type=\"application\/ld+json\" class=\"yoast-schema-graph\">{\"@context\":\"https:\/\/schema.org\",\"@graph\":[{\"@type\":\"WebPage\",\"@id\":\"https:\/\/solecentrodeimagen.com\/en\/estetica-avanzada\/micropigmentacion\/micropigmentacion-labios\/\",\"url\":\"https:\/\/solecentrodeimagen.com\/en\/estetica-avanzada\/micropigmentacion\/micropigmentacion-labios\/\",\"name\":\"Micropigmentacion Labios | Sole Centro de Imagen\",\"isPartOf\":{\"@id\":\"https:\/\/solecentrodeimagen.com\/#website\"},\"primaryImageOfPage\":{\"@id\":\"https:\/\/solecentrodeimagen.com\/en\/estetica-avanzada\/micropigmentacion\/micropigmentacion-labios\/#primaryimage\"},\"image\":{\"@id\":\"https:\/\/solecentrodeimagen.com\/en\/estetica-avanzada\/micropigmentacion\/micropigmentacion-labios\/#primaryimage\"},\"thumbnailUrl\":\"https:\/\/solecentrodeimagen.com\/wp-content\/uploads\/2015\/12\/micropigmentacion-labios-1.jpg\",\"datePublished\":\"2015-12-26T13:00:54+00:00\",\"dateModified\":\"2020-04-20T07:21:51+00:00\",\"description\":\"Las t\u00e9cnicas de micropigmentacion labios van destinadas a mejorar la forma de peque\u00f1as asimetr\u00edas, crear tonalidad en labios p\u00e1lidos o con poca luminosidad ...\",\"breadcrumb\":{\"@id\":\"https:\/\/solecentrodeimagen.com\/en\/estetica-avanzada\/micropigmentacion\/micropigmentacion-labios\/#breadcrumb\"},\"inLanguage\":\"en-US\",\"potentialAction\":[{\"@type\":\"ReadAction\",\"target\":[\"https:\/\/solecentrodeimagen.com\/en\/estetica-avanzada\/micropigmentacion\/micropigmentacion-labios\/\"]}]},{\"@type\":\"ImageObject\",\"inLanguage\":\"en-US\",\"@id\":\"https:\/\/solecentrodeimagen.com\/en\/estetica-avanzada\/micropigmentacion\/micropigmentacion-labios\/#primaryimage\",\"url\":\"https:\/\/solecentrodeimagen.com\/wp-content\/uploads\/2015\/12\/micropigmentacion-labios-1.jpg\",\"contentUrl\":\"https:\/\/solecentrodeimagen.com\/wp-content\/uploads\/2015\/12\/micropigmentacion-labios-1.jpg\"},{\"@type\":\"BreadcrumbList\",\"@id\":\"https:\/\/solecentrodeimagen.com\/en\/estetica-avanzada\/micropigmentacion\/micropigmentacion-labios\/#breadcrumb\",\"itemListElement\":[{\"@type\":\"ListItem\",\"position\":1,\"name\":\"Home\",\"item\":\"https:\/\/solecentrodeimagen.com\/\"},{\"@type\":\"ListItem\",\"position\":2,\"name\":\"Tratamientos de Est\u00e9tica Avanzada\",\"item\":\"https:\/\/solecentrodeimagen.com\/estetica-avanzada\/\"},{\"@type\":\"ListItem\",\"position\":3,\"name\":\"Micropigmentacion\",\"item\":\"https:\/\/solecentrodeimagen.com\/en\/estetica-avanzada\/micropigmentacion\/\"},{\"@type\":\"ListItem\",\"position\":4,\"name\":\"Micropigmentacion Labios\"}]},{\"@type\":\"WebSite\",\"@id\":\"https:\/\/solecentrodeimagen.com\/#website\",\"url\":\"https:\/\/solecentrodeimagen.com\/\",\"name\":\"Sole Centro de Imagen\",\"description\":\"Centro Medicina Est\u00e9tica, Dermatolog\u00eda y Est\u00e9tica avanzada\",\"publisher\":{\"@id\":\"https:\/\/solecentrodeimagen.com\/#organization\"},\"potentialAction\":[{\"@type\":\"SearchAction\",\"target\":{\"@type\":\"EntryPoint\",\"urlTemplate\":\"https:\/\/solecentrodeimagen.com\/?s={search_term_string}\"},\"query-input\":{\"@type\":\"PropertyValueSpecification\",\"valueRequired\":true,\"valueName\":\"search_term_string\"}}],\"inLanguage\":\"en-US\"},{\"@type\":\"Organization\",\"@id\":\"https:\/\/solecentrodeimagen.com\/#organization\",\"name\":\"Sole Centro de Imagen Integral\",\"url\":\"https:\/\/solecentrodeimagen.com\/\",\"logo\":{\"@type\":\"ImageObject\",\"inLanguage\":\"en-US\",\"@id\":\"https:\/\/solecentrodeimagen.com\/#\/schema\/logo\/image\/\",\"url\":\"https:\/\/solecentrodeimagen.com\/wp-content\/uploads\/2016\/06\/logo-solecentromedico.png\",\"contentUrl\":\"https:\/\/solecentrodeimagen.com\/wp-content\/uploads\/2016\/06\/logo-solecentromedico.png\",\"width\":281,\"height\":96,\"caption\":\"Sole Centro de Imagen Integral\"},\"image\":{\"@id\":\"https:\/\/solecentrodeimagen.com\/#\/schema\/logo\/image\/\"},\"sameAs\":[\"http:\/\/www.facebook.com\/solecentrodeimagen\",\"http:\/\/www.instagram.com\/solecentrodeimagen\"]}]}<\/script>\n<!-- \/ Yoast SEO plugin. -->","yoast_head_json":{"title":"Micropigmentacion Labios | Sole Centro de Imagen","robots":{"index":"index","follow":"follow","max-snippet":"max-snippet:-1","max-image-preview":"max-image-preview:large","max-video-preview":"max-video-preview:-1"},"canonical":"https:\/\/solecentrodeimagen.com\/en\/estetica-avanzada\/micropigmentacion\/micropigmentacion-labios\/","og_locale":"en_US","og_type":"article","og_title":"Micropigmentacion Labios | Sole Centro de Imagen","og_url":"https:\/\/solecentrodeimagen.com\/en\/estetica-avanzada\/micropigmentacion\/micropigmentacion-labios\/","og_site_name":"Sole Centro de Imagen","article_publisher":"http:\/\/www.facebook.com\/solecentrodeimagen","article_modified_time":"2020-04-20T07:21:51+00:00","og_image":[{"url":"https:\/\/solecentrodeimagen.com\/wp-content\/uploads\/2015\/12\/micropigmentacion-labios-1.jpg"}],"twitter_card":"summary_large_image","twitter_misc":{"Est. reading time":"3 minutes"},"schema":{"@context":"https:\/\/schema.org","@graph":[{"@type":"WebPage","@id":"https:\/\/solecentrodeimagen.com\/en\/estetica-avanzada\/micropigmentacion\/micropigmentacion-labios\/","url":"https:\/\/solecentrodeimagen.com\/en\/estetica-avanzada\/micropigmentacion\/micropigmentacion-labios\/","name":"Micropigmentacion Labios | Sole Centro de Imagen","isPartOf":{"@id":"https:\/\/solecentrodeimagen.com\/#website"},"primaryImageOfPage":{"@id":"https:\/\/solecentrodeimagen.com\/en\/estetica-avanzada\/micropigmentacion\/micropigmentacion-labios\/#primaryimage"},"image":{"@id":"https:\/\/solecentrodeimagen.com\/en\/estetica-avanzada\/micropigmentacion\/micropigmentacion-labios\/#primaryimage"},"thumbnailUrl":"https:\/\/solecentrodeimagen.com\/wp-content\/uploads\/2015\/12\/micropigmentacion-labios-1.jpg","datePublished":"2015-12-26T13:00:54+00:00","dateModified":"2020-04-20T07:21:51+00:00","description":"Las t\u00e9cnicas de micropigmentacion labios van destinadas a mejorar la forma de peque\u00f1as asimetr\u00edas, crear tonalidad en labios p\u00e1lidos o con poca luminosidad ...","breadcrumb":{"@id":"https:\/\/solecentrodeimagen.com\/en\/estetica-avanzada\/micropigmentacion\/micropigmentacion-labios\/#breadcrumb"},"inLanguage":"en-US","potentialAction":[{"@type":"ReadAction","target":["https:\/\/solecentrodeimagen.com\/en\/estetica-avanzada\/micropigmentacion\/micropigmentacion-labios\/"]}]},{"@type":"ImageObject","inLanguage":"en-US","@id":"https:\/\/solecentrodeimagen.com\/en\/estetica-avanzada\/micropigmentacion\/micropigmentacion-labios\/#primaryimage","url":"https:\/\/solecentrodeimagen.com\/wp-content\/uploads\/2015\/12\/micropigmentacion-labios-1.jpg","contentUrl":"https:\/\/solecentrodeimagen.com\/wp-content\/uploads\/2015\/12\/micropigmentacion-labios-1.jpg"},{"@type":"BreadcrumbList","@id":"https:\/\/solecentrodeimagen.com\/en\/estetica-avanzada\/micropigmentacion\/micropigmentacion-labios\/#breadcrumb","itemListElement":[{"@type":"ListItem","position":1,"name":"Home","item":"https:\/\/solecentrodeimagen.com\/"},{"@type":"ListItem","position":2,"name":"Tratamientos de Est\u00e9tica Avanzada","item":"https:\/\/solecentrodeimagen.com\/estetica-avanzada\/"},{"@type":"ListItem","position":3,"name":"Micropigmentacion","item":"https:\/\/solecentrodeimagen.com\/en\/estetica-avanzada\/micropigmentacion\/"},{"@type":"ListItem","position":4,"name":"Micropigmentacion Labios"}]},{"@type":"WebSite","@id":"https:\/\/solecentrodeimagen.com\/#website","url":"https:\/\/solecentrodeimagen.com\/","name":"Sole Centro de Imagen","description":"Centro Medicina Est\u00e9tica, Dermatolog\u00eda y Est\u00e9tica avanzada","publisher":{"@id":"https:\/\/solecentrodeimagen.com\/#organization"},"potentialAction":[{"@type":"SearchAction","target":{"@type":"EntryPoint","urlTemplate":"https:\/\/solecentrodeimagen.com\/?s={search_term_string}"},"query-input":{"@type":"PropertyValueSpecification","valueRequired":true,"valueName":"search_term_string"}}],"inLanguage":"en-US"},{"@type":"Organization","@id":"https:\/\/solecentrodeimagen.com\/#organization","name":"Sole Centro de Imagen Integral","url":"https:\/\/solecentrodeimagen.com\/","logo":{"@type":"ImageObject","inLanguage":"en-US","@id":"https:\/\/solecentrodeimagen.com\/#\/schema\/logo\/image\/","url":"https:\/\/solecentrodeimagen.com\/wp-content\/uploads\/2016\/06\/logo-solecentromedico.png","contentUrl":"https:\/\/solecentrodeimagen.com\/wp-content\/uploads\/2016\/06\/logo-solecentromedico.png","width":281,"height":96,"caption":"Sole Centro de Imagen Integral"},"image":{"@id":"https:\/\/solecentrodeimagen.com\/#\/schema\/logo\/image\/"},"sameAs":["http:\/\/www.facebook.com\/solecentrodeimagen","http:\/\/www.instagram.com\/solecentrodeimagen"]}]}},"_links":{"self":[{"href":"https:\/\/solecentrodeimagen.com\/en\/wp-json\/wp\/v2\/pages\/14162"}],"collection":[{"href":"https:\/\/solecentrodeimagen.com\/en\/wp-json\/wp\/v2\/pages"}],"about":[{"href":"https:\/\/solecentrodeimagen.com\/en\/wp-json\/wp\/v2\/types\/page"}],"author":[{"embeddable":true,"href":"https:\/\/solecentrodeimagen.com\/en\/wp-json\/wp\/v2\/users\/13"}],"replies":[{"embeddable":true,"href":"https:\/\/solecentrodeimagen.com\/en\/wp-json\/wp\/v2\/comments?post=14162"}],"version-history":[{"count":2,"href":"https:\/\/solecentrodeimagen.com\/en\/wp-json\/wp\/v2\/pages\/14162\/revisions"}],"predecessor-version":[{"id":20645,"href":"https:\/\/solecentrodeimagen.com\/en\/wp-json\/wp\/v2\/pages\/14162\/revisions\/20645"}],"up":[{"embeddable":true,"href":"https:\/\/solecentrodeimagen.com\/en\/wp-json\/wp\/v2\/pages\/11598"}],"wp:attachment":[{"href":"https:\/\/solecentrodeimagen.com\/en\/wp-json\/wp\/v2\/media?parent=14162"}],"curies":[{"name":"wp","href":"https:\/\/api.w.org\/{rel}","templated":true}]}}