{"id":14211,"date":"2016-03-31T16:50:29","date_gmt":"2016-03-31T14:50:29","guid":{"rendered":"https:\/\/solecentrodeimagen.com\/?page_id=14211"},"modified":"2024-10-02T11:25:49","modified_gmt":"2024-10-02T09:25:49","slug":"esclerosis-vascular","status":"publish","type":"page","link":"https:\/\/solecentrodeimagen.com\/en\/medicina-estetica\/esclerosis-vascular\/","title":{"rendered":"Esclerosis vascular"},"content":{"rendered":"<div class=\"fusion-fullwidth fullwidth-box fusion-builder-row-1 fusion-flex-container nonhundred-percent-fullwidth non-hundred-percent-height-scrolling\" style=\"--awb-border-radius-top-left:0px;--awb-border-radius-top-right:0px;--awb-border-radius-bottom-right:0px;--awb-border-radius-bottom-left:0px;--awb-flex-wrap:wrap;\" ><div class=\"fusion-builder-row fusion-row fusion-flex-align-items-flex-start fusion-flex-content-wrap\" style=\"max-width:1248px;margin-left: calc(-4% \/ 2 );margin-right: calc(-4% \/ 2 );\"><div class=\"fusion-layout-column fusion_builder_column fusion-builder-column-0 fusion_builder_column_1_1 1_1 fusion-flex-column\" style=\"--awb-bg-size:cover;--awb-width-large:100%;--awb-margin-top-large:0px;--awb-spacing-right-large:1.92%;--awb-margin-bottom-large:0px;--awb-spacing-left-large:1.92%;--awb-width-medium:100%;--awb-spacing-right-medium:1.92%;--awb-spacing-left-medium:1.92%;--awb-width-small:100%;--awb-spacing-right-small:1.92%;--awb-spacing-left-small:1.92%;\"><div class=\"fusion-column-wrapper fusion-flex-justify-content-flex-start fusion-content-layout-column\"><div class=\"fusion-text fusion-text-1\"><h1>Esclerosis vascular<\/h1>\n<p style=\"text-align: justify;\">Las varices son el resultado de la dilataci\u00f3n de las venas. Las causas de las varices pueden ser muy variadas y pueden llegar a provocar enfermedades como la trombosis, las manchas en la piel, las \u00falceras o la flebitis.<\/p>\n<p><img decoding=\"async\" class=\"alignright size-medium wp-image-17074\" src=\"https:\/\/solecentrodeimagen.com\/wp-content\/uploads\/2016\/03\/esclerosis_vascular-300x138.jpg\" alt=\"esclerosis vascular\" width=\"300\" height=\"138\" srcset=\"https:\/\/solecentrodeimagen.com\/wp-content\/uploads\/2016\/03\/esclerosis_vascular-200x92.jpg 200w, https:\/\/solecentrodeimagen.com\/wp-content\/uploads\/2016\/03\/esclerosis_vascular-300x138.jpg 300w, https:\/\/solecentrodeimagen.com\/wp-content\/uploads\/2016\/03\/esclerosis_vascular-400x185.jpg 400w, https:\/\/solecentrodeimagen.com\/wp-content\/uploads\/2016\/03\/esclerosis_vascular-600x277.jpg 600w, https:\/\/solecentrodeimagen.com\/wp-content\/uploads\/2016\/03\/esclerosis_vascular-700x323.jpg 700w, https:\/\/solecentrodeimagen.com\/wp-content\/uploads\/2016\/03\/esclerosis_vascular.jpg 750w\" sizes=\"(max-width: 300px) 100vw, 300px\" \/><\/p>\n<p style=\"text-align: justify;\">Entre las causas de las varices se encuentran los factores gen\u00e9ticos, enfermedades, la calidad de vida, o situaciones relacionadas con las hormonas (como el embarazo). La esclerosis vascular (tambi\u00e9n conocida como escleroterapia) es uno de los tratamientos mas com\u00fanmente utilizados en el caso de peque\u00f1as ara\u00f1as vasculares. No importa donde est\u00e9n localizadas las varices, este tratamiento es efectivo siempre y cuando el tama\u00f1o de las mismas sea peque\u00f1o.<\/p>\n<h2>\u00bfEn qu\u00e9 consiste?<\/h2>\n<p style=\"text-align: justify;\">El m\u00e9todo de la esclerosis vascular consiste en la inflamaci\u00f3n controlada de las paredes internas de la vena. Este sistema provoca la fibrosis y un proceso cicatricial que dan lugar a la eliminaci\u00f3n de la variz. Los procedimientos para llevar a cabo este tratamiento de escleroterapia son diversos:<\/p>\n<ol style=\"text-align: justify;\">\n<li><strong>Esclerosis Qu\u00edmica<\/strong>: funciona mediante la inyecci\u00f3n de l\u00edquido esclerosante.<\/li>\n<li><strong>Crioesclerosis<\/strong>: tambi\u00e9n funciona mediante la inyecci\u00f3n de esclerosantes l\u00edquidos, la diferencia radica en que se hace a temperaturas por debajo de los 30 grados.<\/li>\n<li><strong>Esclerosis con Espuma:<\/strong> en este caso se inyectan los esclerosantes no de forma l\u00edquida sino como espuma.<\/li>\n<li><strong>Fotoesclerosis:<\/strong> utiliza la energ\u00eda de la luz (como el l\u00e1ser) para provocar coagulaci\u00f3n.<\/li>\n<li><strong>Electroesclerosis:<\/strong> la electroesclerosis utiliza corrientes el\u00e9ctricas de intensidad baja y provoca la coagulaci\u00f3n.<\/li>\n<\/ol>\n<h2>Duraci\u00f3n del Tratamiento<\/h2>\n<p style=\"text-align: justify;\">La escleroterapia o esclerosis vascular es un tratamiento de corta duraci\u00f3n. Cada sesi\u00f3n puede durar entre los 15 y 60 minutos dependiendo de la gravedad de la situaci\u00f3n y la cantidad de varices.<\/p>\n<p style=\"text-align: justify;\">Si est\u00e1 interesada\/o en este tratamiento y quiere realizar alguna consulta, pinche\u00a0<a href=\"https:\/\/solecentrodeimagen.com\/contacto\/\"><span style=\"color: #8b305b;\"><strong>aqu\u00ed<\/strong><\/span>.<\/a><\/p>\n<\/div><\/div><\/div><\/div><\/div>\n","protected":false},"excerpt":{"rendered":"","protected":false},"author":13,"featured_media":0,"parent":11781,"menu_order":0,"comment_status":"closed","ping_status":"closed","template":"","meta":{"footnotes":""},"class_list":["post-14211","page","type-page","status-publish","hentry"],"translation":{"provider":"WPGlobus","version":"3.0.0","language":"en","enabled_languages":["es","en","fr"],"languages":{"es":{"title":true,"content":true,"excerpt":false},"en":{"title":false,"content":false,"excerpt":false},"fr":{"title":false,"content":false,"excerpt":false}}},"yoast_head":"<!-- This site is optimized with the Yoast SEO plugin v23.5 - https:\/\/yoast.com\/wordpress\/plugins\/seo\/ -->\n<title>Esclerosis vascular | Sole Centro de Imagen<\/title>\n<meta name=\"robots\" content=\"index, follow, max-snippet:-1, max-image-preview:large, max-video-preview:-1\" \/>\n<link rel=\"canonical\" href=\"https:\/\/solecentrodeimagen.com\/medicina-estetica\/esclerosis-vascular\/\" \/>\n<meta property=\"og:locale\" content=\"en_US\" \/>\n<meta property=\"og:type\" content=\"article\" \/>\n<meta property=\"og:title\" content=\"Esclerosis vascular | Sole Centro de Imagen\" \/>\n<meta property=\"og:url\" content=\"https:\/\/solecentrodeimagen.com\/medicina-estetica\/esclerosis-vascular\/\" \/>\n<meta property=\"og:site_name\" content=\"Sole Centro de Imagen\" \/>\n<meta property=\"article:publisher\" content=\"http:\/\/www.facebook.com\/solecentrodeimagen\" \/>\n<meta property=\"article:modified_time\" content=\"2024-10-02T09:25:49+00:00\" \/>\n<meta property=\"og:image\" content=\"https:\/\/solecentrodeimagen.com\/wp-content\/uploads\/2016\/03\/esclerosis_vascular-300x138.jpg\" \/>\n<meta name=\"twitter:card\" content=\"summary_large_image\" \/>\n<meta name=\"twitter:label1\" content=\"Est. reading time\" \/>\n\t<meta name=\"twitter:data1\" content=\"2 minutes\" \/>\n<script type=\"application\/ld+json\" class=\"yoast-schema-graph\">{\"@context\":\"https:\/\/schema.org\",\"@graph\":[{\"@type\":\"WebPage\",\"@id\":\"https:\/\/solecentrodeimagen.com\/medicina-estetica\/esclerosis-vascular\/\",\"url\":\"https:\/\/solecentrodeimagen.com\/medicina-estetica\/esclerosis-vascular\/\",\"name\":\"Esclerosis vascular | Sole Centro de Imagen\",\"isPartOf\":{\"@id\":\"https:\/\/solecentrodeimagen.com\/#website\"},\"primaryImageOfPage\":{\"@id\":\"https:\/\/solecentrodeimagen.com\/medicina-estetica\/esclerosis-vascular\/#primaryimage\"},\"image\":{\"@id\":\"https:\/\/solecentrodeimagen.com\/medicina-estetica\/esclerosis-vascular\/#primaryimage\"},\"thumbnailUrl\":\"https:\/\/solecentrodeimagen.com\/wp-content\/uploads\/2016\/03\/esclerosis_vascular-300x138.jpg\",\"datePublished\":\"2016-03-31T14:50:29+00:00\",\"dateModified\":\"2024-10-02T09:25:49+00:00\",\"description\":\"La esclerosis vascular consiste en la inflamaci\u00f3n controlada de las paredes internas de la vena provocando la fibrosis y un proceso cicatricial que dan lugar a la eliminaci\u00f3n de la variz.\",\"breadcrumb\":{\"@id\":\"https:\/\/solecentrodeimagen.com\/medicina-estetica\/esclerosis-vascular\/#breadcrumb\"},\"inLanguage\":\"en-US\",\"potentialAction\":[{\"@type\":\"ReadAction\",\"target\":[\"https:\/\/solecentrodeimagen.com\/medicina-estetica\/esclerosis-vascular\/\"]}]},{\"@type\":\"ImageObject\",\"inLanguage\":\"en-US\",\"@id\":\"https:\/\/solecentrodeimagen.com\/medicina-estetica\/esclerosis-vascular\/#primaryimage\",\"url\":\"https:\/\/solecentrodeimagen.com\/wp-content\/uploads\/2016\/03\/esclerosis_vascular-300x138.jpg\",\"contentUrl\":\"https:\/\/solecentrodeimagen.com\/wp-content\/uploads\/2016\/03\/esclerosis_vascular-300x138.jpg\"},{\"@type\":\"BreadcrumbList\",\"@id\":\"https:\/\/solecentrodeimagen.com\/medicina-estetica\/esclerosis-vascular\/#breadcrumb\",\"itemListElement\":[{\"@type\":\"ListItem\",\"position\":1,\"name\":\"Home\",\"item\":\"https:\/\/solecentrodeimagen.com\/\"},{\"@type\":\"ListItem\",\"position\":2,\"name\":\"Tratamientos de Medicina Est\u00e9tica\",\"item\":\"https:\/\/solecentrodeimagen.com\/medicina-estetica\/\"},{\"@type\":\"ListItem\",\"position\":3,\"name\":\"Esclerosis vascular\"}]},{\"@type\":\"WebSite\",\"@id\":\"https:\/\/solecentrodeimagen.com\/#website\",\"url\":\"https:\/\/solecentrodeimagen.com\/\",\"name\":\"Sole Centro de Imagen\",\"description\":\"Centro Medicina Est\u00e9tica, Dermatolog\u00eda y Est\u00e9tica avanzada\",\"publisher\":{\"@id\":\"https:\/\/solecentrodeimagen.com\/#organization\"},\"potentialAction\":[{\"@type\":\"SearchAction\",\"target\":{\"@type\":\"EntryPoint\",\"urlTemplate\":\"https:\/\/solecentrodeimagen.com\/?s={search_term_string}\"},\"query-input\":{\"@type\":\"PropertyValueSpecification\",\"valueRequired\":true,\"valueName\":\"search_term_string\"}}],\"inLanguage\":\"en-US\"},{\"@type\":\"Organization\",\"@id\":\"https:\/\/solecentrodeimagen.com\/#organization\",\"name\":\"Sole Centro de Imagen Integral\",\"url\":\"https:\/\/solecentrodeimagen.com\/\",\"logo\":{\"@type\":\"ImageObject\",\"inLanguage\":\"en-US\",\"@id\":\"https:\/\/solecentrodeimagen.com\/#\/schema\/logo\/image\/\",\"url\":\"https:\/\/solecentrodeimagen.com\/wp-content\/uploads\/2016\/06\/logo-solecentromedico.png\",\"contentUrl\":\"https:\/\/solecentrodeimagen.com\/wp-content\/uploads\/2016\/06\/logo-solecentromedico.png\",\"width\":281,\"height\":96,\"caption\":\"Sole Centro de Imagen Integral\"},\"image\":{\"@id\":\"https:\/\/solecentrodeimagen.com\/#\/schema\/logo\/image\/\"},\"sameAs\":[\"http:\/\/www.facebook.com\/solecentrodeimagen\",\"http:\/\/www.instagram.com\/solecentrodeimagen\"]}]}<\/script>\n<!-- \/ Yoast SEO plugin. -->","yoast_head_json":{"title":"Esclerosis vascular | Sole Centro de Imagen","robots":{"index":"index","follow":"follow","max-snippet":"max-snippet:-1","max-image-preview":"max-image-preview:large","max-video-preview":"max-video-preview:-1"},"canonical":"https:\/\/solecentrodeimagen.com\/medicina-estetica\/esclerosis-vascular\/","og_locale":"en_US","og_type":"article","og_title":"Esclerosis vascular | Sole Centro de Imagen","og_url":"https:\/\/solecentrodeimagen.com\/medicina-estetica\/esclerosis-vascular\/","og_site_name":"Sole Centro de Imagen","article_publisher":"http:\/\/www.facebook.com\/solecentrodeimagen","article_modified_time":"2024-10-02T09:25:49+00:00","og_image":[{"url":"https:\/\/solecentrodeimagen.com\/wp-content\/uploads\/2016\/03\/esclerosis_vascular-300x138.jpg"}],"twitter_card":"summary_large_image","twitter_misc":{"Est. reading time":"2 minutes"},"schema":{"@context":"https:\/\/schema.org","@graph":[{"@type":"WebPage","@id":"https:\/\/solecentrodeimagen.com\/medicina-estetica\/esclerosis-vascular\/","url":"https:\/\/solecentrodeimagen.com\/medicina-estetica\/esclerosis-vascular\/","name":"Esclerosis vascular | Sole Centro de Imagen","isPartOf":{"@id":"https:\/\/solecentrodeimagen.com\/#website"},"primaryImageOfPage":{"@id":"https:\/\/solecentrodeimagen.com\/medicina-estetica\/esclerosis-vascular\/#primaryimage"},"image":{"@id":"https:\/\/solecentrodeimagen.com\/medicina-estetica\/esclerosis-vascular\/#primaryimage"},"thumbnailUrl":"https:\/\/solecentrodeimagen.com\/wp-content\/uploads\/2016\/03\/esclerosis_vascular-300x138.jpg","datePublished":"2016-03-31T14:50:29+00:00","dateModified":"2024-10-02T09:25:49+00:00","description":"La esclerosis vascular consiste en la inflamaci\u00f3n controlada de las paredes internas de la vena provocando la fibrosis y un proceso cicatricial que dan lugar a la eliminaci\u00f3n de la variz.","breadcrumb":{"@id":"https:\/\/solecentrodeimagen.com\/medicina-estetica\/esclerosis-vascular\/#breadcrumb"},"inLanguage":"en-US","potentialAction":[{"@type":"ReadAction","target":["https:\/\/solecentrodeimagen.com\/medicina-estetica\/esclerosis-vascular\/"]}]},{"@type":"ImageObject","inLanguage":"en-US","@id":"https:\/\/solecentrodeimagen.com\/medicina-estetica\/esclerosis-vascular\/#primaryimage","url":"https:\/\/solecentrodeimagen.com\/wp-content\/uploads\/2016\/03\/esclerosis_vascular-300x138.jpg","contentUrl":"https:\/\/solecentrodeimagen.com\/wp-content\/uploads\/2016\/03\/esclerosis_vascular-300x138.jpg"},{"@type":"BreadcrumbList","@id":"https:\/\/solecentrodeimagen.com\/medicina-estetica\/esclerosis-vascular\/#breadcrumb","itemListElement":[{"@type":"ListItem","position":1,"name":"Home","item":"https:\/\/solecentrodeimagen.com\/"},{"@type":"ListItem","position":2,"name":"Tratamientos de Medicina Est\u00e9tica","item":"https:\/\/solecentrodeimagen.com\/medicina-estetica\/"},{"@type":"ListItem","position":3,"name":"Esclerosis vascular"}]},{"@type":"WebSite","@id":"https:\/\/solecentrodeimagen.com\/#website","url":"https:\/\/solecentrodeimagen.com\/","name":"Sole Centro de Imagen","description":"Centro Medicina Est\u00e9tica, Dermatolog\u00eda y Est\u00e9tica avanzada","publisher":{"@id":"https:\/\/solecentrodeimagen.com\/#organization"},"potentialAction":[{"@type":"SearchAction","target":{"@type":"EntryPoint","urlTemplate":"https:\/\/solecentrodeimagen.com\/?s={search_term_string}"},"query-input":{"@type":"PropertyValueSpecification","valueRequired":true,"valueName":"search_term_string"}}],"inLanguage":"en-US"},{"@type":"Organization","@id":"https:\/\/solecentrodeimagen.com\/#organization","name":"Sole Centro de Imagen Integral","url":"https:\/\/solecentrodeimagen.com\/","logo":{"@type":"ImageObject","inLanguage":"en-US","@id":"https:\/\/solecentrodeimagen.com\/#\/schema\/logo\/image\/","url":"https:\/\/solecentrodeimagen.com\/wp-content\/uploads\/2016\/06\/logo-solecentromedico.png","contentUrl":"https:\/\/solecentrodeimagen.com\/wp-content\/uploads\/2016\/06\/logo-solecentromedico.png","width":281,"height":96,"caption":"Sole Centro de Imagen Integral"},"image":{"@id":"https:\/\/solecentrodeimagen.com\/#\/schema\/logo\/image\/"},"sameAs":["http:\/\/www.facebook.com\/solecentrodeimagen","http:\/\/www.instagram.com\/solecentrodeimagen"]}]}},"_links":{"self":[{"href":"https:\/\/solecentrodeimagen.com\/en\/wp-json\/wp\/v2\/pages\/14211"}],"collection":[{"href":"https:\/\/solecentrodeimagen.com\/en\/wp-json\/wp\/v2\/pages"}],"about":[{"href":"https:\/\/solecentrodeimagen.com\/en\/wp-json\/wp\/v2\/types\/page"}],"author":[{"embeddable":true,"href":"https:\/\/solecentrodeimagen.com\/en\/wp-json\/wp\/v2\/users\/13"}],"replies":[{"embeddable":true,"href":"https:\/\/solecentrodeimagen.com\/en\/wp-json\/wp\/v2\/comments?post=14211"}],"version-history":[{"count":3,"href":"https:\/\/solecentrodeimagen.com\/en\/wp-json\/wp\/v2\/pages\/14211\/revisions"}],"predecessor-version":[{"id":22110,"href":"https:\/\/solecentrodeimagen.com\/en\/wp-json\/wp\/v2\/pages\/14211\/revisions\/22110"}],"up":[{"embeddable":true,"href":"https:\/\/solecentrodeimagen.com\/en\/wp-json\/wp\/v2\/pages\/11781"}],"wp:attachment":[{"href":"https:\/\/solecentrodeimagen.com\/en\/wp-json\/wp\/v2\/media?parent=14211"}],"curies":[{"name":"wp","href":"https:\/\/api.w.org\/{rel}","templated":true}]}}