{"id":14652,"date":"2016-08-08T23:02:17","date_gmt":"2016-08-08T21:02:17","guid":{"rendered":"https:\/\/solecentrodeimagen.com\/?page_id=14652"},"modified":"2024-09-26T12:23:52","modified_gmt":"2024-09-26T10:23:52","slug":"diagnostico-de-la-piel","status":"publish","type":"page","link":"https:\/\/solecentrodeimagen.com\/en\/estetica\/tipos-de-tratamientos-faciales\/diagnostico-de-la-piel\/","title":{"rendered":"Diagn\u00f3stico de la piel"},"content":{"rendered":"<h3>The exclusive Soft Plus Concept: never has skin health assessment brought you so many benefits<\/h3>\n<figure class=\"image_container float_right\"><a href=\"http:\/\/www.callegari1930.com\/tl_files\/CALLEGARI\/Prodotti\/Soft_Plus_Viola_Analisi_Pelle.jpg\" data-lightbox=\"a4e6ee\"><img decoding=\"async\" class=\"alignright\" src=\"http:\/\/www.callegari1930.com\/system\/html\/Soft_Plus_Viola_Analisi_Pelle-61d2e01b.jpg\" alt=\"soft-plus, skin, skin analysis, callegari, catellani, pores, ph, cellulite, hair, assessment, melanin, hydration, sebum, elasticity, cheratin, dandruff\" width=\"300\" height=\"200\" \/><\/a><\/figure>\n<p>The Soft Plus concept is the exclusive method which assesses the health and beauty of:<\/p>\n<ul>\n<li>Skin (complexion and body)<\/li>\n<li>cellulite<\/li>\n<li>Hair and hair scalp<\/li>\n<\/ul>\n<p>With 6 measurements for the skin, including unique tests such a pH and temperature, innovative micro-camera consultation programs including a 3D analysis of wrinkles and pigmentation mapping, and up to 20 consultation programs to cover all of your clients needs (from top to toe)<br \/>\nSoft Plus is the only completely stand alone system (PC Linux system). Gone are the days when instruments are to be connected to PCs to operate or store patient files.<\/p>\n<p><strong>With Soft Plus, results may be obtained in two ways:<\/strong><\/p>\n<ul>\n<li><strong>Quick view rapid print-out tests:<\/strong><\/li>\n<\/ul>\n<blockquote>\n<ul>\n<li>hydration<\/li>\n<li>elasticity<\/li>\n<li>sebum<\/li>\n<li>pH<\/li>\n<li>melanin<\/li>\n<li>temperature<\/li>\n<li>phototype<\/li>\n<li>biological skin age<\/li>\n<\/ul>\n<\/blockquote>\n<ul>\n<li><strong>or consultation programs which include:<\/strong><\/li>\n<\/ul>\n<blockquote>\n<ul>\n<li>Complexion health and beauty<\/li>\n<li>Anti-ageing assessments<\/li>\n<li>UV tolerance<\/li>\n<li>Sensitive skin<\/li>\n<li>Skin brightening<\/li>\n<li>Pre-laser consultaion<\/li>\n<li>Hands beauty<\/li>\n<li>Hair Scalp Health<\/li>\n<li>Cellulite and liquid retention screening<\/li>\n<li>Acne consultation<\/li>\n<li>Hair removal consultation<\/li>\n<\/ul>\n<\/blockquote>\n<p>[\/fusion_text]<div class=\"fusion-sep-clear\"><\/div><div class=\"fusion-separator fusion-full-width-sep\" style=\"margin-left: auto;margin-right: auto;margin-top:20px;width:100%;\"><\/div><div class=\"fusion-sep-clear\"><\/div><div class=\"fusion-sharing-box fusion-sharing-box-1 has-taglines layout-floated layout-medium-floated layout-small-floated\" style=\"background-color:#f7f7f7;--awb-layout:row;--awb-alignment-small:space-between;\" data-title=\"Diagn\u00f3stico de la piel\" data-description=\"Diagnostico de la piel con Callegari soft plus \r\n\u00bfTe gustaria saber el estado de tu piel? \u00bfNo sabes que crema te va bien? \u00bfNunca aciertas con el tratamiento\u00a0adecuado? \u00a0Con nuestro diagnostico de la piel\u00a0ahora es posible en Sole Centro de Imagen Integral. \u00a1Y GRATIS!\r\n\r\n\r\nDiagnostico\" data-link=\"https:\/\/solecentrodeimagen.com\/en\/estetica\/tipos-de-tratamientos-faciales\/diagnostico-de-la-piel\/\"><h4 class=\"tagline\" style=\"color:#333333;\">If you like this page, please share it with your friends<\/h4><div class=\"fusion-social-networks sharingbox-shortcode-icon-wrapper sharingbox-shortcode-icon-wrapper-1\"><span><a href=\"https:\/\/www.facebook.com\/sharer.php?u=https%3A%2F%2Fsolecentrodeimagen.com%2Fen%2Festetica%2Ftipos-de-tratamientos-faciales%2Fdiagnostico-de-la-piel%2F&amp;t=Diagn%C3%B3stico%20de%20la%20piel\" target=\"_blank\" rel=\"noreferrer nofollow\" title=\"Facebook\" aria-label=\"Facebook\" data-placement=\"top\" data-toggle=\"tooltip\" data-title=\"Facebook\"><i class=\"fusion-social-network-icon fusion-tooltip fusion-facebook awb-icon-facebook\" style=\"color:#000000;\" aria-hidden=\"true\"><\/i><\/a><\/span><span><a href=\"https:\/\/x.com\/share?text=Diagn%C3%B3stico%20de%20la%20piel&amp;url=https%3A%2F%2Fsolecentrodeimagen.com%2Fen%2Festetica%2Ftipos-de-tratamientos-faciales%2Fdiagnostico-de-la-piel%2F\" target=\"_blank\" rel=\"noopener noreferrer nofollow\" title=\"X\" aria-label=\"X\" data-placement=\"top\" data-toggle=\"tooltip\" data-title=\"X\"><i class=\"fusion-social-network-icon fusion-tooltip fusion-twitter awb-icon-twitter\" style=\"color:#000000;\" aria-hidden=\"true\"><\/i><\/a><\/span><span><a href=\"mailto:?subject=Diagn%C3%B3stico%20de%20la%20piel&amp;body=https%3A%2F%2Fsolecentrodeimagen.com%2Fen%2Festetica%2Ftipos-de-tratamientos-faciales%2Fdiagnostico-de-la-piel%2F\" target=\"_self\" rel=\"nofollow\" title=\"Email\" aria-label=\"Email\" data-placement=\"top\" data-toggle=\"tooltip\" data-title=\"Email\"><i class=\"fusion-social-network-icon fusion-tooltip fusion-mail awb-icon-mail\" style=\"color:#000000;\" aria-hidden=\"true\"><\/i><\/a><\/span><\/div><\/div><div class=\"fusion-sep-clear\"><\/div><div class=\"fusion-separator fusion-has-icon fusion-full-width-sep\" style=\"margin-left: auto;margin-right: auto;width:100%;\"><div class=\"fusion-separator-border sep-shadow\" style=\"--awb-height:20px;--awb-amount:20px;background:radial-gradient(ellipse at 50% -50% , #e0dede 0px, rgba(255, 255, 255, 0) 80%) repeat scroll 0 0 rgba(0, 0, 0, 0);background:-webkit-radial-gradient(ellipse at 50% -50% , #e0dede 0px, rgba(255, 255, 255, 0) 80%) repeat scroll 0 0 rgba(0, 0, 0, 0);background:-moz-radial-gradient(ellipse at 50% -50% , #e0dede 0px, rgba(255, 255, 255, 0) 80%) repeat scroll 0 0 rgba(0, 0, 0, 0);background:-o-radial-gradient(ellipse at 50% -50% , #e0dede 0px, rgba(255, 255, 255, 0) 80%) repeat scroll 0 0 rgba(0, 0, 0, 0);\"><\/div><span class=\"icon-wrapper\" style=\"border-color:#e0dede;background-color:rgba(255,255,255,0);font-size:13px;width: 1.75em; height: 1.75em;border-width:1px;padding:1px;\"><i class=\" fa fa-comments\" style=\"font-size: inherit;color:#e0dede;\" aria-hidden=\"true\"><\/i><\/span><div class=\"fusion-separator-border sep-shadow\" style=\"--awb-height:20px;--awb-amount:20px;background:radial-gradient(ellipse at 50% -50% , #e0dede 0px, rgba(255, 255, 255, 0) 80%) repeat scroll 0 0 rgba(0, 0, 0, 0);background:-webkit-radial-gradient(ellipse at 50% -50% , #e0dede 0px, rgba(255, 255, 255, 0) 80%) repeat scroll 0 0 rgba(0, 0, 0, 0);background:-moz-radial-gradient(ellipse at 50% -50% , #e0dede 0px, rgba(255, 255, 255, 0) 80%) repeat scroll 0 0 rgba(0, 0, 0, 0);background:-o-radial-gradient(ellipse at 50% -50% , #e0dede 0px, rgba(255, 255, 255, 0) 80%) repeat scroll 0 0 rgba(0, 0, 0, 0);\"><\/div><\/div><div class=\"fusion-sep-clear\"><\/div><div class=\"fusion-text fusion-text-1\"><\/div><div class=\"fusion-text fusion-text-2\"><\/div><\/p>\n","protected":false},"excerpt":{"rendered":"","protected":false},"author":13,"featured_media":17961,"parent":11604,"menu_order":0,"comment_status":"open","ping_status":"closed","template":"","meta":{"footnotes":""},"class_list":["post-14652","page","type-page","status-publish","has-post-thumbnail","hentry"],"translation":{"provider":"WPGlobus","version":"3.0.0","language":"en","enabled_languages":["es","en","fr"],"languages":{"es":{"title":true,"content":false,"excerpt":false},"en":{"title":false,"content":true,"excerpt":false},"fr":{"title":false,"content":true,"excerpt":false}}},"yoast_head":"<!-- This site is optimized with the Yoast SEO plugin v23.5 - https:\/\/yoast.com\/wordpress\/plugins\/seo\/ -->\n<title>Diagn\u00f3stico de la piel | Sole Centro de Imagen<\/title>\n<meta name=\"robots\" content=\"index, follow, max-snippet:-1, max-image-preview:large, max-video-preview:-1\" \/>\n<link rel=\"canonical\" href=\"https:\/\/solecentrodeimagen.com\/estetica\/tipos-de-tratamientos-faciales\/diagnostico-de-la-piel\/\" \/>\n<meta property=\"og:locale\" content=\"en_US\" \/>\n<meta property=\"og:type\" content=\"article\" \/>\n<meta property=\"og:title\" content=\"Diagn\u00f3stico de la piel | Sole Centro de Imagen\" \/>\n<meta property=\"og:url\" content=\"https:\/\/solecentrodeimagen.com\/estetica\/tipos-de-tratamientos-faciales\/diagnostico-de-la-piel\/\" \/>\n<meta property=\"og:site_name\" content=\"Sole Centro de Imagen\" \/>\n<meta property=\"article:publisher\" content=\"http:\/\/www.facebook.com\/solecentrodeimagen\" \/>\n<meta property=\"article:modified_time\" content=\"2024-09-26T10:23:52+00:00\" \/>\n<meta property=\"og:image\" content=\"https:\/\/solecentrodeimagen.com\/wp-content\/uploads\/2016\/01\/SOFTPLUS-2.jpg\" \/>\n\t<meta property=\"og:image:width\" content=\"999\" \/>\n\t<meta property=\"og:image:height\" content=\"425\" \/>\n\t<meta property=\"og:image:type\" content=\"image\/jpeg\" \/>\n<meta name=\"twitter:card\" content=\"summary_large_image\" \/>\n<meta name=\"twitter:label1\" content=\"Est. reading time\" \/>\n\t<meta name=\"twitter:data1\" content=\"3 minutes\" \/>\n<script type=\"application\/ld+json\" class=\"yoast-schema-graph\">{\"@context\":\"https:\/\/schema.org\",\"@graph\":[{\"@type\":\"WebPage\",\"@id\":\"https:\/\/solecentrodeimagen.com\/estetica\/tipos-de-tratamientos-faciales\/diagnostico-de-la-piel\/\",\"url\":\"https:\/\/solecentrodeimagen.com\/estetica\/tipos-de-tratamientos-faciales\/diagnostico-de-la-piel\/\",\"name\":\"Diagn\u00f3stico de la piel | Sole Centro de Imagen\",\"isPartOf\":{\"@id\":\"https:\/\/solecentrodeimagen.com\/#website\"},\"primaryImageOfPage\":{\"@id\":\"https:\/\/solecentrodeimagen.com\/estetica\/tipos-de-tratamientos-faciales\/diagnostico-de-la-piel\/#primaryimage\"},\"image\":{\"@id\":\"https:\/\/solecentrodeimagen.com\/estetica\/tipos-de-tratamientos-faciales\/diagnostico-de-la-piel\/#primaryimage\"},\"thumbnailUrl\":\"https:\/\/solecentrodeimagen.com\/wp-content\/uploads\/2016\/01\/SOFTPLUS-2.jpg\",\"datePublished\":\"2016-08-08T21:02:17+00:00\",\"dateModified\":\"2024-09-26T10:23:52+00:00\",\"description\":\"\u00bfTe gustaria saber el estado de tu piel? \u00bfNo sabes que crema te va bien? Desc\u00fabrelo con nuestra m\u00e1quina de diagnostico de la piel. Cons\u00faltanos!\",\"breadcrumb\":{\"@id\":\"https:\/\/solecentrodeimagen.com\/estetica\/tipos-de-tratamientos-faciales\/diagnostico-de-la-piel\/#breadcrumb\"},\"inLanguage\":\"en-US\",\"potentialAction\":[{\"@type\":\"ReadAction\",\"target\":[\"https:\/\/solecentrodeimagen.com\/estetica\/tipos-de-tratamientos-faciales\/diagnostico-de-la-piel\/\"]}]},{\"@type\":\"ImageObject\",\"inLanguage\":\"en-US\",\"@id\":\"https:\/\/solecentrodeimagen.com\/estetica\/tipos-de-tratamientos-faciales\/diagnostico-de-la-piel\/#primaryimage\",\"url\":\"https:\/\/solecentrodeimagen.com\/wp-content\/uploads\/2016\/01\/SOFTPLUS-2.jpg\",\"contentUrl\":\"https:\/\/solecentrodeimagen.com\/wp-content\/uploads\/2016\/01\/SOFTPLUS-2.jpg\",\"width\":999,\"height\":425,\"caption\":\"diagnostico de la piel\"},{\"@type\":\"BreadcrumbList\",\"@id\":\"https:\/\/solecentrodeimagen.com\/estetica\/tipos-de-tratamientos-faciales\/diagnostico-de-la-piel\/#breadcrumb\",\"itemListElement\":[{\"@type\":\"ListItem\",\"position\":1,\"name\":\"Home\",\"item\":\"https:\/\/solecentrodeimagen.com\/\"},{\"@type\":\"ListItem\",\"position\":2,\"name\":\"Est\u00e9tica\",\"item\":\"https:\/\/solecentrodeimagen.com\/estetica\/\"},{\"@type\":\"ListItem\",\"position\":3,\"name\":\"Los diferentes tipos de Tratamientos Faciales\",\"item\":\"https:\/\/solecentrodeimagen.com\/estetica\/tipos-de-tratamientos-faciales\/\"},{\"@type\":\"ListItem\",\"position\":4,\"name\":\"Diagn\u00f3stico de la piel\"}]},{\"@type\":\"WebSite\",\"@id\":\"https:\/\/solecentrodeimagen.com\/#website\",\"url\":\"https:\/\/solecentrodeimagen.com\/\",\"name\":\"Sole Centro de Imagen\",\"description\":\"Centro Medicina Est\u00e9tica, Dermatolog\u00eda y Est\u00e9tica avanzada\",\"publisher\":{\"@id\":\"https:\/\/solecentrodeimagen.com\/#organization\"},\"potentialAction\":[{\"@type\":\"SearchAction\",\"target\":{\"@type\":\"EntryPoint\",\"urlTemplate\":\"https:\/\/solecentrodeimagen.com\/?s={search_term_string}\"},\"query-input\":{\"@type\":\"PropertyValueSpecification\",\"valueRequired\":true,\"valueName\":\"search_term_string\"}}],\"inLanguage\":\"en-US\"},{\"@type\":\"Organization\",\"@id\":\"https:\/\/solecentrodeimagen.com\/#organization\",\"name\":\"Sole Centro de Imagen Integral\",\"url\":\"https:\/\/solecentrodeimagen.com\/\",\"logo\":{\"@type\":\"ImageObject\",\"inLanguage\":\"en-US\",\"@id\":\"https:\/\/solecentrodeimagen.com\/#\/schema\/logo\/image\/\",\"url\":\"https:\/\/solecentrodeimagen.com\/wp-content\/uploads\/2016\/06\/logo-solecentromedico.png\",\"contentUrl\":\"https:\/\/solecentrodeimagen.com\/wp-content\/uploads\/2016\/06\/logo-solecentromedico.png\",\"width\":281,\"height\":96,\"caption\":\"Sole Centro de Imagen Integral\"},\"image\":{\"@id\":\"https:\/\/solecentrodeimagen.com\/#\/schema\/logo\/image\/\"},\"sameAs\":[\"http:\/\/www.facebook.com\/solecentrodeimagen\",\"http:\/\/www.instagram.com\/solecentrodeimagen\"]}]}<\/script>\n<!-- \/ Yoast SEO plugin. -->","yoast_head_json":{"title":"Diagn\u00f3stico de la piel | Sole Centro de Imagen","robots":{"index":"index","follow":"follow","max-snippet":"max-snippet:-1","max-image-preview":"max-image-preview:large","max-video-preview":"max-video-preview:-1"},"canonical":"https:\/\/solecentrodeimagen.com\/estetica\/tipos-de-tratamientos-faciales\/diagnostico-de-la-piel\/","og_locale":"en_US","og_type":"article","og_title":"Diagn\u00f3stico de la piel | Sole Centro de Imagen","og_url":"https:\/\/solecentrodeimagen.com\/estetica\/tipos-de-tratamientos-faciales\/diagnostico-de-la-piel\/","og_site_name":"Sole Centro de Imagen","article_publisher":"http:\/\/www.facebook.com\/solecentrodeimagen","article_modified_time":"2024-09-26T10:23:52+00:00","og_image":[{"width":999,"height":425,"url":"https:\/\/solecentrodeimagen.com\/wp-content\/uploads\/2016\/01\/SOFTPLUS-2.jpg","type":"image\/jpeg"}],"twitter_card":"summary_large_image","twitter_misc":{"Est. reading time":"3 minutes"},"schema":{"@context":"https:\/\/schema.org","@graph":[{"@type":"WebPage","@id":"https:\/\/solecentrodeimagen.com\/estetica\/tipos-de-tratamientos-faciales\/diagnostico-de-la-piel\/","url":"https:\/\/solecentrodeimagen.com\/estetica\/tipos-de-tratamientos-faciales\/diagnostico-de-la-piel\/","name":"Diagn\u00f3stico de la piel | Sole Centro de Imagen","isPartOf":{"@id":"https:\/\/solecentrodeimagen.com\/#website"},"primaryImageOfPage":{"@id":"https:\/\/solecentrodeimagen.com\/estetica\/tipos-de-tratamientos-faciales\/diagnostico-de-la-piel\/#primaryimage"},"image":{"@id":"https:\/\/solecentrodeimagen.com\/estetica\/tipos-de-tratamientos-faciales\/diagnostico-de-la-piel\/#primaryimage"},"thumbnailUrl":"https:\/\/solecentrodeimagen.com\/wp-content\/uploads\/2016\/01\/SOFTPLUS-2.jpg","datePublished":"2016-08-08T21:02:17+00:00","dateModified":"2024-09-26T10:23:52+00:00","description":"\u00bfTe gustaria saber el estado de tu piel? \u00bfNo sabes que crema te va bien? Desc\u00fabrelo con nuestra m\u00e1quina de diagnostico de la piel. Cons\u00faltanos!","breadcrumb":{"@id":"https:\/\/solecentrodeimagen.com\/estetica\/tipos-de-tratamientos-faciales\/diagnostico-de-la-piel\/#breadcrumb"},"inLanguage":"en-US","potentialAction":[{"@type":"ReadAction","target":["https:\/\/solecentrodeimagen.com\/estetica\/tipos-de-tratamientos-faciales\/diagnostico-de-la-piel\/"]}]},{"@type":"ImageObject","inLanguage":"en-US","@id":"https:\/\/solecentrodeimagen.com\/estetica\/tipos-de-tratamientos-faciales\/diagnostico-de-la-piel\/#primaryimage","url":"https:\/\/solecentrodeimagen.com\/wp-content\/uploads\/2016\/01\/SOFTPLUS-2.jpg","contentUrl":"https:\/\/solecentrodeimagen.com\/wp-content\/uploads\/2016\/01\/SOFTPLUS-2.jpg","width":999,"height":425,"caption":"diagnostico de la piel"},{"@type":"BreadcrumbList","@id":"https:\/\/solecentrodeimagen.com\/estetica\/tipos-de-tratamientos-faciales\/diagnostico-de-la-piel\/#breadcrumb","itemListElement":[{"@type":"ListItem","position":1,"name":"Home","item":"https:\/\/solecentrodeimagen.com\/"},{"@type":"ListItem","position":2,"name":"Est\u00e9tica","item":"https:\/\/solecentrodeimagen.com\/estetica\/"},{"@type":"ListItem","position":3,"name":"Los diferentes tipos de Tratamientos Faciales","item":"https:\/\/solecentrodeimagen.com\/estetica\/tipos-de-tratamientos-faciales\/"},{"@type":"ListItem","position":4,"name":"Diagn\u00f3stico de la piel"}]},{"@type":"WebSite","@id":"https:\/\/solecentrodeimagen.com\/#website","url":"https:\/\/solecentrodeimagen.com\/","name":"Sole Centro de Imagen","description":"Centro Medicina Est\u00e9tica, Dermatolog\u00eda y Est\u00e9tica avanzada","publisher":{"@id":"https:\/\/solecentrodeimagen.com\/#organization"},"potentialAction":[{"@type":"SearchAction","target":{"@type":"EntryPoint","urlTemplate":"https:\/\/solecentrodeimagen.com\/?s={search_term_string}"},"query-input":{"@type":"PropertyValueSpecification","valueRequired":true,"valueName":"search_term_string"}}],"inLanguage":"en-US"},{"@type":"Organization","@id":"https:\/\/solecentrodeimagen.com\/#organization","name":"Sole Centro de Imagen Integral","url":"https:\/\/solecentrodeimagen.com\/","logo":{"@type":"ImageObject","inLanguage":"en-US","@id":"https:\/\/solecentrodeimagen.com\/#\/schema\/logo\/image\/","url":"https:\/\/solecentrodeimagen.com\/wp-content\/uploads\/2016\/06\/logo-solecentromedico.png","contentUrl":"https:\/\/solecentrodeimagen.com\/wp-content\/uploads\/2016\/06\/logo-solecentromedico.png","width":281,"height":96,"caption":"Sole Centro de Imagen Integral"},"image":{"@id":"https:\/\/solecentrodeimagen.com\/#\/schema\/logo\/image\/"},"sameAs":["http:\/\/www.facebook.com\/solecentrodeimagen","http:\/\/www.instagram.com\/solecentrodeimagen"]}]}},"_links":{"self":[{"href":"https:\/\/solecentrodeimagen.com\/en\/wp-json\/wp\/v2\/pages\/14652"}],"collection":[{"href":"https:\/\/solecentrodeimagen.com\/en\/wp-json\/wp\/v2\/pages"}],"about":[{"href":"https:\/\/solecentrodeimagen.com\/en\/wp-json\/wp\/v2\/types\/page"}],"author":[{"embeddable":true,"href":"https:\/\/solecentrodeimagen.com\/en\/wp-json\/wp\/v2\/users\/13"}],"replies":[{"embeddable":true,"href":"https:\/\/solecentrodeimagen.com\/en\/wp-json\/wp\/v2\/comments?post=14652"}],"version-history":[{"count":1,"href":"https:\/\/solecentrodeimagen.com\/en\/wp-json\/wp\/v2\/pages\/14652\/revisions"}],"predecessor-version":[{"id":22504,"href":"https:\/\/solecentrodeimagen.com\/en\/wp-json\/wp\/v2\/pages\/14652\/revisions\/22504"}],"up":[{"embeddable":true,"href":"https:\/\/solecentrodeimagen.com\/en\/wp-json\/wp\/v2\/pages\/11604"}],"wp:featuredmedia":[{"embeddable":true,"href":"https:\/\/solecentrodeimagen.com\/en\/wp-json\/wp\/v2\/media\/17961"}],"wp:attachment":[{"href":"https:\/\/solecentrodeimagen.com\/en\/wp-json\/wp\/v2\/media?parent=14652"}],"curies":[{"name":"wp","href":"https:\/\/api.w.org\/{rel}","templated":true}]}}