{"id":14726,"date":"2016-01-28T12:07:19","date_gmt":"2016-01-28T11:07:19","guid":{"rendered":"https:\/\/solecentrodeimagen.com\/?page_id=14726"},"modified":"2020-04-17T11:44:19","modified_gmt":"2020-04-17T09:44:19","slug":"viora-reaction-refit","status":"publish","type":"page","link":"https:\/\/solecentrodeimagen.com\/en\/estetica-avanzada\/viora-reaction-refit\/","title":{"rendered":"Viora ReFit"},"content":{"rendered":"<div class=\"fusion-fullwidth fullwidth-box fusion-builder-row-1 hundred-percent-fullwidth non-hundred-percent-height-scrolling\" style=\"--awb-border-radius-top-left:0px;--awb-border-radius-top-right:0px;--awb-border-radius-bottom-right:0px;--awb-border-radius-bottom-left:0px;--awb-overflow:visible;--awb-flex-wrap:wrap;\" ><div class=\"fusion-builder-row fusion-row\"><div class=\"fusion-layout-column fusion_builder_column fusion-builder-column-0 fusion_builder_column_1_1 1_1 fusion-one-full fusion-column-first fusion-column-last fusion-column-no-min-height\" style=\"--awb-bg-size:cover;--awb-margin-bottom:0px;\"><div class=\"fusion-column-wrapper fusion-flex-column-wrapper-legacy\"><div class=\"fusion-title title fusion-title-1 fusion-sep-none fusion-title-text fusion-title-size-two\"><h2 class=\"fusion-title-heading title-heading-left fusion-responsive-typography-calculated\" style=\"margin:0;--fontSize:26;--minFontSize:26;line-height:1.73;\">\u00bfQu\u00e9 es Viora Reaction?<\/h2><\/div><div class=\"fusion-text fusion-text-1\"><p style=\"text-align: justify;\">VIORA REACTION es un equipo no-invasivo, y una soluci\u00f3n todo-en-uno de los procedimientos m\u00e9dico-est\u00e9ticos m\u00e1s populares, tratamientos corporales y faciales, reducci\u00f3n de la celulitis, contorno y reafirmaci\u00f3n.<\/p>\n<p style=\"text-align: justify;\">VIORA REACTION con su tecnolog\u00eda multicanal de Radiofrecuencia\u00a0\u00a0+ Vacum, ofrece tratamientos r\u00e1pidos, seguros e indoloros, con resultados cl\u00ednicos \u00f3ptimos.<\/p>\n<p style=\"text-align: justify;\">Con VIORA REACTION, se tiene el control completo en el tratamiento de pacientes, ya que podemos manejar la profundidad de penetraci\u00f3n, por lo que puede tratar todo el cuerpo y la cara del paciente.<\/p>\n<\/div><div class=\"fusion-clearfix\"><\/div><\/div><\/div><div class=\"fusion-layout-column fusion_builder_column fusion-builder-column-1 fusion_builder_column_1_1 1_1 fusion-one-full fusion-column-first fusion-column-last fusion-column-no-min-height\" style=\"--awb-bg-size:cover;--awb-margin-bottom:0px;\"><div class=\"fusion-column-wrapper fusion-flex-column-wrapper-legacy\"><div class=\"fusion-title title fusion-title-2 fusion-sep-none fusion-title-text fusion-title-size-two\" style=\"--awb-margin-top:30px;--awb-margin-bottom:25px;\"><h2 class=\"fusion-title-heading title-heading-left fusion-responsive-typography-calculated\" style=\"margin:0;--fontSize:26;--minFontSize:26;line-height:1.73;\">Tecnolog\u00eda Viora<\/h2><\/div><div class=\"fusion-text fusion-text-2\"><p style=\"text-align: justify;\"><img decoding=\"async\" class=\"size-full wp-image-14733 alignright\" src=\"https:\/\/solecentrodeimagen.com\/wp-content\/uploads\/2016\/01\/Reaction-Blanco-Alta-Res..png\" alt=\"Viora Reaction\" width=\"200\" height=\"328\" srcset=\"https:\/\/solecentrodeimagen.com\/wp-content\/uploads\/2016\/01\/Reaction-Blanco-Alta-Res.-183x300.png 183w, https:\/\/solecentrodeimagen.com\/wp-content\/uploads\/2016\/01\/Reaction-Blanco-Alta-Res..png 200w\" sizes=\"(max-width: 200px) 100vw, 200px\" \/>La ventaja CORE &#x2122;\u00a0 tecnolog\u00eda patentada por Viora presenta tres canales de RF distintos 0.8MHz, 1.7MHz y 2.45MHz que trabajan individualmente y un cuarto modo\u00a0 multicanal que trabaja las tres a la vez junto con terapia de vac\u00edo (Vacumterapia), con ello podemos controlar la profundidad de penetraci\u00f3n, orientar a los diferentes tejidos para diversos tratamientos y alcanzar temperaturas de eficacia m\u00e1s r\u00e1pidas, con ello conseguimos sesiones m\u00e1s cortas, que ahorran tiempo y permite trabajar con m\u00e1s pacientes.<\/p>\n<p style=\"text-align: justify;\">Con m\u00faltiples frecuencias REACTION\u00a0 proporciona un control superior del tratamiento y una mayor precisi\u00f3n creando un efecto d\u00e9rmico m\u00e1s amplio y una alta absorci\u00f3n de energ\u00eda, lo que asegura resultados cl\u00ednicos optimizados.<\/p>\n<p style=\"text-align: justify;\">REACTION dispone\u00a0 de unos protocolos propios\u00a0 que han sido desarrollados por Viora con un concepto innovador.<\/p>\n<p><img decoding=\"async\" class=\"alignleft wp-image-3842\" src=\"http:\/\/www.dpgestetic.com\/wp-content\/uploads\/2014\/08\/ReFit.png\" alt=\"ReFit viora reaction\" width=\"66\" height=\"18\" \/>\u00a0 \u2013 tratamiento espec\u00edfico para la flacidez extrema<\/p>\n<p><img decoding=\"async\" class=\"alignleft wp-image-3843\" src=\"http:\/\/www.dpgestetic.com\/wp-content\/uploads\/2014\/08\/ReLift.png\" alt=\"viora reaction ReLift\" width=\"74\" height=\"18\" \/>\u2013\u00a0 efectos del envejecimiento y la gravedad sobre la piel en zonas\u00a0 delicadas papada, brazos cara interna de muslo<\/p>\n<p><img decoding=\"async\" class=\"alignleft wp-image-3844\" src=\"http:\/\/www.dpgestetic.com\/wp-content\/uploads\/2014\/08\/Revive-Logo-02.png\" alt=\"viora reaction Revive Logo-02\" width=\"76\" height=\"22\" \/>\u2013 alternativa no invasiva\u00a0 para el tejido vulvar laxo, recuperaci\u00f3n de p\u00e9rdida de tono por partos, gen\u00e9tica traumas, edad o p\u00e9rdida de peso<\/p>\n<p>Certificado CE, FDA\u00a0 estudios cl\u00ednicos<\/p>\n<p>A ra\u00edz de los avances la tecnolog\u00eda CORE &#x2122;, hemos desarrollado una variedad de protocolos especiales para los conceptos de tratamiento innovadoras.<\/p>\n<\/div><div class=\"fusion-clearfix\"><\/div><\/div><\/div><div class=\"fusion-layout-column fusion_builder_column fusion-builder-column-2 fusion_builder_column_1_1 1_1 fusion-one-full fusion-column-first fusion-column-last fusion-column-no-min-height\" style=\"--awb-bg-size:cover;--awb-margin-bottom:0px;\"><div class=\"fusion-column-wrapper fusion-flex-column-wrapper-legacy\"><div class=\"fusion-title title fusion-title-3 fusion-sep-none fusion-title-text fusion-title-size-two\" style=\"--awb-margin-top:30px;--awb-margin-bottom:25px;\"><h2 class=\"fusion-title-heading title-heading-left fusion-responsive-typography-calculated\" style=\"margin:0;--fontSize:26;--minFontSize:26;line-height:1.73;\">Caracter\u00edsticas y Beneficios<strong>\u00a0<\/strong><\/h2><\/div><div class=\"fusion-text fusion-text-3\"><p style=\"text-align: justify;\"><img decoding=\"async\" class=\"size-full wp-image-14740 alignright\" src=\"https:\/\/solecentrodeimagen.com\/wp-content\/uploads\/2016\/01\/cabezal.png\" alt=\"cabezal viora reaction\" width=\"200\" height=\"393\" srcset=\"https:\/\/solecentrodeimagen.com\/wp-content\/uploads\/2016\/01\/cabezal-153x300.png 153w, https:\/\/solecentrodeimagen.com\/wp-content\/uploads\/2016\/01\/cabezal.png 200w\" sizes=\"(max-width: 200px) 100vw, 200px\" \/>El control y la precisi\u00f3n del tratamiento Superior focalizaci\u00f3n<\/p>\n<p style=\"text-align: justify;\">Amplio efecto d\u00e9rmico y una mayor absorci\u00f3n de energ\u00eda<\/p>\n<p style=\"text-align: justify;\">Tratamientos altamente eficientes y eficaces con resultados probados<\/p>\n<p style=\"text-align: justify;\">Eficacia rentable con los tratamientos m\u00e1s r\u00e1pidos, para un mejor retorno de su inversi\u00f3n<\/p>\n<p style=\"text-align: justify;\">Seguridad y flexibilidad de una soluci\u00f3n no invasiva<\/p>\n<p style=\"text-align: justify;\">REACTION dispone de 3 cabezales para m\u00faltiples tratamientos:<\/p>\n<p style=\"text-align: justify;\">BC body contour RF + vacum<\/p>\n<p style=\"text-align: justify;\">FC facial contour RF + vacum<\/p>\n<p style=\"text-align: justify;\">ST tensado facial RF con sistema refrigerado<\/p>\n<p style=\"text-align: justify;\">REACTION- su soluci\u00f3n cl\u00ednicamente probada, segura, eficaz, indoloro y no invasivo para el cuerpo y el contorno facial, estiramiento de la piel y la reducci\u00f3n de la celulitis.<\/p>\n<\/div><div class=\"fusion-button-wrapper\"><a class=\"fusion-button button-flat fusion-button-default-size button-custom fusion-button-default button-1 fusion-button-default-span fusion-button-default-type fusion-has-button-gradient\" style=\"--button_accent_color:#787878;--button_accent_hover_color:#787878;--button_border_hover_color:#787878;--button_gradient_top_color:#e8e8e8;--button_gradient_bottom_color:#d6d6d6;--button_gradient_top_color_hover:#d6d6d6;--button_gradient_bottom_color_hover:#e8e8e8;\" target=\"_blank\" rel=\"noopener noreferrer\" href=\"http:\/\/www.dpgestetic.com\/wp-content\/pdf\/REACTION%20catalogo%20Nuevo%20HR.pdf\"><span class=\"fusion-button-text\">Cat\u00e1logo PDF<\/span><\/a><\/div><div class=\"fusion-sep-clear\"><\/div><div class=\"fusion-separator fusion-full-width-sep\" style=\"margin-left: auto;margin-right: auto;margin-top:25px;width:100%;\"><\/div><div class=\"fusion-sep-clear\"><\/div><div class=\"fusion-clearfix\"><\/div><\/div><\/div><div class=\"fusion-layout-column fusion_builder_column fusion-builder-column-3 fusion_builder_column_1_1 1_1 fusion-one-full fusion-column-first fusion-column-last fusion-column-no-min-height\" style=\"--awb-bg-size:cover;--awb-margin-bottom:0px;\"><div class=\"fusion-column-wrapper fusion-flex-column-wrapper-legacy\"><div class=\"fusion-sharing-box fusion-sharing-box-1 has-taglines layout-floated layout-medium-floated layout-small-floated\" style=\"background-color:#f7f7f7;--awb-layout:row;--awb-alignment-small:space-between;\" data-title=\"Viora ReFit\" data-description=\"\u00bfQu\u00e9 es Viora Reaction? \r\nVIORA REACTION es un equipo no-invasivo, y una soluci\u00f3n todo-en-uno de los procedimientos m\u00e9dico-est\u00e9ticos m\u00e1s populares, tratamientos corporales y faciales, reducci\u00f3n de la celulitis, contorno y reafirmaci\u00f3n.\r\nVIORA REACTION con su tecnolog\u00eda multicanal de Radiofrecuencia\u00a0\u00a0+ Vacum, ofrece tratamientos r\u00e1pidos, seguros e indoloros, con resultados cl\u00ednicos \u00f3ptimos.\r\nCon\" data-link=\"https:\/\/solecentrodeimagen.com\/en\/estetica-avanzada\/viora-reaction-refit\/\"><h4 class=\"tagline\" style=\"color:#333333;\">\u00bfTe ha gustado la p\u00e1gina? Comp\u00e1rtela en tus redes sociales!<\/h4><div class=\"fusion-social-networks sharingbox-shortcode-icon-wrapper sharingbox-shortcode-icon-wrapper-1\"><span><a href=\"https:\/\/www.facebook.com\/sharer.php?u=https%3A%2F%2Fsolecentrodeimagen.com%2Fen%2Festetica-avanzada%2Fviora-reaction-refit%2F&amp;t=Viora%20ReFit\" target=\"_blank\" rel=\"noreferrer nofollow\" title=\"Facebook\" aria-label=\"Facebook\" data-placement=\"top\" data-toggle=\"tooltip\" data-title=\"Facebook\"><i class=\"fusion-social-network-icon fusion-tooltip fusion-facebook awb-icon-facebook\" style=\"color:#000000;\" aria-hidden=\"true\"><\/i><\/a><\/span><span><a href=\"https:\/\/x.com\/share?text=Viora%20ReFit&amp;url=https%3A%2F%2Fsolecentrodeimagen.com%2Fen%2Festetica-avanzada%2Fviora-reaction-refit%2F\" target=\"_blank\" rel=\"noopener noreferrer nofollow\" title=\"X\" aria-label=\"X\" data-placement=\"top\" data-toggle=\"tooltip\" data-title=\"X\"><i class=\"fusion-social-network-icon fusion-tooltip fusion-twitter awb-icon-twitter\" style=\"color:#000000;\" aria-hidden=\"true\"><\/i><\/a><\/span><span><a href=\"mailto:?subject=Viora%20ReFit&amp;body=https%3A%2F%2Fsolecentrodeimagen.com%2Fen%2Festetica-avanzada%2Fviora-reaction-refit%2F\" target=\"_self\" rel=\"nofollow\" title=\"Email\" aria-label=\"Email\" data-placement=\"top\" data-toggle=\"tooltip\" data-title=\"Email\"><i class=\"fusion-social-network-icon fusion-tooltip fusion-mail awb-icon-mail\" style=\"color:#000000;\" aria-hidden=\"true\"><\/i><\/a><\/span><\/div><\/div><div class=\"fusion-sep-clear\"><\/div><div class=\"fusion-separator fusion-has-icon fusion-full-width-sep\" style=\"margin-left: auto;margin-right: auto;width:100%;\"><div class=\"fusion-separator-border sep-shadow\" style=\"--awb-height:20px;--awb-amount:20px;background:radial-gradient(ellipse at 50% -50% , #e0dede 0px, rgba(255, 255, 255, 0) 80%) repeat scroll 0 0 rgba(0, 0, 0, 0);background:-webkit-radial-gradient(ellipse at 50% -50% , #e0dede 0px, rgba(255, 255, 255, 0) 80%) repeat scroll 0 0 rgba(0, 0, 0, 0);background:-moz-radial-gradient(ellipse at 50% -50% , #e0dede 0px, rgba(255, 255, 255, 0) 80%) repeat scroll 0 0 rgba(0, 0, 0, 0);background:-o-radial-gradient(ellipse at 50% -50% , #e0dede 0px, rgba(255, 255, 255, 0) 80%) repeat scroll 0 0 rgba(0, 0, 0, 0);\"><\/div><span class=\"icon-wrapper\" style=\"border-color:#e0dede;background-color:rgba(255,255,255,0);font-size:13px;width: 1.75em; height: 1.75em;border-width:1px;padding:1px;\"><i class=\" fa fa-comments\" style=\"font-size: inherit;color:#e0dede;\" aria-hidden=\"true\"><\/i><\/span><div class=\"fusion-separator-border sep-shadow\" style=\"--awb-height:20px;--awb-amount:20px;background:radial-gradient(ellipse at 50% -50% , #e0dede 0px, rgba(255, 255, 255, 0) 80%) repeat scroll 0 0 rgba(0, 0, 0, 0);background:-webkit-radial-gradient(ellipse at 50% -50% , #e0dede 0px, rgba(255, 255, 255, 0) 80%) repeat scroll 0 0 rgba(0, 0, 0, 0);background:-moz-radial-gradient(ellipse at 50% -50% , #e0dede 0px, rgba(255, 255, 255, 0) 80%) repeat scroll 0 0 rgba(0, 0, 0, 0);background:-o-radial-gradient(ellipse at 50% -50% , #e0dede 0px, rgba(255, 255, 255, 0) 80%) repeat scroll 0 0 rgba(0, 0, 0, 0);\"><\/div><\/div><div class=\"fusion-sep-clear\"><\/div><div class=\"fusion-clearfix\"><\/div><\/div><\/div><\/div><\/div>\n","protected":false},"excerpt":{"rendered":"","protected":false},"author":13,"featured_media":0,"parent":20122,"menu_order":0,"comment_status":"open","ping_status":"closed","template":"","meta":{"footnotes":""},"class_list":["post-14726","page","type-page","status-publish","hentry"],"translation":{"provider":"WPGlobus","version":"3.0.0","language":"en","enabled_languages":["es","en","fr"],"languages":{"es":{"title":true,"content":true,"excerpt":false},"en":{"title":false,"content":false,"excerpt":false},"fr":{"title":false,"content":false,"excerpt":false}}},"yoast_head":"<!-- This site is optimized with the Yoast SEO plugin v23.5 - https:\/\/yoast.com\/wordpress\/plugins\/seo\/ -->\n<title>Viora ReFit | Sole Centro de Imagen<\/title>\n<meta name=\"robots\" content=\"index, follow, max-snippet:-1, max-image-preview:large, max-video-preview:-1\" \/>\n<link rel=\"canonical\" href=\"https:\/\/solecentrodeimagen.com\/estetica-avanzada\/viora-reaction-refit\/\" \/>\n<meta property=\"og:locale\" content=\"en_US\" \/>\n<meta property=\"og:type\" content=\"article\" \/>\n<meta property=\"og:title\" content=\"Viora ReFit | Sole Centro de Imagen\" \/>\n<meta property=\"og:url\" content=\"https:\/\/solecentrodeimagen.com\/estetica-avanzada\/viora-reaction-refit\/\" \/>\n<meta property=\"og:site_name\" content=\"Sole Centro de Imagen\" \/>\n<meta property=\"article:publisher\" content=\"http:\/\/www.facebook.com\/solecentrodeimagen\" \/>\n<meta property=\"article:modified_time\" content=\"2020-04-17T09:44:19+00:00\" \/>\n<meta property=\"og:image\" content=\"https:\/\/solecentrodeimagen.com\/wp-content\/uploads\/2016\/01\/Reaction-Blanco-Alta-Res..png\" \/>\n<meta name=\"twitter:card\" content=\"summary_large_image\" \/>\n<meta name=\"twitter:label1\" content=\"Est. reading time\" \/>\n\t<meta name=\"twitter:data1\" content=\"5 minutes\" \/>\n<script type=\"application\/ld+json\" class=\"yoast-schema-graph\">{\"@context\":\"https:\/\/schema.org\",\"@graph\":[{\"@type\":\"WebPage\",\"@id\":\"https:\/\/solecentrodeimagen.com\/estetica-avanzada\/viora-reaction-refit\/\",\"url\":\"https:\/\/solecentrodeimagen.com\/estetica-avanzada\/viora-reaction-refit\/\",\"name\":\"Viora ReFit | Sole Centro de Imagen\",\"isPartOf\":{\"@id\":\"https:\/\/solecentrodeimagen.com\/#website\"},\"primaryImageOfPage\":{\"@id\":\"https:\/\/solecentrodeimagen.com\/estetica-avanzada\/viora-reaction-refit\/#primaryimage\"},\"image\":{\"@id\":\"https:\/\/solecentrodeimagen.com\/estetica-avanzada\/viora-reaction-refit\/#primaryimage\"},\"thumbnailUrl\":\"https:\/\/solecentrodeimagen.com\/wp-content\/uploads\/2016\/01\/Reaction-Blanco-Alta-Res..png\",\"datePublished\":\"2016-01-28T11:07:19+00:00\",\"dateModified\":\"2020-04-17T09:44:19+00:00\",\"description\":\"Tratamiento corporal Viora Reaction \u2122 :Silueta mas firme y piel mas tersa. Reducci\u00f3n de la celulitis, contorno y reafirmaci\u00f3n. Consultanos!\",\"breadcrumb\":{\"@id\":\"https:\/\/solecentrodeimagen.com\/estetica-avanzada\/viora-reaction-refit\/#breadcrumb\"},\"inLanguage\":\"en-US\",\"potentialAction\":[{\"@type\":\"ReadAction\",\"target\":[\"https:\/\/solecentrodeimagen.com\/estetica-avanzada\/viora-reaction-refit\/\"]}]},{\"@type\":\"ImageObject\",\"inLanguage\":\"en-US\",\"@id\":\"https:\/\/solecentrodeimagen.com\/estetica-avanzada\/viora-reaction-refit\/#primaryimage\",\"url\":\"https:\/\/solecentrodeimagen.com\/wp-content\/uploads\/2016\/01\/Reaction-Blanco-Alta-Res..png\",\"contentUrl\":\"https:\/\/solecentrodeimagen.com\/wp-content\/uploads\/2016\/01\/Reaction-Blanco-Alta-Res..png\"},{\"@type\":\"BreadcrumbList\",\"@id\":\"https:\/\/solecentrodeimagen.com\/estetica-avanzada\/viora-reaction-refit\/#breadcrumb\",\"itemListElement\":[{\"@type\":\"ListItem\",\"position\":1,\"name\":\"Home\",\"item\":\"https:\/\/solecentrodeimagen.com\/\"},{\"@type\":\"ListItem\",\"position\":2,\"name\":\"Tratamientos de Est\u00e9tica Avanzada\",\"item\":\"https:\/\/solecentrodeimagen.com\/estetica-avanzada\/\"},{\"@type\":\"ListItem\",\"position\":3,\"name\":\"Viora ReFit\"}]},{\"@type\":\"WebSite\",\"@id\":\"https:\/\/solecentrodeimagen.com\/#website\",\"url\":\"https:\/\/solecentrodeimagen.com\/\",\"name\":\"Sole Centro de Imagen\",\"description\":\"Centro Medicina Est\u00e9tica, Dermatolog\u00eda y Est\u00e9tica avanzada\",\"publisher\":{\"@id\":\"https:\/\/solecentrodeimagen.com\/#organization\"},\"potentialAction\":[{\"@type\":\"SearchAction\",\"target\":{\"@type\":\"EntryPoint\",\"urlTemplate\":\"https:\/\/solecentrodeimagen.com\/?s={search_term_string}\"},\"query-input\":{\"@type\":\"PropertyValueSpecification\",\"valueRequired\":true,\"valueName\":\"search_term_string\"}}],\"inLanguage\":\"en-US\"},{\"@type\":\"Organization\",\"@id\":\"https:\/\/solecentrodeimagen.com\/#organization\",\"name\":\"Sole Centro de Imagen Integral\",\"url\":\"https:\/\/solecentrodeimagen.com\/\",\"logo\":{\"@type\":\"ImageObject\",\"inLanguage\":\"en-US\",\"@id\":\"https:\/\/solecentrodeimagen.com\/#\/schema\/logo\/image\/\",\"url\":\"https:\/\/solecentrodeimagen.com\/wp-content\/uploads\/2016\/06\/logo-solecentromedico.png\",\"contentUrl\":\"https:\/\/solecentrodeimagen.com\/wp-content\/uploads\/2016\/06\/logo-solecentromedico.png\",\"width\":281,\"height\":96,\"caption\":\"Sole Centro de Imagen Integral\"},\"image\":{\"@id\":\"https:\/\/solecentrodeimagen.com\/#\/schema\/logo\/image\/\"},\"sameAs\":[\"http:\/\/www.facebook.com\/solecentrodeimagen\",\"http:\/\/www.instagram.com\/solecentrodeimagen\"]}]}<\/script>\n<!-- \/ Yoast SEO plugin. -->","yoast_head_json":{"title":"Viora ReFit | Sole Centro de Imagen","robots":{"index":"index","follow":"follow","max-snippet":"max-snippet:-1","max-image-preview":"max-image-preview:large","max-video-preview":"max-video-preview:-1"},"canonical":"https:\/\/solecentrodeimagen.com\/estetica-avanzada\/viora-reaction-refit\/","og_locale":"en_US","og_type":"article","og_title":"Viora ReFit | Sole Centro de Imagen","og_url":"https:\/\/solecentrodeimagen.com\/estetica-avanzada\/viora-reaction-refit\/","og_site_name":"Sole Centro de Imagen","article_publisher":"http:\/\/www.facebook.com\/solecentrodeimagen","article_modified_time":"2020-04-17T09:44:19+00:00","og_image":[{"url":"https:\/\/solecentrodeimagen.com\/wp-content\/uploads\/2016\/01\/Reaction-Blanco-Alta-Res..png"}],"twitter_card":"summary_large_image","twitter_misc":{"Est. reading time":"5 minutes"},"schema":{"@context":"https:\/\/schema.org","@graph":[{"@type":"WebPage","@id":"https:\/\/solecentrodeimagen.com\/estetica-avanzada\/viora-reaction-refit\/","url":"https:\/\/solecentrodeimagen.com\/estetica-avanzada\/viora-reaction-refit\/","name":"Viora ReFit | Sole Centro de Imagen","isPartOf":{"@id":"https:\/\/solecentrodeimagen.com\/#website"},"primaryImageOfPage":{"@id":"https:\/\/solecentrodeimagen.com\/estetica-avanzada\/viora-reaction-refit\/#primaryimage"},"image":{"@id":"https:\/\/solecentrodeimagen.com\/estetica-avanzada\/viora-reaction-refit\/#primaryimage"},"thumbnailUrl":"https:\/\/solecentrodeimagen.com\/wp-content\/uploads\/2016\/01\/Reaction-Blanco-Alta-Res..png","datePublished":"2016-01-28T11:07:19+00:00","dateModified":"2020-04-17T09:44:19+00:00","description":"Tratamiento corporal Viora Reaction \u2122 :Silueta mas firme y piel mas tersa. Reducci\u00f3n de la celulitis, contorno y reafirmaci\u00f3n. Consultanos!","breadcrumb":{"@id":"https:\/\/solecentrodeimagen.com\/estetica-avanzada\/viora-reaction-refit\/#breadcrumb"},"inLanguage":"en-US","potentialAction":[{"@type":"ReadAction","target":["https:\/\/solecentrodeimagen.com\/estetica-avanzada\/viora-reaction-refit\/"]}]},{"@type":"ImageObject","inLanguage":"en-US","@id":"https:\/\/solecentrodeimagen.com\/estetica-avanzada\/viora-reaction-refit\/#primaryimage","url":"https:\/\/solecentrodeimagen.com\/wp-content\/uploads\/2016\/01\/Reaction-Blanco-Alta-Res..png","contentUrl":"https:\/\/solecentrodeimagen.com\/wp-content\/uploads\/2016\/01\/Reaction-Blanco-Alta-Res..png"},{"@type":"BreadcrumbList","@id":"https:\/\/solecentrodeimagen.com\/estetica-avanzada\/viora-reaction-refit\/#breadcrumb","itemListElement":[{"@type":"ListItem","position":1,"name":"Home","item":"https:\/\/solecentrodeimagen.com\/"},{"@type":"ListItem","position":2,"name":"Tratamientos de Est\u00e9tica Avanzada","item":"https:\/\/solecentrodeimagen.com\/estetica-avanzada\/"},{"@type":"ListItem","position":3,"name":"Viora ReFit"}]},{"@type":"WebSite","@id":"https:\/\/solecentrodeimagen.com\/#website","url":"https:\/\/solecentrodeimagen.com\/","name":"Sole Centro de Imagen","description":"Centro Medicina Est\u00e9tica, Dermatolog\u00eda y Est\u00e9tica avanzada","publisher":{"@id":"https:\/\/solecentrodeimagen.com\/#organization"},"potentialAction":[{"@type":"SearchAction","target":{"@type":"EntryPoint","urlTemplate":"https:\/\/solecentrodeimagen.com\/?s={search_term_string}"},"query-input":{"@type":"PropertyValueSpecification","valueRequired":true,"valueName":"search_term_string"}}],"inLanguage":"en-US"},{"@type":"Organization","@id":"https:\/\/solecentrodeimagen.com\/#organization","name":"Sole Centro de Imagen Integral","url":"https:\/\/solecentrodeimagen.com\/","logo":{"@type":"ImageObject","inLanguage":"en-US","@id":"https:\/\/solecentrodeimagen.com\/#\/schema\/logo\/image\/","url":"https:\/\/solecentrodeimagen.com\/wp-content\/uploads\/2016\/06\/logo-solecentromedico.png","contentUrl":"https:\/\/solecentrodeimagen.com\/wp-content\/uploads\/2016\/06\/logo-solecentromedico.png","width":281,"height":96,"caption":"Sole Centro de Imagen Integral"},"image":{"@id":"https:\/\/solecentrodeimagen.com\/#\/schema\/logo\/image\/"},"sameAs":["http:\/\/www.facebook.com\/solecentrodeimagen","http:\/\/www.instagram.com\/solecentrodeimagen"]}]}},"_links":{"self":[{"href":"https:\/\/solecentrodeimagen.com\/en\/wp-json\/wp\/v2\/pages\/14726"}],"collection":[{"href":"https:\/\/solecentrodeimagen.com\/en\/wp-json\/wp\/v2\/pages"}],"about":[{"href":"https:\/\/solecentrodeimagen.com\/en\/wp-json\/wp\/v2\/types\/page"}],"author":[{"embeddable":true,"href":"https:\/\/solecentrodeimagen.com\/en\/wp-json\/wp\/v2\/users\/13"}],"replies":[{"embeddable":true,"href":"https:\/\/solecentrodeimagen.com\/en\/wp-json\/wp\/v2\/comments?post=14726"}],"version-history":[{"count":2,"href":"https:\/\/solecentrodeimagen.com\/en\/wp-json\/wp\/v2\/pages\/14726\/revisions"}],"predecessor-version":[{"id":20429,"href":"https:\/\/solecentrodeimagen.com\/en\/wp-json\/wp\/v2\/pages\/14726\/revisions\/20429"}],"up":[{"embeddable":true,"href":"https:\/\/solecentrodeimagen.com\/en\/wp-json\/wp\/v2\/pages\/20122"}],"wp:attachment":[{"href":"https:\/\/solecentrodeimagen.com\/en\/wp-json\/wp\/v2\/media?parent=14726"}],"curies":[{"name":"wp","href":"https:\/\/api.w.org\/{rel}","templated":true}]}}