{"id":16034,"date":"2016-03-12T19:35:01","date_gmt":"2016-03-12T18:35:01","guid":{"rendered":"https:\/\/solecentrodeimagen.com\/?page_id=16034"},"modified":"2017-03-10T18:44:55","modified_gmt":"2017-03-10T17:44:55","slug":"environ","status":"publish","type":"page","link":"https:\/\/solecentrodeimagen.com\/en\/environ\/","title":{"rendered":"Environ I The cosmeceutical of the future"},"content":{"rendered":"<p style=\"text-align: justify;\"><img decoding=\"async\" class=\" wp-image-16035 alignright\" src=\"https:\/\/solecentrodeimagen.com\/wp-content\/uploads\/2016\/03\/environ.jpg\" alt=\"environ\" width=\"294\" height=\"311\" srcset=\"https:\/\/solecentrodeimagen.com\/wp-content\/uploads\/2016\/03\/environ-283x300.jpg 283w, https:\/\/solecentrodeimagen.com\/wp-content\/uploads\/2016\/03\/environ.jpg 353w\" sizes=\"(max-width: 294px) 100vw, 294px\" \/>Environ \u00ae The company was founded in 1990 by Dr. Desmond Fernandes, a renowned plastic surgeon in South Africa. In a few years it established itself as one of the leading global brands in skin care, and is also a benchmark for other companies in the field of the use of vitamins in cosmetics, especially vitamin A.\u00a0 At that time Dr. Fernandes realised that the cosmetic of the future must contain adequate doses of vitamin A, C and other antioxidants if we want to protect the skin from the negative effects of increased ultraviolet radiation, stress, poor diet and an increase of air pollution that cause the signs of aging that are increasingly visible and more harmful.<\/p>\n<p style=\"text-align: justify;\">The proven effectiveness of Environ \u00ae products is due to an intelligent method to combat the visible signs of skin aging without destruction of the epidermis, through the penetration of nutrients essential for the proper functioning of the cells that make up the structure of the skin. The profound scientific basis used in product development and excellence in the quality of the elements used in their formulations, are recognized by publishers and specialists in skin care in the world. All products have passed quality tests and maximum hygiene.\u00a0 In its preparation preservatives, dyes or perfume are not used, thus avoiding the possibility of rejection by unwanted reactions.<\/p>\n<p style=\"text-align: justify;\">The major active ingredients used in their formulas are: Vitamin A, vitamin C, vitamin E, vitamin B5 and B12, Matrixyl and Matrixyl 3000, dermaxyl, Argireline, resveratrol, beta carotene, honeybush extract, green tea extract and rosemary , lycopene, squalene, lutein, ceramide 2, tea tree oil, colostrum, among others.<\/p>\n<p style=\"text-align: justify;\">The products are designed to modify the behavior of cells that form the epithelial structure and misuse of these can cause unwanted reactions in the short and long term.<\/p>\n<p style=\"text-align: justify;\">Environ \u00ae consists of 11 lines and each one interacts with others, being accredited by an aesthetic adviser recommending the most appropriate product mix to the customer depending on a number of specific factors for skin care success.<\/p>\n<p style=\"text-align: justify;\">Environ \u00ae The company also has some intelligent instruments whose function is to achieve results from their product multiplied by its use, such as the Cosmetic Roll-Cit.<\/p>\n<p style=\"text-align: justify;\">Cosmetic Roll-Cit &#8211; Minilifting nonsurgical with microneedles.<\/p>\n<p style=\"text-align: justify;\">This is a facial rejuvenation technique.\u00a0 It is non-invasive, safe and achieves excellent results. This is a device designed to help a more effective penetration of the active molecules of the product and ensure they arrive intact to deeper areas of the skin, thus obtaining the most effective results.<\/p>\n<p style=\"text-align: justify;\">Intended for daily use by the client at home, helping to accelerate significantly the results we expect from the application of the products. Use of the Roll-CIT is limited to the use of Environ \u00ae products.<\/p>\n<p style=\"text-align: justify;\">Environ \u00ae products may only be offered in graduate schools accredited by the company or a qualified beautician. Only skin professionals who have successfully undergone training offered by the company are properly qualified for the correct use of Environ \u00ae products, and may make a diagnosis and accurately track the client.<\/p>\n<p style=\"text-align: justify;\">If you are interested on this treatment and want to inquire, click here<\/p>\n<p style=\"text-align: justify;\">[\/fusion_text]<div class=\"fusion-sep-clear\"><\/div><div class=\"fusion-separator fusion-full-width-sep\" style=\"margin-left: auto;margin-right: auto;margin-top:20px;width:100%;\"><\/div><div class=\"fusion-sep-clear\"><\/div>[\/fusion_builder_column]<div class=\"fusion-layout-column fusion_builder_column fusion-builder-column-0 fusion_builder_column_1_1 1_1 fusion-one-full fusion-column-first fusion-column-last fusion-column-no-min-height\" style=\"--awb-bg-size:cover;--awb-margin-bottom:0px;width:100%;\"><div class=\"fusion-column-wrapper fusion-flex-column-wrapper-legacy\"><div class=\"fusion-clearfix\"><\/div><\/div><\/div><div class=\"fusion-sharing-box fusion-sharing-box-1 has-taglines layout-floated layout-medium-floated layout-small-floated\" style=\"background-color:#f7f7f7;--awb-layout:row;--awb-alignment-small:space-between;\" data-title=\"Environ I The cosmeceutical of the future\" data-description=\"{:es}\r\n\r\nEnviron\r\nLa empresa Environ \u00ae fue fundada en 1990 por el Dr. Desmond Fernandes, un reconocido cirujano pl\u00e1stico de Sud\u00e1frica. En pocos a\u00f1os se posicion\u00f3 como una de las marcas mundiales l\u00edderes en el cuidado de la piel, siendo adem\u00e1s punto de referencia para otras empresas en el campo de\" data-link=\"https:\/\/solecentrodeimagen.com\/en\/environ\/\"><h4 class=\"tagline\" style=\"color:#333333;\">If you like this page, please share it with your friends<\/h4><div class=\"fusion-social-networks sharingbox-shortcode-icon-wrapper sharingbox-shortcode-icon-wrapper-1\"><span><a href=\"https:\/\/www.facebook.com\/sharer.php?u=https%3A%2F%2Fsolecentrodeimagen.com%2Fen%2Fenviron%2F&amp;t=Environ%20I%20The%20cosmeceutical%20of%20the%20future\" target=\"_blank\" rel=\"noreferrer nofollow\" title=\"Facebook\" aria-label=\"Facebook\" data-placement=\"top\" data-toggle=\"tooltip\" data-title=\"Facebook\"><i class=\"fusion-social-network-icon fusion-tooltip fusion-facebook awb-icon-facebook\" style=\"color:#000000;\" aria-hidden=\"true\"><\/i><\/a><\/span><span><a href=\"https:\/\/x.com\/share?text=Environ%20I%20The%20cosmeceutical%20of%20the%20future&amp;url=https%3A%2F%2Fsolecentrodeimagen.com%2Fen%2Fenviron%2F\" target=\"_blank\" rel=\"noopener noreferrer nofollow\" title=\"X\" aria-label=\"X\" data-placement=\"top\" data-toggle=\"tooltip\" data-title=\"X\"><i class=\"fusion-social-network-icon fusion-tooltip fusion-twitter awb-icon-twitter\" style=\"color:#000000;\" aria-hidden=\"true\"><\/i><\/a><\/span><span><a href=\"mailto:?subject=Environ%20I%20The%20cosmeceutical%20of%20the%20future&amp;body=https%3A%2F%2Fsolecentrodeimagen.com%2Fen%2Fenviron%2F\" target=\"_self\" rel=\"nofollow\" title=\"Email\" aria-label=\"Email\" data-placement=\"top\" data-toggle=\"tooltip\" data-title=\"Email\"><i class=\"fusion-social-network-icon fusion-tooltip fusion-mail awb-icon-mail\" style=\"color:#000000;\" aria-hidden=\"true\"><\/i><\/a><\/span><\/div><\/div><div class=\"fusion-sep-clear\"><\/div><div class=\"fusion-separator fusion-has-icon fusion-full-width-sep\" style=\"margin-left: auto;margin-right: auto;width:100%;\"><div class=\"fusion-separator-border sep-shadow\" style=\"--awb-height:20px;--awb-amount:20px;background:radial-gradient(ellipse at 50% -50% , #e0dede 0px, rgba(255, 255, 255, 0) 80%) repeat scroll 0 0 rgba(0, 0, 0, 0);background:-webkit-radial-gradient(ellipse at 50% -50% , #e0dede 0px, rgba(255, 255, 255, 0) 80%) repeat scroll 0 0 rgba(0, 0, 0, 0);background:-moz-radial-gradient(ellipse at 50% -50% , #e0dede 0px, rgba(255, 255, 255, 0) 80%) repeat scroll 0 0 rgba(0, 0, 0, 0);background:-o-radial-gradient(ellipse at 50% -50% , #e0dede 0px, rgba(255, 255, 255, 0) 80%) repeat scroll 0 0 rgba(0, 0, 0, 0);\"><\/div><span class=\"icon-wrapper\" style=\"border-color:#e0dede;background-color:rgba(255,255,255,0);font-size:13px;width: 1.75em; height: 1.75em;border-width:1px;padding:1px;\"><i class=\" fa fa-comments\" style=\"font-size: inherit;color:#e0dede;\" aria-hidden=\"true\"><\/i><\/span><div class=\"fusion-separator-border sep-shadow\" style=\"--awb-height:20px;--awb-amount:20px;background:radial-gradient(ellipse at 50% -50% , #e0dede 0px, rgba(255, 255, 255, 0) 80%) repeat scroll 0 0 rgba(0, 0, 0, 0);background:-webkit-radial-gradient(ellipse at 50% -50% , #e0dede 0px, rgba(255, 255, 255, 0) 80%) repeat scroll 0 0 rgba(0, 0, 0, 0);background:-moz-radial-gradient(ellipse at 50% -50% , #e0dede 0px, rgba(255, 255, 255, 0) 80%) repeat scroll 0 0 rgba(0, 0, 0, 0);background:-o-radial-gradient(ellipse at 50% -50% , #e0dede 0px, rgba(255, 255, 255, 0) 80%) repeat scroll 0 0 rgba(0, 0, 0, 0);\"><\/div><\/div><div class=\"fusion-sep-clear\"><\/div><\/p>\n<p style=\"text-align: justify;\">\n","protected":false},"excerpt":{"rendered":"<p>Environ La empresa Environ \u00ae fue fundada en 1990 por el Dr. Desmond Fernandes, un reconocido cirujano pl\u00e1stico de Sud\u00e1frica. En pocos a\u00f1os se posicion\u00f3 como una de las marcas mundiales l\u00edderes en el cuidado de la piel, siendo adem\u00e1s punto de referencia para otras empresas en el campo de la utilizaci\u00f3n de vitaminas en [&hellip;]<\/p>\n","protected":false},"author":13,"featured_media":17903,"parent":0,"menu_order":0,"comment_status":"open","ping_status":"closed","template":"","meta":{"footnotes":""},"class_list":["post-16034","page","type-page","status-publish","has-post-thumbnail","hentry"],"translation":{"provider":"WPGlobus","version":"3.0.0","language":"en","enabled_languages":["es","en","fr"],"languages":{"es":{"title":true,"content":true,"excerpt":false},"en":{"title":true,"content":true,"excerpt":false},"fr":{"title":true,"content":true,"excerpt":false}}},"yoast_head":"<!-- This site is optimized with the Yoast SEO plugin v23.5 - https:\/\/yoast.com\/wordpress\/plugins\/seo\/ -->\n<title>Environ I The cosmeceutical of the future | Sole Centro de Imagen<\/title>\n<meta name=\"robots\" content=\"index, follow, max-snippet:-1, max-image-preview:large, max-video-preview:-1\" \/>\n<link rel=\"canonical\" href=\"https:\/\/solecentrodeimagen.com\/fr\/environ\/\" \/>\n<meta property=\"og:locale\" content=\"en_US\" \/>\n<meta property=\"og:type\" content=\"article\" \/>\n<meta property=\"og:title\" content=\"Environ I The cosmeceutical of the future | Sole Centro de Imagen\" \/>\n<meta property=\"og:url\" content=\"https:\/\/solecentrodeimagen.com\/fr\/environ\/\" \/>\n<meta property=\"og:site_name\" content=\"Sole Centro de Imagen\" \/>\n<meta property=\"article:publisher\" content=\"http:\/\/www.facebook.com\/solecentrodeimagen\" \/>\n<meta property=\"article:modified_time\" content=\"2017-03-10T17:44:55+00:00\" \/>\n<meta property=\"og:image\" content=\"https:\/\/solecentrodeimagen.com\/wp-content\/uploads\/2016\/03\/environ-1.jpg\" \/>\n\t<meta property=\"og:image:width\" content=\"584\" \/>\n\t<meta property=\"og:image:height\" content=\"280\" \/>\n\t<meta property=\"og:image:type\" content=\"image\/jpeg\" \/>\n<meta name=\"twitter:card\" content=\"summary_large_image\" \/>\n<meta name=\"twitter:label1\" content=\"Est. reading time\" \/>\n\t<meta name=\"twitter:data1\" content=\"11 minutes\" \/>\n<script type=\"application\/ld+json\" class=\"yoast-schema-graph\">{\"@context\":\"https:\/\/schema.org\",\"@graph\":[{\"@type\":\"WebPage\",\"@id\":\"https:\/\/solecentrodeimagen.com\/fr\/environ\/\",\"url\":\"https:\/\/solecentrodeimagen.com\/fr\/environ\/\",\"name\":\"Environ I The cosmeceutical of the future | Sole Centro de Imagen\",\"isPartOf\":{\"@id\":\"https:\/\/solecentrodeimagen.com\/#website\"},\"primaryImageOfPage\":{\"@id\":\"https:\/\/solecentrodeimagen.com\/fr\/environ\/#primaryimage\"},\"image\":{\"@id\":\"https:\/\/solecentrodeimagen.com\/fr\/environ\/#primaryimage\"},\"thumbnailUrl\":\"https:\/\/solecentrodeimagen.com\/wp-content\/uploads\/2016\/03\/environ-1.jpg\",\"datePublished\":\"2016-03-12T18:35:01+00:00\",\"dateModified\":\"2017-03-10T17:44:55+00:00\",\"description\":\"La efectividad contrastada de los productos de Environ \u00aecombate los signos evidentes del envejecimiento cut\u00e1neo sin destrucci\u00f3n de la epidermis.\",\"breadcrumb\":{\"@id\":\"https:\/\/solecentrodeimagen.com\/fr\/environ\/#breadcrumb\"},\"inLanguage\":\"en-US\",\"potentialAction\":[{\"@type\":\"ReadAction\",\"target\":[\"https:\/\/solecentrodeimagen.com\/fr\/environ\/\"]}]},{\"@type\":\"ImageObject\",\"inLanguage\":\"en-US\",\"@id\":\"https:\/\/solecentrodeimagen.com\/fr\/environ\/#primaryimage\",\"url\":\"https:\/\/solecentrodeimagen.com\/wp-content\/uploads\/2016\/03\/environ-1.jpg\",\"contentUrl\":\"https:\/\/solecentrodeimagen.com\/wp-content\/uploads\/2016\/03\/environ-1.jpg\",\"width\":584,\"height\":280,\"caption\":\"environ\"},{\"@type\":\"BreadcrumbList\",\"@id\":\"https:\/\/solecentrodeimagen.com\/fr\/environ\/#breadcrumb\",\"itemListElement\":[{\"@type\":\"ListItem\",\"position\":1,\"name\":\"Home\",\"item\":\"https:\/\/solecentrodeimagen.com\/\"},{\"@type\":\"ListItem\",\"position\":2,\"name\":\"Environ | Les cosm\u00e9tiques du futur\"}]},{\"@type\":\"WebSite\",\"@id\":\"https:\/\/solecentrodeimagen.com\/#website\",\"url\":\"https:\/\/solecentrodeimagen.com\/\",\"name\":\"Sole Centro de Imagen\",\"description\":\"Centro Medicina Est\u00e9tica, Dermatolog\u00eda y Est\u00e9tica avanzada\",\"publisher\":{\"@id\":\"https:\/\/solecentrodeimagen.com\/#organization\"},\"potentialAction\":[{\"@type\":\"SearchAction\",\"target\":{\"@type\":\"EntryPoint\",\"urlTemplate\":\"https:\/\/solecentrodeimagen.com\/?s={search_term_string}\"},\"query-input\":{\"@type\":\"PropertyValueSpecification\",\"valueRequired\":true,\"valueName\":\"search_term_string\"}}],\"inLanguage\":\"en-US\"},{\"@type\":\"Organization\",\"@id\":\"https:\/\/solecentrodeimagen.com\/#organization\",\"name\":\"Sole Centro de Imagen Integral\",\"url\":\"https:\/\/solecentrodeimagen.com\/\",\"logo\":{\"@type\":\"ImageObject\",\"inLanguage\":\"en-US\",\"@id\":\"https:\/\/solecentrodeimagen.com\/#\/schema\/logo\/image\/\",\"url\":\"https:\/\/solecentrodeimagen.com\/wp-content\/uploads\/2016\/06\/logo-solecentromedico.png\",\"contentUrl\":\"https:\/\/solecentrodeimagen.com\/wp-content\/uploads\/2016\/06\/logo-solecentromedico.png\",\"width\":281,\"height\":96,\"caption\":\"Sole Centro de Imagen Integral\"},\"image\":{\"@id\":\"https:\/\/solecentrodeimagen.com\/#\/schema\/logo\/image\/\"},\"sameAs\":[\"http:\/\/www.facebook.com\/solecentrodeimagen\",\"http:\/\/www.instagram.com\/solecentrodeimagen\"]}]}<\/script>\n<!-- \/ Yoast SEO plugin. -->","yoast_head_json":{"title":"Environ I The cosmeceutical of the future | Sole Centro de Imagen","robots":{"index":"index","follow":"follow","max-snippet":"max-snippet:-1","max-image-preview":"max-image-preview:large","max-video-preview":"max-video-preview:-1"},"canonical":"https:\/\/solecentrodeimagen.com\/fr\/environ\/","og_locale":"en_US","og_type":"article","og_title":"Environ I The cosmeceutical of the future | Sole Centro de Imagen","og_url":"https:\/\/solecentrodeimagen.com\/fr\/environ\/","og_site_name":"Sole Centro de Imagen","article_publisher":"http:\/\/www.facebook.com\/solecentrodeimagen","article_modified_time":"2017-03-10T17:44:55+00:00","og_image":[{"width":584,"height":280,"url":"https:\/\/solecentrodeimagen.com\/wp-content\/uploads\/2016\/03\/environ-1.jpg","type":"image\/jpeg"}],"twitter_card":"summary_large_image","twitter_misc":{"Est. reading time":"11 minutes"},"schema":{"@context":"https:\/\/schema.org","@graph":[{"@type":"WebPage","@id":"https:\/\/solecentrodeimagen.com\/fr\/environ\/","url":"https:\/\/solecentrodeimagen.com\/fr\/environ\/","name":"Environ I The cosmeceutical of the future | Sole Centro de Imagen","isPartOf":{"@id":"https:\/\/solecentrodeimagen.com\/#website"},"primaryImageOfPage":{"@id":"https:\/\/solecentrodeimagen.com\/fr\/environ\/#primaryimage"},"image":{"@id":"https:\/\/solecentrodeimagen.com\/fr\/environ\/#primaryimage"},"thumbnailUrl":"https:\/\/solecentrodeimagen.com\/wp-content\/uploads\/2016\/03\/environ-1.jpg","datePublished":"2016-03-12T18:35:01+00:00","dateModified":"2017-03-10T17:44:55+00:00","description":"La efectividad contrastada de los productos de Environ \u00aecombate los signos evidentes del envejecimiento cut\u00e1neo sin destrucci\u00f3n de la epidermis.","breadcrumb":{"@id":"https:\/\/solecentrodeimagen.com\/fr\/environ\/#breadcrumb"},"inLanguage":"en-US","potentialAction":[{"@type":"ReadAction","target":["https:\/\/solecentrodeimagen.com\/fr\/environ\/"]}]},{"@type":"ImageObject","inLanguage":"en-US","@id":"https:\/\/solecentrodeimagen.com\/fr\/environ\/#primaryimage","url":"https:\/\/solecentrodeimagen.com\/wp-content\/uploads\/2016\/03\/environ-1.jpg","contentUrl":"https:\/\/solecentrodeimagen.com\/wp-content\/uploads\/2016\/03\/environ-1.jpg","width":584,"height":280,"caption":"environ"},{"@type":"BreadcrumbList","@id":"https:\/\/solecentrodeimagen.com\/fr\/environ\/#breadcrumb","itemListElement":[{"@type":"ListItem","position":1,"name":"Home","item":"https:\/\/solecentrodeimagen.com\/"},{"@type":"ListItem","position":2,"name":"Environ | Les cosm\u00e9tiques du futur"}]},{"@type":"WebSite","@id":"https:\/\/solecentrodeimagen.com\/#website","url":"https:\/\/solecentrodeimagen.com\/","name":"Sole Centro de Imagen","description":"Centro Medicina Est\u00e9tica, Dermatolog\u00eda y Est\u00e9tica avanzada","publisher":{"@id":"https:\/\/solecentrodeimagen.com\/#organization"},"potentialAction":[{"@type":"SearchAction","target":{"@type":"EntryPoint","urlTemplate":"https:\/\/solecentrodeimagen.com\/?s={search_term_string}"},"query-input":{"@type":"PropertyValueSpecification","valueRequired":true,"valueName":"search_term_string"}}],"inLanguage":"en-US"},{"@type":"Organization","@id":"https:\/\/solecentrodeimagen.com\/#organization","name":"Sole Centro de Imagen Integral","url":"https:\/\/solecentrodeimagen.com\/","logo":{"@type":"ImageObject","inLanguage":"en-US","@id":"https:\/\/solecentrodeimagen.com\/#\/schema\/logo\/image\/","url":"https:\/\/solecentrodeimagen.com\/wp-content\/uploads\/2016\/06\/logo-solecentromedico.png","contentUrl":"https:\/\/solecentrodeimagen.com\/wp-content\/uploads\/2016\/06\/logo-solecentromedico.png","width":281,"height":96,"caption":"Sole Centro de Imagen Integral"},"image":{"@id":"https:\/\/solecentrodeimagen.com\/#\/schema\/logo\/image\/"},"sameAs":["http:\/\/www.facebook.com\/solecentrodeimagen","http:\/\/www.instagram.com\/solecentrodeimagen"]}]}},"_links":{"self":[{"href":"https:\/\/solecentrodeimagen.com\/en\/wp-json\/wp\/v2\/pages\/16034"}],"collection":[{"href":"https:\/\/solecentrodeimagen.com\/en\/wp-json\/wp\/v2\/pages"}],"about":[{"href":"https:\/\/solecentrodeimagen.com\/en\/wp-json\/wp\/v2\/types\/page"}],"author":[{"embeddable":true,"href":"https:\/\/solecentrodeimagen.com\/en\/wp-json\/wp\/v2\/users\/13"}],"replies":[{"embeddable":true,"href":"https:\/\/solecentrodeimagen.com\/en\/wp-json\/wp\/v2\/comments?post=16034"}],"version-history":[{"count":1,"href":"https:\/\/solecentrodeimagen.com\/en\/wp-json\/wp\/v2\/pages\/16034\/revisions"}],"predecessor-version":[{"id":20676,"href":"https:\/\/solecentrodeimagen.com\/en\/wp-json\/wp\/v2\/pages\/16034\/revisions\/20676"}],"wp:featuredmedia":[{"embeddable":true,"href":"https:\/\/solecentrodeimagen.com\/en\/wp-json\/wp\/v2\/media\/17903"}],"wp:attachment":[{"href":"https:\/\/solecentrodeimagen.com\/en\/wp-json\/wp\/v2\/media?parent=16034"}],"curies":[{"name":"wp","href":"https:\/\/api.w.org\/{rel}","templated":true}]}}