{"id":18007,"date":"2016-07-23T12:30:16","date_gmt":"2016-07-23T10:30:16","guid":{"rendered":"https:\/\/solecentrodeimagen.com\/?page_id=18007"},"modified":"2017-03-10T18:44:54","modified_gmt":"2017-03-10T17:44:54","slug":"tratamiento-de-vitaminas-environ","status":"publish","type":"page","link":"https:\/\/solecentrodeimagen.com\/en\/estetica\/tipos-de-tratamientos-faciales\/tratamiento-de-vitaminas-environ\/","title":{"rendered":"Tratamiento de vitaminas Environ Algimask"},"content":{"rendered":"<h2>Tratamiento de vitaminas Environ ALGIMASK<\/h2>\n<p style=\"text-align: justify;\">El <span style=\"color: #8b305b;\"><em>tratamiento de vitaminas Environ Algimask<\/em><\/span> act\u00faa como uno de los tratamientos mas intensivos. Los antioxidantes modifican el da\u00f1o celular. Es esencial para la actividad normal de las c\u00e9lulas epiteliales y la regulaci\u00f3n de su crecimiento. Regula mas de 1000 genes en la piel.<br \/>\nEs un regulador del adn que favorece el crecimiento celular y redensifica la piel, formando nuevas fibras de col\u00e1geno y eliminando el deteriorado.\u00a0Aumenta los factores de hidrataci\u00f3n, ayuda a retener el agua en la piel y a desaparecer las arrugas.<br \/>\nMejora el riego sangu\u00edneo en las capas profundas de la piel, aumentando el nivel de oxigeno y nutrientes por lo que tiene un alto poder nutritivo, revitalizante, y regenerador.<\/p>\n<h2 style=\"text-align: justify;\">\u00bfA qui\u00e9n est\u00e1 destinado?<\/h2>\n<p style=\"text-align: justify;\">El <em>tratamiento de vitaminas environ Algimask<\/em> est\u00e1 destinado para todo tipo de pieles envejecidas: que presenten aspererezas, arrugas flacidez, elastosis, piel cetrina, pigmentaci\u00f3n irregular, comedones solares, queratosis solar<br \/>\nCon el podemos tratar, todo tipo de envejecimiento, cualquier alteraci\u00f3n va a mejorar. Desde arrugas, flacidez, dermatitis, psoriasis, etc<\/p>\n<h2 style=\"text-align: justify;\">\u00bfComo act\u00faa?<\/h2>\n<p style=\"text-align: justify;\">La efectividad de este tratamiento se debe a su m\u00e9todo inteligente de combatir los signos de envejecimiento cut\u00e1neo de varias formas:<\/p>\n<ul style=\"text-align: justify;\">\n<li style=\"text-align: justify;\">Aportando nutrientes esenciales (Vitamina A) para conseguir una piel sana de apariencia joven.<\/li>\n<li style=\"text-align: justify;\">Aportando Vitamina C para eliminar radicales libres ya que esta juega un papel importante en la formaci\u00f3n de col\u00e1geno y, si se combina con vitamina A, se puede tratar la flacidez de la piel con mas efectividad. La vitamina C tambi\u00e9n facilita la reducci\u00f3n de manchas de pigmentaci\u00f3n y es esencial para obtener una piel sana y radiante.<\/li>\n<li style=\"text-align: justify;\">Usando Eliminadores de radicales libres utilizados para actuar contra los efectos da\u00f1inos de los radicales libres.<\/li>\n<li style=\"text-align: justify;\">Aplicando filtros solares UV-A y UV-B para proteger la piel del sol.<\/li>\n<li style=\"text-align: justify;\">Aportando factores de crecimiento que ayudan a estimular la piel y obtener un mayor grado de rejuvenecimiento.<\/li>\n<li style=\"text-align: justify;\">Aportando polip\u00e9ptidos que son combinaciones de amino\u00e1cidos naturales que act\u00faan a nivel del ADN de las c\u00e9lulas mejorando la producci\u00f3n de col\u00e1geno y elastina para que aumente el grosor de la piel y se reduzca por tanto la profundidad de las arrugas y las lineas finas.<\/li>\n<li style=\"text-align: justify;\">Usando Alfa y Betahidroxi\u00e1cidos que son unos \u00e1cidos que ayudan a reducir los signos del envejecimiento.<\/li>\n<\/ul>\n<p style=\"text-align: justify;\">* El envejecimiento es un mal cr\u00f3nico que requiere un tratamiento diario que deber\u00eda iniciarse antes de que los signos de la edad se hagan visibles (\u00a1prevenir es mejor que curar!), ya que conforme m\u00e1s mayores nos hacemos, m\u00e1s intensivo es \u00a0es el tratamiento que necesitaremos. El tratamiento diario con la linea <span style=\"color: #8b305b;\"><em><a style=\"color: #8b305b;\" href=\"https:\/\/solecentrodeimagen.com\/environ\/\">Environ<\/a>\u00a0<\/em><\/span>ayudar\u00e1 a reducir y retrasar los cambios visibles del envejecimiento ya que enriquecen la piel con vitaminas esenciales, antioxidantes y otros nutrientes.\u00a0Utiliza ingredientes seguros y comprobados que proteger\u00e1n la piel y reestablecer\u00e1n algunas de sus propiedades juveniles.<\/p>\n<p style=\"text-align: justify;\"><img decoding=\"async\" class=\"alignright wp-image-18040 size-full\" title=\"Linea environ\" src=\"https:\/\/solecentrodeimagen.com\/wp-content\/uploads\/2016\/07\/environ-stocklist.jpg\" alt=\" Tratamiento de vitaminas Environ Algimask\" width=\"1739\" height=\"390\" srcset=\"https:\/\/solecentrodeimagen.com\/wp-content\/uploads\/2016\/07\/environ-stocklist-200x45.jpg 200w, https:\/\/solecentrodeimagen.com\/wp-content\/uploads\/2016\/07\/environ-stocklist-300x67.jpg 300w, https:\/\/solecentrodeimagen.com\/wp-content\/uploads\/2016\/07\/environ-stocklist-400x90.jpg 400w, https:\/\/solecentrodeimagen.com\/wp-content\/uploads\/2016\/07\/environ-stocklist-600x135.jpg 600w, https:\/\/solecentrodeimagen.com\/wp-content\/uploads\/2016\/07\/environ-stocklist-700x157.jpg 700w, https:\/\/solecentrodeimagen.com\/wp-content\/uploads\/2016\/07\/environ-stocklist-768x172.jpg 768w, https:\/\/solecentrodeimagen.com\/wp-content\/uploads\/2016\/07\/environ-stocklist-800x179.jpg 800w, https:\/\/solecentrodeimagen.com\/wp-content\/uploads\/2016\/07\/environ-stocklist-1024x230.jpg 1024w, https:\/\/solecentrodeimagen.com\/wp-content\/uploads\/2016\/07\/environ-stocklist-1200x269.jpg 1200w, https:\/\/solecentrodeimagen.com\/wp-content\/uploads\/2016\/07\/environ-stocklist.jpg 1739w\" sizes=\"(max-width: 1739px) 100vw, 1739px\" \/><\/p>\n<p style=\"text-align: justify;\">Si est\u00e1 interesada\/o en este tratamiento y quiere realizar alguna consulta, pinche <span style=\"color: #8b305b;\"><strong><a style=\"color: #8b305b;\" href=\"https:\/\/solecentrodeimagen.com\/contacto\">aqu\u00ed.<\/a><\/strong><\/span><\/p>\n<p style=\"text-align: justify;\"><div class=\"fusion-fullwidth fullwidth-box fusion-builder-row-1 hundred-percent-fullwidth non-hundred-percent-height-scrolling\" style=\"--awb-border-radius-top-left:0px;--awb-border-radius-top-right:0px;--awb-border-radius-bottom-right:0px;--awb-border-radius-bottom-left:0px;--awb-overflow:visible;--awb-flex-wrap:wrap;\" ><div class=\"fusion-builder-row fusion-row\"><div class=\"fusion-layout-column fusion_builder_column fusion-builder-column-0 fusion_builder_column_1_1 1_1 fusion-one-full fusion-column-first fusion-column-last fusion-column-no-min-height\" style=\"--awb-bg-size:cover;--awb-margin-bottom:0px;\"><div class=\"fusion-column-wrapper fusion-flex-column-wrapper-legacy\"><div class=\"fusion-sharing-box fusion-sharing-box-1 has-taglines layout-floated layout-medium-floated layout-small-floated\" style=\"background-color:#f7f7f7;--awb-layout:row;--awb-alignment-small:space-between;\" data-title=\"Tratamiento de vitaminas Environ Algimask\" data-description=\"Tratamiento de vitaminas Environ ALGIMASK\r\nEl tratamiento de vitaminas Environ Algimask act\u00faa como uno de los tratamientos mas intensivos. Los antioxidantes modifican el da\u00f1o celular. Es esencial para la actividad normal de las c\u00e9lulas epiteliales y la regulaci\u00f3n de su crecimiento. Regula mas de 1000 genes en la piel.\r\nEs un regulador del\" data-link=\"https:\/\/solecentrodeimagen.com\/en\/estetica\/tipos-de-tratamientos-faciales\/tratamiento-de-vitaminas-environ\/\"><h4 class=\"tagline\" style=\"color:#333333;\">\u00bfTe ha gustado la p\u00e1gina? Comp\u00e1rtela en tus redes sociales!<\/h4><div class=\"fusion-social-networks sharingbox-shortcode-icon-wrapper sharingbox-shortcode-icon-wrapper-1\"><span><a href=\"https:\/\/www.facebook.com\/sharer.php?u=https%3A%2F%2Fsolecentrodeimagen.com%2Fen%2Festetica%2Ftipos-de-tratamientos-faciales%2Ftratamiento-de-vitaminas-environ%2F&amp;t=Tratamiento%20de%20vitaminas%20Environ%20Algimask\" target=\"_blank\" rel=\"noreferrer nofollow\" title=\"Facebook\" aria-label=\"Facebook\" data-placement=\"top\" data-toggle=\"tooltip\" data-title=\"Facebook\"><i class=\"fusion-social-network-icon fusion-tooltip fusion-facebook awb-icon-facebook\" style=\"color:#000000;\" aria-hidden=\"true\"><\/i><\/a><\/span><span><a href=\"https:\/\/x.com\/share?text=Tratamiento%20de%20vitaminas%20Environ%20Algimask&amp;url=https%3A%2F%2Fsolecentrodeimagen.com%2Fen%2Festetica%2Ftipos-de-tratamientos-faciales%2Ftratamiento-de-vitaminas-environ%2F\" target=\"_blank\" rel=\"noopener noreferrer nofollow\" title=\"X\" aria-label=\"X\" data-placement=\"top\" data-toggle=\"tooltip\" data-title=\"X\"><i class=\"fusion-social-network-icon fusion-tooltip fusion-twitter awb-icon-twitter\" style=\"color:#000000;\" aria-hidden=\"true\"><\/i><\/a><\/span><span><a href=\"mailto:?subject=Tratamiento%20de%20vitaminas%20Environ%20Algimask&amp;body=https%3A%2F%2Fsolecentrodeimagen.com%2Fen%2Festetica%2Ftipos-de-tratamientos-faciales%2Ftratamiento-de-vitaminas-environ%2F\" target=\"_self\" rel=\"nofollow\" title=\"Email\" aria-label=\"Email\" data-placement=\"top\" data-toggle=\"tooltip\" data-title=\"Email\"><i class=\"fusion-social-network-icon fusion-tooltip fusion-mail awb-icon-mail\" style=\"color:#000000;\" aria-hidden=\"true\"><\/i><\/a><\/span><\/div><\/div><div class=\"fusion-sep-clear\"><\/div><div class=\"fusion-separator fusion-has-icon fusion-full-width-sep\" style=\"margin-left: auto;margin-right: auto;width:100%;\"><div class=\"fusion-separator-border sep-shadow\" style=\"--awb-height:20px;--awb-amount:20px;background:radial-gradient(ellipse at 50% -50% , #e0dede 0px, rgba(255, 255, 255, 0) 80%) repeat scroll 0 0 rgba(0, 0, 0, 0);background:-webkit-radial-gradient(ellipse at 50% -50% , #e0dede 0px, rgba(255, 255, 255, 0) 80%) repeat scroll 0 0 rgba(0, 0, 0, 0);background:-moz-radial-gradient(ellipse at 50% -50% , #e0dede 0px, rgba(255, 255, 255, 0) 80%) repeat scroll 0 0 rgba(0, 0, 0, 0);background:-o-radial-gradient(ellipse at 50% -50% , #e0dede 0px, rgba(255, 255, 255, 0) 80%) repeat scroll 0 0 rgba(0, 0, 0, 0);\"><\/div><span class=\"icon-wrapper\" style=\"border-color:#e0dede;background-color:rgba(255,255,255,0);font-size:13px;width: 1.75em; height: 1.75em;border-width:1px;padding:1px;\"><i class=\" fa fa-comments\" style=\"font-size: inherit;color:#e0dede;\" aria-hidden=\"true\"><\/i><\/span><div class=\"fusion-separator-border sep-shadow\" style=\"--awb-height:20px;--awb-amount:20px;background:radial-gradient(ellipse at 50% -50% , #e0dede 0px, rgba(255, 255, 255, 0) 80%) repeat scroll 0 0 rgba(0, 0, 0, 0);background:-webkit-radial-gradient(ellipse at 50% -50% , #e0dede 0px, rgba(255, 255, 255, 0) 80%) repeat scroll 0 0 rgba(0, 0, 0, 0);background:-moz-radial-gradient(ellipse at 50% -50% , #e0dede 0px, rgba(255, 255, 255, 0) 80%) repeat scroll 0 0 rgba(0, 0, 0, 0);background:-o-radial-gradient(ellipse at 50% -50% , #e0dede 0px, rgba(255, 255, 255, 0) 80%) repeat scroll 0 0 rgba(0, 0, 0, 0);\"><\/div><\/div><div class=\"fusion-sep-clear\"><\/div><div class=\"fusion-text fusion-text-1\"><\/div><div class=\"fusion-clearfix\"><\/div><\/div><\/div><\/div><\/div><\/p>\n","protected":false},"excerpt":{"rendered":"<p>Tratamiento de vitaminas Environ ALGIMASK El tratamiento de vitaminas Environ Algimask act\u00faa como uno de los tratamientos mas intensivos. Los antioxidantes modifican el da\u00f1o celular. Es esencial para la actividad normal de las c\u00e9lulas epiteliales y la regulaci\u00f3n de su crecimiento. Regula mas de 1000 genes en la piel. Es un regulador del adn que [&hellip;]<\/p>\n","protected":false},"author":13,"featured_media":18023,"parent":11604,"menu_order":0,"comment_status":"open","ping_status":"closed","template":"","meta":{"footnotes":""},"class_list":["post-18007","page","type-page","status-publish","has-post-thumbnail","hentry"],"translation":{"provider":"WPGlobus","version":"3.0.0","language":"en","enabled_languages":["es","en","fr"],"languages":{"es":{"title":true,"content":true,"excerpt":false},"en":{"title":false,"content":false,"excerpt":false},"fr":{"title":false,"content":false,"excerpt":false}}},"yoast_head":"<!-- This site is optimized with the Yoast SEO plugin v23.5 - https:\/\/yoast.com\/wordpress\/plugins\/seo\/ -->\n<title>Tratamiento de vitaminas Environ Algimask | Sole Centro de Imagen<\/title>\n<meta name=\"robots\" content=\"index, follow, max-snippet:-1, max-image-preview:large, max-video-preview:-1\" \/>\n<link rel=\"canonical\" href=\"https:\/\/solecentrodeimagen.com\/estetica\/tipos-de-tratamientos-faciales\/tratamiento-de-vitaminas-environ\/\" \/>\n<meta property=\"og:locale\" content=\"en_US\" \/>\n<meta property=\"og:type\" content=\"article\" \/>\n<meta property=\"og:title\" content=\"Tratamiento de vitaminas Environ Algimask | Sole Centro de Imagen\" \/>\n<meta property=\"og:url\" content=\"https:\/\/solecentrodeimagen.com\/estetica\/tipos-de-tratamientos-faciales\/tratamiento-de-vitaminas-environ\/\" \/>\n<meta property=\"og:site_name\" content=\"Sole Centro de Imagen\" \/>\n<meta property=\"article:publisher\" content=\"http:\/\/www.facebook.com\/solecentrodeimagen\" \/>\n<meta property=\"article:modified_time\" content=\"2017-03-10T17:44:54+00:00\" \/>\n<meta property=\"og:image\" content=\"https:\/\/solecentrodeimagen.com\/wp-content\/uploads\/2016\/07\/header-environ-algimask.jpg\" \/>\n\t<meta property=\"og:image:width\" content=\"729\" \/>\n\t<meta property=\"og:image:height\" content=\"316\" \/>\n\t<meta property=\"og:image:type\" content=\"image\/jpeg\" \/>\n<meta name=\"twitter:card\" content=\"summary_large_image\" \/>\n<meta name=\"twitter:label1\" content=\"Est. reading time\" \/>\n\t<meta name=\"twitter:data1\" content=\"3 minutes\" \/>\n<script type=\"application\/ld+json\" class=\"yoast-schema-graph\">{\"@context\":\"https:\/\/schema.org\",\"@graph\":[{\"@type\":\"WebPage\",\"@id\":\"https:\/\/solecentrodeimagen.com\/estetica\/tipos-de-tratamientos-faciales\/tratamiento-de-vitaminas-environ\/\",\"url\":\"https:\/\/solecentrodeimagen.com\/estetica\/tipos-de-tratamientos-faciales\/tratamiento-de-vitaminas-environ\/\",\"name\":\"Tratamiento de vitaminas Environ Algimask | Sole Centro de Imagen\",\"isPartOf\":{\"@id\":\"https:\/\/solecentrodeimagen.com\/#website\"},\"primaryImageOfPage\":{\"@id\":\"https:\/\/solecentrodeimagen.com\/estetica\/tipos-de-tratamientos-faciales\/tratamiento-de-vitaminas-environ\/#primaryimage\"},\"image\":{\"@id\":\"https:\/\/solecentrodeimagen.com\/estetica\/tipos-de-tratamientos-faciales\/tratamiento-de-vitaminas-environ\/#primaryimage\"},\"thumbnailUrl\":\"https:\/\/solecentrodeimagen.com\/wp-content\/uploads\/2016\/07\/header-environ-algimask.jpg\",\"datePublished\":\"2016-07-23T10:30:16+00:00\",\"dateModified\":\"2017-03-10T17:44:54+00:00\",\"description\":\"El tratamiento de vitaminas environ Algimask est\u00e1 destinado para todo tipo de pieles envejecidas Desde arrugas, flacidez, dermatitis, psoriasis, etc\",\"breadcrumb\":{\"@id\":\"https:\/\/solecentrodeimagen.com\/estetica\/tipos-de-tratamientos-faciales\/tratamiento-de-vitaminas-environ\/#breadcrumb\"},\"inLanguage\":\"en-US\",\"potentialAction\":[{\"@type\":\"ReadAction\",\"target\":[\"https:\/\/solecentrodeimagen.com\/estetica\/tipos-de-tratamientos-faciales\/tratamiento-de-vitaminas-environ\/\"]}]},{\"@type\":\"ImageObject\",\"inLanguage\":\"en-US\",\"@id\":\"https:\/\/solecentrodeimagen.com\/estetica\/tipos-de-tratamientos-faciales\/tratamiento-de-vitaminas-environ\/#primaryimage\",\"url\":\"https:\/\/solecentrodeimagen.com\/wp-content\/uploads\/2016\/07\/header-environ-algimask.jpg\",\"contentUrl\":\"https:\/\/solecentrodeimagen.com\/wp-content\/uploads\/2016\/07\/header-environ-algimask.jpg\",\"width\":729,\"height\":316,\"caption\":\"Tratamiento de vitaminas Environ Algimask\"},{\"@type\":\"BreadcrumbList\",\"@id\":\"https:\/\/solecentrodeimagen.com\/estetica\/tipos-de-tratamientos-faciales\/tratamiento-de-vitaminas-environ\/#breadcrumb\",\"itemListElement\":[{\"@type\":\"ListItem\",\"position\":1,\"name\":\"Home\",\"item\":\"https:\/\/solecentrodeimagen.com\/\"},{\"@type\":\"ListItem\",\"position\":2,\"name\":\"Est\u00e9tica\",\"item\":\"https:\/\/solecentrodeimagen.com\/estetica\/\"},{\"@type\":\"ListItem\",\"position\":3,\"name\":\"Los diferentes tipos de Tratamientos Faciales\",\"item\":\"https:\/\/solecentrodeimagen.com\/estetica\/tipos-de-tratamientos-faciales\/\"},{\"@type\":\"ListItem\",\"position\":4,\"name\":\"Tratamiento de vitaminas Environ Algimask\"}]},{\"@type\":\"WebSite\",\"@id\":\"https:\/\/solecentrodeimagen.com\/#website\",\"url\":\"https:\/\/solecentrodeimagen.com\/\",\"name\":\"Sole Centro de Imagen\",\"description\":\"Centro Medicina Est\u00e9tica, Dermatolog\u00eda y Est\u00e9tica avanzada\",\"publisher\":{\"@id\":\"https:\/\/solecentrodeimagen.com\/#organization\"},\"potentialAction\":[{\"@type\":\"SearchAction\",\"target\":{\"@type\":\"EntryPoint\",\"urlTemplate\":\"https:\/\/solecentrodeimagen.com\/?s={search_term_string}\"},\"query-input\":{\"@type\":\"PropertyValueSpecification\",\"valueRequired\":true,\"valueName\":\"search_term_string\"}}],\"inLanguage\":\"en-US\"},{\"@type\":\"Organization\",\"@id\":\"https:\/\/solecentrodeimagen.com\/#organization\",\"name\":\"Sole Centro de Imagen Integral\",\"url\":\"https:\/\/solecentrodeimagen.com\/\",\"logo\":{\"@type\":\"ImageObject\",\"inLanguage\":\"en-US\",\"@id\":\"https:\/\/solecentrodeimagen.com\/#\/schema\/logo\/image\/\",\"url\":\"https:\/\/solecentrodeimagen.com\/wp-content\/uploads\/2016\/06\/logo-solecentromedico.png\",\"contentUrl\":\"https:\/\/solecentrodeimagen.com\/wp-content\/uploads\/2016\/06\/logo-solecentromedico.png\",\"width\":281,\"height\":96,\"caption\":\"Sole Centro de Imagen Integral\"},\"image\":{\"@id\":\"https:\/\/solecentrodeimagen.com\/#\/schema\/logo\/image\/\"},\"sameAs\":[\"http:\/\/www.facebook.com\/solecentrodeimagen\",\"http:\/\/www.instagram.com\/solecentrodeimagen\"]}]}<\/script>\n<!-- \/ Yoast SEO plugin. -->","yoast_head_json":{"title":"Tratamiento de vitaminas Environ Algimask | Sole Centro de Imagen","robots":{"index":"index","follow":"follow","max-snippet":"max-snippet:-1","max-image-preview":"max-image-preview:large","max-video-preview":"max-video-preview:-1"},"canonical":"https:\/\/solecentrodeimagen.com\/estetica\/tipos-de-tratamientos-faciales\/tratamiento-de-vitaminas-environ\/","og_locale":"en_US","og_type":"article","og_title":"Tratamiento de vitaminas Environ Algimask | Sole Centro de Imagen","og_url":"https:\/\/solecentrodeimagen.com\/estetica\/tipos-de-tratamientos-faciales\/tratamiento-de-vitaminas-environ\/","og_site_name":"Sole Centro de Imagen","article_publisher":"http:\/\/www.facebook.com\/solecentrodeimagen","article_modified_time":"2017-03-10T17:44:54+00:00","og_image":[{"width":729,"height":316,"url":"https:\/\/solecentrodeimagen.com\/wp-content\/uploads\/2016\/07\/header-environ-algimask.jpg","type":"image\/jpeg"}],"twitter_card":"summary_large_image","twitter_misc":{"Est. reading time":"3 minutes"},"schema":{"@context":"https:\/\/schema.org","@graph":[{"@type":"WebPage","@id":"https:\/\/solecentrodeimagen.com\/estetica\/tipos-de-tratamientos-faciales\/tratamiento-de-vitaminas-environ\/","url":"https:\/\/solecentrodeimagen.com\/estetica\/tipos-de-tratamientos-faciales\/tratamiento-de-vitaminas-environ\/","name":"Tratamiento de vitaminas Environ Algimask | Sole Centro de Imagen","isPartOf":{"@id":"https:\/\/solecentrodeimagen.com\/#website"},"primaryImageOfPage":{"@id":"https:\/\/solecentrodeimagen.com\/estetica\/tipos-de-tratamientos-faciales\/tratamiento-de-vitaminas-environ\/#primaryimage"},"image":{"@id":"https:\/\/solecentrodeimagen.com\/estetica\/tipos-de-tratamientos-faciales\/tratamiento-de-vitaminas-environ\/#primaryimage"},"thumbnailUrl":"https:\/\/solecentrodeimagen.com\/wp-content\/uploads\/2016\/07\/header-environ-algimask.jpg","datePublished":"2016-07-23T10:30:16+00:00","dateModified":"2017-03-10T17:44:54+00:00","description":"El tratamiento de vitaminas environ Algimask est\u00e1 destinado para todo tipo de pieles envejecidas Desde arrugas, flacidez, dermatitis, psoriasis, etc","breadcrumb":{"@id":"https:\/\/solecentrodeimagen.com\/estetica\/tipos-de-tratamientos-faciales\/tratamiento-de-vitaminas-environ\/#breadcrumb"},"inLanguage":"en-US","potentialAction":[{"@type":"ReadAction","target":["https:\/\/solecentrodeimagen.com\/estetica\/tipos-de-tratamientos-faciales\/tratamiento-de-vitaminas-environ\/"]}]},{"@type":"ImageObject","inLanguage":"en-US","@id":"https:\/\/solecentrodeimagen.com\/estetica\/tipos-de-tratamientos-faciales\/tratamiento-de-vitaminas-environ\/#primaryimage","url":"https:\/\/solecentrodeimagen.com\/wp-content\/uploads\/2016\/07\/header-environ-algimask.jpg","contentUrl":"https:\/\/solecentrodeimagen.com\/wp-content\/uploads\/2016\/07\/header-environ-algimask.jpg","width":729,"height":316,"caption":"Tratamiento de vitaminas Environ Algimask"},{"@type":"BreadcrumbList","@id":"https:\/\/solecentrodeimagen.com\/estetica\/tipos-de-tratamientos-faciales\/tratamiento-de-vitaminas-environ\/#breadcrumb","itemListElement":[{"@type":"ListItem","position":1,"name":"Home","item":"https:\/\/solecentrodeimagen.com\/"},{"@type":"ListItem","position":2,"name":"Est\u00e9tica","item":"https:\/\/solecentrodeimagen.com\/estetica\/"},{"@type":"ListItem","position":3,"name":"Los diferentes tipos de Tratamientos Faciales","item":"https:\/\/solecentrodeimagen.com\/estetica\/tipos-de-tratamientos-faciales\/"},{"@type":"ListItem","position":4,"name":"Tratamiento de vitaminas Environ Algimask"}]},{"@type":"WebSite","@id":"https:\/\/solecentrodeimagen.com\/#website","url":"https:\/\/solecentrodeimagen.com\/","name":"Sole Centro de Imagen","description":"Centro Medicina Est\u00e9tica, Dermatolog\u00eda y Est\u00e9tica avanzada","publisher":{"@id":"https:\/\/solecentrodeimagen.com\/#organization"},"potentialAction":[{"@type":"SearchAction","target":{"@type":"EntryPoint","urlTemplate":"https:\/\/solecentrodeimagen.com\/?s={search_term_string}"},"query-input":{"@type":"PropertyValueSpecification","valueRequired":true,"valueName":"search_term_string"}}],"inLanguage":"en-US"},{"@type":"Organization","@id":"https:\/\/solecentrodeimagen.com\/#organization","name":"Sole Centro de Imagen Integral","url":"https:\/\/solecentrodeimagen.com\/","logo":{"@type":"ImageObject","inLanguage":"en-US","@id":"https:\/\/solecentrodeimagen.com\/#\/schema\/logo\/image\/","url":"https:\/\/solecentrodeimagen.com\/wp-content\/uploads\/2016\/06\/logo-solecentromedico.png","contentUrl":"https:\/\/solecentrodeimagen.com\/wp-content\/uploads\/2016\/06\/logo-solecentromedico.png","width":281,"height":96,"caption":"Sole Centro de Imagen Integral"},"image":{"@id":"https:\/\/solecentrodeimagen.com\/#\/schema\/logo\/image\/"},"sameAs":["http:\/\/www.facebook.com\/solecentrodeimagen","http:\/\/www.instagram.com\/solecentrodeimagen"]}]}},"_links":{"self":[{"href":"https:\/\/solecentrodeimagen.com\/en\/wp-json\/wp\/v2\/pages\/18007"}],"collection":[{"href":"https:\/\/solecentrodeimagen.com\/en\/wp-json\/wp\/v2\/pages"}],"about":[{"href":"https:\/\/solecentrodeimagen.com\/en\/wp-json\/wp\/v2\/types\/page"}],"author":[{"embeddable":true,"href":"https:\/\/solecentrodeimagen.com\/en\/wp-json\/wp\/v2\/users\/13"}],"replies":[{"embeddable":true,"href":"https:\/\/solecentrodeimagen.com\/en\/wp-json\/wp\/v2\/comments?post=18007"}],"version-history":[{"count":0,"href":"https:\/\/solecentrodeimagen.com\/en\/wp-json\/wp\/v2\/pages\/18007\/revisions"}],"up":[{"embeddable":true,"href":"https:\/\/solecentrodeimagen.com\/en\/wp-json\/wp\/v2\/pages\/11604"}],"wp:featuredmedia":[{"embeddable":true,"href":"https:\/\/solecentrodeimagen.com\/en\/wp-json\/wp\/v2\/media\/18023"}],"wp:attachment":[{"href":"https:\/\/solecentrodeimagen.com\/en\/wp-json\/wp\/v2\/media?parent=18007"}],"curies":[{"name":"wp","href":"https:\/\/api.w.org\/{rel}","templated":true}]}}