{"id":20544,"date":"2020-04-18T18:25:31","date_gmt":"2020-04-18T16:25:31","guid":{"rendered":"https:\/\/solecentrodeimagen.com\/?page_id=20544"},"modified":"2020-04-27T16:26:15","modified_gmt":"2020-04-27T14:26:15","slug":"caci-el-tratamiento-de-las-celebrities","status":"publish","type":"page","link":"https:\/\/solecentrodeimagen.com\/en\/estetica-avanzada\/caci-el-tratamiento-de-las-celebrities\/","title":{"rendered":"CACI &#8211; El tratamiento de las Celebrities"},"content":{"rendered":"<div class=\"fusion-fullwidth fullwidth-box fusion-builder-row-1 nonhundred-percent-fullwidth non-hundred-percent-height-scrolling\" style=\"--awb-border-radius-top-left:0px;--awb-border-radius-top-right:0px;--awb-border-radius-bottom-right:0px;--awb-border-radius-bottom-left:0px;--awb-flex-wrap:wrap;\" ><div class=\"fusion-builder-row fusion-row\"><div class=\"fusion-layout-column fusion_builder_column fusion-builder-column-0 fusion_builder_column_1_1 1_1 fusion-one-full fusion-column-first fusion-column-last\" style=\"--awb-bg-size:cover;--awb-margin-bottom:0px;\"><div class=\"fusion-column-wrapper fusion-flex-column-wrapper-legacy\"><div class=\"fusion-text fusion-text-1\"><h2>\u00bfQu\u00e9 es CACI SYNERGY?<\/h2>\n<p class=\"ds-title \"><span class=\"text-size-4\">CACI SYNERGY es un equipo brit\u00e1nico patentado con resultados espectaculares desde la primera sesi\u00f3n. Es el \u00fanico tratamiento no invasivo, sin dolor, sin pinchazos ni bistur\u00ed capaz de conseguir que los m\u00fasculos faciales suban, se tensen y se mantengan en su lugar por un largo tiempo.<\/span><\/p>\n<p class=\"ds-title \"><span class=\"text-size-4\">Es por ello, que es el lifting sin cirug\u00eda preferido de las Celebrities de todo el mundo.<\/span><\/p>\n<p><img decoding=\"async\" class=\"alignnone size-full wp-image-20552\" src=\"https:\/\/solecentrodeimagen.com\/wp-content\/uploads\/2020\/04\/CACI-FAMOSAS-1.jpg\" alt=\"\" width=\"1200\" height=\"766\" srcset=\"https:\/\/solecentrodeimagen.com\/wp-content\/uploads\/2020\/04\/CACI-FAMOSAS-1-200x128.jpg 200w, https:\/\/solecentrodeimagen.com\/wp-content\/uploads\/2020\/04\/CACI-FAMOSAS-1-300x192.jpg 300w, https:\/\/solecentrodeimagen.com\/wp-content\/uploads\/2020\/04\/CACI-FAMOSAS-1-400x255.jpg 400w, https:\/\/solecentrodeimagen.com\/wp-content\/uploads\/2020\/04\/CACI-FAMOSAS-1-460x295.jpg 460w, https:\/\/solecentrodeimagen.com\/wp-content\/uploads\/2020\/04\/CACI-FAMOSAS-1-600x383.jpg 600w, https:\/\/solecentrodeimagen.com\/wp-content\/uploads\/2020\/04\/CACI-FAMOSAS-1-700x447.jpg 700w, https:\/\/solecentrodeimagen.com\/wp-content\/uploads\/2020\/04\/CACI-FAMOSAS-1-768x490.jpg 768w, https:\/\/solecentrodeimagen.com\/wp-content\/uploads\/2020\/04\/CACI-FAMOSAS-1-800x511.jpg 800w, https:\/\/solecentrodeimagen.com\/wp-content\/uploads\/2020\/04\/CACI-FAMOSAS-1-1024x654.jpg 1024w, https:\/\/solecentrodeimagen.com\/wp-content\/uploads\/2020\/04\/CACI-FAMOSAS-1.jpg 1200w\" sizes=\"(max-width: 1200px) 100vw, 1200px\" \/><\/p>\n<div class=\"ds-subtitle\">\n<h2>\u00bfC\u00f3mo funciona el equipo?<\/h2>\n<p>El proceso del envejecimiento comienza a partir de los 30 a\u00f1os con el deterioro de las neuronas motoras que env\u00edan los mensajes desde el cerebro hasta los m\u00fasculos para rejuvenecer y como consecuencia, los mensajes no llegan correctamente. CACI SYNERGY es el \u00fanico tratamiento anti-edad que tiene la capacidad de recuperar la calidad de esos mensajes el\u00e9ctricos consiguiendo una RE-EDUCACI\u00d3N MUSCULAR, convirti\u00e9ndolo as\u00ed, en una de las t\u00e9cnicas del mercado con los resultados m\u00e1s duraderos hasta el momento.<\/p>\n<p>Es un tratamiento de acci\u00f3n dual que combina la TERAPIA LED (roja y azul) con longitud de onda pulsada y continua con MICROCORRIENTES para estimular la formaci\u00f3n de col\u00e1geno y regenerar los tejidos.<\/p>\n<p>El LED con longitud de onda pulsada lleva la luz al tejido m\u00e1s profundo para favorecer la cicatrizaci\u00f3n, la producci\u00f3n de col\u00e1geno, la renovaci\u00f3n celular y la circulaci\u00f3n sangu\u00ednea. Por su parte, el LED con longitud de onda continua trabaja en la superficie de la piel calmando, aliviando, eliminando bacterias y produciendo un efecto antis\u00e9ptico y antiirritante.<\/p>\n<p>Las MICROCORRIENTES\u00a0 estimulan los m\u00fasculos faciales para levantarlos y conseguir que vuelva a su estado natural, mucho m\u00e1s levantados y tersos, ya que con el paso del tiempo y la gravedad estos tienden a caer.<\/p>\n<p>Usa tecnolog\u00edas exclusivas y patentadas como SPED, la Onda Tsunami, la Microdermoabrasi\u00f3n orbital con LED o el Peine rellenador de arrugas con LED.<\/p>\n<\/div>\n<div class=\"ds-text \">\n<h2>\u00bfPara qu\u00e9 sirve?<\/h2>\n<p>CACI SYNERGY es un equipo multifuncional con m\u00e1s de 100 tratamientos preestablecidos combinables entre s\u00ed seg\u00fan las necesidades de la piel.<\/p>\n<\/div>\n<p>Su cometido es el de reeducar la musculatura facial y del cuello obteniendo resultados desde la primera sesi\u00f3n sobre la flacidez, las arrugas, las bolsas de los ojos, las cicatrices, el acn\u00e9, los da\u00f1os solares as\u00ed como conseguir vol\u00famen de labios, reducir la papada, mejorar la hidrataci\u00f3n y lograr una piel mas tersa y lisa.<\/p>\n<div class=\"ds-text \">\n<p><img decoding=\"async\" class=\"alignnone size-full wp-image-20635\" src=\"https:\/\/solecentrodeimagen.com\/wp-content\/uploads\/2020\/04\/CACI-TRATAMIENTOS-SOLE.png\" alt=\"\" width=\"1350\" height=\"650\" srcset=\"https:\/\/solecentrodeimagen.com\/wp-content\/uploads\/2020\/04\/CACI-TRATAMIENTOS-SOLE-200x96.png 200w, https:\/\/solecentrodeimagen.com\/wp-content\/uploads\/2020\/04\/CACI-TRATAMIENTOS-SOLE-300x144.png 300w, https:\/\/solecentrodeimagen.com\/wp-content\/uploads\/2020\/04\/CACI-TRATAMIENTOS-SOLE-400x193.png 400w, https:\/\/solecentrodeimagen.com\/wp-content\/uploads\/2020\/04\/CACI-TRATAMIENTOS-SOLE-600x289.png 600w, https:\/\/solecentrodeimagen.com\/wp-content\/uploads\/2020\/04\/CACI-TRATAMIENTOS-SOLE-700x337.png 700w, https:\/\/solecentrodeimagen.com\/wp-content\/uploads\/2020\/04\/CACI-TRATAMIENTOS-SOLE-768x370.png 768w, https:\/\/solecentrodeimagen.com\/wp-content\/uploads\/2020\/04\/CACI-TRATAMIENTOS-SOLE-800x385.png 800w, https:\/\/solecentrodeimagen.com\/wp-content\/uploads\/2020\/04\/CACI-TRATAMIENTOS-SOLE-1024x493.png 1024w, https:\/\/solecentrodeimagen.com\/wp-content\/uploads\/2020\/04\/CACI-TRATAMIENTOS-SOLE-1200x578.png 1200w, https:\/\/solecentrodeimagen.com\/wp-content\/uploads\/2020\/04\/CACI-TRATAMIENTOS-SOLE.png 1350w\" sizes=\"(max-width: 1350px) 100vw, 1350px\" \/><\/p>\n<\/div>\n<p>Para conseguir unos resultados m\u00e1s notables y potentes aconsejamos combinar CACI SYNERGY con <a href=\"https:\/\/solecentrodeimagen.com\/estetica-avanzada\/radiofrecuencia-indiba-facial\/\">INDIBA<\/a> y\/o con <a href=\"https:\/\/solecentrodeimagen.com\/estetica-avanzada\/dermapen-rejuvenece-la-piel-el-colageno-y-la-elastina\/\">DERMAPEN 4<\/a>.<\/p>\n<p>Es fant\u00e1stico como tratamiento para realzar la piel del rostro antes de un evento.<\/p>\n<h2>Resultados<\/h2>\n<p><img decoding=\"async\" class=\"alignnone size-full wp-image-20551 aligncenter\" src=\"https:\/\/solecentrodeimagen.com\/wp-content\/uploads\/2020\/04\/CACI-ANTES-Y-DESPUES.jpg\" alt=\"\" width=\"700\" height=\"548\" srcset=\"https:\/\/solecentrodeimagen.com\/wp-content\/uploads\/2020\/04\/CACI-ANTES-Y-DESPUES-200x157.jpg 200w, https:\/\/solecentrodeimagen.com\/wp-content\/uploads\/2020\/04\/CACI-ANTES-Y-DESPUES-300x235.jpg 300w, https:\/\/solecentrodeimagen.com\/wp-content\/uploads\/2020\/04\/CACI-ANTES-Y-DESPUES-400x313.jpg 400w, https:\/\/solecentrodeimagen.com\/wp-content\/uploads\/2020\/04\/CACI-ANTES-Y-DESPUES-600x470.jpg 600w, https:\/\/solecentrodeimagen.com\/wp-content\/uploads\/2020\/04\/CACI-ANTES-Y-DESPUES.jpg 700w\" sizes=\"(max-width: 700px) 100vw, 700px\" \/><\/p>\n<h2>\u00bfCu\u00e1les son los cuidados posteriores?<\/h2>\n<p>Con CACY ENERGY no hay que realizar ning\u00fan tipo de cuidado posterior m\u00e1s all\u00e1 de la rutina diaria de belleza.<\/p>\n<h2>\u00bfTiene efectos secundarios?<\/h2>\n<p>No suele haber efectos secundarios ya que las microcorrientes sub sensoriales son muy recomendables en todos los casos en los que se ha producido un alargamiento de algunos m\u00fasculos y el acortamiento de otros.<\/p>\n<p>Mediante estas corrientes se oxigena y carga el musculo de energ\u00eda y esto permite acercarlo a sus posiciones originales despu\u00e9s de concluido el tratamiento.<\/p>\n<h2>\u00bfExisten contraindicaciones?<\/h2>\n<p>Las contraindicaciones de este tratamiento son: embarazo, marcapasos, neoplasia, c\u00e1ncer (consentimiento m\u00e9dico despu\u00e9s de 5 a\u00f1os), trombosis, flebitis, hemofilia, epilepsia, tratamiento roaccutane (esperar de 3 a 12 meses de terminar el tratamiento), diabetes, alergia a la goma, metal o silicona de los electrodos, tensi\u00f3n alta (consentimiento m\u00e9dico), inflamaci\u00f3n de la zona a tratar, enfermedad cut\u00e1nea, enfermedad muscular, toxina botul\u00ednica (evitar la zona), rellenos con \u00e1cido hialur\u00f3nico (esperar 2 semanas), escler\u00f3sis m\u00faltiple (los m\u00fasculos faciales no responden), antidepresivos, hipotiroidismo e hipertiroidismo (bajo consentimiento m\u00e9dico).<\/p>\n<div>Duraci\u00f3n: 60\u00b4- 120\u00b4\/ Sesi\u00f3n<\/div>\n<div>Sesiones recomendadas: 10<\/div>\n<div>Frecuencia: 2 a la semana<\/div>\n<div>Recuperaci\u00f3n: Sin recuperaci\u00f3n<\/div>\n<div>Resultados: visibles desde el primer d\u00eda<\/div>\n<div>Precio: desde 55\u20ac\/sesi\u00f3n<\/div>\n<div>Precio del bono: 10 sesiones desde<\/div>\n<p style=\"text-align: center;\"><strong>Somos el primer centro de la Axarqu\u00eda en tenerlo y lo traemos en exclusiva<\/strong><strong>\u00a0para vosotr@s.<\/strong><\/p>\n<\/div><div class=\"fusion-clearfix\"><\/div><\/div><\/div><\/div><\/div>\n","protected":false},"excerpt":{"rendered":"","protected":false},"author":13,"featured_media":20548,"parent":20122,"menu_order":0,"comment_status":"closed","ping_status":"closed","template":"","meta":{"footnotes":""},"class_list":["post-20544","page","type-page","status-publish","has-post-thumbnail","hentry"],"translation":{"provider":"WPGlobus","version":"3.0.0","language":"en","enabled_languages":["es","en","fr"],"languages":{"es":{"title":true,"content":true,"excerpt":false},"en":{"title":false,"content":false,"excerpt":false},"fr":{"title":false,"content":false,"excerpt":false}}},"yoast_head":"<!-- This site is optimized with the Yoast SEO plugin v23.5 - https:\/\/yoast.com\/wordpress\/plugins\/seo\/ -->\n<title>CACI - El tratamiento de las Celebrities | Sole Centro de Imagen<\/title>\n<meta name=\"robots\" content=\"index, follow, max-snippet:-1, max-image-preview:large, max-video-preview:-1\" \/>\n<link rel=\"canonical\" href=\"https:\/\/solecentrodeimagen.com\/estetica-avanzada\/caci-el-tratamiento-de-las-celebrities\/\" \/>\n<meta property=\"og:locale\" content=\"en_US\" \/>\n<meta property=\"og:type\" content=\"article\" \/>\n<meta property=\"og:title\" content=\"CACI - El tratamiento de las Celebrities | Sole Centro de Imagen\" \/>\n<meta property=\"og:url\" content=\"https:\/\/solecentrodeimagen.com\/estetica-avanzada\/caci-el-tratamiento-de-las-celebrities\/\" \/>\n<meta property=\"og:site_name\" content=\"Sole Centro de Imagen\" \/>\n<meta property=\"article:publisher\" content=\"http:\/\/www.facebook.com\/solecentrodeimagen\" \/>\n<meta property=\"article:modified_time\" content=\"2020-04-27T14:26:15+00:00\" \/>\n<meta property=\"og:image\" content=\"https:\/\/solecentrodeimagen.com\/wp-content\/uploads\/2020\/04\/caci-synergy-1.jpeg\" \/>\n\t<meta property=\"og:image:width\" content=\"1000\" \/>\n\t<meta property=\"og:image:height\" content=\"507\" \/>\n\t<meta property=\"og:image:type\" content=\"image\/jpeg\" \/>\n<meta name=\"twitter:card\" content=\"summary_large_image\" \/>\n<meta name=\"twitter:label1\" content=\"Est. reading time\" \/>\n\t<meta name=\"twitter:data1\" content=\"4 minutes\" \/>\n<script type=\"application\/ld+json\" class=\"yoast-schema-graph\">{\"@context\":\"https:\/\/schema.org\",\"@graph\":[{\"@type\":\"WebPage\",\"@id\":\"https:\/\/solecentrodeimagen.com\/estetica-avanzada\/caci-el-tratamiento-de-las-celebrities\/\",\"url\":\"https:\/\/solecentrodeimagen.com\/estetica-avanzada\/caci-el-tratamiento-de-las-celebrities\/\",\"name\":\"CACI - El tratamiento de las Celebrities | Sole Centro de Imagen\",\"isPartOf\":{\"@id\":\"https:\/\/solecentrodeimagen.com\/#website\"},\"primaryImageOfPage\":{\"@id\":\"https:\/\/solecentrodeimagen.com\/estetica-avanzada\/caci-el-tratamiento-de-las-celebrities\/#primaryimage\"},\"image\":{\"@id\":\"https:\/\/solecentrodeimagen.com\/estetica-avanzada\/caci-el-tratamiento-de-las-celebrities\/#primaryimage\"},\"thumbnailUrl\":\"https:\/\/solecentrodeimagen.com\/wp-content\/uploads\/2020\/04\/caci-synergy-1.jpeg\",\"datePublished\":\"2020-04-18T16:25:31+00:00\",\"dateModified\":\"2020-04-27T14:26:15+00:00\",\"breadcrumb\":{\"@id\":\"https:\/\/solecentrodeimagen.com\/estetica-avanzada\/caci-el-tratamiento-de-las-celebrities\/#breadcrumb\"},\"inLanguage\":\"en-US\",\"potentialAction\":[{\"@type\":\"ReadAction\",\"target\":[\"https:\/\/solecentrodeimagen.com\/estetica-avanzada\/caci-el-tratamiento-de-las-celebrities\/\"]}]},{\"@type\":\"ImageObject\",\"inLanguage\":\"en-US\",\"@id\":\"https:\/\/solecentrodeimagen.com\/estetica-avanzada\/caci-el-tratamiento-de-las-celebrities\/#primaryimage\",\"url\":\"https:\/\/solecentrodeimagen.com\/wp-content\/uploads\/2020\/04\/caci-synergy-1.jpeg\",\"contentUrl\":\"https:\/\/solecentrodeimagen.com\/wp-content\/uploads\/2020\/04\/caci-synergy-1.jpeg\",\"width\":1000,\"height\":507},{\"@type\":\"BreadcrumbList\",\"@id\":\"https:\/\/solecentrodeimagen.com\/estetica-avanzada\/caci-el-tratamiento-de-las-celebrities\/#breadcrumb\",\"itemListElement\":[{\"@type\":\"ListItem\",\"position\":1,\"name\":\"Home\",\"item\":\"https:\/\/solecentrodeimagen.com\/\"},{\"@type\":\"ListItem\",\"position\":2,\"name\":\"Tratamientos de Est\u00e9tica Avanzada\",\"item\":\"https:\/\/solecentrodeimagen.com\/estetica-avanzada\/\"},{\"@type\":\"ListItem\",\"position\":3,\"name\":\"CACI &#8211; El tratamiento de las Celebrities\"}]},{\"@type\":\"WebSite\",\"@id\":\"https:\/\/solecentrodeimagen.com\/#website\",\"url\":\"https:\/\/solecentrodeimagen.com\/\",\"name\":\"Sole Centro de Imagen\",\"description\":\"Centro Medicina Est\u00e9tica, Dermatolog\u00eda y Est\u00e9tica avanzada\",\"publisher\":{\"@id\":\"https:\/\/solecentrodeimagen.com\/#organization\"},\"potentialAction\":[{\"@type\":\"SearchAction\",\"target\":{\"@type\":\"EntryPoint\",\"urlTemplate\":\"https:\/\/solecentrodeimagen.com\/?s={search_term_string}\"},\"query-input\":{\"@type\":\"PropertyValueSpecification\",\"valueRequired\":true,\"valueName\":\"search_term_string\"}}],\"inLanguage\":\"en-US\"},{\"@type\":\"Organization\",\"@id\":\"https:\/\/solecentrodeimagen.com\/#organization\",\"name\":\"Sole Centro de Imagen Integral\",\"url\":\"https:\/\/solecentrodeimagen.com\/\",\"logo\":{\"@type\":\"ImageObject\",\"inLanguage\":\"en-US\",\"@id\":\"https:\/\/solecentrodeimagen.com\/#\/schema\/logo\/image\/\",\"url\":\"https:\/\/solecentrodeimagen.com\/wp-content\/uploads\/2016\/06\/logo-solecentromedico.png\",\"contentUrl\":\"https:\/\/solecentrodeimagen.com\/wp-content\/uploads\/2016\/06\/logo-solecentromedico.png\",\"width\":281,\"height\":96,\"caption\":\"Sole Centro de Imagen Integral\"},\"image\":{\"@id\":\"https:\/\/solecentrodeimagen.com\/#\/schema\/logo\/image\/\"},\"sameAs\":[\"http:\/\/www.facebook.com\/solecentrodeimagen\",\"http:\/\/www.instagram.com\/solecentrodeimagen\"]}]}<\/script>\n<!-- \/ Yoast SEO plugin. -->","yoast_head_json":{"title":"CACI - El tratamiento de las Celebrities | Sole Centro de Imagen","robots":{"index":"index","follow":"follow","max-snippet":"max-snippet:-1","max-image-preview":"max-image-preview:large","max-video-preview":"max-video-preview:-1"},"canonical":"https:\/\/solecentrodeimagen.com\/estetica-avanzada\/caci-el-tratamiento-de-las-celebrities\/","og_locale":"en_US","og_type":"article","og_title":"CACI - El tratamiento de las Celebrities | Sole Centro de Imagen","og_url":"https:\/\/solecentrodeimagen.com\/estetica-avanzada\/caci-el-tratamiento-de-las-celebrities\/","og_site_name":"Sole Centro de Imagen","article_publisher":"http:\/\/www.facebook.com\/solecentrodeimagen","article_modified_time":"2020-04-27T14:26:15+00:00","og_image":[{"width":1000,"height":507,"url":"https:\/\/solecentrodeimagen.com\/wp-content\/uploads\/2020\/04\/caci-synergy-1.jpeg","type":"image\/jpeg"}],"twitter_card":"summary_large_image","twitter_misc":{"Est. reading time":"4 minutes"},"schema":{"@context":"https:\/\/schema.org","@graph":[{"@type":"WebPage","@id":"https:\/\/solecentrodeimagen.com\/estetica-avanzada\/caci-el-tratamiento-de-las-celebrities\/","url":"https:\/\/solecentrodeimagen.com\/estetica-avanzada\/caci-el-tratamiento-de-las-celebrities\/","name":"CACI - El tratamiento de las Celebrities | Sole Centro de Imagen","isPartOf":{"@id":"https:\/\/solecentrodeimagen.com\/#website"},"primaryImageOfPage":{"@id":"https:\/\/solecentrodeimagen.com\/estetica-avanzada\/caci-el-tratamiento-de-las-celebrities\/#primaryimage"},"image":{"@id":"https:\/\/solecentrodeimagen.com\/estetica-avanzada\/caci-el-tratamiento-de-las-celebrities\/#primaryimage"},"thumbnailUrl":"https:\/\/solecentrodeimagen.com\/wp-content\/uploads\/2020\/04\/caci-synergy-1.jpeg","datePublished":"2020-04-18T16:25:31+00:00","dateModified":"2020-04-27T14:26:15+00:00","breadcrumb":{"@id":"https:\/\/solecentrodeimagen.com\/estetica-avanzada\/caci-el-tratamiento-de-las-celebrities\/#breadcrumb"},"inLanguage":"en-US","potentialAction":[{"@type":"ReadAction","target":["https:\/\/solecentrodeimagen.com\/estetica-avanzada\/caci-el-tratamiento-de-las-celebrities\/"]}]},{"@type":"ImageObject","inLanguage":"en-US","@id":"https:\/\/solecentrodeimagen.com\/estetica-avanzada\/caci-el-tratamiento-de-las-celebrities\/#primaryimage","url":"https:\/\/solecentrodeimagen.com\/wp-content\/uploads\/2020\/04\/caci-synergy-1.jpeg","contentUrl":"https:\/\/solecentrodeimagen.com\/wp-content\/uploads\/2020\/04\/caci-synergy-1.jpeg","width":1000,"height":507},{"@type":"BreadcrumbList","@id":"https:\/\/solecentrodeimagen.com\/estetica-avanzada\/caci-el-tratamiento-de-las-celebrities\/#breadcrumb","itemListElement":[{"@type":"ListItem","position":1,"name":"Home","item":"https:\/\/solecentrodeimagen.com\/"},{"@type":"ListItem","position":2,"name":"Tratamientos de Est\u00e9tica Avanzada","item":"https:\/\/solecentrodeimagen.com\/estetica-avanzada\/"},{"@type":"ListItem","position":3,"name":"CACI &#8211; El tratamiento de las Celebrities"}]},{"@type":"WebSite","@id":"https:\/\/solecentrodeimagen.com\/#website","url":"https:\/\/solecentrodeimagen.com\/","name":"Sole Centro de Imagen","description":"Centro Medicina Est\u00e9tica, Dermatolog\u00eda y Est\u00e9tica avanzada","publisher":{"@id":"https:\/\/solecentrodeimagen.com\/#organization"},"potentialAction":[{"@type":"SearchAction","target":{"@type":"EntryPoint","urlTemplate":"https:\/\/solecentrodeimagen.com\/?s={search_term_string}"},"query-input":{"@type":"PropertyValueSpecification","valueRequired":true,"valueName":"search_term_string"}}],"inLanguage":"en-US"},{"@type":"Organization","@id":"https:\/\/solecentrodeimagen.com\/#organization","name":"Sole Centro de Imagen Integral","url":"https:\/\/solecentrodeimagen.com\/","logo":{"@type":"ImageObject","inLanguage":"en-US","@id":"https:\/\/solecentrodeimagen.com\/#\/schema\/logo\/image\/","url":"https:\/\/solecentrodeimagen.com\/wp-content\/uploads\/2016\/06\/logo-solecentromedico.png","contentUrl":"https:\/\/solecentrodeimagen.com\/wp-content\/uploads\/2016\/06\/logo-solecentromedico.png","width":281,"height":96,"caption":"Sole Centro de Imagen Integral"},"image":{"@id":"https:\/\/solecentrodeimagen.com\/#\/schema\/logo\/image\/"},"sameAs":["http:\/\/www.facebook.com\/solecentrodeimagen","http:\/\/www.instagram.com\/solecentrodeimagen"]}]}},"_links":{"self":[{"href":"https:\/\/solecentrodeimagen.com\/en\/wp-json\/wp\/v2\/pages\/20544"}],"collection":[{"href":"https:\/\/solecentrodeimagen.com\/en\/wp-json\/wp\/v2\/pages"}],"about":[{"href":"https:\/\/solecentrodeimagen.com\/en\/wp-json\/wp\/v2\/types\/page"}],"author":[{"embeddable":true,"href":"https:\/\/solecentrodeimagen.com\/en\/wp-json\/wp\/v2\/users\/13"}],"replies":[{"embeddable":true,"href":"https:\/\/solecentrodeimagen.com\/en\/wp-json\/wp\/v2\/comments?post=20544"}],"version-history":[{"count":7,"href":"https:\/\/solecentrodeimagen.com\/en\/wp-json\/wp\/v2\/pages\/20544\/revisions"}],"predecessor-version":[{"id":20954,"href":"https:\/\/solecentrodeimagen.com\/en\/wp-json\/wp\/v2\/pages\/20544\/revisions\/20954"}],"up":[{"embeddable":true,"href":"https:\/\/solecentrodeimagen.com\/en\/wp-json\/wp\/v2\/pages\/20122"}],"wp:featuredmedia":[{"embeddable":true,"href":"https:\/\/solecentrodeimagen.com\/en\/wp-json\/wp\/v2\/media\/20548"}],"wp:attachment":[{"href":"https:\/\/solecentrodeimagen.com\/en\/wp-json\/wp\/v2\/media?parent=20544"}],"curies":[{"name":"wp","href":"https:\/\/api.w.org\/{rel}","templated":true}]}}