{"id":16985,"date":"2020-05-09T09:59:17","date_gmt":"2020-05-09T07:59:17","guid":{"rendered":"https:\/\/solecentrodeimagen.com\/?post_type=product&#038;p=16985"},"modified":"2025-01-27T11:32:51","modified_gmt":"2025-01-27T10:32:51","slug":"avst-eye-gel-contour-30-ml","status":"publish","type":"product","link":"https:\/\/solecentrodeimagen.com\/en\/producto\/avst-eye-gel-contour-30-ml\/","title":{"rendered":"Skin EssentiA Antioxidant &#038; Peptide Eye Gel 15ml"},"content":{"rendered":"<p><strong>Environ Skin EssentiA Antioxidant &amp; Peptide Eye Gel<\/strong> est\u00e1 formulado espec\u00edficamente para cuidar la delicada piel alrededor de los ojos. Su combinaci\u00f3n \u00fanica de p\u00e9ptidos, vitaminas y antioxidantes trabaja en conjunto para suavizar la apariencia de las l\u00edneas finas, mejorar la firmeza y dar un aspecto m\u00e1s juvenil a la zona ocular. Ideal para todo tipo de piel, incluyendo las sensibles, es perfecto para tratar los primeros signos de envejecimiento en el \u00e1rea de los ojos. Este gel hidrata y revitaliza, dejando la piel con un aspecto m\u00e1s fresco y rejuvenecido.<\/p>\n","protected":false},"excerpt":{"rendered":"<p>Un gel refrescante y suave, dise\u00f1ado especialmente para revitalizar la delicada piel alrededor de los ojos. Reduce la aparici\u00f3n de l\u00edneas finas e hidrata intensamente la piel.<\/p>\n","protected":false},"featured_media":22967,"comment_status":"open","ping_status":"closed","template":"","meta":[],"product_cat":[335,178,374,343],"product_tag":[252],"class_list":{"0":"post-16985","1":"product","2":"type-product","3":"status-publish","4":"has-post-thumbnail","6":"product_cat-facial","7":"product_cat-environ","8":"product_cat-environ-skin-essentia","9":"product_cat-gel-y-serum-de-ojos","10":"product_tag-envejecimiento","12":"first","13":"instock","14":"sale","15":"featured","16":"taxable","17":"shipping-taxable","18":"purchasable","19":"product-type-simple"},"translation":{"provider":"WPGlobus","version":"3.0.0","language":"en","enabled_languages":["es","en","fr"],"languages":{"es":{"title":true,"content":true,"excerpt":true},"en":{"title":false,"content":false,"excerpt":false},"fr":{"title":false,"content":false,"excerpt":false}}},"yoast_head":"<!-- This site is optimized with the Yoast SEO plugin v23.5 - https:\/\/yoast.com\/wordpress\/plugins\/seo\/ -->\n<title>Environ AVST\u2122 Eye Gel Contour 30 Ml | Sole Centro de Imagen\u2122<\/title>\n<meta name=\"robots\" content=\"index, follow, max-snippet:-1, max-image-preview:large, max-video-preview:-1\" \/>\n<link rel=\"canonical\" href=\"https:\/\/solecentrodeimagen.com\/producto\/avst-eye-gel-contour-30-ml\/\" \/>\n<meta property=\"og:locale\" content=\"en_US\" \/>\n<meta property=\"og:type\" content=\"article\" \/>\n<meta property=\"og:title\" content=\"Skin EssentiA Antioxidant &amp; Peptide Eye Gel 15ml | Sole Centro de Imagen\" \/>\n<meta property=\"og:url\" content=\"https:\/\/solecentrodeimagen.com\/producto\/avst-eye-gel-contour-30-ml\/\" \/>\n<meta property=\"og:site_name\" content=\"Sole Centro de Imagen\" \/>\n<meta property=\"article:publisher\" content=\"http:\/\/www.facebook.com\/solecentrodeimagen\" \/>\n<meta property=\"article:modified_time\" content=\"2025-01-27T10:32:51+00:00\" \/>\n<meta property=\"og:image\" content=\"https:\/\/solecentrodeimagen.com\/wp-content\/uploads\/2025\/01\/Environ-Skin-EssentiA-Antioxidant-Peptide-Eye-Gel.webp\" \/>\n\t<meta property=\"og:image:width\" content=\"500\" \/>\n\t<meta property=\"og:image:height\" content=\"500\" \/>\n\t<meta property=\"og:image:type\" content=\"image\/webp\" \/>\n<meta name=\"twitter:card\" content=\"summary_large_image\" \/>\n<meta name=\"twitter:label1\" content=\"Est. reading time\" \/>\n\t<meta name=\"twitter:data1\" content=\"1 minute\" \/>\n<script type=\"application\/ld+json\" class=\"yoast-schema-graph\">{\"@context\":\"https:\/\/schema.org\",\"@graph\":[{\"@type\":\"WebPage\",\"@id\":\"https:\/\/solecentrodeimagen.com\/producto\/avst-eye-gel-contour-30-ml\/\",\"url\":\"https:\/\/solecentrodeimagen.com\/producto\/avst-eye-gel-contour-30-ml\/\",\"name\":\"Environ AVST\u2122 Eye Gel Contour 30 Ml | Sole Centro de Imagen\u2122\",\"isPartOf\":{\"@id\":\"https:\/\/solecentrodeimagen.com\/#website\"},\"primaryImageOfPage\":{\"@id\":\"https:\/\/solecentrodeimagen.com\/producto\/avst-eye-gel-contour-30-ml\/#primaryimage\"},\"image\":{\"@id\":\"https:\/\/solecentrodeimagen.com\/producto\/avst-eye-gel-contour-30-ml\/#primaryimage\"},\"thumbnailUrl\":\"https:\/\/solecentrodeimagen.com\/wp-content\/uploads\/2025\/01\/Environ-Skin-EssentiA-Antioxidant-Peptide-Eye-Gel.webp\",\"datePublished\":\"2020-05-09T07:59:17+00:00\",\"dateModified\":\"2025-01-27T10:32:51+00:00\",\"description\":\"Un gel refrescante y suave, dise\u00f1ado especialmente para revitalizar la delicada piel alrededor de los ojos. Reduce la aparici\u00f3n de l\u00edneas finas e hidrata intensamente la piel.\",\"breadcrumb\":{\"@id\":\"https:\/\/solecentrodeimagen.com\/producto\/avst-eye-gel-contour-30-ml\/#breadcrumb\"},\"inLanguage\":\"en-US\",\"potentialAction\":[{\"@type\":\"ReadAction\",\"target\":[\"https:\/\/solecentrodeimagen.com\/producto\/avst-eye-gel-contour-30-ml\/\"]}]},{\"@type\":\"ImageObject\",\"inLanguage\":\"en-US\",\"@id\":\"https:\/\/solecentrodeimagen.com\/producto\/avst-eye-gel-contour-30-ml\/#primaryimage\",\"url\":\"https:\/\/solecentrodeimagen.com\/wp-content\/uploads\/2025\/01\/Environ-Skin-EssentiA-Antioxidant-Peptide-Eye-Gel.webp\",\"contentUrl\":\"https:\/\/solecentrodeimagen.com\/wp-content\/uploads\/2025\/01\/Environ-Skin-EssentiA-Antioxidant-Peptide-Eye-Gel.webp\",\"width\":500,\"height\":500},{\"@type\":\"BreadcrumbList\",\"@id\":\"https:\/\/solecentrodeimagen.com\/producto\/avst-eye-gel-contour-30-ml\/#breadcrumb\",\"itemListElement\":[{\"@type\":\"ListItem\",\"position\":1,\"name\":\"Home\",\"item\":\"https:\/\/solecentrodeimagen.com\/\"},{\"@type\":\"ListItem\",\"position\":2,\"name\":\"Tienda\",\"item\":\"https:\/\/solecentrodeimagen.com\/tienda\/\"},{\"@type\":\"ListItem\",\"position\":3,\"name\":\"Skin EssentiA Antioxidant &#038; Peptide Eye Gel 15ml\"}]},{\"@type\":\"WebSite\",\"@id\":\"https:\/\/solecentrodeimagen.com\/#website\",\"url\":\"https:\/\/solecentrodeimagen.com\/\",\"name\":\"Sole Centro de Imagen\",\"description\":\"Centro Medicina Est\u00e9tica, Dermatolog\u00eda y Est\u00e9tica avanzada\",\"publisher\":{\"@id\":\"https:\/\/solecentrodeimagen.com\/#organization\"},\"potentialAction\":[{\"@type\":\"SearchAction\",\"target\":{\"@type\":\"EntryPoint\",\"urlTemplate\":\"https:\/\/solecentrodeimagen.com\/?s={search_term_string}\"},\"query-input\":{\"@type\":\"PropertyValueSpecification\",\"valueRequired\":true,\"valueName\":\"search_term_string\"}}],\"inLanguage\":\"en-US\"},{\"@type\":\"Organization\",\"@id\":\"https:\/\/solecentrodeimagen.com\/#organization\",\"name\":\"Sole Centro de Imagen Integral\",\"url\":\"https:\/\/solecentrodeimagen.com\/\",\"logo\":{\"@type\":\"ImageObject\",\"inLanguage\":\"en-US\",\"@id\":\"https:\/\/solecentrodeimagen.com\/#\/schema\/logo\/image\/\",\"url\":\"https:\/\/solecentrodeimagen.com\/wp-content\/uploads\/2016\/06\/logo-solecentromedico.png\",\"contentUrl\":\"https:\/\/solecentrodeimagen.com\/wp-content\/uploads\/2016\/06\/logo-solecentromedico.png\",\"width\":281,\"height\":96,\"caption\":\"Sole Centro de Imagen Integral\"},\"image\":{\"@id\":\"https:\/\/solecentrodeimagen.com\/#\/schema\/logo\/image\/\"},\"sameAs\":[\"http:\/\/www.facebook.com\/solecentrodeimagen\",\"http:\/\/www.instagram.com\/solecentrodeimagen\"]}]}<\/script>\n<!-- \/ Yoast SEO plugin. -->","yoast_head_json":{"title":"Environ AVST\u2122 Eye Gel Contour 30 Ml | Sole Centro de Imagen\u2122","robots":{"index":"index","follow":"follow","max-snippet":"max-snippet:-1","max-image-preview":"max-image-preview:large","max-video-preview":"max-video-preview:-1"},"canonical":"https:\/\/solecentrodeimagen.com\/producto\/avst-eye-gel-contour-30-ml\/","og_locale":"en_US","og_type":"article","og_title":"Skin EssentiA Antioxidant & Peptide Eye Gel 15ml | Sole Centro de Imagen","og_url":"https:\/\/solecentrodeimagen.com\/producto\/avst-eye-gel-contour-30-ml\/","og_site_name":"Sole Centro de Imagen","article_publisher":"http:\/\/www.facebook.com\/solecentrodeimagen","article_modified_time":"2025-01-27T10:32:51+00:00","og_image":[{"width":500,"height":500,"url":"https:\/\/solecentrodeimagen.com\/wp-content\/uploads\/2025\/01\/Environ-Skin-EssentiA-Antioxidant-Peptide-Eye-Gel.webp","type":"image\/webp"}],"twitter_card":"summary_large_image","twitter_misc":{"Est. reading time":"1 minute"},"schema":{"@context":"https:\/\/schema.org","@graph":[{"@type":"WebPage","@id":"https:\/\/solecentrodeimagen.com\/producto\/avst-eye-gel-contour-30-ml\/","url":"https:\/\/solecentrodeimagen.com\/producto\/avst-eye-gel-contour-30-ml\/","name":"Environ AVST\u2122 Eye Gel Contour 30 Ml | Sole Centro de Imagen\u2122","isPartOf":{"@id":"https:\/\/solecentrodeimagen.com\/#website"},"primaryImageOfPage":{"@id":"https:\/\/solecentrodeimagen.com\/producto\/avst-eye-gel-contour-30-ml\/#primaryimage"},"image":{"@id":"https:\/\/solecentrodeimagen.com\/producto\/avst-eye-gel-contour-30-ml\/#primaryimage"},"thumbnailUrl":"https:\/\/solecentrodeimagen.com\/wp-content\/uploads\/2025\/01\/Environ-Skin-EssentiA-Antioxidant-Peptide-Eye-Gel.webp","datePublished":"2020-05-09T07:59:17+00:00","dateModified":"2025-01-27T10:32:51+00:00","description":"Un gel refrescante y suave, dise\u00f1ado especialmente para revitalizar la delicada piel alrededor de los ojos. Reduce la aparici\u00f3n de l\u00edneas finas e hidrata intensamente la piel.","breadcrumb":{"@id":"https:\/\/solecentrodeimagen.com\/producto\/avst-eye-gel-contour-30-ml\/#breadcrumb"},"inLanguage":"en-US","potentialAction":[{"@type":"ReadAction","target":["https:\/\/solecentrodeimagen.com\/producto\/avst-eye-gel-contour-30-ml\/"]}]},{"@type":"ImageObject","inLanguage":"en-US","@id":"https:\/\/solecentrodeimagen.com\/producto\/avst-eye-gel-contour-30-ml\/#primaryimage","url":"https:\/\/solecentrodeimagen.com\/wp-content\/uploads\/2025\/01\/Environ-Skin-EssentiA-Antioxidant-Peptide-Eye-Gel.webp","contentUrl":"https:\/\/solecentrodeimagen.com\/wp-content\/uploads\/2025\/01\/Environ-Skin-EssentiA-Antioxidant-Peptide-Eye-Gel.webp","width":500,"height":500},{"@type":"BreadcrumbList","@id":"https:\/\/solecentrodeimagen.com\/producto\/avst-eye-gel-contour-30-ml\/#breadcrumb","itemListElement":[{"@type":"ListItem","position":1,"name":"Home","item":"https:\/\/solecentrodeimagen.com\/"},{"@type":"ListItem","position":2,"name":"Tienda","item":"https:\/\/solecentrodeimagen.com\/tienda\/"},{"@type":"ListItem","position":3,"name":"Skin EssentiA Antioxidant &#038; Peptide Eye Gel 15ml"}]},{"@type":"WebSite","@id":"https:\/\/solecentrodeimagen.com\/#website","url":"https:\/\/solecentrodeimagen.com\/","name":"Sole Centro de Imagen","description":"Centro Medicina Est\u00e9tica, Dermatolog\u00eda y Est\u00e9tica avanzada","publisher":{"@id":"https:\/\/solecentrodeimagen.com\/#organization"},"potentialAction":[{"@type":"SearchAction","target":{"@type":"EntryPoint","urlTemplate":"https:\/\/solecentrodeimagen.com\/?s={search_term_string}"},"query-input":{"@type":"PropertyValueSpecification","valueRequired":true,"valueName":"search_term_string"}}],"inLanguage":"en-US"},{"@type":"Organization","@id":"https:\/\/solecentrodeimagen.com\/#organization","name":"Sole Centro de Imagen Integral","url":"https:\/\/solecentrodeimagen.com\/","logo":{"@type":"ImageObject","inLanguage":"en-US","@id":"https:\/\/solecentrodeimagen.com\/#\/schema\/logo\/image\/","url":"https:\/\/solecentrodeimagen.com\/wp-content\/uploads\/2016\/06\/logo-solecentromedico.png","contentUrl":"https:\/\/solecentrodeimagen.com\/wp-content\/uploads\/2016\/06\/logo-solecentromedico.png","width":281,"height":96,"caption":"Sole Centro de Imagen Integral"},"image":{"@id":"https:\/\/solecentrodeimagen.com\/#\/schema\/logo\/image\/"},"sameAs":["http:\/\/www.facebook.com\/solecentrodeimagen","http:\/\/www.instagram.com\/solecentrodeimagen"]}]}},"_links":{"self":[{"href":"https:\/\/solecentrodeimagen.com\/en\/wp-json\/wp\/v2\/product\/16985"}],"collection":[{"href":"https:\/\/solecentrodeimagen.com\/en\/wp-json\/wp\/v2\/product"}],"about":[{"href":"https:\/\/solecentrodeimagen.com\/en\/wp-json\/wp\/v2\/types\/product"}],"replies":[{"embeddable":true,"href":"https:\/\/solecentrodeimagen.com\/en\/wp-json\/wp\/v2\/comments?post=16985"}],"wp:featuredmedia":[{"embeddable":true,"href":"https:\/\/solecentrodeimagen.com\/en\/wp-json\/wp\/v2\/media\/22967"}],"wp:attachment":[{"href":"https:\/\/solecentrodeimagen.com\/en\/wp-json\/wp\/v2\/media?parent=16985"}],"wp:term":[{"taxonomy":"product_cat","embeddable":true,"href":"https:\/\/solecentrodeimagen.com\/en\/wp-json\/wp\/v2\/product_cat?post=16985"},{"taxonomy":"product_tag","embeddable":true,"href":"https:\/\/solecentrodeimagen.com\/en\/wp-json\/wp\/v2\/product_tag?post=16985"}],"curies":[{"name":"wp","href":"https:\/\/api.w.org\/{rel}","templated":true}]}}