{"id":16993,"date":"2016-05-21T16:03:33","date_gmt":"2016-05-21T14:03:33","guid":{"rendered":"https:\/\/solecentrodeimagen.com\/?post_type=product&#038;p=16993"},"modified":"2025-01-28T22:02:27","modified_gmt":"2025-01-28T21:02:27","slug":"s-active-sebutone-100ml","status":"publish","type":"product","link":"https:\/\/solecentrodeimagen.com\/en\/producto\/s-active-sebutone-100ml\/","title":{"rendered":"Focus Care Clarity+ Sebu-Tone Clarifier 100ml"},"content":{"rendered":"<p style=\"text-align: justify;\"><strong>Environ Clarity+ Sebu-Tone Clarifier<\/strong> es un t\u00f3nico de tratamiento de intensidad media formulado con exfoliantes AHA y reguladores del sebo, dise\u00f1ado espec\u00edficamente para pieles grasas, deshidratadas y propensas al acn\u00e9. Su combinaci\u00f3n de \u00e1cido l\u00e1ctico y \u00e1cido salic\u00edlico exfolia suavemente, elimina la acumulaci\u00f3n de c\u00e9lulas muertas y equilibra la producci\u00f3n de grasa, ayudando a minimizar el brillo graso y a refinar la textura de la piel. Adem\u00e1s, este t\u00f3nico contiene una baja concentraci\u00f3n de alcohol que elimina el exceso de grasa sin resecar. Con su acci\u00f3n clarificante, hidrata y deja la piel con un aspecto m\u00e1s fresco, suave y uniforme.<\/p>\n","protected":false},"excerpt":{"rendered":"<p style=\"text-align: justify;\">T\u00f3nico facial exfoliante con \u00e1cido l\u00e1ctico y salic\u00edlico que elimina c\u00e9lulas muertas, regula la grasa y minimiza el brillo, dejando la piel m\u00e1s suave y refinada. Ideal para pieles grasas, deshidratadas o con tendencia al acn\u00e9.<\/p>\n","protected":false},"featured_media":22944,"comment_status":"open","ping_status":"closed","template":"","meta":[],"product_cat":[335,178,377,341],"product_tag":[356],"class_list":{"0":"post-16993","1":"product","2":"type-product","3":"status-publish","4":"has-post-thumbnail","6":"product_cat-facial","7":"product_cat-environ","8":"product_cat-environ-focus-care-clarity","9":"product_cat-envejecimiento","10":"product_tag-acne","12":"first","13":"instock","14":"sale","15":"taxable","16":"shipping-taxable","17":"purchasable","18":"product-type-simple"},"translation":{"provider":"WPGlobus","version":"3.0.0","language":"en","enabled_languages":["es","en","fr"],"languages":{"es":{"title":true,"content":true,"excerpt":true},"en":{"title":false,"content":false,"excerpt":false},"fr":{"title":false,"content":false,"excerpt":false}}},"yoast_head":"<!-- This site is optimized with the Yoast SEO plugin v23.5 - https:\/\/yoast.com\/wordpress\/plugins\/seo\/ -->\n<title>Focus Care Clarity+ Sebu-Tone Clarifier 100ml | Sole Centro de Imagen<\/title>\n<meta name=\"robots\" content=\"index, follow, max-snippet:-1, max-image-preview:large, max-video-preview:-1\" \/>\n<link rel=\"canonical\" href=\"https:\/\/solecentrodeimagen.com\/producto\/s-active-sebutone-100ml\/\" \/>\n<meta property=\"og:locale\" content=\"en_US\" \/>\n<meta property=\"og:type\" content=\"article\" \/>\n<meta property=\"og:title\" content=\"Focus Care Clarity+ Sebu-Tone Clarifier 100ml | Sole Centro de Imagen\" \/>\n<meta property=\"og:url\" content=\"https:\/\/solecentrodeimagen.com\/producto\/s-active-sebutone-100ml\/\" \/>\n<meta property=\"og:site_name\" content=\"Sole Centro de Imagen\" \/>\n<meta property=\"article:publisher\" content=\"http:\/\/www.facebook.com\/solecentrodeimagen\" \/>\n<meta property=\"article:modified_time\" content=\"2025-01-28T21:02:27+00:00\" \/>\n<meta property=\"og:image\" content=\"https:\/\/solecentrodeimagen.com\/wp-content\/uploads\/2025\/01\/Environ-Focus-Care-Clarity-Botanical-Infused-Sebu-Tone-Clarifier.webp\" \/>\n\t<meta property=\"og:image:width\" content=\"500\" \/>\n\t<meta property=\"og:image:height\" content=\"500\" \/>\n\t<meta property=\"og:image:type\" content=\"image\/webp\" \/>\n<meta name=\"twitter:card\" content=\"summary_large_image\" \/>\n<meta name=\"twitter:label1\" content=\"Est. reading time\" \/>\n\t<meta name=\"twitter:data1\" content=\"1 minute\" \/>\n<script type=\"application\/ld+json\" class=\"yoast-schema-graph\">{\"@context\":\"https:\/\/schema.org\",\"@graph\":[{\"@type\":\"WebPage\",\"@id\":\"https:\/\/solecentrodeimagen.com\/producto\/s-active-sebutone-100ml\/\",\"url\":\"https:\/\/solecentrodeimagen.com\/producto\/s-active-sebutone-100ml\/\",\"name\":\"Focus Care Clarity+ Sebu-Tone Clarifier 100ml | Sole Centro de Imagen\",\"isPartOf\":{\"@id\":\"https:\/\/solecentrodeimagen.com\/#website\"},\"primaryImageOfPage\":{\"@id\":\"https:\/\/solecentrodeimagen.com\/producto\/s-active-sebutone-100ml\/#primaryimage\"},\"image\":{\"@id\":\"https:\/\/solecentrodeimagen.com\/producto\/s-active-sebutone-100ml\/#primaryimage\"},\"thumbnailUrl\":\"https:\/\/solecentrodeimagen.com\/wp-content\/uploads\/2025\/01\/Environ-Focus-Care-Clarity-Botanical-Infused-Sebu-Tone-Clarifier.webp\",\"datePublished\":\"2016-05-21T14:03:33+00:00\",\"dateModified\":\"2025-01-28T21:02:27+00:00\",\"breadcrumb\":{\"@id\":\"https:\/\/solecentrodeimagen.com\/producto\/s-active-sebutone-100ml\/#breadcrumb\"},\"inLanguage\":\"en-US\",\"potentialAction\":[{\"@type\":\"ReadAction\",\"target\":[\"https:\/\/solecentrodeimagen.com\/producto\/s-active-sebutone-100ml\/\"]}]},{\"@type\":\"ImageObject\",\"inLanguage\":\"en-US\",\"@id\":\"https:\/\/solecentrodeimagen.com\/producto\/s-active-sebutone-100ml\/#primaryimage\",\"url\":\"https:\/\/solecentrodeimagen.com\/wp-content\/uploads\/2025\/01\/Environ-Focus-Care-Clarity-Botanical-Infused-Sebu-Tone-Clarifier.webp\",\"contentUrl\":\"https:\/\/solecentrodeimagen.com\/wp-content\/uploads\/2025\/01\/Environ-Focus-Care-Clarity-Botanical-Infused-Sebu-Tone-Clarifier.webp\",\"width\":500,\"height\":500},{\"@type\":\"BreadcrumbList\",\"@id\":\"https:\/\/solecentrodeimagen.com\/producto\/s-active-sebutone-100ml\/#breadcrumb\",\"itemListElement\":[{\"@type\":\"ListItem\",\"position\":1,\"name\":\"Home\",\"item\":\"https:\/\/solecentrodeimagen.com\/\"},{\"@type\":\"ListItem\",\"position\":2,\"name\":\"Tienda\",\"item\":\"https:\/\/solecentrodeimagen.com\/tienda\/\"},{\"@type\":\"ListItem\",\"position\":3,\"name\":\"Focus Care Clarity+ Sebu-Tone Clarifier 100ml\"}]},{\"@type\":\"WebSite\",\"@id\":\"https:\/\/solecentrodeimagen.com\/#website\",\"url\":\"https:\/\/solecentrodeimagen.com\/\",\"name\":\"Sole Centro de Imagen\",\"description\":\"Centro Medicina Est\u00e9tica, Dermatolog\u00eda y Est\u00e9tica avanzada\",\"publisher\":{\"@id\":\"https:\/\/solecentrodeimagen.com\/#organization\"},\"potentialAction\":[{\"@type\":\"SearchAction\",\"target\":{\"@type\":\"EntryPoint\",\"urlTemplate\":\"https:\/\/solecentrodeimagen.com\/?s={search_term_string}\"},\"query-input\":{\"@type\":\"PropertyValueSpecification\",\"valueRequired\":true,\"valueName\":\"search_term_string\"}}],\"inLanguage\":\"en-US\"},{\"@type\":\"Organization\",\"@id\":\"https:\/\/solecentrodeimagen.com\/#organization\",\"name\":\"Sole Centro de Imagen Integral\",\"url\":\"https:\/\/solecentrodeimagen.com\/\",\"logo\":{\"@type\":\"ImageObject\",\"inLanguage\":\"en-US\",\"@id\":\"https:\/\/solecentrodeimagen.com\/#\/schema\/logo\/image\/\",\"url\":\"https:\/\/solecentrodeimagen.com\/wp-content\/uploads\/2016\/06\/logo-solecentromedico.png\",\"contentUrl\":\"https:\/\/solecentrodeimagen.com\/wp-content\/uploads\/2016\/06\/logo-solecentromedico.png\",\"width\":281,\"height\":96,\"caption\":\"Sole Centro de Imagen Integral\"},\"image\":{\"@id\":\"https:\/\/solecentrodeimagen.com\/#\/schema\/logo\/image\/\"},\"sameAs\":[\"http:\/\/www.facebook.com\/solecentrodeimagen\",\"http:\/\/www.instagram.com\/solecentrodeimagen\"]}]}<\/script>\n<!-- \/ Yoast SEO plugin. -->","yoast_head_json":{"title":"Focus Care Clarity+ Sebu-Tone Clarifier 100ml | Sole Centro de Imagen","robots":{"index":"index","follow":"follow","max-snippet":"max-snippet:-1","max-image-preview":"max-image-preview:large","max-video-preview":"max-video-preview:-1"},"canonical":"https:\/\/solecentrodeimagen.com\/producto\/s-active-sebutone-100ml\/","og_locale":"en_US","og_type":"article","og_title":"Focus Care Clarity+ Sebu-Tone Clarifier 100ml | Sole Centro de Imagen","og_url":"https:\/\/solecentrodeimagen.com\/producto\/s-active-sebutone-100ml\/","og_site_name":"Sole Centro de Imagen","article_publisher":"http:\/\/www.facebook.com\/solecentrodeimagen","article_modified_time":"2025-01-28T21:02:27+00:00","og_image":[{"width":500,"height":500,"url":"https:\/\/solecentrodeimagen.com\/wp-content\/uploads\/2025\/01\/Environ-Focus-Care-Clarity-Botanical-Infused-Sebu-Tone-Clarifier.webp","type":"image\/webp"}],"twitter_card":"summary_large_image","twitter_misc":{"Est. reading time":"1 minute"},"schema":{"@context":"https:\/\/schema.org","@graph":[{"@type":"WebPage","@id":"https:\/\/solecentrodeimagen.com\/producto\/s-active-sebutone-100ml\/","url":"https:\/\/solecentrodeimagen.com\/producto\/s-active-sebutone-100ml\/","name":"Focus Care Clarity+ Sebu-Tone Clarifier 100ml | Sole Centro de Imagen","isPartOf":{"@id":"https:\/\/solecentrodeimagen.com\/#website"},"primaryImageOfPage":{"@id":"https:\/\/solecentrodeimagen.com\/producto\/s-active-sebutone-100ml\/#primaryimage"},"image":{"@id":"https:\/\/solecentrodeimagen.com\/producto\/s-active-sebutone-100ml\/#primaryimage"},"thumbnailUrl":"https:\/\/solecentrodeimagen.com\/wp-content\/uploads\/2025\/01\/Environ-Focus-Care-Clarity-Botanical-Infused-Sebu-Tone-Clarifier.webp","datePublished":"2016-05-21T14:03:33+00:00","dateModified":"2025-01-28T21:02:27+00:00","breadcrumb":{"@id":"https:\/\/solecentrodeimagen.com\/producto\/s-active-sebutone-100ml\/#breadcrumb"},"inLanguage":"en-US","potentialAction":[{"@type":"ReadAction","target":["https:\/\/solecentrodeimagen.com\/producto\/s-active-sebutone-100ml\/"]}]},{"@type":"ImageObject","inLanguage":"en-US","@id":"https:\/\/solecentrodeimagen.com\/producto\/s-active-sebutone-100ml\/#primaryimage","url":"https:\/\/solecentrodeimagen.com\/wp-content\/uploads\/2025\/01\/Environ-Focus-Care-Clarity-Botanical-Infused-Sebu-Tone-Clarifier.webp","contentUrl":"https:\/\/solecentrodeimagen.com\/wp-content\/uploads\/2025\/01\/Environ-Focus-Care-Clarity-Botanical-Infused-Sebu-Tone-Clarifier.webp","width":500,"height":500},{"@type":"BreadcrumbList","@id":"https:\/\/solecentrodeimagen.com\/producto\/s-active-sebutone-100ml\/#breadcrumb","itemListElement":[{"@type":"ListItem","position":1,"name":"Home","item":"https:\/\/solecentrodeimagen.com\/"},{"@type":"ListItem","position":2,"name":"Tienda","item":"https:\/\/solecentrodeimagen.com\/tienda\/"},{"@type":"ListItem","position":3,"name":"Focus Care Clarity+ Sebu-Tone Clarifier 100ml"}]},{"@type":"WebSite","@id":"https:\/\/solecentrodeimagen.com\/#website","url":"https:\/\/solecentrodeimagen.com\/","name":"Sole Centro de Imagen","description":"Centro Medicina Est\u00e9tica, Dermatolog\u00eda y Est\u00e9tica avanzada","publisher":{"@id":"https:\/\/solecentrodeimagen.com\/#organization"},"potentialAction":[{"@type":"SearchAction","target":{"@type":"EntryPoint","urlTemplate":"https:\/\/solecentrodeimagen.com\/?s={search_term_string}"},"query-input":{"@type":"PropertyValueSpecification","valueRequired":true,"valueName":"search_term_string"}}],"inLanguage":"en-US"},{"@type":"Organization","@id":"https:\/\/solecentrodeimagen.com\/#organization","name":"Sole Centro de Imagen Integral","url":"https:\/\/solecentrodeimagen.com\/","logo":{"@type":"ImageObject","inLanguage":"en-US","@id":"https:\/\/solecentrodeimagen.com\/#\/schema\/logo\/image\/","url":"https:\/\/solecentrodeimagen.com\/wp-content\/uploads\/2016\/06\/logo-solecentromedico.png","contentUrl":"https:\/\/solecentrodeimagen.com\/wp-content\/uploads\/2016\/06\/logo-solecentromedico.png","width":281,"height":96,"caption":"Sole Centro de Imagen Integral"},"image":{"@id":"https:\/\/solecentrodeimagen.com\/#\/schema\/logo\/image\/"},"sameAs":["http:\/\/www.facebook.com\/solecentrodeimagen","http:\/\/www.instagram.com\/solecentrodeimagen"]}]}},"_links":{"self":[{"href":"https:\/\/solecentrodeimagen.com\/en\/wp-json\/wp\/v2\/product\/16993"}],"collection":[{"href":"https:\/\/solecentrodeimagen.com\/en\/wp-json\/wp\/v2\/product"}],"about":[{"href":"https:\/\/solecentrodeimagen.com\/en\/wp-json\/wp\/v2\/types\/product"}],"replies":[{"embeddable":true,"href":"https:\/\/solecentrodeimagen.com\/en\/wp-json\/wp\/v2\/comments?post=16993"}],"wp:featuredmedia":[{"embeddable":true,"href":"https:\/\/solecentrodeimagen.com\/en\/wp-json\/wp\/v2\/media\/22944"}],"wp:attachment":[{"href":"https:\/\/solecentrodeimagen.com\/en\/wp-json\/wp\/v2\/media?parent=16993"}],"wp:term":[{"taxonomy":"product_cat","embeddable":true,"href":"https:\/\/solecentrodeimagen.com\/en\/wp-json\/wp\/v2\/product_cat?post=16993"},{"taxonomy":"product_tag","embeddable":true,"href":"https:\/\/solecentrodeimagen.com\/en\/wp-json\/wp\/v2\/product_tag?post=16993"}],"curies":[{"name":"wp","href":"https:\/\/api.w.org\/{rel}","templated":true}]}}