{"id":20370,"date":"2020-04-16T18:58:32","date_gmt":"2020-04-16T16:58:32","guid":{"rendered":"https:\/\/solecentrodeimagen.com\/?post_type=product&#038;p=20370"},"modified":"2025-01-27T19:42:40","modified_gmt":"2025-01-27T18:42:40","slug":"c-quence-3-35-ml","status":"publish","type":"product","link":"https:\/\/solecentrodeimagen.com\/en\/producto\/c-quence-3-35-ml\/","title":{"rendered":"Youth EssentiA Vita-Peptide C-Quence Serum 3 35ml"},"content":{"rendered":"<p><strong>Environ Youth EssentiA C-Quence Serum 3<\/strong> es el tercer nivel del innovador sistema Youth EssentiA Vitamin STEP-UP SYSTEM\u2122, dise\u00f1ado para aumentar gradualmente la tolerancia de la piel a niveles m\u00e1s altos de vitaminas y p\u00e9ptidos esenciales. Este suero de alta concentraci\u00f3n contiene vitaminas A, C y E, combinadas con potentes antioxidantes y p\u00e9ptidos que trabajan en sinergia para combatir los efectos de los radicales libres, mejorar la firmeza y suavidad de la piel, y restaurar su apariencia radiante y juvenil.<\/p>\n<p>Este serum se utiliza en combinaci\u00f3n con la crema Youth EssentiA Antioxidant Defense o Defense Plus para maximizar los beneficios del cuidado antienvejecimiento. Es ideal para quienes buscan una soluci\u00f3n eficaz para reducir l\u00edneas de expresi\u00f3n, mejorar la hidrataci\u00f3n y reponer los nutrientes esenciales de la piel.<\/p>\n","protected":false},"excerpt":{"rendered":"<p>Serum avanzado con alta concentraci\u00f3n de vitaminas A, C y E, antioxidantes y p\u00e9ptidos. Ideal para mejorar la firmeza, la hidrataci\u00f3n y la luminosidad en la piel, promoviendo un aspecto m\u00e1s joven y uniforme.<\/p>\n<p><strong>*\u00a0<em>Nota:\u00a0<\/em><\/strong>Esta crema solo se vende bajo criterio profesional, cons\u00faltanos antes de comprar.<\/p>\n","protected":false},"featured_media":22986,"comment_status":"open","ping_status":"closed","template":"","meta":[],"product_cat":[336,335,178,375,344],"product_tag":[358,252],"class_list":{"0":"post-20370","1":"product","2":"type-product","3":"status-publish","4":"has-post-thumbnail","6":"product_cat-hidratantes","7":"product_cat-facial","8":"product_cat-environ","9":"product_cat-environ-youth-essentia","10":"product_cat-serums","11":"product_tag-dano-solar","12":"product_tag-envejecimiento","14":"first","15":"instock","16":"sale","17":"taxable","18":"shipping-taxable","19":"purchasable","20":"product-type-simple"},"translation":{"provider":"WPGlobus","version":"3.0.0","language":"en","enabled_languages":["es","en","fr"],"languages":{"es":{"title":true,"content":true,"excerpt":true},"en":{"title":false,"content":false,"excerpt":false},"fr":{"title":false,"content":false,"excerpt":false}}},"yoast_head":"<!-- This site is optimized with the Yoast SEO plugin v23.5 - https:\/\/yoast.com\/wordpress\/plugins\/seo\/ -->\n<title>Youth EssentiA Vita-Peptide C-Quence Serum 3 35ml | Sole Centro de Imagen<\/title>\n<meta name=\"robots\" content=\"index, follow, max-snippet:-1, max-image-preview:large, max-video-preview:-1\" \/>\n<link rel=\"canonical\" href=\"https:\/\/solecentrodeimagen.com\/producto\/c-quence-3-35-ml\/\" \/>\n<meta property=\"og:locale\" content=\"en_US\" \/>\n<meta property=\"og:type\" content=\"article\" \/>\n<meta property=\"og:title\" content=\"Youth EssentiA Vita-Peptide C-Quence Serum 3 35ml | Sole Centro de Imagen\" \/>\n<meta property=\"og:url\" content=\"https:\/\/solecentrodeimagen.com\/producto\/c-quence-3-35-ml\/\" \/>\n<meta property=\"og:site_name\" content=\"Sole Centro de Imagen\" \/>\n<meta property=\"article:publisher\" content=\"http:\/\/www.facebook.com\/solecentrodeimagen\" \/>\n<meta property=\"article:modified_time\" content=\"2025-01-27T18:42:40+00:00\" \/>\n<meta property=\"og:image\" content=\"https:\/\/solecentrodeimagen.com\/wp-content\/uploads\/2025\/01\/Environ-Youth-EssentiA-Vita-Peptide-C-Quence-Serum-3.webp\" \/>\n\t<meta property=\"og:image:width\" content=\"823\" \/>\n\t<meta property=\"og:image:height\" content=\"823\" \/>\n\t<meta property=\"og:image:type\" content=\"image\/webp\" \/>\n<meta name=\"twitter:card\" content=\"summary_large_image\" \/>\n<meta name=\"twitter:label1\" content=\"Est. reading time\" \/>\n\t<meta name=\"twitter:data1\" content=\"1 minute\" \/>\n<script type=\"application\/ld+json\" class=\"yoast-schema-graph\">{\"@context\":\"https:\/\/schema.org\",\"@graph\":[{\"@type\":\"WebPage\",\"@id\":\"https:\/\/solecentrodeimagen.com\/producto\/c-quence-3-35-ml\/\",\"url\":\"https:\/\/solecentrodeimagen.com\/producto\/c-quence-3-35-ml\/\",\"name\":\"Youth EssentiA Vita-Peptide C-Quence Serum 3 35ml | Sole Centro de Imagen\",\"isPartOf\":{\"@id\":\"https:\/\/solecentrodeimagen.com\/#website\"},\"primaryImageOfPage\":{\"@id\":\"https:\/\/solecentrodeimagen.com\/producto\/c-quence-3-35-ml\/#primaryimage\"},\"image\":{\"@id\":\"https:\/\/solecentrodeimagen.com\/producto\/c-quence-3-35-ml\/#primaryimage\"},\"thumbnailUrl\":\"https:\/\/solecentrodeimagen.com\/wp-content\/uploads\/2025\/01\/Environ-Youth-EssentiA-Vita-Peptide-C-Quence-Serum-3.webp\",\"datePublished\":\"2020-04-16T16:58:32+00:00\",\"dateModified\":\"2025-01-27T18:42:40+00:00\",\"breadcrumb\":{\"@id\":\"https:\/\/solecentrodeimagen.com\/producto\/c-quence-3-35-ml\/#breadcrumb\"},\"inLanguage\":\"en-US\",\"potentialAction\":[{\"@type\":\"ReadAction\",\"target\":[\"https:\/\/solecentrodeimagen.com\/producto\/c-quence-3-35-ml\/\"]}]},{\"@type\":\"ImageObject\",\"inLanguage\":\"en-US\",\"@id\":\"https:\/\/solecentrodeimagen.com\/producto\/c-quence-3-35-ml\/#primaryimage\",\"url\":\"https:\/\/solecentrodeimagen.com\/wp-content\/uploads\/2025\/01\/Environ-Youth-EssentiA-Vita-Peptide-C-Quence-Serum-3.webp\",\"contentUrl\":\"https:\/\/solecentrodeimagen.com\/wp-content\/uploads\/2025\/01\/Environ-Youth-EssentiA-Vita-Peptide-C-Quence-Serum-3.webp\",\"width\":823,\"height\":823},{\"@type\":\"BreadcrumbList\",\"@id\":\"https:\/\/solecentrodeimagen.com\/producto\/c-quence-3-35-ml\/#breadcrumb\",\"itemListElement\":[{\"@type\":\"ListItem\",\"position\":1,\"name\":\"Home\",\"item\":\"https:\/\/solecentrodeimagen.com\/\"},{\"@type\":\"ListItem\",\"position\":2,\"name\":\"Tienda\",\"item\":\"https:\/\/solecentrodeimagen.com\/tienda\/\"},{\"@type\":\"ListItem\",\"position\":3,\"name\":\"Youth EssentiA Vita-Peptide C-Quence Serum 3 35ml\"}]},{\"@type\":\"WebSite\",\"@id\":\"https:\/\/solecentrodeimagen.com\/#website\",\"url\":\"https:\/\/solecentrodeimagen.com\/\",\"name\":\"Sole Centro de Imagen\",\"description\":\"Centro Medicina Est\u00e9tica, Dermatolog\u00eda y Est\u00e9tica avanzada\",\"publisher\":{\"@id\":\"https:\/\/solecentrodeimagen.com\/#organization\"},\"potentialAction\":[{\"@type\":\"SearchAction\",\"target\":{\"@type\":\"EntryPoint\",\"urlTemplate\":\"https:\/\/solecentrodeimagen.com\/?s={search_term_string}\"},\"query-input\":{\"@type\":\"PropertyValueSpecification\",\"valueRequired\":true,\"valueName\":\"search_term_string\"}}],\"inLanguage\":\"en-US\"},{\"@type\":\"Organization\",\"@id\":\"https:\/\/solecentrodeimagen.com\/#organization\",\"name\":\"Sole Centro de Imagen Integral\",\"url\":\"https:\/\/solecentrodeimagen.com\/\",\"logo\":{\"@type\":\"ImageObject\",\"inLanguage\":\"en-US\",\"@id\":\"https:\/\/solecentrodeimagen.com\/#\/schema\/logo\/image\/\",\"url\":\"https:\/\/solecentrodeimagen.com\/wp-content\/uploads\/2016\/06\/logo-solecentromedico.png\",\"contentUrl\":\"https:\/\/solecentrodeimagen.com\/wp-content\/uploads\/2016\/06\/logo-solecentromedico.png\",\"width\":281,\"height\":96,\"caption\":\"Sole Centro de Imagen Integral\"},\"image\":{\"@id\":\"https:\/\/solecentrodeimagen.com\/#\/schema\/logo\/image\/\"},\"sameAs\":[\"http:\/\/www.facebook.com\/solecentrodeimagen\",\"http:\/\/www.instagram.com\/solecentrodeimagen\"]}]}<\/script>\n<!-- \/ Yoast SEO plugin. -->","yoast_head_json":{"title":"Youth EssentiA Vita-Peptide C-Quence Serum 3 35ml | Sole Centro de Imagen","robots":{"index":"index","follow":"follow","max-snippet":"max-snippet:-1","max-image-preview":"max-image-preview:large","max-video-preview":"max-video-preview:-1"},"canonical":"https:\/\/solecentrodeimagen.com\/producto\/c-quence-3-35-ml\/","og_locale":"en_US","og_type":"article","og_title":"Youth EssentiA Vita-Peptide C-Quence Serum 3 35ml | Sole Centro de Imagen","og_url":"https:\/\/solecentrodeimagen.com\/producto\/c-quence-3-35-ml\/","og_site_name":"Sole Centro de Imagen","article_publisher":"http:\/\/www.facebook.com\/solecentrodeimagen","article_modified_time":"2025-01-27T18:42:40+00:00","og_image":[{"width":823,"height":823,"url":"https:\/\/solecentrodeimagen.com\/wp-content\/uploads\/2025\/01\/Environ-Youth-EssentiA-Vita-Peptide-C-Quence-Serum-3.webp","type":"image\/webp"}],"twitter_card":"summary_large_image","twitter_misc":{"Est. reading time":"1 minute"},"schema":{"@context":"https:\/\/schema.org","@graph":[{"@type":"WebPage","@id":"https:\/\/solecentrodeimagen.com\/producto\/c-quence-3-35-ml\/","url":"https:\/\/solecentrodeimagen.com\/producto\/c-quence-3-35-ml\/","name":"Youth EssentiA Vita-Peptide C-Quence Serum 3 35ml | Sole Centro de Imagen","isPartOf":{"@id":"https:\/\/solecentrodeimagen.com\/#website"},"primaryImageOfPage":{"@id":"https:\/\/solecentrodeimagen.com\/producto\/c-quence-3-35-ml\/#primaryimage"},"image":{"@id":"https:\/\/solecentrodeimagen.com\/producto\/c-quence-3-35-ml\/#primaryimage"},"thumbnailUrl":"https:\/\/solecentrodeimagen.com\/wp-content\/uploads\/2025\/01\/Environ-Youth-EssentiA-Vita-Peptide-C-Quence-Serum-3.webp","datePublished":"2020-04-16T16:58:32+00:00","dateModified":"2025-01-27T18:42:40+00:00","breadcrumb":{"@id":"https:\/\/solecentrodeimagen.com\/producto\/c-quence-3-35-ml\/#breadcrumb"},"inLanguage":"en-US","potentialAction":[{"@type":"ReadAction","target":["https:\/\/solecentrodeimagen.com\/producto\/c-quence-3-35-ml\/"]}]},{"@type":"ImageObject","inLanguage":"en-US","@id":"https:\/\/solecentrodeimagen.com\/producto\/c-quence-3-35-ml\/#primaryimage","url":"https:\/\/solecentrodeimagen.com\/wp-content\/uploads\/2025\/01\/Environ-Youth-EssentiA-Vita-Peptide-C-Quence-Serum-3.webp","contentUrl":"https:\/\/solecentrodeimagen.com\/wp-content\/uploads\/2025\/01\/Environ-Youth-EssentiA-Vita-Peptide-C-Quence-Serum-3.webp","width":823,"height":823},{"@type":"BreadcrumbList","@id":"https:\/\/solecentrodeimagen.com\/producto\/c-quence-3-35-ml\/#breadcrumb","itemListElement":[{"@type":"ListItem","position":1,"name":"Home","item":"https:\/\/solecentrodeimagen.com\/"},{"@type":"ListItem","position":2,"name":"Tienda","item":"https:\/\/solecentrodeimagen.com\/tienda\/"},{"@type":"ListItem","position":3,"name":"Youth EssentiA Vita-Peptide C-Quence Serum 3 35ml"}]},{"@type":"WebSite","@id":"https:\/\/solecentrodeimagen.com\/#website","url":"https:\/\/solecentrodeimagen.com\/","name":"Sole Centro de Imagen","description":"Centro Medicina Est\u00e9tica, Dermatolog\u00eda y Est\u00e9tica avanzada","publisher":{"@id":"https:\/\/solecentrodeimagen.com\/#organization"},"potentialAction":[{"@type":"SearchAction","target":{"@type":"EntryPoint","urlTemplate":"https:\/\/solecentrodeimagen.com\/?s={search_term_string}"},"query-input":{"@type":"PropertyValueSpecification","valueRequired":true,"valueName":"search_term_string"}}],"inLanguage":"en-US"},{"@type":"Organization","@id":"https:\/\/solecentrodeimagen.com\/#organization","name":"Sole Centro de Imagen Integral","url":"https:\/\/solecentrodeimagen.com\/","logo":{"@type":"ImageObject","inLanguage":"en-US","@id":"https:\/\/solecentrodeimagen.com\/#\/schema\/logo\/image\/","url":"https:\/\/solecentrodeimagen.com\/wp-content\/uploads\/2016\/06\/logo-solecentromedico.png","contentUrl":"https:\/\/solecentrodeimagen.com\/wp-content\/uploads\/2016\/06\/logo-solecentromedico.png","width":281,"height":96,"caption":"Sole Centro de Imagen Integral"},"image":{"@id":"https:\/\/solecentrodeimagen.com\/#\/schema\/logo\/image\/"},"sameAs":["http:\/\/www.facebook.com\/solecentrodeimagen","http:\/\/www.instagram.com\/solecentrodeimagen"]}]}},"_links":{"self":[{"href":"https:\/\/solecentrodeimagen.com\/en\/wp-json\/wp\/v2\/product\/20370"}],"collection":[{"href":"https:\/\/solecentrodeimagen.com\/en\/wp-json\/wp\/v2\/product"}],"about":[{"href":"https:\/\/solecentrodeimagen.com\/en\/wp-json\/wp\/v2\/types\/product"}],"replies":[{"embeddable":true,"href":"https:\/\/solecentrodeimagen.com\/en\/wp-json\/wp\/v2\/comments?post=20370"}],"wp:featuredmedia":[{"embeddable":true,"href":"https:\/\/solecentrodeimagen.com\/en\/wp-json\/wp\/v2\/media\/22986"}],"wp:attachment":[{"href":"https:\/\/solecentrodeimagen.com\/en\/wp-json\/wp\/v2\/media?parent=20370"}],"wp:term":[{"taxonomy":"product_cat","embeddable":true,"href":"https:\/\/solecentrodeimagen.com\/en\/wp-json\/wp\/v2\/product_cat?post=20370"},{"taxonomy":"product_tag","embeddable":true,"href":"https:\/\/solecentrodeimagen.com\/en\/wp-json\/wp\/v2\/product_tag?post=20370"}],"curies":[{"name":"wp","href":"https:\/\/api.w.org\/{rel}","templated":true}]}}