{"id":20553,"date":"2020-04-18T17:49:58","date_gmt":"2020-04-18T15:49:58","guid":{"rendered":"https:\/\/solecentrodeimagen.com\/?post_type=product&#038;p=20553"},"modified":"2020-05-04T23:15:36","modified_gmt":"2020-05-04T21:15:36","slug":"bronce-impulse-uv-incellium-150ml","status":"publish","type":"product","link":"https:\/\/solecentrodeimagen.com\/en\/producto\/bronce-impulse-uv-incellium-150ml\/","title":{"rendered":"Esthederm Bronce Impulse UV Incellium 150ML."},"content":{"rendered":"<p>Bronz Impulse, es el primer gesto para una piel m\u00e1s resistente y un bronceado duradero. Prepara la piel, intensifica y prolonga el bronceado.\u00a0Refuerza las defensas naturales de la piel,\u00a0 su textura es agradable en los casos en\u00a0 que tu piel broncee al sol, puedes intensificar tu bronceado con Bronz Impulse.<\/p>\n<p>Apto para todo tipo de pieles, interesadas en broncear, o pieles fr\u00e1giles y sensibles que les cuesta broncear o tienen fragilidad o sensibilidad extrema al sol, el uso habitual de este producto refuerza la resistencia al sol, incluso prepara la piel previamente al sol para elevar la resistencia al eritema. Excepto en zonas con manchas pigmentarias y en rostro mujeres embarazadas.<\/p>\n<p>Modo de uso:<\/p>\n<p>Aplicar el spray en rostro y cuerpo. 7 d\u00edas antes de la exposici\u00f3n solar con la piel limpia. Durante la exposici\u00f3n solar, antes del protector solar elegido, siempre sobre la piel limpia.\u00a0Y al finalizar el d\u00eda, aplicar despu\u00e9s de la ducha como tratamiento habitual para prolongar el bronceado. Durante los meses de verano puede sustituir a tu crema hidratante corporal. As\u00ed ayudas a tu piel a mantener un bronceado sublime durante m\u00e1s tiempo.<\/p>\n","protected":false},"excerpt":{"rendered":"<p>Apto para todo tipo de pieles, interesadas en broncear, o pieles fr\u00e1giles y sensibles que les cuesta broncear o tienen fragilidad o sensibilidad extrema al sol, el uso habitual de este producto refuerza la resistencia al sol, incluso prepara la piel previamente al sol para elevar la resistencia al eritema. Excepto en zonas con manchas pigmentarias y en rostro mujeres embarazadas.<\/p>\n","protected":false},"featured_media":20554,"comment_status":"open","ping_status":"closed","template":"","meta":[],"product_cat":[186],"product_tag":[],"class_list":{"0":"post-20553","1":"product","2":"type-product","3":"status-publish","4":"has-post-thumbnail","6":"product_cat-esthederm","8":"first","9":"instock","10":"sale","11":"shipping-taxable","12":"purchasable","13":"product-type-simple"},"translation":{"provider":"WPGlobus","version":"3.0.0","language":"en","enabled_languages":["es","en","fr"],"languages":{"es":{"title":true,"content":true,"excerpt":true},"en":{"title":false,"content":false,"excerpt":false},"fr":{"title":false,"content":false,"excerpt":false}}},"yoast_head":"<!-- This site is optimized with the Yoast SEO plugin v23.5 - https:\/\/yoast.com\/wordpress\/plugins\/seo\/ -->\n<title>Esthederm Bronce Impulse UV Incellium 150ML. | Sole Centro de Imagen<\/title>\n<meta name=\"robots\" content=\"index, follow, max-snippet:-1, max-image-preview:large, max-video-preview:-1\" \/>\n<link rel=\"canonical\" href=\"https:\/\/solecentrodeimagen.com\/producto\/bronce-impulse-uv-incellium-150ml\/\" \/>\n<meta property=\"og:locale\" content=\"en_US\" \/>\n<meta property=\"og:type\" content=\"article\" \/>\n<meta property=\"og:title\" content=\"Esthederm Bronce Impulse UV Incellium 150ML. | Sole Centro de Imagen\" \/>\n<meta property=\"og:url\" content=\"https:\/\/solecentrodeimagen.com\/producto\/bronce-impulse-uv-incellium-150ml\/\" \/>\n<meta property=\"og:site_name\" content=\"Sole Centro de Imagen\" \/>\n<meta property=\"article:publisher\" content=\"http:\/\/www.facebook.com\/solecentrodeimagen\" \/>\n<meta property=\"article:modified_time\" content=\"2020-05-04T21:15:36+00:00\" \/>\n<meta property=\"og:image\" content=\"https:\/\/solecentrodeimagen.com\/wp-content\/uploads\/2020\/04\/bronz-impulse-uv.jpg\" \/>\n\t<meta property=\"og:image:width\" content=\"277\" \/>\n\t<meta property=\"og:image:height\" content=\"277\" \/>\n\t<meta property=\"og:image:type\" content=\"image\/jpeg\" \/>\n<meta name=\"twitter:card\" content=\"summary_large_image\" \/>\n<meta name=\"twitter:label1\" content=\"Est. reading time\" \/>\n\t<meta name=\"twitter:data1\" content=\"1 minute\" \/>\n<script type=\"application\/ld+json\" class=\"yoast-schema-graph\">{\"@context\":\"https:\/\/schema.org\",\"@graph\":[{\"@type\":\"WebPage\",\"@id\":\"https:\/\/solecentrodeimagen.com\/producto\/bronce-impulse-uv-incellium-150ml\/\",\"url\":\"https:\/\/solecentrodeimagen.com\/producto\/bronce-impulse-uv-incellium-150ml\/\",\"name\":\"Esthederm Bronce Impulse UV Incellium 150ML. | Sole Centro de Imagen\",\"isPartOf\":{\"@id\":\"https:\/\/solecentrodeimagen.com\/#website\"},\"primaryImageOfPage\":{\"@id\":\"https:\/\/solecentrodeimagen.com\/producto\/bronce-impulse-uv-incellium-150ml\/#primaryimage\"},\"image\":{\"@id\":\"https:\/\/solecentrodeimagen.com\/producto\/bronce-impulse-uv-incellium-150ml\/#primaryimage\"},\"thumbnailUrl\":\"https:\/\/solecentrodeimagen.com\/wp-content\/uploads\/2020\/04\/bronz-impulse-uv.jpg\",\"datePublished\":\"2020-04-18T15:49:58+00:00\",\"dateModified\":\"2020-05-04T21:15:36+00:00\",\"breadcrumb\":{\"@id\":\"https:\/\/solecentrodeimagen.com\/producto\/bronce-impulse-uv-incellium-150ml\/#breadcrumb\"},\"inLanguage\":\"en-US\",\"potentialAction\":[{\"@type\":\"ReadAction\",\"target\":[\"https:\/\/solecentrodeimagen.com\/producto\/bronce-impulse-uv-incellium-150ml\/\"]}]},{\"@type\":\"ImageObject\",\"inLanguage\":\"en-US\",\"@id\":\"https:\/\/solecentrodeimagen.com\/producto\/bronce-impulse-uv-incellium-150ml\/#primaryimage\",\"url\":\"https:\/\/solecentrodeimagen.com\/wp-content\/uploads\/2020\/04\/bronz-impulse-uv.jpg\",\"contentUrl\":\"https:\/\/solecentrodeimagen.com\/wp-content\/uploads\/2020\/04\/bronz-impulse-uv.jpg\",\"width\":277,\"height\":277},{\"@type\":\"BreadcrumbList\",\"@id\":\"https:\/\/solecentrodeimagen.com\/producto\/bronce-impulse-uv-incellium-150ml\/#breadcrumb\",\"itemListElement\":[{\"@type\":\"ListItem\",\"position\":1,\"name\":\"Home\",\"item\":\"https:\/\/solecentrodeimagen.com\/\"},{\"@type\":\"ListItem\",\"position\":2,\"name\":\"Tienda\",\"item\":\"https:\/\/solecentrodeimagen.com\/tienda\/\"},{\"@type\":\"ListItem\",\"position\":3,\"name\":\"Esthederm Bronce Impulse UV Incellium 150ML.\"}]},{\"@type\":\"WebSite\",\"@id\":\"https:\/\/solecentrodeimagen.com\/#website\",\"url\":\"https:\/\/solecentrodeimagen.com\/\",\"name\":\"Sole Centro de Imagen\",\"description\":\"Centro Medicina Est\u00e9tica, Dermatolog\u00eda y Est\u00e9tica avanzada\",\"publisher\":{\"@id\":\"https:\/\/solecentrodeimagen.com\/#organization\"},\"potentialAction\":[{\"@type\":\"SearchAction\",\"target\":{\"@type\":\"EntryPoint\",\"urlTemplate\":\"https:\/\/solecentrodeimagen.com\/?s={search_term_string}\"},\"query-input\":{\"@type\":\"PropertyValueSpecification\",\"valueRequired\":true,\"valueName\":\"search_term_string\"}}],\"inLanguage\":\"en-US\"},{\"@type\":\"Organization\",\"@id\":\"https:\/\/solecentrodeimagen.com\/#organization\",\"name\":\"Sole Centro de Imagen Integral\",\"url\":\"https:\/\/solecentrodeimagen.com\/\",\"logo\":{\"@type\":\"ImageObject\",\"inLanguage\":\"en-US\",\"@id\":\"https:\/\/solecentrodeimagen.com\/#\/schema\/logo\/image\/\",\"url\":\"https:\/\/solecentrodeimagen.com\/wp-content\/uploads\/2016\/06\/logo-solecentromedico.png\",\"contentUrl\":\"https:\/\/solecentrodeimagen.com\/wp-content\/uploads\/2016\/06\/logo-solecentromedico.png\",\"width\":281,\"height\":96,\"caption\":\"Sole Centro de Imagen Integral\"},\"image\":{\"@id\":\"https:\/\/solecentrodeimagen.com\/#\/schema\/logo\/image\/\"},\"sameAs\":[\"http:\/\/www.facebook.com\/solecentrodeimagen\",\"http:\/\/www.instagram.com\/solecentrodeimagen\"]}]}<\/script>\n<!-- \/ Yoast SEO plugin. -->","yoast_head_json":{"title":"Esthederm Bronce Impulse UV Incellium 150ML. | Sole Centro de Imagen","robots":{"index":"index","follow":"follow","max-snippet":"max-snippet:-1","max-image-preview":"max-image-preview:large","max-video-preview":"max-video-preview:-1"},"canonical":"https:\/\/solecentrodeimagen.com\/producto\/bronce-impulse-uv-incellium-150ml\/","og_locale":"en_US","og_type":"article","og_title":"Esthederm Bronce Impulse UV Incellium 150ML. | Sole Centro de Imagen","og_url":"https:\/\/solecentrodeimagen.com\/producto\/bronce-impulse-uv-incellium-150ml\/","og_site_name":"Sole Centro de Imagen","article_publisher":"http:\/\/www.facebook.com\/solecentrodeimagen","article_modified_time":"2020-05-04T21:15:36+00:00","og_image":[{"width":277,"height":277,"url":"https:\/\/solecentrodeimagen.com\/wp-content\/uploads\/2020\/04\/bronz-impulse-uv.jpg","type":"image\/jpeg"}],"twitter_card":"summary_large_image","twitter_misc":{"Est. reading time":"1 minute"},"schema":{"@context":"https:\/\/schema.org","@graph":[{"@type":"WebPage","@id":"https:\/\/solecentrodeimagen.com\/producto\/bronce-impulse-uv-incellium-150ml\/","url":"https:\/\/solecentrodeimagen.com\/producto\/bronce-impulse-uv-incellium-150ml\/","name":"Esthederm Bronce Impulse UV Incellium 150ML. | Sole Centro de Imagen","isPartOf":{"@id":"https:\/\/solecentrodeimagen.com\/#website"},"primaryImageOfPage":{"@id":"https:\/\/solecentrodeimagen.com\/producto\/bronce-impulse-uv-incellium-150ml\/#primaryimage"},"image":{"@id":"https:\/\/solecentrodeimagen.com\/producto\/bronce-impulse-uv-incellium-150ml\/#primaryimage"},"thumbnailUrl":"https:\/\/solecentrodeimagen.com\/wp-content\/uploads\/2020\/04\/bronz-impulse-uv.jpg","datePublished":"2020-04-18T15:49:58+00:00","dateModified":"2020-05-04T21:15:36+00:00","breadcrumb":{"@id":"https:\/\/solecentrodeimagen.com\/producto\/bronce-impulse-uv-incellium-150ml\/#breadcrumb"},"inLanguage":"en-US","potentialAction":[{"@type":"ReadAction","target":["https:\/\/solecentrodeimagen.com\/producto\/bronce-impulse-uv-incellium-150ml\/"]}]},{"@type":"ImageObject","inLanguage":"en-US","@id":"https:\/\/solecentrodeimagen.com\/producto\/bronce-impulse-uv-incellium-150ml\/#primaryimage","url":"https:\/\/solecentrodeimagen.com\/wp-content\/uploads\/2020\/04\/bronz-impulse-uv.jpg","contentUrl":"https:\/\/solecentrodeimagen.com\/wp-content\/uploads\/2020\/04\/bronz-impulse-uv.jpg","width":277,"height":277},{"@type":"BreadcrumbList","@id":"https:\/\/solecentrodeimagen.com\/producto\/bronce-impulse-uv-incellium-150ml\/#breadcrumb","itemListElement":[{"@type":"ListItem","position":1,"name":"Home","item":"https:\/\/solecentrodeimagen.com\/"},{"@type":"ListItem","position":2,"name":"Tienda","item":"https:\/\/solecentrodeimagen.com\/tienda\/"},{"@type":"ListItem","position":3,"name":"Esthederm Bronce Impulse UV Incellium 150ML."}]},{"@type":"WebSite","@id":"https:\/\/solecentrodeimagen.com\/#website","url":"https:\/\/solecentrodeimagen.com\/","name":"Sole Centro de Imagen","description":"Centro Medicina Est\u00e9tica, Dermatolog\u00eda y Est\u00e9tica avanzada","publisher":{"@id":"https:\/\/solecentrodeimagen.com\/#organization"},"potentialAction":[{"@type":"SearchAction","target":{"@type":"EntryPoint","urlTemplate":"https:\/\/solecentrodeimagen.com\/?s={search_term_string}"},"query-input":{"@type":"PropertyValueSpecification","valueRequired":true,"valueName":"search_term_string"}}],"inLanguage":"en-US"},{"@type":"Organization","@id":"https:\/\/solecentrodeimagen.com\/#organization","name":"Sole Centro de Imagen Integral","url":"https:\/\/solecentrodeimagen.com\/","logo":{"@type":"ImageObject","inLanguage":"en-US","@id":"https:\/\/solecentrodeimagen.com\/#\/schema\/logo\/image\/","url":"https:\/\/solecentrodeimagen.com\/wp-content\/uploads\/2016\/06\/logo-solecentromedico.png","contentUrl":"https:\/\/solecentrodeimagen.com\/wp-content\/uploads\/2016\/06\/logo-solecentromedico.png","width":281,"height":96,"caption":"Sole Centro de Imagen Integral"},"image":{"@id":"https:\/\/solecentrodeimagen.com\/#\/schema\/logo\/image\/"},"sameAs":["http:\/\/www.facebook.com\/solecentrodeimagen","http:\/\/www.instagram.com\/solecentrodeimagen"]}]}},"_links":{"self":[{"href":"https:\/\/solecentrodeimagen.com\/en\/wp-json\/wp\/v2\/product\/20553"}],"collection":[{"href":"https:\/\/solecentrodeimagen.com\/en\/wp-json\/wp\/v2\/product"}],"about":[{"href":"https:\/\/solecentrodeimagen.com\/en\/wp-json\/wp\/v2\/types\/product"}],"replies":[{"embeddable":true,"href":"https:\/\/solecentrodeimagen.com\/en\/wp-json\/wp\/v2\/comments?post=20553"}],"wp:featuredmedia":[{"embeddable":true,"href":"https:\/\/solecentrodeimagen.com\/en\/wp-json\/wp\/v2\/media\/20554"}],"wp:attachment":[{"href":"https:\/\/solecentrodeimagen.com\/en\/wp-json\/wp\/v2\/media?parent=20553"}],"wp:term":[{"taxonomy":"product_cat","embeddable":true,"href":"https:\/\/solecentrodeimagen.com\/en\/wp-json\/wp\/v2\/product_cat?post=20553"},{"taxonomy":"product_tag","embeddable":true,"href":"https:\/\/solecentrodeimagen.com\/en\/wp-json\/wp\/v2\/product_tag?post=20553"}],"curies":[{"name":"wp","href":"https:\/\/api.w.org\/{rel}","templated":true}]}}