{"id":20576,"date":"2020-04-18T19:13:32","date_gmt":"2020-04-18T17:13:32","guid":{"rendered":"https:\/\/solecentrodeimagen.com\/?post_type=product&#038;p=20576"},"modified":"2024-08-07T11:30:19","modified_gmt":"2024-08-07T09:30:19","slug":"adaptasun-merytropiques-200ml","status":"publish","type":"product","link":"https:\/\/solecentrodeimagen.com\/en\/producto\/adaptasun-merytropiques-200ml\/","title":{"rendered":"Esthederm Adaptasun Mer y Tropiques Sol Fuerte Leche Corporal 200ML."},"content":{"rendered":"<p>Adaptasun mar y tropicos.<\/p>\n<p>Tratamiento solar para un bronceado r\u00e1pido y seguro.<\/p>\n<ul>\n<li>Facilita el bronceado natural y sin da\u00f1ar la piel por lo que la mantiene sana mientras disfrutas del sol.<\/li>\n<li>Gracias a la patente Adaptasun, la piel se adapta r\u00e1pidamente al sol, te bronceas m\u00e1s r\u00e1pido en menos tiempo, por lo que el da\u00f1o solar en la piel es mucho menor.<\/li>\n<li>El resultado es un bronceado sublime y duradero. Y adem\u00e1s, una piel m\u00e1s luminosa e hidratada.<\/li>\n<\/ul>\n<p>&nbsp;<\/p>\n<p>Adaptasun corporal es una textura en leche suave y delicada , tiene varios factores de protecci\u00f3n de dos o tres soles,2 soles es para una protecci\u00f3n frente a un sol moderado, durante el verano. Te aconsejamos evitar las horas donde el sol est\u00e1 en su punto m\u00e1s alto ( de 12 h a 17 h).<\/p>\n<div class=\"product-essential\">\n<form id=\"product_addtocart_form\" action=\"https:\/\/www.esthederm.com\/es\/checkout\/cart\/add\/uenc\/aHR0cHM6Ly93d3cuZXN0aGVkZXJtLmNvbS9lcy90cmF0YW1pZW50b3Mtc29sYXJlcy9wb3ItZ2FtYS9hZGFwdGFzdW4vbGVjaGUtY29ycG9yYWwuaHRtbD9fX19TSUQ9VQ,,\/product\/21\/form_key\/A1MRTlb219uDvU3z\/\" method=\"post\">\n<div class=\"product-shop\">\n<div class=\"product-description\">\n<div class=\"std\">\n<div class=\"product-collateral toggle-content tabs\">\n<dl class=\"collateral-tabs\">\n<dd class=\"tab-container current\">\n<div class=\"tab-content\">Ideal para pieles j\u00f3venes que tienen la piel sana sin manchas y quieren broncear el cuerpo sin dejar de estar protegidas.<\/div>\n<div>Aplicar sobre la piel del cuerpo 20 minutos antes de la exposici\u00f3n solar y renovar la aplicaci\u00f3n despu\u00e9s de cada ba\u00f1o y cada 2 horas.<\/div>\n<\/dd>\n<\/dl>\n<\/div>\n<\/div>\n<\/div>\n<\/div>\n<\/form>\n<\/div>\n<div class=\"product-collateral toggle-content tabs\"><\/div>\n<p>Una piel bronceada, con un moreno dorado, homog\u00e9neo y r\u00e1pido. Sin da\u00f1o cut\u00e1neo, tu piel est\u00e1 siempre protegida y reparada frente el fotoenvejecimiento.<\/p>\n","protected":false},"excerpt":{"rendered":"<p>Tratamiento solar para un bronceado r\u00e1pido y seguro.<\/p>\n<ul>\n<li>Facilita el bronceado natural y sin da\u00f1ar la piel por lo que la mantiene sana mientras disfrutas del sol.<\/li>\n<li>Gracias a la patente Adaptasun, la piel se adapta r\u00e1pidamente al sol, te bronceas m\u00e1s r\u00e1pido en menos tiempo, por lo que el da\u00f1o solar en la piel es mucho menor.<\/li>\n<\/ul>\n<p>Te aconsejamos evitar las horas donde el sol est\u00e1 en su punto m\u00e1s alto ( de 12 h a 17 h).<\/p>\n<div class=\"product-essential\">\n<form id=\"product_addtocart_form\" action=\"https:\/\/www.esthederm.com\/es\/checkout\/cart\/add\/uenc\/aHR0cHM6Ly93d3cuZXN0aGVkZXJtLmNvbS9lcy90cmF0YW1pZW50b3Mtc29sYXJlcy9wb3ItZ2FtYS9hZGFwdGFzdW4vbGVjaGUtY29ycG9yYWwuaHRtbD9fX19TSUQ9VQ,,\/product\/21\/form_key\/A1MRTlb219uDvU3z\/\" method=\"post\">\n<div class=\"product-shop\">\n<div class=\"product-description\">\n<div class=\"std\">\n<div class=\"product-collateral toggle-content tabs\">\n<dl class=\"collateral-tabs\">\n<dd class=\"tab-container current\">\n<div class=\"tab-content\">Ideal para pieles j\u00f3venes que tienen la piel sana sin manchas y quieren broncear el cuerpo sin dejar de estar protegidas.<\/div>\n<div>Aplicar sobre la piel del cuerpo 20 minutos antes de la exposici\u00f3n solar y renovar la aplicaci\u00f3n despu\u00e9s de cada ba\u00f1o y cada 2 horas.<\/div>\n<\/dd>\n<\/dl>\n<\/div>\n<\/div>\n<\/div>\n<\/div>\n<\/form>\n<\/div>\n","protected":false},"featured_media":20578,"comment_status":"open","ping_status":"closed","template":"","meta":[],"product_cat":[186],"product_tag":[],"class_list":{"0":"post-20576","1":"product","2":"type-product","3":"status-publish","4":"has-post-thumbnail","6":"product_cat-esthederm","8":"first","9":"instock","10":"sale","11":"taxable","12":"shipping-taxable","13":"purchasable","14":"product-type-simple"},"translation":{"provider":"WPGlobus","version":"3.0.0","language":"en","enabled_languages":["es","en","fr"],"languages":{"es":{"title":true,"content":true,"excerpt":true},"en":{"title":false,"content":false,"excerpt":false},"fr":{"title":false,"content":false,"excerpt":false}}},"yoast_head":"<!-- This site is optimized with the Yoast SEO plugin v23.5 - https:\/\/yoast.com\/wordpress\/plugins\/seo\/ -->\n<title>Esthederm Adaptasun Mer y Tropiques Sol Fuerte Leche Corporal 200ML. | Sole Centro de Imagen<\/title>\n<meta name=\"robots\" content=\"index, follow, max-snippet:-1, max-image-preview:large, max-video-preview:-1\" \/>\n<link rel=\"canonical\" href=\"https:\/\/solecentrodeimagen.com\/producto\/adaptasun-merytropiques-200ml\/\" \/>\n<meta property=\"og:locale\" content=\"en_US\" \/>\n<meta property=\"og:type\" content=\"article\" \/>\n<meta property=\"og:title\" content=\"Esthederm Adaptasun Mer y Tropiques Sol Fuerte Leche Corporal 200ML. | Sole Centro de Imagen\" \/>\n<meta property=\"og:url\" content=\"https:\/\/solecentrodeimagen.com\/producto\/adaptasun-merytropiques-200ml\/\" \/>\n<meta property=\"og:site_name\" content=\"Sole Centro de Imagen\" \/>\n<meta property=\"article:publisher\" content=\"http:\/\/www.facebook.com\/solecentrodeimagen\" \/>\n<meta property=\"article:modified_time\" content=\"2024-08-07T09:30:19+00:00\" \/>\n<meta property=\"og:image\" content=\"https:\/\/solecentrodeimagen.com\/wp-content\/uploads\/2020\/04\/ADAPTASUM-CORPORAL-ESTHEDERM.jpg\" \/>\n\t<meta property=\"og:image:width\" content=\"277\" \/>\n\t<meta property=\"og:image:height\" content=\"277\" \/>\n\t<meta property=\"og:image:type\" content=\"image\/jpeg\" \/>\n<meta name=\"twitter:card\" content=\"summary_large_image\" \/>\n<meta name=\"twitter:label1\" content=\"Est. reading time\" \/>\n\t<meta name=\"twitter:data1\" content=\"2 minutes\" \/>\n<script type=\"application\/ld+json\" class=\"yoast-schema-graph\">{\"@context\":\"https:\/\/schema.org\",\"@graph\":[{\"@type\":\"WebPage\",\"@id\":\"https:\/\/solecentrodeimagen.com\/producto\/adaptasun-merytropiques-200ml\/\",\"url\":\"https:\/\/solecentrodeimagen.com\/producto\/adaptasun-merytropiques-200ml\/\",\"name\":\"Esthederm Adaptasun Mer y Tropiques Sol Fuerte Leche Corporal 200ML. | Sole Centro de Imagen\",\"isPartOf\":{\"@id\":\"https:\/\/solecentrodeimagen.com\/#website\"},\"primaryImageOfPage\":{\"@id\":\"https:\/\/solecentrodeimagen.com\/producto\/adaptasun-merytropiques-200ml\/#primaryimage\"},\"image\":{\"@id\":\"https:\/\/solecentrodeimagen.com\/producto\/adaptasun-merytropiques-200ml\/#primaryimage\"},\"thumbnailUrl\":\"https:\/\/solecentrodeimagen.com\/wp-content\/uploads\/2020\/04\/ADAPTASUM-CORPORAL-ESTHEDERM.jpg\",\"datePublished\":\"2020-04-18T17:13:32+00:00\",\"dateModified\":\"2024-08-07T09:30:19+00:00\",\"breadcrumb\":{\"@id\":\"https:\/\/solecentrodeimagen.com\/producto\/adaptasun-merytropiques-200ml\/#breadcrumb\"},\"inLanguage\":\"en-US\",\"potentialAction\":[{\"@type\":\"ReadAction\",\"target\":[\"https:\/\/solecentrodeimagen.com\/producto\/adaptasun-merytropiques-200ml\/\"]}]},{\"@type\":\"ImageObject\",\"inLanguage\":\"en-US\",\"@id\":\"https:\/\/solecentrodeimagen.com\/producto\/adaptasun-merytropiques-200ml\/#primaryimage\",\"url\":\"https:\/\/solecentrodeimagen.com\/wp-content\/uploads\/2020\/04\/ADAPTASUM-CORPORAL-ESTHEDERM.jpg\",\"contentUrl\":\"https:\/\/solecentrodeimagen.com\/wp-content\/uploads\/2020\/04\/ADAPTASUM-CORPORAL-ESTHEDERM.jpg\",\"width\":277,\"height\":277},{\"@type\":\"BreadcrumbList\",\"@id\":\"https:\/\/solecentrodeimagen.com\/producto\/adaptasun-merytropiques-200ml\/#breadcrumb\",\"itemListElement\":[{\"@type\":\"ListItem\",\"position\":1,\"name\":\"Home\",\"item\":\"https:\/\/solecentrodeimagen.com\/\"},{\"@type\":\"ListItem\",\"position\":2,\"name\":\"Tienda\",\"item\":\"https:\/\/solecentrodeimagen.com\/tienda\/\"},{\"@type\":\"ListItem\",\"position\":3,\"name\":\"Esthederm Adaptasun Mer y Tropiques Sol Fuerte Leche Corporal 200ML.\"}]},{\"@type\":\"WebSite\",\"@id\":\"https:\/\/solecentrodeimagen.com\/#website\",\"url\":\"https:\/\/solecentrodeimagen.com\/\",\"name\":\"Sole Centro de Imagen\",\"description\":\"Centro Medicina Est\u00e9tica, Dermatolog\u00eda y Est\u00e9tica avanzada\",\"publisher\":{\"@id\":\"https:\/\/solecentrodeimagen.com\/#organization\"},\"potentialAction\":[{\"@type\":\"SearchAction\",\"target\":{\"@type\":\"EntryPoint\",\"urlTemplate\":\"https:\/\/solecentrodeimagen.com\/?s={search_term_string}\"},\"query-input\":{\"@type\":\"PropertyValueSpecification\",\"valueRequired\":true,\"valueName\":\"search_term_string\"}}],\"inLanguage\":\"en-US\"},{\"@type\":\"Organization\",\"@id\":\"https:\/\/solecentrodeimagen.com\/#organization\",\"name\":\"Sole Centro de Imagen Integral\",\"url\":\"https:\/\/solecentrodeimagen.com\/\",\"logo\":{\"@type\":\"ImageObject\",\"inLanguage\":\"en-US\",\"@id\":\"https:\/\/solecentrodeimagen.com\/#\/schema\/logo\/image\/\",\"url\":\"https:\/\/solecentrodeimagen.com\/wp-content\/uploads\/2016\/06\/logo-solecentromedico.png\",\"contentUrl\":\"https:\/\/solecentrodeimagen.com\/wp-content\/uploads\/2016\/06\/logo-solecentromedico.png\",\"width\":281,\"height\":96,\"caption\":\"Sole Centro de Imagen Integral\"},\"image\":{\"@id\":\"https:\/\/solecentrodeimagen.com\/#\/schema\/logo\/image\/\"},\"sameAs\":[\"http:\/\/www.facebook.com\/solecentrodeimagen\",\"http:\/\/www.instagram.com\/solecentrodeimagen\"]}]}<\/script>\n<!-- \/ Yoast SEO plugin. -->","yoast_head_json":{"title":"Esthederm Adaptasun Mer y Tropiques Sol Fuerte Leche Corporal 200ML. | Sole Centro de Imagen","robots":{"index":"index","follow":"follow","max-snippet":"max-snippet:-1","max-image-preview":"max-image-preview:large","max-video-preview":"max-video-preview:-1"},"canonical":"https:\/\/solecentrodeimagen.com\/producto\/adaptasun-merytropiques-200ml\/","og_locale":"en_US","og_type":"article","og_title":"Esthederm Adaptasun Mer y Tropiques Sol Fuerte Leche Corporal 200ML. | Sole Centro de Imagen","og_url":"https:\/\/solecentrodeimagen.com\/producto\/adaptasun-merytropiques-200ml\/","og_site_name":"Sole Centro de Imagen","article_publisher":"http:\/\/www.facebook.com\/solecentrodeimagen","article_modified_time":"2024-08-07T09:30:19+00:00","og_image":[{"width":277,"height":277,"url":"https:\/\/solecentrodeimagen.com\/wp-content\/uploads\/2020\/04\/ADAPTASUM-CORPORAL-ESTHEDERM.jpg","type":"image\/jpeg"}],"twitter_card":"summary_large_image","twitter_misc":{"Est. reading time":"2 minutes"},"schema":{"@context":"https:\/\/schema.org","@graph":[{"@type":"WebPage","@id":"https:\/\/solecentrodeimagen.com\/producto\/adaptasun-merytropiques-200ml\/","url":"https:\/\/solecentrodeimagen.com\/producto\/adaptasun-merytropiques-200ml\/","name":"Esthederm Adaptasun Mer y Tropiques Sol Fuerte Leche Corporal 200ML. | Sole Centro de Imagen","isPartOf":{"@id":"https:\/\/solecentrodeimagen.com\/#website"},"primaryImageOfPage":{"@id":"https:\/\/solecentrodeimagen.com\/producto\/adaptasun-merytropiques-200ml\/#primaryimage"},"image":{"@id":"https:\/\/solecentrodeimagen.com\/producto\/adaptasun-merytropiques-200ml\/#primaryimage"},"thumbnailUrl":"https:\/\/solecentrodeimagen.com\/wp-content\/uploads\/2020\/04\/ADAPTASUM-CORPORAL-ESTHEDERM.jpg","datePublished":"2020-04-18T17:13:32+00:00","dateModified":"2024-08-07T09:30:19+00:00","breadcrumb":{"@id":"https:\/\/solecentrodeimagen.com\/producto\/adaptasun-merytropiques-200ml\/#breadcrumb"},"inLanguage":"en-US","potentialAction":[{"@type":"ReadAction","target":["https:\/\/solecentrodeimagen.com\/producto\/adaptasun-merytropiques-200ml\/"]}]},{"@type":"ImageObject","inLanguage":"en-US","@id":"https:\/\/solecentrodeimagen.com\/producto\/adaptasun-merytropiques-200ml\/#primaryimage","url":"https:\/\/solecentrodeimagen.com\/wp-content\/uploads\/2020\/04\/ADAPTASUM-CORPORAL-ESTHEDERM.jpg","contentUrl":"https:\/\/solecentrodeimagen.com\/wp-content\/uploads\/2020\/04\/ADAPTASUM-CORPORAL-ESTHEDERM.jpg","width":277,"height":277},{"@type":"BreadcrumbList","@id":"https:\/\/solecentrodeimagen.com\/producto\/adaptasun-merytropiques-200ml\/#breadcrumb","itemListElement":[{"@type":"ListItem","position":1,"name":"Home","item":"https:\/\/solecentrodeimagen.com\/"},{"@type":"ListItem","position":2,"name":"Tienda","item":"https:\/\/solecentrodeimagen.com\/tienda\/"},{"@type":"ListItem","position":3,"name":"Esthederm Adaptasun Mer y Tropiques Sol Fuerte Leche Corporal 200ML."}]},{"@type":"WebSite","@id":"https:\/\/solecentrodeimagen.com\/#website","url":"https:\/\/solecentrodeimagen.com\/","name":"Sole Centro de Imagen","description":"Centro Medicina Est\u00e9tica, Dermatolog\u00eda y Est\u00e9tica avanzada","publisher":{"@id":"https:\/\/solecentrodeimagen.com\/#organization"},"potentialAction":[{"@type":"SearchAction","target":{"@type":"EntryPoint","urlTemplate":"https:\/\/solecentrodeimagen.com\/?s={search_term_string}"},"query-input":{"@type":"PropertyValueSpecification","valueRequired":true,"valueName":"search_term_string"}}],"inLanguage":"en-US"},{"@type":"Organization","@id":"https:\/\/solecentrodeimagen.com\/#organization","name":"Sole Centro de Imagen Integral","url":"https:\/\/solecentrodeimagen.com\/","logo":{"@type":"ImageObject","inLanguage":"en-US","@id":"https:\/\/solecentrodeimagen.com\/#\/schema\/logo\/image\/","url":"https:\/\/solecentrodeimagen.com\/wp-content\/uploads\/2016\/06\/logo-solecentromedico.png","contentUrl":"https:\/\/solecentrodeimagen.com\/wp-content\/uploads\/2016\/06\/logo-solecentromedico.png","width":281,"height":96,"caption":"Sole Centro de Imagen Integral"},"image":{"@id":"https:\/\/solecentrodeimagen.com\/#\/schema\/logo\/image\/"},"sameAs":["http:\/\/www.facebook.com\/solecentrodeimagen","http:\/\/www.instagram.com\/solecentrodeimagen"]}]}},"_links":{"self":[{"href":"https:\/\/solecentrodeimagen.com\/en\/wp-json\/wp\/v2\/product\/20576"}],"collection":[{"href":"https:\/\/solecentrodeimagen.com\/en\/wp-json\/wp\/v2\/product"}],"about":[{"href":"https:\/\/solecentrodeimagen.com\/en\/wp-json\/wp\/v2\/types\/product"}],"replies":[{"embeddable":true,"href":"https:\/\/solecentrodeimagen.com\/en\/wp-json\/wp\/v2\/comments?post=20576"}],"wp:featuredmedia":[{"embeddable":true,"href":"https:\/\/solecentrodeimagen.com\/en\/wp-json\/wp\/v2\/media\/20578"}],"wp:attachment":[{"href":"https:\/\/solecentrodeimagen.com\/en\/wp-json\/wp\/v2\/media?parent=20576"}],"wp:term":[{"taxonomy":"product_cat","embeddable":true,"href":"https:\/\/solecentrodeimagen.com\/en\/wp-json\/wp\/v2\/product_cat?post=20576"},{"taxonomy":"product_tag","embeddable":true,"href":"https:\/\/solecentrodeimagen.com\/en\/wp-json\/wp\/v2\/product_tag?post=20576"}],"curies":[{"name":"wp","href":"https:\/\/api.w.org\/{rel}","templated":true}]}}