{"id":20586,"date":"2020-04-18T20:35:58","date_gmt":"2020-04-18T18:35:58","guid":{"rendered":"https:\/\/solecentrodeimagen.com\/?post_type=product&#038;p=20586"},"modified":"2024-08-07T11:04:17","modified_gmt":"2024-08-07T09:04:17","slug":"aceite-solar-soles-150-ml-2","status":"publish","type":"product","link":"https:\/\/solecentrodeimagen.com\/en\/producto\/aceite-solar-soles-150-ml-2\/","title":{"rendered":"Esthederm Aceite Solar Sol Moderado L&#8217;Huile Solaire 150 ML"},"content":{"rendered":"<p>Aceite Solar para cuerpo y cabello que tiene una protecci\u00f3n para combatir el fotoenvejecimiento producido por los rayos UVA que agreden a las dermis. Tiene una\u00a0 textura es suave dejando un efecto sedoso en la piel. Este tratamiento es ideal para todas aquellas pieles que deseen combinar protecci\u00f3n y bronceado, cuidando siempre la juventud de la piel. Aceite seco sin siliconas ni alcohol.<\/p>\n<ul>\n<li>Sol Moderado: exposci\u00f3n durante el verano, excepto de 12 a 14 h.<\/li>\n<li>Sol Fuerte: exposici\u00f3n prolongada durante el verano, y en alta monta\u00f1a, tr\u00f3picos y barco.<\/li>\n<li>Vaporizar sobre cuerpo y cabello 20 min. Antes de la exposici\u00f3n solar y renovar la aplicaci\u00f3n cada 2 horas.<\/li>\n<\/ul>\n","protected":false},"excerpt":{"rendered":"<p>Aceite Solar para cuerpo y cabello tiene una protecci\u00f3n para combatir el foto envejecimiento producido por los rayos UVA. Su\u00a0 textura es suave dejando un efecto sedoso en la piel. Este tratamiento es ideal para todas aquellas pieles que deseen combinar protecci\u00f3n y bronceado, cuidando siempre la juventud de la piel. Aceite seco sin siliconas ni alcohol.<\/p>\n<ul>\n<li>Sol Moderado: exposici\u00f3n durante el verano, excepto de 12 a 14 h.<\/li>\n<li>Sol Fuerte: exposici\u00f3n prolongada durante el verano, y en alta monta\u00f1a, tr\u00f3picos y barco.<\/li>\n<li>Vaporizar sobre cuerpo y cabello 20 min. Antes de la exposici\u00f3n solar y renovar la aplicaci\u00f3n cada 2 horas.<\/li>\n<\/ul>\n","protected":false},"featured_media":20585,"comment_status":"open","ping_status":"closed","template":"","meta":[],"product_cat":[186],"product_tag":[],"class_list":{"0":"post-20586","1":"product","2":"type-product","3":"status-publish","4":"has-post-thumbnail","6":"product_cat-esthederm","8":"first","9":"instock","10":"sale","11":"taxable","12":"shipping-taxable","13":"purchasable","14":"product-type-simple"},"translation":{"provider":"WPGlobus","version":"3.0.0","language":"en","enabled_languages":["es","en","fr"],"languages":{"es":{"title":true,"content":true,"excerpt":true},"en":{"title":false,"content":false,"excerpt":false},"fr":{"title":false,"content":false,"excerpt":false}}},"yoast_head":"<!-- This site is optimized with the Yoast SEO plugin v23.5 - https:\/\/yoast.com\/wordpress\/plugins\/seo\/ -->\n<title>Esthederm Aceite Solar Sol Moderado L&#039;Huile Solaire 150 ML | Sole Centro de Imagen<\/title>\n<meta name=\"robots\" content=\"index, follow, max-snippet:-1, max-image-preview:large, max-video-preview:-1\" \/>\n<link rel=\"canonical\" href=\"https:\/\/solecentrodeimagen.com\/producto\/aceite-solar-soles-150-ml-2\/\" \/>\n<meta property=\"og:locale\" content=\"en_US\" \/>\n<meta property=\"og:type\" content=\"article\" \/>\n<meta property=\"og:title\" content=\"Esthederm Aceite Solar Sol Moderado L&#039;Huile Solaire 150 ML | Sole Centro de Imagen\" \/>\n<meta property=\"og:url\" content=\"https:\/\/solecentrodeimagen.com\/producto\/aceite-solar-soles-150-ml-2\/\" \/>\n<meta property=\"og:site_name\" content=\"Sole Centro de Imagen\" \/>\n<meta property=\"article:publisher\" content=\"http:\/\/www.facebook.com\/solecentrodeimagen\" \/>\n<meta property=\"article:modified_time\" content=\"2024-08-07T09:04:17+00:00\" \/>\n<meta property=\"og:image\" content=\"https:\/\/solecentrodeimagen.com\/wp-content\/uploads\/2020\/04\/ADAPTASUM-ACEITE-DOS-ESTHEDERM.jpg\" \/>\n\t<meta property=\"og:image:width\" content=\"250\" \/>\n\t<meta property=\"og:image:height\" content=\"250\" \/>\n\t<meta property=\"og:image:type\" content=\"image\/jpeg\" \/>\n<meta name=\"twitter:card\" content=\"summary_large_image\" \/>\n<meta name=\"twitter:label1\" content=\"Est. reading time\" \/>\n\t<meta name=\"twitter:data1\" content=\"1 minute\" \/>\n<script type=\"application\/ld+json\" class=\"yoast-schema-graph\">{\"@context\":\"https:\/\/schema.org\",\"@graph\":[{\"@type\":\"WebPage\",\"@id\":\"https:\/\/solecentrodeimagen.com\/producto\/aceite-solar-soles-150-ml-2\/\",\"url\":\"https:\/\/solecentrodeimagen.com\/producto\/aceite-solar-soles-150-ml-2\/\",\"name\":\"Esthederm Aceite Solar Sol Moderado L'Huile Solaire 150 ML | Sole Centro de Imagen\",\"isPartOf\":{\"@id\":\"https:\/\/solecentrodeimagen.com\/#website\"},\"primaryImageOfPage\":{\"@id\":\"https:\/\/solecentrodeimagen.com\/producto\/aceite-solar-soles-150-ml-2\/#primaryimage\"},\"image\":{\"@id\":\"https:\/\/solecentrodeimagen.com\/producto\/aceite-solar-soles-150-ml-2\/#primaryimage\"},\"thumbnailUrl\":\"https:\/\/solecentrodeimagen.com\/wp-content\/uploads\/2020\/04\/ADAPTASUM-ACEITE-DOS-ESTHEDERM.jpg\",\"datePublished\":\"2020-04-18T18:35:58+00:00\",\"dateModified\":\"2024-08-07T09:04:17+00:00\",\"breadcrumb\":{\"@id\":\"https:\/\/solecentrodeimagen.com\/producto\/aceite-solar-soles-150-ml-2\/#breadcrumb\"},\"inLanguage\":\"en-US\",\"potentialAction\":[{\"@type\":\"ReadAction\",\"target\":[\"https:\/\/solecentrodeimagen.com\/producto\/aceite-solar-soles-150-ml-2\/\"]}]},{\"@type\":\"ImageObject\",\"inLanguage\":\"en-US\",\"@id\":\"https:\/\/solecentrodeimagen.com\/producto\/aceite-solar-soles-150-ml-2\/#primaryimage\",\"url\":\"https:\/\/solecentrodeimagen.com\/wp-content\/uploads\/2020\/04\/ADAPTASUM-ACEITE-DOS-ESTHEDERM.jpg\",\"contentUrl\":\"https:\/\/solecentrodeimagen.com\/wp-content\/uploads\/2020\/04\/ADAPTASUM-ACEITE-DOS-ESTHEDERM.jpg\",\"width\":250,\"height\":250},{\"@type\":\"BreadcrumbList\",\"@id\":\"https:\/\/solecentrodeimagen.com\/producto\/aceite-solar-soles-150-ml-2\/#breadcrumb\",\"itemListElement\":[{\"@type\":\"ListItem\",\"position\":1,\"name\":\"Home\",\"item\":\"https:\/\/solecentrodeimagen.com\/\"},{\"@type\":\"ListItem\",\"position\":2,\"name\":\"Tienda\",\"item\":\"https:\/\/solecentrodeimagen.com\/tienda\/\"},{\"@type\":\"ListItem\",\"position\":3,\"name\":\"Esthederm Aceite Solar Sol Moderado L&#8217;Huile Solaire 150 ML\"}]},{\"@type\":\"WebSite\",\"@id\":\"https:\/\/solecentrodeimagen.com\/#website\",\"url\":\"https:\/\/solecentrodeimagen.com\/\",\"name\":\"Sole Centro de Imagen\",\"description\":\"Centro Medicina Est\u00e9tica, Dermatolog\u00eda y Est\u00e9tica avanzada\",\"publisher\":{\"@id\":\"https:\/\/solecentrodeimagen.com\/#organization\"},\"potentialAction\":[{\"@type\":\"SearchAction\",\"target\":{\"@type\":\"EntryPoint\",\"urlTemplate\":\"https:\/\/solecentrodeimagen.com\/?s={search_term_string}\"},\"query-input\":{\"@type\":\"PropertyValueSpecification\",\"valueRequired\":true,\"valueName\":\"search_term_string\"}}],\"inLanguage\":\"en-US\"},{\"@type\":\"Organization\",\"@id\":\"https:\/\/solecentrodeimagen.com\/#organization\",\"name\":\"Sole Centro de Imagen Integral\",\"url\":\"https:\/\/solecentrodeimagen.com\/\",\"logo\":{\"@type\":\"ImageObject\",\"inLanguage\":\"en-US\",\"@id\":\"https:\/\/solecentrodeimagen.com\/#\/schema\/logo\/image\/\",\"url\":\"https:\/\/solecentrodeimagen.com\/wp-content\/uploads\/2016\/06\/logo-solecentromedico.png\",\"contentUrl\":\"https:\/\/solecentrodeimagen.com\/wp-content\/uploads\/2016\/06\/logo-solecentromedico.png\",\"width\":281,\"height\":96,\"caption\":\"Sole Centro de Imagen Integral\"},\"image\":{\"@id\":\"https:\/\/solecentrodeimagen.com\/#\/schema\/logo\/image\/\"},\"sameAs\":[\"http:\/\/www.facebook.com\/solecentrodeimagen\",\"http:\/\/www.instagram.com\/solecentrodeimagen\"]}]}<\/script>\n<!-- \/ Yoast SEO plugin. -->","yoast_head_json":{"title":"Esthederm Aceite Solar Sol Moderado L'Huile Solaire 150 ML | Sole Centro de Imagen","robots":{"index":"index","follow":"follow","max-snippet":"max-snippet:-1","max-image-preview":"max-image-preview:large","max-video-preview":"max-video-preview:-1"},"canonical":"https:\/\/solecentrodeimagen.com\/producto\/aceite-solar-soles-150-ml-2\/","og_locale":"en_US","og_type":"article","og_title":"Esthederm Aceite Solar Sol Moderado L'Huile Solaire 150 ML | Sole Centro de Imagen","og_url":"https:\/\/solecentrodeimagen.com\/producto\/aceite-solar-soles-150-ml-2\/","og_site_name":"Sole Centro de Imagen","article_publisher":"http:\/\/www.facebook.com\/solecentrodeimagen","article_modified_time":"2024-08-07T09:04:17+00:00","og_image":[{"width":250,"height":250,"url":"https:\/\/solecentrodeimagen.com\/wp-content\/uploads\/2020\/04\/ADAPTASUM-ACEITE-DOS-ESTHEDERM.jpg","type":"image\/jpeg"}],"twitter_card":"summary_large_image","twitter_misc":{"Est. reading time":"1 minute"},"schema":{"@context":"https:\/\/schema.org","@graph":[{"@type":"WebPage","@id":"https:\/\/solecentrodeimagen.com\/producto\/aceite-solar-soles-150-ml-2\/","url":"https:\/\/solecentrodeimagen.com\/producto\/aceite-solar-soles-150-ml-2\/","name":"Esthederm Aceite Solar Sol Moderado L'Huile Solaire 150 ML | Sole Centro de Imagen","isPartOf":{"@id":"https:\/\/solecentrodeimagen.com\/#website"},"primaryImageOfPage":{"@id":"https:\/\/solecentrodeimagen.com\/producto\/aceite-solar-soles-150-ml-2\/#primaryimage"},"image":{"@id":"https:\/\/solecentrodeimagen.com\/producto\/aceite-solar-soles-150-ml-2\/#primaryimage"},"thumbnailUrl":"https:\/\/solecentrodeimagen.com\/wp-content\/uploads\/2020\/04\/ADAPTASUM-ACEITE-DOS-ESTHEDERM.jpg","datePublished":"2020-04-18T18:35:58+00:00","dateModified":"2024-08-07T09:04:17+00:00","breadcrumb":{"@id":"https:\/\/solecentrodeimagen.com\/producto\/aceite-solar-soles-150-ml-2\/#breadcrumb"},"inLanguage":"en-US","potentialAction":[{"@type":"ReadAction","target":["https:\/\/solecentrodeimagen.com\/producto\/aceite-solar-soles-150-ml-2\/"]}]},{"@type":"ImageObject","inLanguage":"en-US","@id":"https:\/\/solecentrodeimagen.com\/producto\/aceite-solar-soles-150-ml-2\/#primaryimage","url":"https:\/\/solecentrodeimagen.com\/wp-content\/uploads\/2020\/04\/ADAPTASUM-ACEITE-DOS-ESTHEDERM.jpg","contentUrl":"https:\/\/solecentrodeimagen.com\/wp-content\/uploads\/2020\/04\/ADAPTASUM-ACEITE-DOS-ESTHEDERM.jpg","width":250,"height":250},{"@type":"BreadcrumbList","@id":"https:\/\/solecentrodeimagen.com\/producto\/aceite-solar-soles-150-ml-2\/#breadcrumb","itemListElement":[{"@type":"ListItem","position":1,"name":"Home","item":"https:\/\/solecentrodeimagen.com\/"},{"@type":"ListItem","position":2,"name":"Tienda","item":"https:\/\/solecentrodeimagen.com\/tienda\/"},{"@type":"ListItem","position":3,"name":"Esthederm Aceite Solar Sol Moderado L&#8217;Huile Solaire 150 ML"}]},{"@type":"WebSite","@id":"https:\/\/solecentrodeimagen.com\/#website","url":"https:\/\/solecentrodeimagen.com\/","name":"Sole Centro de Imagen","description":"Centro Medicina Est\u00e9tica, Dermatolog\u00eda y Est\u00e9tica avanzada","publisher":{"@id":"https:\/\/solecentrodeimagen.com\/#organization"},"potentialAction":[{"@type":"SearchAction","target":{"@type":"EntryPoint","urlTemplate":"https:\/\/solecentrodeimagen.com\/?s={search_term_string}"},"query-input":{"@type":"PropertyValueSpecification","valueRequired":true,"valueName":"search_term_string"}}],"inLanguage":"en-US"},{"@type":"Organization","@id":"https:\/\/solecentrodeimagen.com\/#organization","name":"Sole Centro de Imagen Integral","url":"https:\/\/solecentrodeimagen.com\/","logo":{"@type":"ImageObject","inLanguage":"en-US","@id":"https:\/\/solecentrodeimagen.com\/#\/schema\/logo\/image\/","url":"https:\/\/solecentrodeimagen.com\/wp-content\/uploads\/2016\/06\/logo-solecentromedico.png","contentUrl":"https:\/\/solecentrodeimagen.com\/wp-content\/uploads\/2016\/06\/logo-solecentromedico.png","width":281,"height":96,"caption":"Sole Centro de Imagen Integral"},"image":{"@id":"https:\/\/solecentrodeimagen.com\/#\/schema\/logo\/image\/"},"sameAs":["http:\/\/www.facebook.com\/solecentrodeimagen","http:\/\/www.instagram.com\/solecentrodeimagen"]}]}},"_links":{"self":[{"href":"https:\/\/solecentrodeimagen.com\/en\/wp-json\/wp\/v2\/product\/20586"}],"collection":[{"href":"https:\/\/solecentrodeimagen.com\/en\/wp-json\/wp\/v2\/product"}],"about":[{"href":"https:\/\/solecentrodeimagen.com\/en\/wp-json\/wp\/v2\/types\/product"}],"replies":[{"embeddable":true,"href":"https:\/\/solecentrodeimagen.com\/en\/wp-json\/wp\/v2\/comments?post=20586"}],"wp:featuredmedia":[{"embeddable":true,"href":"https:\/\/solecentrodeimagen.com\/en\/wp-json\/wp\/v2\/media\/20585"}],"wp:attachment":[{"href":"https:\/\/solecentrodeimagen.com\/en\/wp-json\/wp\/v2\/media?parent=20586"}],"wp:term":[{"taxonomy":"product_cat","embeddable":true,"href":"https:\/\/solecentrodeimagen.com\/en\/wp-json\/wp\/v2\/product_cat?post=20586"},{"taxonomy":"product_tag","embeddable":true,"href":"https:\/\/solecentrodeimagen.com\/en\/wp-json\/wp\/v2\/product_tag?post=20586"}],"curies":[{"name":"wp","href":"https:\/\/api.w.org\/{rel}","templated":true}]}}