{"id":22999,"date":"2025-01-14T13:16:16","date_gmt":"2025-01-14T12:16:16","guid":{"rendered":"https:\/\/solecentrodeimagen.com\/?post_type=product&#038;p=22999"},"modified":"2025-01-27T11:42:43","modified_gmt":"2025-01-27T10:42:43","slug":"focus-care-youth-hydro-lipidic-3dsynerge-filler-creme-35ml","status":"publish","type":"product","link":"https:\/\/solecentrodeimagen.com\/en\/producto\/focus-care-youth-hydro-lipidic-3dsynerge-filler-creme-35ml\/","title":{"rendered":"Focus Care Youth+ Hydro-Lipidic 3DSynerg\u00e9 Filler Creme 30ml"},"content":{"rendered":"<p><strong>Environ Hydro-Lipidic 3DSYNERGE Filler Creme:<\/strong> Crema facial avanzada para restaurar el volumen y la firmeza.<\/p>\n<p>La crema Hydro-Lipidic 3DSYNERGE Filler de Environ es un tratamiento innovador dise\u00f1ado para estimular la producci\u00f3n natural de \u00e1cido hialur\u00f3nico en la piel. Este activo esencial ayuda a suavizar la apariencia de las l\u00edneas finas y las arrugas, mientras restaura el volumen perdido, aportando a la piel una apariencia m\u00e1s firme, completa y rejuvenecida.<\/p>\n<p>Con una f\u00f3rmula avanzada, esta crema mejora la integridad estructural de la piel, combatiendo eficazmente los signos visibles del envejecimiento como la flacidez, la p\u00e9rdida de densidad y la textura desigual. Su uso regular devuelve a la piel un aspecto radiante, saludable y lleno de vitalidad.<\/p>\n<p>Ideal para:<br \/>\n\u2022 Todo tipo de pieles que presenten signos de envejecimiento, como l\u00edneas de expresi\u00f3n, arrugas y flacidez.<br \/>\n\u2022 Aquellas que deseen restaurar el volumen facial perdido y mejorar la elasticidad y tonicidad de la piel.<\/p>\n<p>Incorpora esta crema en tu rutina diaria para disfrutar de una piel visiblemente m\u00e1s joven y revitalizada.<\/p>\n","protected":false},"excerpt":{"rendered":"<p>Un potente suero que mejora el volumen facial, suaviza l\u00edneas de expresi\u00f3n y restaura la juventud y tersura de la piel para un aspecto rejuvenecido.<\/p>\n","protected":false},"featured_media":22961,"comment_status":"open","ping_status":"closed","template":"","meta":[],"product_cat":[336,335,178,378],"product_tag":[252],"class_list":{"0":"post-22999","1":"product","2":"type-product","3":"status-publish","4":"has-post-thumbnail","6":"product_cat-hidratantes","7":"product_cat-facial","8":"product_cat-environ","9":"product_cat-environ-focus-care-youth","10":"product_tag-envejecimiento","12":"first","13":"instock","14":"sale","15":"taxable","16":"shipping-taxable","17":"purchasable","18":"product-type-simple"},"translation":{"provider":"WPGlobus","version":"3.0.0","language":"en","enabled_languages":["es","en","fr"],"languages":{"es":{"title":true,"content":true,"excerpt":true},"en":{"title":false,"content":false,"excerpt":false},"fr":{"title":false,"content":false,"excerpt":false}}},"yoast_head":"<!-- This site is optimized with the Yoast SEO plugin v23.5 - https:\/\/yoast.com\/wordpress\/plugins\/seo\/ -->\n<title>Intensive Avance Elixir 30ml | Sole Centro de Imagen\u2122<\/title>\n<meta name=\"robots\" content=\"index, follow, max-snippet:-1, max-image-preview:large, max-video-preview:-1\" \/>\n<link rel=\"canonical\" href=\"https:\/\/solecentrodeimagen.com\/producto\/focus-care-youth-hydro-lipidic-3dsynerge-filler-creme-35ml\/\" \/>\n<meta property=\"og:locale\" content=\"en_US\" \/>\n<meta property=\"og:type\" content=\"article\" \/>\n<meta property=\"og:title\" content=\"Focus Care Youth+ Hydro-Lipidic 3DSynerg\u00e9 Filler Creme 30ml | Sole Centro de Imagen\" \/>\n<meta property=\"og:url\" content=\"https:\/\/solecentrodeimagen.com\/producto\/focus-care-youth-hydro-lipidic-3dsynerge-filler-creme-35ml\/\" \/>\n<meta property=\"og:site_name\" content=\"Sole Centro de Imagen\" \/>\n<meta property=\"article:publisher\" content=\"http:\/\/www.facebook.com\/solecentrodeimagen\" \/>\n<meta property=\"article:modified_time\" content=\"2025-01-27T10:42:43+00:00\" \/>\n<meta property=\"og:image\" content=\"https:\/\/solecentrodeimagen.com\/wp-content\/uploads\/2025\/01\/Environ-Focus-Care-Youth-Hydro-Lipidic-3DSynerge-Filler-Creme.webp\" \/>\n\t<meta property=\"og:image:width\" content=\"823\" \/>\n\t<meta property=\"og:image:height\" content=\"823\" \/>\n\t<meta property=\"og:image:type\" content=\"image\/webp\" \/>\n<meta name=\"twitter:card\" content=\"summary_large_image\" \/>\n<meta name=\"twitter:label1\" content=\"Est. reading time\" \/>\n\t<meta name=\"twitter:data1\" content=\"1 minute\" \/>\n<script type=\"application\/ld+json\" class=\"yoast-schema-graph\">{\"@context\":\"https:\/\/schema.org\",\"@graph\":[{\"@type\":\"WebPage\",\"@id\":\"https:\/\/solecentrodeimagen.com\/producto\/focus-care-youth-hydro-lipidic-3dsynerge-filler-creme-35ml\/\",\"url\":\"https:\/\/solecentrodeimagen.com\/producto\/focus-care-youth-hydro-lipidic-3dsynerge-filler-creme-35ml\/\",\"name\":\"Intensive Avance Elixir 30ml | Sole Centro de Imagen\u2122\",\"isPartOf\":{\"@id\":\"https:\/\/solecentrodeimagen.com\/#website\"},\"primaryImageOfPage\":{\"@id\":\"https:\/\/solecentrodeimagen.com\/producto\/focus-care-youth-hydro-lipidic-3dsynerge-filler-creme-35ml\/#primaryimage\"},\"image\":{\"@id\":\"https:\/\/solecentrodeimagen.com\/producto\/focus-care-youth-hydro-lipidic-3dsynerge-filler-creme-35ml\/#primaryimage\"},\"thumbnailUrl\":\"https:\/\/solecentrodeimagen.com\/wp-content\/uploads\/2025\/01\/Environ-Focus-Care-Youth-Hydro-Lipidic-3DSynerge-Filler-Creme.webp\",\"datePublished\":\"2025-01-14T12:16:16+00:00\",\"dateModified\":\"2025-01-27T10:42:43+00:00\",\"description\":\"Un potente suero que mejora el volumen facial, suaviza l\u00edneas de expresi\u00f3n y restaura la juventud y tersura de la piel para un aspecto rejuvenecido.\",\"breadcrumb\":{\"@id\":\"https:\/\/solecentrodeimagen.com\/producto\/focus-care-youth-hydro-lipidic-3dsynerge-filler-creme-35ml\/#breadcrumb\"},\"inLanguage\":\"en-US\",\"potentialAction\":[{\"@type\":\"ReadAction\",\"target\":[\"https:\/\/solecentrodeimagen.com\/producto\/focus-care-youth-hydro-lipidic-3dsynerge-filler-creme-35ml\/\"]}]},{\"@type\":\"ImageObject\",\"inLanguage\":\"en-US\",\"@id\":\"https:\/\/solecentrodeimagen.com\/producto\/focus-care-youth-hydro-lipidic-3dsynerge-filler-creme-35ml\/#primaryimage\",\"url\":\"https:\/\/solecentrodeimagen.com\/wp-content\/uploads\/2025\/01\/Environ-Focus-Care-Youth-Hydro-Lipidic-3DSynerge-Filler-Creme.webp\",\"contentUrl\":\"https:\/\/solecentrodeimagen.com\/wp-content\/uploads\/2025\/01\/Environ-Focus-Care-Youth-Hydro-Lipidic-3DSynerge-Filler-Creme.webp\",\"width\":823,\"height\":823},{\"@type\":\"BreadcrumbList\",\"@id\":\"https:\/\/solecentrodeimagen.com\/producto\/focus-care-youth-hydro-lipidic-3dsynerge-filler-creme-35ml\/#breadcrumb\",\"itemListElement\":[{\"@type\":\"ListItem\",\"position\":1,\"name\":\"Home\",\"item\":\"https:\/\/solecentrodeimagen.com\/\"},{\"@type\":\"ListItem\",\"position\":2,\"name\":\"Tienda\",\"item\":\"https:\/\/solecentrodeimagen.com\/tienda\/\"},{\"@type\":\"ListItem\",\"position\":3,\"name\":\"Focus Care Youth+ Hydro-Lipidic 3DSynerg\u00e9 Filler Creme 30ml\"}]},{\"@type\":\"WebSite\",\"@id\":\"https:\/\/solecentrodeimagen.com\/#website\",\"url\":\"https:\/\/solecentrodeimagen.com\/\",\"name\":\"Sole Centro de Imagen\",\"description\":\"Centro Medicina Est\u00e9tica, Dermatolog\u00eda y Est\u00e9tica avanzada\",\"publisher\":{\"@id\":\"https:\/\/solecentrodeimagen.com\/#organization\"},\"potentialAction\":[{\"@type\":\"SearchAction\",\"target\":{\"@type\":\"EntryPoint\",\"urlTemplate\":\"https:\/\/solecentrodeimagen.com\/?s={search_term_string}\"},\"query-input\":{\"@type\":\"PropertyValueSpecification\",\"valueRequired\":true,\"valueName\":\"search_term_string\"}}],\"inLanguage\":\"en-US\"},{\"@type\":\"Organization\",\"@id\":\"https:\/\/solecentrodeimagen.com\/#organization\",\"name\":\"Sole Centro de Imagen Integral\",\"url\":\"https:\/\/solecentrodeimagen.com\/\",\"logo\":{\"@type\":\"ImageObject\",\"inLanguage\":\"en-US\",\"@id\":\"https:\/\/solecentrodeimagen.com\/#\/schema\/logo\/image\/\",\"url\":\"https:\/\/solecentrodeimagen.com\/wp-content\/uploads\/2016\/06\/logo-solecentromedico.png\",\"contentUrl\":\"https:\/\/solecentrodeimagen.com\/wp-content\/uploads\/2016\/06\/logo-solecentromedico.png\",\"width\":281,\"height\":96,\"caption\":\"Sole Centro de Imagen Integral\"},\"image\":{\"@id\":\"https:\/\/solecentrodeimagen.com\/#\/schema\/logo\/image\/\"},\"sameAs\":[\"http:\/\/www.facebook.com\/solecentrodeimagen\",\"http:\/\/www.instagram.com\/solecentrodeimagen\"]}]}<\/script>\n<!-- \/ Yoast SEO plugin. -->","yoast_head_json":{"title":"Intensive Avance Elixir 30ml | Sole Centro de Imagen\u2122","robots":{"index":"index","follow":"follow","max-snippet":"max-snippet:-1","max-image-preview":"max-image-preview:large","max-video-preview":"max-video-preview:-1"},"canonical":"https:\/\/solecentrodeimagen.com\/producto\/focus-care-youth-hydro-lipidic-3dsynerge-filler-creme-35ml\/","og_locale":"en_US","og_type":"article","og_title":"Focus Care Youth+ Hydro-Lipidic 3DSynerg\u00e9 Filler Creme 30ml | Sole Centro de Imagen","og_url":"https:\/\/solecentrodeimagen.com\/producto\/focus-care-youth-hydro-lipidic-3dsynerge-filler-creme-35ml\/","og_site_name":"Sole Centro de Imagen","article_publisher":"http:\/\/www.facebook.com\/solecentrodeimagen","article_modified_time":"2025-01-27T10:42:43+00:00","og_image":[{"width":823,"height":823,"url":"https:\/\/solecentrodeimagen.com\/wp-content\/uploads\/2025\/01\/Environ-Focus-Care-Youth-Hydro-Lipidic-3DSynerge-Filler-Creme.webp","type":"image\/webp"}],"twitter_card":"summary_large_image","twitter_misc":{"Est. reading time":"1 minute"},"schema":{"@context":"https:\/\/schema.org","@graph":[{"@type":"WebPage","@id":"https:\/\/solecentrodeimagen.com\/producto\/focus-care-youth-hydro-lipidic-3dsynerge-filler-creme-35ml\/","url":"https:\/\/solecentrodeimagen.com\/producto\/focus-care-youth-hydro-lipidic-3dsynerge-filler-creme-35ml\/","name":"Intensive Avance Elixir 30ml | Sole Centro de Imagen\u2122","isPartOf":{"@id":"https:\/\/solecentrodeimagen.com\/#website"},"primaryImageOfPage":{"@id":"https:\/\/solecentrodeimagen.com\/producto\/focus-care-youth-hydro-lipidic-3dsynerge-filler-creme-35ml\/#primaryimage"},"image":{"@id":"https:\/\/solecentrodeimagen.com\/producto\/focus-care-youth-hydro-lipidic-3dsynerge-filler-creme-35ml\/#primaryimage"},"thumbnailUrl":"https:\/\/solecentrodeimagen.com\/wp-content\/uploads\/2025\/01\/Environ-Focus-Care-Youth-Hydro-Lipidic-3DSynerge-Filler-Creme.webp","datePublished":"2025-01-14T12:16:16+00:00","dateModified":"2025-01-27T10:42:43+00:00","description":"Un potente suero que mejora el volumen facial, suaviza l\u00edneas de expresi\u00f3n y restaura la juventud y tersura de la piel para un aspecto rejuvenecido.","breadcrumb":{"@id":"https:\/\/solecentrodeimagen.com\/producto\/focus-care-youth-hydro-lipidic-3dsynerge-filler-creme-35ml\/#breadcrumb"},"inLanguage":"en-US","potentialAction":[{"@type":"ReadAction","target":["https:\/\/solecentrodeimagen.com\/producto\/focus-care-youth-hydro-lipidic-3dsynerge-filler-creme-35ml\/"]}]},{"@type":"ImageObject","inLanguage":"en-US","@id":"https:\/\/solecentrodeimagen.com\/producto\/focus-care-youth-hydro-lipidic-3dsynerge-filler-creme-35ml\/#primaryimage","url":"https:\/\/solecentrodeimagen.com\/wp-content\/uploads\/2025\/01\/Environ-Focus-Care-Youth-Hydro-Lipidic-3DSynerge-Filler-Creme.webp","contentUrl":"https:\/\/solecentrodeimagen.com\/wp-content\/uploads\/2025\/01\/Environ-Focus-Care-Youth-Hydro-Lipidic-3DSynerge-Filler-Creme.webp","width":823,"height":823},{"@type":"BreadcrumbList","@id":"https:\/\/solecentrodeimagen.com\/producto\/focus-care-youth-hydro-lipidic-3dsynerge-filler-creme-35ml\/#breadcrumb","itemListElement":[{"@type":"ListItem","position":1,"name":"Home","item":"https:\/\/solecentrodeimagen.com\/"},{"@type":"ListItem","position":2,"name":"Tienda","item":"https:\/\/solecentrodeimagen.com\/tienda\/"},{"@type":"ListItem","position":3,"name":"Focus Care Youth+ Hydro-Lipidic 3DSynerg\u00e9 Filler Creme 30ml"}]},{"@type":"WebSite","@id":"https:\/\/solecentrodeimagen.com\/#website","url":"https:\/\/solecentrodeimagen.com\/","name":"Sole Centro de Imagen","description":"Centro Medicina Est\u00e9tica, Dermatolog\u00eda y Est\u00e9tica avanzada","publisher":{"@id":"https:\/\/solecentrodeimagen.com\/#organization"},"potentialAction":[{"@type":"SearchAction","target":{"@type":"EntryPoint","urlTemplate":"https:\/\/solecentrodeimagen.com\/?s={search_term_string}"},"query-input":{"@type":"PropertyValueSpecification","valueRequired":true,"valueName":"search_term_string"}}],"inLanguage":"en-US"},{"@type":"Organization","@id":"https:\/\/solecentrodeimagen.com\/#organization","name":"Sole Centro de Imagen Integral","url":"https:\/\/solecentrodeimagen.com\/","logo":{"@type":"ImageObject","inLanguage":"en-US","@id":"https:\/\/solecentrodeimagen.com\/#\/schema\/logo\/image\/","url":"https:\/\/solecentrodeimagen.com\/wp-content\/uploads\/2016\/06\/logo-solecentromedico.png","contentUrl":"https:\/\/solecentrodeimagen.com\/wp-content\/uploads\/2016\/06\/logo-solecentromedico.png","width":281,"height":96,"caption":"Sole Centro de Imagen Integral"},"image":{"@id":"https:\/\/solecentrodeimagen.com\/#\/schema\/logo\/image\/"},"sameAs":["http:\/\/www.facebook.com\/solecentrodeimagen","http:\/\/www.instagram.com\/solecentrodeimagen"]}]}},"_links":{"self":[{"href":"https:\/\/solecentrodeimagen.com\/en\/wp-json\/wp\/v2\/product\/22999"}],"collection":[{"href":"https:\/\/solecentrodeimagen.com\/en\/wp-json\/wp\/v2\/product"}],"about":[{"href":"https:\/\/solecentrodeimagen.com\/en\/wp-json\/wp\/v2\/types\/product"}],"replies":[{"embeddable":true,"href":"https:\/\/solecentrodeimagen.com\/en\/wp-json\/wp\/v2\/comments?post=22999"}],"wp:featuredmedia":[{"embeddable":true,"href":"https:\/\/solecentrodeimagen.com\/en\/wp-json\/wp\/v2\/media\/22961"}],"wp:attachment":[{"href":"https:\/\/solecentrodeimagen.com\/en\/wp-json\/wp\/v2\/media?parent=22999"}],"wp:term":[{"taxonomy":"product_cat","embeddable":true,"href":"https:\/\/solecentrodeimagen.com\/en\/wp-json\/wp\/v2\/product_cat?post=22999"},{"taxonomy":"product_tag","embeddable":true,"href":"https:\/\/solecentrodeimagen.com\/en\/wp-json\/wp\/v2\/product_tag?post=22999"}],"curies":[{"name":"wp","href":"https:\/\/api.w.org\/{rel}","templated":true}]}}