{"id":23000,"date":"2025-01-14T13:25:15","date_gmt":"2025-01-14T12:25:15","guid":{"rendered":"https:\/\/solecentrodeimagen.com\/?post_type=product&#038;p=23000"},"modified":"2025-01-27T11:42:14","modified_gmt":"2025-01-27T10:42:14","slug":"focus-care-youthserience-night-serum-30ml","status":"publish","type":"product","link":"https:\/\/solecentrodeimagen.com\/en\/producto\/focus-care-youthserience-night-serum-30ml\/","title":{"rendered":"Focus Care Youth+ Seri\u00e9nce Night Serum 30ml"},"content":{"rendered":"<p><strong>Focus Care Youth+ Serience Night Serum:<\/strong> Suero nocturno antiestr\u00e9s para una piel radiante.<\/p>\n<p>Este avanzado suero nocturno est\u00e1 formulado con un complejo de neurop\u00e9ptidos de malaquita que ayuda a la piel a resistir los efectos del estr\u00e9s diario. Su f\u00f3rmula mejora visiblemente la luminosidad, dejando la piel con un aspecto m\u00e1s relajado, rejuvenecido y equilibrado.<\/p>\n<p>Ideal para combatir los signos del estr\u00e9s en la piel, como:<br \/>\n\u2022 Enrojecimiento y sequedad.<br \/>\n\u2022 Piel opaca y brotes.<br \/>\n\u2022 L\u00edneas de expresi\u00f3n y p\u00e9rdida de elasticidad.<br \/>\n\u2022 Barrera cut\u00e1nea debilitada e inmunidad reducida.<\/p>\n","protected":false},"excerpt":{"rendered":"<p>Suero nocturno avanzado con neurop\u00e9ptidos de malaquita que combate los efectos del estr\u00e9s diario, mejora la luminosidad y deja la piel m\u00e1s relajada, rejuvenecida y equilibrada.<\/p>\n","protected":false},"featured_media":22962,"comment_status":"open","ping_status":"closed","template":"","meta":[],"product_cat":[335,178,378,344],"product_tag":[252],"class_list":{"0":"post-23000","1":"product","2":"type-product","3":"status-publish","4":"has-post-thumbnail","6":"product_cat-facial","7":"product_cat-environ","8":"product_cat-environ-focus-care-youth","9":"product_cat-serums","10":"product_tag-envejecimiento","12":"first","13":"instock","14":"sale","15":"taxable","16":"shipping-taxable","17":"purchasable","18":"product-type-simple"},"translation":{"provider":"WPGlobus","version":"3.0.0","language":"en","enabled_languages":["es","en","fr"],"languages":{"es":{"title":true,"content":true,"excerpt":true},"en":{"title":false,"content":false,"excerpt":false},"fr":{"title":false,"content":false,"excerpt":false}}},"yoast_head":"<!-- This site is optimized with the Yoast SEO plugin v23.5 - https:\/\/yoast.com\/wordpress\/plugins\/seo\/ -->\n<title>Environ Body Derma-Lac Lotion 200ml | Sole Centro de Imagen\u2122<\/title>\n<meta name=\"robots\" content=\"index, follow, max-snippet:-1, max-image-preview:large, max-video-preview:-1\" \/>\n<link rel=\"canonical\" href=\"https:\/\/solecentrodeimagen.com\/producto\/focus-care-youthserience-night-serum-30ml\/\" \/>\n<meta property=\"og:locale\" content=\"en_US\" \/>\n<meta property=\"og:type\" content=\"article\" \/>\n<meta property=\"og:title\" content=\"Focus Care Youth+ Seri\u00e9nce Night Serum 30ml | Sole Centro de Imagen\" \/>\n<meta property=\"og:url\" content=\"https:\/\/solecentrodeimagen.com\/producto\/focus-care-youthserience-night-serum-30ml\/\" \/>\n<meta property=\"og:site_name\" content=\"Sole Centro de Imagen\" \/>\n<meta property=\"article:publisher\" content=\"http:\/\/www.facebook.com\/solecentrodeimagen\" \/>\n<meta property=\"article:modified_time\" content=\"2025-01-27T10:42:14+00:00\" \/>\n<meta property=\"og:image\" content=\"https:\/\/solecentrodeimagen.com\/wp-content\/uploads\/2025\/01\/Environ-Focus-Care-Youth-Malachite-NP-Complex-Serience-Night-serum.webp\" \/>\n\t<meta property=\"og:image:width\" content=\"823\" \/>\n\t<meta property=\"og:image:height\" content=\"823\" \/>\n\t<meta property=\"og:image:type\" content=\"image\/webp\" \/>\n<meta name=\"twitter:card\" content=\"summary_large_image\" \/>\n<meta name=\"twitter:label1\" content=\"Est. reading time\" \/>\n\t<meta name=\"twitter:data1\" content=\"1 minute\" \/>\n<script type=\"application\/ld+json\" class=\"yoast-schema-graph\">{\"@context\":\"https:\/\/schema.org\",\"@graph\":[{\"@type\":\"WebPage\",\"@id\":\"https:\/\/solecentrodeimagen.com\/producto\/focus-care-youthserience-night-serum-30ml\/\",\"url\":\"https:\/\/solecentrodeimagen.com\/producto\/focus-care-youthserience-night-serum-30ml\/\",\"name\":\"Environ Body Derma-Lac Lotion 200ml | Sole Centro de Imagen\u2122\",\"isPartOf\":{\"@id\":\"https:\/\/solecentrodeimagen.com\/#website\"},\"primaryImageOfPage\":{\"@id\":\"https:\/\/solecentrodeimagen.com\/producto\/focus-care-youthserience-night-serum-30ml\/#primaryimage\"},\"image\":{\"@id\":\"https:\/\/solecentrodeimagen.com\/producto\/focus-care-youthserience-night-serum-30ml\/#primaryimage\"},\"thumbnailUrl\":\"https:\/\/solecentrodeimagen.com\/wp-content\/uploads\/2025\/01\/Environ-Focus-Care-Youth-Malachite-NP-Complex-Serience-Night-serum.webp\",\"datePublished\":\"2025-01-14T12:25:15+00:00\",\"dateModified\":\"2025-01-27T10:42:14+00:00\",\"description\":\"Suero nocturno avanzado con neurop\u00e9ptidos de malaquita que combate los efectos del estr\u00e9s diario, mejora la luminosidad y deja la piel m\u00e1s relajada, rejuvenecida y equilibrada.\",\"breadcrumb\":{\"@id\":\"https:\/\/solecentrodeimagen.com\/producto\/focus-care-youthserience-night-serum-30ml\/#breadcrumb\"},\"inLanguage\":\"en-US\",\"potentialAction\":[{\"@type\":\"ReadAction\",\"target\":[\"https:\/\/solecentrodeimagen.com\/producto\/focus-care-youthserience-night-serum-30ml\/\"]}]},{\"@type\":\"ImageObject\",\"inLanguage\":\"en-US\",\"@id\":\"https:\/\/solecentrodeimagen.com\/producto\/focus-care-youthserience-night-serum-30ml\/#primaryimage\",\"url\":\"https:\/\/solecentrodeimagen.com\/wp-content\/uploads\/2025\/01\/Environ-Focus-Care-Youth-Malachite-NP-Complex-Serience-Night-serum.webp\",\"contentUrl\":\"https:\/\/solecentrodeimagen.com\/wp-content\/uploads\/2025\/01\/Environ-Focus-Care-Youth-Malachite-NP-Complex-Serience-Night-serum.webp\",\"width\":823,\"height\":823},{\"@type\":\"BreadcrumbList\",\"@id\":\"https:\/\/solecentrodeimagen.com\/producto\/focus-care-youthserience-night-serum-30ml\/#breadcrumb\",\"itemListElement\":[{\"@type\":\"ListItem\",\"position\":1,\"name\":\"Home\",\"item\":\"https:\/\/solecentrodeimagen.com\/\"},{\"@type\":\"ListItem\",\"position\":2,\"name\":\"Tienda\",\"item\":\"https:\/\/solecentrodeimagen.com\/tienda\/\"},{\"@type\":\"ListItem\",\"position\":3,\"name\":\"Focus Care Youth+ Seri\u00e9nce Night Serum 30ml\"}]},{\"@type\":\"WebSite\",\"@id\":\"https:\/\/solecentrodeimagen.com\/#website\",\"url\":\"https:\/\/solecentrodeimagen.com\/\",\"name\":\"Sole Centro de Imagen\",\"description\":\"Centro Medicina Est\u00e9tica, Dermatolog\u00eda y Est\u00e9tica avanzada\",\"publisher\":{\"@id\":\"https:\/\/solecentrodeimagen.com\/#organization\"},\"potentialAction\":[{\"@type\":\"SearchAction\",\"target\":{\"@type\":\"EntryPoint\",\"urlTemplate\":\"https:\/\/solecentrodeimagen.com\/?s={search_term_string}\"},\"query-input\":{\"@type\":\"PropertyValueSpecification\",\"valueRequired\":true,\"valueName\":\"search_term_string\"}}],\"inLanguage\":\"en-US\"},{\"@type\":\"Organization\",\"@id\":\"https:\/\/solecentrodeimagen.com\/#organization\",\"name\":\"Sole Centro de Imagen Integral\",\"url\":\"https:\/\/solecentrodeimagen.com\/\",\"logo\":{\"@type\":\"ImageObject\",\"inLanguage\":\"en-US\",\"@id\":\"https:\/\/solecentrodeimagen.com\/#\/schema\/logo\/image\/\",\"url\":\"https:\/\/solecentrodeimagen.com\/wp-content\/uploads\/2016\/06\/logo-solecentromedico.png\",\"contentUrl\":\"https:\/\/solecentrodeimagen.com\/wp-content\/uploads\/2016\/06\/logo-solecentromedico.png\",\"width\":281,\"height\":96,\"caption\":\"Sole Centro de Imagen Integral\"},\"image\":{\"@id\":\"https:\/\/solecentrodeimagen.com\/#\/schema\/logo\/image\/\"},\"sameAs\":[\"http:\/\/www.facebook.com\/solecentrodeimagen\",\"http:\/\/www.instagram.com\/solecentrodeimagen\"]}]}<\/script>\n<!-- \/ Yoast SEO plugin. -->","yoast_head_json":{"title":"Environ Body Derma-Lac Lotion 200ml | Sole Centro de Imagen\u2122","robots":{"index":"index","follow":"follow","max-snippet":"max-snippet:-1","max-image-preview":"max-image-preview:large","max-video-preview":"max-video-preview:-1"},"canonical":"https:\/\/solecentrodeimagen.com\/producto\/focus-care-youthserience-night-serum-30ml\/","og_locale":"en_US","og_type":"article","og_title":"Focus Care Youth+ Seri\u00e9nce Night Serum 30ml | Sole Centro de Imagen","og_url":"https:\/\/solecentrodeimagen.com\/producto\/focus-care-youthserience-night-serum-30ml\/","og_site_name":"Sole Centro de Imagen","article_publisher":"http:\/\/www.facebook.com\/solecentrodeimagen","article_modified_time":"2025-01-27T10:42:14+00:00","og_image":[{"width":823,"height":823,"url":"https:\/\/solecentrodeimagen.com\/wp-content\/uploads\/2025\/01\/Environ-Focus-Care-Youth-Malachite-NP-Complex-Serience-Night-serum.webp","type":"image\/webp"}],"twitter_card":"summary_large_image","twitter_misc":{"Est. reading time":"1 minute"},"schema":{"@context":"https:\/\/schema.org","@graph":[{"@type":"WebPage","@id":"https:\/\/solecentrodeimagen.com\/producto\/focus-care-youthserience-night-serum-30ml\/","url":"https:\/\/solecentrodeimagen.com\/producto\/focus-care-youthserience-night-serum-30ml\/","name":"Environ Body Derma-Lac Lotion 200ml | Sole Centro de Imagen\u2122","isPartOf":{"@id":"https:\/\/solecentrodeimagen.com\/#website"},"primaryImageOfPage":{"@id":"https:\/\/solecentrodeimagen.com\/producto\/focus-care-youthserience-night-serum-30ml\/#primaryimage"},"image":{"@id":"https:\/\/solecentrodeimagen.com\/producto\/focus-care-youthserience-night-serum-30ml\/#primaryimage"},"thumbnailUrl":"https:\/\/solecentrodeimagen.com\/wp-content\/uploads\/2025\/01\/Environ-Focus-Care-Youth-Malachite-NP-Complex-Serience-Night-serum.webp","datePublished":"2025-01-14T12:25:15+00:00","dateModified":"2025-01-27T10:42:14+00:00","description":"Suero nocturno avanzado con neurop\u00e9ptidos de malaquita que combate los efectos del estr\u00e9s diario, mejora la luminosidad y deja la piel m\u00e1s relajada, rejuvenecida y equilibrada.","breadcrumb":{"@id":"https:\/\/solecentrodeimagen.com\/producto\/focus-care-youthserience-night-serum-30ml\/#breadcrumb"},"inLanguage":"en-US","potentialAction":[{"@type":"ReadAction","target":["https:\/\/solecentrodeimagen.com\/producto\/focus-care-youthserience-night-serum-30ml\/"]}]},{"@type":"ImageObject","inLanguage":"en-US","@id":"https:\/\/solecentrodeimagen.com\/producto\/focus-care-youthserience-night-serum-30ml\/#primaryimage","url":"https:\/\/solecentrodeimagen.com\/wp-content\/uploads\/2025\/01\/Environ-Focus-Care-Youth-Malachite-NP-Complex-Serience-Night-serum.webp","contentUrl":"https:\/\/solecentrodeimagen.com\/wp-content\/uploads\/2025\/01\/Environ-Focus-Care-Youth-Malachite-NP-Complex-Serience-Night-serum.webp","width":823,"height":823},{"@type":"BreadcrumbList","@id":"https:\/\/solecentrodeimagen.com\/producto\/focus-care-youthserience-night-serum-30ml\/#breadcrumb","itemListElement":[{"@type":"ListItem","position":1,"name":"Home","item":"https:\/\/solecentrodeimagen.com\/"},{"@type":"ListItem","position":2,"name":"Tienda","item":"https:\/\/solecentrodeimagen.com\/tienda\/"},{"@type":"ListItem","position":3,"name":"Focus Care Youth+ Seri\u00e9nce Night Serum 30ml"}]},{"@type":"WebSite","@id":"https:\/\/solecentrodeimagen.com\/#website","url":"https:\/\/solecentrodeimagen.com\/","name":"Sole Centro de Imagen","description":"Centro Medicina Est\u00e9tica, Dermatolog\u00eda y Est\u00e9tica avanzada","publisher":{"@id":"https:\/\/solecentrodeimagen.com\/#organization"},"potentialAction":[{"@type":"SearchAction","target":{"@type":"EntryPoint","urlTemplate":"https:\/\/solecentrodeimagen.com\/?s={search_term_string}"},"query-input":{"@type":"PropertyValueSpecification","valueRequired":true,"valueName":"search_term_string"}}],"inLanguage":"en-US"},{"@type":"Organization","@id":"https:\/\/solecentrodeimagen.com\/#organization","name":"Sole Centro de Imagen Integral","url":"https:\/\/solecentrodeimagen.com\/","logo":{"@type":"ImageObject","inLanguage":"en-US","@id":"https:\/\/solecentrodeimagen.com\/#\/schema\/logo\/image\/","url":"https:\/\/solecentrodeimagen.com\/wp-content\/uploads\/2016\/06\/logo-solecentromedico.png","contentUrl":"https:\/\/solecentrodeimagen.com\/wp-content\/uploads\/2016\/06\/logo-solecentromedico.png","width":281,"height":96,"caption":"Sole Centro de Imagen Integral"},"image":{"@id":"https:\/\/solecentrodeimagen.com\/#\/schema\/logo\/image\/"},"sameAs":["http:\/\/www.facebook.com\/solecentrodeimagen","http:\/\/www.instagram.com\/solecentrodeimagen"]}]}},"_links":{"self":[{"href":"https:\/\/solecentrodeimagen.com\/en\/wp-json\/wp\/v2\/product\/23000"}],"collection":[{"href":"https:\/\/solecentrodeimagen.com\/en\/wp-json\/wp\/v2\/product"}],"about":[{"href":"https:\/\/solecentrodeimagen.com\/en\/wp-json\/wp\/v2\/types\/product"}],"replies":[{"embeddable":true,"href":"https:\/\/solecentrodeimagen.com\/en\/wp-json\/wp\/v2\/comments?post=23000"}],"wp:featuredmedia":[{"embeddable":true,"href":"https:\/\/solecentrodeimagen.com\/en\/wp-json\/wp\/v2\/media\/22962"}],"wp:attachment":[{"href":"https:\/\/solecentrodeimagen.com\/en\/wp-json\/wp\/v2\/media?parent=23000"}],"wp:term":[{"taxonomy":"product_cat","embeddable":true,"href":"https:\/\/solecentrodeimagen.com\/en\/wp-json\/wp\/v2\/product_cat?post=23000"},{"taxonomy":"product_tag","embeddable":true,"href":"https:\/\/solecentrodeimagen.com\/en\/wp-json\/wp\/v2\/product_tag?post=23000"}],"curies":[{"name":"wp","href":"https:\/\/api.w.org\/{rel}","templated":true}]}}