{"id":24042,"date":"2026-04-15T16:30:05","date_gmt":"2026-04-15T14:30:05","guid":{"rendered":"https:\/\/solecentrodeimagen.com\/?post_type=product&#038;p=24042"},"modified":"2026-04-15T16:52:46","modified_gmt":"2026-04-15T14:52:46","slug":"focus-care-youth-tri-retinoid-complex-retinol-serum-30ml","status":"publish","type":"product","link":"https:\/\/solecentrodeimagen.com\/en\/producto\/focus-care-youth-tri-retinoid-complex-retinol-serum-30ml\/","title":{"rendered":"Focus Care Youth+ Tri-Retinoid Complex Retinol Serum 30ml"},"content":{"rendered":"<p data-start=\"82\" data-end=\"480\"><strong data-start=\"82\" data-end=\"170\">Este suero ligero y de r\u00e1pida absorci\u00f3n incorpora un avanzado complejo trirretinoide<\/strong>, compuesto por palmitato de retinilo, propionato de retinilo y retinol, formulado en un concentrado coloidal estable para maximizar su eficacia. Adem\u00e1s, est\u00e1 enriquecido con potentes antioxidantes protectores y emolientes hidratantes que contribuyen a potenciar sus resultados y mejorar el confort de la piel.<\/p>\n<p data-start=\"482\" data-end=\"728\">Este suero ayuda a <strong data-start=\"501\" data-end=\"542\">mejorar visiblemente el tono desigual<\/strong>, refinar la textura cut\u00e1nea y aportar un aspecto m\u00e1s firme y terso. Asimismo, contribuye a <strong data-start=\"634\" data-end=\"685\">reducir los signos del envejecimiento prematuro<\/strong>, incluyendo la apariencia de l\u00edneas finas.<\/p>\n<p data-start=\"730\" data-end=\"999\">Se recomienda introducir este potenciador cuando la piel ya est\u00e9 <strong data-start=\"795\" data-end=\"842\">acostumbrada a niveles medios de vitamina A<\/strong>. Puede integrarse en la rutina una vez que la piel se haya adaptado a productos como Environ Skin EssentiA AVST 3 o Environ Youth EssentiA C-Quence Serum 3.<\/p>\n<p data-start=\"1001\" data-end=\"1024\"><strong data-start=\"1001\" data-end=\"1022\">Nuevo y mejorado:<\/strong><\/p>\n<ul data-start=\"1025\" data-end=\"1117\">\n<li data-section-id=\"r0ae46\" data-start=\"1025\" data-end=\"1064\">Vida \u00fatil: hasta 18 meses sin abrir<\/li>\n<li data-section-id=\"1j3efz3\" data-start=\"1065\" data-end=\"1117\">Duraci\u00f3n tras la apertura: entre 10 y 12 semanas<\/li>\n<\/ul>\n","protected":false},"excerpt":{"rendered":"<p>El nuevo suero Tri-Retinoid Complex de Environ Skincare sustituye al Retinol Serum 1, incorporando una f\u00f3rmula avanzada con m\u00faltiples formas de vitamina A para potenciar resultados.<\/p>\n","protected":false},"featured_media":24043,"comment_status":"open","ping_status":"closed","template":"","meta":[],"product_cat":[335,178,378,344],"product_tag":[252],"class_list":{"0":"post-24042","1":"product","2":"type-product","3":"status-publish","4":"has-post-thumbnail","6":"product_cat-facial","7":"product_cat-environ","8":"product_cat-environ-focus-care-youth","9":"product_cat-serums","10":"product_tag-envejecimiento","12":"first","13":"instock","14":"sale","15":"featured","16":"taxable","17":"shipping-taxable","18":"purchasable","19":"product-type-simple"},"translation":{"provider":"WPGlobus","version":"3.0.0","language":"en","enabled_languages":["es","en","fr"],"languages":{"es":{"title":true,"content":true,"excerpt":true},"en":{"title":false,"content":false,"excerpt":false},"fr":{"title":false,"content":false,"excerpt":false}}},"yoast_head":"<!-- This site is optimized with the Yoast SEO plugin v23.5 - https:\/\/yoast.com\/wordpress\/plugins\/seo\/ -->\n<title>Environ Body Derma-Lac Lotion 200ml | Sole Centro de Imagen\u2122<\/title>\n<meta name=\"robots\" content=\"index, follow, max-snippet:-1, max-image-preview:large, max-video-preview:-1\" \/>\n<link rel=\"canonical\" href=\"https:\/\/solecentrodeimagen.com\/producto\/focus-care-youth-tri-retinoid-complex-retinol-serum-30ml\/\" \/>\n<meta property=\"og:locale\" content=\"en_US\" \/>\n<meta property=\"og:type\" content=\"article\" \/>\n<meta property=\"og:title\" content=\"Focus Care Youth+ Tri-Retinoid Complex Retinol Serum 30ml | Sole Centro de Imagen\" \/>\n<meta property=\"og:url\" content=\"https:\/\/solecentrodeimagen.com\/producto\/focus-care-youth-tri-retinoid-complex-retinol-serum-30ml\/\" \/>\n<meta property=\"og:site_name\" content=\"Sole Centro de Imagen\" \/>\n<meta property=\"article:publisher\" content=\"http:\/\/www.facebook.com\/solecentrodeimagen\" \/>\n<meta property=\"article:modified_time\" content=\"2026-04-15T14:52:46+00:00\" \/>\n<meta property=\"og:image\" content=\"https:\/\/solecentrodeimagen.com\/wp-content\/uploads\/2026\/04\/environ-retinol-30ml.webp\" \/>\n\t<meta property=\"og:image:width\" content=\"823\" \/>\n\t<meta property=\"og:image:height\" content=\"823\" \/>\n\t<meta property=\"og:image:type\" content=\"image\/webp\" \/>\n<meta name=\"twitter:card\" content=\"summary_large_image\" \/>\n<meta name=\"twitter:label1\" content=\"Est. reading time\" \/>\n\t<meta name=\"twitter:data1\" content=\"1 minute\" \/>\n<script type=\"application\/ld+json\" class=\"yoast-schema-graph\">{\"@context\":\"https:\/\/schema.org\",\"@graph\":[{\"@type\":\"WebPage\",\"@id\":\"https:\/\/solecentrodeimagen.com\/producto\/focus-care-youth-tri-retinoid-complex-retinol-serum-30ml\/\",\"url\":\"https:\/\/solecentrodeimagen.com\/producto\/focus-care-youth-tri-retinoid-complex-retinol-serum-30ml\/\",\"name\":\"Environ Body Derma-Lac Lotion 200ml | Sole Centro de Imagen\u2122\",\"isPartOf\":{\"@id\":\"https:\/\/solecentrodeimagen.com\/#website\"},\"primaryImageOfPage\":{\"@id\":\"https:\/\/solecentrodeimagen.com\/producto\/focus-care-youth-tri-retinoid-complex-retinol-serum-30ml\/#primaryimage\"},\"image\":{\"@id\":\"https:\/\/solecentrodeimagen.com\/producto\/focus-care-youth-tri-retinoid-complex-retinol-serum-30ml\/#primaryimage\"},\"thumbnailUrl\":\"https:\/\/solecentrodeimagen.com\/wp-content\/uploads\/2026\/04\/environ-retinol-30ml.webp\",\"datePublished\":\"2026-04-15T14:30:05+00:00\",\"dateModified\":\"2026-04-15T14:52:46+00:00\",\"description\":\"El nuevo suero Tri-Retinoid Complex de Environ Skincare sustituye al Retinol Serum 1, incorporando una f\u00f3rmula avanzada con m\u00faltiples formas de vitamina A para potenciar resultados.\",\"breadcrumb\":{\"@id\":\"https:\/\/solecentrodeimagen.com\/producto\/focus-care-youth-tri-retinoid-complex-retinol-serum-30ml\/#breadcrumb\"},\"inLanguage\":\"en-US\",\"potentialAction\":[{\"@type\":\"ReadAction\",\"target\":[\"https:\/\/solecentrodeimagen.com\/producto\/focus-care-youth-tri-retinoid-complex-retinol-serum-30ml\/\"]}]},{\"@type\":\"ImageObject\",\"inLanguage\":\"en-US\",\"@id\":\"https:\/\/solecentrodeimagen.com\/producto\/focus-care-youth-tri-retinoid-complex-retinol-serum-30ml\/#primaryimage\",\"url\":\"https:\/\/solecentrodeimagen.com\/wp-content\/uploads\/2026\/04\/environ-retinol-30ml.webp\",\"contentUrl\":\"https:\/\/solecentrodeimagen.com\/wp-content\/uploads\/2026\/04\/environ-retinol-30ml.webp\",\"width\":823,\"height\":823},{\"@type\":\"BreadcrumbList\",\"@id\":\"https:\/\/solecentrodeimagen.com\/producto\/focus-care-youth-tri-retinoid-complex-retinol-serum-30ml\/#breadcrumb\",\"itemListElement\":[{\"@type\":\"ListItem\",\"position\":1,\"name\":\"Home\",\"item\":\"https:\/\/solecentrodeimagen.com\/\"},{\"@type\":\"ListItem\",\"position\":2,\"name\":\"Tienda\",\"item\":\"https:\/\/solecentrodeimagen.com\/tienda\/\"},{\"@type\":\"ListItem\",\"position\":3,\"name\":\"Focus Care Youth+ Tri-Retinoid Complex Retinol Serum 30ml\"}]},{\"@type\":\"WebSite\",\"@id\":\"https:\/\/solecentrodeimagen.com\/#website\",\"url\":\"https:\/\/solecentrodeimagen.com\/\",\"name\":\"Sole Centro de Imagen\",\"description\":\"Centro Medicina Est\u00e9tica, Dermatolog\u00eda y Est\u00e9tica avanzada\",\"publisher\":{\"@id\":\"https:\/\/solecentrodeimagen.com\/#organization\"},\"potentialAction\":[{\"@type\":\"SearchAction\",\"target\":{\"@type\":\"EntryPoint\",\"urlTemplate\":\"https:\/\/solecentrodeimagen.com\/?s={search_term_string}\"},\"query-input\":{\"@type\":\"PropertyValueSpecification\",\"valueRequired\":true,\"valueName\":\"search_term_string\"}}],\"inLanguage\":\"en-US\"},{\"@type\":\"Organization\",\"@id\":\"https:\/\/solecentrodeimagen.com\/#organization\",\"name\":\"Sole Centro de Imagen Integral\",\"url\":\"https:\/\/solecentrodeimagen.com\/\",\"logo\":{\"@type\":\"ImageObject\",\"inLanguage\":\"en-US\",\"@id\":\"https:\/\/solecentrodeimagen.com\/#\/schema\/logo\/image\/\",\"url\":\"https:\/\/solecentrodeimagen.com\/wp-content\/uploads\/2016\/06\/logo-solecentromedico.png\",\"contentUrl\":\"https:\/\/solecentrodeimagen.com\/wp-content\/uploads\/2016\/06\/logo-solecentromedico.png\",\"width\":281,\"height\":96,\"caption\":\"Sole Centro de Imagen Integral\"},\"image\":{\"@id\":\"https:\/\/solecentrodeimagen.com\/#\/schema\/logo\/image\/\"},\"sameAs\":[\"http:\/\/www.facebook.com\/solecentrodeimagen\",\"http:\/\/www.instagram.com\/solecentrodeimagen\"]}]}<\/script>\n<!-- \/ Yoast SEO plugin. -->","yoast_head_json":{"title":"Environ Body Derma-Lac Lotion 200ml | Sole Centro de Imagen\u2122","robots":{"index":"index","follow":"follow","max-snippet":"max-snippet:-1","max-image-preview":"max-image-preview:large","max-video-preview":"max-video-preview:-1"},"canonical":"https:\/\/solecentrodeimagen.com\/producto\/focus-care-youth-tri-retinoid-complex-retinol-serum-30ml\/","og_locale":"en_US","og_type":"article","og_title":"Focus Care Youth+ Tri-Retinoid Complex Retinol Serum 30ml | Sole Centro de Imagen","og_url":"https:\/\/solecentrodeimagen.com\/producto\/focus-care-youth-tri-retinoid-complex-retinol-serum-30ml\/","og_site_name":"Sole Centro de Imagen","article_publisher":"http:\/\/www.facebook.com\/solecentrodeimagen","article_modified_time":"2026-04-15T14:52:46+00:00","og_image":[{"width":823,"height":823,"url":"https:\/\/solecentrodeimagen.com\/wp-content\/uploads\/2026\/04\/environ-retinol-30ml.webp","type":"image\/webp"}],"twitter_card":"summary_large_image","twitter_misc":{"Est. reading time":"1 minute"},"schema":{"@context":"https:\/\/schema.org","@graph":[{"@type":"WebPage","@id":"https:\/\/solecentrodeimagen.com\/producto\/focus-care-youth-tri-retinoid-complex-retinol-serum-30ml\/","url":"https:\/\/solecentrodeimagen.com\/producto\/focus-care-youth-tri-retinoid-complex-retinol-serum-30ml\/","name":"Environ Body Derma-Lac Lotion 200ml | Sole Centro de Imagen\u2122","isPartOf":{"@id":"https:\/\/solecentrodeimagen.com\/#website"},"primaryImageOfPage":{"@id":"https:\/\/solecentrodeimagen.com\/producto\/focus-care-youth-tri-retinoid-complex-retinol-serum-30ml\/#primaryimage"},"image":{"@id":"https:\/\/solecentrodeimagen.com\/producto\/focus-care-youth-tri-retinoid-complex-retinol-serum-30ml\/#primaryimage"},"thumbnailUrl":"https:\/\/solecentrodeimagen.com\/wp-content\/uploads\/2026\/04\/environ-retinol-30ml.webp","datePublished":"2026-04-15T14:30:05+00:00","dateModified":"2026-04-15T14:52:46+00:00","description":"El nuevo suero Tri-Retinoid Complex de Environ Skincare sustituye al Retinol Serum 1, incorporando una f\u00f3rmula avanzada con m\u00faltiples formas de vitamina A para potenciar resultados.","breadcrumb":{"@id":"https:\/\/solecentrodeimagen.com\/producto\/focus-care-youth-tri-retinoid-complex-retinol-serum-30ml\/#breadcrumb"},"inLanguage":"en-US","potentialAction":[{"@type":"ReadAction","target":["https:\/\/solecentrodeimagen.com\/producto\/focus-care-youth-tri-retinoid-complex-retinol-serum-30ml\/"]}]},{"@type":"ImageObject","inLanguage":"en-US","@id":"https:\/\/solecentrodeimagen.com\/producto\/focus-care-youth-tri-retinoid-complex-retinol-serum-30ml\/#primaryimage","url":"https:\/\/solecentrodeimagen.com\/wp-content\/uploads\/2026\/04\/environ-retinol-30ml.webp","contentUrl":"https:\/\/solecentrodeimagen.com\/wp-content\/uploads\/2026\/04\/environ-retinol-30ml.webp","width":823,"height":823},{"@type":"BreadcrumbList","@id":"https:\/\/solecentrodeimagen.com\/producto\/focus-care-youth-tri-retinoid-complex-retinol-serum-30ml\/#breadcrumb","itemListElement":[{"@type":"ListItem","position":1,"name":"Home","item":"https:\/\/solecentrodeimagen.com\/"},{"@type":"ListItem","position":2,"name":"Tienda","item":"https:\/\/solecentrodeimagen.com\/tienda\/"},{"@type":"ListItem","position":3,"name":"Focus Care Youth+ Tri-Retinoid Complex Retinol Serum 30ml"}]},{"@type":"WebSite","@id":"https:\/\/solecentrodeimagen.com\/#website","url":"https:\/\/solecentrodeimagen.com\/","name":"Sole Centro de Imagen","description":"Centro Medicina Est\u00e9tica, Dermatolog\u00eda y Est\u00e9tica avanzada","publisher":{"@id":"https:\/\/solecentrodeimagen.com\/#organization"},"potentialAction":[{"@type":"SearchAction","target":{"@type":"EntryPoint","urlTemplate":"https:\/\/solecentrodeimagen.com\/?s={search_term_string}"},"query-input":{"@type":"PropertyValueSpecification","valueRequired":true,"valueName":"search_term_string"}}],"inLanguage":"en-US"},{"@type":"Organization","@id":"https:\/\/solecentrodeimagen.com\/#organization","name":"Sole Centro de Imagen Integral","url":"https:\/\/solecentrodeimagen.com\/","logo":{"@type":"ImageObject","inLanguage":"en-US","@id":"https:\/\/solecentrodeimagen.com\/#\/schema\/logo\/image\/","url":"https:\/\/solecentrodeimagen.com\/wp-content\/uploads\/2016\/06\/logo-solecentromedico.png","contentUrl":"https:\/\/solecentrodeimagen.com\/wp-content\/uploads\/2016\/06\/logo-solecentromedico.png","width":281,"height":96,"caption":"Sole Centro de Imagen Integral"},"image":{"@id":"https:\/\/solecentrodeimagen.com\/#\/schema\/logo\/image\/"},"sameAs":["http:\/\/www.facebook.com\/solecentrodeimagen","http:\/\/www.instagram.com\/solecentrodeimagen"]}]}},"_links":{"self":[{"href":"https:\/\/solecentrodeimagen.com\/en\/wp-json\/wp\/v2\/product\/24042"}],"collection":[{"href":"https:\/\/solecentrodeimagen.com\/en\/wp-json\/wp\/v2\/product"}],"about":[{"href":"https:\/\/solecentrodeimagen.com\/en\/wp-json\/wp\/v2\/types\/product"}],"replies":[{"embeddable":true,"href":"https:\/\/solecentrodeimagen.com\/en\/wp-json\/wp\/v2\/comments?post=24042"}],"wp:featuredmedia":[{"embeddable":true,"href":"https:\/\/solecentrodeimagen.com\/en\/wp-json\/wp\/v2\/media\/24043"}],"wp:attachment":[{"href":"https:\/\/solecentrodeimagen.com\/en\/wp-json\/wp\/v2\/media?parent=24042"}],"wp:term":[{"taxonomy":"product_cat","embeddable":true,"href":"https:\/\/solecentrodeimagen.com\/en\/wp-json\/wp\/v2\/product_cat?post=24042"},{"taxonomy":"product_tag","embeddable":true,"href":"https:\/\/solecentrodeimagen.com\/en\/wp-json\/wp\/v2\/product_tag?post=24042"}],"curies":[{"name":"wp","href":"https:\/\/api.w.org\/{rel}","templated":true}]}}