{"id":11572,"date":"2018-03-13T08:00:59","date_gmt":"2018-03-13T07:00:59","guid":{"rendered":"http:\/\/wordpress.solecentrodebelleza.com\/?page_id=11572"},"modified":"2021-02-16T11:21:10","modified_gmt":"2021-02-16T10:21:10","slug":"peluqueria","status":"publish","type":"page","link":"https:\/\/solecentrodeimagen.com\/fr\/peluqueria\/","title":{"rendered":"Tu peluquer\u00eda en Nerja"},"content":{"rendered":"<div class=\"fusion-fullwidth fullwidth-box fusion-builder-row-1 nonhundred-percent-fullwidth non-hundred-percent-height-scrolling\" style=\"--awb-border-radius-top-left:0px;--awb-border-radius-top-right:0px;--awb-border-radius-bottom-right:0px;--awb-border-radius-bottom-left:0px;--awb-flex-wrap:wrap;\" ><div class=\"fusion-builder-row fusion-row\"><div class=\"fusion-layout-column fusion_builder_column fusion-builder-column-0 fusion_builder_column_1_1 1_1 fusion-one-full fusion-column-first fusion-column-last\" style=\"--awb-bg-size:cover;--awb-margin-bottom:0px;\"><div class=\"fusion-column-wrapper fusion-flex-column-wrapper-legacy\"><div class=\"fusion-text fusion-text-1\"><div class=\"art-PostContent\">\n<div class=\"art-article\">\n<p style=\"text-align: justify;\"><a href=\"https:\/\/solecentrodeimagen.com\/wp-content\/uploads\/2016\/03\/shutterstock_66496747peq.jpg\" rel=\"attachment wp-att-15848\"><img decoding=\"async\" class=\"alignright wp-image-15848 size-medium\" title=\"Somos tu peluquer\u00eda en Nerja\" src=\"https:\/\/solecentrodeimagen.com\/wp-content\/uploads\/2016\/03\/shutterstock_66496747peq-300x194.jpg\" alt=\"Peluquer\u00eda en Nerja\" width=\"300\" height=\"194\" \/><\/a>Nuestra visi\u00f3n de futuro en continuo crecimiento nos mueve a presentarte las\u00a0nuevas tendencias y superar las expectativas llevando nuestra pasi\u00f3n por la\u00a0peluquer\u00eda hacia una nueva era.<\/p>\n<p style=\"text-align: justify;\">Estamos mostrando nuestra expresi\u00f3n art\u00edstica d\u00eda a d\u00eda y acercando nuestras\u00a0habilidades a ti.<\/p>\n<p style=\"text-align: justify;\">Puede que las tendencias llamen la atenci\u00f3n en las pasarelas\u2026 Pero lo que\u00a0realmente importa es que tambi\u00e9n llamen la atenci\u00f3n en la calle, que es\u00a0donde est\u00e1s t\u00fa. Convirtiendo las tendencias en estilos, adaptando la moda a\u00a0la vida cotidiana, creando un cabello que se ajuste a tu estado de \u00e1nimo\u2026<\/p>\n<p style=\"text-align: justify;\">Con tu sello y estilo personales. Descubre c\u00f3mo se llevan las \u00faltimas\u00a0tendencias en Par\u00eds, Londres, Berl\u00edn, Estocolmo, Tokio y m\u00e1s all\u00e1\u2026 y presta\u00a0atenci\u00f3n porque \u00a1podr\u00edas ser t\u00fa!<\/p>\n<p style=\"text-align: justify;\">\u00a1Aqu\u00ed est\u00e1 la clave para sacarte partido!<\/p>\n<p style=\"text-align: justify;\">Pocas cosas nos hacen sentir mejor que un buen cambio de imagen.\u00a0El estilista debe de tener en cuenta varios factores como la forma del\u00a0rostro, la textura y la longitud del cabello, la armonia de color asi como\u00a0el estilo y la personalidad.<\/p>\n<p style=\"text-align: justify;\">\u00a1Ahora puedes disfrutar de lo lindo!<\/p>\n<p style=\"text-align: justify;\">De suelto a recogido, de liso a rizado o con volumen, de corto a largo,\u00a0de rubio a moreno, cobrizo o violin\u2026 \u00a1Todo un arcoiris de color!<\/p>\n<p style=\"text-align: justify;\">Puedes cambiar tu imagen tantas veces como quieras. Te presentamos la mejor selecci\u00f3n de ideas con estilo.<\/p>\n<p style=\"text-align: justify;\">Sole Centro de Imagen, tu <a href=\"https:\/\/solecentrodeimagen.com\/\">peluqueria en Nerja<\/a>.<\/p>\n<p style=\"text-align: justify;\"><div class=\"fusion-sharing-box fusion-sharing-box-1 has-taglines layout-floated layout-medium-floated layout-small-floated\" style=\"background-color:#f7f7f7;--awb-layout:row;--awb-alignment-small:space-between;\" data-title=\"Tu peluquer\u00eda en Nerja\" data-description=\"Nuestra visi\u00f3n de futuro en continuo crecimiento nos mueve a presentarte las\u00a0nuevas tendencias y superar las expectativas llevando nuestra pasi\u00f3n por la\u00a0peluquer\u00eda hacia una nueva era.\r\nEstamos mostrando nuestra expresi\u00f3n art\u00edstica d\u00eda\" data-link=\"https:\/\/solecentrodeimagen.com\/fr\/peluqueria\/\"><h4 class=\"tagline\" style=\"color:#333333;\">\u00bfTe ha gustado la p\u00e1gina? Comp\u00e1rtela en tus redes sociales!<\/h4><div class=\"fusion-social-networks sharingbox-shortcode-icon-wrapper sharingbox-shortcode-icon-wrapper-1\"><span><a href=\"https:\/\/www.facebook.com\/sharer.php?u=https%3A%2F%2Fsolecentrodeimagen.com%2Ffr%2Fpeluqueria%2F&amp;t=Tu%20peluquer%C3%ADa%20en%20Nerja\" target=\"_blank\" rel=\"noreferrer nofollow\" title=\"Facebook\" aria-label=\"Facebook\" data-placement=\"top\" data-toggle=\"tooltip\" data-title=\"Facebook\"><i class=\"fusion-social-network-icon fusion-tooltip fusion-facebook awb-icon-facebook\" style=\"color:#000000;\" aria-hidden=\"true\"><\/i><\/a><\/span><span><a href=\"https:\/\/x.com\/share?text=Tu%20peluquer%C3%ADa%20en%20Nerja&amp;url=https%3A%2F%2Fsolecentrodeimagen.com%2Ffr%2Fpeluqueria%2F\" target=\"_blank\" rel=\"noopener noreferrer nofollow\" title=\"X\" aria-label=\"X\" data-placement=\"top\" data-toggle=\"tooltip\" data-title=\"X\"><i class=\"fusion-social-network-icon fusion-tooltip fusion-twitter awb-icon-twitter\" style=\"color:#000000;\" aria-hidden=\"true\"><\/i><\/a><\/span><span><a href=\"mailto:?subject=Tu%20peluquer%C3%ADa%20en%20Nerja&amp;body=https%3A%2F%2Fsolecentrodeimagen.com%2Ffr%2Fpeluqueria%2F\" target=\"_self\" rel=\"nofollow\" title=\"Email\" aria-label=\"Email\" data-placement=\"top\" data-toggle=\"tooltip\" data-title=\"Email\"><i class=\"fusion-social-network-icon fusion-tooltip fusion-mail awb-icon-mail\" style=\"color:#000000;\" aria-hidden=\"true\"><\/i><\/a><\/span><\/div><\/div>\n<\/div>\n<\/div>\n<\/div><div class=\"fusion-clearfix\"><\/div><\/div><\/div><\/div><\/div>\n","protected":false},"excerpt":{"rendered":"","protected":false},"author":13,"featured_media":0,"parent":0,"menu_order":0,"comment_status":"open","ping_status":"closed","template":"","meta":{"footnotes":""},"class_list":["post-11572","page","type-page","status-publish","hentry"],"translation":{"provider":"WPGlobus","version":"3.0.0","language":"fr","enabled_languages":["es","en","fr"],"languages":{"es":{"title":true,"content":true,"excerpt":false},"en":{"title":false,"content":false,"excerpt":false},"fr":{"title":false,"content":false,"excerpt":false}}},"yoast_head":"<!-- This site is optimized with the Yoast SEO plugin v23.5 - https:\/\/yoast.com\/wordpress\/plugins\/seo\/ -->\n<title>Tu peluquer\u00eda en Nerja de confianza - Sole Centro de Imagen Integral<\/title>\n<meta name=\"robots\" content=\"index, follow, max-snippet:-1, max-image-preview:large, max-video-preview:-1\" \/>\n<link rel=\"canonical\" href=\"https:\/\/solecentrodeimagen.com\/en\/peluqueria\/\" \/>\n<meta property=\"og:locale\" content=\"fr_FR\" \/>\n<meta property=\"og:type\" content=\"article\" \/>\n<meta property=\"og:title\" content=\"Tu peluquer\u00eda en Nerja | Sole Centro de Imagen\" \/>\n<meta property=\"og:url\" content=\"https:\/\/solecentrodeimagen.com\/en\/peluqueria\/\" \/>\n<meta property=\"og:site_name\" content=\"Sole Centro de Imagen\" \/>\n<meta property=\"article:publisher\" content=\"http:\/\/www.facebook.com\/solecentrodeimagen\" \/>\n<meta property=\"article:modified_time\" content=\"2021-02-16T10:21:10+00:00\" \/>\n<meta property=\"og:image\" content=\"https:\/\/solecentrodeimagen.com\/wp-content\/uploads\/2016\/03\/shutterstock_66496747peq-300x194.jpg\" \/>\n<meta name=\"twitter:card\" content=\"summary_large_image\" \/>\n<meta name=\"twitter:label1\" content=\"Est. reading time\" \/>\n\t<meta name=\"twitter:data1\" content=\"2 minutes\" \/>\n<script type=\"application\/ld+json\" class=\"yoast-schema-graph\">{\"@context\":\"https:\/\/schema.org\",\"@graph\":[{\"@type\":\"WebPage\",\"@id\":\"https:\/\/solecentrodeimagen.com\/en\/peluqueria\/\",\"url\":\"https:\/\/solecentrodeimagen.com\/en\/peluqueria\/\",\"name\":\"Tu peluquer\u00eda en Nerja de confianza - Sole Centro de Imagen Integral\",\"isPartOf\":{\"@id\":\"https:\/\/solecentrodeimagen.com\/#website\"},\"primaryImageOfPage\":{\"@id\":\"https:\/\/solecentrodeimagen.com\/en\/peluqueria\/#primaryimage\"},\"image\":{\"@id\":\"https:\/\/solecentrodeimagen.com\/en\/peluqueria\/#primaryimage\"},\"thumbnailUrl\":\"https:\/\/solecentrodeimagen.com\/wp-content\/uploads\/2016\/03\/shutterstock_66496747peq-300x194.jpg\",\"datePublished\":\"2018-03-13T07:00:59+00:00\",\"dateModified\":\"2021-02-16T10:21:10+00:00\",\"description\":\"Nuestra visi\u00f3n de futuro en continuo crecimiento nos mueve a presentarte las nuevas tendencias. Somos tu peluquer\u00eda en Nerja . Vis\u00edtanos!\",\"breadcrumb\":{\"@id\":\"https:\/\/solecentrodeimagen.com\/en\/peluqueria\/#breadcrumb\"},\"inLanguage\":\"fr-FR\",\"potentialAction\":[{\"@type\":\"ReadAction\",\"target\":[\"https:\/\/solecentrodeimagen.com\/en\/peluqueria\/\"]}]},{\"@type\":\"ImageObject\",\"inLanguage\":\"fr-FR\",\"@id\":\"https:\/\/solecentrodeimagen.com\/en\/peluqueria\/#primaryimage\",\"url\":\"https:\/\/solecentrodeimagen.com\/wp-content\/uploads\/2016\/03\/shutterstock_66496747peq-300x194.jpg\",\"contentUrl\":\"https:\/\/solecentrodeimagen.com\/wp-content\/uploads\/2016\/03\/shutterstock_66496747peq-300x194.jpg\"},{\"@type\":\"BreadcrumbList\",\"@id\":\"https:\/\/solecentrodeimagen.com\/en\/peluqueria\/#breadcrumb\",\"itemListElement\":[{\"@type\":\"ListItem\",\"position\":1,\"name\":\"Home\",\"item\":\"https:\/\/solecentrodeimagen.com\/\"},{\"@type\":\"ListItem\",\"position\":2,\"name\":\"Tu peluquer\u00eda en Nerja\"}]},{\"@type\":\"WebSite\",\"@id\":\"https:\/\/solecentrodeimagen.com\/#website\",\"url\":\"https:\/\/solecentrodeimagen.com\/\",\"name\":\"Sole Centro de Imagen\",\"description\":\"Centro Medicina Est\u00e9tica, Dermatolog\u00eda y Est\u00e9tica avanzada\",\"publisher\":{\"@id\":\"https:\/\/solecentrodeimagen.com\/#organization\"},\"potentialAction\":[{\"@type\":\"SearchAction\",\"target\":{\"@type\":\"EntryPoint\",\"urlTemplate\":\"https:\/\/solecentrodeimagen.com\/?s={search_term_string}\"},\"query-input\":{\"@type\":\"PropertyValueSpecification\",\"valueRequired\":true,\"valueName\":\"search_term_string\"}}],\"inLanguage\":\"fr-FR\"},{\"@type\":\"Organization\",\"@id\":\"https:\/\/solecentrodeimagen.com\/#organization\",\"name\":\"Sole Centro de Imagen Integral\",\"url\":\"https:\/\/solecentrodeimagen.com\/\",\"logo\":{\"@type\":\"ImageObject\",\"inLanguage\":\"fr-FR\",\"@id\":\"https:\/\/solecentrodeimagen.com\/#\/schema\/logo\/image\/\",\"url\":\"https:\/\/solecentrodeimagen.com\/wp-content\/uploads\/2016\/06\/logo-solecentromedico.png\",\"contentUrl\":\"https:\/\/solecentrodeimagen.com\/wp-content\/uploads\/2016\/06\/logo-solecentromedico.png\",\"width\":281,\"height\":96,\"caption\":\"Sole Centro de Imagen Integral\"},\"image\":{\"@id\":\"https:\/\/solecentrodeimagen.com\/#\/schema\/logo\/image\/\"},\"sameAs\":[\"http:\/\/www.facebook.com\/solecentrodeimagen\",\"http:\/\/www.instagram.com\/solecentrodeimagen\"]}]}<\/script>\n<!-- \/ Yoast SEO plugin. -->","yoast_head_json":{"title":"Tu peluquer\u00eda en Nerja de confianza - Sole Centro de Imagen Integral","robots":{"index":"index","follow":"follow","max-snippet":"max-snippet:-1","max-image-preview":"max-image-preview:large","max-video-preview":"max-video-preview:-1"},"canonical":"https:\/\/solecentrodeimagen.com\/en\/peluqueria\/","og_locale":"fr_FR","og_type":"article","og_title":"Tu peluquer\u00eda en Nerja | Sole Centro de Imagen","og_url":"https:\/\/solecentrodeimagen.com\/en\/peluqueria\/","og_site_name":"Sole Centro de Imagen","article_publisher":"http:\/\/www.facebook.com\/solecentrodeimagen","article_modified_time":"2021-02-16T10:21:10+00:00","og_image":[{"url":"https:\/\/solecentrodeimagen.com\/wp-content\/uploads\/2016\/03\/shutterstock_66496747peq-300x194.jpg"}],"twitter_card":"summary_large_image","twitter_misc":{"Est. reading time":"2 minutes"},"schema":{"@context":"https:\/\/schema.org","@graph":[{"@type":"WebPage","@id":"https:\/\/solecentrodeimagen.com\/en\/peluqueria\/","url":"https:\/\/solecentrodeimagen.com\/en\/peluqueria\/","name":"Tu peluquer\u00eda en Nerja de confianza - Sole Centro de Imagen Integral","isPartOf":{"@id":"https:\/\/solecentrodeimagen.com\/#website"},"primaryImageOfPage":{"@id":"https:\/\/solecentrodeimagen.com\/en\/peluqueria\/#primaryimage"},"image":{"@id":"https:\/\/solecentrodeimagen.com\/en\/peluqueria\/#primaryimage"},"thumbnailUrl":"https:\/\/solecentrodeimagen.com\/wp-content\/uploads\/2016\/03\/shutterstock_66496747peq-300x194.jpg","datePublished":"2018-03-13T07:00:59+00:00","dateModified":"2021-02-16T10:21:10+00:00","description":"Nuestra visi\u00f3n de futuro en continuo crecimiento nos mueve a presentarte las nuevas tendencias. Somos tu peluquer\u00eda en Nerja . Vis\u00edtanos!","breadcrumb":{"@id":"https:\/\/solecentrodeimagen.com\/en\/peluqueria\/#breadcrumb"},"inLanguage":"fr-FR","potentialAction":[{"@type":"ReadAction","target":["https:\/\/solecentrodeimagen.com\/en\/peluqueria\/"]}]},{"@type":"ImageObject","inLanguage":"fr-FR","@id":"https:\/\/solecentrodeimagen.com\/en\/peluqueria\/#primaryimage","url":"https:\/\/solecentrodeimagen.com\/wp-content\/uploads\/2016\/03\/shutterstock_66496747peq-300x194.jpg","contentUrl":"https:\/\/solecentrodeimagen.com\/wp-content\/uploads\/2016\/03\/shutterstock_66496747peq-300x194.jpg"},{"@type":"BreadcrumbList","@id":"https:\/\/solecentrodeimagen.com\/en\/peluqueria\/#breadcrumb","itemListElement":[{"@type":"ListItem","position":1,"name":"Home","item":"https:\/\/solecentrodeimagen.com\/"},{"@type":"ListItem","position":2,"name":"Tu peluquer\u00eda en Nerja"}]},{"@type":"WebSite","@id":"https:\/\/solecentrodeimagen.com\/#website","url":"https:\/\/solecentrodeimagen.com\/","name":"Sole Centro de Imagen","description":"Centro Medicina Est\u00e9tica, Dermatolog\u00eda y Est\u00e9tica avanzada","publisher":{"@id":"https:\/\/solecentrodeimagen.com\/#organization"},"potentialAction":[{"@type":"SearchAction","target":{"@type":"EntryPoint","urlTemplate":"https:\/\/solecentrodeimagen.com\/?s={search_term_string}"},"query-input":{"@type":"PropertyValueSpecification","valueRequired":true,"valueName":"search_term_string"}}],"inLanguage":"fr-FR"},{"@type":"Organization","@id":"https:\/\/solecentrodeimagen.com\/#organization","name":"Sole Centro de Imagen Integral","url":"https:\/\/solecentrodeimagen.com\/","logo":{"@type":"ImageObject","inLanguage":"fr-FR","@id":"https:\/\/solecentrodeimagen.com\/#\/schema\/logo\/image\/","url":"https:\/\/solecentrodeimagen.com\/wp-content\/uploads\/2016\/06\/logo-solecentromedico.png","contentUrl":"https:\/\/solecentrodeimagen.com\/wp-content\/uploads\/2016\/06\/logo-solecentromedico.png","width":281,"height":96,"caption":"Sole Centro de Imagen Integral"},"image":{"@id":"https:\/\/solecentrodeimagen.com\/#\/schema\/logo\/image\/"},"sameAs":["http:\/\/www.facebook.com\/solecentrodeimagen","http:\/\/www.instagram.com\/solecentrodeimagen"]}]}},"_links":{"self":[{"href":"https:\/\/solecentrodeimagen.com\/fr\/wp-json\/wp\/v2\/pages\/11572"}],"collection":[{"href":"https:\/\/solecentrodeimagen.com\/fr\/wp-json\/wp\/v2\/pages"}],"about":[{"href":"https:\/\/solecentrodeimagen.com\/fr\/wp-json\/wp\/v2\/types\/page"}],"author":[{"embeddable":true,"href":"https:\/\/solecentrodeimagen.com\/fr\/wp-json\/wp\/v2\/users\/13"}],"replies":[{"embeddable":true,"href":"https:\/\/solecentrodeimagen.com\/fr\/wp-json\/wp\/v2\/comments?post=11572"}],"version-history":[{"count":3,"href":"https:\/\/solecentrodeimagen.com\/fr\/wp-json\/wp\/v2\/pages\/11572\/revisions"}],"predecessor-version":[{"id":21811,"href":"https:\/\/solecentrodeimagen.com\/fr\/wp-json\/wp\/v2\/pages\/11572\/revisions\/21811"}],"wp:attachment":[{"href":"https:\/\/solecentrodeimagen.com\/fr\/wp-json\/wp\/v2\/media?parent=11572"}],"curies":[{"name":"wp","href":"https:\/\/api.w.org\/{rel}","templated":true}]}}