{"id":11598,"date":"2016-08-13T11:11:59","date_gmt":"2016-08-13T09:11:59","guid":{"rendered":"http:\/\/wordpress.solecentrodebelleza.com\/?page_id=11598"},"modified":"2020-04-20T09:43:45","modified_gmt":"2020-04-20T07:43:45","slug":"micropigmentacion","status":"publish","type":"page","link":"https:\/\/solecentrodeimagen.com\/fr\/estetica-avanzada\/micropigmentacion\/","title":{"rendered":"Micropigmentacion"},"content":{"rendered":"<h2 style=\"text-align: justify;\">Micropigmentacion: Imagen perfecta 24h al d\u00eda 365 d\u00edas al a\u00f1o<\/h2>\n<ul style=\"text-align: justify;\">\n<li>\n<h2 style=\"text-align: justify;\"><strong><img decoding=\"async\" class=\"size-full wp-image-16266 alignright\" src=\"https:\/\/solecentrodeimagen.com\/wp-content\/uploads\/2016\/03\/micropig.jpg\" alt=\"micropigmentacion\" width=\"201\" height=\"322\" \/><\/strong><\/h2>\n<p><strong>Micropigmentacion labios: <\/strong>sensualidad y atractivo<\/li>\n<\/ul>\n<p style=\"text-align: justify;\">Resaltar su atractivo es el cometido de la Micropigmentacion. Por eso los labios son, el punto m\u00e1s sensual de nuestro rostro.<\/p>\n<p style=\"text-align: justify;\">Embellecimiento, perfecci\u00f3n, armon\u00eda, vol\u00famen \u00f3ptico, arreglar imperfecciones, perfilar la silueta, modificar su dibujo, &#8230; Todo ello con resultados naturales y tonalidades suaves que son los m\u00e1s solicitados.\u00a0<strong><a href=\"https:\/\/solecentrodeimagen.com\/estetica-avanzada\/micropigmentacion\/micropigmentacion-labios\/\"><em>Ver m\u00e1s<\/em><\/a><\/strong><\/p>\n<ul style=\"text-align: justify;\">\n<li><strong>Micropigmentacion de cejas:<\/strong> perfecci\u00f3n y armon\u00eda<\/li>\n<\/ul>\n<p style=\"text-align: justify;\">Indispensable a cualquier edad para corregir asimetr\u00edas o imperfecciones. Para quienes necesitan maquillar sus cejas diariamente por alopecia, la t\u00e9cnica de Micropigmentaci\u00f3n, es una necesidad. Esta t\u00e9cnica se realiza pelo a pelo y con tonalidades naturales que armonicen con el cabello, los ojos y el tipo de piel.<\/p>\n<ul style=\"text-align: justify;\">\n<li><strong>Micropigmentacion Eye liner: <\/strong>elegancia y naturalidad<\/li>\n<\/ul>\n<p style=\"text-align: justify;\">La naturalidad debe estar por encima de cualquier premisa. Los colores son mates y discretos.<\/p>\n<p style=\"text-align: justify;\">*Este establecimiento utiliza productos autorizados <strong>Mario Gisbert-Goldeneye<\/strong>.<\/p>\n<p style=\"text-align: justify;\">Mario Gisbert-Goldenye es la primera empresa de Micropigmentaci\u00f3n Autorizada por el Ministerio de Sanidad, la Resoluci\u00f3n del Consejo de Europa y las Comunidades Autonomas, que obligan al uso de pigmentos en envase monodosis (desechable) y esterilizado.<\/p>\n<p style=\"text-align: justify;\">Si est\u00e1 interesada\/o en este tratamiento y quiere realizar alguna consulta, pinche<strong><span style=\"color: #993366;\"> <a style=\"color: #993366;\" href=\"https:\/\/solecentrodeimagen.com\/contacto\/\">aqu\u00ed<\/a><\/span><\/strong>.<\/p>\n","protected":false},"excerpt":{"rendered":"<p>Micropigmentacion: Imagen perfecta 24h al d\u00eda 365 d\u00edas al a\u00f1o Micropigmentacion labios: sensualidad y atractivo Resaltar su atractivo es el cometido de la Micropigmentacion. Por eso los labios son, el punto m\u00e1s sensual de nuestro rostro. Embellecimiento, perfecci\u00f3n, armon\u00eda, vol\u00famen \u00f3ptico, arreglar imperfecciones, perfilar la silueta, modificar su dibujo, &#8230; Todo ello con resultados naturales [&hellip;]<\/p>\n","protected":false},"author":13,"featured_media":0,"parent":20122,"menu_order":0,"comment_status":"open","ping_status":"closed","template":"","meta":{"footnotes":""},"class_list":["post-11598","page","type-page","status-publish","hentry"],"translation":{"provider":"WPGlobus","version":"3.0.0","language":"fr","enabled_languages":["es","en","fr"],"languages":{"es":{"title":true,"content":true,"excerpt":false},"en":{"title":false,"content":false,"excerpt":false},"fr":{"title":false,"content":false,"excerpt":false}}},"yoast_head":"<!-- This site is optimized with the Yoast SEO plugin v23.5 - https:\/\/yoast.com\/wordpress\/plugins\/seo\/ -->\n<title>Micropigmentacion | Sole Centro de Imagen<\/title>\n<meta name=\"robots\" content=\"index, follow, max-snippet:-1, max-image-preview:large, max-video-preview:-1\" \/>\n<link rel=\"canonical\" href=\"https:\/\/solecentrodeimagen.com\/en\/estetica-avanzada\/micropigmentacion\/\" \/>\n<meta property=\"og:locale\" content=\"fr_FR\" \/>\n<meta property=\"og:type\" content=\"article\" \/>\n<meta property=\"og:title\" content=\"Micropigmentacion | Sole Centro de Imagen\" \/>\n<meta property=\"og:url\" content=\"https:\/\/solecentrodeimagen.com\/en\/estetica-avanzada\/micropigmentacion\/\" \/>\n<meta property=\"og:site_name\" content=\"Sole Centro de Imagen\" \/>\n<meta property=\"article:publisher\" content=\"http:\/\/www.facebook.com\/solecentrodeimagen\" \/>\n<meta property=\"article:modified_time\" content=\"2020-04-20T07:43:45+00:00\" \/>\n<meta property=\"og:image\" content=\"https:\/\/solecentrodeimagen.com\/wp-content\/uploads\/2016\/03\/micropig.jpg\" \/>\n<meta name=\"twitter:card\" content=\"summary_large_image\" \/>\n<meta name=\"twitter:label1\" content=\"Est. reading time\" \/>\n\t<meta name=\"twitter:data1\" content=\"1 minute\" \/>\n<script type=\"application\/ld+json\" class=\"yoast-schema-graph\">{\"@context\":\"https:\/\/schema.org\",\"@graph\":[{\"@type\":\"WebPage\",\"@id\":\"https:\/\/solecentrodeimagen.com\/en\/estetica-avanzada\/micropigmentacion\/\",\"url\":\"https:\/\/solecentrodeimagen.com\/en\/estetica-avanzada\/micropigmentacion\/\",\"name\":\"Micropigmentacion | Sole Centro de Imagen\",\"isPartOf\":{\"@id\":\"https:\/\/solecentrodeimagen.com\/#website\"},\"primaryImageOfPage\":{\"@id\":\"https:\/\/solecentrodeimagen.com\/en\/estetica-avanzada\/micropigmentacion\/#primaryimage\"},\"image\":{\"@id\":\"https:\/\/solecentrodeimagen.com\/en\/estetica-avanzada\/micropigmentacion\/#primaryimage\"},\"thumbnailUrl\":\"https:\/\/solecentrodeimagen.com\/wp-content\/uploads\/2016\/03\/micropig.jpg\",\"datePublished\":\"2016-08-13T09:11:59+00:00\",\"dateModified\":\"2020-04-20T07:43:45+00:00\",\"description\":\"Servicios de micropigmentacion de cejas, ojos y labios. Los mejores profesionales a su disposici\u00f3n. Imagen perfecta 24h al d\u00eda, 365 d\u00edas al a\u00f1o.\",\"breadcrumb\":{\"@id\":\"https:\/\/solecentrodeimagen.com\/en\/estetica-avanzada\/micropigmentacion\/#breadcrumb\"},\"inLanguage\":\"fr-FR\",\"potentialAction\":[{\"@type\":\"ReadAction\",\"target\":[\"https:\/\/solecentrodeimagen.com\/en\/estetica-avanzada\/micropigmentacion\/\"]}]},{\"@type\":\"ImageObject\",\"inLanguage\":\"fr-FR\",\"@id\":\"https:\/\/solecentrodeimagen.com\/en\/estetica-avanzada\/micropigmentacion\/#primaryimage\",\"url\":\"https:\/\/solecentrodeimagen.com\/wp-content\/uploads\/2016\/03\/micropig.jpg\",\"contentUrl\":\"https:\/\/solecentrodeimagen.com\/wp-content\/uploads\/2016\/03\/micropig.jpg\"},{\"@type\":\"BreadcrumbList\",\"@id\":\"https:\/\/solecentrodeimagen.com\/en\/estetica-avanzada\/micropigmentacion\/#breadcrumb\",\"itemListElement\":[{\"@type\":\"ListItem\",\"position\":1,\"name\":\"Home\",\"item\":\"https:\/\/solecentrodeimagen.com\/\"},{\"@type\":\"ListItem\",\"position\":2,\"name\":\"Tratamientos de Est\u00e9tica Avanzada\",\"item\":\"https:\/\/solecentrodeimagen.com\/estetica-avanzada\/\"},{\"@type\":\"ListItem\",\"position\":3,\"name\":\"Micropigmentacion\"}]},{\"@type\":\"WebSite\",\"@id\":\"https:\/\/solecentrodeimagen.com\/#website\",\"url\":\"https:\/\/solecentrodeimagen.com\/\",\"name\":\"Sole Centro de Imagen\",\"description\":\"Centro Medicina Est\u00e9tica, Dermatolog\u00eda y Est\u00e9tica avanzada\",\"publisher\":{\"@id\":\"https:\/\/solecentrodeimagen.com\/#organization\"},\"potentialAction\":[{\"@type\":\"SearchAction\",\"target\":{\"@type\":\"EntryPoint\",\"urlTemplate\":\"https:\/\/solecentrodeimagen.com\/?s={search_term_string}\"},\"query-input\":{\"@type\":\"PropertyValueSpecification\",\"valueRequired\":true,\"valueName\":\"search_term_string\"}}],\"inLanguage\":\"fr-FR\"},{\"@type\":\"Organization\",\"@id\":\"https:\/\/solecentrodeimagen.com\/#organization\",\"name\":\"Sole Centro de Imagen Integral\",\"url\":\"https:\/\/solecentrodeimagen.com\/\",\"logo\":{\"@type\":\"ImageObject\",\"inLanguage\":\"fr-FR\",\"@id\":\"https:\/\/solecentrodeimagen.com\/#\/schema\/logo\/image\/\",\"url\":\"https:\/\/solecentrodeimagen.com\/wp-content\/uploads\/2016\/06\/logo-solecentromedico.png\",\"contentUrl\":\"https:\/\/solecentrodeimagen.com\/wp-content\/uploads\/2016\/06\/logo-solecentromedico.png\",\"width\":281,\"height\":96,\"caption\":\"Sole Centro de Imagen Integral\"},\"image\":{\"@id\":\"https:\/\/solecentrodeimagen.com\/#\/schema\/logo\/image\/\"},\"sameAs\":[\"http:\/\/www.facebook.com\/solecentrodeimagen\",\"http:\/\/www.instagram.com\/solecentrodeimagen\"]}]}<\/script>\n<!-- \/ Yoast SEO plugin. -->","yoast_head_json":{"title":"Micropigmentacion | Sole Centro de Imagen","robots":{"index":"index","follow":"follow","max-snippet":"max-snippet:-1","max-image-preview":"max-image-preview:large","max-video-preview":"max-video-preview:-1"},"canonical":"https:\/\/solecentrodeimagen.com\/en\/estetica-avanzada\/micropigmentacion\/","og_locale":"fr_FR","og_type":"article","og_title":"Micropigmentacion | Sole Centro de Imagen","og_url":"https:\/\/solecentrodeimagen.com\/en\/estetica-avanzada\/micropigmentacion\/","og_site_name":"Sole Centro de Imagen","article_publisher":"http:\/\/www.facebook.com\/solecentrodeimagen","article_modified_time":"2020-04-20T07:43:45+00:00","og_image":[{"url":"https:\/\/solecentrodeimagen.com\/wp-content\/uploads\/2016\/03\/micropig.jpg"}],"twitter_card":"summary_large_image","twitter_misc":{"Est. reading time":"1 minute"},"schema":{"@context":"https:\/\/schema.org","@graph":[{"@type":"WebPage","@id":"https:\/\/solecentrodeimagen.com\/en\/estetica-avanzada\/micropigmentacion\/","url":"https:\/\/solecentrodeimagen.com\/en\/estetica-avanzada\/micropigmentacion\/","name":"Micropigmentacion | Sole Centro de Imagen","isPartOf":{"@id":"https:\/\/solecentrodeimagen.com\/#website"},"primaryImageOfPage":{"@id":"https:\/\/solecentrodeimagen.com\/en\/estetica-avanzada\/micropigmentacion\/#primaryimage"},"image":{"@id":"https:\/\/solecentrodeimagen.com\/en\/estetica-avanzada\/micropigmentacion\/#primaryimage"},"thumbnailUrl":"https:\/\/solecentrodeimagen.com\/wp-content\/uploads\/2016\/03\/micropig.jpg","datePublished":"2016-08-13T09:11:59+00:00","dateModified":"2020-04-20T07:43:45+00:00","description":"Servicios de micropigmentacion de cejas, ojos y labios. Los mejores profesionales a su disposici\u00f3n. Imagen perfecta 24h al d\u00eda, 365 d\u00edas al a\u00f1o.","breadcrumb":{"@id":"https:\/\/solecentrodeimagen.com\/en\/estetica-avanzada\/micropigmentacion\/#breadcrumb"},"inLanguage":"fr-FR","potentialAction":[{"@type":"ReadAction","target":["https:\/\/solecentrodeimagen.com\/en\/estetica-avanzada\/micropigmentacion\/"]}]},{"@type":"ImageObject","inLanguage":"fr-FR","@id":"https:\/\/solecentrodeimagen.com\/en\/estetica-avanzada\/micropigmentacion\/#primaryimage","url":"https:\/\/solecentrodeimagen.com\/wp-content\/uploads\/2016\/03\/micropig.jpg","contentUrl":"https:\/\/solecentrodeimagen.com\/wp-content\/uploads\/2016\/03\/micropig.jpg"},{"@type":"BreadcrumbList","@id":"https:\/\/solecentrodeimagen.com\/en\/estetica-avanzada\/micropigmentacion\/#breadcrumb","itemListElement":[{"@type":"ListItem","position":1,"name":"Home","item":"https:\/\/solecentrodeimagen.com\/"},{"@type":"ListItem","position":2,"name":"Tratamientos de Est\u00e9tica Avanzada","item":"https:\/\/solecentrodeimagen.com\/estetica-avanzada\/"},{"@type":"ListItem","position":3,"name":"Micropigmentacion"}]},{"@type":"WebSite","@id":"https:\/\/solecentrodeimagen.com\/#website","url":"https:\/\/solecentrodeimagen.com\/","name":"Sole Centro de Imagen","description":"Centro Medicina Est\u00e9tica, Dermatolog\u00eda y Est\u00e9tica avanzada","publisher":{"@id":"https:\/\/solecentrodeimagen.com\/#organization"},"potentialAction":[{"@type":"SearchAction","target":{"@type":"EntryPoint","urlTemplate":"https:\/\/solecentrodeimagen.com\/?s={search_term_string}"},"query-input":{"@type":"PropertyValueSpecification","valueRequired":true,"valueName":"search_term_string"}}],"inLanguage":"fr-FR"},{"@type":"Organization","@id":"https:\/\/solecentrodeimagen.com\/#organization","name":"Sole Centro de Imagen Integral","url":"https:\/\/solecentrodeimagen.com\/","logo":{"@type":"ImageObject","inLanguage":"fr-FR","@id":"https:\/\/solecentrodeimagen.com\/#\/schema\/logo\/image\/","url":"https:\/\/solecentrodeimagen.com\/wp-content\/uploads\/2016\/06\/logo-solecentromedico.png","contentUrl":"https:\/\/solecentrodeimagen.com\/wp-content\/uploads\/2016\/06\/logo-solecentromedico.png","width":281,"height":96,"caption":"Sole Centro de Imagen Integral"},"image":{"@id":"https:\/\/solecentrodeimagen.com\/#\/schema\/logo\/image\/"},"sameAs":["http:\/\/www.facebook.com\/solecentrodeimagen","http:\/\/www.instagram.com\/solecentrodeimagen"]}]}},"_links":{"self":[{"href":"https:\/\/solecentrodeimagen.com\/fr\/wp-json\/wp\/v2\/pages\/11598"}],"collection":[{"href":"https:\/\/solecentrodeimagen.com\/fr\/wp-json\/wp\/v2\/pages"}],"about":[{"href":"https:\/\/solecentrodeimagen.com\/fr\/wp-json\/wp\/v2\/types\/page"}],"author":[{"embeddable":true,"href":"https:\/\/solecentrodeimagen.com\/fr\/wp-json\/wp\/v2\/users\/13"}],"replies":[{"embeddable":true,"href":"https:\/\/solecentrodeimagen.com\/fr\/wp-json\/wp\/v2\/comments?post=11598"}],"version-history":[{"count":4,"href":"https:\/\/solecentrodeimagen.com\/fr\/wp-json\/wp\/v2\/pages\/11598\/revisions"}],"predecessor-version":[{"id":20643,"href":"https:\/\/solecentrodeimagen.com\/fr\/wp-json\/wp\/v2\/pages\/11598\/revisions\/20643"}],"up":[{"embeddable":true,"href":"https:\/\/solecentrodeimagen.com\/fr\/wp-json\/wp\/v2\/pages\/20122"}],"wp:attachment":[{"href":"https:\/\/solecentrodeimagen.com\/fr\/wp-json\/wp\/v2\/media?parent=11598"}],"curies":[{"name":"wp","href":"https:\/\/api.w.org\/{rel}","templated":true}]}}