{"id":11661,"date":"2024-09-24T09:45:07","date_gmt":"2024-09-24T07:45:07","guid":{"rendered":"http:\/\/wordpress.solecentrodebelleza.com\/?page_id=11661"},"modified":"2024-09-25T22:21:24","modified_gmt":"2024-09-25T20:21:24","slug":"fotorejuvenecimiento-facial","status":"publish","type":"page","link":"https:\/\/solecentrodeimagen.com\/fr\/estetica-avanzada\/fotorejuvenecimiento-facial\/","title":{"rendered":"Fotorejuvenecimiento Facial con IPL"},"content":{"rendered":"<h1 style=\"text-align: justify;\">\u00bfQu\u00e9 es el Fotorejuvenecimiento Facial con IPL?<\/h1>\n<p style=\"text-align: justify;\">El fotorejuvenecimiento facial mejora la calidad la piel y proporciona un aspecto m\u00e1s suave y terso de forma duradera.<\/p>\n<p style=\"text-align: justify;\">Es uno de los \u00faltimos tratamientos de rejuvenecimiento facial que consiste en aplicar pulsos de luz intensa (IPL) en la piel penetrando\u00a0en esta y estimulando la formaci\u00f3n de nuevo col\u00e1geno.<\/p>\n<p class=\"art-article\" style=\"text-align: justify;\">Est\u00e1 indicado para tratar los eritemas en el rostro, cuello y escote, el da\u00f1o solar, los problemas\u00a0de pigmentaci\u00f3n, piel desgastada o aspera, cicatrices del acn\u00e9, poros, y para recuperar y conseguir una piel fresca y joven.<\/p>\n<h2 style=\"text-align: justify;\">Beneficios del Fotorejuvenecimiento Facial<\/h2>\n<ul style=\"text-align: justify;\">\n<li>Se puede aplicar en rostro, cuello y escote de forma eficaz.<\/li>\n<li>Alisa la superficie cutanea y mejora la calidad de la piel.<\/li>\n<li>Suaviza la piel gracias a la reducci\u00f3n del tama\u00f1o de los poros<\/li>\n<li>Mejora y rejuvenece la piel de forma notable y duradera.<\/li>\n<li>El tratamiento es r\u00e1pido, practicamente indoloro y c\u00f3modo para el paciente.<\/li>\n<li>No necesita recuperaci\u00f3n despu\u00e9s del tratamiento.<\/li>\n<li>No existen efectos secundarios ni deja marcas o cicatrices una vez aplicado el tratamiento<\/li>\n<\/ul>\n<h2 style=\"text-align: justify;\">\u00bfQue necesitas saber antes de empezar este tratamiento?<\/h2>\n<p style=\"text-align: justify;\">&#8211; Se debe evitar la exposici\u00f3n al sol o al bronceado artificial durante las 2-4 semanas anteriores y posteriores al tratamiento.<\/p>\n<p style=\"text-align: justify;\">&#8211; El tratamiento consiste en la aplicaci\u00f3n de un gel de contacto en la zona, para despu\u00e9s aplicar pulsos de luz sobre la zona interesada.<\/p>\n<p style=\"text-align: justify;\">&#8211; En el tratamiento de arrugas se suelen realizar de 6 a 12 sesiones con una frecuencia de una sesi\u00f3n por semana.<\/p>\n<p style=\"text-align: justify;\">&#8211; En el tratamiento de las pigmentaciones en funci\u00f3n de la gravedad del caso puede que sea necesario realizar mas de una sesi\u00f3n de tratamiento.<\/p>\n<p style=\"text-align: justify;\">&#8211; A nivel de las pigmentaciones, la luz act\u00faa sobre el pigmento que se encuenta acumulado a nivel de las hiperpigmentaciones haciendo que \u00e9ste se caliente, destruya y sea expulsado del cuerpo o eliminado porc\u00e9lulas de defensa del cuerpo.<\/p>\n<h2 style=\"text-align: justify;\">Riesgos del fotorejuvenecimiento facial con luz pulsada<\/h2>\n<p style=\"text-align: justify;\">La depilaci\u00f3n con luz pulsada se considera un procedimiento seguro con m\u00ednimos efectos secundarios, pero como cualquier procedimiento puede entra\u00f1ar un cierto grado de riesgo y es importante que usted comprenda los riesgos asociados a esta t\u00e9cnica. La decisi\u00f3n individual de someterse a un tratamiento se basa en la comparaci\u00f3n del riesgo con el beneficio potencial. Aunque en la mayor\u00eda de personas tratadas no se presentan est\u00e1n complicaciones, usted deber\u00eda comentar cada una de ellas con la persona que le propone realizar el tratamiento para mejorar su comprensi\u00f3n:<\/p>\n<p style=\"text-align: justify;\"><strong>Dolor<\/strong>.- La sensaci\u00f3n de molestia o posible dolor es muy variable de unas personas a otras y de unas zonas a otras, pero siempre se pueden recurrir a t\u00e9cnicas, como la aplicaci\u00f3n de fr\u00edo,\u00a0 para minimizar esta molestia.<\/p>\n<p style=\"text-align: justify;\"><strong>Eritema<\/strong>.- Es normal que despu\u00e9s de una sesi\u00f3n de depilaci\u00f3n con luz pulsada, la piel aparezca ligeramente enrojecida. Es un proceso transitorio que desaparecer\u00e1 en pocas horas.<\/p>\n<p style=\"text-align: justify;\"><strong>Ves\u00edculas o ampollas<\/strong>.- La aparici\u00f3n de ves\u00edculas o ampollas es un fen\u00f3meno muy poco frecuente, pero puede aparecer en algunos tipos de piel o como una respuesta cut\u00e1nea exagerada (mayor frecuencia en personas reci\u00e9n bronceadas)<\/p>\n<p style=\"text-align: justify;\"><strong>Quemaduras<\/strong>.- La aparici\u00f3n de quemaduras es rar\u00edsima y puede ser debido a una hipersensibilidad cut\u00e1nea, o a una dosis excesiva para ese tipo de piel (aunque dos pieles parezcan iguales y se pueda pensar en una dosis similar, a veces la respuesta cut\u00e1nea o el bronceado es diferente).<\/p>\n<p style=\"text-align: justify;\"><strong>Alteraciones de la pigmentaci\u00f3n<\/strong>.- Los cambios de pigmentaci\u00f3n, ya sea en forma de hipocrom\u00edas (manchas claras) o hipercrom\u00edas (manchas oscuras), son fen\u00f3menos de aparici\u00f3n poco frecuente que pueden estar relacionados con la aparici\u00f3n previa de quemaduras, con la exposici\u00f3n previa o posterior al sol o con un riesgo personal inherente de pigmentaci\u00f3n que presentan determinadas personas. Generalmente se trata de eventos transitorios que desaparecen por si solos en el tiempo. Para minimizar este riesgo, se recomienda evitar la exposici\u00f3n al sol o al bronceado artificial al menos 2-4 semanas antes y despu\u00e9s de la depilaci\u00f3n.<\/p>\n<h3 style=\"text-align: justify;\">Tratamiento Alternativo<\/h3>\n<p style=\"text-align: justify;\">Las formas de tratamiento alternativo son m\u00faltiples y variadas:<\/p>\n<p style=\"text-align: justify;\">&#8211; <a href=\"https:\/\/solecentrodeimagen.com\/estetica\/tipos-de-tratamientos-faciales\/radiofrecuencia-facial-indiba\/\">Radifrecuencia facial indiba: el tratamiento m\u00e1s exitoso del mercado cuya funci\u00f3n es rejuvenecer el cutis y su textura.<\/a><\/p>\n<p style=\"text-align: justify;\">&#8211; Cosm\u00e9ticos<\/p>\n<p style=\"text-align: justify;\">&#8211; Peelings (Mec\u00e1nicos y qu\u00edmicos)<\/p>\n<p style=\"text-align: justify;\">&#8211; Combinaci\u00f3n de las t\u00e9cnicas anteriores<\/p>\n<p style=\"text-align: justify;\">&#8211; Cirug\u00eda<\/p>\n<p class=\"art-article\" style=\"text-align: justify;\">Si est\u00e1 interesada\/o en este tratamiento y quiere realizar alguna consulta, pinche <strong><a href=\"https:\/\/solecentrodeimagen.com\/contacto\/\"><span style=\"color: #993366;\">aqu\u00ed<\/span>.<\/a><\/strong><\/p>\n<p style=\"text-align: justify;\"><div class=\"fusion-fullwidth fullwidth-box fusion-builder-row-1 hundred-percent-fullwidth non-hundred-percent-height-scrolling\" style=\"--awb-border-radius-top-left:0px;--awb-border-radius-top-right:0px;--awb-border-radius-bottom-right:0px;--awb-border-radius-bottom-left:0px;--awb-overflow:visible;--awb-margin-top:20px;--awb-background-color:rgba(255,255,255,0);--awb-flex-wrap:wrap;\" ><div class=\"fusion-builder-row fusion-row\"><div class=\"fusion-layout-column fusion_builder_column fusion-builder-column-0 fusion_builder_column_1_1 1_1 fusion-one-full fusion-column-first fusion-column-last fusion-column-no-min-height\" style=\"--awb-bg-size:cover;--awb-margin-bottom:0px;\"><div class=\"fusion-column-wrapper fusion-flex-column-wrapper-legacy\"><div class=\"fusion-sep-clear\"><\/div><div class=\"fusion-separator fusion-full-width-sep\" style=\"margin-left: auto;margin-right: auto;width:100%;\"><\/div><div class=\"fusion-sep-clear\"><\/div><div class=\"fusion-clearfix\"><\/div><\/div><\/div><\/div><\/div><div class=\"fusion-fullwidth fullwidth-box fusion-builder-row-2 hundred-percent-fullwidth non-hundred-percent-height-scrolling\" style=\"--awb-border-radius-top-left:0px;--awb-border-radius-top-right:0px;--awb-border-radius-bottom-right:0px;--awb-border-radius-bottom-left:0px;--awb-overflow:visible;--awb-flex-wrap:wrap;\" ><\/div><div class=\"fusion-builder-row fusion-row\"><\/div><div class=\"fusion-layout-column fusion_builder_column fusion-builder-column-1 fusion_builder_column_1_1 1_1 fusion-one-full fusion-column-first fusion-column-last fusion-column-no-min-height\" style=\"--awb-bg-size:cover;--awb-margin-bottom:0px;width:100%;\"><div class=\"fusion-column-wrapper fusion-flex-column-wrapper-legacy\"><div class=\"fusion-clearfix\"><\/div><\/div><\/div><div class=\"fusion-sharing-box fusion-sharing-box-1 has-taglines layout-floated layout-medium-floated layout-small-floated\" style=\"background-color:#f7f7f7;--awb-layout:row;--awb-alignment-small:space-between;\" data-title=\"Fotorejuvenecimiento Facial con IPL\" data-description=\"\u00bfQu\u00e9 es el Fotorejuvenecimiento Facial con IPL?\r\nEl fotorejuvenecimiento facial mejora la calidad la piel y proporciona un aspecto m\u00e1s suave y terso de forma duradera.\r\nEs uno de los \u00faltimos tratamientos de rejuvenecimiento facial que consiste en aplicar pulsos de luz intensa (IPL) en la piel penetrando\u00a0en esta y estimulando\" data-link=\"https:\/\/solecentrodeimagen.com\/fr\/estetica-avanzada\/fotorejuvenecimiento-facial\/\"><h4 class=\"tagline\" style=\"color:#333333;\">\u00bfTe ha gustado la p\u00e1gina? Comp\u00e1rtela en tus redes sociales!<\/h4><div class=\"fusion-social-networks sharingbox-shortcode-icon-wrapper sharingbox-shortcode-icon-wrapper-1\"><span><a href=\"https:\/\/www.facebook.com\/sharer.php?u=https%3A%2F%2Fsolecentrodeimagen.com%2Ffr%2Festetica-avanzada%2Ffotorejuvenecimiento-facial%2F&amp;t=Fotorejuvenecimiento%20Facial%20con%20IPL\" target=\"_blank\" rel=\"noreferrer nofollow\" title=\"Facebook\" aria-label=\"Facebook\" data-placement=\"top\" data-toggle=\"tooltip\" data-title=\"Facebook\"><i class=\"fusion-social-network-icon fusion-tooltip fusion-facebook awb-icon-facebook\" style=\"color:#000000;\" aria-hidden=\"true\"><\/i><\/a><\/span><span><a href=\"https:\/\/x.com\/share?text=Fotorejuvenecimiento%20Facial%20con%20IPL&amp;url=https%3A%2F%2Fsolecentrodeimagen.com%2Ffr%2Festetica-avanzada%2Ffotorejuvenecimiento-facial%2F\" target=\"_blank\" rel=\"noopener noreferrer nofollow\" title=\"X\" aria-label=\"X\" data-placement=\"top\" data-toggle=\"tooltip\" data-title=\"X\"><i class=\"fusion-social-network-icon fusion-tooltip fusion-twitter awb-icon-twitter\" style=\"color:#000000;\" aria-hidden=\"true\"><\/i><\/a><\/span><span><a href=\"mailto:?subject=Fotorejuvenecimiento%20Facial%20con%20IPL&amp;body=https%3A%2F%2Fsolecentrodeimagen.com%2Ffr%2Festetica-avanzada%2Ffotorejuvenecimiento-facial%2F\" target=\"_self\" rel=\"nofollow\" title=\"Email\" aria-label=\"Email\" data-placement=\"top\" data-toggle=\"tooltip\" data-title=\"Email\"><i class=\"fusion-social-network-icon fusion-tooltip fusion-mail awb-icon-mail\" style=\"color:#000000;\" aria-hidden=\"true\"><\/i><\/a><\/span><\/div><\/div><div class=\"fusion-sep-clear\"><\/div><div class=\"fusion-separator fusion-has-icon fusion-full-width-sep\" style=\"margin-left: auto;margin-right: auto;width:100%;\"><div class=\"fusion-separator-border sep-shadow\" style=\"--awb-height:20px;--awb-amount:20px;background:radial-gradient(ellipse at 50% -50% , #e0dede 0px, rgba(255, 255, 255, 0) 80%) repeat scroll 0 0 rgba(0, 0, 0, 0);background:-webkit-radial-gradient(ellipse at 50% -50% , #e0dede 0px, rgba(255, 255, 255, 0) 80%) repeat scroll 0 0 rgba(0, 0, 0, 0);background:-moz-radial-gradient(ellipse at 50% -50% , #e0dede 0px, rgba(255, 255, 255, 0) 80%) repeat scroll 0 0 rgba(0, 0, 0, 0);background:-o-radial-gradient(ellipse at 50% -50% , #e0dede 0px, rgba(255, 255, 255, 0) 80%) repeat scroll 0 0 rgba(0, 0, 0, 0);\"><\/div><span class=\"icon-wrapper\" style=\"border-color:#e0dede;background-color:rgba(255,255,255,0);font-size:13px;width: 1.75em; height: 1.75em;border-width:1px;padding:1px;\"><i class=\" fa fa-comments\" style=\"font-size: inherit;color:#e0dede;\" aria-hidden=\"true\"><\/i><\/span><div class=\"fusion-separator-border sep-shadow\" style=\"--awb-height:20px;--awb-amount:20px;background:radial-gradient(ellipse at 50% -50% , #e0dede 0px, rgba(255, 255, 255, 0) 80%) repeat scroll 0 0 rgba(0, 0, 0, 0);background:-webkit-radial-gradient(ellipse at 50% -50% , #e0dede 0px, rgba(255, 255, 255, 0) 80%) repeat scroll 0 0 rgba(0, 0, 0, 0);background:-moz-radial-gradient(ellipse at 50% -50% , #e0dede 0px, rgba(255, 255, 255, 0) 80%) repeat scroll 0 0 rgba(0, 0, 0, 0);background:-o-radial-gradient(ellipse at 50% -50% , #e0dede 0px, rgba(255, 255, 255, 0) 80%) repeat scroll 0 0 rgba(0, 0, 0, 0);\"><\/div><\/div><div class=\"fusion-sep-clear\"><\/div><div class=\"fusion-text fusion-text-1\"><\/div><\/p>\n","protected":false},"excerpt":{"rendered":"<p>\u00bfQu\u00e9 es el Fotorejuvenecimiento Facial con IPL? El fotorejuvenecimiento facial mejora la calidad la piel y proporciona un aspecto m\u00e1s suave y terso de forma duradera. Es uno de los \u00faltimos tratamientos de rejuvenecimiento facial que consiste en aplicar pulsos de luz intensa (IPL) en la piel penetrando\u00a0en esta y estimulando la formaci\u00f3n de nuevo [&hellip;]<\/p>\n","protected":false},"author":13,"featured_media":17790,"parent":20122,"menu_order":0,"comment_status":"closed","ping_status":"closed","template":"","meta":{"footnotes":""},"class_list":["post-11661","page","type-page","status-publish","has-post-thumbnail","hentry"],"translation":{"provider":"WPGlobus","version":"3.0.0","language":"fr","enabled_languages":["es","en","fr"],"languages":{"es":{"title":true,"content":true,"excerpt":false},"en":{"title":false,"content":false,"excerpt":false},"fr":{"title":false,"content":false,"excerpt":false}}},"yoast_head":"<!-- This site is optimized with the Yoast SEO plugin v23.5 - https:\/\/yoast.com\/wordpress\/plugins\/seo\/ -->\n<title>Fotorejuvenecimiento Facial con IPL | Sole Centro de Imagen<\/title>\n<meta name=\"robots\" content=\"index, follow, max-snippet:-1, max-image-preview:large, max-video-preview:-1\" \/>\n<link rel=\"canonical\" href=\"https:\/\/solecentrodeimagen.com\/estetica-avanzada\/fotorejuvenecimiento-facial\/\" \/>\n<meta property=\"og:locale\" content=\"fr_FR\" \/>\n<meta property=\"og:type\" content=\"article\" \/>\n<meta property=\"og:title\" content=\"Fotorejuvenecimiento Facial con IPL | Sole Centro de Imagen\" \/>\n<meta property=\"og:url\" content=\"https:\/\/solecentrodeimagen.com\/estetica-avanzada\/fotorejuvenecimiento-facial\/\" \/>\n<meta property=\"og:site_name\" content=\"Sole Centro de Imagen\" \/>\n<meta property=\"article:publisher\" content=\"http:\/\/www.facebook.com\/solecentrodeimagen\" \/>\n<meta property=\"article:modified_time\" content=\"2024-09-25T20:21:24+00:00\" \/>\n<meta property=\"og:image\" content=\"https:\/\/solecentrodeimagen.com\/wp-content\/uploads\/2015\/08\/FRSORISA.jpg\" \/>\n\t<meta property=\"og:image:width\" content=\"461\" \/>\n\t<meta property=\"og:image:height\" content=\"260\" \/>\n\t<meta property=\"og:image:type\" content=\"image\/jpeg\" \/>\n<meta name=\"twitter:card\" content=\"summary_large_image\" \/>\n<meta name=\"twitter:label1\" content=\"Est. reading time\" \/>\n\t<meta name=\"twitter:data1\" content=\"4 minutes\" \/>\n<script type=\"application\/ld+json\" class=\"yoast-schema-graph\">{\"@context\":\"https:\/\/schema.org\",\"@graph\":[{\"@type\":\"WebPage\",\"@id\":\"https:\/\/solecentrodeimagen.com\/estetica-avanzada\/fotorejuvenecimiento-facial\/\",\"url\":\"https:\/\/solecentrodeimagen.com\/estetica-avanzada\/fotorejuvenecimiento-facial\/\",\"name\":\"Fotorejuvenecimiento Facial con IPL | Sole Centro de Imagen\",\"isPartOf\":{\"@id\":\"https:\/\/solecentrodeimagen.com\/#website\"},\"primaryImageOfPage\":{\"@id\":\"https:\/\/solecentrodeimagen.com\/estetica-avanzada\/fotorejuvenecimiento-facial\/#primaryimage\"},\"image\":{\"@id\":\"https:\/\/solecentrodeimagen.com\/estetica-avanzada\/fotorejuvenecimiento-facial\/#primaryimage\"},\"thumbnailUrl\":\"https:\/\/solecentrodeimagen.com\/wp-content\/uploads\/2015\/08\/FRSORISA.jpg\",\"datePublished\":\"2024-09-24T07:45:07+00:00\",\"dateModified\":\"2024-09-25T20:21:24+00:00\",\"description\":\"Gracias al Fotorejuvenecimiento facial se puede mejorar la calidad de la piel proporcionando un aspecto mas suave y terso de forma duradera\",\"breadcrumb\":{\"@id\":\"https:\/\/solecentrodeimagen.com\/estetica-avanzada\/fotorejuvenecimiento-facial\/#breadcrumb\"},\"inLanguage\":\"fr-FR\",\"potentialAction\":[{\"@type\":\"ReadAction\",\"target\":[\"https:\/\/solecentrodeimagen.com\/estetica-avanzada\/fotorejuvenecimiento-facial\/\"]}]},{\"@type\":\"ImageObject\",\"inLanguage\":\"fr-FR\",\"@id\":\"https:\/\/solecentrodeimagen.com\/estetica-avanzada\/fotorejuvenecimiento-facial\/#primaryimage\",\"url\":\"https:\/\/solecentrodeimagen.com\/wp-content\/uploads\/2015\/08\/FRSORISA.jpg\",\"contentUrl\":\"https:\/\/solecentrodeimagen.com\/wp-content\/uploads\/2015\/08\/FRSORISA.jpg\",\"width\":461,\"height\":260},{\"@type\":\"BreadcrumbList\",\"@id\":\"https:\/\/solecentrodeimagen.com\/estetica-avanzada\/fotorejuvenecimiento-facial\/#breadcrumb\",\"itemListElement\":[{\"@type\":\"ListItem\",\"position\":1,\"name\":\"Home\",\"item\":\"https:\/\/solecentrodeimagen.com\/\"},{\"@type\":\"ListItem\",\"position\":2,\"name\":\"Tratamientos de Est\u00e9tica Avanzada\",\"item\":\"https:\/\/solecentrodeimagen.com\/estetica-avanzada\/\"},{\"@type\":\"ListItem\",\"position\":3,\"name\":\"Fotorejuvenecimiento Facial con IPL\"}]},{\"@type\":\"WebSite\",\"@id\":\"https:\/\/solecentrodeimagen.com\/#website\",\"url\":\"https:\/\/solecentrodeimagen.com\/\",\"name\":\"Sole Centro de Imagen\",\"description\":\"Centro Medicina Est\u00e9tica, Dermatolog\u00eda y Est\u00e9tica avanzada\",\"publisher\":{\"@id\":\"https:\/\/solecentrodeimagen.com\/#organization\"},\"potentialAction\":[{\"@type\":\"SearchAction\",\"target\":{\"@type\":\"EntryPoint\",\"urlTemplate\":\"https:\/\/solecentrodeimagen.com\/?s={search_term_string}\"},\"query-input\":{\"@type\":\"PropertyValueSpecification\",\"valueRequired\":true,\"valueName\":\"search_term_string\"}}],\"inLanguage\":\"fr-FR\"},{\"@type\":\"Organization\",\"@id\":\"https:\/\/solecentrodeimagen.com\/#organization\",\"name\":\"Sole Centro de Imagen Integral\",\"url\":\"https:\/\/solecentrodeimagen.com\/\",\"logo\":{\"@type\":\"ImageObject\",\"inLanguage\":\"fr-FR\",\"@id\":\"https:\/\/solecentrodeimagen.com\/#\/schema\/logo\/image\/\",\"url\":\"https:\/\/solecentrodeimagen.com\/wp-content\/uploads\/2016\/06\/logo-solecentromedico.png\",\"contentUrl\":\"https:\/\/solecentrodeimagen.com\/wp-content\/uploads\/2016\/06\/logo-solecentromedico.png\",\"width\":281,\"height\":96,\"caption\":\"Sole Centro de Imagen Integral\"},\"image\":{\"@id\":\"https:\/\/solecentrodeimagen.com\/#\/schema\/logo\/image\/\"},\"sameAs\":[\"http:\/\/www.facebook.com\/solecentrodeimagen\",\"http:\/\/www.instagram.com\/solecentrodeimagen\"]}]}<\/script>\n<!-- \/ Yoast SEO plugin. -->","yoast_head_json":{"title":"Fotorejuvenecimiento Facial con IPL | Sole Centro de Imagen","robots":{"index":"index","follow":"follow","max-snippet":"max-snippet:-1","max-image-preview":"max-image-preview:large","max-video-preview":"max-video-preview:-1"},"canonical":"https:\/\/solecentrodeimagen.com\/estetica-avanzada\/fotorejuvenecimiento-facial\/","og_locale":"fr_FR","og_type":"article","og_title":"Fotorejuvenecimiento Facial con IPL | Sole Centro de Imagen","og_url":"https:\/\/solecentrodeimagen.com\/estetica-avanzada\/fotorejuvenecimiento-facial\/","og_site_name":"Sole Centro de Imagen","article_publisher":"http:\/\/www.facebook.com\/solecentrodeimagen","article_modified_time":"2024-09-25T20:21:24+00:00","og_image":[{"width":461,"height":260,"url":"https:\/\/solecentrodeimagen.com\/wp-content\/uploads\/2015\/08\/FRSORISA.jpg","type":"image\/jpeg"}],"twitter_card":"summary_large_image","twitter_misc":{"Est. reading time":"4 minutes"},"schema":{"@context":"https:\/\/schema.org","@graph":[{"@type":"WebPage","@id":"https:\/\/solecentrodeimagen.com\/estetica-avanzada\/fotorejuvenecimiento-facial\/","url":"https:\/\/solecentrodeimagen.com\/estetica-avanzada\/fotorejuvenecimiento-facial\/","name":"Fotorejuvenecimiento Facial con IPL | Sole Centro de Imagen","isPartOf":{"@id":"https:\/\/solecentrodeimagen.com\/#website"},"primaryImageOfPage":{"@id":"https:\/\/solecentrodeimagen.com\/estetica-avanzada\/fotorejuvenecimiento-facial\/#primaryimage"},"image":{"@id":"https:\/\/solecentrodeimagen.com\/estetica-avanzada\/fotorejuvenecimiento-facial\/#primaryimage"},"thumbnailUrl":"https:\/\/solecentrodeimagen.com\/wp-content\/uploads\/2015\/08\/FRSORISA.jpg","datePublished":"2024-09-24T07:45:07+00:00","dateModified":"2024-09-25T20:21:24+00:00","description":"Gracias al Fotorejuvenecimiento facial se puede mejorar la calidad de la piel proporcionando un aspecto mas suave y terso de forma duradera","breadcrumb":{"@id":"https:\/\/solecentrodeimagen.com\/estetica-avanzada\/fotorejuvenecimiento-facial\/#breadcrumb"},"inLanguage":"fr-FR","potentialAction":[{"@type":"ReadAction","target":["https:\/\/solecentrodeimagen.com\/estetica-avanzada\/fotorejuvenecimiento-facial\/"]}]},{"@type":"ImageObject","inLanguage":"fr-FR","@id":"https:\/\/solecentrodeimagen.com\/estetica-avanzada\/fotorejuvenecimiento-facial\/#primaryimage","url":"https:\/\/solecentrodeimagen.com\/wp-content\/uploads\/2015\/08\/FRSORISA.jpg","contentUrl":"https:\/\/solecentrodeimagen.com\/wp-content\/uploads\/2015\/08\/FRSORISA.jpg","width":461,"height":260},{"@type":"BreadcrumbList","@id":"https:\/\/solecentrodeimagen.com\/estetica-avanzada\/fotorejuvenecimiento-facial\/#breadcrumb","itemListElement":[{"@type":"ListItem","position":1,"name":"Home","item":"https:\/\/solecentrodeimagen.com\/"},{"@type":"ListItem","position":2,"name":"Tratamientos de Est\u00e9tica Avanzada","item":"https:\/\/solecentrodeimagen.com\/estetica-avanzada\/"},{"@type":"ListItem","position":3,"name":"Fotorejuvenecimiento Facial con IPL"}]},{"@type":"WebSite","@id":"https:\/\/solecentrodeimagen.com\/#website","url":"https:\/\/solecentrodeimagen.com\/","name":"Sole Centro de Imagen","description":"Centro Medicina Est\u00e9tica, Dermatolog\u00eda y Est\u00e9tica avanzada","publisher":{"@id":"https:\/\/solecentrodeimagen.com\/#organization"},"potentialAction":[{"@type":"SearchAction","target":{"@type":"EntryPoint","urlTemplate":"https:\/\/solecentrodeimagen.com\/?s={search_term_string}"},"query-input":{"@type":"PropertyValueSpecification","valueRequired":true,"valueName":"search_term_string"}}],"inLanguage":"fr-FR"},{"@type":"Organization","@id":"https:\/\/solecentrodeimagen.com\/#organization","name":"Sole Centro de Imagen Integral","url":"https:\/\/solecentrodeimagen.com\/","logo":{"@type":"ImageObject","inLanguage":"fr-FR","@id":"https:\/\/solecentrodeimagen.com\/#\/schema\/logo\/image\/","url":"https:\/\/solecentrodeimagen.com\/wp-content\/uploads\/2016\/06\/logo-solecentromedico.png","contentUrl":"https:\/\/solecentrodeimagen.com\/wp-content\/uploads\/2016\/06\/logo-solecentromedico.png","width":281,"height":96,"caption":"Sole Centro de Imagen Integral"},"image":{"@id":"https:\/\/solecentrodeimagen.com\/#\/schema\/logo\/image\/"},"sameAs":["http:\/\/www.facebook.com\/solecentrodeimagen","http:\/\/www.instagram.com\/solecentrodeimagen"]}]}},"_links":{"self":[{"href":"https:\/\/solecentrodeimagen.com\/fr\/wp-json\/wp\/v2\/pages\/11661"}],"collection":[{"href":"https:\/\/solecentrodeimagen.com\/fr\/wp-json\/wp\/v2\/pages"}],"about":[{"href":"https:\/\/solecentrodeimagen.com\/fr\/wp-json\/wp\/v2\/types\/page"}],"author":[{"embeddable":true,"href":"https:\/\/solecentrodeimagen.com\/fr\/wp-json\/wp\/v2\/users\/13"}],"replies":[{"embeddable":true,"href":"https:\/\/solecentrodeimagen.com\/fr\/wp-json\/wp\/v2\/comments?post=11661"}],"version-history":[{"count":3,"href":"https:\/\/solecentrodeimagen.com\/fr\/wp-json\/wp\/v2\/pages\/11661\/revisions"}],"predecessor-version":[{"id":22467,"href":"https:\/\/solecentrodeimagen.com\/fr\/wp-json\/wp\/v2\/pages\/11661\/revisions\/22467"}],"up":[{"embeddable":true,"href":"https:\/\/solecentrodeimagen.com\/fr\/wp-json\/wp\/v2\/pages\/20122"}],"wp:featuredmedia":[{"embeddable":true,"href":"https:\/\/solecentrodeimagen.com\/fr\/wp-json\/wp\/v2\/media\/17790"}],"wp:attachment":[{"href":"https:\/\/solecentrodeimagen.com\/fr\/wp-json\/wp\/v2\/media?parent=11661"}],"curies":[{"name":"wp","href":"https:\/\/api.w.org\/{rel}","templated":true}]}}