{"id":11691,"date":"2015-08-29T10:09:07","date_gmt":"2015-08-29T08:09:07","guid":{"rendered":"http:\/\/wordpress.solecentrodebelleza.com\/?page_id=11691"},"modified":"2017-03-10T18:44:58","modified_gmt":"2017-03-10T17:44:58","slug":"envolturas-con-barros-y-algas-del-mar-muerto","status":"publish","type":"page","link":"https:\/\/solecentrodeimagen.com\/fr\/estetica\/tipos-de-tratamientos-corporales\/envolturas-con-barros-y-algas-del-mar-muerto\/","title":{"rendered":"Enveloppement aux algues et aux boues de la Mer Morte"},"content":{"rendered":"<div class=\"fusion-text fusion-text-1\"><div class=\"art-PostContent\">\n<div class=\"art-article\">\n<p style=\"text-align: justify;\"><img decoding=\"async\" class=\" wp-image-14398 alignright\" src=\"https:\/\/solecentrodeimagen.com\/wp-content\/uploads\/2015\/08\/shutterstock_12782500peq.jpg\" alt=\"shutterstock_12782500peq\" width=\"310\" height=\"212\" srcset=\"https:\/\/solecentrodeimagen.com\/wp-content\/uploads\/2015\/08\/shutterstock_12782500peq-300x205.jpg 300w, https:\/\/solecentrodeimagen.com\/wp-content\/uploads\/2015\/08\/shutterstock_12782500peq.jpg 387w\" sizes=\"(max-width: 310px) 100vw, 310px\" \/><\/p>\n<p style=\"text-align: justify;\">Les algues marines captent les ions m\u00e9talliques, les oligo-\u00e9l\u00e9ments et les acides amin\u00e9s de l\u2019eau de mer. Depuis tr\u00e8s longtemps elles ont suscit\u00e9 l\u2019int\u00e9r\u00eat pour leur emploi dans les traitements m\u00e9dicaux et esth\u00e9tiques de tout genre.<\/p>\n<p style=\"text-align: justify;\">Parmi leur propri\u00e9t\u00e9s, les algues sont remin\u00e9ralisantes, r\u00e9affirmantes, r\u00e9ductrices, anti-cellulite, hydratantes et elles stimulent les glandes endocrines et la circulation p\u00e9riph\u00e9rique.<\/p>\n<p style=\"text-align: justify;\">C\u2019est pour cela qu\u2019elles ont \u00e9t\u00e9 utilis\u00e9es et s\u2019utilisent toujours en cosm\u00e9tologie, phytoth\u00e9rapie, aromath\u00e9rapie, talassoth\u00e9rapie, algoth\u00e9rapie&#8230;Elles constituent toujours un traitement corporel relaxant pour le corps et qui \u00e9veille l\u2019esprit, seules ou associ\u00e9es \u00e0 l\u2019eau de mer, les huiles essentielles, les boues, etc&#8230;<\/p>\n<p style=\"text-align: justify;\">Essayez-le dans le Sauna Stetic Line Platinum de Photon. Vous ne\u2019en serez pas de\u00e7u(e).\u201cUne sage combinaison \u00a0d\u2019ingr\u00e9dients naturels qui compte avec les bienfaits de Photon pour remodeler et sculpter la silhouette\u201d.<\/p>\n<p style=\"text-align: justify;\">Si vous \u00eates interess\u00e9e et \u00a0vous d\u00e9sirez poser une question, cliquez <a href=\"https:\/\/solecentrodeimagen.com\/index.php\/contacto\/\">ici<\/a>.<\/p>\n<p style=\"text-align: justify;\">\n<\/div>\n<\/div>\n<p>\n<\/div><div class=\"fusion-sep-clear\"><\/div><div class=\"fusion-separator fusion-full-width-sep\" style=\"margin-left: auto;margin-right: auto;margin-top:20px;width:100%;\"><\/div><div class=\"fusion-sep-clear\"><\/div>[\/fusion_builder_column]<div class=\"fusion-layout-column fusion_builder_column fusion-builder-column-0 fusion_builder_column_1_1 1_1 fusion-one-full fusion-column-first fusion-column-last fusion-column-no-min-height\" style=\"--awb-bg-size:cover;--awb-margin-bottom:0px;width:100%;\"><div class=\"fusion-column-wrapper fusion-flex-column-wrapper-legacy\"><div class=\"fusion-clearfix\"><\/div><\/div><\/div><div class=\"fusion-sharing-box fusion-sharing-box-1 has-taglines layout-floated layout-medium-floated layout-small-floated\" style=\"background-color:#f7f7f7;--awb-layout:row;--awb-alignment-small:space-between;\" data-title=\"Enveloppement aux algues et aux boues de la Mer Morte\" data-description=\"{:es}\r\n\r\nLas algas marinas captan iones met\u00e1licos, oligoelementos y amino\u00e1cidos del agua del mar. Desde hace mucho tiempo han suscitado inter\u00e9s para su empleo en tratamientos m\u00e9dicos y est\u00e9ticos de diferente tipo.\r\nEntre otras propiedades, las algas son remineralizantes, reafirmantes, reductoras, anticeluliticas, hidratantes\" data-link=\"https:\/\/solecentrodeimagen.com\/fr\/estetica\/tipos-de-tratamientos-corporales\/envolturas-con-barros-y-algas-del-mar-muerto\/\"><h4 class=\"tagline\" style=\"color:#333333;\">Aimez-vous cette page? Partagez-la avec vos amis!<\/h4><div class=\"fusion-social-networks sharingbox-shortcode-icon-wrapper sharingbox-shortcode-icon-wrapper-1\"><span><a href=\"https:\/\/www.facebook.com\/sharer.php?u=https%3A%2F%2Fsolecentrodeimagen.com%2Ffr%2Festetica%2Ftipos-de-tratamientos-corporales%2Fenvolturas-con-barros-y-algas-del-mar-muerto%2F&amp;t=Enveloppement%20aux%20algues%20et%20aux%20boues%20de%20la%20Mer%20Morte\" target=\"_blank\" rel=\"noreferrer nofollow\" title=\"Facebook\" aria-label=\"Facebook\" data-placement=\"top\" data-toggle=\"tooltip\" data-title=\"Facebook\"><i class=\"fusion-social-network-icon fusion-tooltip fusion-facebook awb-icon-facebook\" style=\"color:#000000;\" aria-hidden=\"true\"><\/i><\/a><\/span><span><a href=\"https:\/\/x.com\/share?text=Enveloppement%20aux%20algues%20et%20aux%20boues%20de%20la%20Mer%20Morte&amp;url=https%3A%2F%2Fsolecentrodeimagen.com%2Ffr%2Festetica%2Ftipos-de-tratamientos-corporales%2Fenvolturas-con-barros-y-algas-del-mar-muerto%2F\" target=\"_blank\" rel=\"noopener noreferrer nofollow\" title=\"X\" aria-label=\"X\" data-placement=\"top\" data-toggle=\"tooltip\" data-title=\"X\"><i class=\"fusion-social-network-icon fusion-tooltip fusion-twitter awb-icon-twitter\" style=\"color:#000000;\" aria-hidden=\"true\"><\/i><\/a><\/span><span><a href=\"mailto:?subject=Enveloppement%20aux%20algues%20et%20aux%20boues%20de%20la%20Mer%20Morte&amp;body=https%3A%2F%2Fsolecentrodeimagen.com%2Ffr%2Festetica%2Ftipos-de-tratamientos-corporales%2Fenvolturas-con-barros-y-algas-del-mar-muerto%2F\" target=\"_self\" rel=\"nofollow\" title=\"Email\" aria-label=\"Email\" data-placement=\"top\" data-toggle=\"tooltip\" data-title=\"Email\"><i class=\"fusion-social-network-icon fusion-tooltip fusion-mail awb-icon-mail\" style=\"color:#000000;\" aria-hidden=\"true\"><\/i><\/a><\/span><\/div><\/div><div class=\"fusion-sep-clear\"><\/div><div class=\"fusion-separator fusion-has-icon fusion-full-width-sep\" style=\"margin-left: auto;margin-right: auto;width:100%;\"><div class=\"fusion-separator-border sep-shadow\" style=\"--awb-height:20px;--awb-amount:20px;background:radial-gradient(ellipse at 50% -50% , #e0dede 0px, rgba(255, 255, 255, 0) 80%) repeat scroll 0 0 rgba(0, 0, 0, 0);background:-webkit-radial-gradient(ellipse at 50% -50% , #e0dede 0px, rgba(255, 255, 255, 0) 80%) repeat scroll 0 0 rgba(0, 0, 0, 0);background:-moz-radial-gradient(ellipse at 50% -50% , #e0dede 0px, rgba(255, 255, 255, 0) 80%) repeat scroll 0 0 rgba(0, 0, 0, 0);background:-o-radial-gradient(ellipse at 50% -50% , #e0dede 0px, rgba(255, 255, 255, 0) 80%) repeat scroll 0 0 rgba(0, 0, 0, 0);\"><\/div><span class=\"icon-wrapper\" style=\"border-color:#e0dede;background-color:rgba(255,255,255,0);font-size:13px;width: 1.75em; height: 1.75em;border-width:1px;padding:1px;\"><i class=\" fa fa-comments\" style=\"font-size: inherit;color:#e0dede;\" aria-hidden=\"true\"><\/i><\/span><div class=\"fusion-separator-border sep-shadow\" style=\"--awb-height:20px;--awb-amount:20px;background:radial-gradient(ellipse at 50% -50% , #e0dede 0px, rgba(255, 255, 255, 0) 80%) repeat scroll 0 0 rgba(0, 0, 0, 0);background:-webkit-radial-gradient(ellipse at 50% -50% , #e0dede 0px, rgba(255, 255, 255, 0) 80%) repeat scroll 0 0 rgba(0, 0, 0, 0);background:-moz-radial-gradient(ellipse at 50% -50% , #e0dede 0px, rgba(255, 255, 255, 0) 80%) repeat scroll 0 0 rgba(0, 0, 0, 0);background:-o-radial-gradient(ellipse at 50% -50% , #e0dede 0px, rgba(255, 255, 255, 0) 80%) repeat scroll 0 0 rgba(0, 0, 0, 0);\"><\/div><\/div><div class=\"fusion-sep-clear\"><\/div><\/p>\n","protected":false},"excerpt":{"rendered":"<p>Las algas marinas captan iones met\u00e1licos, oligoelementos y amino\u00e1cidos del agua del mar. Desde hace mucho tiempo han suscitado inter\u00e9s para su empleo en tratamientos m\u00e9dicos y est\u00e9ticos de diferente tipo. Entre otras propiedades, las algas son remineralizantes, reafirmantes, reductoras, anticeluliticas, hidratantes y estimulantes de las gl\u00e1ndulas endocrinas y de la circulaci\u00f3n perif\u00e9rica, y por [&hellip;]<\/p>\n","protected":false},"author":13,"featured_media":0,"parent":11682,"menu_order":0,"comment_status":"open","ping_status":"closed","template":"","meta":{"footnotes":""},"class_list":["post-11691","page","type-page","status-publish","hentry"],"translation":{"provider":"WPGlobus","version":"3.0.0","language":"fr","enabled_languages":["es","en","fr"],"languages":{"es":{"title":true,"content":true,"excerpt":false},"en":{"title":true,"content":true,"excerpt":false},"fr":{"title":true,"content":true,"excerpt":false}}},"yoast_head":"<!-- This site is optimized with the Yoast SEO plugin v23.5 - https:\/\/yoast.com\/wordpress\/plugins\/seo\/ -->\n<title>Enveloppement aux algues et aux boues de la Mer Morte | Sole Centro de Imagen<\/title>\n<meta name=\"robots\" content=\"index, follow, max-snippet:-1, max-image-preview:large, max-video-preview:-1\" \/>\n<link rel=\"canonical\" href=\"https:\/\/solecentrodeimagen.com\/estetica\/tipos-de-tratamientos-corporales\/envolturas-con-barros-y-algas-del-mar-muerto\/\" \/>\n<meta property=\"og:locale\" content=\"fr_FR\" \/>\n<meta property=\"og:type\" content=\"article\" \/>\n<meta property=\"og:title\" content=\"Enveloppement aux algues et aux boues de la Mer Morte | Sole Centro de Imagen\" \/>\n<meta property=\"og:url\" content=\"https:\/\/solecentrodeimagen.com\/estetica\/tipos-de-tratamientos-corporales\/envolturas-con-barros-y-algas-del-mar-muerto\/\" \/>\n<meta property=\"og:site_name\" content=\"Sole Centro de Imagen\" \/>\n<meta property=\"article:publisher\" content=\"http:\/\/www.facebook.com\/solecentrodeimagen\" \/>\n<meta property=\"article:modified_time\" content=\"2017-03-10T17:44:58+00:00\" \/>\n<meta property=\"og:image\" content=\"https:\/\/solecentrodeimagen.com\/wp-content\/uploads\/2015\/08\/shutterstock_12782500peq.jpg\" \/>\n<meta name=\"twitter:card\" content=\"summary_large_image\" \/>\n<meta name=\"twitter:label1\" content=\"Est. reading time\" \/>\n\t<meta name=\"twitter:data1\" content=\"5 minutes\" \/>\n<script type=\"application\/ld+json\" class=\"yoast-schema-graph\">{\"@context\":\"https:\/\/schema.org\",\"@graph\":[{\"@type\":\"WebPage\",\"@id\":\"https:\/\/solecentrodeimagen.com\/estetica\/tipos-de-tratamientos-corporales\/envolturas-con-barros-y-algas-del-mar-muerto\/\",\"url\":\"https:\/\/solecentrodeimagen.com\/estetica\/tipos-de-tratamientos-corporales\/envolturas-con-barros-y-algas-del-mar-muerto\/\",\"name\":\"Enveloppement aux algues et aux boues de la Mer Morte | Sole Centro de Imagen\",\"isPartOf\":{\"@id\":\"https:\/\/solecentrodeimagen.com\/#website\"},\"primaryImageOfPage\":{\"@id\":\"https:\/\/solecentrodeimagen.com\/estetica\/tipos-de-tratamientos-corporales\/envolturas-con-barros-y-algas-del-mar-muerto\/#primaryimage\"},\"image\":{\"@id\":\"https:\/\/solecentrodeimagen.com\/estetica\/tipos-de-tratamientos-corporales\/envolturas-con-barros-y-algas-del-mar-muerto\/#primaryimage\"},\"thumbnailUrl\":\"https:\/\/solecentrodeimagen.com\/wp-content\/uploads\/2015\/08\/shutterstock_12782500peq.jpg\",\"datePublished\":\"2015-08-29T08:09:07+00:00\",\"dateModified\":\"2017-03-10T17:44:58+00:00\",\"breadcrumb\":{\"@id\":\"https:\/\/solecentrodeimagen.com\/estetica\/tipos-de-tratamientos-corporales\/envolturas-con-barros-y-algas-del-mar-muerto\/#breadcrumb\"},\"inLanguage\":\"fr-FR\",\"potentialAction\":[{\"@type\":\"ReadAction\",\"target\":[\"https:\/\/solecentrodeimagen.com\/estetica\/tipos-de-tratamientos-corporales\/envolturas-con-barros-y-algas-del-mar-muerto\/\"]}]},{\"@type\":\"ImageObject\",\"inLanguage\":\"fr-FR\",\"@id\":\"https:\/\/solecentrodeimagen.com\/estetica\/tipos-de-tratamientos-corporales\/envolturas-con-barros-y-algas-del-mar-muerto\/#primaryimage\",\"url\":\"https:\/\/solecentrodeimagen.com\/wp-content\/uploads\/2015\/08\/shutterstock_12782500peq.jpg\",\"contentUrl\":\"https:\/\/solecentrodeimagen.com\/wp-content\/uploads\/2015\/08\/shutterstock_12782500peq.jpg\"},{\"@type\":\"BreadcrumbList\",\"@id\":\"https:\/\/solecentrodeimagen.com\/estetica\/tipos-de-tratamientos-corporales\/envolturas-con-barros-y-algas-del-mar-muerto\/#breadcrumb\",\"itemListElement\":[{\"@type\":\"ListItem\",\"position\":1,\"name\":\"Home\",\"item\":\"https:\/\/solecentrodeimagen.com\/\"},{\"@type\":\"ListItem\",\"position\":2,\"name\":\"Est\u00e9tica\",\"item\":\"https:\/\/solecentrodeimagen.com\/estetica\/\"},{\"@type\":\"ListItem\",\"position\":3,\"name\":\"Tipos de tratamientos corporales\",\"item\":\"https:\/\/solecentrodeimagen.com\/estetica\/tipos-de-tratamientos-corporales\/\"},{\"@type\":\"ListItem\",\"position\":4,\"name\":\"Envolturas con barros y algas del mar muerto\"}]},{\"@type\":\"WebSite\",\"@id\":\"https:\/\/solecentrodeimagen.com\/#website\",\"url\":\"https:\/\/solecentrodeimagen.com\/\",\"name\":\"Sole Centro de Imagen\",\"description\":\"Centro Medicina Est\u00e9tica, Dermatolog\u00eda y Est\u00e9tica avanzada\",\"publisher\":{\"@id\":\"https:\/\/solecentrodeimagen.com\/#organization\"},\"potentialAction\":[{\"@type\":\"SearchAction\",\"target\":{\"@type\":\"EntryPoint\",\"urlTemplate\":\"https:\/\/solecentrodeimagen.com\/?s={search_term_string}\"},\"query-input\":{\"@type\":\"PropertyValueSpecification\",\"valueRequired\":true,\"valueName\":\"search_term_string\"}}],\"inLanguage\":\"fr-FR\"},{\"@type\":\"Organization\",\"@id\":\"https:\/\/solecentrodeimagen.com\/#organization\",\"name\":\"Sole Centro de Imagen Integral\",\"url\":\"https:\/\/solecentrodeimagen.com\/\",\"logo\":{\"@type\":\"ImageObject\",\"inLanguage\":\"fr-FR\",\"@id\":\"https:\/\/solecentrodeimagen.com\/#\/schema\/logo\/image\/\",\"url\":\"https:\/\/solecentrodeimagen.com\/wp-content\/uploads\/2016\/06\/logo-solecentromedico.png\",\"contentUrl\":\"https:\/\/solecentrodeimagen.com\/wp-content\/uploads\/2016\/06\/logo-solecentromedico.png\",\"width\":281,\"height\":96,\"caption\":\"Sole Centro de Imagen Integral\"},\"image\":{\"@id\":\"https:\/\/solecentrodeimagen.com\/#\/schema\/logo\/image\/\"},\"sameAs\":[\"http:\/\/www.facebook.com\/solecentrodeimagen\",\"http:\/\/www.instagram.com\/solecentrodeimagen\"]}]}<\/script>\n<!-- \/ Yoast SEO plugin. -->","yoast_head_json":{"title":"Enveloppement aux algues et aux boues de la Mer Morte | Sole Centro de Imagen","robots":{"index":"index","follow":"follow","max-snippet":"max-snippet:-1","max-image-preview":"max-image-preview:large","max-video-preview":"max-video-preview:-1"},"canonical":"https:\/\/solecentrodeimagen.com\/estetica\/tipos-de-tratamientos-corporales\/envolturas-con-barros-y-algas-del-mar-muerto\/","og_locale":"fr_FR","og_type":"article","og_title":"Enveloppement aux algues et aux boues de la Mer Morte | Sole Centro de Imagen","og_url":"https:\/\/solecentrodeimagen.com\/estetica\/tipos-de-tratamientos-corporales\/envolturas-con-barros-y-algas-del-mar-muerto\/","og_site_name":"Sole Centro de Imagen","article_publisher":"http:\/\/www.facebook.com\/solecentrodeimagen","article_modified_time":"2017-03-10T17:44:58+00:00","og_image":[{"url":"https:\/\/solecentrodeimagen.com\/wp-content\/uploads\/2015\/08\/shutterstock_12782500peq.jpg"}],"twitter_card":"summary_large_image","twitter_misc":{"Est. reading time":"5 minutes"},"schema":{"@context":"https:\/\/schema.org","@graph":[{"@type":"WebPage","@id":"https:\/\/solecentrodeimagen.com\/estetica\/tipos-de-tratamientos-corporales\/envolturas-con-barros-y-algas-del-mar-muerto\/","url":"https:\/\/solecentrodeimagen.com\/estetica\/tipos-de-tratamientos-corporales\/envolturas-con-barros-y-algas-del-mar-muerto\/","name":"Enveloppement aux algues et aux boues de la Mer Morte | Sole Centro de Imagen","isPartOf":{"@id":"https:\/\/solecentrodeimagen.com\/#website"},"primaryImageOfPage":{"@id":"https:\/\/solecentrodeimagen.com\/estetica\/tipos-de-tratamientos-corporales\/envolturas-con-barros-y-algas-del-mar-muerto\/#primaryimage"},"image":{"@id":"https:\/\/solecentrodeimagen.com\/estetica\/tipos-de-tratamientos-corporales\/envolturas-con-barros-y-algas-del-mar-muerto\/#primaryimage"},"thumbnailUrl":"https:\/\/solecentrodeimagen.com\/wp-content\/uploads\/2015\/08\/shutterstock_12782500peq.jpg","datePublished":"2015-08-29T08:09:07+00:00","dateModified":"2017-03-10T17:44:58+00:00","breadcrumb":{"@id":"https:\/\/solecentrodeimagen.com\/estetica\/tipos-de-tratamientos-corporales\/envolturas-con-barros-y-algas-del-mar-muerto\/#breadcrumb"},"inLanguage":"fr-FR","potentialAction":[{"@type":"ReadAction","target":["https:\/\/solecentrodeimagen.com\/estetica\/tipos-de-tratamientos-corporales\/envolturas-con-barros-y-algas-del-mar-muerto\/"]}]},{"@type":"ImageObject","inLanguage":"fr-FR","@id":"https:\/\/solecentrodeimagen.com\/estetica\/tipos-de-tratamientos-corporales\/envolturas-con-barros-y-algas-del-mar-muerto\/#primaryimage","url":"https:\/\/solecentrodeimagen.com\/wp-content\/uploads\/2015\/08\/shutterstock_12782500peq.jpg","contentUrl":"https:\/\/solecentrodeimagen.com\/wp-content\/uploads\/2015\/08\/shutterstock_12782500peq.jpg"},{"@type":"BreadcrumbList","@id":"https:\/\/solecentrodeimagen.com\/estetica\/tipos-de-tratamientos-corporales\/envolturas-con-barros-y-algas-del-mar-muerto\/#breadcrumb","itemListElement":[{"@type":"ListItem","position":1,"name":"Home","item":"https:\/\/solecentrodeimagen.com\/"},{"@type":"ListItem","position":2,"name":"Est\u00e9tica","item":"https:\/\/solecentrodeimagen.com\/estetica\/"},{"@type":"ListItem","position":3,"name":"Tipos de tratamientos corporales","item":"https:\/\/solecentrodeimagen.com\/estetica\/tipos-de-tratamientos-corporales\/"},{"@type":"ListItem","position":4,"name":"Envolturas con barros y algas del mar muerto"}]},{"@type":"WebSite","@id":"https:\/\/solecentrodeimagen.com\/#website","url":"https:\/\/solecentrodeimagen.com\/","name":"Sole Centro de Imagen","description":"Centro Medicina Est\u00e9tica, Dermatolog\u00eda y Est\u00e9tica avanzada","publisher":{"@id":"https:\/\/solecentrodeimagen.com\/#organization"},"potentialAction":[{"@type":"SearchAction","target":{"@type":"EntryPoint","urlTemplate":"https:\/\/solecentrodeimagen.com\/?s={search_term_string}"},"query-input":{"@type":"PropertyValueSpecification","valueRequired":true,"valueName":"search_term_string"}}],"inLanguage":"fr-FR"},{"@type":"Organization","@id":"https:\/\/solecentrodeimagen.com\/#organization","name":"Sole Centro de Imagen Integral","url":"https:\/\/solecentrodeimagen.com\/","logo":{"@type":"ImageObject","inLanguage":"fr-FR","@id":"https:\/\/solecentrodeimagen.com\/#\/schema\/logo\/image\/","url":"https:\/\/solecentrodeimagen.com\/wp-content\/uploads\/2016\/06\/logo-solecentromedico.png","contentUrl":"https:\/\/solecentrodeimagen.com\/wp-content\/uploads\/2016\/06\/logo-solecentromedico.png","width":281,"height":96,"caption":"Sole Centro de Imagen Integral"},"image":{"@id":"https:\/\/solecentrodeimagen.com\/#\/schema\/logo\/image\/"},"sameAs":["http:\/\/www.facebook.com\/solecentrodeimagen","http:\/\/www.instagram.com\/solecentrodeimagen"]}]}},"_links":{"self":[{"href":"https:\/\/solecentrodeimagen.com\/fr\/wp-json\/wp\/v2\/pages\/11691"}],"collection":[{"href":"https:\/\/solecentrodeimagen.com\/fr\/wp-json\/wp\/v2\/pages"}],"about":[{"href":"https:\/\/solecentrodeimagen.com\/fr\/wp-json\/wp\/v2\/types\/page"}],"author":[{"embeddable":true,"href":"https:\/\/solecentrodeimagen.com\/fr\/wp-json\/wp\/v2\/users\/13"}],"replies":[{"embeddable":true,"href":"https:\/\/solecentrodeimagen.com\/fr\/wp-json\/wp\/v2\/comments?post=11691"}],"version-history":[{"count":0,"href":"https:\/\/solecentrodeimagen.com\/fr\/wp-json\/wp\/v2\/pages\/11691\/revisions"}],"up":[{"embeddable":true,"href":"https:\/\/solecentrodeimagen.com\/fr\/wp-json\/wp\/v2\/pages\/11682"}],"wp:attachment":[{"href":"https:\/\/solecentrodeimagen.com\/fr\/wp-json\/wp\/v2\/media?parent=11691"}],"curies":[{"name":"wp","href":"https:\/\/api.w.org\/{rel}","templated":true}]}}