{"id":11707,"date":"2016-08-16T10:50:33","date_gmt":"2016-08-16T08:50:33","guid":{"rendered":"http:\/\/wordpress.solecentrodebelleza.com\/?page_id=11707"},"modified":"2020-04-20T10:46:14","modified_gmt":"2020-04-20T08:46:14","slug":"fisioterapia","status":"publish","type":"page","link":"https:\/\/solecentrodeimagen.com\/fr\/estetica-avanzada\/fisioterapia\/","title":{"rendered":"Fisioterapia"},"content":{"rendered":"<p><div class=\"fusion-layout-column fusion_builder_column fusion-builder-column-0 fusion_builder_column_1_1 1_1 fusion-one-full fusion-column-first fusion-column-last\" style=\"--awb-bg-size:cover;--awb-margin-bottom:0px;width:100%;\"><div class=\"fusion-column-wrapper fusion-flex-column-wrapper-legacy\"><div class=\"fusion-fullwidth fullwidth-box fusion-builder-row-1 nonhundred-percent-fullwidth non-hundred-percent-height-scrolling\" style=\"--awb-border-radius-top-left:0px;--awb-border-radius-top-right:0px;--awb-border-radius-bottom-right:0px;--awb-border-radius-bottom-left:0px;--awb-flex-wrap:wrap;\" ><\/div><div class=\"fusion-builder-row fusion-row\"><\/div><div class=\"fusion-clearfix\"><\/div><\/div><\/div><div class=\"fusion-layout-column fusion_builder_column fusion-builder-column-1 fusion_builder_column_1_1 1_1 fusion-one-full fusion-column-first fusion-column-last\" style=\"--awb-bg-size:cover;--awb-margin-bottom:0px;width:100%;\"><div class=\"fusion-column-wrapper fusion-flex-column-wrapper-legacy\"><div class=\"fusion-text fusion-text-1\"><div class=\"art-PostContent\">\n<div class=\"art-article\">\n<h2 style=\"text-align: justify;\">\u00bfEn que consiste el quiromasaje?<\/h2>\n<p style=\"text-align: justify;\">El <strong>quiromasaje<\/strong> es una t\u00e9cnica manual cuyo fin es restablecer las condiciones normales en el organismo.<\/p>\n<p style=\"text-align: justify;\">Los beneficios del quiromasaje han llegado hasta nuestros d\u00edas evoluci\u00f3nando desde las t\u00e9cnicas m\u00e1s simples para\u00a0proporcionar relajaci\u00f3n y favorecer el sue\u00f1o, hasta el desarrollo espec\u00edfico de algunas m\u00e1s complejas para aliviar o\u00a0eliminar dolencias concretas del cuerpo y\/o el organismo.<\/p>\n<p style=\"text-align: justify;\">A continuaci\u00f3n se especifican los principales <strong><i>efectos <\/i>del quiromasaje\u00a0<\/strong>:<\/p>\n<ul style=\"text-align: justify;\">\n<li><b>Mec\u00e1nicos<\/b>: en referencia a como las fuerzas mec\u00e1nicas relacionadas con cada maniobra afectan a los tejidos.<\/li>\n<\/ul>\n<ul style=\"text-align: justify;\">\n<li><b>Fisiol\u00f3gicos-higi\u00e9nicos<\/b>: cuando se efect\u00faa el masaje en una persona sana para proporcionar mayor vigor al<br \/>\norganismo o para aliviar el cansancio y, est\u00e9 se asocia a la pr\u00e1ctica de ejercicio f\u00edsico o gimnasias suaves, y\/o<br \/>\nsauna, ba\u00f1o de vapor o ba\u00f1o turco, etc.<\/li>\n<\/ul>\n<ul style=\"text-align: justify;\">\n<li><b>Preventivos<\/b>: se cumplen cuando se localiza y delimita por palpaci\u00f3n una zona tensa o con posible lesi\u00f3n, se lo comunicamos al sujeto que recibe el masaje y si es factible se trata. Adem\u00e1s al aconsejar que el tratamiento este unido a la pr\u00e1ctica de ejercicio moderado, se consigue fomentar el bienestar y que el masaje perdure. Cumpli\u00e9ndose as\u00ed varias de las funciones del terapeuta manual: cuidar-prevenir, tratar y promover la salud.<\/li>\n<\/ul>\n<ul style=\"text-align: justify;\">\n<li><b>Terap\u00e9uticos<\/b>: cuando se utiliza el masaje para mejorar la funci\u00f3n circulatoria, recuperar la movilidad restringida entre los tejidos da\u00f1ados, aliviar y\/o reducir el dolor, o para optimizar la conciencia sensorial. En el momento en que el masaje proporciona apoyo humano, relajaci\u00f3n y bienestar, ayudando en la recuperaci\u00f3n y el mantenimiento de la salud se convierte, aun sin pretenderlo, en un acto terap\u00e9utico.<\/li>\n<\/ul>\n<ul style=\"text-align: justify;\">\n<li><b>Est\u00e9ticos-higi\u00e9nicos<\/b>: al movilizar la piel se provoca un efecto mec\u00e1nico de arrastre o limpieza de est\u00e1, eliminando as\u00ed las c\u00e9lulas descamativas. Cuando el QM tiene por finalidad mejorar el aspecto externo de la persona, eliminando los dep\u00f3sitos de grasa, devolviendo al m\u00fasculo su tono y relajando el cansancio. Tiene resultados higi\u00e9nicos puesto que al eliminar el cansancio en una persona sana produce un resultado est\u00e9tico.<\/li>\n<\/ul>\n<ul style=\"text-align: justify;\">\n<li><b>Deportivos<\/b>: cuando se efect\u00faa para preparar a un deportista con finalidad competitiva antes, durante y despu\u00e9s de la pr\u00e1ctica del mismo.<\/li>\n<\/ul>\n<ul style=\"text-align: justify;\">\n<li><b>Psicol\u00f3gicos-an\u00edmicos<\/b>: el contacto de la mano experimentada proporciona calma, seguridad y confort a la persona tratada, le proporciona relajaci\u00f3n, a la vez que regula y alivia la tensi\u00f3n psicof\u00edsica.<\/li>\n<\/ul>\n<ul style=\"text-align: justify;\">\n<li><b>Regula la funci\u00f3n<\/b>: masaje ayuda a mejorar la capacidad de autocuraci\u00f3n de nuestro cuerpo.<\/li>\n<\/ul>\n<p style=\"text-align: justify;\">Si est\u00e1 interesada\/o en este tratamiento y quiere realizar alguna consulta, pinche <span style=\"color: #993366;\"><strong><a style=\"color: #993366;\" href=\"https:\/\/solecentrodeimagen.com\/contacto\/\">aqu\u00ed.<\/a><\/strong><\/span><\/p>\n<\/div>\n<\/div>\n<\/div><div class=\"fusion-clearfix\"><\/div><\/div><\/div>[\/fusion_builder_row][\/fusion_builder_container]<div class=\"fusion-fullwidth fullwidth-box fusion-builder-row-2 hundred-percent-fullwidth non-hundred-percent-height-scrolling\" style=\"--awb-border-radius-top-left:0px;--awb-border-radius-top-right:0px;--awb-border-radius-bottom-right:0px;--awb-border-radius-bottom-left:0px;--awb-overflow:visible;--awb-margin-top:20px;--awb-background-color:rgba(255,255,255,0);--awb-flex-wrap:wrap;\" ><div class=\"fusion-builder-row fusion-row\"><div class=\"fusion-layout-column fusion_builder_column fusion-builder-column-2 fusion_builder_column_1_1 1_1 fusion-one-full fusion-column-first fusion-column-last fusion-column-no-min-height\" style=\"--awb-bg-size:cover;--awb-margin-bottom:0px;\"><div class=\"fusion-column-wrapper fusion-flex-column-wrapper-legacy\"><div class=\"fusion-sep-clear\"><\/div><div class=\"fusion-separator fusion-full-width-sep\" style=\"margin-left: auto;margin-right: auto;width:100%;\"><\/div><div class=\"fusion-sep-clear\"><\/div><div class=\"fusion-clearfix\"><\/div><\/div><\/div><\/div><\/div><div class=\"fusion-fullwidth fullwidth-box fusion-builder-row-3 hundred-percent-fullwidth non-hundred-percent-height-scrolling\" style=\"--awb-border-radius-top-left:0px;--awb-border-radius-top-right:0px;--awb-border-radius-bottom-right:0px;--awb-border-radius-bottom-left:0px;--awb-overflow:visible;--awb-flex-wrap:wrap;\" ><div class=\"fusion-fullwidth fullwidth-box fusion-builder-row-3-1 nonhundred-percent-fullwidth non-hundred-percent-height-scrolling\" style=\"--awb-border-radius-top-left:0px;--awb-border-radius-top-right:0px;--awb-border-radius-bottom-right:0px;--awb-border-radius-bottom-left:0px;--awb-flex-wrap:wrap;\" ><\/div><div class=\"fusion-builder-row fusion-row\"><div class=\"fusion-builder-row fusion-row\"><\/div><div class=\"fusion-layout-column fusion_builder_column fusion-builder-column-3 fusion_builder_column_1_1 1_1 fusion-one-full fusion-column-first fusion-column-last fusion-column-no-min-height\" style=\"--awb-bg-size:cover;--awb-margin-bottom:0px;\"><div class=\"fusion-column-wrapper fusion-flex-column-wrapper-legacy\"><div class=\"fusion-layout-column fusion_builder_column fusion-builder-column-4 fusion_builder_column_1_1 1_1 fusion-one-full fusion-column-first fusion-column-last\" style=\"--awb-bg-size:cover;--awb-margin-bottom:0px;\"><div class=\"fusion-column-wrapper fusion-flex-column-wrapper-legacy\"><div class=\"fusion-clearfix\"><\/div><\/div><\/div><div class=\"fusion-sharing-box fusion-sharing-box-1 has-taglines layout-floated layout-medium-floated layout-small-floated\" style=\"background-color:#f7f7f7;--awb-layout:row;--awb-alignment-small:space-between;\" data-title=\"Fisioterapia\" data-description=\"\u00bfEn que consiste el quiromasaje?\r\nEl quiromasaje es una t\u00e9cnica manual cuyo fin es restablecer las condiciones normales en el organismo.\r\nLos beneficios del quiromasaje han llegado hasta nuestros d\u00edas evoluci\u00f3nando desde las t\u00e9cnicas m\u00e1s simples para\u00a0proporcionar relajaci\u00f3n y favorecer el sue\u00f1o, hasta el desarrollo espec\u00edfico\" data-link=\"https:\/\/solecentrodeimagen.com\/fr\/estetica-avanzada\/fisioterapia\/\"><h4 class=\"tagline\" style=\"color:#333333;\">\u00bfTe ha gustado la p\u00e1gina? Comp\u00e1rtela en tus redes sociales!<\/h4><div class=\"fusion-social-networks sharingbox-shortcode-icon-wrapper sharingbox-shortcode-icon-wrapper-1\"><span><a href=\"https:\/\/www.facebook.com\/sharer.php?u=https%3A%2F%2Fsolecentrodeimagen.com%2Ffr%2Festetica-avanzada%2Ffisioterapia%2F&amp;t=Fisioterapia\" target=\"_blank\" rel=\"noreferrer nofollow\" title=\"Facebook\" aria-label=\"Facebook\" data-placement=\"top\" data-toggle=\"tooltip\" data-title=\"Facebook\"><i class=\"fusion-social-network-icon fusion-tooltip fusion-facebook awb-icon-facebook\" style=\"color:#000000;\" aria-hidden=\"true\"><\/i><\/a><\/span><span><a href=\"https:\/\/x.com\/share?text=Fisioterapia&amp;url=https%3A%2F%2Fsolecentrodeimagen.com%2Ffr%2Festetica-avanzada%2Ffisioterapia%2F\" target=\"_blank\" rel=\"noopener noreferrer nofollow\" title=\"X\" aria-label=\"X\" data-placement=\"top\" data-toggle=\"tooltip\" data-title=\"X\"><i class=\"fusion-social-network-icon fusion-tooltip fusion-twitter awb-icon-twitter\" style=\"color:#000000;\" aria-hidden=\"true\"><\/i><\/a><\/span><span><a href=\"mailto:?subject=Fisioterapia&amp;body=https%3A%2F%2Fsolecentrodeimagen.com%2Ffr%2Festetica-avanzada%2Ffisioterapia%2F\" target=\"_self\" rel=\"nofollow\" title=\"Email\" aria-label=\"Email\" data-placement=\"top\" data-toggle=\"tooltip\" data-title=\"Email\"><i class=\"fusion-social-network-icon fusion-tooltip fusion-mail awb-icon-mail\" style=\"color:#000000;\" aria-hidden=\"true\"><\/i><\/a><\/span><\/div><\/div><div class=\"fusion-sep-clear\"><\/div><div class=\"fusion-separator fusion-has-icon fusion-full-width-sep\" style=\"margin-left: auto;margin-right: auto;width:100%;\"><div class=\"fusion-separator-border sep-shadow\" style=\"--awb-height:20px;--awb-amount:20px;background:radial-gradient(ellipse at 50% -50% , #e0dede 0px, rgba(255, 255, 255, 0) 80%) repeat scroll 0 0 rgba(0, 0, 0, 0);background:-webkit-radial-gradient(ellipse at 50% -50% , #e0dede 0px, rgba(255, 255, 255, 0) 80%) repeat scroll 0 0 rgba(0, 0, 0, 0);background:-moz-radial-gradient(ellipse at 50% -50% , #e0dede 0px, rgba(255, 255, 255, 0) 80%) repeat scroll 0 0 rgba(0, 0, 0, 0);background:-o-radial-gradient(ellipse at 50% -50% , #e0dede 0px, rgba(255, 255, 255, 0) 80%) repeat scroll 0 0 rgba(0, 0, 0, 0);\"><\/div><span class=\"icon-wrapper\" style=\"border-color:#e0dede;background-color:rgba(255,255,255,0);font-size:13px;width: 1.75em; height: 1.75em;border-width:1px;padding:1px;\"><i class=\" fa fa-comments\" style=\"font-size: inherit;color:#e0dede;\" aria-hidden=\"true\"><\/i><\/span><div class=\"fusion-separator-border sep-shadow\" style=\"--awb-height:20px;--awb-amount:20px;background:radial-gradient(ellipse at 50% -50% , #e0dede 0px, rgba(255, 255, 255, 0) 80%) repeat scroll 0 0 rgba(0, 0, 0, 0);background:-webkit-radial-gradient(ellipse at 50% -50% , #e0dede 0px, rgba(255, 255, 255, 0) 80%) repeat scroll 0 0 rgba(0, 0, 0, 0);background:-moz-radial-gradient(ellipse at 50% -50% , #e0dede 0px, rgba(255, 255, 255, 0) 80%) repeat scroll 0 0 rgba(0, 0, 0, 0);background:-o-radial-gradient(ellipse at 50% -50% , #e0dede 0px, rgba(255, 255, 255, 0) 80%) repeat scroll 0 0 rgba(0, 0, 0, 0);\"><\/div><\/div><div class=\"fusion-sep-clear\"><\/div><div class=\"fusion-clearfix\"><\/div><\/div><\/div><\/div><\/div><\/p>\n","protected":false},"excerpt":{"rendered":"<p>[\/fusion_builder_row][\/fusion_builder_container]<\/p>\n","protected":false},"author":13,"featured_media":18446,"parent":20122,"menu_order":0,"comment_status":"open","ping_status":"closed","template":"","meta":{"footnotes":""},"class_list":["post-11707","page","type-page","status-publish","has-post-thumbnail","hentry"],"translation":{"provider":"WPGlobus","version":"3.0.0","language":"fr","enabled_languages":["es","en","fr"],"languages":{"es":{"title":true,"content":true,"excerpt":false},"en":{"title":false,"content":false,"excerpt":false},"fr":{"title":false,"content":false,"excerpt":false}}},"yoast_head":"<!-- This site is optimized with the Yoast SEO plugin v23.5 - https:\/\/yoast.com\/wordpress\/plugins\/seo\/ -->\n<title>Fisioterapia | Sole Centro de Imagen<\/title>\n<meta name=\"robots\" content=\"index, follow, max-snippet:-1, max-image-preview:large, max-video-preview:-1\" \/>\n<link rel=\"canonical\" href=\"https:\/\/solecentrodeimagen.com\/fr\/estetica-avanzada\/fisioterapia\/\" \/>\n<meta property=\"og:locale\" content=\"fr_FR\" \/>\n<meta property=\"og:type\" content=\"article\" \/>\n<meta property=\"og:title\" content=\"Fisioterapia | Sole Centro de Imagen\" \/>\n<meta property=\"og:url\" content=\"https:\/\/solecentrodeimagen.com\/fr\/estetica-avanzada\/fisioterapia\/\" \/>\n<meta property=\"og:site_name\" content=\"Sole Centro de Imagen\" \/>\n<meta property=\"article:publisher\" content=\"http:\/\/www.facebook.com\/solecentrodeimagen\" \/>\n<meta property=\"article:modified_time\" content=\"2020-04-20T08:46:14+00:00\" \/>\n<meta property=\"og:image\" content=\"https:\/\/solecentrodeimagen.com\/wp-content\/uploads\/2015\/08\/imagen2.jpg\" \/>\n\t<meta property=\"og:image:width\" content=\"907\" \/>\n\t<meta property=\"og:image:height\" content=\"350\" \/>\n\t<meta property=\"og:image:type\" content=\"image\/jpeg\" \/>\n<meta name=\"twitter:card\" content=\"summary_large_image\" \/>\n<meta name=\"twitter:label1\" content=\"Est. reading time\" \/>\n\t<meta name=\"twitter:data1\" content=\"5 minutes\" \/>\n<script type=\"application\/ld+json\" class=\"yoast-schema-graph\">{\"@context\":\"https:\/\/schema.org\",\"@graph\":[{\"@type\":\"WebPage\",\"@id\":\"https:\/\/solecentrodeimagen.com\/fr\/estetica-avanzada\/fisioterapia\/\",\"url\":\"https:\/\/solecentrodeimagen.com\/fr\/estetica-avanzada\/fisioterapia\/\",\"name\":\"Fisioterapia | Sole Centro de Imagen\",\"isPartOf\":{\"@id\":\"https:\/\/solecentrodeimagen.com\/#website\"},\"primaryImageOfPage\":{\"@id\":\"https:\/\/solecentrodeimagen.com\/fr\/estetica-avanzada\/fisioterapia\/#primaryimage\"},\"image\":{\"@id\":\"https:\/\/solecentrodeimagen.com\/fr\/estetica-avanzada\/fisioterapia\/#primaryimage\"},\"thumbnailUrl\":\"https:\/\/solecentrodeimagen.com\/wp-content\/uploads\/2015\/08\/imagen2.jpg\",\"datePublished\":\"2016-08-16T08:50:33+00:00\",\"dateModified\":\"2020-04-20T08:46:14+00:00\",\"description\":\"Disponemos de diferentes tipos de quiromasaje: Masaje antiestr\u00e9s, terape\u00fatico, deportivo, geotermal, craneal, linf\u00e1tico, indiba activ ... Cons\u00faltanos!\",\"breadcrumb\":{\"@id\":\"https:\/\/solecentrodeimagen.com\/fr\/estetica-avanzada\/fisioterapia\/#breadcrumb\"},\"inLanguage\":\"fr-FR\",\"potentialAction\":[{\"@type\":\"ReadAction\",\"target\":[\"https:\/\/solecentrodeimagen.com\/fr\/estetica-avanzada\/fisioterapia\/\"]}]},{\"@type\":\"ImageObject\",\"inLanguage\":\"fr-FR\",\"@id\":\"https:\/\/solecentrodeimagen.com\/fr\/estetica-avanzada\/fisioterapia\/#primaryimage\",\"url\":\"https:\/\/solecentrodeimagen.com\/wp-content\/uploads\/2015\/08\/imagen2.jpg\",\"contentUrl\":\"https:\/\/solecentrodeimagen.com\/wp-content\/uploads\/2015\/08\/imagen2.jpg\",\"width\":907,\"height\":350,\"caption\":\"quiromasaje\"},{\"@type\":\"BreadcrumbList\",\"@id\":\"https:\/\/solecentrodeimagen.com\/fr\/estetica-avanzada\/fisioterapia\/#breadcrumb\",\"itemListElement\":[{\"@type\":\"ListItem\",\"position\":1,\"name\":\"Home\",\"item\":\"https:\/\/solecentrodeimagen.com\/\"},{\"@type\":\"ListItem\",\"position\":2,\"name\":\"Tratamientos de Est\u00e9tica Avanzada\",\"item\":\"https:\/\/solecentrodeimagen.com\/estetica-avanzada\/\"},{\"@type\":\"ListItem\",\"position\":3,\"name\":\"Fisioterapia\"}]},{\"@type\":\"WebSite\",\"@id\":\"https:\/\/solecentrodeimagen.com\/#website\",\"url\":\"https:\/\/solecentrodeimagen.com\/\",\"name\":\"Sole Centro de Imagen\",\"description\":\"Centro Medicina Est\u00e9tica, Dermatolog\u00eda y Est\u00e9tica avanzada\",\"publisher\":{\"@id\":\"https:\/\/solecentrodeimagen.com\/#organization\"},\"potentialAction\":[{\"@type\":\"SearchAction\",\"target\":{\"@type\":\"EntryPoint\",\"urlTemplate\":\"https:\/\/solecentrodeimagen.com\/?s={search_term_string}\"},\"query-input\":{\"@type\":\"PropertyValueSpecification\",\"valueRequired\":true,\"valueName\":\"search_term_string\"}}],\"inLanguage\":\"fr-FR\"},{\"@type\":\"Organization\",\"@id\":\"https:\/\/solecentrodeimagen.com\/#organization\",\"name\":\"Sole Centro de Imagen Integral\",\"url\":\"https:\/\/solecentrodeimagen.com\/\",\"logo\":{\"@type\":\"ImageObject\",\"inLanguage\":\"fr-FR\",\"@id\":\"https:\/\/solecentrodeimagen.com\/#\/schema\/logo\/image\/\",\"url\":\"https:\/\/solecentrodeimagen.com\/wp-content\/uploads\/2016\/06\/logo-solecentromedico.png\",\"contentUrl\":\"https:\/\/solecentrodeimagen.com\/wp-content\/uploads\/2016\/06\/logo-solecentromedico.png\",\"width\":281,\"height\":96,\"caption\":\"Sole Centro de Imagen Integral\"},\"image\":{\"@id\":\"https:\/\/solecentrodeimagen.com\/#\/schema\/logo\/image\/\"},\"sameAs\":[\"http:\/\/www.facebook.com\/solecentrodeimagen\",\"http:\/\/www.instagram.com\/solecentrodeimagen\"]}]}<\/script>\n<!-- \/ Yoast SEO plugin. -->","yoast_head_json":{"title":"Fisioterapia | Sole Centro de Imagen","robots":{"index":"index","follow":"follow","max-snippet":"max-snippet:-1","max-image-preview":"max-image-preview:large","max-video-preview":"max-video-preview:-1"},"canonical":"https:\/\/solecentrodeimagen.com\/fr\/estetica-avanzada\/fisioterapia\/","og_locale":"fr_FR","og_type":"article","og_title":"Fisioterapia | Sole Centro de Imagen","og_url":"https:\/\/solecentrodeimagen.com\/fr\/estetica-avanzada\/fisioterapia\/","og_site_name":"Sole Centro de Imagen","article_publisher":"http:\/\/www.facebook.com\/solecentrodeimagen","article_modified_time":"2020-04-20T08:46:14+00:00","og_image":[{"width":907,"height":350,"url":"https:\/\/solecentrodeimagen.com\/wp-content\/uploads\/2015\/08\/imagen2.jpg","type":"image\/jpeg"}],"twitter_card":"summary_large_image","twitter_misc":{"Est. reading time":"5 minutes"},"schema":{"@context":"https:\/\/schema.org","@graph":[{"@type":"WebPage","@id":"https:\/\/solecentrodeimagen.com\/fr\/estetica-avanzada\/fisioterapia\/","url":"https:\/\/solecentrodeimagen.com\/fr\/estetica-avanzada\/fisioterapia\/","name":"Fisioterapia | Sole Centro de Imagen","isPartOf":{"@id":"https:\/\/solecentrodeimagen.com\/#website"},"primaryImageOfPage":{"@id":"https:\/\/solecentrodeimagen.com\/fr\/estetica-avanzada\/fisioterapia\/#primaryimage"},"image":{"@id":"https:\/\/solecentrodeimagen.com\/fr\/estetica-avanzada\/fisioterapia\/#primaryimage"},"thumbnailUrl":"https:\/\/solecentrodeimagen.com\/wp-content\/uploads\/2015\/08\/imagen2.jpg","datePublished":"2016-08-16T08:50:33+00:00","dateModified":"2020-04-20T08:46:14+00:00","description":"Disponemos de diferentes tipos de quiromasaje: Masaje antiestr\u00e9s, terape\u00fatico, deportivo, geotermal, craneal, linf\u00e1tico, indiba activ ... Cons\u00faltanos!","breadcrumb":{"@id":"https:\/\/solecentrodeimagen.com\/fr\/estetica-avanzada\/fisioterapia\/#breadcrumb"},"inLanguage":"fr-FR","potentialAction":[{"@type":"ReadAction","target":["https:\/\/solecentrodeimagen.com\/fr\/estetica-avanzada\/fisioterapia\/"]}]},{"@type":"ImageObject","inLanguage":"fr-FR","@id":"https:\/\/solecentrodeimagen.com\/fr\/estetica-avanzada\/fisioterapia\/#primaryimage","url":"https:\/\/solecentrodeimagen.com\/wp-content\/uploads\/2015\/08\/imagen2.jpg","contentUrl":"https:\/\/solecentrodeimagen.com\/wp-content\/uploads\/2015\/08\/imagen2.jpg","width":907,"height":350,"caption":"quiromasaje"},{"@type":"BreadcrumbList","@id":"https:\/\/solecentrodeimagen.com\/fr\/estetica-avanzada\/fisioterapia\/#breadcrumb","itemListElement":[{"@type":"ListItem","position":1,"name":"Home","item":"https:\/\/solecentrodeimagen.com\/"},{"@type":"ListItem","position":2,"name":"Tratamientos de Est\u00e9tica Avanzada","item":"https:\/\/solecentrodeimagen.com\/estetica-avanzada\/"},{"@type":"ListItem","position":3,"name":"Fisioterapia"}]},{"@type":"WebSite","@id":"https:\/\/solecentrodeimagen.com\/#website","url":"https:\/\/solecentrodeimagen.com\/","name":"Sole Centro de Imagen","description":"Centro Medicina Est\u00e9tica, Dermatolog\u00eda y Est\u00e9tica avanzada","publisher":{"@id":"https:\/\/solecentrodeimagen.com\/#organization"},"potentialAction":[{"@type":"SearchAction","target":{"@type":"EntryPoint","urlTemplate":"https:\/\/solecentrodeimagen.com\/?s={search_term_string}"},"query-input":{"@type":"PropertyValueSpecification","valueRequired":true,"valueName":"search_term_string"}}],"inLanguage":"fr-FR"},{"@type":"Organization","@id":"https:\/\/solecentrodeimagen.com\/#organization","name":"Sole Centro de Imagen Integral","url":"https:\/\/solecentrodeimagen.com\/","logo":{"@type":"ImageObject","inLanguage":"fr-FR","@id":"https:\/\/solecentrodeimagen.com\/#\/schema\/logo\/image\/","url":"https:\/\/solecentrodeimagen.com\/wp-content\/uploads\/2016\/06\/logo-solecentromedico.png","contentUrl":"https:\/\/solecentrodeimagen.com\/wp-content\/uploads\/2016\/06\/logo-solecentromedico.png","width":281,"height":96,"caption":"Sole Centro de Imagen Integral"},"image":{"@id":"https:\/\/solecentrodeimagen.com\/#\/schema\/logo\/image\/"},"sameAs":["http:\/\/www.facebook.com\/solecentrodeimagen","http:\/\/www.instagram.com\/solecentrodeimagen"]}]}},"_links":{"self":[{"href":"https:\/\/solecentrodeimagen.com\/fr\/wp-json\/wp\/v2\/pages\/11707"}],"collection":[{"href":"https:\/\/solecentrodeimagen.com\/fr\/wp-json\/wp\/v2\/pages"}],"about":[{"href":"https:\/\/solecentrodeimagen.com\/fr\/wp-json\/wp\/v2\/types\/page"}],"author":[{"embeddable":true,"href":"https:\/\/solecentrodeimagen.com\/fr\/wp-json\/wp\/v2\/users\/13"}],"replies":[{"embeddable":true,"href":"https:\/\/solecentrodeimagen.com\/fr\/wp-json\/wp\/v2\/comments?post=11707"}],"version-history":[{"count":3,"href":"https:\/\/solecentrodeimagen.com\/fr\/wp-json\/wp\/v2\/pages\/11707\/revisions"}],"predecessor-version":[{"id":20669,"href":"https:\/\/solecentrodeimagen.com\/fr\/wp-json\/wp\/v2\/pages\/11707\/revisions\/20669"}],"up":[{"embeddable":true,"href":"https:\/\/solecentrodeimagen.com\/fr\/wp-json\/wp\/v2\/pages\/20122"}],"wp:featuredmedia":[{"embeddable":true,"href":"https:\/\/solecentrodeimagen.com\/fr\/wp-json\/wp\/v2\/media\/18446"}],"wp:attachment":[{"href":"https:\/\/solecentrodeimagen.com\/fr\/wp-json\/wp\/v2\/media?parent=11707"}],"curies":[{"name":"wp","href":"https:\/\/api.w.org\/{rel}","templated":true}]}}