{"id":11719,"date":"2015-08-29T11:10:34","date_gmt":"2015-08-29T09:10:34","guid":{"rendered":"http:\/\/wordpress.solecentrodebelleza.com\/?page_id=11719"},"modified":"2017-03-10T18:44:57","modified_gmt":"2017-03-10T17:44:57","slug":"masaje-deportivo","status":"publish","type":"page","link":"https:\/\/solecentrodeimagen.com\/fr\/estetica-avanzada\/fisioterapia\/masaje-deportivo\/","title":{"rendered":"Massage Sportif"},"content":{"rendered":"<div class=\"fusion-text fusion-text-1\"><div class=\"art-PostContent\">\n<div class=\"art-article\">\n<p style=\"text-align: justify;\"><img decoding=\"async\" class=\"alignright\" src=\"http:\/\/solecentrodebelleza.com\/images\/stories\/shutterstock_79213402peq.jpg\" alt=\"\" width=\"301\" height=\"146\" align=\"right\" border=\"0\" \/><\/p>\n<p style=\"text-align: justify;\">Masaje actif et profond qui utilise des techniques d\u2019\u00e9tirement pour d\u00e9tendre et tonifier les groupes musculaires. Avant, pendant et apr\u00e8s la comp\u00e9tition, tendinites, foulures, crampes, courbatures, d\u00e9chirures, l\u00e9sions inflamatoires, l\u00e9sions des abducteurs, fractures, luxations, technique de Cyriax&#8230;<\/p>\n<p style=\"text-align: justify;\">Si vous \u00eates interess\u00e9e et \u00a0vous d\u00e9sirez poser une question, cliquez <a href=\"https:\/\/solecentrodeimagen.com\/index.php\/contacto\/\">ici<\/a>.<\/p>\n<\/div>\n<\/div>\n<p>\n<\/div><div class=\"fusion-sep-clear\"><\/div><div class=\"fusion-separator fusion-full-width-sep\" style=\"margin-left: auto;margin-right: auto;margin-top:20px;width:100%;\"><\/div><div class=\"fusion-sep-clear\"><\/div>[\/fusion_builder_column]<div class=\"fusion-layout-column fusion_builder_column fusion-builder-column-0 fusion_builder_column_1_1 1_1 fusion-one-full fusion-column-first fusion-column-last fusion-column-no-min-height\" style=\"--awb-bg-size:cover;--awb-margin-bottom:0px;width:100%;\"><div class=\"fusion-column-wrapper fusion-flex-column-wrapper-legacy\"><div class=\"fusion-clearfix\"><\/div><\/div><\/div><div class=\"fusion-sharing-box fusion-sharing-box-1 has-taglines layout-floated layout-medium-floated layout-small-floated\" style=\"background-color:#f7f7f7;--awb-layout:row;--awb-alignment-small:space-between;\" data-title=\"Massage Sportif\" data-description=\"{:es}\r\n\r\n\r\nMasaje activo y profundo con t\u00e9cnicas de estiramiento para descargar y tonificar los grupos musculares. Pre- durante-post competici\u00f3n, tendinitis, esguinces, calambres, agujetas, desgarros, lesiones con inflamaci\u00f3n, lesiones de abductores, fracturas, luxaciones, t\u00e9cnica de Cyriax...\r\nSi est\u00e1 interesada\/o en este\" data-link=\"https:\/\/solecentrodeimagen.com\/fr\/estetica-avanzada\/fisioterapia\/masaje-deportivo\/\"><h4 class=\"tagline\" style=\"color:#333333;\">Aimez-vous cette page? Partagez-la avec vos amis!<\/h4><div class=\"fusion-social-networks sharingbox-shortcode-icon-wrapper sharingbox-shortcode-icon-wrapper-1\"><span><a href=\"https:\/\/www.facebook.com\/sharer.php?u=https%3A%2F%2Fsolecentrodeimagen.com%2Ffr%2Festetica-avanzada%2Ffisioterapia%2Fmasaje-deportivo%2F&amp;t=Massage%20Sportif\" target=\"_blank\" rel=\"noreferrer nofollow\" title=\"Facebook\" aria-label=\"Facebook\" data-placement=\"top\" data-toggle=\"tooltip\" data-title=\"Facebook\"><i class=\"fusion-social-network-icon fusion-tooltip fusion-facebook awb-icon-facebook\" style=\"color:#000000;\" aria-hidden=\"true\"><\/i><\/a><\/span><span><a href=\"https:\/\/x.com\/share?text=Massage%20Sportif&amp;url=https%3A%2F%2Fsolecentrodeimagen.com%2Ffr%2Festetica-avanzada%2Ffisioterapia%2Fmasaje-deportivo%2F\" target=\"_blank\" rel=\"noopener noreferrer nofollow\" title=\"X\" aria-label=\"X\" data-placement=\"top\" data-toggle=\"tooltip\" data-title=\"X\"><i class=\"fusion-social-network-icon fusion-tooltip fusion-twitter awb-icon-twitter\" style=\"color:#000000;\" aria-hidden=\"true\"><\/i><\/a><\/span><span><a href=\"mailto:?subject=Massage%20Sportif&amp;body=https%3A%2F%2Fsolecentrodeimagen.com%2Ffr%2Festetica-avanzada%2Ffisioterapia%2Fmasaje-deportivo%2F\" target=\"_self\" rel=\"nofollow\" title=\"Email\" aria-label=\"Email\" data-placement=\"top\" data-toggle=\"tooltip\" data-title=\"Email\"><i class=\"fusion-social-network-icon fusion-tooltip fusion-mail awb-icon-mail\" style=\"color:#000000;\" aria-hidden=\"true\"><\/i><\/a><\/span><\/div><\/div><div class=\"fusion-sep-clear\"><\/div><div class=\"fusion-separator fusion-has-icon fusion-full-width-sep\" style=\"margin-left: auto;margin-right: auto;width:100%;\"><div class=\"fusion-separator-border sep-shadow\" style=\"--awb-height:20px;--awb-amount:20px;background:radial-gradient(ellipse at 50% -50% , #e0dede 0px, rgba(255, 255, 255, 0) 80%) repeat scroll 0 0 rgba(0, 0, 0, 0);background:-webkit-radial-gradient(ellipse at 50% -50% , #e0dede 0px, rgba(255, 255, 255, 0) 80%) repeat scroll 0 0 rgba(0, 0, 0, 0);background:-moz-radial-gradient(ellipse at 50% -50% , #e0dede 0px, rgba(255, 255, 255, 0) 80%) repeat scroll 0 0 rgba(0, 0, 0, 0);background:-o-radial-gradient(ellipse at 50% -50% , #e0dede 0px, rgba(255, 255, 255, 0) 80%) repeat scroll 0 0 rgba(0, 0, 0, 0);\"><\/div><span class=\"icon-wrapper\" style=\"border-color:#e0dede;background-color:rgba(255,255,255,0);font-size:13px;width: 1.75em; height: 1.75em;border-width:1px;padding:1px;\"><i class=\" fa fa-comments\" style=\"font-size: inherit;color:#e0dede;\" aria-hidden=\"true\"><\/i><\/span><div class=\"fusion-separator-border sep-shadow\" style=\"--awb-height:20px;--awb-amount:20px;background:radial-gradient(ellipse at 50% -50% , #e0dede 0px, rgba(255, 255, 255, 0) 80%) repeat scroll 0 0 rgba(0, 0, 0, 0);background:-webkit-radial-gradient(ellipse at 50% -50% , #e0dede 0px, rgba(255, 255, 255, 0) 80%) repeat scroll 0 0 rgba(0, 0, 0, 0);background:-moz-radial-gradient(ellipse at 50% -50% , #e0dede 0px, rgba(255, 255, 255, 0) 80%) repeat scroll 0 0 rgba(0, 0, 0, 0);background:-o-radial-gradient(ellipse at 50% -50% , #e0dede 0px, rgba(255, 255, 255, 0) 80%) repeat scroll 0 0 rgba(0, 0, 0, 0);\"><\/div><\/div><div class=\"fusion-sep-clear\"><\/div><\/p>\n","protected":false},"excerpt":{"rendered":"<p>Masaje activo y profundo con t\u00e9cnicas de estiramiento para descargar y tonificar los grupos musculares. Pre- durante-post competici\u00f3n, tendinitis, esguinces, calambres, agujetas, desgarros, lesiones con inflamaci\u00f3n, lesiones de abductores, fracturas, luxaciones, t\u00e9cnica de Cyriax&#8230; Si est\u00e1 interesada\/o en este tratamiento y quiere realizar alguna consulta, pinche aqu\u00ed.<\/p>\n","protected":false},"author":13,"featured_media":0,"parent":11707,"menu_order":0,"comment_status":"open","ping_status":"closed","template":"","meta":{"footnotes":""},"class_list":["post-11719","page","type-page","status-publish","hentry"],"translation":{"provider":"WPGlobus","version":"3.0.0","language":"fr","enabled_languages":["es","en","fr"],"languages":{"es":{"title":true,"content":true,"excerpt":false},"en":{"title":true,"content":true,"excerpt":false},"fr":{"title":true,"content":true,"excerpt":false}}},"yoast_head":"<!-- This site is optimized with the Yoast SEO plugin v23.5 - https:\/\/yoast.com\/wordpress\/plugins\/seo\/ -->\n<title>Massage Sportif | Sole Centro de Imagen<\/title>\n<meta name=\"robots\" content=\"index, follow, max-snippet:-1, max-image-preview:large, max-video-preview:-1\" \/>\n<link rel=\"canonical\" href=\"https:\/\/solecentrodeimagen.com\/fr\/estetica-avanzada\/fisioterapia\/masaje-deportivo\/\" \/>\n<meta property=\"og:locale\" content=\"fr_FR\" \/>\n<meta property=\"og:type\" content=\"article\" \/>\n<meta property=\"og:title\" content=\"Massage Sportif | Sole Centro de Imagen\" \/>\n<meta property=\"og:url\" content=\"https:\/\/solecentrodeimagen.com\/fr\/estetica-avanzada\/fisioterapia\/masaje-deportivo\/\" \/>\n<meta property=\"og:site_name\" content=\"Sole Centro de Imagen\" \/>\n<meta property=\"article:publisher\" content=\"http:\/\/www.facebook.com\/solecentrodeimagen\" \/>\n<meta property=\"article:modified_time\" content=\"2017-03-10T17:44:57+00:00\" \/>\n<meta property=\"og:image\" content=\"https:\/\/solecentrodeimagen.com\/wp-content\/uploads\/2015\/08\/ficha_52-dto-elige-entre-1-3-o-5-masajes-descontracturantes-o-deportivos-en-el-centro-de-masaje-esther-des.jpg\" \/>\n<meta name=\"twitter:card\" content=\"summary_large_image\" \/>\n<meta name=\"twitter:label1\" content=\"Est. reading time\" \/>\n\t<meta name=\"twitter:data1\" content=\"3 minutes\" \/>\n<script type=\"application\/ld+json\" class=\"yoast-schema-graph\">{\"@context\":\"https:\/\/schema.org\",\"@graph\":[{\"@type\":\"WebPage\",\"@id\":\"https:\/\/solecentrodeimagen.com\/fr\/estetica-avanzada\/fisioterapia\/masaje-deportivo\/\",\"url\":\"https:\/\/solecentrodeimagen.com\/fr\/estetica-avanzada\/fisioterapia\/masaje-deportivo\/\",\"name\":\"Massage Sportif | Sole Centro de Imagen\",\"isPartOf\":{\"@id\":\"https:\/\/solecentrodeimagen.com\/#website\"},\"primaryImageOfPage\":{\"@id\":\"https:\/\/solecentrodeimagen.com\/fr\/estetica-avanzada\/fisioterapia\/masaje-deportivo\/#primaryimage\"},\"image\":{\"@id\":\"https:\/\/solecentrodeimagen.com\/fr\/estetica-avanzada\/fisioterapia\/masaje-deportivo\/#primaryimage\"},\"thumbnailUrl\":\"https:\/\/solecentrodeimagen.com\/wp-content\/uploads\/2015\/08\/ficha_52-dto-elige-entre-1-3-o-5-masajes-descontracturantes-o-deportivos-en-el-centro-de-masaje-esther-des.jpg\",\"datePublished\":\"2015-08-29T09:10:34+00:00\",\"dateModified\":\"2017-03-10T17:44:57+00:00\",\"description\":\"El masaje deportivo es un masaje activo y profundo con t\u00e9cnicas de estiramiento para descargar y tonificar los grupos musculares. Cons\u00faltanos!\",\"breadcrumb\":{\"@id\":\"https:\/\/solecentrodeimagen.com\/fr\/estetica-avanzada\/fisioterapia\/masaje-deportivo\/#breadcrumb\"},\"inLanguage\":\"fr-FR\",\"potentialAction\":[{\"@type\":\"ReadAction\",\"target\":[\"https:\/\/solecentrodeimagen.com\/fr\/estetica-avanzada\/fisioterapia\/masaje-deportivo\/\"]}]},{\"@type\":\"ImageObject\",\"inLanguage\":\"fr-FR\",\"@id\":\"https:\/\/solecentrodeimagen.com\/fr\/estetica-avanzada\/fisioterapia\/masaje-deportivo\/#primaryimage\",\"url\":\"https:\/\/solecentrodeimagen.com\/wp-content\/uploads\/2015\/08\/ficha_52-dto-elige-entre-1-3-o-5-masajes-descontracturantes-o-deportivos-en-el-centro-de-masaje-esther-des.jpg\",\"contentUrl\":\"https:\/\/solecentrodeimagen.com\/wp-content\/uploads\/2015\/08\/ficha_52-dto-elige-entre-1-3-o-5-masajes-descontracturantes-o-deportivos-en-el-centro-de-masaje-esther-des.jpg\"},{\"@type\":\"BreadcrumbList\",\"@id\":\"https:\/\/solecentrodeimagen.com\/fr\/estetica-avanzada\/fisioterapia\/masaje-deportivo\/#breadcrumb\",\"itemListElement\":[{\"@type\":\"ListItem\",\"position\":1,\"name\":\"Home\",\"item\":\"https:\/\/solecentrodeimagen.com\/\"},{\"@type\":\"ListItem\",\"position\":2,\"name\":\"Tratamientos de Est\u00e9tica Avanzada\",\"item\":\"https:\/\/solecentrodeimagen.com\/estetica-avanzada\/\"},{\"@type\":\"ListItem\",\"position\":3,\"name\":\"Fisioterapia\",\"item\":\"https:\/\/solecentrodeimagen.com\/fr\/estetica-avanzada\/fisioterapia\/\"},{\"@type\":\"ListItem\",\"position\":4,\"name\":\"Massage Sportif\"}]},{\"@type\":\"WebSite\",\"@id\":\"https:\/\/solecentrodeimagen.com\/#website\",\"url\":\"https:\/\/solecentrodeimagen.com\/\",\"name\":\"Sole Centro de Imagen\",\"description\":\"Centro Medicina Est\u00e9tica, Dermatolog\u00eda y Est\u00e9tica avanzada\",\"publisher\":{\"@id\":\"https:\/\/solecentrodeimagen.com\/#organization\"},\"potentialAction\":[{\"@type\":\"SearchAction\",\"target\":{\"@type\":\"EntryPoint\",\"urlTemplate\":\"https:\/\/solecentrodeimagen.com\/?s={search_term_string}\"},\"query-input\":{\"@type\":\"PropertyValueSpecification\",\"valueRequired\":true,\"valueName\":\"search_term_string\"}}],\"inLanguage\":\"fr-FR\"},{\"@type\":\"Organization\",\"@id\":\"https:\/\/solecentrodeimagen.com\/#organization\",\"name\":\"Sole Centro de Imagen Integral\",\"url\":\"https:\/\/solecentrodeimagen.com\/\",\"logo\":{\"@type\":\"ImageObject\",\"inLanguage\":\"fr-FR\",\"@id\":\"https:\/\/solecentrodeimagen.com\/#\/schema\/logo\/image\/\",\"url\":\"https:\/\/solecentrodeimagen.com\/wp-content\/uploads\/2016\/06\/logo-solecentromedico.png\",\"contentUrl\":\"https:\/\/solecentrodeimagen.com\/wp-content\/uploads\/2016\/06\/logo-solecentromedico.png\",\"width\":281,\"height\":96,\"caption\":\"Sole Centro de Imagen Integral\"},\"image\":{\"@id\":\"https:\/\/solecentrodeimagen.com\/#\/schema\/logo\/image\/\"},\"sameAs\":[\"http:\/\/www.facebook.com\/solecentrodeimagen\",\"http:\/\/www.instagram.com\/solecentrodeimagen\"]}]}<\/script>\n<!-- \/ Yoast SEO plugin. -->","yoast_head_json":{"title":"Massage Sportif | Sole Centro de Imagen","robots":{"index":"index","follow":"follow","max-snippet":"max-snippet:-1","max-image-preview":"max-image-preview:large","max-video-preview":"max-video-preview:-1"},"canonical":"https:\/\/solecentrodeimagen.com\/fr\/estetica-avanzada\/fisioterapia\/masaje-deportivo\/","og_locale":"fr_FR","og_type":"article","og_title":"Massage Sportif | Sole Centro de Imagen","og_url":"https:\/\/solecentrodeimagen.com\/fr\/estetica-avanzada\/fisioterapia\/masaje-deportivo\/","og_site_name":"Sole Centro de Imagen","article_publisher":"http:\/\/www.facebook.com\/solecentrodeimagen","article_modified_time":"2017-03-10T17:44:57+00:00","og_image":[{"url":"https:\/\/solecentrodeimagen.com\/wp-content\/uploads\/2015\/08\/ficha_52-dto-elige-entre-1-3-o-5-masajes-descontracturantes-o-deportivos-en-el-centro-de-masaje-esther-des.jpg"}],"twitter_card":"summary_large_image","twitter_misc":{"Est. reading time":"3 minutes"},"schema":{"@context":"https:\/\/schema.org","@graph":[{"@type":"WebPage","@id":"https:\/\/solecentrodeimagen.com\/fr\/estetica-avanzada\/fisioterapia\/masaje-deportivo\/","url":"https:\/\/solecentrodeimagen.com\/fr\/estetica-avanzada\/fisioterapia\/masaje-deportivo\/","name":"Massage Sportif | Sole Centro de Imagen","isPartOf":{"@id":"https:\/\/solecentrodeimagen.com\/#website"},"primaryImageOfPage":{"@id":"https:\/\/solecentrodeimagen.com\/fr\/estetica-avanzada\/fisioterapia\/masaje-deportivo\/#primaryimage"},"image":{"@id":"https:\/\/solecentrodeimagen.com\/fr\/estetica-avanzada\/fisioterapia\/masaje-deportivo\/#primaryimage"},"thumbnailUrl":"https:\/\/solecentrodeimagen.com\/wp-content\/uploads\/2015\/08\/ficha_52-dto-elige-entre-1-3-o-5-masajes-descontracturantes-o-deportivos-en-el-centro-de-masaje-esther-des.jpg","datePublished":"2015-08-29T09:10:34+00:00","dateModified":"2017-03-10T17:44:57+00:00","description":"El masaje deportivo es un masaje activo y profundo con t\u00e9cnicas de estiramiento para descargar y tonificar los grupos musculares. Cons\u00faltanos!","breadcrumb":{"@id":"https:\/\/solecentrodeimagen.com\/fr\/estetica-avanzada\/fisioterapia\/masaje-deportivo\/#breadcrumb"},"inLanguage":"fr-FR","potentialAction":[{"@type":"ReadAction","target":["https:\/\/solecentrodeimagen.com\/fr\/estetica-avanzada\/fisioterapia\/masaje-deportivo\/"]}]},{"@type":"ImageObject","inLanguage":"fr-FR","@id":"https:\/\/solecentrodeimagen.com\/fr\/estetica-avanzada\/fisioterapia\/masaje-deportivo\/#primaryimage","url":"https:\/\/solecentrodeimagen.com\/wp-content\/uploads\/2015\/08\/ficha_52-dto-elige-entre-1-3-o-5-masajes-descontracturantes-o-deportivos-en-el-centro-de-masaje-esther-des.jpg","contentUrl":"https:\/\/solecentrodeimagen.com\/wp-content\/uploads\/2015\/08\/ficha_52-dto-elige-entre-1-3-o-5-masajes-descontracturantes-o-deportivos-en-el-centro-de-masaje-esther-des.jpg"},{"@type":"BreadcrumbList","@id":"https:\/\/solecentrodeimagen.com\/fr\/estetica-avanzada\/fisioterapia\/masaje-deportivo\/#breadcrumb","itemListElement":[{"@type":"ListItem","position":1,"name":"Home","item":"https:\/\/solecentrodeimagen.com\/"},{"@type":"ListItem","position":2,"name":"Tratamientos de Est\u00e9tica Avanzada","item":"https:\/\/solecentrodeimagen.com\/estetica-avanzada\/"},{"@type":"ListItem","position":3,"name":"Fisioterapia","item":"https:\/\/solecentrodeimagen.com\/fr\/estetica-avanzada\/fisioterapia\/"},{"@type":"ListItem","position":4,"name":"Massage Sportif"}]},{"@type":"WebSite","@id":"https:\/\/solecentrodeimagen.com\/#website","url":"https:\/\/solecentrodeimagen.com\/","name":"Sole Centro de Imagen","description":"Centro Medicina Est\u00e9tica, Dermatolog\u00eda y Est\u00e9tica avanzada","publisher":{"@id":"https:\/\/solecentrodeimagen.com\/#organization"},"potentialAction":[{"@type":"SearchAction","target":{"@type":"EntryPoint","urlTemplate":"https:\/\/solecentrodeimagen.com\/?s={search_term_string}"},"query-input":{"@type":"PropertyValueSpecification","valueRequired":true,"valueName":"search_term_string"}}],"inLanguage":"fr-FR"},{"@type":"Organization","@id":"https:\/\/solecentrodeimagen.com\/#organization","name":"Sole Centro de Imagen Integral","url":"https:\/\/solecentrodeimagen.com\/","logo":{"@type":"ImageObject","inLanguage":"fr-FR","@id":"https:\/\/solecentrodeimagen.com\/#\/schema\/logo\/image\/","url":"https:\/\/solecentrodeimagen.com\/wp-content\/uploads\/2016\/06\/logo-solecentromedico.png","contentUrl":"https:\/\/solecentrodeimagen.com\/wp-content\/uploads\/2016\/06\/logo-solecentromedico.png","width":281,"height":96,"caption":"Sole Centro de Imagen Integral"},"image":{"@id":"https:\/\/solecentrodeimagen.com\/#\/schema\/logo\/image\/"},"sameAs":["http:\/\/www.facebook.com\/solecentrodeimagen","http:\/\/www.instagram.com\/solecentrodeimagen"]}]}},"_links":{"self":[{"href":"https:\/\/solecentrodeimagen.com\/fr\/wp-json\/wp\/v2\/pages\/11719"}],"collection":[{"href":"https:\/\/solecentrodeimagen.com\/fr\/wp-json\/wp\/v2\/pages"}],"about":[{"href":"https:\/\/solecentrodeimagen.com\/fr\/wp-json\/wp\/v2\/types\/page"}],"author":[{"embeddable":true,"href":"https:\/\/solecentrodeimagen.com\/fr\/wp-json\/wp\/v2\/users\/13"}],"replies":[{"embeddable":true,"href":"https:\/\/solecentrodeimagen.com\/fr\/wp-json\/wp\/v2\/comments?post=11719"}],"version-history":[{"count":0,"href":"https:\/\/solecentrodeimagen.com\/fr\/wp-json\/wp\/v2\/pages\/11719\/revisions"}],"up":[{"embeddable":true,"href":"https:\/\/solecentrodeimagen.com\/fr\/wp-json\/wp\/v2\/pages\/11707"}],"wp:attachment":[{"href":"https:\/\/solecentrodeimagen.com\/fr\/wp-json\/wp\/v2\/media?parent=11719"}],"curies":[{"name":"wp","href":"https:\/\/api.w.org\/{rel}","templated":true}]}}