{"id":11725,"date":"2015-08-29T11:12:38","date_gmt":"2015-08-29T09:12:38","guid":{"rendered":"http:\/\/wordpress.solecentrodebelleza.com\/?page_id=11725"},"modified":"2017-03-10T18:44:57","modified_gmt":"2017-03-10T17:44:57","slug":"canas-de-bambu","status":"publish","type":"page","link":"https:\/\/solecentrodeimagen.com\/fr\/estetica-avanzada\/fisioterapia\/canas-de-bambu\/","title":{"rendered":"Tiges de bambou"},"content":{"rendered":"<div class=\"fusion-text fusion-text-1\"><div class=\"art-PostContent\">\n<div class=\"art-article\">\n<p style=\"text-align: justify;\"><img decoding=\"async\" class=\" wp-image-15123 alignright\" src=\"https:\/\/solecentrodeimagen.com\/wp-content\/uploads\/2015\/08\/shutterstock_88715341peq-1.jpg\" alt=\"ca\u00f1as-de-bambu-solecentrodeimagen\" width=\"296\" height=\"205\" srcset=\"https:\/\/solecentrodeimagen.com\/wp-content\/uploads\/2015\/08\/shutterstock_88715341peq-1-300x208.jpg 300w, https:\/\/solecentrodeimagen.com\/wp-content\/uploads\/2015\/08\/shutterstock_88715341peq-1.jpg 383w\" sizes=\"(max-width: 296px) 100vw, 296px\" \/><\/p>\n<p style=\"text-align: justify;\">Technique de relaxation orientale. Le choix pour une sant\u00e9 int\u00e9grale. Ces tiges apportent un \u00e9tat de profond repos \u00e0 notre corps et \u00e0 notre esprit.<\/p>\n<p style=\"text-align: justify;\">Si vous \u00eates interess\u00e9e et \u00a0vous d\u00e9sirez poser une question, cliquez <a href=\"https:\/\/solecentrodeimagen.com\/index.php\/contacto\/\">ici<\/a>.<\/p>\n<\/div>\n<\/div>\n<p>\n<\/div><div class=\"fusion-sep-clear\"><\/div><div class=\"fusion-separator fusion-full-width-sep\" style=\"margin-left: auto;margin-right: auto;margin-top:20px;width:100%;\"><\/div><div class=\"fusion-sep-clear\"><\/div>[\/fusion_builder_column]<div class=\"fusion-layout-column fusion_builder_column fusion-builder-column-0 fusion_builder_column_1_1 1_1 fusion-one-full fusion-column-first fusion-column-last fusion-column-no-min-height\" style=\"--awb-bg-size:cover;--awb-margin-bottom:0px;width:100%;\"><div class=\"fusion-column-wrapper fusion-flex-column-wrapper-legacy\"><div class=\"fusion-clearfix\"><\/div><\/div><\/div><div class=\"fusion-sharing-box fusion-sharing-box-1 has-taglines layout-floated layout-medium-floated layout-small-floated\" style=\"background-color:#f7f7f7;--awb-layout:row;--awb-alignment-small:space-between;\" data-title=\"Tiges de bambou\" data-description=\"{:es}Masaje con ca\u00f1as de bamb\u00fa \r\n\r\n\r\nEl masaje con ca\u00f1as de bamb\u00fa se realizan sobre aquellas \u00e1reas donde existen dep\u00f3sitos de grasa que ocasionan la detestable piel de naranja para incentivar la circulaci\u00f3n y el drenaje linf\u00e1tico.\r\nEl masaje con ca\u00f1as de bamb\u00fa es una t\u00e9cnica de relajaci\u00f3n oriental, la opci\u00f3n\" data-link=\"https:\/\/solecentrodeimagen.com\/fr\/estetica-avanzada\/fisioterapia\/canas-de-bambu\/\"><h4 class=\"tagline\" style=\"color:#333333;\">Aimez-vous cette page? Partagez-la avec vos amis!<\/h4><div class=\"fusion-social-networks sharingbox-shortcode-icon-wrapper sharingbox-shortcode-icon-wrapper-1\"><span><a href=\"https:\/\/www.facebook.com\/sharer.php?u=https%3A%2F%2Fsolecentrodeimagen.com%2Ffr%2Festetica-avanzada%2Ffisioterapia%2Fcanas-de-bambu%2F&amp;t=Tiges%20de%20bambou\" target=\"_blank\" rel=\"noreferrer nofollow\" title=\"Facebook\" aria-label=\"Facebook\" data-placement=\"top\" data-toggle=\"tooltip\" data-title=\"Facebook\"><i class=\"fusion-social-network-icon fusion-tooltip fusion-facebook awb-icon-facebook\" style=\"color:#000000;\" aria-hidden=\"true\"><\/i><\/a><\/span><span><a href=\"https:\/\/x.com\/share?text=Tiges%20de%20bambou&amp;url=https%3A%2F%2Fsolecentrodeimagen.com%2Ffr%2Festetica-avanzada%2Ffisioterapia%2Fcanas-de-bambu%2F\" target=\"_blank\" rel=\"noopener noreferrer nofollow\" title=\"X\" aria-label=\"X\" data-placement=\"top\" data-toggle=\"tooltip\" data-title=\"X\"><i class=\"fusion-social-network-icon fusion-tooltip fusion-twitter awb-icon-twitter\" style=\"color:#000000;\" aria-hidden=\"true\"><\/i><\/a><\/span><span><a href=\"mailto:?subject=Tiges%20de%20bambou&amp;body=https%3A%2F%2Fsolecentrodeimagen.com%2Ffr%2Festetica-avanzada%2Ffisioterapia%2Fcanas-de-bambu%2F\" target=\"_self\" rel=\"nofollow\" title=\"Email\" aria-label=\"Email\" data-placement=\"top\" data-toggle=\"tooltip\" data-title=\"Email\"><i class=\"fusion-social-network-icon fusion-tooltip fusion-mail awb-icon-mail\" style=\"color:#000000;\" aria-hidden=\"true\"><\/i><\/a><\/span><\/div><\/div><div class=\"fusion-sep-clear\"><\/div><div class=\"fusion-separator fusion-has-icon fusion-full-width-sep\" style=\"margin-left: auto;margin-right: auto;width:100%;\"><div class=\"fusion-separator-border sep-shadow\" style=\"--awb-height:20px;--awb-amount:20px;background:radial-gradient(ellipse at 50% -50% , #e0dede 0px, rgba(255, 255, 255, 0) 80%) repeat scroll 0 0 rgba(0, 0, 0, 0);background:-webkit-radial-gradient(ellipse at 50% -50% , #e0dede 0px, rgba(255, 255, 255, 0) 80%) repeat scroll 0 0 rgba(0, 0, 0, 0);background:-moz-radial-gradient(ellipse at 50% -50% , #e0dede 0px, rgba(255, 255, 255, 0) 80%) repeat scroll 0 0 rgba(0, 0, 0, 0);background:-o-radial-gradient(ellipse at 50% -50% , #e0dede 0px, rgba(255, 255, 255, 0) 80%) repeat scroll 0 0 rgba(0, 0, 0, 0);\"><\/div><span class=\"icon-wrapper\" style=\"border-color:#e0dede;background-color:rgba(255,255,255,0);font-size:13px;width: 1.75em; height: 1.75em;border-width:1px;padding:1px;\"><i class=\" fa fa-comments\" style=\"font-size: inherit;color:#e0dede;\" aria-hidden=\"true\"><\/i><\/span><div class=\"fusion-separator-border sep-shadow\" style=\"--awb-height:20px;--awb-amount:20px;background:radial-gradient(ellipse at 50% -50% , #e0dede 0px, rgba(255, 255, 255, 0) 80%) repeat scroll 0 0 rgba(0, 0, 0, 0);background:-webkit-radial-gradient(ellipse at 50% -50% , #e0dede 0px, rgba(255, 255, 255, 0) 80%) repeat scroll 0 0 rgba(0, 0, 0, 0);background:-moz-radial-gradient(ellipse at 50% -50% , #e0dede 0px, rgba(255, 255, 255, 0) 80%) repeat scroll 0 0 rgba(0, 0, 0, 0);background:-o-radial-gradient(ellipse at 50% -50% , #e0dede 0px, rgba(255, 255, 255, 0) 80%) repeat scroll 0 0 rgba(0, 0, 0, 0);\"><\/div><\/div><div class=\"fusion-sep-clear\"><\/div><\/p>\n","protected":false},"excerpt":{"rendered":"","protected":false},"author":13,"featured_media":17842,"parent":11707,"menu_order":0,"comment_status":"open","ping_status":"closed","template":"","meta":{"footnotes":""},"class_list":["post-11725","page","type-page","status-publish","has-post-thumbnail","hentry"],"translation":{"provider":"WPGlobus","version":"3.0.0","language":"fr","enabled_languages":["es","en","fr"],"languages":{"es":{"title":true,"content":true,"excerpt":false},"en":{"title":true,"content":true,"excerpt":false},"fr":{"title":true,"content":true,"excerpt":false}}},"yoast_head":"<!-- This site is optimized with the Yoast SEO plugin v23.5 - https:\/\/yoast.com\/wordpress\/plugins\/seo\/ -->\n<title>Tiges de bambou | Sole Centro de Imagen<\/title>\n<meta name=\"robots\" content=\"index, follow, max-snippet:-1, max-image-preview:large, max-video-preview:-1\" \/>\n<link rel=\"canonical\" href=\"https:\/\/solecentrodeimagen.com\/fr\/estetica-avanzada\/fisioterapia\/canas-de-bambu\/\" \/>\n<meta property=\"og:locale\" content=\"fr_FR\" \/>\n<meta property=\"og:type\" content=\"article\" \/>\n<meta property=\"og:title\" content=\"Tiges de bambou | Sole Centro de Imagen\" \/>\n<meta property=\"og:url\" content=\"https:\/\/solecentrodeimagen.com\/fr\/estetica-avanzada\/fisioterapia\/canas-de-bambu\/\" \/>\n<meta property=\"og:site_name\" content=\"Sole Centro de Imagen\" \/>\n<meta property=\"article:publisher\" content=\"http:\/\/www.facebook.com\/solecentrodeimagen\" \/>\n<meta property=\"article:modified_time\" content=\"2017-03-10T17:44:57+00:00\" \/>\n<meta property=\"og:image\" content=\"https:\/\/solecentrodeimagen.com\/wp-content\/uploads\/2015\/08\/ca\u00f1as-d-bambu.jpg\" \/>\n\t<meta property=\"og:image:width\" content=\"997\" \/>\n\t<meta property=\"og:image:height\" content=\"443\" \/>\n\t<meta property=\"og:image:type\" content=\"image\/jpeg\" \/>\n<meta name=\"twitter:card\" content=\"summary_large_image\" \/>\n<meta name=\"twitter:label1\" content=\"Est. reading time\" \/>\n\t<meta name=\"twitter:data1\" content=\"5 minutes\" \/>\n<script type=\"application\/ld+json\" class=\"yoast-schema-graph\">{\"@context\":\"https:\/\/schema.org\",\"@graph\":[{\"@type\":\"WebPage\",\"@id\":\"https:\/\/solecentrodeimagen.com\/fr\/estetica-avanzada\/fisioterapia\/canas-de-bambu\/\",\"url\":\"https:\/\/solecentrodeimagen.com\/fr\/estetica-avanzada\/fisioterapia\/canas-de-bambu\/\",\"name\":\"Tiges de bambou | Sole Centro de Imagen\",\"isPartOf\":{\"@id\":\"https:\/\/solecentrodeimagen.com\/#website\"},\"primaryImageOfPage\":{\"@id\":\"https:\/\/solecentrodeimagen.com\/fr\/estetica-avanzada\/fisioterapia\/canas-de-bambu\/#primaryimage\"},\"image\":{\"@id\":\"https:\/\/solecentrodeimagen.com\/fr\/estetica-avanzada\/fisioterapia\/canas-de-bambu\/#primaryimage\"},\"thumbnailUrl\":\"https:\/\/solecentrodeimagen.com\/wp-content\/uploads\/2015\/08\/ca\u00f1as-d-bambu.jpg\",\"datePublished\":\"2015-08-29T09:12:38+00:00\",\"dateModified\":\"2017-03-10T17:44:57+00:00\",\"description\":\"El masaje con ca\u00f1as de bamb\u00fa proporcionan a nuestro cuerpo y mente un estado de descanso profundo. Estos son sus beneficios:\",\"breadcrumb\":{\"@id\":\"https:\/\/solecentrodeimagen.com\/fr\/estetica-avanzada\/fisioterapia\/canas-de-bambu\/#breadcrumb\"},\"inLanguage\":\"fr-FR\",\"potentialAction\":[{\"@type\":\"ReadAction\",\"target\":[\"https:\/\/solecentrodeimagen.com\/fr\/estetica-avanzada\/fisioterapia\/canas-de-bambu\/\"]}]},{\"@type\":\"ImageObject\",\"inLanguage\":\"fr-FR\",\"@id\":\"https:\/\/solecentrodeimagen.com\/fr\/estetica-avanzada\/fisioterapia\/canas-de-bambu\/#primaryimage\",\"url\":\"https:\/\/solecentrodeimagen.com\/wp-content\/uploads\/2015\/08\/ca\u00f1as-d-bambu.jpg\",\"contentUrl\":\"https:\/\/solecentrodeimagen.com\/wp-content\/uploads\/2015\/08\/ca\u00f1as-d-bambu.jpg\",\"width\":997,\"height\":443,\"caption\":\"masaje con ca\u00f1as de bamb\u00fa\"},{\"@type\":\"BreadcrumbList\",\"@id\":\"https:\/\/solecentrodeimagen.com\/fr\/estetica-avanzada\/fisioterapia\/canas-de-bambu\/#breadcrumb\",\"itemListElement\":[{\"@type\":\"ListItem\",\"position\":1,\"name\":\"Home\",\"item\":\"https:\/\/solecentrodeimagen.com\/\"},{\"@type\":\"ListItem\",\"position\":2,\"name\":\"Tratamientos de Est\u00e9tica Avanzada\",\"item\":\"https:\/\/solecentrodeimagen.com\/estetica-avanzada\/\"},{\"@type\":\"ListItem\",\"position\":3,\"name\":\"Fisioterapia\",\"item\":\"https:\/\/solecentrodeimagen.com\/fr\/estetica-avanzada\/fisioterapia\/\"},{\"@type\":\"ListItem\",\"position\":4,\"name\":\"Tiges de bambou\"}]},{\"@type\":\"WebSite\",\"@id\":\"https:\/\/solecentrodeimagen.com\/#website\",\"url\":\"https:\/\/solecentrodeimagen.com\/\",\"name\":\"Sole Centro de Imagen\",\"description\":\"Centro Medicina Est\u00e9tica, Dermatolog\u00eda y Est\u00e9tica avanzada\",\"publisher\":{\"@id\":\"https:\/\/solecentrodeimagen.com\/#organization\"},\"potentialAction\":[{\"@type\":\"SearchAction\",\"target\":{\"@type\":\"EntryPoint\",\"urlTemplate\":\"https:\/\/solecentrodeimagen.com\/?s={search_term_string}\"},\"query-input\":{\"@type\":\"PropertyValueSpecification\",\"valueRequired\":true,\"valueName\":\"search_term_string\"}}],\"inLanguage\":\"fr-FR\"},{\"@type\":\"Organization\",\"@id\":\"https:\/\/solecentrodeimagen.com\/#organization\",\"name\":\"Sole Centro de Imagen Integral\",\"url\":\"https:\/\/solecentrodeimagen.com\/\",\"logo\":{\"@type\":\"ImageObject\",\"inLanguage\":\"fr-FR\",\"@id\":\"https:\/\/solecentrodeimagen.com\/#\/schema\/logo\/image\/\",\"url\":\"https:\/\/solecentrodeimagen.com\/wp-content\/uploads\/2016\/06\/logo-solecentromedico.png\",\"contentUrl\":\"https:\/\/solecentrodeimagen.com\/wp-content\/uploads\/2016\/06\/logo-solecentromedico.png\",\"width\":281,\"height\":96,\"caption\":\"Sole Centro de Imagen Integral\"},\"image\":{\"@id\":\"https:\/\/solecentrodeimagen.com\/#\/schema\/logo\/image\/\"},\"sameAs\":[\"http:\/\/www.facebook.com\/solecentrodeimagen\",\"http:\/\/www.instagram.com\/solecentrodeimagen\"]}]}<\/script>\n<!-- \/ Yoast SEO plugin. -->","yoast_head_json":{"title":"Tiges de bambou | Sole Centro de Imagen","robots":{"index":"index","follow":"follow","max-snippet":"max-snippet:-1","max-image-preview":"max-image-preview:large","max-video-preview":"max-video-preview:-1"},"canonical":"https:\/\/solecentrodeimagen.com\/fr\/estetica-avanzada\/fisioterapia\/canas-de-bambu\/","og_locale":"fr_FR","og_type":"article","og_title":"Tiges de bambou | Sole Centro de Imagen","og_url":"https:\/\/solecentrodeimagen.com\/fr\/estetica-avanzada\/fisioterapia\/canas-de-bambu\/","og_site_name":"Sole Centro de Imagen","article_publisher":"http:\/\/www.facebook.com\/solecentrodeimagen","article_modified_time":"2017-03-10T17:44:57+00:00","og_image":[{"width":997,"height":443,"url":"https:\/\/solecentrodeimagen.com\/wp-content\/uploads\/2015\/08\/ca\u00f1as-d-bambu.jpg","type":"image\/jpeg"}],"twitter_card":"summary_large_image","twitter_misc":{"Est. reading time":"5 minutes"},"schema":{"@context":"https:\/\/schema.org","@graph":[{"@type":"WebPage","@id":"https:\/\/solecentrodeimagen.com\/fr\/estetica-avanzada\/fisioterapia\/canas-de-bambu\/","url":"https:\/\/solecentrodeimagen.com\/fr\/estetica-avanzada\/fisioterapia\/canas-de-bambu\/","name":"Tiges de bambou | Sole Centro de Imagen","isPartOf":{"@id":"https:\/\/solecentrodeimagen.com\/#website"},"primaryImageOfPage":{"@id":"https:\/\/solecentrodeimagen.com\/fr\/estetica-avanzada\/fisioterapia\/canas-de-bambu\/#primaryimage"},"image":{"@id":"https:\/\/solecentrodeimagen.com\/fr\/estetica-avanzada\/fisioterapia\/canas-de-bambu\/#primaryimage"},"thumbnailUrl":"https:\/\/solecentrodeimagen.com\/wp-content\/uploads\/2015\/08\/ca\u00f1as-d-bambu.jpg","datePublished":"2015-08-29T09:12:38+00:00","dateModified":"2017-03-10T17:44:57+00:00","description":"El masaje con ca\u00f1as de bamb\u00fa proporcionan a nuestro cuerpo y mente un estado de descanso profundo. Estos son sus beneficios:","breadcrumb":{"@id":"https:\/\/solecentrodeimagen.com\/fr\/estetica-avanzada\/fisioterapia\/canas-de-bambu\/#breadcrumb"},"inLanguage":"fr-FR","potentialAction":[{"@type":"ReadAction","target":["https:\/\/solecentrodeimagen.com\/fr\/estetica-avanzada\/fisioterapia\/canas-de-bambu\/"]}]},{"@type":"ImageObject","inLanguage":"fr-FR","@id":"https:\/\/solecentrodeimagen.com\/fr\/estetica-avanzada\/fisioterapia\/canas-de-bambu\/#primaryimage","url":"https:\/\/solecentrodeimagen.com\/wp-content\/uploads\/2015\/08\/ca\u00f1as-d-bambu.jpg","contentUrl":"https:\/\/solecentrodeimagen.com\/wp-content\/uploads\/2015\/08\/ca\u00f1as-d-bambu.jpg","width":997,"height":443,"caption":"masaje con ca\u00f1as de bamb\u00fa"},{"@type":"BreadcrumbList","@id":"https:\/\/solecentrodeimagen.com\/fr\/estetica-avanzada\/fisioterapia\/canas-de-bambu\/#breadcrumb","itemListElement":[{"@type":"ListItem","position":1,"name":"Home","item":"https:\/\/solecentrodeimagen.com\/"},{"@type":"ListItem","position":2,"name":"Tratamientos de Est\u00e9tica Avanzada","item":"https:\/\/solecentrodeimagen.com\/estetica-avanzada\/"},{"@type":"ListItem","position":3,"name":"Fisioterapia","item":"https:\/\/solecentrodeimagen.com\/fr\/estetica-avanzada\/fisioterapia\/"},{"@type":"ListItem","position":4,"name":"Tiges de bambou"}]},{"@type":"WebSite","@id":"https:\/\/solecentrodeimagen.com\/#website","url":"https:\/\/solecentrodeimagen.com\/","name":"Sole Centro de Imagen","description":"Centro Medicina Est\u00e9tica, Dermatolog\u00eda y Est\u00e9tica avanzada","publisher":{"@id":"https:\/\/solecentrodeimagen.com\/#organization"},"potentialAction":[{"@type":"SearchAction","target":{"@type":"EntryPoint","urlTemplate":"https:\/\/solecentrodeimagen.com\/?s={search_term_string}"},"query-input":{"@type":"PropertyValueSpecification","valueRequired":true,"valueName":"search_term_string"}}],"inLanguage":"fr-FR"},{"@type":"Organization","@id":"https:\/\/solecentrodeimagen.com\/#organization","name":"Sole Centro de Imagen Integral","url":"https:\/\/solecentrodeimagen.com\/","logo":{"@type":"ImageObject","inLanguage":"fr-FR","@id":"https:\/\/solecentrodeimagen.com\/#\/schema\/logo\/image\/","url":"https:\/\/solecentrodeimagen.com\/wp-content\/uploads\/2016\/06\/logo-solecentromedico.png","contentUrl":"https:\/\/solecentrodeimagen.com\/wp-content\/uploads\/2016\/06\/logo-solecentromedico.png","width":281,"height":96,"caption":"Sole Centro de Imagen Integral"},"image":{"@id":"https:\/\/solecentrodeimagen.com\/#\/schema\/logo\/image\/"},"sameAs":["http:\/\/www.facebook.com\/solecentrodeimagen","http:\/\/www.instagram.com\/solecentrodeimagen"]}]}},"_links":{"self":[{"href":"https:\/\/solecentrodeimagen.com\/fr\/wp-json\/wp\/v2\/pages\/11725"}],"collection":[{"href":"https:\/\/solecentrodeimagen.com\/fr\/wp-json\/wp\/v2\/pages"}],"about":[{"href":"https:\/\/solecentrodeimagen.com\/fr\/wp-json\/wp\/v2\/types\/page"}],"author":[{"embeddable":true,"href":"https:\/\/solecentrodeimagen.com\/fr\/wp-json\/wp\/v2\/users\/13"}],"replies":[{"embeddable":true,"href":"https:\/\/solecentrodeimagen.com\/fr\/wp-json\/wp\/v2\/comments?post=11725"}],"version-history":[{"count":0,"href":"https:\/\/solecentrodeimagen.com\/fr\/wp-json\/wp\/v2\/pages\/11725\/revisions"}],"up":[{"embeddable":true,"href":"https:\/\/solecentrodeimagen.com\/fr\/wp-json\/wp\/v2\/pages\/11707"}],"wp:featuredmedia":[{"embeddable":true,"href":"https:\/\/solecentrodeimagen.com\/fr\/wp-json\/wp\/v2\/media\/17842"}],"wp:attachment":[{"href":"https:\/\/solecentrodeimagen.com\/fr\/wp-json\/wp\/v2\/media?parent=11725"}],"curies":[{"name":"wp","href":"https:\/\/api.w.org\/{rel}","templated":true}]}}