{"id":11781,"date":"2024-09-25T20:30:04","date_gmt":"2024-09-25T18:30:04","guid":{"rendered":"http:\/\/wordpress.solecentrodebelleza.com\/?page_id=11781"},"modified":"2024-10-02T11:20:51","modified_gmt":"2024-10-02T09:20:51","slug":"medicina-estetica","status":"publish","type":"page","link":"https:\/\/solecentrodeimagen.com\/fr\/medicina-estetica\/","title":{"rendered":"Tratamientos de Medicina Est\u00e9tica"},"content":{"rendered":"<div class=\"fusion-fullwidth fullwidth-box fusion-builder-row-1 fusion-flex-container nonhundred-percent-fullwidth non-hundred-percent-height-scrolling\" style=\"--awb-border-radius-top-left:0px;--awb-border-radius-top-right:0px;--awb-border-radius-bottom-right:0px;--awb-border-radius-bottom-left:0px;--awb-flex-wrap:wrap;\" ><div class=\"fusion-builder-row fusion-row fusion-flex-align-items-flex-start fusion-flex-content-wrap\" style=\"max-width:1248px;margin-left: calc(-4% \/ 2 );margin-right: calc(-4% \/ 2 );\"><div class=\"fusion-layout-column fusion_builder_column fusion-builder-column-0 fusion_builder_column_1_1 1_1 fusion-flex-column\" style=\"--awb-bg-size:cover;--awb-width-large:100%;--awb-margin-top-large:0px;--awb-spacing-right-large:1.92%;--awb-margin-bottom-large:0px;--awb-spacing-left-large:1.92%;--awb-width-medium:100%;--awb-spacing-right-medium:1.92%;--awb-spacing-left-medium:1.92%;--awb-width-small:100%;--awb-spacing-right-small:1.92%;--awb-spacing-left-small:1.92%;\"><div class=\"fusion-column-wrapper fusion-flex-justify-content-flex-start fusion-content-layout-column\"><div class=\"fusion-text fusion-text-1\"><div class=\"art-PostContent\">\n<div class=\"art-PostContent\">\n<div class=\"art-article\">\n<h1>Medicina Est\u00e9tica Personalizada: Tu Bienestar en el Centro de Nuestra Atenci\u00f3n<\/h1>\n<p>En nuestro centro, la <strong>medicina est\u00e9tica<\/strong> es mucho m\u00e1s que un conjunto de tratamientos; es un enfoque integral centrado en tu bienestar, salud y la mejora de tu imagen personal. Creemos que sentirse bien por dentro y por fuera es esencial, y por eso ponemos a tu disposici\u00f3n una experiencia completamente personalizada que se adapta a tus necesidades y deseos.<\/p>\n<h4>\u00bfPor qu\u00e9 elegirnos?<\/h4>\n<p>En los \u00faltimos a\u00f1os, el n\u00famero de personas interesadas en mejorar su imagen ha crecido de manera exponencial, impulsando avances significativos en las t\u00e9cnicas y la tecnolog\u00eda aplicada a la medicina est\u00e9tica. Esto nos permite ofrecerte soluciones efectivas, seguras y duraderas que se combinan perfectamente con un estilo de vida saludable para lograr resultados naturales y armoniosos.<\/p>\n<p>Nuestro principal objetivo es que cada tratamiento est\u00e9 dise\u00f1ado para <strong>potenciar tu belleza natural<\/strong> mientras cuida tu salud, brindando una <strong>atenci\u00f3n personalizada<\/strong> desde el primer contacto hasta el seguimiento de los resultados. Nos esforzamos por crear un ambiente c\u00f3modo y seguro, donde cada paciente pueda expresar sus expectativas y obtener una orientaci\u00f3n profesional clara y honesta.<\/p>\n<h2>Tecnolog\u00eda de vanguardia y equipo m\u00e9dico especializado<\/h2>\n<p>En nuestro centro, hemos unido a los mejores profesionales de la medicina est\u00e9tica con la tecnolog\u00eda m\u00e1s avanzada del sector, asegurando que todos nuestros tratamientos cuenten con <strong>eficacia probada<\/strong> y <strong>garant\u00eda total<\/strong>. Trabajamos bajo los m\u00e1s altos est\u00e1ndares m\u00e9dicos para garantizar la seguridad de cada uno de nuestros procedimientos.<\/p>\n<p>Nuestro equipo m\u00e9dico est\u00e1 altamente capacitado para ofrecerte una asesor\u00eda integral, escuchando tus preocupaciones y objetivos para dise\u00f1ar un plan de tratamiento personalizado. No importa si deseas una mejora sutil o un cambio m\u00e1s visible, nuestro equipo te acompa\u00f1ar\u00e1 en cada paso, asegurando que los resultados sean naturales y reflejen tu mejor versi\u00f3n.<\/p>\n<h3>Resultados Inmediatos y Duraderos<\/h3>\n<p>Gracias a los avances en medicina est\u00e9tica, hoy es posible disfrutar de resultados inmediatos y a largo plazo. Nuestras t\u00e9cnicas no solo est\u00e1n dise\u00f1adas para <strong>rejuvenecer tu imagen<\/strong>, sino tambi\u00e9n para ofrecerte una mejora progresiva y sostenible con el tiempo. La clave est\u00e1 en combinar tratamientos innovadores con buenos h\u00e1bitos de vida, para que puedas mantener y optimizar los efectos de los mismos.<\/p>\n<h3>Compromiso con la Seguridad y la Calidad<\/h3>\n<p>Contamos con la <strong>autorizaci\u00f3n oficial<\/strong> de la Junta de Andaluc\u00eda (NICA 36.364), lo que garantiza que cumplimos con todas las normativas y requisitos para ofrecer tratamientos seguros y efectivos. Nos tomamos muy en serio la seguridad de nuestros pacientes, y cada tratamiento es realizado por profesionales m\u00e9dicos que siguen los protocolos m\u00e1s rigurosos del sector.<\/p>\n<h2>Asesor\u00eda personalizada sin compromiso<\/h2>\n<p>Cada persona es \u00fanica, y lo que funciona para unos puede no ser adecuado para otros. Por eso, en nuestro centro te ofrecemos una consulta inicial sin compromiso, donde nuestro equipo de especialistas evaluar\u00e1 tus necesidades y te ofrecer\u00e1 las mejores opciones seg\u00fan tus objetivos. Estamos aqu\u00ed para orientarte y acompa\u00f1arte en el proceso de descubrir qu\u00e9 tratamientos son los m\u00e1s adecuados para ti.<\/p>\n<h4>Tu confianza, nuestra prioridad<\/h4>\n<p>Sabemos que someterse a tratamientos est\u00e9ticos puede ser una decisi\u00f3n importante, por lo que nos enfocamos en crear un <strong>ambiente de confianza<\/strong>, donde puedas expresar tus inquietudes y expectativas con total libertad. Nuestra prioridad es brindarte soluciones seguras y personalizadas, ayud\u00e1ndote a sentirte m\u00e1s seguro y satisfecho con tu imagen.<\/p>\n<h2>Solicita tu consulta<\/h2>\n<p>Si est\u00e1s buscando mejorar tu imagen de manera natural, equilibrada y segura, te invitamos a visitar nuestro centro y descubrir c\u00f3mo la <strong>medicina est\u00e9tica personalizada<\/strong> puede ayudarte a alcanzar tus metas. <strong><a href=\"https:\/\/solecentrodeimagen.com\/contacto\/\" rel=\"noopener\">Haz clic aqu\u00ed<\/a><\/strong> para solicitar una consulta sin compromiso y conocer las opciones m\u00e1s adecuadas para ti.<\/p>\n<\/div>\n<\/div>\n<\/div>\n<\/div><\/div><\/div><\/div><\/div>\n","protected":false},"excerpt":{"rendered":"","protected":false},"author":13,"featured_media":18569,"parent":0,"menu_order":0,"comment_status":"closed","ping_status":"closed","template":"","meta":{"footnotes":""},"class_list":["post-11781","page","type-page","status-publish","has-post-thumbnail","hentry"],"translation":{"provider":"WPGlobus","version":"3.0.0","language":"fr","enabled_languages":["es","en","fr"],"languages":{"es":{"title":true,"content":true,"excerpt":false},"en":{"title":false,"content":false,"excerpt":false},"fr":{"title":false,"content":false,"excerpt":false}}},"yoast_head":"<!-- This site is optimized with the Yoast SEO plugin v23.5 - https:\/\/yoast.com\/wordpress\/plugins\/seo\/ -->\n<title>Tratamientos de Medicina Est\u00e9tica en Nerja (M\u00e1laga) | Sole Centro de Imagen<\/title>\n<meta name=\"robots\" content=\"index, follow, max-snippet:-1, max-image-preview:large, max-video-preview:-1\" \/>\n<link rel=\"canonical\" href=\"https:\/\/solecentrodeimagen.com\/medicina-estetica\/\" \/>\n<meta property=\"og:locale\" content=\"fr_FR\" \/>\n<meta property=\"og:type\" content=\"article\" \/>\n<meta property=\"og:title\" content=\"Tratamientos de Medicina Est\u00e9tica | Sole Centro de Imagen\" \/>\n<meta property=\"og:url\" content=\"https:\/\/solecentrodeimagen.com\/medicina-estetica\/\" \/>\n<meta property=\"og:site_name\" content=\"Sole Centro de Imagen\" \/>\n<meta property=\"article:publisher\" content=\"http:\/\/www.facebook.com\/solecentrodeimagen\" \/>\n<meta property=\"article:modified_time\" content=\"2024-10-02T09:20:51+00:00\" \/>\n<meta property=\"og:image\" content=\"https:\/\/solecentrodeimagen.com\/wp-content\/uploads\/2016\/03\/medicina-estetica-red.jpg\" \/>\n\t<meta property=\"og:image:width\" content=\"1140\" \/>\n\t<meta property=\"og:image:height\" content=\"400\" \/>\n\t<meta property=\"og:image:type\" content=\"image\/jpeg\" \/>\n<meta name=\"twitter:card\" content=\"summary_large_image\" \/>\n<meta name=\"twitter:label1\" content=\"Est. reading time\" \/>\n\t<meta name=\"twitter:data1\" content=\"3 minutes\" \/>\n<script type=\"application\/ld+json\" class=\"yoast-schema-graph\">{\"@context\":\"https:\/\/schema.org\",\"@graph\":[{\"@type\":\"WebPage\",\"@id\":\"https:\/\/solecentrodeimagen.com\/medicina-estetica\/\",\"url\":\"https:\/\/solecentrodeimagen.com\/medicina-estetica\/\",\"name\":\"Tratamientos de Medicina Est\u00e9tica en Nerja (M\u00e1laga) | Sole Centro de Imagen\",\"isPartOf\":{\"@id\":\"https:\/\/solecentrodeimagen.com\/#website\"},\"primaryImageOfPage\":{\"@id\":\"https:\/\/solecentrodeimagen.com\/medicina-estetica\/#primaryimage\"},\"image\":{\"@id\":\"https:\/\/solecentrodeimagen.com\/medicina-estetica\/#primaryimage\"},\"thumbnailUrl\":\"https:\/\/solecentrodeimagen.com\/wp-content\/uploads\/2016\/03\/medicina-estetica-red.jpg\",\"datePublished\":\"2024-09-25T18:30:04+00:00\",\"dateModified\":\"2024-10-02T09:20:51+00:00\",\"description\":\"Descubre nuestros tratamientos de medicina est\u00e9tica \u2728 realizados por profesionales altamente cualificados \u261d Primera consulta gratuita.\",\"breadcrumb\":{\"@id\":\"https:\/\/solecentrodeimagen.com\/medicina-estetica\/#breadcrumb\"},\"inLanguage\":\"fr-FR\",\"potentialAction\":[{\"@type\":\"ReadAction\",\"target\":[\"https:\/\/solecentrodeimagen.com\/medicina-estetica\/\"]}]},{\"@type\":\"ImageObject\",\"inLanguage\":\"fr-FR\",\"@id\":\"https:\/\/solecentrodeimagen.com\/medicina-estetica\/#primaryimage\",\"url\":\"https:\/\/solecentrodeimagen.com\/wp-content\/uploads\/2016\/03\/medicina-estetica-red.jpg\",\"contentUrl\":\"https:\/\/solecentrodeimagen.com\/wp-content\/uploads\/2016\/03\/medicina-estetica-red.jpg\",\"width\":1140,\"height\":400,\"caption\":\"medicina est\u00e9tica\"},{\"@type\":\"BreadcrumbList\",\"@id\":\"https:\/\/solecentrodeimagen.com\/medicina-estetica\/#breadcrumb\",\"itemListElement\":[{\"@type\":\"ListItem\",\"position\":1,\"name\":\"Home\",\"item\":\"https:\/\/solecentrodeimagen.com\/\"},{\"@type\":\"ListItem\",\"position\":2,\"name\":\"Tratamientos de Medicina Est\u00e9tica\"}]},{\"@type\":\"WebSite\",\"@id\":\"https:\/\/solecentrodeimagen.com\/#website\",\"url\":\"https:\/\/solecentrodeimagen.com\/\",\"name\":\"Sole Centro de Imagen\",\"description\":\"Centro Medicina Est\u00e9tica, Dermatolog\u00eda y Est\u00e9tica avanzada\",\"publisher\":{\"@id\":\"https:\/\/solecentrodeimagen.com\/#organization\"},\"potentialAction\":[{\"@type\":\"SearchAction\",\"target\":{\"@type\":\"EntryPoint\",\"urlTemplate\":\"https:\/\/solecentrodeimagen.com\/?s={search_term_string}\"},\"query-input\":{\"@type\":\"PropertyValueSpecification\",\"valueRequired\":true,\"valueName\":\"search_term_string\"}}],\"inLanguage\":\"fr-FR\"},{\"@type\":\"Organization\",\"@id\":\"https:\/\/solecentrodeimagen.com\/#organization\",\"name\":\"Sole Centro de Imagen Integral\",\"url\":\"https:\/\/solecentrodeimagen.com\/\",\"logo\":{\"@type\":\"ImageObject\",\"inLanguage\":\"fr-FR\",\"@id\":\"https:\/\/solecentrodeimagen.com\/#\/schema\/logo\/image\/\",\"url\":\"https:\/\/solecentrodeimagen.com\/wp-content\/uploads\/2016\/06\/logo-solecentromedico.png\",\"contentUrl\":\"https:\/\/solecentrodeimagen.com\/wp-content\/uploads\/2016\/06\/logo-solecentromedico.png\",\"width\":281,\"height\":96,\"caption\":\"Sole Centro de Imagen Integral\"},\"image\":{\"@id\":\"https:\/\/solecentrodeimagen.com\/#\/schema\/logo\/image\/\"},\"sameAs\":[\"http:\/\/www.facebook.com\/solecentrodeimagen\",\"http:\/\/www.instagram.com\/solecentrodeimagen\"]}]}<\/script>\n<!-- \/ Yoast SEO plugin. -->","yoast_head_json":{"title":"Tratamientos de Medicina Est\u00e9tica en Nerja (M\u00e1laga) | Sole Centro de Imagen","robots":{"index":"index","follow":"follow","max-snippet":"max-snippet:-1","max-image-preview":"max-image-preview:large","max-video-preview":"max-video-preview:-1"},"canonical":"https:\/\/solecentrodeimagen.com\/medicina-estetica\/","og_locale":"fr_FR","og_type":"article","og_title":"Tratamientos de Medicina Est\u00e9tica | Sole Centro de Imagen","og_url":"https:\/\/solecentrodeimagen.com\/medicina-estetica\/","og_site_name":"Sole Centro de Imagen","article_publisher":"http:\/\/www.facebook.com\/solecentrodeimagen","article_modified_time":"2024-10-02T09:20:51+00:00","og_image":[{"width":1140,"height":400,"url":"https:\/\/solecentrodeimagen.com\/wp-content\/uploads\/2016\/03\/medicina-estetica-red.jpg","type":"image\/jpeg"}],"twitter_card":"summary_large_image","twitter_misc":{"Est. reading time":"3 minutes"},"schema":{"@context":"https:\/\/schema.org","@graph":[{"@type":"WebPage","@id":"https:\/\/solecentrodeimagen.com\/medicina-estetica\/","url":"https:\/\/solecentrodeimagen.com\/medicina-estetica\/","name":"Tratamientos de Medicina Est\u00e9tica en Nerja (M\u00e1laga) | Sole Centro de Imagen","isPartOf":{"@id":"https:\/\/solecentrodeimagen.com\/#website"},"primaryImageOfPage":{"@id":"https:\/\/solecentrodeimagen.com\/medicina-estetica\/#primaryimage"},"image":{"@id":"https:\/\/solecentrodeimagen.com\/medicina-estetica\/#primaryimage"},"thumbnailUrl":"https:\/\/solecentrodeimagen.com\/wp-content\/uploads\/2016\/03\/medicina-estetica-red.jpg","datePublished":"2024-09-25T18:30:04+00:00","dateModified":"2024-10-02T09:20:51+00:00","description":"Descubre nuestros tratamientos de medicina est\u00e9tica \u2728 realizados por profesionales altamente cualificados \u261d Primera consulta gratuita.","breadcrumb":{"@id":"https:\/\/solecentrodeimagen.com\/medicina-estetica\/#breadcrumb"},"inLanguage":"fr-FR","potentialAction":[{"@type":"ReadAction","target":["https:\/\/solecentrodeimagen.com\/medicina-estetica\/"]}]},{"@type":"ImageObject","inLanguage":"fr-FR","@id":"https:\/\/solecentrodeimagen.com\/medicina-estetica\/#primaryimage","url":"https:\/\/solecentrodeimagen.com\/wp-content\/uploads\/2016\/03\/medicina-estetica-red.jpg","contentUrl":"https:\/\/solecentrodeimagen.com\/wp-content\/uploads\/2016\/03\/medicina-estetica-red.jpg","width":1140,"height":400,"caption":"medicina est\u00e9tica"},{"@type":"BreadcrumbList","@id":"https:\/\/solecentrodeimagen.com\/medicina-estetica\/#breadcrumb","itemListElement":[{"@type":"ListItem","position":1,"name":"Home","item":"https:\/\/solecentrodeimagen.com\/"},{"@type":"ListItem","position":2,"name":"Tratamientos de Medicina Est\u00e9tica"}]},{"@type":"WebSite","@id":"https:\/\/solecentrodeimagen.com\/#website","url":"https:\/\/solecentrodeimagen.com\/","name":"Sole Centro de Imagen","description":"Centro Medicina Est\u00e9tica, Dermatolog\u00eda y Est\u00e9tica avanzada","publisher":{"@id":"https:\/\/solecentrodeimagen.com\/#organization"},"potentialAction":[{"@type":"SearchAction","target":{"@type":"EntryPoint","urlTemplate":"https:\/\/solecentrodeimagen.com\/?s={search_term_string}"},"query-input":{"@type":"PropertyValueSpecification","valueRequired":true,"valueName":"search_term_string"}}],"inLanguage":"fr-FR"},{"@type":"Organization","@id":"https:\/\/solecentrodeimagen.com\/#organization","name":"Sole Centro de Imagen Integral","url":"https:\/\/solecentrodeimagen.com\/","logo":{"@type":"ImageObject","inLanguage":"fr-FR","@id":"https:\/\/solecentrodeimagen.com\/#\/schema\/logo\/image\/","url":"https:\/\/solecentrodeimagen.com\/wp-content\/uploads\/2016\/06\/logo-solecentromedico.png","contentUrl":"https:\/\/solecentrodeimagen.com\/wp-content\/uploads\/2016\/06\/logo-solecentromedico.png","width":281,"height":96,"caption":"Sole Centro de Imagen Integral"},"image":{"@id":"https:\/\/solecentrodeimagen.com\/#\/schema\/logo\/image\/"},"sameAs":["http:\/\/www.facebook.com\/solecentrodeimagen","http:\/\/www.instagram.com\/solecentrodeimagen"]}]}},"_links":{"self":[{"href":"https:\/\/solecentrodeimagen.com\/fr\/wp-json\/wp\/v2\/pages\/11781"}],"collection":[{"href":"https:\/\/solecentrodeimagen.com\/fr\/wp-json\/wp\/v2\/pages"}],"about":[{"href":"https:\/\/solecentrodeimagen.com\/fr\/wp-json\/wp\/v2\/types\/page"}],"author":[{"embeddable":true,"href":"https:\/\/solecentrodeimagen.com\/fr\/wp-json\/wp\/v2\/users\/13"}],"replies":[{"embeddable":true,"href":"https:\/\/solecentrodeimagen.com\/fr\/wp-json\/wp\/v2\/comments?post=11781"}],"version-history":[{"count":7,"href":"https:\/\/solecentrodeimagen.com\/fr\/wp-json\/wp\/v2\/pages\/11781\/revisions"}],"predecessor-version":[{"id":22544,"href":"https:\/\/solecentrodeimagen.com\/fr\/wp-json\/wp\/v2\/pages\/11781\/revisions\/22544"}],"wp:featuredmedia":[{"embeddable":true,"href":"https:\/\/solecentrodeimagen.com\/fr\/wp-json\/wp\/v2\/media\/18569"}],"wp:attachment":[{"href":"https:\/\/solecentrodeimagen.com\/fr\/wp-json\/wp\/v2\/media?parent=11781"}],"curies":[{"name":"wp","href":"https:\/\/api.w.org\/{rel}","templated":true}]}}