{"id":11807,"date":"2015-08-29T14:53:32","date_gmt":"2015-08-29T12:53:32","guid":{"rendered":"http:\/\/wordpress.solecentrodebelleza.com\/?page_id=11807"},"modified":"2017-03-10T18:44:57","modified_gmt":"2017-03-10T17:44:57","slug":"radiesse","status":"publish","type":"page","link":"https:\/\/solecentrodeimagen.com\/fr\/radiesse\/","title":{"rendered":"Radiesse"},"content":{"rendered":"<div class=\"art-PostContent\">\n<div class=\"art-article\">\n<p><img decoding=\"async\" src=\"http:\/\/solecentrodebelleza.com\/images\/stories\/radiesse.jpg\" alt=\"\" align=\"right\" border=\"0\" \/>Clasificado como un \u201crelleno\u201d inyectable, Radiesse es una sustancia blanca, cremosa, densa y moldeable. Est\u00e1 hecha de diminutas part\u00edculas perfectamente redondas de un material sint\u00e9tico llamado hidroxiapatita de calcio combinado con un soporte de gelatina a base de agua. La hidroxiapatita de calcio es id\u00e9ntica a la estructura qu\u00edmica del calcio presente en los dientes y huesos humanos, y por lo tanto es naturalmente compatible con el cuerpo.<\/p>\n<p>Los tatamientos t\u00edpicos con Radiesse pueden incluir el suavizar o eliminar las arrugas m\u00e1s grandes tales como l\u00edneas de expresi\u00f3n, los pliegues nasolabiales y las arrugas en la comisura de la boca. Se utiliza para cubrir las cicatrices del acn\u00e9, defectos faciales tales como poros, depresiones debajo y alrededor de los ojos \u00a0\u201chundidos\u201d o \u00a0los llamados ojos \u201chuecos\u201d \u201cenmarc\u00e1ndolos\u201d para crear una apariencia menos cansada. Radiesse funciona especialmente bien para la restauraci\u00f3n o la creaci\u00f3n de un efecto de levantamiento, vol\u00famen y contorno en y alrededor de las mejillas, la frente, ment\u00f3n y mand\u00edbula, proporcionando una mejor forma, definic\u00edon y la apariencia de la estructura facial m\u00e1s atractiva. Incluso puede usarse para corregir deformidades.<\/p>\n<p>Si est\u00e1 interesada\/o en este tratamiento y quiere realizar alguna consulta, pinche\u00a0<a href=\"http:\/\/www.solecentrodebelleza.com\/joomla\/index.php?option=com_aicontactsafe&amp;view=message&amp;layout=message&amp;pf=1&amp;Itemid=8\">aqu\u00ed<\/a>.<\/p>\n<\/div>\n<\/div>\n","protected":false},"excerpt":{"rendered":"<p>Clasificado como un \u201crelleno\u201d inyectable, Radiesse es una sustancia blanca, cremosa, densa y moldeable. Est\u00e1 hecha de diminutas part\u00edculas perfectamente redondas de un material sint\u00e9tico llamado hidroxiapatita de calcio combinado con un soporte de gelatina a base de agua. La hidroxiapatita de calcio es id\u00e9ntica a la estructura qu\u00edmica del calcio presente en los dientes [&hellip;]<\/p>\n","protected":false},"author":13,"featured_media":0,"parent":0,"menu_order":0,"comment_status":"closed","ping_status":"closed","template":"","meta":{"footnotes":""},"class_list":["post-11807","page","type-page","status-publish","hentry"],"translation":{"provider":"WPGlobus","version":"3.0.0","language":"fr","enabled_languages":["es","en","fr"],"languages":{"es":{"title":true,"content":true,"excerpt":false},"en":{"title":false,"content":false,"excerpt":false},"fr":{"title":false,"content":false,"excerpt":false}}},"yoast_head":"<!-- This site is optimized with the Yoast SEO plugin v23.5 - https:\/\/yoast.com\/wordpress\/plugins\/seo\/ -->\n<title>Radiesse | Sole Centro de Imagen<\/title>\n<meta name=\"robots\" content=\"index, follow, max-snippet:-1, max-image-preview:large, max-video-preview:-1\" \/>\n<link rel=\"canonical\" href=\"https:\/\/solecentrodeimagen.com\/fr\/radiesse\/\" \/>\n<meta property=\"og:locale\" content=\"fr_FR\" \/>\n<meta property=\"og:type\" content=\"article\" \/>\n<meta property=\"og:title\" content=\"Radiesse | Sole Centro de Imagen\" \/>\n<meta property=\"og:url\" content=\"https:\/\/solecentrodeimagen.com\/fr\/radiesse\/\" \/>\n<meta property=\"og:site_name\" content=\"Sole Centro de Imagen\" \/>\n<meta property=\"article:publisher\" content=\"http:\/\/www.facebook.com\/solecentrodeimagen\" \/>\n<meta property=\"article:modified_time\" content=\"2017-03-10T17:44:57+00:00\" \/>\n<meta property=\"og:image\" content=\"http:\/\/solecentrodebelleza.com\/images\/stories\/radiesse.jpg\" \/>\n<meta name=\"twitter:card\" content=\"summary_large_image\" \/>\n<meta name=\"twitter:label1\" content=\"Est. reading time\" \/>\n\t<meta name=\"twitter:data1\" content=\"1 minute\" \/>\n<script type=\"application\/ld+json\" class=\"yoast-schema-graph\">{\"@context\":\"https:\/\/schema.org\",\"@graph\":[{\"@type\":\"WebPage\",\"@id\":\"https:\/\/solecentrodeimagen.com\/fr\/radiesse\/\",\"url\":\"https:\/\/solecentrodeimagen.com\/fr\/radiesse\/\",\"name\":\"Radiesse | Sole Centro de Imagen\",\"isPartOf\":{\"@id\":\"https:\/\/solecentrodeimagen.com\/#website\"},\"primaryImageOfPage\":{\"@id\":\"https:\/\/solecentrodeimagen.com\/fr\/radiesse\/#primaryimage\"},\"image\":{\"@id\":\"https:\/\/solecentrodeimagen.com\/fr\/radiesse\/#primaryimage\"},\"thumbnailUrl\":\"http:\/\/solecentrodebelleza.com\/images\/stories\/radiesse.jpg\",\"datePublished\":\"2015-08-29T12:53:32+00:00\",\"dateModified\":\"2017-03-10T17:44:57+00:00\",\"breadcrumb\":{\"@id\":\"https:\/\/solecentrodeimagen.com\/fr\/radiesse\/#breadcrumb\"},\"inLanguage\":\"fr-FR\",\"potentialAction\":[{\"@type\":\"ReadAction\",\"target\":[\"https:\/\/solecentrodeimagen.com\/fr\/radiesse\/\"]}]},{\"@type\":\"ImageObject\",\"inLanguage\":\"fr-FR\",\"@id\":\"https:\/\/solecentrodeimagen.com\/fr\/radiesse\/#primaryimage\",\"url\":\"http:\/\/solecentrodebelleza.com\/images\/stories\/radiesse.jpg\",\"contentUrl\":\"http:\/\/solecentrodebelleza.com\/images\/stories\/radiesse.jpg\"},{\"@type\":\"BreadcrumbList\",\"@id\":\"https:\/\/solecentrodeimagen.com\/fr\/radiesse\/#breadcrumb\",\"itemListElement\":[{\"@type\":\"ListItem\",\"position\":1,\"name\":\"Home\",\"item\":\"https:\/\/solecentrodeimagen.com\/\"},{\"@type\":\"ListItem\",\"position\":2,\"name\":\"Radiesse\"}]},{\"@type\":\"WebSite\",\"@id\":\"https:\/\/solecentrodeimagen.com\/#website\",\"url\":\"https:\/\/solecentrodeimagen.com\/\",\"name\":\"Sole Centro de Imagen\",\"description\":\"Centro Medicina Est\u00e9tica, Dermatolog\u00eda y Est\u00e9tica avanzada\",\"publisher\":{\"@id\":\"https:\/\/solecentrodeimagen.com\/#organization\"},\"potentialAction\":[{\"@type\":\"SearchAction\",\"target\":{\"@type\":\"EntryPoint\",\"urlTemplate\":\"https:\/\/solecentrodeimagen.com\/?s={search_term_string}\"},\"query-input\":{\"@type\":\"PropertyValueSpecification\",\"valueRequired\":true,\"valueName\":\"search_term_string\"}}],\"inLanguage\":\"fr-FR\"},{\"@type\":\"Organization\",\"@id\":\"https:\/\/solecentrodeimagen.com\/#organization\",\"name\":\"Sole Centro de Imagen Integral\",\"url\":\"https:\/\/solecentrodeimagen.com\/\",\"logo\":{\"@type\":\"ImageObject\",\"inLanguage\":\"fr-FR\",\"@id\":\"https:\/\/solecentrodeimagen.com\/#\/schema\/logo\/image\/\",\"url\":\"https:\/\/solecentrodeimagen.com\/wp-content\/uploads\/2016\/06\/logo-solecentromedico.png\",\"contentUrl\":\"https:\/\/solecentrodeimagen.com\/wp-content\/uploads\/2016\/06\/logo-solecentromedico.png\",\"width\":281,\"height\":96,\"caption\":\"Sole Centro de Imagen Integral\"},\"image\":{\"@id\":\"https:\/\/solecentrodeimagen.com\/#\/schema\/logo\/image\/\"},\"sameAs\":[\"http:\/\/www.facebook.com\/solecentrodeimagen\",\"http:\/\/www.instagram.com\/solecentrodeimagen\"]}]}<\/script>\n<!-- \/ Yoast SEO plugin. -->","yoast_head_json":{"title":"Radiesse | Sole Centro de Imagen","robots":{"index":"index","follow":"follow","max-snippet":"max-snippet:-1","max-image-preview":"max-image-preview:large","max-video-preview":"max-video-preview:-1"},"canonical":"https:\/\/solecentrodeimagen.com\/fr\/radiesse\/","og_locale":"fr_FR","og_type":"article","og_title":"Radiesse | Sole Centro de Imagen","og_url":"https:\/\/solecentrodeimagen.com\/fr\/radiesse\/","og_site_name":"Sole Centro de Imagen","article_publisher":"http:\/\/www.facebook.com\/solecentrodeimagen","article_modified_time":"2017-03-10T17:44:57+00:00","og_image":[{"url":"http:\/\/solecentrodebelleza.com\/images\/stories\/radiesse.jpg"}],"twitter_card":"summary_large_image","twitter_misc":{"Est. reading time":"1 minute"},"schema":{"@context":"https:\/\/schema.org","@graph":[{"@type":"WebPage","@id":"https:\/\/solecentrodeimagen.com\/fr\/radiesse\/","url":"https:\/\/solecentrodeimagen.com\/fr\/radiesse\/","name":"Radiesse | Sole Centro de Imagen","isPartOf":{"@id":"https:\/\/solecentrodeimagen.com\/#website"},"primaryImageOfPage":{"@id":"https:\/\/solecentrodeimagen.com\/fr\/radiesse\/#primaryimage"},"image":{"@id":"https:\/\/solecentrodeimagen.com\/fr\/radiesse\/#primaryimage"},"thumbnailUrl":"http:\/\/solecentrodebelleza.com\/images\/stories\/radiesse.jpg","datePublished":"2015-08-29T12:53:32+00:00","dateModified":"2017-03-10T17:44:57+00:00","breadcrumb":{"@id":"https:\/\/solecentrodeimagen.com\/fr\/radiesse\/#breadcrumb"},"inLanguage":"fr-FR","potentialAction":[{"@type":"ReadAction","target":["https:\/\/solecentrodeimagen.com\/fr\/radiesse\/"]}]},{"@type":"ImageObject","inLanguage":"fr-FR","@id":"https:\/\/solecentrodeimagen.com\/fr\/radiesse\/#primaryimage","url":"http:\/\/solecentrodebelleza.com\/images\/stories\/radiesse.jpg","contentUrl":"http:\/\/solecentrodebelleza.com\/images\/stories\/radiesse.jpg"},{"@type":"BreadcrumbList","@id":"https:\/\/solecentrodeimagen.com\/fr\/radiesse\/#breadcrumb","itemListElement":[{"@type":"ListItem","position":1,"name":"Home","item":"https:\/\/solecentrodeimagen.com\/"},{"@type":"ListItem","position":2,"name":"Radiesse"}]},{"@type":"WebSite","@id":"https:\/\/solecentrodeimagen.com\/#website","url":"https:\/\/solecentrodeimagen.com\/","name":"Sole Centro de Imagen","description":"Centro Medicina Est\u00e9tica, Dermatolog\u00eda y Est\u00e9tica avanzada","publisher":{"@id":"https:\/\/solecentrodeimagen.com\/#organization"},"potentialAction":[{"@type":"SearchAction","target":{"@type":"EntryPoint","urlTemplate":"https:\/\/solecentrodeimagen.com\/?s={search_term_string}"},"query-input":{"@type":"PropertyValueSpecification","valueRequired":true,"valueName":"search_term_string"}}],"inLanguage":"fr-FR"},{"@type":"Organization","@id":"https:\/\/solecentrodeimagen.com\/#organization","name":"Sole Centro de Imagen Integral","url":"https:\/\/solecentrodeimagen.com\/","logo":{"@type":"ImageObject","inLanguage":"fr-FR","@id":"https:\/\/solecentrodeimagen.com\/#\/schema\/logo\/image\/","url":"https:\/\/solecentrodeimagen.com\/wp-content\/uploads\/2016\/06\/logo-solecentromedico.png","contentUrl":"https:\/\/solecentrodeimagen.com\/wp-content\/uploads\/2016\/06\/logo-solecentromedico.png","width":281,"height":96,"caption":"Sole Centro de Imagen Integral"},"image":{"@id":"https:\/\/solecentrodeimagen.com\/#\/schema\/logo\/image\/"},"sameAs":["http:\/\/www.facebook.com\/solecentrodeimagen","http:\/\/www.instagram.com\/solecentrodeimagen"]}]}},"_links":{"self":[{"href":"https:\/\/solecentrodeimagen.com\/fr\/wp-json\/wp\/v2\/pages\/11807"}],"collection":[{"href":"https:\/\/solecentrodeimagen.com\/fr\/wp-json\/wp\/v2\/pages"}],"about":[{"href":"https:\/\/solecentrodeimagen.com\/fr\/wp-json\/wp\/v2\/types\/page"}],"author":[{"embeddable":true,"href":"https:\/\/solecentrodeimagen.com\/fr\/wp-json\/wp\/v2\/users\/13"}],"replies":[{"embeddable":true,"href":"https:\/\/solecentrodeimagen.com\/fr\/wp-json\/wp\/v2\/comments?post=11807"}],"version-history":[{"count":0,"href":"https:\/\/solecentrodeimagen.com\/fr\/wp-json\/wp\/v2\/pages\/11807\/revisions"}],"wp:attachment":[{"href":"https:\/\/solecentrodeimagen.com\/fr\/wp-json\/wp\/v2\/media?parent=11807"}],"curies":[{"name":"wp","href":"https:\/\/api.w.org\/{rel}","templated":true}]}}