{"id":11823,"date":"2015-08-29T15:01:29","date_gmt":"2015-08-29T13:01:29","guid":{"rendered":"http:\/\/wordpress.solecentrodebelleza.com\/?page_id=11823"},"modified":"2017-03-10T18:44:57","modified_gmt":"2017-03-10T17:44:57","slug":"terapia-psicologica","status":"publish","type":"page","link":"https:\/\/solecentrodeimagen.com\/fr\/servicios-concertados\/terapia-psicologica\/","title":{"rendered":"Psychoth\u00e9rapie"},"content":{"rendered":"<div class=\"fusion-text fusion-text-1\"><div class=\"art-PostContent\">\n<div class=\"art-article\">\n<p style=\"text-align: justify;\"><img decoding=\"async\" class=\"size-full wp-image-15182 alignright\" src=\"https:\/\/solecentrodeimagen.com\/wp-content\/uploads\/2015\/08\/terapia.jpg\" alt=\"terapia\" width=\"379\" height=\"235\" srcset=\"https:\/\/solecentrodeimagen.com\/wp-content\/uploads\/2015\/08\/terapia-300x186.jpg 300w, https:\/\/solecentrodeimagen.com\/wp-content\/uploads\/2015\/08\/terapia.jpg 379w\" sizes=\"(max-width: 379px) 100vw, 379px\" \/><\/p>\n<p style=\"text-align: justify;\">Vous sentez-vous triste, nerveux\/se, irritable? Avez-vous des probl\u00e8mes de famille, de travail ou sociaux et vous ne savez pas comment les r\u00e9soudre? Aimeriez-vous am\u00e9liorer certains aspects de votre vie ou vous sentir bien en g\u00e9n\u00e9ral?<\/p>\n<p style=\"text-align: justify;\">Nous pouvons vous aider \u00e0 trouver l&#8217;\u00e9quilibre dans votre vie gr\u00e2ce \u00e0 l&#8217;orientation, le conseil et la psychoth\u00e9rapie en utilisant des techniques cognitivo-comportementales. Cette th\u00e9rapie (th\u00e9rapie cognitivo-comportementale) a fait preuve d&#8217; efficacit\u00e9 et compte avec l&#8217;aval des \u00e9tudes scientifiques. Elle part du principe que beaucoup de nos probl\u00e8mes de comportement ou affectifs se voient influenc\u00e9s par notre v\u00e9cu tout au long de notre vie. Son but est d&#8217;aider les personnes \u00e0 r\u00e9soudre leurs probl\u00e8mes de la fa\u00e7on la plus rapide et efficace en leur procurant les outils pour changer les modes de comportement et de pens\u00e9e, et arriver ainsi \u00e0 faire durer ces changements positifs dans le temps.<\/p>\n<p style=\"text-align: justify;\">Adultes: nous traitons les probl\u00e8mes d&#8217;estime de soi, habilet\u00e9s sociales, les conflits de famille ou de couple, la d\u00e9pression, l&#8217;anxi\u00e9t\u00e9, les phobies, le stress, l&#8217;insomnie, les troubles alimentaires.<\/p>\n<p style=\"text-align: justify;\">Enfants et adolescents: phobie scolaire et peur du noir, l&#8217;angoisse de s\u00e9paration, probl\u00e8mes de contr\u00f4le des sphincters, d\u00e9sob\u00e9issance, crises de col\u00e8re, probl\u00e8mes de sommeil.<\/p>\n<p style=\"text-align: justify;\">Premi\u00e8re visite gratuite.<\/p>\n<p style=\"text-align: justify;\">Si vous \u00eates int\u00e9ress\u00e9(e) par ce traitement et vous d\u00e9sirez poser une question, cliquez <a href=\"https:\/\/solecentrodeimagen.com\/index.php\/contacto\/\">ici<\/a>.<\/p>\n<\/div>\n<\/div>\n<p>\n<\/div><div class=\"fusion-sep-clear\"><\/div><div class=\"fusion-separator fusion-full-width-sep\" style=\"margin-left: auto;margin-right: auto;margin-top:20px;width:100%;\"><\/div><div class=\"fusion-sep-clear\"><\/div>[\/fusion_builder_column]<div class=\"fusion-layout-column fusion_builder_column fusion-builder-column-0 fusion_builder_column_1_1 1_1 fusion-one-full fusion-column-first fusion-column-last fusion-column-no-min-height\" style=\"--awb-bg-size:cover;--awb-margin-bottom:0px;width:100%;\"><div class=\"fusion-column-wrapper fusion-flex-column-wrapper-legacy\"><div class=\"fusion-clearfix\"><\/div><\/div><\/div><div class=\"fusion-sharing-box fusion-sharing-box-1 has-taglines layout-floated layout-medium-floated layout-small-floated\" style=\"background-color:#f7f7f7;--awb-layout:row;--awb-alignment-small:space-between;\" data-title=\"Psychoth\u00e9rapie\" data-description=\"{:es}\r\n\r\n\u00bfTe sientes triste, nervioso\/a, irritable? \u00bfTienes problemas familiares, sociales o laborales y no sabes c\u00f3mo solucionarlos? \u00bfTe gustar\u00eda mejorar alg\u00fan aspecto de tu vida o sentirte bien en general?\r\nPodemos ayudarte a encontrar el equilibrio en tu vida a trav\u00e9s de la\" data-link=\"https:\/\/solecentrodeimagen.com\/fr\/servicios-concertados\/terapia-psicologica\/\"><h4 class=\"tagline\" style=\"color:#333333;\">Aimez-vous cette page? Partagez-la avec vos amis!<\/h4><div class=\"fusion-social-networks sharingbox-shortcode-icon-wrapper sharingbox-shortcode-icon-wrapper-1\"><span><a href=\"https:\/\/www.facebook.com\/sharer.php?u=https%3A%2F%2Fsolecentrodeimagen.com%2Ffr%2Fservicios-concertados%2Fterapia-psicologica%2F&amp;t=Psychoth%C3%A9rapie\" target=\"_blank\" rel=\"noreferrer nofollow\" title=\"Facebook\" aria-label=\"Facebook\" data-placement=\"top\" data-toggle=\"tooltip\" data-title=\"Facebook\"><i class=\"fusion-social-network-icon fusion-tooltip fusion-facebook awb-icon-facebook\" style=\"color:#000000;\" aria-hidden=\"true\"><\/i><\/a><\/span><span><a href=\"https:\/\/x.com\/share?text=Psychoth%C3%A9rapie&amp;url=https%3A%2F%2Fsolecentrodeimagen.com%2Ffr%2Fservicios-concertados%2Fterapia-psicologica%2F\" target=\"_blank\" rel=\"noopener noreferrer nofollow\" title=\"X\" aria-label=\"X\" data-placement=\"top\" data-toggle=\"tooltip\" data-title=\"X\"><i class=\"fusion-social-network-icon fusion-tooltip fusion-twitter awb-icon-twitter\" style=\"color:#000000;\" aria-hidden=\"true\"><\/i><\/a><\/span><span><a href=\"mailto:?subject=Psychoth%C3%A9rapie&amp;body=https%3A%2F%2Fsolecentrodeimagen.com%2Ffr%2Fservicios-concertados%2Fterapia-psicologica%2F\" target=\"_self\" rel=\"nofollow\" title=\"Email\" aria-label=\"Email\" data-placement=\"top\" data-toggle=\"tooltip\" data-title=\"Email\"><i class=\"fusion-social-network-icon fusion-tooltip fusion-mail awb-icon-mail\" style=\"color:#000000;\" aria-hidden=\"true\"><\/i><\/a><\/span><\/div><\/div><div class=\"fusion-sep-clear\"><\/div><div class=\"fusion-separator fusion-has-icon fusion-full-width-sep\" style=\"margin-left: auto;margin-right: auto;width:100%;\"><div class=\"fusion-separator-border sep-shadow\" style=\"--awb-height:20px;--awb-amount:20px;background:radial-gradient(ellipse at 50% -50% , #e0dede 0px, rgba(255, 255, 255, 0) 80%) repeat scroll 0 0 rgba(0, 0, 0, 0);background:-webkit-radial-gradient(ellipse at 50% -50% , #e0dede 0px, rgba(255, 255, 255, 0) 80%) repeat scroll 0 0 rgba(0, 0, 0, 0);background:-moz-radial-gradient(ellipse at 50% -50% , #e0dede 0px, rgba(255, 255, 255, 0) 80%) repeat scroll 0 0 rgba(0, 0, 0, 0);background:-o-radial-gradient(ellipse at 50% -50% , #e0dede 0px, rgba(255, 255, 255, 0) 80%) repeat scroll 0 0 rgba(0, 0, 0, 0);\"><\/div><span class=\"icon-wrapper\" style=\"border-color:#e0dede;background-color:rgba(255,255,255,0);font-size:13px;width: 1.75em; height: 1.75em;border-width:1px;padding:1px;\"><i class=\" fa fa-comments\" style=\"font-size: inherit;color:#e0dede;\" aria-hidden=\"true\"><\/i><\/span><div class=\"fusion-separator-border sep-shadow\" style=\"--awb-height:20px;--awb-amount:20px;background:radial-gradient(ellipse at 50% -50% , #e0dede 0px, rgba(255, 255, 255, 0) 80%) repeat scroll 0 0 rgba(0, 0, 0, 0);background:-webkit-radial-gradient(ellipse at 50% -50% , #e0dede 0px, rgba(255, 255, 255, 0) 80%) repeat scroll 0 0 rgba(0, 0, 0, 0);background:-moz-radial-gradient(ellipse at 50% -50% , #e0dede 0px, rgba(255, 255, 255, 0) 80%) repeat scroll 0 0 rgba(0, 0, 0, 0);background:-o-radial-gradient(ellipse at 50% -50% , #e0dede 0px, rgba(255, 255, 255, 0) 80%) repeat scroll 0 0 rgba(0, 0, 0, 0);\"><\/div><\/div><div class=\"fusion-sep-clear\"><\/div><\/p>\n","protected":false},"excerpt":{"rendered":"<p>\u00bfTe sientes triste, nervioso\/a, irritable? \u00bfTienes problemas familiares, sociales o laborales y no sabes c\u00f3mo solucionarlos? \u00bfTe gustar\u00eda mejorar alg\u00fan aspecto de tu vida o sentirte bien en general? Podemos ayudarte a encontrar el equilibrio en tu vida a trav\u00e9s de la orientaci\u00f3n, el consejo y terapia psicol\u00f3gica con t\u00e9cnicas cognitivo conductuales. Esta terapia (Terapia [&hellip;]<\/p>\n","protected":false},"author":13,"featured_media":0,"parent":11864,"menu_order":0,"comment_status":"open","ping_status":"closed","template":"","meta":{"footnotes":""},"class_list":["post-11823","page","type-page","status-publish","hentry"],"translation":{"provider":"WPGlobus","version":"3.0.0","language":"fr","enabled_languages":["es","en","fr"],"languages":{"es":{"title":true,"content":true,"excerpt":false},"en":{"title":true,"content":true,"excerpt":false},"fr":{"title":true,"content":true,"excerpt":false}}},"yoast_head":"<!-- This site is optimized with the Yoast SEO plugin v23.5 - https:\/\/yoast.com\/wordpress\/plugins\/seo\/ -->\n<title>Psychoth\u00e9rapie | Sole Centro de Imagen<\/title>\n<meta name=\"robots\" content=\"index, follow, max-snippet:-1, max-image-preview:large, max-video-preview:-1\" \/>\n<link rel=\"canonical\" href=\"https:\/\/solecentrodeimagen.com\/fr\/servicios-concertados\/terapia-psicologica\/\" \/>\n<meta property=\"og:locale\" content=\"fr_FR\" \/>\n<meta property=\"og:type\" content=\"article\" \/>\n<meta property=\"og:title\" content=\"Psychoth\u00e9rapie | Sole Centro de Imagen\" \/>\n<meta property=\"og:url\" content=\"https:\/\/solecentrodeimagen.com\/fr\/servicios-concertados\/terapia-psicologica\/\" \/>\n<meta property=\"og:site_name\" content=\"Sole Centro de Imagen\" \/>\n<meta property=\"article:publisher\" content=\"http:\/\/www.facebook.com\/solecentrodeimagen\" \/>\n<meta property=\"article:modified_time\" content=\"2017-03-10T17:44:57+00:00\" \/>\n<meta property=\"og:image\" content=\"https:\/\/solecentrodeimagen.com\/wp-content\/uploads\/2015\/08\/terapia.jpg\" \/>\n<meta name=\"twitter:card\" content=\"summary_large_image\" \/>\n<meta name=\"twitter:label1\" content=\"Est. reading time\" \/>\n\t<meta name=\"twitter:data1\" content=\"6 minutes\" \/>\n<script type=\"application\/ld+json\" class=\"yoast-schema-graph\">{\"@context\":\"https:\/\/schema.org\",\"@graph\":[{\"@type\":\"WebPage\",\"@id\":\"https:\/\/solecentrodeimagen.com\/fr\/servicios-concertados\/terapia-psicologica\/\",\"url\":\"https:\/\/solecentrodeimagen.com\/fr\/servicios-concertados\/terapia-psicologica\/\",\"name\":\"Psychoth\u00e9rapie | Sole Centro de Imagen\",\"isPartOf\":{\"@id\":\"https:\/\/solecentrodeimagen.com\/#website\"},\"primaryImageOfPage\":{\"@id\":\"https:\/\/solecentrodeimagen.com\/fr\/servicios-concertados\/terapia-psicologica\/#primaryimage\"},\"image\":{\"@id\":\"https:\/\/solecentrodeimagen.com\/fr\/servicios-concertados\/terapia-psicologica\/#primaryimage\"},\"thumbnailUrl\":\"https:\/\/solecentrodeimagen.com\/wp-content\/uploads\/2015\/08\/terapia.jpg\",\"datePublished\":\"2015-08-29T13:01:29+00:00\",\"dateModified\":\"2017-03-10T17:44:57+00:00\",\"description\":\"\u00bfTe sientes triste, nervioso\/a, irritable? \u00bfTienes problemas familiares, sociales o laborales y no sabes c\u00f3mo solucionarlos? \u00bfTe gustar\u00eda mejorar alg\u00fan aspecto de tu vida o sentirte bien en general?\",\"breadcrumb\":{\"@id\":\"https:\/\/solecentrodeimagen.com\/fr\/servicios-concertados\/terapia-psicologica\/#breadcrumb\"},\"inLanguage\":\"fr-FR\",\"potentialAction\":[{\"@type\":\"ReadAction\",\"target\":[\"https:\/\/solecentrodeimagen.com\/fr\/servicios-concertados\/terapia-psicologica\/\"]}]},{\"@type\":\"ImageObject\",\"inLanguage\":\"fr-FR\",\"@id\":\"https:\/\/solecentrodeimagen.com\/fr\/servicios-concertados\/terapia-psicologica\/#primaryimage\",\"url\":\"https:\/\/solecentrodeimagen.com\/wp-content\/uploads\/2015\/08\/terapia.jpg\",\"contentUrl\":\"https:\/\/solecentrodeimagen.com\/wp-content\/uploads\/2015\/08\/terapia.jpg\"},{\"@type\":\"BreadcrumbList\",\"@id\":\"https:\/\/solecentrodeimagen.com\/fr\/servicios-concertados\/terapia-psicologica\/#breadcrumb\",\"itemListElement\":[{\"@type\":\"ListItem\",\"position\":1,\"name\":\"Home\",\"item\":\"https:\/\/solecentrodeimagen.com\/\"},{\"@type\":\"ListItem\",\"position\":2,\"name\":\"Servicios concertados\",\"item\":\"https:\/\/solecentrodeimagen.com\/servicios-concertados\/\"},{\"@type\":\"ListItem\",\"position\":3,\"name\":\"Psychoth\u00e9rapie\"}]},{\"@type\":\"WebSite\",\"@id\":\"https:\/\/solecentrodeimagen.com\/#website\",\"url\":\"https:\/\/solecentrodeimagen.com\/\",\"name\":\"Sole Centro de Imagen\",\"description\":\"Centro Medicina Est\u00e9tica, Dermatolog\u00eda y Est\u00e9tica avanzada\",\"publisher\":{\"@id\":\"https:\/\/solecentrodeimagen.com\/#organization\"},\"potentialAction\":[{\"@type\":\"SearchAction\",\"target\":{\"@type\":\"EntryPoint\",\"urlTemplate\":\"https:\/\/solecentrodeimagen.com\/?s={search_term_string}\"},\"query-input\":{\"@type\":\"PropertyValueSpecification\",\"valueRequired\":true,\"valueName\":\"search_term_string\"}}],\"inLanguage\":\"fr-FR\"},{\"@type\":\"Organization\",\"@id\":\"https:\/\/solecentrodeimagen.com\/#organization\",\"name\":\"Sole Centro de Imagen Integral\",\"url\":\"https:\/\/solecentrodeimagen.com\/\",\"logo\":{\"@type\":\"ImageObject\",\"inLanguage\":\"fr-FR\",\"@id\":\"https:\/\/solecentrodeimagen.com\/#\/schema\/logo\/image\/\",\"url\":\"https:\/\/solecentrodeimagen.com\/wp-content\/uploads\/2016\/06\/logo-solecentromedico.png\",\"contentUrl\":\"https:\/\/solecentrodeimagen.com\/wp-content\/uploads\/2016\/06\/logo-solecentromedico.png\",\"width\":281,\"height\":96,\"caption\":\"Sole Centro de Imagen Integral\"},\"image\":{\"@id\":\"https:\/\/solecentrodeimagen.com\/#\/schema\/logo\/image\/\"},\"sameAs\":[\"http:\/\/www.facebook.com\/solecentrodeimagen\",\"http:\/\/www.instagram.com\/solecentrodeimagen\"]}]}<\/script>\n<!-- \/ Yoast SEO plugin. -->","yoast_head_json":{"title":"Psychoth\u00e9rapie | Sole Centro de Imagen","robots":{"index":"index","follow":"follow","max-snippet":"max-snippet:-1","max-image-preview":"max-image-preview:large","max-video-preview":"max-video-preview:-1"},"canonical":"https:\/\/solecentrodeimagen.com\/fr\/servicios-concertados\/terapia-psicologica\/","og_locale":"fr_FR","og_type":"article","og_title":"Psychoth\u00e9rapie | Sole Centro de Imagen","og_url":"https:\/\/solecentrodeimagen.com\/fr\/servicios-concertados\/terapia-psicologica\/","og_site_name":"Sole Centro de Imagen","article_publisher":"http:\/\/www.facebook.com\/solecentrodeimagen","article_modified_time":"2017-03-10T17:44:57+00:00","og_image":[{"url":"https:\/\/solecentrodeimagen.com\/wp-content\/uploads\/2015\/08\/terapia.jpg"}],"twitter_card":"summary_large_image","twitter_misc":{"Est. reading time":"6 minutes"},"schema":{"@context":"https:\/\/schema.org","@graph":[{"@type":"WebPage","@id":"https:\/\/solecentrodeimagen.com\/fr\/servicios-concertados\/terapia-psicologica\/","url":"https:\/\/solecentrodeimagen.com\/fr\/servicios-concertados\/terapia-psicologica\/","name":"Psychoth\u00e9rapie | Sole Centro de Imagen","isPartOf":{"@id":"https:\/\/solecentrodeimagen.com\/#website"},"primaryImageOfPage":{"@id":"https:\/\/solecentrodeimagen.com\/fr\/servicios-concertados\/terapia-psicologica\/#primaryimage"},"image":{"@id":"https:\/\/solecentrodeimagen.com\/fr\/servicios-concertados\/terapia-psicologica\/#primaryimage"},"thumbnailUrl":"https:\/\/solecentrodeimagen.com\/wp-content\/uploads\/2015\/08\/terapia.jpg","datePublished":"2015-08-29T13:01:29+00:00","dateModified":"2017-03-10T17:44:57+00:00","description":"\u00bfTe sientes triste, nervioso\/a, irritable? \u00bfTienes problemas familiares, sociales o laborales y no sabes c\u00f3mo solucionarlos? \u00bfTe gustar\u00eda mejorar alg\u00fan aspecto de tu vida o sentirte bien en general?","breadcrumb":{"@id":"https:\/\/solecentrodeimagen.com\/fr\/servicios-concertados\/terapia-psicologica\/#breadcrumb"},"inLanguage":"fr-FR","potentialAction":[{"@type":"ReadAction","target":["https:\/\/solecentrodeimagen.com\/fr\/servicios-concertados\/terapia-psicologica\/"]}]},{"@type":"ImageObject","inLanguage":"fr-FR","@id":"https:\/\/solecentrodeimagen.com\/fr\/servicios-concertados\/terapia-psicologica\/#primaryimage","url":"https:\/\/solecentrodeimagen.com\/wp-content\/uploads\/2015\/08\/terapia.jpg","contentUrl":"https:\/\/solecentrodeimagen.com\/wp-content\/uploads\/2015\/08\/terapia.jpg"},{"@type":"BreadcrumbList","@id":"https:\/\/solecentrodeimagen.com\/fr\/servicios-concertados\/terapia-psicologica\/#breadcrumb","itemListElement":[{"@type":"ListItem","position":1,"name":"Home","item":"https:\/\/solecentrodeimagen.com\/"},{"@type":"ListItem","position":2,"name":"Servicios concertados","item":"https:\/\/solecentrodeimagen.com\/servicios-concertados\/"},{"@type":"ListItem","position":3,"name":"Psychoth\u00e9rapie"}]},{"@type":"WebSite","@id":"https:\/\/solecentrodeimagen.com\/#website","url":"https:\/\/solecentrodeimagen.com\/","name":"Sole Centro de Imagen","description":"Centro Medicina Est\u00e9tica, Dermatolog\u00eda y Est\u00e9tica avanzada","publisher":{"@id":"https:\/\/solecentrodeimagen.com\/#organization"},"potentialAction":[{"@type":"SearchAction","target":{"@type":"EntryPoint","urlTemplate":"https:\/\/solecentrodeimagen.com\/?s={search_term_string}"},"query-input":{"@type":"PropertyValueSpecification","valueRequired":true,"valueName":"search_term_string"}}],"inLanguage":"fr-FR"},{"@type":"Organization","@id":"https:\/\/solecentrodeimagen.com\/#organization","name":"Sole Centro de Imagen Integral","url":"https:\/\/solecentrodeimagen.com\/","logo":{"@type":"ImageObject","inLanguage":"fr-FR","@id":"https:\/\/solecentrodeimagen.com\/#\/schema\/logo\/image\/","url":"https:\/\/solecentrodeimagen.com\/wp-content\/uploads\/2016\/06\/logo-solecentromedico.png","contentUrl":"https:\/\/solecentrodeimagen.com\/wp-content\/uploads\/2016\/06\/logo-solecentromedico.png","width":281,"height":96,"caption":"Sole Centro de Imagen Integral"},"image":{"@id":"https:\/\/solecentrodeimagen.com\/#\/schema\/logo\/image\/"},"sameAs":["http:\/\/www.facebook.com\/solecentrodeimagen","http:\/\/www.instagram.com\/solecentrodeimagen"]}]}},"_links":{"self":[{"href":"https:\/\/solecentrodeimagen.com\/fr\/wp-json\/wp\/v2\/pages\/11823"}],"collection":[{"href":"https:\/\/solecentrodeimagen.com\/fr\/wp-json\/wp\/v2\/pages"}],"about":[{"href":"https:\/\/solecentrodeimagen.com\/fr\/wp-json\/wp\/v2\/types\/page"}],"author":[{"embeddable":true,"href":"https:\/\/solecentrodeimagen.com\/fr\/wp-json\/wp\/v2\/users\/13"}],"replies":[{"embeddable":true,"href":"https:\/\/solecentrodeimagen.com\/fr\/wp-json\/wp\/v2\/comments?post=11823"}],"version-history":[{"count":0,"href":"https:\/\/solecentrodeimagen.com\/fr\/wp-json\/wp\/v2\/pages\/11823\/revisions"}],"up":[{"embeddable":true,"href":"https:\/\/solecentrodeimagen.com\/fr\/wp-json\/wp\/v2\/pages\/11864"}],"wp:attachment":[{"href":"https:\/\/solecentrodeimagen.com\/fr\/wp-json\/wp\/v2\/media?parent=11823"}],"curies":[{"name":"wp","href":"https:\/\/api.w.org\/{rel}","templated":true}]}}