{"id":11878,"date":"2015-12-01T17:42:21","date_gmt":"2015-12-01T16:42:21","guid":{"rendered":"http:\/\/wordpress.solecentrodebelleza.com\/?page_id=11878"},"modified":"2017-03-10T18:44:56","modified_gmt":"2017-03-10T17:44:56","slug":"tratamientos-capilares","status":"publish","type":"page","link":"https:\/\/solecentrodeimagen.com\/fr\/peluqueria\/tratamientos-capilares\/","title":{"rendered":"Traitements capillaires"},"content":{"rendered":"<div class=\"fusion-text fusion-text-1\"><div class=\"art-PostContent\">\n<div class=\"art-article\">\n<p style=\"text-align: justify;\"><img decoding=\"async\" class=\" wp-image-15192 alignright\" src=\"https:\/\/solecentrodeimagen.com\/wp-content\/uploads\/2015\/09\/tratamientos_capilares.jpg\" alt=\"tratamientos_capilares\" width=\"236\" height=\"324\" srcset=\"https:\/\/solecentrodeimagen.com\/wp-content\/uploads\/2015\/09\/tratamientos_capilares-219x300.jpg 219w, https:\/\/solecentrodeimagen.com\/wp-content\/uploads\/2015\/09\/tratamientos_capilares.jpg 255w\" sizes=\"(max-width: 236px) 100vw, 236px\" \/><\/p>\n<p style=\"text-align: justify;\">La plupart des r\u00e9ponses aux probl\u00e8mes capillaires que l\u2019on trouve sur le march\u00e9 sont bas\u00e9es en m\u00e9dicaments ou ne sont valables que pour camoufler l\u2019\u00e9tat des cheveux.<\/p>\n<p style=\"text-align: justify;\">Notre approche est bas\u00e9e sur les soins de la peau pour offrir un traitement avanc\u00e9 contre l\u2019affaiblissement des cheveux.<\/p>\n<p style=\"text-align: justify;\">En tant qu\u2019un prolongement de la peau faciale, le cuir chevelu n\u00e9cessite des m\u00eames soins. Notre gamme de traitements et de produits est con\u00e7ue pour fortifier, nourrir et traiter les cheveux depuis la racine.<\/p>\n<p style=\"text-align: justify;\">La sant\u00e9 du cuir chevelu se refl\u00e8te sur vos cheveux.<\/p>\n<p style=\"text-align: justify;\">Les trois signes de l\u2019affaiblissement des cheveux sont: moindre quantit\u00e9 de cheveux, cheveux plus fins et zones du cuir chevelu en mauvaise sant\u00e9 pour la pousse des cheveux.<\/p>\n<p style=\"text-align: justify;\">Voici les syst\u00e8mes que nous vous proposons pour le traitement de ces 3 signes:<\/p>\n<h3 style=\"text-align: justify;\">PEELING<\/h3>\n<p style=\"text-align: justify;\">Il s\u2019agit d\u2019un traitement r\u00e9g\u00e9n\u00e9rateur qui sert \u00e0 d\u00e9sincruster la graisse du follicule pileux.Il cr\u00e9e un effet thermique qui produit une vasodilatation dans la zone trait\u00e9e, qui augmente l\u2019irrigation sanguine et \u00e9limine les d\u00e9chets. Il faut ajouter aussi l\u2019effet anti-inflammatoire, oxyg\u00e9nant, relaxant et analg\u00e9sique qu\u2019il produit ainsi qu\u2019une meilleure absorption des principes actifs. C\u2019est le premier pas pour commencer un traitement de r\u00e9novation capillaire.<\/p>\n<h3 style=\"text-align: justify;\">VAPEUR<\/h3>\n<p style=\"text-align: justify;\">La vapeur en contact avec le cuir chevelu ouvre le follicule pileux. Ceci permet, d\u2019une part, la meilleure p\u00e9n\u00e9tration des produits, d\u2019autre part, d\u2019\u00e9liminer toutes les impuret\u00e9s. Cette technique est tr\u00e8s recommand\u00e9e pour les traitements contre les pellicules et les cheveux secs et ab\u00eem\u00e9s car elle apporte de l\u2019humidit\u00e9.<\/p>\n<h3 style=\"text-align: justify;\">INDIBA SYSTEM CAPILLAIRE<\/h3>\n<p style=\"text-align: justify;\">La m\u00e9thode INDIBA est une radiofr\u00e9quence qui produit una augmentation de la temp\u00e9rature qui dilate et augmente la vascularisation de la zone trait\u00e9e.Elle est oxyg\u00e9nante, r\u00e9g\u00e9n\u00e9ratrice et augmente la capacit\u00e9 du sang pour absorber et transporter una plus grande quantit\u00e9 d\u2019oxyg\u00e8ne. Elle favorise ainsi la r\u00e9g\u00e9n\u00e9ration des diff\u00e9rents types de tissu et sert \u00e0 pr\u00e9venir et ralentir les processus alop\u00e9ciques.<\/p>\n<h3 style=\"text-align: justify;\">HAUTE FR\u00c9QUENCE<\/h3>\n<p style=\"text-align: justify;\">Cet appareil s\u2019utilise en tant qu\u2019\u00e9l\u00e9ment actif par ses effets calmants et antiseptiques qui produisent de l\u2019ozone en petities quantit\u00e9s.<\/p>\n<h3 style=\"text-align: justify;\">INFRAROUGES<\/h3>\n<p style=\"text-align: justify;\">Ces rayons du sp\u00e8ctre non visible de la lumi\u00e8re p\u00e9n\u00e8trent dans la peau et augmentent l\u2019irrigation sanguine, l\u2019oxyg\u00e9nation et l\u2019apport de nutriments aux tissus. Les irradiations provoquent une augmentation de la temp\u00e9rature des tissus qui favorise une vasodilatation qui permet aux nutriments de mieux arriver \u00e0 ceux-ci.<\/p>\n<h3 style=\"text-align: justify;\">BROSSE IONIQUE<\/h3>\n<p style=\"text-align: justify;\">Elle \u00e9limine la graisse des cheveux, active la microcirculation des cheveux et des follicules, tue les bact\u00e9ries, virus, champignons, spores, elle augmente la quantit\u00e9 d\u2019oxyg\u00e8ne pr\u00e9sent, et agit dans la pr\u00e9vention des points inf\u00e9ctieux. Cette brosse \u00e9met des ions n\u00e9gatifs qui previennent l\u2019apparition de pellicules et autres maladies capillaires, elle lisse aussi les cheveux et \u00e9limine l\u2019\u00e9lectricit\u00e9 statique des cheveux.Elle est id\u00e9ale pour l\u2019entretien \u00e0 la maison.<\/p>\n<p style=\"text-align: justify;\">Les s\u00e9ances et ses intervalles sont d\u00e9cisifs pour le succ\u00e8s du traitement et le r\u00e9sultat est un HAUT niveau de r\u00e9cup\u00e9ration capillaire.<\/p>\n<p style=\"text-align: justify;\">*Pour plus d\u2019information, consultez notre sp\u00e9cialiste*<\/p>\n<p style=\"text-align: justify;\">Si vous \u00eates interess\u00e9e et \u00a0vous d\u00e9sirez poser une question, cliquez <a href=\"https:\/\/solecentrodeimagen.com\/index.php\/contacto\/\">ici<\/a>.<\/p>\n<\/div>\n<\/div>\n<p>\n<\/div><div class=\"fusion-sep-clear\"><\/div><div class=\"fusion-separator fusion-full-width-sep\" style=\"margin-left: auto;margin-right: auto;margin-top:20px;width:100%;\"><\/div><div class=\"fusion-sep-clear\"><\/div>[\/fusion_builder_column]<div class=\"fusion-layout-column fusion_builder_column fusion-builder-column-0 fusion_builder_column_1_1 1_1 fusion-one-full fusion-column-first fusion-column-last fusion-column-no-min-height\" style=\"--awb-bg-size:cover;--awb-margin-bottom:0px;width:100%;\"><div class=\"fusion-column-wrapper fusion-flex-column-wrapper-legacy\"><div class=\"fusion-clearfix\"><\/div><\/div><\/div><div class=\"fusion-sharing-box fusion-sharing-box-1 has-taglines layout-floated layout-medium-floated layout-small-floated\" style=\"background-color:#f7f7f7;--awb-layout:row;--awb-alignment-small:space-between;\" data-title=\"Traitements capillaires\" data-description=\"{:es}\r\n\r\nMuchas de las respuestas a los problemas capilares ofrecidas por el mercado se basan en medicamentos o solo sirven para camuflar el estado del cabello.\r\nNuestro enfoque est\u00e1 basado en el cuidado de la piel para proporcionar un tratamiento avanzado en el\" data-link=\"https:\/\/solecentrodeimagen.com\/fr\/peluqueria\/tratamientos-capilares\/\"><h4 class=\"tagline\" style=\"color:#333333;\">Aimez-vous cette page? Partagez-la avec vos amis!<\/h4><div class=\"fusion-social-networks sharingbox-shortcode-icon-wrapper sharingbox-shortcode-icon-wrapper-1\"><span><a href=\"https:\/\/www.facebook.com\/sharer.php?u=https%3A%2F%2Fsolecentrodeimagen.com%2Ffr%2Fpeluqueria%2Ftratamientos-capilares%2F&amp;t=Traitements%20capillaires\" target=\"_blank\" rel=\"noreferrer nofollow\" title=\"Facebook\" aria-label=\"Facebook\" data-placement=\"top\" data-toggle=\"tooltip\" data-title=\"Facebook\"><i class=\"fusion-social-network-icon fusion-tooltip fusion-facebook awb-icon-facebook\" style=\"color:#000000;\" aria-hidden=\"true\"><\/i><\/a><\/span><span><a href=\"https:\/\/x.com\/share?text=Traitements%20capillaires&amp;url=https%3A%2F%2Fsolecentrodeimagen.com%2Ffr%2Fpeluqueria%2Ftratamientos-capilares%2F\" target=\"_blank\" rel=\"noopener noreferrer nofollow\" title=\"X\" aria-label=\"X\" data-placement=\"top\" data-toggle=\"tooltip\" data-title=\"X\"><i class=\"fusion-social-network-icon fusion-tooltip fusion-twitter awb-icon-twitter\" style=\"color:#000000;\" aria-hidden=\"true\"><\/i><\/a><\/span><span><a href=\"mailto:?subject=Traitements%20capillaires&amp;body=https%3A%2F%2Fsolecentrodeimagen.com%2Ffr%2Fpeluqueria%2Ftratamientos-capilares%2F\" target=\"_self\" rel=\"nofollow\" title=\"Email\" aria-label=\"Email\" data-placement=\"top\" data-toggle=\"tooltip\" data-title=\"Email\"><i class=\"fusion-social-network-icon fusion-tooltip fusion-mail awb-icon-mail\" style=\"color:#000000;\" aria-hidden=\"true\"><\/i><\/a><\/span><\/div><\/div><div class=\"fusion-sep-clear\"><\/div><div class=\"fusion-separator fusion-has-icon fusion-full-width-sep\" style=\"margin-left: auto;margin-right: auto;width:100%;\"><div class=\"fusion-separator-border sep-shadow\" style=\"--awb-height:20px;--awb-amount:20px;background:radial-gradient(ellipse at 50% -50% , #e0dede 0px, rgba(255, 255, 255, 0) 80%) repeat scroll 0 0 rgba(0, 0, 0, 0);background:-webkit-radial-gradient(ellipse at 50% -50% , #e0dede 0px, rgba(255, 255, 255, 0) 80%) repeat scroll 0 0 rgba(0, 0, 0, 0);background:-moz-radial-gradient(ellipse at 50% -50% , #e0dede 0px, rgba(255, 255, 255, 0) 80%) repeat scroll 0 0 rgba(0, 0, 0, 0);background:-o-radial-gradient(ellipse at 50% -50% , #e0dede 0px, rgba(255, 255, 255, 0) 80%) repeat scroll 0 0 rgba(0, 0, 0, 0);\"><\/div><span class=\"icon-wrapper\" style=\"border-color:#e0dede;background-color:rgba(255,255,255,0);font-size:13px;width: 1.75em; height: 1.75em;border-width:1px;padding:1px;\"><i class=\" fa fa-comments\" style=\"font-size: inherit;color:#e0dede;\" aria-hidden=\"true\"><\/i><\/span><div class=\"fusion-separator-border sep-shadow\" style=\"--awb-height:20px;--awb-amount:20px;background:radial-gradient(ellipse at 50% -50% , #e0dede 0px, rgba(255, 255, 255, 0) 80%) repeat scroll 0 0 rgba(0, 0, 0, 0);background:-webkit-radial-gradient(ellipse at 50% -50% , #e0dede 0px, rgba(255, 255, 255, 0) 80%) repeat scroll 0 0 rgba(0, 0, 0, 0);background:-moz-radial-gradient(ellipse at 50% -50% , #e0dede 0px, rgba(255, 255, 255, 0) 80%) repeat scroll 0 0 rgba(0, 0, 0, 0);background:-o-radial-gradient(ellipse at 50% -50% , #e0dede 0px, rgba(255, 255, 255, 0) 80%) repeat scroll 0 0 rgba(0, 0, 0, 0);\"><\/div><\/div><div class=\"fusion-sep-clear\"><\/div><\/p>\n","protected":false},"excerpt":{"rendered":"<p>Muchas de las respuestas a los problemas capilares ofrecidas por el mercado se basan en medicamentos o solo sirven para camuflar el estado del cabello. Nuestro enfoque est\u00e1 basado en el cuidado de la piel para proporcionar un tratamiento avanzado en el debilitamiento del cabello. Como una extensi\u00f3n de la piel facial, el cuero cabelludo [&hellip;]<\/p>\n","protected":false},"author":13,"featured_media":0,"parent":11572,"menu_order":0,"comment_status":"open","ping_status":"closed","template":"","meta":{"footnotes":""},"class_list":["post-11878","page","type-page","status-publish","hentry"],"translation":{"provider":"WPGlobus","version":"3.0.0","language":"fr","enabled_languages":["es","en","fr"],"languages":{"es":{"title":true,"content":true,"excerpt":false},"en":{"title":true,"content":true,"excerpt":false},"fr":{"title":true,"content":true,"excerpt":false}}},"yoast_head":"<!-- This site is optimized with the Yoast SEO plugin v23.5 - https:\/\/yoast.com\/wordpress\/plugins\/seo\/ -->\n<title>Traitements capillaires | Sole Centro de Imagen<\/title>\n<meta name=\"robots\" content=\"index, follow, max-snippet:-1, max-image-preview:large, max-video-preview:-1\" \/>\n<link rel=\"canonical\" href=\"https:\/\/solecentrodeimagen.com\/en\/peluqueria\/tratamientos-capilares\/\" \/>\n<meta property=\"og:locale\" content=\"fr_FR\" \/>\n<meta property=\"og:type\" content=\"article\" \/>\n<meta property=\"og:title\" content=\"Traitements capillaires | Sole Centro de Imagen\" \/>\n<meta property=\"og:url\" content=\"https:\/\/solecentrodeimagen.com\/en\/peluqueria\/tratamientos-capilares\/\" \/>\n<meta property=\"og:site_name\" content=\"Sole Centro de Imagen\" \/>\n<meta property=\"article:publisher\" content=\"http:\/\/www.facebook.com\/solecentrodeimagen\" \/>\n<meta property=\"article:modified_time\" content=\"2017-03-10T17:44:56+00:00\" \/>\n<meta property=\"og:image\" content=\"https:\/\/solecentrodeimagen.com\/wp-content\/uploads\/2015\/09\/tratamientos_capilares.jpg\" \/>\n<meta name=\"twitter:card\" content=\"summary_large_image\" \/>\n<meta name=\"twitter:label1\" content=\"Est. reading time\" \/>\n\t<meta name=\"twitter:data1\" content=\"10 minutes\" \/>\n<script type=\"application\/ld+json\" class=\"yoast-schema-graph\">{\"@context\":\"https:\/\/schema.org\",\"@graph\":[{\"@type\":\"WebPage\",\"@id\":\"https:\/\/solecentrodeimagen.com\/en\/peluqueria\/tratamientos-capilares\/\",\"url\":\"https:\/\/solecentrodeimagen.com\/en\/peluqueria\/tratamientos-capilares\/\",\"name\":\"Traitements capillaires | Sole Centro de Imagen\",\"isPartOf\":{\"@id\":\"https:\/\/solecentrodeimagen.com\/#website\"},\"primaryImageOfPage\":{\"@id\":\"https:\/\/solecentrodeimagen.com\/en\/peluqueria\/tratamientos-capilares\/#primaryimage\"},\"image\":{\"@id\":\"https:\/\/solecentrodeimagen.com\/en\/peluqueria\/tratamientos-capilares\/#primaryimage\"},\"thumbnailUrl\":\"https:\/\/solecentrodeimagen.com\/wp-content\/uploads\/2015\/09\/tratamientos_capilares.jpg\",\"datePublished\":\"2015-12-01T16:42:21+00:00\",\"dateModified\":\"2017-03-10T17:44:56+00:00\",\"breadcrumb\":{\"@id\":\"https:\/\/solecentrodeimagen.com\/en\/peluqueria\/tratamientos-capilares\/#breadcrumb\"},\"inLanguage\":\"fr-FR\",\"potentialAction\":[{\"@type\":\"ReadAction\",\"target\":[\"https:\/\/solecentrodeimagen.com\/en\/peluqueria\/tratamientos-capilares\/\"]}]},{\"@type\":\"ImageObject\",\"inLanguage\":\"fr-FR\",\"@id\":\"https:\/\/solecentrodeimagen.com\/en\/peluqueria\/tratamientos-capilares\/#primaryimage\",\"url\":\"https:\/\/solecentrodeimagen.com\/wp-content\/uploads\/2015\/09\/tratamientos_capilares.jpg\",\"contentUrl\":\"https:\/\/solecentrodeimagen.com\/wp-content\/uploads\/2015\/09\/tratamientos_capilares.jpg\"},{\"@type\":\"BreadcrumbList\",\"@id\":\"https:\/\/solecentrodeimagen.com\/en\/peluqueria\/tratamientos-capilares\/#breadcrumb\",\"itemListElement\":[{\"@type\":\"ListItem\",\"position\":1,\"name\":\"Home\",\"item\":\"https:\/\/solecentrodeimagen.com\/\"},{\"@type\":\"ListItem\",\"position\":2,\"name\":\"Tu peluquer\u00eda en Nerja\",\"item\":\"https:\/\/solecentrodeimagen.com\/en\/peluqueria\/\"},{\"@type\":\"ListItem\",\"position\":3,\"name\":\"Hair Treatments\"}]},{\"@type\":\"WebSite\",\"@id\":\"https:\/\/solecentrodeimagen.com\/#website\",\"url\":\"https:\/\/solecentrodeimagen.com\/\",\"name\":\"Sole Centro de Imagen\",\"description\":\"Centro Medicina Est\u00e9tica, Dermatolog\u00eda y Est\u00e9tica avanzada\",\"publisher\":{\"@id\":\"https:\/\/solecentrodeimagen.com\/#organization\"},\"potentialAction\":[{\"@type\":\"SearchAction\",\"target\":{\"@type\":\"EntryPoint\",\"urlTemplate\":\"https:\/\/solecentrodeimagen.com\/?s={search_term_string}\"},\"query-input\":{\"@type\":\"PropertyValueSpecification\",\"valueRequired\":true,\"valueName\":\"search_term_string\"}}],\"inLanguage\":\"fr-FR\"},{\"@type\":\"Organization\",\"@id\":\"https:\/\/solecentrodeimagen.com\/#organization\",\"name\":\"Sole Centro de Imagen Integral\",\"url\":\"https:\/\/solecentrodeimagen.com\/\",\"logo\":{\"@type\":\"ImageObject\",\"inLanguage\":\"fr-FR\",\"@id\":\"https:\/\/solecentrodeimagen.com\/#\/schema\/logo\/image\/\",\"url\":\"https:\/\/solecentrodeimagen.com\/wp-content\/uploads\/2016\/06\/logo-solecentromedico.png\",\"contentUrl\":\"https:\/\/solecentrodeimagen.com\/wp-content\/uploads\/2016\/06\/logo-solecentromedico.png\",\"width\":281,\"height\":96,\"caption\":\"Sole Centro de Imagen Integral\"},\"image\":{\"@id\":\"https:\/\/solecentrodeimagen.com\/#\/schema\/logo\/image\/\"},\"sameAs\":[\"http:\/\/www.facebook.com\/solecentrodeimagen\",\"http:\/\/www.instagram.com\/solecentrodeimagen\"]}]}<\/script>\n<!-- \/ Yoast SEO plugin. -->","yoast_head_json":{"title":"Traitements capillaires | Sole Centro de Imagen","robots":{"index":"index","follow":"follow","max-snippet":"max-snippet:-1","max-image-preview":"max-image-preview:large","max-video-preview":"max-video-preview:-1"},"canonical":"https:\/\/solecentrodeimagen.com\/en\/peluqueria\/tratamientos-capilares\/","og_locale":"fr_FR","og_type":"article","og_title":"Traitements capillaires | Sole Centro de Imagen","og_url":"https:\/\/solecentrodeimagen.com\/en\/peluqueria\/tratamientos-capilares\/","og_site_name":"Sole Centro de Imagen","article_publisher":"http:\/\/www.facebook.com\/solecentrodeimagen","article_modified_time":"2017-03-10T17:44:56+00:00","og_image":[{"url":"https:\/\/solecentrodeimagen.com\/wp-content\/uploads\/2015\/09\/tratamientos_capilares.jpg"}],"twitter_card":"summary_large_image","twitter_misc":{"Est. reading time":"10 minutes"},"schema":{"@context":"https:\/\/schema.org","@graph":[{"@type":"WebPage","@id":"https:\/\/solecentrodeimagen.com\/en\/peluqueria\/tratamientos-capilares\/","url":"https:\/\/solecentrodeimagen.com\/en\/peluqueria\/tratamientos-capilares\/","name":"Traitements capillaires | Sole Centro de Imagen","isPartOf":{"@id":"https:\/\/solecentrodeimagen.com\/#website"},"primaryImageOfPage":{"@id":"https:\/\/solecentrodeimagen.com\/en\/peluqueria\/tratamientos-capilares\/#primaryimage"},"image":{"@id":"https:\/\/solecentrodeimagen.com\/en\/peluqueria\/tratamientos-capilares\/#primaryimage"},"thumbnailUrl":"https:\/\/solecentrodeimagen.com\/wp-content\/uploads\/2015\/09\/tratamientos_capilares.jpg","datePublished":"2015-12-01T16:42:21+00:00","dateModified":"2017-03-10T17:44:56+00:00","breadcrumb":{"@id":"https:\/\/solecentrodeimagen.com\/en\/peluqueria\/tratamientos-capilares\/#breadcrumb"},"inLanguage":"fr-FR","potentialAction":[{"@type":"ReadAction","target":["https:\/\/solecentrodeimagen.com\/en\/peluqueria\/tratamientos-capilares\/"]}]},{"@type":"ImageObject","inLanguage":"fr-FR","@id":"https:\/\/solecentrodeimagen.com\/en\/peluqueria\/tratamientos-capilares\/#primaryimage","url":"https:\/\/solecentrodeimagen.com\/wp-content\/uploads\/2015\/09\/tratamientos_capilares.jpg","contentUrl":"https:\/\/solecentrodeimagen.com\/wp-content\/uploads\/2015\/09\/tratamientos_capilares.jpg"},{"@type":"BreadcrumbList","@id":"https:\/\/solecentrodeimagen.com\/en\/peluqueria\/tratamientos-capilares\/#breadcrumb","itemListElement":[{"@type":"ListItem","position":1,"name":"Home","item":"https:\/\/solecentrodeimagen.com\/"},{"@type":"ListItem","position":2,"name":"Tu peluquer\u00eda en Nerja","item":"https:\/\/solecentrodeimagen.com\/en\/peluqueria\/"},{"@type":"ListItem","position":3,"name":"Hair Treatments"}]},{"@type":"WebSite","@id":"https:\/\/solecentrodeimagen.com\/#website","url":"https:\/\/solecentrodeimagen.com\/","name":"Sole Centro de Imagen","description":"Centro Medicina Est\u00e9tica, Dermatolog\u00eda y Est\u00e9tica avanzada","publisher":{"@id":"https:\/\/solecentrodeimagen.com\/#organization"},"potentialAction":[{"@type":"SearchAction","target":{"@type":"EntryPoint","urlTemplate":"https:\/\/solecentrodeimagen.com\/?s={search_term_string}"},"query-input":{"@type":"PropertyValueSpecification","valueRequired":true,"valueName":"search_term_string"}}],"inLanguage":"fr-FR"},{"@type":"Organization","@id":"https:\/\/solecentrodeimagen.com\/#organization","name":"Sole Centro de Imagen Integral","url":"https:\/\/solecentrodeimagen.com\/","logo":{"@type":"ImageObject","inLanguage":"fr-FR","@id":"https:\/\/solecentrodeimagen.com\/#\/schema\/logo\/image\/","url":"https:\/\/solecentrodeimagen.com\/wp-content\/uploads\/2016\/06\/logo-solecentromedico.png","contentUrl":"https:\/\/solecentrodeimagen.com\/wp-content\/uploads\/2016\/06\/logo-solecentromedico.png","width":281,"height":96,"caption":"Sole Centro de Imagen Integral"},"image":{"@id":"https:\/\/solecentrodeimagen.com\/#\/schema\/logo\/image\/"},"sameAs":["http:\/\/www.facebook.com\/solecentrodeimagen","http:\/\/www.instagram.com\/solecentrodeimagen"]}]}},"_links":{"self":[{"href":"https:\/\/solecentrodeimagen.com\/fr\/wp-json\/wp\/v2\/pages\/11878"}],"collection":[{"href":"https:\/\/solecentrodeimagen.com\/fr\/wp-json\/wp\/v2\/pages"}],"about":[{"href":"https:\/\/solecentrodeimagen.com\/fr\/wp-json\/wp\/v2\/types\/page"}],"author":[{"embeddable":true,"href":"https:\/\/solecentrodeimagen.com\/fr\/wp-json\/wp\/v2\/users\/13"}],"replies":[{"embeddable":true,"href":"https:\/\/solecentrodeimagen.com\/fr\/wp-json\/wp\/v2\/comments?post=11878"}],"version-history":[{"count":0,"href":"https:\/\/solecentrodeimagen.com\/fr\/wp-json\/wp\/v2\/pages\/11878\/revisions"}],"up":[{"embeddable":true,"href":"https:\/\/solecentrodeimagen.com\/fr\/wp-json\/wp\/v2\/pages\/11572"}],"wp:attachment":[{"href":"https:\/\/solecentrodeimagen.com\/fr\/wp-json\/wp\/v2\/media?parent=11878"}],"curies":[{"name":"wp","href":"https:\/\/api.w.org\/{rel}","templated":true}]}}