{"id":11880,"date":"2016-03-18T17:49:41","date_gmt":"2016-03-18T16:49:41","guid":{"rendered":"http:\/\/wordpress.solecentrodebelleza.com\/?page_id=11880"},"modified":"2017-03-10T18:44:55","modified_gmt":"2017-03-10T17:44:55","slug":"schwarzkopf-professional","status":"publish","type":"page","link":"https:\/\/solecentrodeimagen.com\/fr\/peluqueria\/schwarzkopf-professional\/","title":{"rendered":"Schwarzkopf Professional"},"content":{"rendered":"<div class=\"fusion-text fusion-text-1\"><div class=\"art-PostContent\">\n<div class=\"art-article\">\n<p style=\"text-align: justify;\"><img decoding=\"async\" class=\" wp-image-15195 alignright\" src=\"https:\/\/solecentrodeimagen.com\/wp-content\/uploads\/2015\/09\/shutterstock_89839321peq.jpg\" alt=\"shutterstock_89839321peq\" width=\"312\" height=\"292\" srcset=\"https:\/\/solecentrodeimagen.com\/wp-content\/uploads\/2015\/09\/shutterstock_89839321peq-52x50.jpg 52w, https:\/\/solecentrodeimagen.com\/wp-content\/uploads\/2015\/09\/shutterstock_89839321peq-300x281.jpg 300w, https:\/\/solecentrodeimagen.com\/wp-content\/uploads\/2015\/09\/shutterstock_89839321peq.jpg 377w\" sizes=\"(max-width: 312px) 100vw, 312px\" \/><\/p>\n<p style=\"text-align: justify;\">Pour <strong>Schwarzkopf Professional<\/strong>, tout n\u2019est qu\u2019une question de cheveux. Tout s\u2019inspire de notre amour de la coiffure: innovation, inspiration et ce que nous appelons les moments de triomphe de la coiffure: chaque jour.<\/p>\n<p style=\"text-align: justify;\">Schwarzkopf est constamment en contact avec les derni\u00e8res tendances en style, couleur et soin des cheveux et nous le transmet jour apr\u00e8s jour pour pouvoir cr\u00e9er le style que vous d\u00e9sirez.<\/p>\n<p style=\"text-align: justify;\">Apr\u00e8s votre visite au salon, vos cheveux ont une apparence mais aussi un toucher fantastiques. Et cela gr\u00e2ce \u00e0 ses formules con\u00e7ues sp\u00e9cialement pour un styling et des soins sup\u00e9rieurs.<\/p>\n<p style=\"text-align: justify;\">Maintenant vous pouvez entrer dans le nouveau monde de Schwarzkopf Professional et vous r\u00e9jouir d&#8217;un moment unique pour le triomphe de la coiffure.<\/p>\n<p style=\"text-align: justify;\">Schwarzkopf Professional, gr\u00e2ce \u00e0 ses diff\u00e9rentes gammes de produits et traitements de soin, offre des solutions pour tous types de cheveux. Pour les cheveux bruns ou blonds, \u00e9pais ou fins, secs ou color\u00e9s, vous disposez d&#8217;une large gamme de traitements divers pour combattre et r\u00e9duire les effets des agents m\u00e9caniques, environnementaux, thermiques, chimiques et de l&#8217;humidit\u00e9. Laissez sa technologie capillaire r\u00e9parer vos cheveux avec des produits exclusifs de coiffure qui offrent \u00e0 vos cheveux les soins dont ils ont besoin.<\/p>\n<p style=\"text-align: justify;\">D\u00e9couvrez Bonacure Hair Therapy pour atteindre la vraie perfection de vos cheveux gr\u00e2ce \u00e0 Cell Perfector Technology qui va au-del\u00e0 de la simple r\u00e9paration. Les cheveux sont reconstruits depuis le cortex jusqu&#8217;\u00e0 la cuticule.<\/p>\n<p style=\"text-align: justify;\">Blondme vous donne la possibilit\u00e9 de cr\u00e9er les looks blonds les plus fabuleux, \u00a0iconiques, uniques et \u00e9clatants. Obtenez votre couleur en ab\u00eemant jusqu&#8217;\u00e0 un 50% moins vos cheveux gr\u00e2ce \u00e0 Keralamination Technology.<\/p>\n<p style=\"text-align: justify;\">Igora Royal couvre jusqu&#8217;\u00e0 100% les cheveux blancs, offre une r\u00e9tention couleur optimis\u00e9e et une vibrance couleur intense, m\u00eame sur cheveux \u00e9pais et r\u00e9sistants. Cette coloration \u00e9galise la couleur &#8211; m\u00eame sur cheveux poreux. Des nuances \u00e9claircissantes plus performantes et un plus grand soin pour une brillance et un contraste maximum.<\/p>\n<p style=\"text-align: justify;\">D\u00e9couvrez aussi Essensity, coloration 100% sans ammoniaque.<\/p>\n<p style=\"text-align: justify;\">Et pour la finition de votre look, essayez la gamme Osis pour avoir un style diff\u00e9rent chaque jour. Diff\u00e9rents niveaux de fixation, finition brillance, textures naturelles, brillantes ou mates, tout pour les boucles et le volume, ou pour obtenir une finition lisse et soyeuse. \u00c0 vous de choisir!<\/p>\n<p style=\"text-align: justify;\">Schwarzkopf Professional, en vente uniquement dans les salons professionnels du monde entier.<\/p>\n<p style=\"text-align: justify;\">LE NIVEAU SUIVANT DANS LES SOINS CAPILLAIRES EST L\u00c0<\/p>\n<p style=\"text-align: justify;\">Si vous \u00eates interess\u00e9e et \u00a0vous d\u00e9sirez poser une question, cliquez <a href=\"https:\/\/solecentrodeimagen.com\/index.php\/contacto\/\">ici<\/a>.<\/p>\n<\/div>\n<\/div>\n<p>\n<\/div><div class=\"fusion-sep-clear\"><\/div><div class=\"fusion-separator fusion-full-width-sep\" style=\"margin-left: auto;margin-right: auto;margin-top:20px;width:100%;\"><\/div><div class=\"fusion-sep-clear\"><\/div>[\/fusion_builder_column]<div class=\"fusion-layout-column fusion_builder_column fusion-builder-column-0 fusion_builder_column_1_1 1_1 fusion-one-full fusion-column-first fusion-column-last fusion-column-no-min-height\" style=\"--awb-bg-size:cover;--awb-margin-bottom:0px;width:100%;\"><div class=\"fusion-column-wrapper fusion-flex-column-wrapper-legacy\"><div class=\"fusion-clearfix\"><\/div><\/div><\/div><div class=\"fusion-sharing-box fusion-sharing-box-1 has-taglines layout-floated layout-medium-floated layout-small-floated\" style=\"background-color:#f7f7f7;--awb-layout:row;--awb-alignment-small:space-between;\" data-title=\"Schwarzkopf Professional\" data-description=\"{:es}\r\n\r\nPara Schwarzkopf Professional, el cabello lo es todo. Todo se inspira en el amor por peinar para innovar, inspirar y hacer posible cada d\u00eda el triunfo de la profesionalidad.\r\nSchwarzkopf est\u00e1 en continuo contacto con las \u00faltimas tendencias en estilo,\" data-link=\"https:\/\/solecentrodeimagen.com\/fr\/peluqueria\/schwarzkopf-professional\/\"><h4 class=\"tagline\" style=\"color:#333333;\">Aimez-vous cette page? Partagez-la avec vos amis!<\/h4><div class=\"fusion-social-networks sharingbox-shortcode-icon-wrapper sharingbox-shortcode-icon-wrapper-1\"><span><a href=\"https:\/\/www.facebook.com\/sharer.php?u=https%3A%2F%2Fsolecentrodeimagen.com%2Ffr%2Fpeluqueria%2Fschwarzkopf-professional%2F&amp;t=Schwarzkopf%20Professional\" target=\"_blank\" rel=\"noreferrer nofollow\" title=\"Facebook\" aria-label=\"Facebook\" data-placement=\"top\" data-toggle=\"tooltip\" data-title=\"Facebook\"><i class=\"fusion-social-network-icon fusion-tooltip fusion-facebook awb-icon-facebook\" style=\"color:#000000;\" aria-hidden=\"true\"><\/i><\/a><\/span><span><a href=\"https:\/\/x.com\/share?text=Schwarzkopf%20Professional&amp;url=https%3A%2F%2Fsolecentrodeimagen.com%2Ffr%2Fpeluqueria%2Fschwarzkopf-professional%2F\" target=\"_blank\" rel=\"noopener noreferrer nofollow\" title=\"X\" aria-label=\"X\" data-placement=\"top\" data-toggle=\"tooltip\" data-title=\"X\"><i class=\"fusion-social-network-icon fusion-tooltip fusion-twitter awb-icon-twitter\" style=\"color:#000000;\" aria-hidden=\"true\"><\/i><\/a><\/span><span><a href=\"mailto:?subject=Schwarzkopf%20Professional&amp;body=https%3A%2F%2Fsolecentrodeimagen.com%2Ffr%2Fpeluqueria%2Fschwarzkopf-professional%2F\" target=\"_self\" rel=\"nofollow\" title=\"Email\" aria-label=\"Email\" data-placement=\"top\" data-toggle=\"tooltip\" data-title=\"Email\"><i class=\"fusion-social-network-icon fusion-tooltip fusion-mail awb-icon-mail\" style=\"color:#000000;\" aria-hidden=\"true\"><\/i><\/a><\/span><\/div><\/div><div class=\"fusion-sep-clear\"><\/div><div class=\"fusion-separator fusion-has-icon fusion-full-width-sep\" style=\"margin-left: auto;margin-right: auto;width:100%;\"><div class=\"fusion-separator-border sep-shadow\" style=\"--awb-height:20px;--awb-amount:20px;background:radial-gradient(ellipse at 50% -50% , #e0dede 0px, rgba(255, 255, 255, 0) 80%) repeat scroll 0 0 rgba(0, 0, 0, 0);background:-webkit-radial-gradient(ellipse at 50% -50% , #e0dede 0px, rgba(255, 255, 255, 0) 80%) repeat scroll 0 0 rgba(0, 0, 0, 0);background:-moz-radial-gradient(ellipse at 50% -50% , #e0dede 0px, rgba(255, 255, 255, 0) 80%) repeat scroll 0 0 rgba(0, 0, 0, 0);background:-o-radial-gradient(ellipse at 50% -50% , #e0dede 0px, rgba(255, 255, 255, 0) 80%) repeat scroll 0 0 rgba(0, 0, 0, 0);\"><\/div><span class=\"icon-wrapper\" style=\"border-color:#e0dede;background-color:rgba(255,255,255,0);font-size:13px;width: 1.75em; height: 1.75em;border-width:1px;padding:1px;\"><i class=\" fa fa-comments\" style=\"font-size: inherit;color:#e0dede;\" aria-hidden=\"true\"><\/i><\/span><div class=\"fusion-separator-border sep-shadow\" style=\"--awb-height:20px;--awb-amount:20px;background:radial-gradient(ellipse at 50% -50% , #e0dede 0px, rgba(255, 255, 255, 0) 80%) repeat scroll 0 0 rgba(0, 0, 0, 0);background:-webkit-radial-gradient(ellipse at 50% -50% , #e0dede 0px, rgba(255, 255, 255, 0) 80%) repeat scroll 0 0 rgba(0, 0, 0, 0);background:-moz-radial-gradient(ellipse at 50% -50% , #e0dede 0px, rgba(255, 255, 255, 0) 80%) repeat scroll 0 0 rgba(0, 0, 0, 0);background:-o-radial-gradient(ellipse at 50% -50% , #e0dede 0px, rgba(255, 255, 255, 0) 80%) repeat scroll 0 0 rgba(0, 0, 0, 0);\"><\/div><\/div><div class=\"fusion-sep-clear\"><\/div><\/p>\n","protected":false},"excerpt":{"rendered":"<p>Para Schwarzkopf Professional, el cabello lo es todo. Todo se inspira en el amor por peinar para innovar, inspirar y hacer posible cada d\u00eda el triunfo de la profesionalidad. Schwarzkopf est\u00e1 en continuo contacto con las \u00faltimas tendencias en estilo, color y cuidado del cabello y nos lo transmite d\u00eda a d\u00eda para ser capaces [&hellip;]<\/p>\n","protected":false},"author":13,"featured_media":0,"parent":11572,"menu_order":0,"comment_status":"open","ping_status":"closed","template":"","meta":{"footnotes":""},"class_list":["post-11880","page","type-page","status-publish","hentry"],"translation":{"provider":"WPGlobus","version":"3.0.0","language":"fr","enabled_languages":["es","en","fr"],"languages":{"es":{"title":true,"content":true,"excerpt":false},"en":{"title":false,"content":true,"excerpt":false},"fr":{"title":true,"content":true,"excerpt":false}}},"yoast_head":"<!-- This site is optimized with the Yoast SEO plugin v23.5 - https:\/\/yoast.com\/wordpress\/plugins\/seo\/ -->\n<title>Schwarzkopf Professional | Sole Centro de Imagen<\/title>\n<meta name=\"robots\" content=\"index, follow, max-snippet:-1, max-image-preview:large, max-video-preview:-1\" \/>\n<link rel=\"canonical\" href=\"https:\/\/solecentrodeimagen.com\/en\/peluqueria\/schwarzkopf-professional\/\" \/>\n<meta property=\"og:locale\" content=\"fr_FR\" \/>\n<meta property=\"og:type\" content=\"article\" \/>\n<meta property=\"og:title\" content=\"Schwarzkopf Professional | Sole Centro de Imagen\" \/>\n<meta property=\"og:url\" content=\"https:\/\/solecentrodeimagen.com\/en\/peluqueria\/schwarzkopf-professional\/\" \/>\n<meta property=\"og:site_name\" content=\"Sole Centro de Imagen\" \/>\n<meta property=\"article:publisher\" content=\"http:\/\/www.facebook.com\/solecentrodeimagen\" \/>\n<meta property=\"article:modified_time\" content=\"2017-03-10T17:44:55+00:00\" \/>\n<meta property=\"og:image\" content=\"https:\/\/solecentrodeimagen.com\/wp-content\/uploads\/2015\/09\/shutterstock_89839321peq.jpg\" \/>\n<meta name=\"twitter:card\" content=\"summary_large_image\" \/>\n<meta name=\"twitter:label1\" content=\"Est. reading time\" \/>\n\t<meta name=\"twitter:data1\" content=\"9 minutes\" \/>\n<script type=\"application\/ld+json\" class=\"yoast-schema-graph\">{\"@context\":\"https:\/\/schema.org\",\"@graph\":[{\"@type\":\"WebPage\",\"@id\":\"https:\/\/solecentrodeimagen.com\/en\/peluqueria\/schwarzkopf-professional\/\",\"url\":\"https:\/\/solecentrodeimagen.com\/en\/peluqueria\/schwarzkopf-professional\/\",\"name\":\"Schwarzkopf Professional | Sole Centro de Imagen\",\"isPartOf\":{\"@id\":\"https:\/\/solecentrodeimagen.com\/#website\"},\"primaryImageOfPage\":{\"@id\":\"https:\/\/solecentrodeimagen.com\/en\/peluqueria\/schwarzkopf-professional\/#primaryimage\"},\"image\":{\"@id\":\"https:\/\/solecentrodeimagen.com\/en\/peluqueria\/schwarzkopf-professional\/#primaryimage\"},\"thumbnailUrl\":\"https:\/\/solecentrodeimagen.com\/wp-content\/uploads\/2015\/09\/shutterstock_89839321peq.jpg\",\"datePublished\":\"2016-03-18T16:49:41+00:00\",\"dateModified\":\"2017-03-10T17:44:55+00:00\",\"description\":\"Para Schwarzkopf Professional, el cabello lo es todo. Todo se inspira en el amor por peinar para innovar, inspirar y hacer posible cada d\u00eda el triunfo de la profesionalidad.\",\"breadcrumb\":{\"@id\":\"https:\/\/solecentrodeimagen.com\/en\/peluqueria\/schwarzkopf-professional\/#breadcrumb\"},\"inLanguage\":\"fr-FR\",\"potentialAction\":[{\"@type\":\"ReadAction\",\"target\":[\"https:\/\/solecentrodeimagen.com\/en\/peluqueria\/schwarzkopf-professional\/\"]}]},{\"@type\":\"ImageObject\",\"inLanguage\":\"fr-FR\",\"@id\":\"https:\/\/solecentrodeimagen.com\/en\/peluqueria\/schwarzkopf-professional\/#primaryimage\",\"url\":\"https:\/\/solecentrodeimagen.com\/wp-content\/uploads\/2015\/09\/shutterstock_89839321peq.jpg\",\"contentUrl\":\"https:\/\/solecentrodeimagen.com\/wp-content\/uploads\/2015\/09\/shutterstock_89839321peq.jpg\"},{\"@type\":\"BreadcrumbList\",\"@id\":\"https:\/\/solecentrodeimagen.com\/en\/peluqueria\/schwarzkopf-professional\/#breadcrumb\",\"itemListElement\":[{\"@type\":\"ListItem\",\"position\":1,\"name\":\"Home\",\"item\":\"https:\/\/solecentrodeimagen.com\/\"},{\"@type\":\"ListItem\",\"position\":2,\"name\":\"Tu peluquer\u00eda en Nerja\",\"item\":\"https:\/\/solecentrodeimagen.com\/en\/peluqueria\/\"},{\"@type\":\"ListItem\",\"position\":3,\"name\":\"Schwarzkopf Professional\"}]},{\"@type\":\"WebSite\",\"@id\":\"https:\/\/solecentrodeimagen.com\/#website\",\"url\":\"https:\/\/solecentrodeimagen.com\/\",\"name\":\"Sole Centro de Imagen\",\"description\":\"Centro Medicina Est\u00e9tica, Dermatolog\u00eda y Est\u00e9tica avanzada\",\"publisher\":{\"@id\":\"https:\/\/solecentrodeimagen.com\/#organization\"},\"potentialAction\":[{\"@type\":\"SearchAction\",\"target\":{\"@type\":\"EntryPoint\",\"urlTemplate\":\"https:\/\/solecentrodeimagen.com\/?s={search_term_string}\"},\"query-input\":{\"@type\":\"PropertyValueSpecification\",\"valueRequired\":true,\"valueName\":\"search_term_string\"}}],\"inLanguage\":\"fr-FR\"},{\"@type\":\"Organization\",\"@id\":\"https:\/\/solecentrodeimagen.com\/#organization\",\"name\":\"Sole Centro de Imagen Integral\",\"url\":\"https:\/\/solecentrodeimagen.com\/\",\"logo\":{\"@type\":\"ImageObject\",\"inLanguage\":\"fr-FR\",\"@id\":\"https:\/\/solecentrodeimagen.com\/#\/schema\/logo\/image\/\",\"url\":\"https:\/\/solecentrodeimagen.com\/wp-content\/uploads\/2016\/06\/logo-solecentromedico.png\",\"contentUrl\":\"https:\/\/solecentrodeimagen.com\/wp-content\/uploads\/2016\/06\/logo-solecentromedico.png\",\"width\":281,\"height\":96,\"caption\":\"Sole Centro de Imagen Integral\"},\"image\":{\"@id\":\"https:\/\/solecentrodeimagen.com\/#\/schema\/logo\/image\/\"},\"sameAs\":[\"http:\/\/www.facebook.com\/solecentrodeimagen\",\"http:\/\/www.instagram.com\/solecentrodeimagen\"]}]}<\/script>\n<!-- \/ Yoast SEO plugin. -->","yoast_head_json":{"title":"Schwarzkopf Professional | Sole Centro de Imagen","robots":{"index":"index","follow":"follow","max-snippet":"max-snippet:-1","max-image-preview":"max-image-preview:large","max-video-preview":"max-video-preview:-1"},"canonical":"https:\/\/solecentrodeimagen.com\/en\/peluqueria\/schwarzkopf-professional\/","og_locale":"fr_FR","og_type":"article","og_title":"Schwarzkopf Professional | Sole Centro de Imagen","og_url":"https:\/\/solecentrodeimagen.com\/en\/peluqueria\/schwarzkopf-professional\/","og_site_name":"Sole Centro de Imagen","article_publisher":"http:\/\/www.facebook.com\/solecentrodeimagen","article_modified_time":"2017-03-10T17:44:55+00:00","og_image":[{"url":"https:\/\/solecentrodeimagen.com\/wp-content\/uploads\/2015\/09\/shutterstock_89839321peq.jpg"}],"twitter_card":"summary_large_image","twitter_misc":{"Est. reading time":"9 minutes"},"schema":{"@context":"https:\/\/schema.org","@graph":[{"@type":"WebPage","@id":"https:\/\/solecentrodeimagen.com\/en\/peluqueria\/schwarzkopf-professional\/","url":"https:\/\/solecentrodeimagen.com\/en\/peluqueria\/schwarzkopf-professional\/","name":"Schwarzkopf Professional | Sole Centro de Imagen","isPartOf":{"@id":"https:\/\/solecentrodeimagen.com\/#website"},"primaryImageOfPage":{"@id":"https:\/\/solecentrodeimagen.com\/en\/peluqueria\/schwarzkopf-professional\/#primaryimage"},"image":{"@id":"https:\/\/solecentrodeimagen.com\/en\/peluqueria\/schwarzkopf-professional\/#primaryimage"},"thumbnailUrl":"https:\/\/solecentrodeimagen.com\/wp-content\/uploads\/2015\/09\/shutterstock_89839321peq.jpg","datePublished":"2016-03-18T16:49:41+00:00","dateModified":"2017-03-10T17:44:55+00:00","description":"Para Schwarzkopf Professional, el cabello lo es todo. Todo se inspira en el amor por peinar para innovar, inspirar y hacer posible cada d\u00eda el triunfo de la profesionalidad.","breadcrumb":{"@id":"https:\/\/solecentrodeimagen.com\/en\/peluqueria\/schwarzkopf-professional\/#breadcrumb"},"inLanguage":"fr-FR","potentialAction":[{"@type":"ReadAction","target":["https:\/\/solecentrodeimagen.com\/en\/peluqueria\/schwarzkopf-professional\/"]}]},{"@type":"ImageObject","inLanguage":"fr-FR","@id":"https:\/\/solecentrodeimagen.com\/en\/peluqueria\/schwarzkopf-professional\/#primaryimage","url":"https:\/\/solecentrodeimagen.com\/wp-content\/uploads\/2015\/09\/shutterstock_89839321peq.jpg","contentUrl":"https:\/\/solecentrodeimagen.com\/wp-content\/uploads\/2015\/09\/shutterstock_89839321peq.jpg"},{"@type":"BreadcrumbList","@id":"https:\/\/solecentrodeimagen.com\/en\/peluqueria\/schwarzkopf-professional\/#breadcrumb","itemListElement":[{"@type":"ListItem","position":1,"name":"Home","item":"https:\/\/solecentrodeimagen.com\/"},{"@type":"ListItem","position":2,"name":"Tu peluquer\u00eda en Nerja","item":"https:\/\/solecentrodeimagen.com\/en\/peluqueria\/"},{"@type":"ListItem","position":3,"name":"Schwarzkopf Professional"}]},{"@type":"WebSite","@id":"https:\/\/solecentrodeimagen.com\/#website","url":"https:\/\/solecentrodeimagen.com\/","name":"Sole Centro de Imagen","description":"Centro Medicina Est\u00e9tica, Dermatolog\u00eda y Est\u00e9tica avanzada","publisher":{"@id":"https:\/\/solecentrodeimagen.com\/#organization"},"potentialAction":[{"@type":"SearchAction","target":{"@type":"EntryPoint","urlTemplate":"https:\/\/solecentrodeimagen.com\/?s={search_term_string}"},"query-input":{"@type":"PropertyValueSpecification","valueRequired":true,"valueName":"search_term_string"}}],"inLanguage":"fr-FR"},{"@type":"Organization","@id":"https:\/\/solecentrodeimagen.com\/#organization","name":"Sole Centro de Imagen Integral","url":"https:\/\/solecentrodeimagen.com\/","logo":{"@type":"ImageObject","inLanguage":"fr-FR","@id":"https:\/\/solecentrodeimagen.com\/#\/schema\/logo\/image\/","url":"https:\/\/solecentrodeimagen.com\/wp-content\/uploads\/2016\/06\/logo-solecentromedico.png","contentUrl":"https:\/\/solecentrodeimagen.com\/wp-content\/uploads\/2016\/06\/logo-solecentromedico.png","width":281,"height":96,"caption":"Sole Centro de Imagen Integral"},"image":{"@id":"https:\/\/solecentrodeimagen.com\/#\/schema\/logo\/image\/"},"sameAs":["http:\/\/www.facebook.com\/solecentrodeimagen","http:\/\/www.instagram.com\/solecentrodeimagen"]}]}},"_links":{"self":[{"href":"https:\/\/solecentrodeimagen.com\/fr\/wp-json\/wp\/v2\/pages\/11880"}],"collection":[{"href":"https:\/\/solecentrodeimagen.com\/fr\/wp-json\/wp\/v2\/pages"}],"about":[{"href":"https:\/\/solecentrodeimagen.com\/fr\/wp-json\/wp\/v2\/types\/page"}],"author":[{"embeddable":true,"href":"https:\/\/solecentrodeimagen.com\/fr\/wp-json\/wp\/v2\/users\/13"}],"replies":[{"embeddable":true,"href":"https:\/\/solecentrodeimagen.com\/fr\/wp-json\/wp\/v2\/comments?post=11880"}],"version-history":[{"count":0,"href":"https:\/\/solecentrodeimagen.com\/fr\/wp-json\/wp\/v2\/pages\/11880\/revisions"}],"up":[{"embeddable":true,"href":"https:\/\/solecentrodeimagen.com\/fr\/wp-json\/wp\/v2\/pages\/11572"}],"wp:attachment":[{"href":"https:\/\/solecentrodeimagen.com\/fr\/wp-json\/wp\/v2\/media?parent=11880"}],"curies":[{"name":"wp","href":"https:\/\/api.w.org\/{rel}","templated":true}]}}