{"id":11888,"date":"2015-09-01T18:07:43","date_gmt":"2015-09-01T16:07:43","guid":{"rendered":"http:\/\/wordpress.solecentrodebelleza.com\/?page_id=11888"},"modified":"2017-03-10T18:44:57","modified_gmt":"2017-03-10T17:44:57","slug":"extensiones-hairdreams","status":"publish","type":"page","link":"https:\/\/solecentrodeimagen.com\/fr\/peluqueria\/extensiones-hairdreams\/","title":{"rendered":"Hairdreams |Extensions de cheveux 100% naturelles"},"content":{"rendered":"<div class=\"fusion-text fusion-text-1\"><div class=\"art-PostContent\">\n<div class=\"art-article\">\n<h3 style=\"text-align: justify;\"><img decoding=\"async\" class=\" wp-image-15200 alignright\" src=\"https:\/\/solecentrodeimagen.com\/wp-content\/uploads\/2015\/09\/hairdreamsimagepeq.jpg\" alt=\"hairdreamsimagepeq\" width=\"258\" height=\"277\" \/><\/h3>\n<h3 style=\"text-align: justify;\">Cheveux longs de r\u00eave&#8230;<\/h3>\n<p style=\"text-align: justify;\">Les cheveux longs et soign\u00e9s ont toujours \u00e9t\u00e9 synonyme de beaut\u00e9 f\u00e9minine. Et cela n\u2019a pas chang\u00e9&#8230;<\/p>\n<p style=\"text-align: justify;\">Le r\u00eave d\u2019avoir des cheveux longs et parfaits n\u2019est possible parfois qu\u2019avec beaucoup d\u2019efforts car les facteurs climatiques, \u00a0le stress, l\u2019utilisation de produits chimiques et autres endommagent les cheveux.<\/p>\n<p style=\"text-align: justify;\">Avec les extensions Hairdreams vous obtenez des r\u00e9sultats plus vite et plus facilement. Elles ne se distinguent pratiquement pas de vos cheveux et permettent de changer la longueur et l\u2019\u00e9paisseur des cheveux en quelques heures, de fa\u00e7on \u00e0 pouvoir cr\u00e9er toutes sortes de coiffures. Les points d\u2019attache sont pratiquement invisibles et sont confortables, et le plus important, leur fixation n\u2019endommage pas vos cheveux.<\/p>\n<p style=\"text-align: justify;\">Il existe 2 qualit\u00e9s de cheveux: qualit\u00e9 basique qui peuvent se porter jusqu\u2019\u00e0 6 mois et qualit\u00e9 sp\u00e9ciale qui peuvent s\u2019utiliser 4 fois gr\u00e2ce \u00e0 leur tr\u00e8s haute qualit\u00e9.<\/p>\n<p style=\"text-align: justify;\">Il existe 8 longueurs de cheveux, de 25 cm \u00e0 75 cm, qui peuvent \u00eatre liss\u00e9s, fris\u00e9s, color\u00e9s&#8230;<\/p>\n<p style=\"text-align: justify;\">Hairdreams offre diff\u00e9rentes m\u00e9thodes pour allonger et donner du volume aux cheveux, cr\u00e9er des effets&#8230;<\/p>\n<p style=\"text-align: justify;\">Et une vaste vari\u00e9t\u00e9 de couleurs naturelles, en m\u00e8ches ou fantaisie.<\/p>\n<p style=\"text-align: justify;\">Hairdreams, fid\u00e8le \u00e0 son engagement avec l\u2019image a cr\u00e9e plusieurs syst\u00e8mes pour les personnes qui souffrent de calvitie, cheveux clairsem\u00e9s ou trop fins et sans \u00e9paisseur.<\/p>\n<ul style=\"text-align: justify;\">\n<li>Microl\u00edgne:<\/li>\n<\/ul>\n<p style=\"text-align: justify;\">Le plus indiqu\u00e9 pour donner du volume aux cheveux clairsem\u00e9s. Ce syst\u00e8me est fix\u00e9 de fa\u00e7on permanente et se porte comme s\u2019il faisait partie de vos propres cheveux, sans restrictions pour faire du sport, les saunas&#8230;<\/p>\n<ul style=\"text-align: justify;\">\n<li>Top hair:<\/li>\n<\/ul>\n<p style=\"text-align: justify;\">\u00c9paisseur extra rapide, extra flexible et super confortable pour les cheveux fins qui manquent de volume. Il peut \u00eatre fix\u00e9 de fa\u00e7on permanente ou \u00e0 l\u2019aide d\u2019un clip.<\/p>\n<ul style=\"text-align: justify;\">\n<li>Highlines:<\/li>\n<\/ul>\n<p style=\"text-align: justify;\">Recommand\u00e9 pour les cheveux un peu fins et qui manquent d\u2019\u00e9paisseur. Donne plus de volume sur la partie sup\u00e9rieure de la t\u00eate. Similaire \u00e0 la microligne. Fixation permanente.<\/p>\n<ul style=\"text-align: justify;\">\n<li>Extensions \u00e0 anneaux et clip:<\/li>\n<\/ul>\n<p style=\"text-align: justify;\">Elles allongent et donnent du volume avec una apparence naturelle, rapide et simple.<\/p>\n<ul style=\"text-align: justify;\">\n<li>Cristaux Swaroski:<\/li>\n<\/ul>\n<p style=\"text-align: justify;\">Des brillants sophistiqu\u00e9s pour les occasions qui demandent un glamour sp\u00e9cial. Avec clip et longueurs de 30 et 40 cm.<\/p>\n<p style=\"text-align: justify;\">Hairdreams garantit une qualit\u00e9 impeccable des cheveux durant toute la p\u00e9riode que vous portez les extensions avec le passeport de soins et l\u2019\u00e9tiquette de garantie.<\/p>\n<p style=\"text-align: justify;\">Si vous \u00eates interess\u00e9e et \u00a0vous d\u00e9sirez poser une question, cliquez <a href=\"http:\/\/www.solecentrodebelleza.com\/fr\/contact\" target=\"_self\">ici<\/a>.<\/p>\n<\/div>\n<\/div>\n<p>\n<\/div><div class=\"fusion-sep-clear\"><\/div><div class=\"fusion-separator fusion-full-width-sep\" style=\"margin-left: auto;margin-right: auto;margin-top:20px;width:100%;\"><\/div><div class=\"fusion-sep-clear\"><\/div>[\/fusion_builder_column]<div class=\"fusion-layout-column fusion_builder_column fusion-builder-column-0 fusion_builder_column_1_1 1_1 fusion-one-full fusion-column-first fusion-column-last fusion-column-no-min-height\" style=\"--awb-bg-size:cover;--awb-margin-bottom:0px;width:100%;\"><div class=\"fusion-column-wrapper fusion-flex-column-wrapper-legacy\"><div class=\"fusion-clearfix\"><\/div><\/div><\/div><div class=\"fusion-sharing-box fusion-sharing-box-1 has-taglines layout-floated layout-medium-floated layout-small-floated\" style=\"background-color:#f7f7f7;--awb-layout:row;--awb-alignment-small:space-between;\" data-title=\"Hairdreams |Extensions de cheveux 100% naturelles\" data-description=\"{:es}\r\n\r\nExtensiones Hairdreams - Cabello largo\u2026 \u00a0de ensue\u00f1o\r\nCabellos largos y cuidados son considerados desde siempre sin\u00f3nimo de belleza femenina. Esto no ha cambiado hasta ahora y seguir\u00e1 siendo con extensiones hairdreams.\r\nEl sue\u00f1o de un cabello largo y perfecto es\" data-link=\"https:\/\/solecentrodeimagen.com\/fr\/peluqueria\/extensiones-hairdreams\/\"><h4 class=\"tagline\" style=\"color:#333333;\">Aimez-vous cette page? Partagez-la avec vos amis!<\/h4><div class=\"fusion-social-networks sharingbox-shortcode-icon-wrapper sharingbox-shortcode-icon-wrapper-1\"><span><a href=\"https:\/\/www.facebook.com\/sharer.php?u=https%3A%2F%2Fsolecentrodeimagen.com%2Ffr%2Fpeluqueria%2Fextensiones-hairdreams%2F&amp;t=Hairdreams%20%7CExtensions%20de%20cheveux%20100%25%20naturelles\" target=\"_blank\" rel=\"noreferrer nofollow\" title=\"Facebook\" aria-label=\"Facebook\" data-placement=\"top\" data-toggle=\"tooltip\" data-title=\"Facebook\"><i class=\"fusion-social-network-icon fusion-tooltip fusion-facebook awb-icon-facebook\" style=\"color:#000000;\" aria-hidden=\"true\"><\/i><\/a><\/span><span><a href=\"https:\/\/x.com\/share?text=Hairdreams%20%7CExtensions%20de%20cheveux%20100%25%20naturelles&amp;url=https%3A%2F%2Fsolecentrodeimagen.com%2Ffr%2Fpeluqueria%2Fextensiones-hairdreams%2F\" target=\"_blank\" rel=\"noopener noreferrer nofollow\" title=\"X\" aria-label=\"X\" data-placement=\"top\" data-toggle=\"tooltip\" data-title=\"X\"><i class=\"fusion-social-network-icon fusion-tooltip fusion-twitter awb-icon-twitter\" style=\"color:#000000;\" aria-hidden=\"true\"><\/i><\/a><\/span><span><a href=\"mailto:?subject=Hairdreams%20%7CExtensions%20de%20cheveux%20100%25%20naturelles&amp;body=https%3A%2F%2Fsolecentrodeimagen.com%2Ffr%2Fpeluqueria%2Fextensiones-hairdreams%2F\" target=\"_self\" rel=\"nofollow\" title=\"Email\" aria-label=\"Email\" data-placement=\"top\" data-toggle=\"tooltip\" data-title=\"Email\"><i class=\"fusion-social-network-icon fusion-tooltip fusion-mail awb-icon-mail\" style=\"color:#000000;\" aria-hidden=\"true\"><\/i><\/a><\/span><\/div><\/div><div class=\"fusion-sep-clear\"><\/div><div class=\"fusion-separator fusion-has-icon fusion-full-width-sep\" style=\"margin-left: auto;margin-right: auto;width:100%;\"><div class=\"fusion-separator-border sep-shadow\" style=\"--awb-height:20px;--awb-amount:20px;background:radial-gradient(ellipse at 50% -50% , #e0dede 0px, rgba(255, 255, 255, 0) 80%) repeat scroll 0 0 rgba(0, 0, 0, 0);background:-webkit-radial-gradient(ellipse at 50% -50% , #e0dede 0px, rgba(255, 255, 255, 0) 80%) repeat scroll 0 0 rgba(0, 0, 0, 0);background:-moz-radial-gradient(ellipse at 50% -50% , #e0dede 0px, rgba(255, 255, 255, 0) 80%) repeat scroll 0 0 rgba(0, 0, 0, 0);background:-o-radial-gradient(ellipse at 50% -50% , #e0dede 0px, rgba(255, 255, 255, 0) 80%) repeat scroll 0 0 rgba(0, 0, 0, 0);\"><\/div><span class=\"icon-wrapper\" style=\"border-color:#e0dede;background-color:rgba(255,255,255,0);font-size:13px;width: 1.75em; height: 1.75em;border-width:1px;padding:1px;\"><i class=\" fa fa-comments\" style=\"font-size: inherit;color:#e0dede;\" aria-hidden=\"true\"><\/i><\/span><div class=\"fusion-separator-border sep-shadow\" style=\"--awb-height:20px;--awb-amount:20px;background:radial-gradient(ellipse at 50% -50% , #e0dede 0px, rgba(255, 255, 255, 0) 80%) repeat scroll 0 0 rgba(0, 0, 0, 0);background:-webkit-radial-gradient(ellipse at 50% -50% , #e0dede 0px, rgba(255, 255, 255, 0) 80%) repeat scroll 0 0 rgba(0, 0, 0, 0);background:-moz-radial-gradient(ellipse at 50% -50% , #e0dede 0px, rgba(255, 255, 255, 0) 80%) repeat scroll 0 0 rgba(0, 0, 0, 0);background:-o-radial-gradient(ellipse at 50% -50% , #e0dede 0px, rgba(255, 255, 255, 0) 80%) repeat scroll 0 0 rgba(0, 0, 0, 0);\"><\/div><\/div><div class=\"fusion-sep-clear\"><\/div><\/p>\n","protected":false},"excerpt":{"rendered":"<p>Extensiones Hairdreams &#8211; Cabello largo\u2026 \u00a0de ensue\u00f1o Cabellos largos y cuidados son considerados desde siempre sin\u00f3nimo de belleza femenina. Esto no ha cambiado hasta ahora y seguir\u00e1 siendo con extensiones hairdreams. El sue\u00f1o de un cabello largo y perfecto es solo posible en ocasiones con mucho esfuerzo ya que los factores clim\u00e1ticos, el str\u00e9s, el [&hellip;]<\/p>\n","protected":false},"author":13,"featured_media":0,"parent":11572,"menu_order":0,"comment_status":"open","ping_status":"closed","template":"","meta":{"footnotes":""},"class_list":["post-11888","page","type-page","status-publish","hentry"],"translation":{"provider":"WPGlobus","version":"3.0.0","language":"fr","enabled_languages":["es","en","fr"],"languages":{"es":{"title":true,"content":true,"excerpt":false},"en":{"title":true,"content":true,"excerpt":false},"fr":{"title":true,"content":true,"excerpt":false}}},"yoast_head":"<!-- This site is optimized with the Yoast SEO plugin v23.5 - https:\/\/yoast.com\/wordpress\/plugins\/seo\/ -->\n<title>Hairdreams |Extensions de cheveux 100% naturelles | Sole Centro de Imagen<\/title>\n<meta name=\"robots\" content=\"index, follow, max-snippet:-1, max-image-preview:large, max-video-preview:-1\" \/>\n<link rel=\"canonical\" href=\"https:\/\/solecentrodeimagen.com\/en\/peluqueria\/extensiones-hairdreams\/\" \/>\n<meta property=\"og:locale\" content=\"fr_FR\" \/>\n<meta property=\"og:type\" content=\"article\" \/>\n<meta property=\"og:title\" content=\"Hairdreams |Extensions de cheveux 100% naturelles | Sole Centro de Imagen\" \/>\n<meta property=\"og:url\" content=\"https:\/\/solecentrodeimagen.com\/en\/peluqueria\/extensiones-hairdreams\/\" \/>\n<meta property=\"og:site_name\" content=\"Sole Centro de Imagen\" \/>\n<meta property=\"article:publisher\" content=\"http:\/\/www.facebook.com\/solecentrodeimagen\" \/>\n<meta property=\"article:modified_time\" content=\"2017-03-10T17:44:57+00:00\" \/>\n<meta property=\"og:image\" content=\"https:\/\/solecentrodeimagen.com\/wp-content\/uploads\/2015\/09\/hairdreamsimagepeq.jpg\" \/>\n<meta name=\"twitter:card\" content=\"summary_large_image\" \/>\n<meta name=\"twitter:label1\" content=\"Est. reading time\" \/>\n\t<meta name=\"twitter:data1\" content=\"9 minutes\" \/>\n<script type=\"application\/ld+json\" class=\"yoast-schema-graph\">{\"@context\":\"https:\/\/schema.org\",\"@graph\":[{\"@type\":\"WebPage\",\"@id\":\"https:\/\/solecentrodeimagen.com\/en\/peluqueria\/extensiones-hairdreams\/\",\"url\":\"https:\/\/solecentrodeimagen.com\/en\/peluqueria\/extensiones-hairdreams\/\",\"name\":\"Hairdreams |Extensions de cheveux 100% naturelles | Sole Centro de Imagen\",\"isPartOf\":{\"@id\":\"https:\/\/solecentrodeimagen.com\/#website\"},\"primaryImageOfPage\":{\"@id\":\"https:\/\/solecentrodeimagen.com\/en\/peluqueria\/extensiones-hairdreams\/#primaryimage\"},\"image\":{\"@id\":\"https:\/\/solecentrodeimagen.com\/en\/peluqueria\/extensiones-hairdreams\/#primaryimage\"},\"thumbnailUrl\":\"https:\/\/solecentrodeimagen.com\/wp-content\/uploads\/2015\/09\/hairdreamsimagepeq.jpg\",\"datePublished\":\"2015-09-01T16:07:43+00:00\",\"dateModified\":\"2017-03-10T17:44:57+00:00\",\"description\":\"Con Extensiones Hairdreams consigues resultados de manera r\u00e1pida y c\u00f3moda. Permiten cambiar la largura y espesor para crear cualquier tipo de peinado.\",\"breadcrumb\":{\"@id\":\"https:\/\/solecentrodeimagen.com\/en\/peluqueria\/extensiones-hairdreams\/#breadcrumb\"},\"inLanguage\":\"fr-FR\",\"potentialAction\":[{\"@type\":\"ReadAction\",\"target\":[\"https:\/\/solecentrodeimagen.com\/en\/peluqueria\/extensiones-hairdreams\/\"]}]},{\"@type\":\"ImageObject\",\"inLanguage\":\"fr-FR\",\"@id\":\"https:\/\/solecentrodeimagen.com\/en\/peluqueria\/extensiones-hairdreams\/#primaryimage\",\"url\":\"https:\/\/solecentrodeimagen.com\/wp-content\/uploads\/2015\/09\/hairdreamsimagepeq.jpg\",\"contentUrl\":\"https:\/\/solecentrodeimagen.com\/wp-content\/uploads\/2015\/09\/hairdreamsimagepeq.jpg\"},{\"@type\":\"BreadcrumbList\",\"@id\":\"https:\/\/solecentrodeimagen.com\/en\/peluqueria\/extensiones-hairdreams\/#breadcrumb\",\"itemListElement\":[{\"@type\":\"ListItem\",\"position\":1,\"name\":\"Home\",\"item\":\"https:\/\/solecentrodeimagen.com\/\"},{\"@type\":\"ListItem\",\"position\":2,\"name\":\"Tu peluquer\u00eda en Nerja\",\"item\":\"https:\/\/solecentrodeimagen.com\/en\/peluqueria\/\"},{\"@type\":\"ListItem\",\"position\":3,\"name\":\"Hairdreams | 100% natural hair extensions\"}]},{\"@type\":\"WebSite\",\"@id\":\"https:\/\/solecentrodeimagen.com\/#website\",\"url\":\"https:\/\/solecentrodeimagen.com\/\",\"name\":\"Sole Centro de Imagen\",\"description\":\"Centro Medicina Est\u00e9tica, Dermatolog\u00eda y Est\u00e9tica avanzada\",\"publisher\":{\"@id\":\"https:\/\/solecentrodeimagen.com\/#organization\"},\"potentialAction\":[{\"@type\":\"SearchAction\",\"target\":{\"@type\":\"EntryPoint\",\"urlTemplate\":\"https:\/\/solecentrodeimagen.com\/?s={search_term_string}\"},\"query-input\":{\"@type\":\"PropertyValueSpecification\",\"valueRequired\":true,\"valueName\":\"search_term_string\"}}],\"inLanguage\":\"fr-FR\"},{\"@type\":\"Organization\",\"@id\":\"https:\/\/solecentrodeimagen.com\/#organization\",\"name\":\"Sole Centro de Imagen Integral\",\"url\":\"https:\/\/solecentrodeimagen.com\/\",\"logo\":{\"@type\":\"ImageObject\",\"inLanguage\":\"fr-FR\",\"@id\":\"https:\/\/solecentrodeimagen.com\/#\/schema\/logo\/image\/\",\"url\":\"https:\/\/solecentrodeimagen.com\/wp-content\/uploads\/2016\/06\/logo-solecentromedico.png\",\"contentUrl\":\"https:\/\/solecentrodeimagen.com\/wp-content\/uploads\/2016\/06\/logo-solecentromedico.png\",\"width\":281,\"height\":96,\"caption\":\"Sole Centro de Imagen Integral\"},\"image\":{\"@id\":\"https:\/\/solecentrodeimagen.com\/#\/schema\/logo\/image\/\"},\"sameAs\":[\"http:\/\/www.facebook.com\/solecentrodeimagen\",\"http:\/\/www.instagram.com\/solecentrodeimagen\"]}]}<\/script>\n<!-- \/ Yoast SEO plugin. -->","yoast_head_json":{"title":"Hairdreams |Extensions de cheveux 100% naturelles | Sole Centro de Imagen","robots":{"index":"index","follow":"follow","max-snippet":"max-snippet:-1","max-image-preview":"max-image-preview:large","max-video-preview":"max-video-preview:-1"},"canonical":"https:\/\/solecentrodeimagen.com\/en\/peluqueria\/extensiones-hairdreams\/","og_locale":"fr_FR","og_type":"article","og_title":"Hairdreams |Extensions de cheveux 100% naturelles | Sole Centro de Imagen","og_url":"https:\/\/solecentrodeimagen.com\/en\/peluqueria\/extensiones-hairdreams\/","og_site_name":"Sole Centro de Imagen","article_publisher":"http:\/\/www.facebook.com\/solecentrodeimagen","article_modified_time":"2017-03-10T17:44:57+00:00","og_image":[{"url":"https:\/\/solecentrodeimagen.com\/wp-content\/uploads\/2015\/09\/hairdreamsimagepeq.jpg"}],"twitter_card":"summary_large_image","twitter_misc":{"Est. reading time":"9 minutes"},"schema":{"@context":"https:\/\/schema.org","@graph":[{"@type":"WebPage","@id":"https:\/\/solecentrodeimagen.com\/en\/peluqueria\/extensiones-hairdreams\/","url":"https:\/\/solecentrodeimagen.com\/en\/peluqueria\/extensiones-hairdreams\/","name":"Hairdreams |Extensions de cheveux 100% naturelles | Sole Centro de Imagen","isPartOf":{"@id":"https:\/\/solecentrodeimagen.com\/#website"},"primaryImageOfPage":{"@id":"https:\/\/solecentrodeimagen.com\/en\/peluqueria\/extensiones-hairdreams\/#primaryimage"},"image":{"@id":"https:\/\/solecentrodeimagen.com\/en\/peluqueria\/extensiones-hairdreams\/#primaryimage"},"thumbnailUrl":"https:\/\/solecentrodeimagen.com\/wp-content\/uploads\/2015\/09\/hairdreamsimagepeq.jpg","datePublished":"2015-09-01T16:07:43+00:00","dateModified":"2017-03-10T17:44:57+00:00","description":"Con Extensiones Hairdreams consigues resultados de manera r\u00e1pida y c\u00f3moda. Permiten cambiar la largura y espesor para crear cualquier tipo de peinado.","breadcrumb":{"@id":"https:\/\/solecentrodeimagen.com\/en\/peluqueria\/extensiones-hairdreams\/#breadcrumb"},"inLanguage":"fr-FR","potentialAction":[{"@type":"ReadAction","target":["https:\/\/solecentrodeimagen.com\/en\/peluqueria\/extensiones-hairdreams\/"]}]},{"@type":"ImageObject","inLanguage":"fr-FR","@id":"https:\/\/solecentrodeimagen.com\/en\/peluqueria\/extensiones-hairdreams\/#primaryimage","url":"https:\/\/solecentrodeimagen.com\/wp-content\/uploads\/2015\/09\/hairdreamsimagepeq.jpg","contentUrl":"https:\/\/solecentrodeimagen.com\/wp-content\/uploads\/2015\/09\/hairdreamsimagepeq.jpg"},{"@type":"BreadcrumbList","@id":"https:\/\/solecentrodeimagen.com\/en\/peluqueria\/extensiones-hairdreams\/#breadcrumb","itemListElement":[{"@type":"ListItem","position":1,"name":"Home","item":"https:\/\/solecentrodeimagen.com\/"},{"@type":"ListItem","position":2,"name":"Tu peluquer\u00eda en Nerja","item":"https:\/\/solecentrodeimagen.com\/en\/peluqueria\/"},{"@type":"ListItem","position":3,"name":"Hairdreams | 100% natural hair extensions"}]},{"@type":"WebSite","@id":"https:\/\/solecentrodeimagen.com\/#website","url":"https:\/\/solecentrodeimagen.com\/","name":"Sole Centro de Imagen","description":"Centro Medicina Est\u00e9tica, Dermatolog\u00eda y Est\u00e9tica avanzada","publisher":{"@id":"https:\/\/solecentrodeimagen.com\/#organization"},"potentialAction":[{"@type":"SearchAction","target":{"@type":"EntryPoint","urlTemplate":"https:\/\/solecentrodeimagen.com\/?s={search_term_string}"},"query-input":{"@type":"PropertyValueSpecification","valueRequired":true,"valueName":"search_term_string"}}],"inLanguage":"fr-FR"},{"@type":"Organization","@id":"https:\/\/solecentrodeimagen.com\/#organization","name":"Sole Centro de Imagen Integral","url":"https:\/\/solecentrodeimagen.com\/","logo":{"@type":"ImageObject","inLanguage":"fr-FR","@id":"https:\/\/solecentrodeimagen.com\/#\/schema\/logo\/image\/","url":"https:\/\/solecentrodeimagen.com\/wp-content\/uploads\/2016\/06\/logo-solecentromedico.png","contentUrl":"https:\/\/solecentrodeimagen.com\/wp-content\/uploads\/2016\/06\/logo-solecentromedico.png","width":281,"height":96,"caption":"Sole Centro de Imagen Integral"},"image":{"@id":"https:\/\/solecentrodeimagen.com\/#\/schema\/logo\/image\/"},"sameAs":["http:\/\/www.facebook.com\/solecentrodeimagen","http:\/\/www.instagram.com\/solecentrodeimagen"]}]}},"_links":{"self":[{"href":"https:\/\/solecentrodeimagen.com\/fr\/wp-json\/wp\/v2\/pages\/11888"}],"collection":[{"href":"https:\/\/solecentrodeimagen.com\/fr\/wp-json\/wp\/v2\/pages"}],"about":[{"href":"https:\/\/solecentrodeimagen.com\/fr\/wp-json\/wp\/v2\/types\/page"}],"author":[{"embeddable":true,"href":"https:\/\/solecentrodeimagen.com\/fr\/wp-json\/wp\/v2\/users\/13"}],"replies":[{"embeddable":true,"href":"https:\/\/solecentrodeimagen.com\/fr\/wp-json\/wp\/v2\/comments?post=11888"}],"version-history":[{"count":0,"href":"https:\/\/solecentrodeimagen.com\/fr\/wp-json\/wp\/v2\/pages\/11888\/revisions"}],"up":[{"embeddable":true,"href":"https:\/\/solecentrodeimagen.com\/fr\/wp-json\/wp\/v2\/pages\/11572"}],"wp:attachment":[{"href":"https:\/\/solecentrodeimagen.com\/fr\/wp-json\/wp\/v2\/media?parent=11888"}],"curies":[{"name":"wp","href":"https:\/\/api.w.org\/{rel}","templated":true}]}}