{"id":14652,"date":"2016-08-08T23:02:17","date_gmt":"2016-08-08T21:02:17","guid":{"rendered":"https:\/\/solecentrodeimagen.com\/?page_id=14652"},"modified":"2024-09-26T12:23:52","modified_gmt":"2024-09-26T10:23:52","slug":"diagnostico-de-la-piel","status":"publish","type":"page","link":"https:\/\/solecentrodeimagen.com\/fr\/estetica\/tipos-de-tratamientos-faciales\/diagnostico-de-la-piel\/","title":{"rendered":"Diagn\u00f3stico de la piel"},"content":{"rendered":"<div class=\"ce_text block\">\n<h3>Soft Plus: la mesure de la sant\u00e9, du bien-\u00eatre et de la beaut\u00e9 de la peau.<\/h3>\n<figure class=\"image_container float_right\"><img decoding=\"async\" class=\"alignright\" src=\"http:\/\/www.callegari1930.com\/system\/html\/Soft_Plus_Viola_Analisi_Pelle-61d2e01b.jpg\" alt=\"\" width=\"300\" height=\"200\" \/><\/figure>\n<p>Le premier syst\u00e8me professionnel pour l\u2019analyse:<\/p>\n<ul>\n<li>de la peau<\/li>\n<li>de la cellulite<\/li>\n<li>des cheveux<\/li>\n<\/ul>\n<\/div>\n<div class=\"ce_text block\">\n<h3>Les innovations:<\/h3>\n<ol>\n<li>Analyse scientifique et objective de la peau, effectu\u00e9e par des sondes<\/li>\n<li>Analyse digitale de la peau effectu\u00e9e avec la micro-cam\u00e9ra<\/li>\n<li>Conseils produits cosm\u00e9tiques personnalis\u00e9s<\/li>\n<li>Seul syst\u00e8me \u00ab\u00a0stand-alone\u00a0\u00bb avec un ordinateur int\u00e9gr\u00e9<\/li>\n<\/ol>\n<p>Analyse compl\u00e8te de la peau \u2013 Evaluation scientifique et objective de la peau, effectu\u00e9e avec des sondes.<\/p>\n<\/div>\n<div class=\"ce_text block\">\n<h3>Tests individuels:<\/h3>\n<ul>\n<li>Hydratation<\/li>\n<li>Elasticit\u00e9<\/li>\n<li>Sebum<\/li>\n<li>pH<\/li>\n<li>M\u00e9lanine<\/li>\n<li>Temp\u00e9rature<\/li>\n<li>Phototype<\/li>\n<li>Age biologique de la peau<\/li>\n<\/ul>\n<\/div>\n<div class=\"ce_text block\">\n<h3>Les programmes d\u00e9taill\u00e9s pour les diff\u00e9rentes zones corporelles:<\/h3>\n<ul>\n<li>Visage<\/li>\n<li>Anti-Aging<\/li>\n<li>Tol\u00e9rance solaire<\/li>\n<li>Peau sensible<\/li>\n<li>Blanchiment<\/li>\n<li>Laser (analyse de pr\u00e9traitement)<\/li>\n<li>Mains<\/li>\n<li>Cuir chevelu<\/li>\n<\/ul>\n<\/div>\n<div class=\"ce_text block\">\n<h3>Analyse de la cellulite et de la r\u00e9tention de l\u2019eau<\/h3>\n<p>Id\u00e9al pour le conseil de traitements et de produits.<\/p>\n<\/div>\n<div class=\"ce_text block\">\n<h3>Micro-cam\u00e9ra: \u00e9valuation visuelle de la peau<\/h3>\n<ul>\n<li>Rides<\/li>\n<li>Pigmentation<\/li>\n<li>K\u00e9ratine<\/li>\n<li>Capillaires<\/li>\n<li>Pores<\/li>\n<li>Acne<\/li>\n<li>Densit\u00e9 des cheveux<\/li>\n<li>Diam\u00e8tre de la tige du cheveu<\/li>\n<li>Pellicules<\/li>\n<\/ul>\n<p>[\/fusion_text]<div class=\"fusion-sep-clear\"><\/div><div class=\"fusion-separator fusion-full-width-sep\" style=\"margin-left: auto;margin-right: auto;margin-top:20px;width:100%;\"><\/div><div class=\"fusion-sep-clear\"><\/div><div class=\"fusion-sharing-box fusion-sharing-box-1 has-taglines layout-floated layout-medium-floated layout-small-floated\" style=\"background-color:#f7f7f7;--awb-layout:row;--awb-alignment-small:space-between;\" data-title=\"Diagn\u00f3stico de la piel\" data-description=\"Diagnostico de la piel con Callegari soft plus \r\n\u00bfTe gustaria saber el estado de tu piel? \u00bfNo sabes que crema te va bien? \u00bfNunca aciertas con el tratamiento\u00a0adecuado? \u00a0Con nuestro diagnostico de la piel\u00a0ahora es posible en Sole Centro de Imagen Integral. \u00a1Y GRATIS!\r\n\r\n\r\nDiagnostico\" data-link=\"https:\/\/solecentrodeimagen.com\/fr\/estetica\/tipos-de-tratamientos-faciales\/diagnostico-de-la-piel\/\"><h4 class=\"tagline\" style=\"color:#333333;\">Aimez-vous cette page? Partagez-la avec vos amis!<\/h4><div class=\"fusion-social-networks sharingbox-shortcode-icon-wrapper sharingbox-shortcode-icon-wrapper-1\"><span><a href=\"https:\/\/www.facebook.com\/sharer.php?u=https%3A%2F%2Fsolecentrodeimagen.com%2Ffr%2Festetica%2Ftipos-de-tratamientos-faciales%2Fdiagnostico-de-la-piel%2F&amp;t=Diagn%C3%B3stico%20de%20la%20piel\" target=\"_blank\" rel=\"noreferrer nofollow\" title=\"Facebook\" aria-label=\"Facebook\" data-placement=\"top\" data-toggle=\"tooltip\" data-title=\"Facebook\"><i class=\"fusion-social-network-icon fusion-tooltip fusion-facebook awb-icon-facebook\" style=\"color:#000000;\" aria-hidden=\"true\"><\/i><\/a><\/span><span><a href=\"https:\/\/x.com\/share?text=Diagn%C3%B3stico%20de%20la%20piel&amp;url=https%3A%2F%2Fsolecentrodeimagen.com%2Ffr%2Festetica%2Ftipos-de-tratamientos-faciales%2Fdiagnostico-de-la-piel%2F\" target=\"_blank\" rel=\"noopener noreferrer nofollow\" title=\"X\" aria-label=\"X\" data-placement=\"top\" data-toggle=\"tooltip\" data-title=\"X\"><i class=\"fusion-social-network-icon fusion-tooltip fusion-twitter awb-icon-twitter\" style=\"color:#000000;\" aria-hidden=\"true\"><\/i><\/a><\/span><span><a href=\"mailto:?subject=Diagn%C3%B3stico%20de%20la%20piel&amp;body=https%3A%2F%2Fsolecentrodeimagen.com%2Ffr%2Festetica%2Ftipos-de-tratamientos-faciales%2Fdiagnostico-de-la-piel%2F\" target=\"_self\" rel=\"nofollow\" title=\"Email\" aria-label=\"Email\" data-placement=\"top\" data-toggle=\"tooltip\" data-title=\"Email\"><i class=\"fusion-social-network-icon fusion-tooltip fusion-mail awb-icon-mail\" style=\"color:#000000;\" aria-hidden=\"true\"><\/i><\/a><\/span><\/div><\/div><div class=\"fusion-sep-clear\"><\/div><div class=\"fusion-separator fusion-has-icon fusion-full-width-sep\" style=\"margin-left: auto;margin-right: auto;width:100%;\"><div class=\"fusion-separator-border sep-shadow\" style=\"--awb-height:20px;--awb-amount:20px;background:radial-gradient(ellipse at 50% -50% , #e0dede 0px, rgba(255, 255, 255, 0) 80%) repeat scroll 0 0 rgba(0, 0, 0, 0);background:-webkit-radial-gradient(ellipse at 50% -50% , #e0dede 0px, rgba(255, 255, 255, 0) 80%) repeat scroll 0 0 rgba(0, 0, 0, 0);background:-moz-radial-gradient(ellipse at 50% -50% , #e0dede 0px, rgba(255, 255, 255, 0) 80%) repeat scroll 0 0 rgba(0, 0, 0, 0);background:-o-radial-gradient(ellipse at 50% -50% , #e0dede 0px, rgba(255, 255, 255, 0) 80%) repeat scroll 0 0 rgba(0, 0, 0, 0);\"><\/div><span class=\"icon-wrapper\" style=\"border-color:#e0dede;background-color:rgba(255,255,255,0);font-size:13px;width: 1.75em; height: 1.75em;border-width:1px;padding:1px;\"><i class=\" fa fa-comments\" style=\"font-size: inherit;color:#e0dede;\" aria-hidden=\"true\"><\/i><\/span><div class=\"fusion-separator-border sep-shadow\" style=\"--awb-height:20px;--awb-amount:20px;background:radial-gradient(ellipse at 50% -50% , #e0dede 0px, rgba(255, 255, 255, 0) 80%) repeat scroll 0 0 rgba(0, 0, 0, 0);background:-webkit-radial-gradient(ellipse at 50% -50% , #e0dede 0px, rgba(255, 255, 255, 0) 80%) repeat scroll 0 0 rgba(0, 0, 0, 0);background:-moz-radial-gradient(ellipse at 50% -50% , #e0dede 0px, rgba(255, 255, 255, 0) 80%) repeat scroll 0 0 rgba(0, 0, 0, 0);background:-o-radial-gradient(ellipse at 50% -50% , #e0dede 0px, rgba(255, 255, 255, 0) 80%) repeat scroll 0 0 rgba(0, 0, 0, 0);\"><\/div><\/div><div class=\"fusion-sep-clear\"><\/div><div class=\"fusion-text fusion-text-1\"><\/div><\/p>\n<\/div>\n","protected":false},"excerpt":{"rendered":"","protected":false},"author":13,"featured_media":17961,"parent":11604,"menu_order":0,"comment_status":"open","ping_status":"closed","template":"","meta":{"footnotes":""},"class_list":["post-14652","page","type-page","status-publish","has-post-thumbnail","hentry"],"translation":{"provider":"WPGlobus","version":"3.0.0","language":"fr","enabled_languages":["es","en","fr"],"languages":{"es":{"title":true,"content":false,"excerpt":false},"en":{"title":false,"content":true,"excerpt":false},"fr":{"title":false,"content":true,"excerpt":false}}},"yoast_head":"<!-- This site is optimized with the Yoast SEO plugin v23.5 - https:\/\/yoast.com\/wordpress\/plugins\/seo\/ -->\n<title>Diagn\u00f3stico de la piel | Sole Centro de Imagen<\/title>\n<meta name=\"robots\" content=\"index, follow, max-snippet:-1, max-image-preview:large, max-video-preview:-1\" \/>\n<link rel=\"canonical\" href=\"https:\/\/solecentrodeimagen.com\/estetica\/tipos-de-tratamientos-faciales\/diagnostico-de-la-piel\/\" \/>\n<meta property=\"og:locale\" content=\"fr_FR\" \/>\n<meta property=\"og:type\" content=\"article\" \/>\n<meta property=\"og:title\" content=\"Diagn\u00f3stico de la piel | Sole Centro de Imagen\" \/>\n<meta property=\"og:url\" content=\"https:\/\/solecentrodeimagen.com\/estetica\/tipos-de-tratamientos-faciales\/diagnostico-de-la-piel\/\" \/>\n<meta property=\"og:site_name\" content=\"Sole Centro de Imagen\" \/>\n<meta property=\"article:publisher\" content=\"http:\/\/www.facebook.com\/solecentrodeimagen\" \/>\n<meta property=\"article:modified_time\" content=\"2024-09-26T10:23:52+00:00\" \/>\n<meta property=\"og:image\" content=\"https:\/\/solecentrodeimagen.com\/wp-content\/uploads\/2016\/01\/SOFTPLUS-2.jpg\" \/>\n\t<meta property=\"og:image:width\" content=\"999\" \/>\n\t<meta property=\"og:image:height\" content=\"425\" \/>\n\t<meta property=\"og:image:type\" content=\"image\/jpeg\" \/>\n<meta name=\"twitter:card\" content=\"summary_large_image\" \/>\n<meta name=\"twitter:label1\" content=\"Est. reading time\" \/>\n\t<meta name=\"twitter:data1\" content=\"3 minutes\" \/>\n<script type=\"application\/ld+json\" class=\"yoast-schema-graph\">{\"@context\":\"https:\/\/schema.org\",\"@graph\":[{\"@type\":\"WebPage\",\"@id\":\"https:\/\/solecentrodeimagen.com\/estetica\/tipos-de-tratamientos-faciales\/diagnostico-de-la-piel\/\",\"url\":\"https:\/\/solecentrodeimagen.com\/estetica\/tipos-de-tratamientos-faciales\/diagnostico-de-la-piel\/\",\"name\":\"Diagn\u00f3stico de la piel | Sole Centro de Imagen\",\"isPartOf\":{\"@id\":\"https:\/\/solecentrodeimagen.com\/#website\"},\"primaryImageOfPage\":{\"@id\":\"https:\/\/solecentrodeimagen.com\/estetica\/tipos-de-tratamientos-faciales\/diagnostico-de-la-piel\/#primaryimage\"},\"image\":{\"@id\":\"https:\/\/solecentrodeimagen.com\/estetica\/tipos-de-tratamientos-faciales\/diagnostico-de-la-piel\/#primaryimage\"},\"thumbnailUrl\":\"https:\/\/solecentrodeimagen.com\/wp-content\/uploads\/2016\/01\/SOFTPLUS-2.jpg\",\"datePublished\":\"2016-08-08T21:02:17+00:00\",\"dateModified\":\"2024-09-26T10:23:52+00:00\",\"description\":\"\u00bfTe gustaria saber el estado de tu piel? \u00bfNo sabes que crema te va bien? Desc\u00fabrelo con nuestra m\u00e1quina de diagnostico de la piel. Cons\u00faltanos!\",\"breadcrumb\":{\"@id\":\"https:\/\/solecentrodeimagen.com\/estetica\/tipos-de-tratamientos-faciales\/diagnostico-de-la-piel\/#breadcrumb\"},\"inLanguage\":\"fr-FR\",\"potentialAction\":[{\"@type\":\"ReadAction\",\"target\":[\"https:\/\/solecentrodeimagen.com\/estetica\/tipos-de-tratamientos-faciales\/diagnostico-de-la-piel\/\"]}]},{\"@type\":\"ImageObject\",\"inLanguage\":\"fr-FR\",\"@id\":\"https:\/\/solecentrodeimagen.com\/estetica\/tipos-de-tratamientos-faciales\/diagnostico-de-la-piel\/#primaryimage\",\"url\":\"https:\/\/solecentrodeimagen.com\/wp-content\/uploads\/2016\/01\/SOFTPLUS-2.jpg\",\"contentUrl\":\"https:\/\/solecentrodeimagen.com\/wp-content\/uploads\/2016\/01\/SOFTPLUS-2.jpg\",\"width\":999,\"height\":425,\"caption\":\"diagnostico de la piel\"},{\"@type\":\"BreadcrumbList\",\"@id\":\"https:\/\/solecentrodeimagen.com\/estetica\/tipos-de-tratamientos-faciales\/diagnostico-de-la-piel\/#breadcrumb\",\"itemListElement\":[{\"@type\":\"ListItem\",\"position\":1,\"name\":\"Home\",\"item\":\"https:\/\/solecentrodeimagen.com\/\"},{\"@type\":\"ListItem\",\"position\":2,\"name\":\"Est\u00e9tica\",\"item\":\"https:\/\/solecentrodeimagen.com\/estetica\/\"},{\"@type\":\"ListItem\",\"position\":3,\"name\":\"Los diferentes tipos de Tratamientos Faciales\",\"item\":\"https:\/\/solecentrodeimagen.com\/estetica\/tipos-de-tratamientos-faciales\/\"},{\"@type\":\"ListItem\",\"position\":4,\"name\":\"Diagn\u00f3stico de la piel\"}]},{\"@type\":\"WebSite\",\"@id\":\"https:\/\/solecentrodeimagen.com\/#website\",\"url\":\"https:\/\/solecentrodeimagen.com\/\",\"name\":\"Sole Centro de Imagen\",\"description\":\"Centro Medicina Est\u00e9tica, Dermatolog\u00eda y Est\u00e9tica avanzada\",\"publisher\":{\"@id\":\"https:\/\/solecentrodeimagen.com\/#organization\"},\"potentialAction\":[{\"@type\":\"SearchAction\",\"target\":{\"@type\":\"EntryPoint\",\"urlTemplate\":\"https:\/\/solecentrodeimagen.com\/?s={search_term_string}\"},\"query-input\":{\"@type\":\"PropertyValueSpecification\",\"valueRequired\":true,\"valueName\":\"search_term_string\"}}],\"inLanguage\":\"fr-FR\"},{\"@type\":\"Organization\",\"@id\":\"https:\/\/solecentrodeimagen.com\/#organization\",\"name\":\"Sole Centro de Imagen Integral\",\"url\":\"https:\/\/solecentrodeimagen.com\/\",\"logo\":{\"@type\":\"ImageObject\",\"inLanguage\":\"fr-FR\",\"@id\":\"https:\/\/solecentrodeimagen.com\/#\/schema\/logo\/image\/\",\"url\":\"https:\/\/solecentrodeimagen.com\/wp-content\/uploads\/2016\/06\/logo-solecentromedico.png\",\"contentUrl\":\"https:\/\/solecentrodeimagen.com\/wp-content\/uploads\/2016\/06\/logo-solecentromedico.png\",\"width\":281,\"height\":96,\"caption\":\"Sole Centro de Imagen Integral\"},\"image\":{\"@id\":\"https:\/\/solecentrodeimagen.com\/#\/schema\/logo\/image\/\"},\"sameAs\":[\"http:\/\/www.facebook.com\/solecentrodeimagen\",\"http:\/\/www.instagram.com\/solecentrodeimagen\"]}]}<\/script>\n<!-- \/ Yoast SEO plugin. -->","yoast_head_json":{"title":"Diagn\u00f3stico de la piel | Sole Centro de Imagen","robots":{"index":"index","follow":"follow","max-snippet":"max-snippet:-1","max-image-preview":"max-image-preview:large","max-video-preview":"max-video-preview:-1"},"canonical":"https:\/\/solecentrodeimagen.com\/estetica\/tipos-de-tratamientos-faciales\/diagnostico-de-la-piel\/","og_locale":"fr_FR","og_type":"article","og_title":"Diagn\u00f3stico de la piel | Sole Centro de Imagen","og_url":"https:\/\/solecentrodeimagen.com\/estetica\/tipos-de-tratamientos-faciales\/diagnostico-de-la-piel\/","og_site_name":"Sole Centro de Imagen","article_publisher":"http:\/\/www.facebook.com\/solecentrodeimagen","article_modified_time":"2024-09-26T10:23:52+00:00","og_image":[{"width":999,"height":425,"url":"https:\/\/solecentrodeimagen.com\/wp-content\/uploads\/2016\/01\/SOFTPLUS-2.jpg","type":"image\/jpeg"}],"twitter_card":"summary_large_image","twitter_misc":{"Est. reading time":"3 minutes"},"schema":{"@context":"https:\/\/schema.org","@graph":[{"@type":"WebPage","@id":"https:\/\/solecentrodeimagen.com\/estetica\/tipos-de-tratamientos-faciales\/diagnostico-de-la-piel\/","url":"https:\/\/solecentrodeimagen.com\/estetica\/tipos-de-tratamientos-faciales\/diagnostico-de-la-piel\/","name":"Diagn\u00f3stico de la piel | Sole Centro de Imagen","isPartOf":{"@id":"https:\/\/solecentrodeimagen.com\/#website"},"primaryImageOfPage":{"@id":"https:\/\/solecentrodeimagen.com\/estetica\/tipos-de-tratamientos-faciales\/diagnostico-de-la-piel\/#primaryimage"},"image":{"@id":"https:\/\/solecentrodeimagen.com\/estetica\/tipos-de-tratamientos-faciales\/diagnostico-de-la-piel\/#primaryimage"},"thumbnailUrl":"https:\/\/solecentrodeimagen.com\/wp-content\/uploads\/2016\/01\/SOFTPLUS-2.jpg","datePublished":"2016-08-08T21:02:17+00:00","dateModified":"2024-09-26T10:23:52+00:00","description":"\u00bfTe gustaria saber el estado de tu piel? \u00bfNo sabes que crema te va bien? Desc\u00fabrelo con nuestra m\u00e1quina de diagnostico de la piel. Cons\u00faltanos!","breadcrumb":{"@id":"https:\/\/solecentrodeimagen.com\/estetica\/tipos-de-tratamientos-faciales\/diagnostico-de-la-piel\/#breadcrumb"},"inLanguage":"fr-FR","potentialAction":[{"@type":"ReadAction","target":["https:\/\/solecentrodeimagen.com\/estetica\/tipos-de-tratamientos-faciales\/diagnostico-de-la-piel\/"]}]},{"@type":"ImageObject","inLanguage":"fr-FR","@id":"https:\/\/solecentrodeimagen.com\/estetica\/tipos-de-tratamientos-faciales\/diagnostico-de-la-piel\/#primaryimage","url":"https:\/\/solecentrodeimagen.com\/wp-content\/uploads\/2016\/01\/SOFTPLUS-2.jpg","contentUrl":"https:\/\/solecentrodeimagen.com\/wp-content\/uploads\/2016\/01\/SOFTPLUS-2.jpg","width":999,"height":425,"caption":"diagnostico de la piel"},{"@type":"BreadcrumbList","@id":"https:\/\/solecentrodeimagen.com\/estetica\/tipos-de-tratamientos-faciales\/diagnostico-de-la-piel\/#breadcrumb","itemListElement":[{"@type":"ListItem","position":1,"name":"Home","item":"https:\/\/solecentrodeimagen.com\/"},{"@type":"ListItem","position":2,"name":"Est\u00e9tica","item":"https:\/\/solecentrodeimagen.com\/estetica\/"},{"@type":"ListItem","position":3,"name":"Los diferentes tipos de Tratamientos Faciales","item":"https:\/\/solecentrodeimagen.com\/estetica\/tipos-de-tratamientos-faciales\/"},{"@type":"ListItem","position":4,"name":"Diagn\u00f3stico de la piel"}]},{"@type":"WebSite","@id":"https:\/\/solecentrodeimagen.com\/#website","url":"https:\/\/solecentrodeimagen.com\/","name":"Sole Centro de Imagen","description":"Centro Medicina Est\u00e9tica, Dermatolog\u00eda y Est\u00e9tica avanzada","publisher":{"@id":"https:\/\/solecentrodeimagen.com\/#organization"},"potentialAction":[{"@type":"SearchAction","target":{"@type":"EntryPoint","urlTemplate":"https:\/\/solecentrodeimagen.com\/?s={search_term_string}"},"query-input":{"@type":"PropertyValueSpecification","valueRequired":true,"valueName":"search_term_string"}}],"inLanguage":"fr-FR"},{"@type":"Organization","@id":"https:\/\/solecentrodeimagen.com\/#organization","name":"Sole Centro de Imagen Integral","url":"https:\/\/solecentrodeimagen.com\/","logo":{"@type":"ImageObject","inLanguage":"fr-FR","@id":"https:\/\/solecentrodeimagen.com\/#\/schema\/logo\/image\/","url":"https:\/\/solecentrodeimagen.com\/wp-content\/uploads\/2016\/06\/logo-solecentromedico.png","contentUrl":"https:\/\/solecentrodeimagen.com\/wp-content\/uploads\/2016\/06\/logo-solecentromedico.png","width":281,"height":96,"caption":"Sole Centro de Imagen Integral"},"image":{"@id":"https:\/\/solecentrodeimagen.com\/#\/schema\/logo\/image\/"},"sameAs":["http:\/\/www.facebook.com\/solecentrodeimagen","http:\/\/www.instagram.com\/solecentrodeimagen"]}]}},"_links":{"self":[{"href":"https:\/\/solecentrodeimagen.com\/fr\/wp-json\/wp\/v2\/pages\/14652"}],"collection":[{"href":"https:\/\/solecentrodeimagen.com\/fr\/wp-json\/wp\/v2\/pages"}],"about":[{"href":"https:\/\/solecentrodeimagen.com\/fr\/wp-json\/wp\/v2\/types\/page"}],"author":[{"embeddable":true,"href":"https:\/\/solecentrodeimagen.com\/fr\/wp-json\/wp\/v2\/users\/13"}],"replies":[{"embeddable":true,"href":"https:\/\/solecentrodeimagen.com\/fr\/wp-json\/wp\/v2\/comments?post=14652"}],"version-history":[{"count":1,"href":"https:\/\/solecentrodeimagen.com\/fr\/wp-json\/wp\/v2\/pages\/14652\/revisions"}],"predecessor-version":[{"id":22504,"href":"https:\/\/solecentrodeimagen.com\/fr\/wp-json\/wp\/v2\/pages\/14652\/revisions\/22504"}],"up":[{"embeddable":true,"href":"https:\/\/solecentrodeimagen.com\/fr\/wp-json\/wp\/v2\/pages\/11604"}],"wp:featuredmedia":[{"embeddable":true,"href":"https:\/\/solecentrodeimagen.com\/fr\/wp-json\/wp\/v2\/media\/17961"}],"wp:attachment":[{"href":"https:\/\/solecentrodeimagen.com\/fr\/wp-json\/wp\/v2\/media?parent=14652"}],"curies":[{"name":"wp","href":"https:\/\/api.w.org\/{rel}","templated":true}]}}