{"id":14693,"date":"2016-01-28T10:51:42","date_gmt":"2016-01-28T09:51:42","guid":{"rendered":"https:\/\/solecentrodeimagen.com\/?page_id=14693"},"modified":"2017-03-10T18:44:55","modified_gmt":"2017-03-10T17:44:55","slug":"shellac","status":"publish","type":"page","link":"https:\/\/solecentrodeimagen.com\/fr\/estetica\/manicura\/shellac\/","title":{"rendered":"Shellac"},"content":{"rendered":"<div class=\"fusion-fullwidth fullwidth-box fusion-builder-row-1 hundred-percent-fullwidth non-hundred-percent-height-scrolling\" style=\"--awb-border-radius-top-left:0px;--awb-border-radius-top-right:0px;--awb-border-radius-bottom-right:0px;--awb-border-radius-bottom-left:0px;--awb-overflow:visible;--awb-flex-wrap:wrap;\" ><div class=\"fusion-builder-row fusion-row\"><div class=\"fusion-layout-column fusion_builder_column fusion-builder-column-0 fusion_builder_column_1_1 1_1 fusion-one-full fusion-column-first fusion-column-last fusion-column-no-min-height\" style=\"--awb-bg-size:cover;--awb-margin-bottom:0px;\"><div class=\"fusion-column-wrapper fusion-flex-column-wrapper-legacy\"><div class=\"fusion-title title fusion-title-1 fusion-sep-none fusion-title-text fusion-title-size-two\" style=\"--awb-margin-bottom:25px;\"><h2 class=\"fusion-title-heading title-heading-left fusion-responsive-typography-calculated\" style=\"margin:0;--fontSize:26;--minFontSize:26;line-height:1.73;\">\u00bfQu\u00e9 es shellac?<\/h2><\/div>\n<p style=\"text-align: justify;\" data-fontsize=\"18\" data-lineheight=\"27\"><strong>Shellac<\/strong> es un innovador esmalte de larga duraci\u00f3n que se seca en apenas 2 minutos y nos deja <strong>hasta 3 semanas de brillo impecable para nuestras u\u00f1as<\/strong>. Este tratamiento incluye la manicura tradicional previa: limar las u\u00f1as para dar forma, tratar la cut\u00edcula y el esmaltado final con Shellac del color de tu preferencia. Shellac tiene una gama variada de colores que incluso se pueden combinar para conseguir tonos personalizados y a\u00fan m\u00e1s originales. \u2028Si no dispones del tiempo necesario para hacerte una manicura cada semana, o si no quieres esperar a que se seque el esmalte; Shellac es tu soluci\u00f3n ideal: el secado es instant\u00e1neo, tiene una durabilidad comprobada de tres semanas, pero ah\u00ed no se acaban las ventajas de este tratamiento: \u2013 El esmalte puede retirarse en unos minutos y sin limar. \u2013 Protege la u\u00f1a natural al no contener toluenos, formaldeh\u00eddos ni resinas de formaldeh\u00eddo; y la fortalece sin da\u00f1arla por no contener tampoco gel ni porcelana. \u2013 Nunca es necesario limar la base de la u\u00f1a, ni en la preparaci\u00f3n ni en la eliminaci\u00f3n del esmalte. Para asegurar la durabilidad y el resultado del esmaltado Shellac, siempre recomendamos una manicura normal o una Manicura Spa previa al esmaltado.<\/p>\n<h2 data-fontsize=\"18\" data-lineheight=\"27\">La revoluci\u00f3n de Shellac:<\/h2>\n<p>1. Se aplica como un esmalte.<br \/>\n2. Dura como un gel.<br \/>\n3. Se quita en minutos sin limar.<br \/>\n4. 14 d\u00edas de brillo impecable.<br \/>\n5. Protege la u\u00f1a natural.<br \/>\n6. Se cura en l\u00e1mpara UV sin tiempo de secado.<\/p>\n<p>Olv\u00eddate del engorro de maquillar tus u\u00f1as y esperar a que el esmalte seque para que al m\u00ednimo roce se estropeen. Si te gusta tener unas u\u00f1as perfectas esta es tu soluci\u00f3n. El acabado espejo del esmalte permanente te permite lucir tus u\u00f1as con un color y brillo como el primer d\u00eda durante un m\u00ednimo de dos semanas.<\/p>\n<h2 style=\"text-align: justify;\" data-fontsize=\"18\" data-lineheight=\"27\">\u00bfPara qui\u00e9n est\u00e1 indicado?<\/h2>\n<p style=\"text-align: justify;\">El esmalte permanente est\u00e1 recomendado para aquellas personas que quieren un color y brillo duradero. Para quienes no tienen tiempo para hacerse la manicura o pedicura frecuentemente o para quienes tienen problemas con la duraci\u00f3n de su esmalte.<\/p>\n<h2 style=\"text-align: justify;\" data-fontsize=\"18\" data-lineheight=\"27\">\u00bfQu\u00e9 deber\u00edas saber si est\u00e1s pensando hacerte el esmalte permanente?<\/h2>\n<p style=\"text-align: justify;\">Si quieres conseguir el mismo efecto aunque menos duradero, una manicura o pedicura con esmaltado convencional puede llegar a durar hasta siete d\u00edas.<\/p>\n<p style=\"text-align: justify;\">Preg\u00fantanos acerca del aceite para u\u00f1as y cut\u00edculas. Este producto, aplicado regularmente, nutre la u\u00f1a desde la base haciendo que tanto la cut\u00edcula como la u\u00f1a permanezcan sanas e hidratas.<\/p>\n<p style=\"text-align: justify;\">Un truco: puedes aplicar un esmalte normal encima del permanente y despu\u00e9s <strong>retirarlo con un quitaesmalte sin acetona<\/strong>. Cuando lo retires tus u\u00f1as seguiran impecables y con todo su brillo. As\u00ed puedes hacerte la manicura francesa con Shellac y pint\u00e1rtelas de otro color para alg\u00fan evento. Cuando retires el esmalte, tu manicura francesa seguir\u00e1 intacta.<\/p>\n<div class=\"fusion-sep-clear\"><\/div><div class=\"fusion-separator fusion-full-width-sep\" style=\"margin-left: auto;margin-right: auto;margin-top:20px;width:100%;\"><\/div><div class=\"fusion-sep-clear\"><\/div><div class=\"fusion-clearfix\"><\/div><\/div><\/div><div class=\"fusion-layout-column fusion_builder_column fusion-builder-column-1 fusion_builder_column_1_1 1_1 fusion-one-full fusion-column-first fusion-column-last fusion-column-no-min-height\" style=\"--awb-bg-size:cover;--awb-margin-bottom:0px;\"><div class=\"fusion-column-wrapper fusion-flex-column-wrapper-legacy\"><div class=\"fusion-sharing-box fusion-sharing-box-1 has-taglines layout-floated layout-medium-floated layout-small-floated\" style=\"background-color:#f7f7f7;--awb-layout:row;--awb-alignment-small:space-between;\" data-title=\"Shellac\" data-description=\"\u00bfQu\u00e9 es shellac? \r\nShellac es un innovador esmalte de larga duraci\u00f3n que se seca en apenas 2 minutos y nos deja hasta 3 semanas de brillo impecable para nuestras u\u00f1as. Este tratamiento incluye la manicura tradicional previa: limar las u\u00f1as para dar forma, tratar la cut\u00edcula y el esmaltado final con\" data-link=\"https:\/\/solecentrodeimagen.com\/fr\/estetica\/manicura\/shellac\/\"><h4 class=\"tagline\" style=\"color:#333333;\">\u00bfTe ha gustado la p\u00e1gina? Comp\u00e1rtela en tus redes sociales!<\/h4><div class=\"fusion-social-networks sharingbox-shortcode-icon-wrapper sharingbox-shortcode-icon-wrapper-1\"><span><a href=\"https:\/\/www.facebook.com\/sharer.php?u=https%3A%2F%2Fsolecentrodeimagen.com%2Ffr%2Festetica%2Fmanicura%2Fshellac%2F&amp;t=Shellac\" target=\"_blank\" rel=\"noreferrer nofollow\" title=\"Facebook\" aria-label=\"Facebook\" data-placement=\"top\" data-toggle=\"tooltip\" data-title=\"Facebook\"><i class=\"fusion-social-network-icon fusion-tooltip fusion-facebook awb-icon-facebook\" style=\"color:#000000;\" aria-hidden=\"true\"><\/i><\/a><\/span><span><a href=\"https:\/\/x.com\/share?text=Shellac&amp;url=https%3A%2F%2Fsolecentrodeimagen.com%2Ffr%2Festetica%2Fmanicura%2Fshellac%2F\" target=\"_blank\" rel=\"noopener noreferrer nofollow\" title=\"X\" aria-label=\"X\" data-placement=\"top\" data-toggle=\"tooltip\" data-title=\"X\"><i class=\"fusion-social-network-icon fusion-tooltip fusion-twitter awb-icon-twitter\" style=\"color:#000000;\" aria-hidden=\"true\"><\/i><\/a><\/span><span><a href=\"mailto:?subject=Shellac&amp;body=https%3A%2F%2Fsolecentrodeimagen.com%2Ffr%2Festetica%2Fmanicura%2Fshellac%2F\" target=\"_self\" rel=\"nofollow\" title=\"Email\" aria-label=\"Email\" data-placement=\"top\" data-toggle=\"tooltip\" data-title=\"Email\"><i class=\"fusion-social-network-icon fusion-tooltip fusion-mail awb-icon-mail\" style=\"color:#000000;\" aria-hidden=\"true\"><\/i><\/a><\/span><\/div><\/div><div class=\"fusion-sep-clear\"><\/div><div class=\"fusion-separator fusion-has-icon fusion-full-width-sep\" style=\"margin-left: auto;margin-right: auto;width:100%;\"><div class=\"fusion-separator-border sep-shadow\" style=\"--awb-height:20px;--awb-amount:20px;background:radial-gradient(ellipse at 50% -50% , #e0dede 0px, rgba(255, 255, 255, 0) 80%) repeat scroll 0 0 rgba(0, 0, 0, 0);background:-webkit-radial-gradient(ellipse at 50% -50% , #e0dede 0px, rgba(255, 255, 255, 0) 80%) repeat scroll 0 0 rgba(0, 0, 0, 0);background:-moz-radial-gradient(ellipse at 50% -50% , #e0dede 0px, rgba(255, 255, 255, 0) 80%) repeat scroll 0 0 rgba(0, 0, 0, 0);background:-o-radial-gradient(ellipse at 50% -50% , #e0dede 0px, rgba(255, 255, 255, 0) 80%) repeat scroll 0 0 rgba(0, 0, 0, 0);\"><\/div><span class=\"icon-wrapper\" style=\"border-color:#e0dede;background-color:rgba(255,255,255,0);font-size:13px;width: 1.75em; height: 1.75em;border-width:1px;padding:1px;\"><i class=\" fa fa-comments\" style=\"font-size: inherit;color:#e0dede;\" aria-hidden=\"true\"><\/i><\/span><div class=\"fusion-separator-border sep-shadow\" style=\"--awb-height:20px;--awb-amount:20px;background:radial-gradient(ellipse at 50% -50% , #e0dede 0px, rgba(255, 255, 255, 0) 80%) repeat scroll 0 0 rgba(0, 0, 0, 0);background:-webkit-radial-gradient(ellipse at 50% -50% , #e0dede 0px, rgba(255, 255, 255, 0) 80%) repeat scroll 0 0 rgba(0, 0, 0, 0);background:-moz-radial-gradient(ellipse at 50% -50% , #e0dede 0px, rgba(255, 255, 255, 0) 80%) repeat scroll 0 0 rgba(0, 0, 0, 0);background:-o-radial-gradient(ellipse at 50% -50% , #e0dede 0px, rgba(255, 255, 255, 0) 80%) repeat scroll 0 0 rgba(0, 0, 0, 0);\"><\/div><\/div><div class=\"fusion-sep-clear\"><\/div><div class=\"fusion-clearfix\"><\/div><\/div><\/div><\/div><\/div>\n","protected":false},"excerpt":{"rendered":"","protected":false},"author":13,"featured_media":14723,"parent":12233,"menu_order":0,"comment_status":"open","ping_status":"closed","template":"","meta":{"footnotes":""},"class_list":["post-14693","page","type-page","status-publish","has-post-thumbnail","hentry"],"translation":{"provider":"WPGlobus","version":"3.0.0","language":"fr","enabled_languages":["es","en","fr"],"languages":{"es":{"title":true,"content":true,"excerpt":false},"en":{"title":false,"content":false,"excerpt":false},"fr":{"title":false,"content":false,"excerpt":false}}},"yoast_head":"<!-- This site is optimized with the Yoast SEO plugin v23.5 - https:\/\/yoast.com\/wordpress\/plugins\/seo\/ -->\n<title>Shellac | Sole Centro de Imagen<\/title>\n<meta name=\"robots\" content=\"index, follow, max-snippet:-1, max-image-preview:large, max-video-preview:-1\" \/>\n<link rel=\"canonical\" href=\"https:\/\/solecentrodeimagen.com\/en\/estetica\/manicura\/shellac\/\" \/>\n<meta property=\"og:locale\" content=\"fr_FR\" \/>\n<meta property=\"og:type\" content=\"article\" \/>\n<meta property=\"og:title\" content=\"Shellac | Sole Centro de Imagen\" \/>\n<meta property=\"og:url\" content=\"https:\/\/solecentrodeimagen.com\/en\/estetica\/manicura\/shellac\/\" \/>\n<meta property=\"og:site_name\" content=\"Sole Centro de Imagen\" \/>\n<meta property=\"article:publisher\" content=\"http:\/\/www.facebook.com\/solecentrodeimagen\" \/>\n<meta property=\"article:modified_time\" content=\"2017-03-10T17:44:55+00:00\" \/>\n<meta property=\"og:image\" content=\"https:\/\/solecentrodeimagen.com\/wp-content\/uploads\/2016\/01\/bannerxpress.jpg\" \/>\n\t<meta property=\"og:image:width\" content=\"1085\" \/>\n\t<meta property=\"og:image:height\" content=\"450\" \/>\n\t<meta property=\"og:image:type\" content=\"image\/jpeg\" \/>\n<meta name=\"twitter:card\" content=\"summary_large_image\" \/>\n<meta name=\"twitter:label1\" content=\"Est. reading time\" \/>\n\t<meta name=\"twitter:data1\" content=\"4 minutes\" \/>\n<script type=\"application\/ld+json\" class=\"yoast-schema-graph\">{\"@context\":\"https:\/\/schema.org\",\"@graph\":[{\"@type\":\"WebPage\",\"@id\":\"https:\/\/solecentrodeimagen.com\/en\/estetica\/manicura\/shellac\/\",\"url\":\"https:\/\/solecentrodeimagen.com\/en\/estetica\/manicura\/shellac\/\",\"name\":\"Shellac | Sole Centro de Imagen\",\"isPartOf\":{\"@id\":\"https:\/\/solecentrodeimagen.com\/#website\"},\"primaryImageOfPage\":{\"@id\":\"https:\/\/solecentrodeimagen.com\/en\/estetica\/manicura\/shellac\/#primaryimage\"},\"image\":{\"@id\":\"https:\/\/solecentrodeimagen.com\/en\/estetica\/manicura\/shellac\/#primaryimage\"},\"thumbnailUrl\":\"https:\/\/solecentrodeimagen.com\/wp-content\/uploads\/2016\/01\/bannerxpress.jpg\",\"datePublished\":\"2016-01-28T09:51:42+00:00\",\"dateModified\":\"2017-03-10T17:44:55+00:00\",\"breadcrumb\":{\"@id\":\"https:\/\/solecentrodeimagen.com\/en\/estetica\/manicura\/shellac\/#breadcrumb\"},\"inLanguage\":\"fr-FR\",\"potentialAction\":[{\"@type\":\"ReadAction\",\"target\":[\"https:\/\/solecentrodeimagen.com\/en\/estetica\/manicura\/shellac\/\"]}]},{\"@type\":\"ImageObject\",\"inLanguage\":\"fr-FR\",\"@id\":\"https:\/\/solecentrodeimagen.com\/en\/estetica\/manicura\/shellac\/#primaryimage\",\"url\":\"https:\/\/solecentrodeimagen.com\/wp-content\/uploads\/2016\/01\/bannerxpress.jpg\",\"contentUrl\":\"https:\/\/solecentrodeimagen.com\/wp-content\/uploads\/2016\/01\/bannerxpress.jpg\",\"width\":1085,\"height\":450,\"caption\":\"shellac tipos de manicura\"},{\"@type\":\"BreadcrumbList\",\"@id\":\"https:\/\/solecentrodeimagen.com\/en\/estetica\/manicura\/shellac\/#breadcrumb\",\"itemListElement\":[{\"@type\":\"ListItem\",\"position\":1,\"name\":\"Home\",\"item\":\"https:\/\/solecentrodeimagen.com\/\"},{\"@type\":\"ListItem\",\"position\":2,\"name\":\"Est\u00e9tica\",\"item\":\"https:\/\/solecentrodeimagen.com\/estetica\/\"},{\"@type\":\"ListItem\",\"position\":3,\"name\":\"Tipos de manicura\",\"item\":\"https:\/\/solecentrodeimagen.com\/en\/estetica\/manicura\/\"},{\"@type\":\"ListItem\",\"position\":4,\"name\":\"Shellac\"}]},{\"@type\":\"WebSite\",\"@id\":\"https:\/\/solecentrodeimagen.com\/#website\",\"url\":\"https:\/\/solecentrodeimagen.com\/\",\"name\":\"Sole Centro de Imagen\",\"description\":\"Centro Medicina Est\u00e9tica, Dermatolog\u00eda y Est\u00e9tica avanzada\",\"publisher\":{\"@id\":\"https:\/\/solecentrodeimagen.com\/#organization\"},\"potentialAction\":[{\"@type\":\"SearchAction\",\"target\":{\"@type\":\"EntryPoint\",\"urlTemplate\":\"https:\/\/solecentrodeimagen.com\/?s={search_term_string}\"},\"query-input\":{\"@type\":\"PropertyValueSpecification\",\"valueRequired\":true,\"valueName\":\"search_term_string\"}}],\"inLanguage\":\"fr-FR\"},{\"@type\":\"Organization\",\"@id\":\"https:\/\/solecentrodeimagen.com\/#organization\",\"name\":\"Sole Centro de Imagen Integral\",\"url\":\"https:\/\/solecentrodeimagen.com\/\",\"logo\":{\"@type\":\"ImageObject\",\"inLanguage\":\"fr-FR\",\"@id\":\"https:\/\/solecentrodeimagen.com\/#\/schema\/logo\/image\/\",\"url\":\"https:\/\/solecentrodeimagen.com\/wp-content\/uploads\/2016\/06\/logo-solecentromedico.png\",\"contentUrl\":\"https:\/\/solecentrodeimagen.com\/wp-content\/uploads\/2016\/06\/logo-solecentromedico.png\",\"width\":281,\"height\":96,\"caption\":\"Sole Centro de Imagen Integral\"},\"image\":{\"@id\":\"https:\/\/solecentrodeimagen.com\/#\/schema\/logo\/image\/\"},\"sameAs\":[\"http:\/\/www.facebook.com\/solecentrodeimagen\",\"http:\/\/www.instagram.com\/solecentrodeimagen\"]}]}<\/script>\n<!-- \/ Yoast SEO plugin. -->","yoast_head_json":{"title":"Shellac | Sole Centro de Imagen","robots":{"index":"index","follow":"follow","max-snippet":"max-snippet:-1","max-image-preview":"max-image-preview:large","max-video-preview":"max-video-preview:-1"},"canonical":"https:\/\/solecentrodeimagen.com\/en\/estetica\/manicura\/shellac\/","og_locale":"fr_FR","og_type":"article","og_title":"Shellac | Sole Centro de Imagen","og_url":"https:\/\/solecentrodeimagen.com\/en\/estetica\/manicura\/shellac\/","og_site_name":"Sole Centro de Imagen","article_publisher":"http:\/\/www.facebook.com\/solecentrodeimagen","article_modified_time":"2017-03-10T17:44:55+00:00","og_image":[{"width":1085,"height":450,"url":"https:\/\/solecentrodeimagen.com\/wp-content\/uploads\/2016\/01\/bannerxpress.jpg","type":"image\/jpeg"}],"twitter_card":"summary_large_image","twitter_misc":{"Est. reading time":"4 minutes"},"schema":{"@context":"https:\/\/schema.org","@graph":[{"@type":"WebPage","@id":"https:\/\/solecentrodeimagen.com\/en\/estetica\/manicura\/shellac\/","url":"https:\/\/solecentrodeimagen.com\/en\/estetica\/manicura\/shellac\/","name":"Shellac | Sole Centro de Imagen","isPartOf":{"@id":"https:\/\/solecentrodeimagen.com\/#website"},"primaryImageOfPage":{"@id":"https:\/\/solecentrodeimagen.com\/en\/estetica\/manicura\/shellac\/#primaryimage"},"image":{"@id":"https:\/\/solecentrodeimagen.com\/en\/estetica\/manicura\/shellac\/#primaryimage"},"thumbnailUrl":"https:\/\/solecentrodeimagen.com\/wp-content\/uploads\/2016\/01\/bannerxpress.jpg","datePublished":"2016-01-28T09:51:42+00:00","dateModified":"2017-03-10T17:44:55+00:00","breadcrumb":{"@id":"https:\/\/solecentrodeimagen.com\/en\/estetica\/manicura\/shellac\/#breadcrumb"},"inLanguage":"fr-FR","potentialAction":[{"@type":"ReadAction","target":["https:\/\/solecentrodeimagen.com\/en\/estetica\/manicura\/shellac\/"]}]},{"@type":"ImageObject","inLanguage":"fr-FR","@id":"https:\/\/solecentrodeimagen.com\/en\/estetica\/manicura\/shellac\/#primaryimage","url":"https:\/\/solecentrodeimagen.com\/wp-content\/uploads\/2016\/01\/bannerxpress.jpg","contentUrl":"https:\/\/solecentrodeimagen.com\/wp-content\/uploads\/2016\/01\/bannerxpress.jpg","width":1085,"height":450,"caption":"shellac tipos de manicura"},{"@type":"BreadcrumbList","@id":"https:\/\/solecentrodeimagen.com\/en\/estetica\/manicura\/shellac\/#breadcrumb","itemListElement":[{"@type":"ListItem","position":1,"name":"Home","item":"https:\/\/solecentrodeimagen.com\/"},{"@type":"ListItem","position":2,"name":"Est\u00e9tica","item":"https:\/\/solecentrodeimagen.com\/estetica\/"},{"@type":"ListItem","position":3,"name":"Tipos de manicura","item":"https:\/\/solecentrodeimagen.com\/en\/estetica\/manicura\/"},{"@type":"ListItem","position":4,"name":"Shellac"}]},{"@type":"WebSite","@id":"https:\/\/solecentrodeimagen.com\/#website","url":"https:\/\/solecentrodeimagen.com\/","name":"Sole Centro de Imagen","description":"Centro Medicina Est\u00e9tica, Dermatolog\u00eda y Est\u00e9tica avanzada","publisher":{"@id":"https:\/\/solecentrodeimagen.com\/#organization"},"potentialAction":[{"@type":"SearchAction","target":{"@type":"EntryPoint","urlTemplate":"https:\/\/solecentrodeimagen.com\/?s={search_term_string}"},"query-input":{"@type":"PropertyValueSpecification","valueRequired":true,"valueName":"search_term_string"}}],"inLanguage":"fr-FR"},{"@type":"Organization","@id":"https:\/\/solecentrodeimagen.com\/#organization","name":"Sole Centro de Imagen Integral","url":"https:\/\/solecentrodeimagen.com\/","logo":{"@type":"ImageObject","inLanguage":"fr-FR","@id":"https:\/\/solecentrodeimagen.com\/#\/schema\/logo\/image\/","url":"https:\/\/solecentrodeimagen.com\/wp-content\/uploads\/2016\/06\/logo-solecentromedico.png","contentUrl":"https:\/\/solecentrodeimagen.com\/wp-content\/uploads\/2016\/06\/logo-solecentromedico.png","width":281,"height":96,"caption":"Sole Centro de Imagen Integral"},"image":{"@id":"https:\/\/solecentrodeimagen.com\/#\/schema\/logo\/image\/"},"sameAs":["http:\/\/www.facebook.com\/solecentrodeimagen","http:\/\/www.instagram.com\/solecentrodeimagen"]}]}},"_links":{"self":[{"href":"https:\/\/solecentrodeimagen.com\/fr\/wp-json\/wp\/v2\/pages\/14693"}],"collection":[{"href":"https:\/\/solecentrodeimagen.com\/fr\/wp-json\/wp\/v2\/pages"}],"about":[{"href":"https:\/\/solecentrodeimagen.com\/fr\/wp-json\/wp\/v2\/types\/page"}],"author":[{"embeddable":true,"href":"https:\/\/solecentrodeimagen.com\/fr\/wp-json\/wp\/v2\/users\/13"}],"replies":[{"embeddable":true,"href":"https:\/\/solecentrodeimagen.com\/fr\/wp-json\/wp\/v2\/comments?post=14693"}],"version-history":[{"count":0,"href":"https:\/\/solecentrodeimagen.com\/fr\/wp-json\/wp\/v2\/pages\/14693\/revisions"}],"up":[{"embeddable":true,"href":"https:\/\/solecentrodeimagen.com\/fr\/wp-json\/wp\/v2\/pages\/12233"}],"wp:featuredmedia":[{"embeddable":true,"href":"https:\/\/solecentrodeimagen.com\/fr\/wp-json\/wp\/v2\/media\/14723"}],"wp:attachment":[{"href":"https:\/\/solecentrodeimagen.com\/fr\/wp-json\/wp\/v2\/media?parent=14693"}],"curies":[{"name":"wp","href":"https:\/\/api.w.org\/{rel}","templated":true}]}}