{"id":14709,"date":"2016-01-28T10:55:01","date_gmt":"2016-01-28T09:55:01","guid":{"rendered":"https:\/\/solecentrodeimagen.com\/?page_id=14709"},"modified":"2017-03-10T18:44:55","modified_gmt":"2017-03-10T17:44:55","slug":"manicura-francesa","status":"publish","type":"page","link":"https:\/\/solecentrodeimagen.com\/fr\/estetica\/manicura\/manicura-francesa\/","title":{"rendered":"Manicura francesa"},"content":{"rendered":"<p style=\"text-align: justify;\">Unas u\u00f1as bonitas reflejan desde anta\u00f1o un marcado signo de feminidad. La manicura es muy demandada en las peluquer\u00edas y centros de est\u00e9tica, donde este cuidado suele ser un complemento a los tratamientos de cabello, rostro o cuerpo, pero no por ello menos importante.<\/p>\n<p style=\"text-align: justify;\">Frente a los colores, la manicura francesa se presenta como la primera opci\u00f3n que elige la mujer a la hora de lucir unos dedos tratados.<\/p>\n<p style=\"text-align: justify;\">Se trata de una idea que naci\u00f3 en Par\u00eds. La forma m\u00e1s habitual de manicura francesa consiste en una base de color porcelana que puede ser m\u00e1s rosada o m\u00e1s amarilla, aunque \u00faltimamente se lleva mucho la base de color rosa, y en la parte exterior de la u\u00f1a se dibuja una franja blanca que la bordea y que tapa la parte de la u\u00f1a que sobresale del dedo.<\/p>\n<p style=\"text-align: justify;\">La sensaci\u00f3n de limpieza que aporta este tipo de manicura es extremada, y alarga \u00f3ptimamente los dedos, por lo que se recomienda para todas las mujeres que tienen las manos peque\u00f1as y\/o gruesas. Otra ventaja que presenta la manicura francesa es que es combina muy bien con todo tipo de vestidos y ocasiones.<\/p>\n<p style=\"text-align: justify;\">La manicura francesa es a menudo m\u00e1s cara que otros tipos, ya que supone m\u00e1s precisi\u00f3n en el pintado y es m\u00e1s complicada de hacerse uno mismo.<\/p>\n<p style=\"text-align: justify;\">Son las mujeres de mediana edad las que m\u00e1s demandan este tratamiento, y que el coste var\u00eda si se completa el pintado con una hidrataci\u00f3n profunda de la piel de las manos, algo que se recomienda hacer con frecuencia debido a que se trata de una parte del cuerpo castigada por agentes externos. En solo quince minutos puede lograrse un resultado satisfactorio.<\/p>\n<p style=\"text-align: justify;\">Los tonos m\u00e1s oscuros en las u\u00f1as se demandan en mujeres m\u00e1s mayores y hacia la primavera, cuando la est\u00e9tica adquiere un papel importante. Los rojos, granates y azules se piden antes que otros colores llamativos.<\/p>\n<p style=\"text-align: justify;\">Aunque las manos son una parte del cuerpo muy visible, la pedicura es m\u00e1s demandada en las peluquerias. La dificultad en el pintado hace que las mujeres recurran a un profesional para un mejor resultado.<\/p>\n<p style=\"text-align: justify;\">Si est\u00e1 interesada\/o en este tratamiento y quiere realizar alguna consulta, pinche <strong><span style=\"color: #993366;\"><a style=\"color: #993366;\" href=\"https:\/\/solecentrodeimagen.com\/contacto\/\">aqu\u00ed<\/a><\/span>.<\/strong><\/p>\n<p><div class=\"fusion-fullwidth fullwidth-box fusion-builder-row-1 hundred-percent-fullwidth non-hundred-percent-height-scrolling\" style=\"--awb-border-radius-top-left:0px;--awb-border-radius-top-right:0px;--awb-border-radius-bottom-right:0px;--awb-border-radius-bottom-left:0px;--awb-overflow:visible;--awb-margin-top:20px;--awb-background-color:rgba(255,255,255,0);--awb-flex-wrap:wrap;\" ><div class=\"fusion-builder-row fusion-row\"><div class=\"fusion-layout-column fusion_builder_column fusion-builder-column-0 fusion_builder_column_1_1 1_1 fusion-one-full fusion-column-first fusion-column-last fusion-column-no-min-height\" style=\"--awb-bg-size:cover;--awb-margin-bottom:0px;\"><div class=\"fusion-column-wrapper fusion-flex-column-wrapper-legacy\"><div class=\"fusion-sep-clear\"><\/div><div class=\"fusion-separator fusion-full-width-sep\" style=\"margin-left: auto;margin-right: auto;width:100%;\"><\/div><div class=\"fusion-sep-clear\"><\/div><div class=\"fusion-clearfix\"><\/div><\/div><\/div><\/div><\/div><div class=\"fusion-fullwidth fullwidth-box fusion-builder-row-2 hundred-percent-fullwidth non-hundred-percent-height-scrolling\" style=\"--awb-border-radius-top-left:0px;--awb-border-radius-top-right:0px;--awb-border-radius-bottom-right:0px;--awb-border-radius-bottom-left:0px;--awb-overflow:visible;--awb-flex-wrap:wrap;\" ><div class=\"fusion-builder-row fusion-row\"><div class=\"fusion-layout-column fusion_builder_column fusion-builder-column-1 fusion_builder_column_1_1 1_1 fusion-one-full fusion-column-first fusion-column-last fusion-column-no-min-height\" style=\"--awb-bg-size:cover;--awb-margin-bottom:0px;\"><div class=\"fusion-column-wrapper fusion-flex-column-wrapper-legacy\"><div class=\"fusion-sharing-box fusion-sharing-box-1 has-taglines layout-floated layout-medium-floated layout-small-floated\" style=\"background-color:#f7f7f7;--awb-layout:row;--awb-alignment-small:space-between;\" data-title=\"Manicura francesa\" data-description=\"Unas u\u00f1as bonitas reflejan desde anta\u00f1o un marcado signo de feminidad. La manicura es muy demandada en las peluquer\u00edas y centros de est\u00e9tica, donde este cuidado suele ser un complemento a los tratamientos de cabello, rostro o cuerpo, pero no por ello menos importante.\r\nFrente a los colores, la manicura francesa se\" data-link=\"https:\/\/solecentrodeimagen.com\/fr\/estetica\/manicura\/manicura-francesa\/\"><h4 class=\"tagline\" style=\"color:#333333;\">\u00bfTe ha gustado la p\u00e1gina? Comp\u00e1rtela en tus redes sociales!<\/h4><div class=\"fusion-social-networks sharingbox-shortcode-icon-wrapper sharingbox-shortcode-icon-wrapper-1\"><span><a href=\"https:\/\/www.facebook.com\/sharer.php?u=https%3A%2F%2Fsolecentrodeimagen.com%2Ffr%2Festetica%2Fmanicura%2Fmanicura-francesa%2F&amp;t=Manicura%20francesa\" target=\"_blank\" rel=\"noreferrer nofollow\" title=\"Facebook\" aria-label=\"Facebook\" data-placement=\"top\" data-toggle=\"tooltip\" data-title=\"Facebook\"><i class=\"fusion-social-network-icon fusion-tooltip fusion-facebook awb-icon-facebook\" style=\"color:#000000;\" aria-hidden=\"true\"><\/i><\/a><\/span><span><a href=\"https:\/\/x.com\/share?text=Manicura%20francesa&amp;url=https%3A%2F%2Fsolecentrodeimagen.com%2Ffr%2Festetica%2Fmanicura%2Fmanicura-francesa%2F\" target=\"_blank\" rel=\"noopener noreferrer nofollow\" title=\"X\" aria-label=\"X\" data-placement=\"top\" data-toggle=\"tooltip\" data-title=\"X\"><i class=\"fusion-social-network-icon fusion-tooltip fusion-twitter awb-icon-twitter\" style=\"color:#000000;\" aria-hidden=\"true\"><\/i><\/a><\/span><span><a href=\"mailto:?subject=Manicura%20francesa&amp;body=https%3A%2F%2Fsolecentrodeimagen.com%2Ffr%2Festetica%2Fmanicura%2Fmanicura-francesa%2F\" target=\"_self\" rel=\"nofollow\" title=\"Email\" aria-label=\"Email\" data-placement=\"top\" data-toggle=\"tooltip\" data-title=\"Email\"><i class=\"fusion-social-network-icon fusion-tooltip fusion-mail awb-icon-mail\" style=\"color:#000000;\" aria-hidden=\"true\"><\/i><\/a><\/span><\/div><\/div><div class=\"fusion-sep-clear\"><\/div><div class=\"fusion-separator fusion-has-icon fusion-full-width-sep\" style=\"margin-left: auto;margin-right: auto;width:100%;\"><div class=\"fusion-separator-border sep-shadow\" style=\"--awb-height:20px;--awb-amount:20px;background:radial-gradient(ellipse at 50% -50% , #e0dede 0px, rgba(255, 255, 255, 0) 80%) repeat scroll 0 0 rgba(0, 0, 0, 0);background:-webkit-radial-gradient(ellipse at 50% -50% , #e0dede 0px, rgba(255, 255, 255, 0) 80%) repeat scroll 0 0 rgba(0, 0, 0, 0);background:-moz-radial-gradient(ellipse at 50% -50% , #e0dede 0px, rgba(255, 255, 255, 0) 80%) repeat scroll 0 0 rgba(0, 0, 0, 0);background:-o-radial-gradient(ellipse at 50% -50% , #e0dede 0px, rgba(255, 255, 255, 0) 80%) repeat scroll 0 0 rgba(0, 0, 0, 0);\"><\/div><span class=\"icon-wrapper\" style=\"border-color:#e0dede;background-color:rgba(255,255,255,0);font-size:13px;width: 1.75em; height: 1.75em;border-width:1px;padding:1px;\"><i class=\" fa fa-comments\" style=\"font-size: inherit;color:#e0dede;\" aria-hidden=\"true\"><\/i><\/span><div class=\"fusion-separator-border sep-shadow\" style=\"--awb-height:20px;--awb-amount:20px;background:radial-gradient(ellipse at 50% -50% , #e0dede 0px, rgba(255, 255, 255, 0) 80%) repeat scroll 0 0 rgba(0, 0, 0, 0);background:-webkit-radial-gradient(ellipse at 50% -50% , #e0dede 0px, rgba(255, 255, 255, 0) 80%) repeat scroll 0 0 rgba(0, 0, 0, 0);background:-moz-radial-gradient(ellipse at 50% -50% , #e0dede 0px, rgba(255, 255, 255, 0) 80%) repeat scroll 0 0 rgba(0, 0, 0, 0);background:-o-radial-gradient(ellipse at 50% -50% , #e0dede 0px, rgba(255, 255, 255, 0) 80%) repeat scroll 0 0 rgba(0, 0, 0, 0);\"><\/div><\/div><div class=\"fusion-sep-clear\"><\/div><div class=\"fusion-clearfix\"><\/div><\/div><\/div><\/div><\/div><\/p>\n","protected":false},"excerpt":{"rendered":"<p>Unas u\u00f1as bonitas reflejan desde anta\u00f1o un marcado signo de feminidad. La manicura es muy demandada en las peluquer\u00edas y centros de est\u00e9tica, donde este cuidado suele ser un complemento a los tratamientos de cabello, rostro o cuerpo, pero no por ello menos importante. Frente a los colores, la manicura francesa se presenta como la [&hellip;]<\/p>\n","protected":false},"author":13,"featured_media":0,"parent":12233,"menu_order":0,"comment_status":"open","ping_status":"closed","template":"","meta":{"footnotes":""},"class_list":["post-14709","page","type-page","status-publish","hentry"],"translation":{"provider":"WPGlobus","version":"3.0.0","language":"fr","enabled_languages":["es","en","fr"],"languages":{"es":{"title":true,"content":true,"excerpt":false},"en":{"title":false,"content":false,"excerpt":false},"fr":{"title":false,"content":false,"excerpt":false}}},"yoast_head":"<!-- This site is optimized with the Yoast SEO plugin v23.5 - https:\/\/yoast.com\/wordpress\/plugins\/seo\/ -->\n<title>Manicura francesa | Sole Centro de Imagen<\/title>\n<meta name=\"robots\" content=\"index, follow, max-snippet:-1, max-image-preview:large, max-video-preview:-1\" \/>\n<link rel=\"canonical\" href=\"https:\/\/solecentrodeimagen.com\/en\/estetica\/manicura\/manicura-francesa\/\" \/>\n<meta property=\"og:locale\" content=\"fr_FR\" \/>\n<meta property=\"og:type\" content=\"article\" \/>\n<meta property=\"og:title\" content=\"Manicura francesa | Sole Centro de Imagen\" \/>\n<meta property=\"og:url\" content=\"https:\/\/solecentrodeimagen.com\/en\/estetica\/manicura\/manicura-francesa\/\" \/>\n<meta property=\"og:site_name\" content=\"Sole Centro de Imagen\" \/>\n<meta property=\"article:publisher\" content=\"http:\/\/www.facebook.com\/solecentrodeimagen\" \/>\n<meta property=\"article:modified_time\" content=\"2017-03-10T17:44:55+00:00\" \/>\n<meta property=\"og:image\" content=\"https:\/\/solecentrodeimagen.com\/wp-content\/uploads\/2016\/06\/logo-solecentromedico.png\" \/>\n\t<meta property=\"og:image:width\" content=\"281\" \/>\n\t<meta property=\"og:image:height\" content=\"96\" \/>\n\t<meta property=\"og:image:type\" content=\"image\/png\" \/>\n<meta name=\"twitter:card\" content=\"summary_large_image\" \/>\n<meta name=\"twitter:label1\" content=\"Est. reading time\" \/>\n\t<meta name=\"twitter:data1\" content=\"3 minutes\" \/>\n<script type=\"application\/ld+json\" class=\"yoast-schema-graph\">{\"@context\":\"https:\/\/schema.org\",\"@graph\":[{\"@type\":\"WebPage\",\"@id\":\"https:\/\/solecentrodeimagen.com\/en\/estetica\/manicura\/manicura-francesa\/\",\"url\":\"https:\/\/solecentrodeimagen.com\/en\/estetica\/manicura\/manicura-francesa\/\",\"name\":\"Manicura francesa | Sole Centro de Imagen\",\"isPartOf\":{\"@id\":\"https:\/\/solecentrodeimagen.com\/#website\"},\"datePublished\":\"2016-01-28T09:55:01+00:00\",\"dateModified\":\"2017-03-10T17:44:55+00:00\",\"description\":\"La sensaci\u00f3n de limpieza que aporta la manicura francesa es extremada, y alarga \u00f3ptimamente los dedospara mujeres que tienen las manos peque\u00f1as y\/o gruesas.\",\"breadcrumb\":{\"@id\":\"https:\/\/solecentrodeimagen.com\/en\/estetica\/manicura\/manicura-francesa\/#breadcrumb\"},\"inLanguage\":\"fr-FR\",\"potentialAction\":[{\"@type\":\"ReadAction\",\"target\":[\"https:\/\/solecentrodeimagen.com\/en\/estetica\/manicura\/manicura-francesa\/\"]}]},{\"@type\":\"BreadcrumbList\",\"@id\":\"https:\/\/solecentrodeimagen.com\/en\/estetica\/manicura\/manicura-francesa\/#breadcrumb\",\"itemListElement\":[{\"@type\":\"ListItem\",\"position\":1,\"name\":\"Home\",\"item\":\"https:\/\/solecentrodeimagen.com\/\"},{\"@type\":\"ListItem\",\"position\":2,\"name\":\"Est\u00e9tica\",\"item\":\"https:\/\/solecentrodeimagen.com\/estetica\/\"},{\"@type\":\"ListItem\",\"position\":3,\"name\":\"Tipos de manicura\",\"item\":\"https:\/\/solecentrodeimagen.com\/en\/estetica\/manicura\/\"},{\"@type\":\"ListItem\",\"position\":4,\"name\":\"Manicura francesa\"}]},{\"@type\":\"WebSite\",\"@id\":\"https:\/\/solecentrodeimagen.com\/#website\",\"url\":\"https:\/\/solecentrodeimagen.com\/\",\"name\":\"Sole Centro de Imagen\",\"description\":\"Centro Medicina Est\u00e9tica, Dermatolog\u00eda y Est\u00e9tica avanzada\",\"publisher\":{\"@id\":\"https:\/\/solecentrodeimagen.com\/#organization\"},\"potentialAction\":[{\"@type\":\"SearchAction\",\"target\":{\"@type\":\"EntryPoint\",\"urlTemplate\":\"https:\/\/solecentrodeimagen.com\/?s={search_term_string}\"},\"query-input\":{\"@type\":\"PropertyValueSpecification\",\"valueRequired\":true,\"valueName\":\"search_term_string\"}}],\"inLanguage\":\"fr-FR\"},{\"@type\":\"Organization\",\"@id\":\"https:\/\/solecentrodeimagen.com\/#organization\",\"name\":\"Sole Centro de Imagen Integral\",\"url\":\"https:\/\/solecentrodeimagen.com\/\",\"logo\":{\"@type\":\"ImageObject\",\"inLanguage\":\"fr-FR\",\"@id\":\"https:\/\/solecentrodeimagen.com\/#\/schema\/logo\/image\/\",\"url\":\"https:\/\/solecentrodeimagen.com\/wp-content\/uploads\/2016\/06\/logo-solecentromedico.png\",\"contentUrl\":\"https:\/\/solecentrodeimagen.com\/wp-content\/uploads\/2016\/06\/logo-solecentromedico.png\",\"width\":281,\"height\":96,\"caption\":\"Sole Centro de Imagen Integral\"},\"image\":{\"@id\":\"https:\/\/solecentrodeimagen.com\/#\/schema\/logo\/image\/\"},\"sameAs\":[\"http:\/\/www.facebook.com\/solecentrodeimagen\",\"http:\/\/www.instagram.com\/solecentrodeimagen\"]}]}<\/script>\n<!-- \/ Yoast SEO plugin. -->","yoast_head_json":{"title":"Manicura francesa | Sole Centro de Imagen","robots":{"index":"index","follow":"follow","max-snippet":"max-snippet:-1","max-image-preview":"max-image-preview:large","max-video-preview":"max-video-preview:-1"},"canonical":"https:\/\/solecentrodeimagen.com\/en\/estetica\/manicura\/manicura-francesa\/","og_locale":"fr_FR","og_type":"article","og_title":"Manicura francesa | Sole Centro de Imagen","og_url":"https:\/\/solecentrodeimagen.com\/en\/estetica\/manicura\/manicura-francesa\/","og_site_name":"Sole Centro de Imagen","article_publisher":"http:\/\/www.facebook.com\/solecentrodeimagen","article_modified_time":"2017-03-10T17:44:55+00:00","og_image":[{"width":281,"height":96,"url":"https:\/\/solecentrodeimagen.com\/wp-content\/uploads\/2016\/06\/logo-solecentromedico.png","type":"image\/png"}],"twitter_card":"summary_large_image","twitter_misc":{"Est. reading time":"3 minutes"},"schema":{"@context":"https:\/\/schema.org","@graph":[{"@type":"WebPage","@id":"https:\/\/solecentrodeimagen.com\/en\/estetica\/manicura\/manicura-francesa\/","url":"https:\/\/solecentrodeimagen.com\/en\/estetica\/manicura\/manicura-francesa\/","name":"Manicura francesa | Sole Centro de Imagen","isPartOf":{"@id":"https:\/\/solecentrodeimagen.com\/#website"},"datePublished":"2016-01-28T09:55:01+00:00","dateModified":"2017-03-10T17:44:55+00:00","description":"La sensaci\u00f3n de limpieza que aporta la manicura francesa es extremada, y alarga \u00f3ptimamente los dedospara mujeres que tienen las manos peque\u00f1as y\/o gruesas.","breadcrumb":{"@id":"https:\/\/solecentrodeimagen.com\/en\/estetica\/manicura\/manicura-francesa\/#breadcrumb"},"inLanguage":"fr-FR","potentialAction":[{"@type":"ReadAction","target":["https:\/\/solecentrodeimagen.com\/en\/estetica\/manicura\/manicura-francesa\/"]}]},{"@type":"BreadcrumbList","@id":"https:\/\/solecentrodeimagen.com\/en\/estetica\/manicura\/manicura-francesa\/#breadcrumb","itemListElement":[{"@type":"ListItem","position":1,"name":"Home","item":"https:\/\/solecentrodeimagen.com\/"},{"@type":"ListItem","position":2,"name":"Est\u00e9tica","item":"https:\/\/solecentrodeimagen.com\/estetica\/"},{"@type":"ListItem","position":3,"name":"Tipos de manicura","item":"https:\/\/solecentrodeimagen.com\/en\/estetica\/manicura\/"},{"@type":"ListItem","position":4,"name":"Manicura francesa"}]},{"@type":"WebSite","@id":"https:\/\/solecentrodeimagen.com\/#website","url":"https:\/\/solecentrodeimagen.com\/","name":"Sole Centro de Imagen","description":"Centro Medicina Est\u00e9tica, Dermatolog\u00eda y Est\u00e9tica avanzada","publisher":{"@id":"https:\/\/solecentrodeimagen.com\/#organization"},"potentialAction":[{"@type":"SearchAction","target":{"@type":"EntryPoint","urlTemplate":"https:\/\/solecentrodeimagen.com\/?s={search_term_string}"},"query-input":{"@type":"PropertyValueSpecification","valueRequired":true,"valueName":"search_term_string"}}],"inLanguage":"fr-FR"},{"@type":"Organization","@id":"https:\/\/solecentrodeimagen.com\/#organization","name":"Sole Centro de Imagen Integral","url":"https:\/\/solecentrodeimagen.com\/","logo":{"@type":"ImageObject","inLanguage":"fr-FR","@id":"https:\/\/solecentrodeimagen.com\/#\/schema\/logo\/image\/","url":"https:\/\/solecentrodeimagen.com\/wp-content\/uploads\/2016\/06\/logo-solecentromedico.png","contentUrl":"https:\/\/solecentrodeimagen.com\/wp-content\/uploads\/2016\/06\/logo-solecentromedico.png","width":281,"height":96,"caption":"Sole Centro de Imagen Integral"},"image":{"@id":"https:\/\/solecentrodeimagen.com\/#\/schema\/logo\/image\/"},"sameAs":["http:\/\/www.facebook.com\/solecentrodeimagen","http:\/\/www.instagram.com\/solecentrodeimagen"]}]}},"_links":{"self":[{"href":"https:\/\/solecentrodeimagen.com\/fr\/wp-json\/wp\/v2\/pages\/14709"}],"collection":[{"href":"https:\/\/solecentrodeimagen.com\/fr\/wp-json\/wp\/v2\/pages"}],"about":[{"href":"https:\/\/solecentrodeimagen.com\/fr\/wp-json\/wp\/v2\/types\/page"}],"author":[{"embeddable":true,"href":"https:\/\/solecentrodeimagen.com\/fr\/wp-json\/wp\/v2\/users\/13"}],"replies":[{"embeddable":true,"href":"https:\/\/solecentrodeimagen.com\/fr\/wp-json\/wp\/v2\/comments?post=14709"}],"version-history":[{"count":0,"href":"https:\/\/solecentrodeimagen.com\/fr\/wp-json\/wp\/v2\/pages\/14709\/revisions"}],"up":[{"embeddable":true,"href":"https:\/\/solecentrodeimagen.com\/fr\/wp-json\/wp\/v2\/pages\/12233"}],"wp:attachment":[{"href":"https:\/\/solecentrodeimagen.com\/fr\/wp-json\/wp\/v2\/media?parent=14709"}],"curies":[{"name":"wp","href":"https:\/\/api.w.org\/{rel}","templated":true}]}}