{"id":14806,"date":"2016-01-28T18:57:16","date_gmt":"2016-01-28T17:57:16","guid":{"rendered":"https:\/\/solecentrodeimagen.com\/?page_id=14806"},"modified":"2022-07-01T12:11:58","modified_gmt":"2022-07-01T10:11:58","slug":"dieta-aporte-proteico","status":"publish","type":"page","link":"https:\/\/solecentrodeimagen.com\/fr\/medicina-estetica\/dieta-aporte-proteico\/","title":{"rendered":"Dieta de aporte proteico (DAP)"},"content":{"rendered":"<div class=\"fusion-fullwidth fullwidth-box fusion-builder-row-1 fusion-flex-container nonhundred-percent-fullwidth non-hundred-percent-height-scrolling\" style=\"--awb-border-radius-top-left:0px;--awb-border-radius-top-right:0px;--awb-border-radius-bottom-right:0px;--awb-border-radius-bottom-left:0px;--awb-flex-wrap:wrap;\" ><div class=\"fusion-builder-row fusion-row fusion-flex-align-items-flex-start fusion-flex-content-wrap\" style=\"max-width:1248px;margin-left: calc(-4% \/ 2 );margin-right: calc(-4% \/ 2 );\"><div class=\"fusion-layout-column fusion_builder_column fusion-builder-column-0 fusion_builder_column_1_1 1_1 fusion-flex-column\" style=\"--awb-bg-size:cover;--awb-width-large:100%;--awb-margin-top-large:0px;--awb-spacing-right-large:1.92%;--awb-margin-bottom-large:0px;--awb-spacing-left-large:1.92%;--awb-width-medium:100%;--awb-spacing-right-medium:1.92%;--awb-spacing-left-medium:1.92%;--awb-width-small:100%;--awb-spacing-right-small:1.92%;--awb-spacing-left-small:1.92%;\"><div class=\"fusion-column-wrapper fusion-flex-justify-content-flex-start fusion-content-layout-column\"><div class=\"fusion-text fusion-text-1\"><p>La dieta de aporte proteico <strong>Ysonut<\/strong>\u00a0es un tratamiento m\u00e9dico \u2013 diet\u00e9tico que se basa en la administraci\u00f3n de productos que contienen prote\u00ednas de alto valor biol\u00f3gico indispensables para\u00a0 mantener la estructura\u00a0 muscular\u00a0 y\u00a0 facilitar\u00a0 la\u00a0 p\u00e9rdida\u00a0 de\u00a0 masa\u00a0 grasa acumulada,\u00a0 aporta\u00a0 adem\u00e1s\u00a0 las\u00a0 cantidades\u00a0 m\u00ednimas\u00a0 esenciales\u00a0 de carbohidratos y l\u00edpidos.<\/p>\n<p style=\"text-align: justify;\">La\u00a0 dieta \u00a0ysonut se\u00a0 establece\u00a0 gracias\u00a0 a\u00a0 procesos\u00a0 metab\u00f3licos\u00a0\u00a0 \u00a0progresivos\u00a0 que permiten una adaptaci\u00f3n gradual del organismo:<\/p>\n<ul style=\"text-align: justify;\">\n<li>Reducci\u00f3n de gl\u00facidos: menor a 50 g\/d\u00eda distribuidos entre preparados\u00a0prote\u00edcos y vegetales en comida y cena. Por encima de estos valores se interrumpe el proceso de beta oxidaci\u00f3n de los \u00e1cidos grasos libres(se interrumpe cetosis).<\/li>\n<\/ul>\n<ul style=\"text-align: justify;\">\n<li>Reducci\u00f3n de l\u00edpidos: 10 a 20 g de aceite(oliva virgen) son suficientes para evitar una posible colelitiasis. Esta disminuci\u00f3n es responsable de\u00a0estre\u00f1imiento, por lo que debe suplementarse con sodio, potasio, omega\u00a03-6.<\/li>\n<\/ul>\n<p style=\"text-align: justify;\"><strong>Ventajas<\/strong><\/p>\n<ul style=\"text-align: justify;\">\n<li>P\u00e9rdida r\u00e1pida de peso (7 a 10 kg\/mes)<\/li>\n<li>Asusencia de hambre<\/li>\n<li>Sensaci\u00f3n de vitalidad<\/li>\n<li>Preservaci\u00f3n de masa muscular<\/li>\n<li>Mantenimiento de tonicidad muscular y cut\u00e1nea<\/li>\n<li>M\u00e9todo sencillo<\/li>\n<li>R\u00e1pida normalizaci\u00f3n de las alteraciones cl\u00ednicas y biol\u00f3gicas<\/li>\n<li>Coste moderado<\/li>\n<li>M\u00e9todo seguro con base cientifica y protocolizado<\/li>\n<\/ul>\n<p style=\"text-align: justify;\"><strong>Desventajas<\/strong><\/p>\n<ul>\n<li style=\"text-align: justify;\">No admite desviaciones, requiere un compromiso por parte del paciente<\/li>\n<li style=\"text-align: justify;\">Puede dificultar la adquisici\u00f3n de h\u00e1bitos saludables principalmente en la fase de reintroducci\u00f3n de alimentos<\/li>\n<li style=\"text-align: justify;\">Requiere sin lugar a excepciones realizar una anal\u00edtica completa y en el caso de mayores de 40 a\u00f1os o con antecedentes un EKG<\/li>\n<li style=\"text-align: justify;\">Se necesitan dos a tres d\u00edas para entrar en cetosis, hasta entonces el paciente puede sentir hambre.<\/li>\n<\/ul>\n<p><img decoding=\"async\" class=\"aligncenter wp-image-17465 size-full\" src=\"https:\/\/solecentrodeimagen.com\/wp-content\/uploads\/2016\/01\/proteifine_home3.jpg\" alt=\"Dieta ysonut\" width=\"696\" height=\"276\" srcset=\"https:\/\/solecentrodeimagen.com\/wp-content\/uploads\/2016\/01\/proteifine_home3-200x79.jpg 200w, https:\/\/solecentrodeimagen.com\/wp-content\/uploads\/2016\/01\/proteifine_home3-300x119.jpg 300w, https:\/\/solecentrodeimagen.com\/wp-content\/uploads\/2016\/01\/proteifine_home3-400x159.jpg 400w, https:\/\/solecentrodeimagen.com\/wp-content\/uploads\/2016\/01\/proteifine_home3-500x198.jpg 500w, https:\/\/solecentrodeimagen.com\/wp-content\/uploads\/2016\/01\/proteifine_home3-600x238.jpg 600w, https:\/\/solecentrodeimagen.com\/wp-content\/uploads\/2016\/01\/proteifine_home3.jpg 696w\" sizes=\"(max-width: 696px) 100vw, 696px\" \/><\/p>\n<p>Si est\u00e1 interesada\/o en este tratamiento y quiere realizar alguna consulta, pinche\u00a0<span style=\"color: #993366;\"><strong><a style=\"color: #993366;\" href=\"https:\/\/solecentrodeimagen.com\/contacto\/\">aqu\u00ed.<\/a><\/strong><\/span><\/p>\n<\/div><\/div><\/div><\/div><\/div>\n","protected":false},"excerpt":{"rendered":"","protected":false},"author":13,"featured_media":0,"parent":11781,"menu_order":0,"comment_status":"open","ping_status":"closed","template":"","meta":{"footnotes":""},"class_list":["post-14806","page","type-page","status-publish","hentry"],"translation":{"provider":"WPGlobus","version":"3.0.0","language":"fr","enabled_languages":["es","en","fr"],"languages":{"es":{"title":true,"content":true,"excerpt":false},"en":{"title":false,"content":false,"excerpt":false},"fr":{"title":false,"content":false,"excerpt":false}}},"yoast_head":"<!-- This site is optimized with the Yoast SEO plugin v23.5 - https:\/\/yoast.com\/wordpress\/plugins\/seo\/ -->\n<title>Dieta de aporte proteico (DAP) | Sole Centro de Imagen<\/title>\n<meta name=\"robots\" content=\"index, follow, max-snippet:-1, max-image-preview:large, max-video-preview:-1\" \/>\n<link rel=\"canonical\" href=\"https:\/\/solecentrodeimagen.com\/medicina-estetica\/dieta-aporte-proteico\/\" \/>\n<meta property=\"og:locale\" content=\"fr_FR\" \/>\n<meta property=\"og:type\" content=\"article\" \/>\n<meta property=\"og:title\" content=\"Dieta de aporte proteico (DAP) | Sole Centro de Imagen\" \/>\n<meta property=\"og:url\" content=\"https:\/\/solecentrodeimagen.com\/medicina-estetica\/dieta-aporte-proteico\/\" \/>\n<meta property=\"og:site_name\" content=\"Sole Centro de Imagen\" \/>\n<meta property=\"article:publisher\" content=\"http:\/\/www.facebook.com\/solecentrodeimagen\" \/>\n<meta property=\"article:modified_time\" content=\"2022-07-01T10:11:58+00:00\" \/>\n<meta property=\"og:image\" content=\"https:\/\/solecentrodeimagen.com\/wp-content\/uploads\/2016\/01\/proteifine_home3.jpg\" \/>\n<meta name=\"twitter:card\" content=\"summary_large_image\" \/>\n<meta name=\"twitter:label1\" content=\"Est. reading time\" \/>\n\t<meta name=\"twitter:data1\" content=\"3 minutes\" \/>\n<script type=\"application\/ld+json\" class=\"yoast-schema-graph\">{\"@context\":\"https:\/\/schema.org\",\"@graph\":[{\"@type\":\"WebPage\",\"@id\":\"https:\/\/solecentrodeimagen.com\/medicina-estetica\/dieta-aporte-proteico\/\",\"url\":\"https:\/\/solecentrodeimagen.com\/medicina-estetica\/dieta-aporte-proteico\/\",\"name\":\"Dieta de aporte proteico (DAP) | Sole Centro de Imagen\",\"isPartOf\":{\"@id\":\"https:\/\/solecentrodeimagen.com\/#website\"},\"primaryImageOfPage\":{\"@id\":\"https:\/\/solecentrodeimagen.com\/medicina-estetica\/dieta-aporte-proteico\/#primaryimage\"},\"image\":{\"@id\":\"https:\/\/solecentrodeimagen.com\/medicina-estetica\/dieta-aporte-proteico\/#primaryimage\"},\"thumbnailUrl\":\"https:\/\/solecentrodeimagen.com\/wp-content\/uploads\/2016\/01\/proteifine_home3.jpg\",\"datePublished\":\"2016-01-28T17:57:16+00:00\",\"dateModified\":\"2022-07-01T10:11:58+00:00\",\"description\":\"La dieta de aporte proteico facilita la p\u00e9rdida de grasa acumulada aportando carbohidratos y l\u00edpidos esenciales y manteniendo la estructura muscular.\",\"breadcrumb\":{\"@id\":\"https:\/\/solecentrodeimagen.com\/medicina-estetica\/dieta-aporte-proteico\/#breadcrumb\"},\"inLanguage\":\"fr-FR\",\"potentialAction\":[{\"@type\":\"ReadAction\",\"target\":[\"https:\/\/solecentrodeimagen.com\/medicina-estetica\/dieta-aporte-proteico\/\"]}]},{\"@type\":\"ImageObject\",\"inLanguage\":\"fr-FR\",\"@id\":\"https:\/\/solecentrodeimagen.com\/medicina-estetica\/dieta-aporte-proteico\/#primaryimage\",\"url\":\"https:\/\/solecentrodeimagen.com\/wp-content\/uploads\/2016\/01\/proteifine_home3.jpg\",\"contentUrl\":\"https:\/\/solecentrodeimagen.com\/wp-content\/uploads\/2016\/01\/proteifine_home3.jpg\"},{\"@type\":\"BreadcrumbList\",\"@id\":\"https:\/\/solecentrodeimagen.com\/medicina-estetica\/dieta-aporte-proteico\/#breadcrumb\",\"itemListElement\":[{\"@type\":\"ListItem\",\"position\":1,\"name\":\"Home\",\"item\":\"https:\/\/solecentrodeimagen.com\/\"},{\"@type\":\"ListItem\",\"position\":2,\"name\":\"Tratamientos de Medicina Est\u00e9tica\",\"item\":\"https:\/\/solecentrodeimagen.com\/medicina-estetica\/\"},{\"@type\":\"ListItem\",\"position\":3,\"name\":\"Dieta de aporte proteico (DAP)\"}]},{\"@type\":\"WebSite\",\"@id\":\"https:\/\/solecentrodeimagen.com\/#website\",\"url\":\"https:\/\/solecentrodeimagen.com\/\",\"name\":\"Sole Centro de Imagen\",\"description\":\"Centro Medicina Est\u00e9tica, Dermatolog\u00eda y Est\u00e9tica avanzada\",\"publisher\":{\"@id\":\"https:\/\/solecentrodeimagen.com\/#organization\"},\"potentialAction\":[{\"@type\":\"SearchAction\",\"target\":{\"@type\":\"EntryPoint\",\"urlTemplate\":\"https:\/\/solecentrodeimagen.com\/?s={search_term_string}\"},\"query-input\":{\"@type\":\"PropertyValueSpecification\",\"valueRequired\":true,\"valueName\":\"search_term_string\"}}],\"inLanguage\":\"fr-FR\"},{\"@type\":\"Organization\",\"@id\":\"https:\/\/solecentrodeimagen.com\/#organization\",\"name\":\"Sole Centro de Imagen Integral\",\"url\":\"https:\/\/solecentrodeimagen.com\/\",\"logo\":{\"@type\":\"ImageObject\",\"inLanguage\":\"fr-FR\",\"@id\":\"https:\/\/solecentrodeimagen.com\/#\/schema\/logo\/image\/\",\"url\":\"https:\/\/solecentrodeimagen.com\/wp-content\/uploads\/2016\/06\/logo-solecentromedico.png\",\"contentUrl\":\"https:\/\/solecentrodeimagen.com\/wp-content\/uploads\/2016\/06\/logo-solecentromedico.png\",\"width\":281,\"height\":96,\"caption\":\"Sole Centro de Imagen Integral\"},\"image\":{\"@id\":\"https:\/\/solecentrodeimagen.com\/#\/schema\/logo\/image\/\"},\"sameAs\":[\"http:\/\/www.facebook.com\/solecentrodeimagen\",\"http:\/\/www.instagram.com\/solecentrodeimagen\"]}]}<\/script>\n<!-- \/ Yoast SEO plugin. -->","yoast_head_json":{"title":"Dieta de aporte proteico (DAP) | Sole Centro de Imagen","robots":{"index":"index","follow":"follow","max-snippet":"max-snippet:-1","max-image-preview":"max-image-preview:large","max-video-preview":"max-video-preview:-1"},"canonical":"https:\/\/solecentrodeimagen.com\/medicina-estetica\/dieta-aporte-proteico\/","og_locale":"fr_FR","og_type":"article","og_title":"Dieta de aporte proteico (DAP) | Sole Centro de Imagen","og_url":"https:\/\/solecentrodeimagen.com\/medicina-estetica\/dieta-aporte-proteico\/","og_site_name":"Sole Centro de Imagen","article_publisher":"http:\/\/www.facebook.com\/solecentrodeimagen","article_modified_time":"2022-07-01T10:11:58+00:00","og_image":[{"url":"https:\/\/solecentrodeimagen.com\/wp-content\/uploads\/2016\/01\/proteifine_home3.jpg"}],"twitter_card":"summary_large_image","twitter_misc":{"Est. reading time":"3 minutes"},"schema":{"@context":"https:\/\/schema.org","@graph":[{"@type":"WebPage","@id":"https:\/\/solecentrodeimagen.com\/medicina-estetica\/dieta-aporte-proteico\/","url":"https:\/\/solecentrodeimagen.com\/medicina-estetica\/dieta-aporte-proteico\/","name":"Dieta de aporte proteico (DAP) | Sole Centro de Imagen","isPartOf":{"@id":"https:\/\/solecentrodeimagen.com\/#website"},"primaryImageOfPage":{"@id":"https:\/\/solecentrodeimagen.com\/medicina-estetica\/dieta-aporte-proteico\/#primaryimage"},"image":{"@id":"https:\/\/solecentrodeimagen.com\/medicina-estetica\/dieta-aporte-proteico\/#primaryimage"},"thumbnailUrl":"https:\/\/solecentrodeimagen.com\/wp-content\/uploads\/2016\/01\/proteifine_home3.jpg","datePublished":"2016-01-28T17:57:16+00:00","dateModified":"2022-07-01T10:11:58+00:00","description":"La dieta de aporte proteico facilita la p\u00e9rdida de grasa acumulada aportando carbohidratos y l\u00edpidos esenciales y manteniendo la estructura muscular.","breadcrumb":{"@id":"https:\/\/solecentrodeimagen.com\/medicina-estetica\/dieta-aporte-proteico\/#breadcrumb"},"inLanguage":"fr-FR","potentialAction":[{"@type":"ReadAction","target":["https:\/\/solecentrodeimagen.com\/medicina-estetica\/dieta-aporte-proteico\/"]}]},{"@type":"ImageObject","inLanguage":"fr-FR","@id":"https:\/\/solecentrodeimagen.com\/medicina-estetica\/dieta-aporte-proteico\/#primaryimage","url":"https:\/\/solecentrodeimagen.com\/wp-content\/uploads\/2016\/01\/proteifine_home3.jpg","contentUrl":"https:\/\/solecentrodeimagen.com\/wp-content\/uploads\/2016\/01\/proteifine_home3.jpg"},{"@type":"BreadcrumbList","@id":"https:\/\/solecentrodeimagen.com\/medicina-estetica\/dieta-aporte-proteico\/#breadcrumb","itemListElement":[{"@type":"ListItem","position":1,"name":"Home","item":"https:\/\/solecentrodeimagen.com\/"},{"@type":"ListItem","position":2,"name":"Tratamientos de Medicina Est\u00e9tica","item":"https:\/\/solecentrodeimagen.com\/medicina-estetica\/"},{"@type":"ListItem","position":3,"name":"Dieta de aporte proteico (DAP)"}]},{"@type":"WebSite","@id":"https:\/\/solecentrodeimagen.com\/#website","url":"https:\/\/solecentrodeimagen.com\/","name":"Sole Centro de Imagen","description":"Centro Medicina Est\u00e9tica, Dermatolog\u00eda y Est\u00e9tica avanzada","publisher":{"@id":"https:\/\/solecentrodeimagen.com\/#organization"},"potentialAction":[{"@type":"SearchAction","target":{"@type":"EntryPoint","urlTemplate":"https:\/\/solecentrodeimagen.com\/?s={search_term_string}"},"query-input":{"@type":"PropertyValueSpecification","valueRequired":true,"valueName":"search_term_string"}}],"inLanguage":"fr-FR"},{"@type":"Organization","@id":"https:\/\/solecentrodeimagen.com\/#organization","name":"Sole Centro de Imagen Integral","url":"https:\/\/solecentrodeimagen.com\/","logo":{"@type":"ImageObject","inLanguage":"fr-FR","@id":"https:\/\/solecentrodeimagen.com\/#\/schema\/logo\/image\/","url":"https:\/\/solecentrodeimagen.com\/wp-content\/uploads\/2016\/06\/logo-solecentromedico.png","contentUrl":"https:\/\/solecentrodeimagen.com\/wp-content\/uploads\/2016\/06\/logo-solecentromedico.png","width":281,"height":96,"caption":"Sole Centro de Imagen Integral"},"image":{"@id":"https:\/\/solecentrodeimagen.com\/#\/schema\/logo\/image\/"},"sameAs":["http:\/\/www.facebook.com\/solecentrodeimagen","http:\/\/www.instagram.com\/solecentrodeimagen"]}]}},"_links":{"self":[{"href":"https:\/\/solecentrodeimagen.com\/fr\/wp-json\/wp\/v2\/pages\/14806"}],"collection":[{"href":"https:\/\/solecentrodeimagen.com\/fr\/wp-json\/wp\/v2\/pages"}],"about":[{"href":"https:\/\/solecentrodeimagen.com\/fr\/wp-json\/wp\/v2\/types\/page"}],"author":[{"embeddable":true,"href":"https:\/\/solecentrodeimagen.com\/fr\/wp-json\/wp\/v2\/users\/13"}],"replies":[{"embeddable":true,"href":"https:\/\/solecentrodeimagen.com\/fr\/wp-json\/wp\/v2\/comments?post=14806"}],"version-history":[{"count":3,"href":"https:\/\/solecentrodeimagen.com\/fr\/wp-json\/wp\/v2\/pages\/14806\/revisions"}],"predecessor-version":[{"id":22106,"href":"https:\/\/solecentrodeimagen.com\/fr\/wp-json\/wp\/v2\/pages\/14806\/revisions\/22106"}],"up":[{"embeddable":true,"href":"https:\/\/solecentrodeimagen.com\/fr\/wp-json\/wp\/v2\/pages\/11781"}],"wp:attachment":[{"href":"https:\/\/solecentrodeimagen.com\/fr\/wp-json\/wp\/v2\/media?parent=14806"}],"curies":[{"name":"wp","href":"https:\/\/api.w.org\/{rel}","templated":true}]}}