{"id":14950,"date":"2022-03-29T12:13:03","date_gmt":"2022-03-29T10:13:03","guid":{"rendered":"https:\/\/solecentrodeimagen.com\/?page_id=14950"},"modified":"2024-10-02T11:26:08","modified_gmt":"2024-10-02T09:26:08","slug":"peeling-quimico","status":"publish","type":"page","link":"https:\/\/solecentrodeimagen.com\/fr\/medicina-estetica\/peeling-quimico\/","title":{"rendered":"Peeling qu\u00edmico"},"content":{"rendered":"<div class=\"fusion-fullwidth fullwidth-box fusion-builder-row-1 fusion-flex-container nonhundred-percent-fullwidth non-hundred-percent-height-scrolling\" style=\"--awb-border-radius-top-left:0px;--awb-border-radius-top-right:0px;--awb-border-radius-bottom-right:0px;--awb-border-radius-bottom-left:0px;--awb-flex-wrap:wrap;\" ><div class=\"fusion-builder-row fusion-row fusion-flex-align-items-flex-start fusion-flex-content-wrap\" style=\"max-width:1248px;margin-left: calc(-4% \/ 2 );margin-right: calc(-4% \/ 2 );\"><div class=\"fusion-layout-column fusion_builder_column fusion-builder-column-0 fusion_builder_column_1_1 1_1 fusion-flex-column\" style=\"--awb-bg-size:cover;--awb-width-large:100%;--awb-margin-top-large:0px;--awb-spacing-right-large:1.92%;--awb-margin-bottom-large:0px;--awb-spacing-left-large:1.92%;--awb-width-medium:100%;--awb-spacing-right-medium:1.92%;--awb-spacing-left-medium:1.92%;--awb-width-small:100%;--awb-spacing-right-small:1.92%;--awb-spacing-left-small:1.92%;\"><div class=\"fusion-column-wrapper fusion-flex-justify-content-flex-start fusion-content-layout-column\"><div class=\"fusion-text fusion-text-1\"><header><img decoding=\"async\" class=\"alignright wp-image-16409\" title=\"peeling qu\u00edmico\" src=\"https:\/\/solecentrodeimagen.com\/wp-content\/uploads\/2016\/01\/peelingshutterstock_46610671peq.jpg\" alt=\"peeling qu\u00edmico\" width=\"281\" height=\"186\" srcset=\"https:\/\/solecentrodeimagen.com\/wp-content\/uploads\/2016\/01\/peelingshutterstock_46610671peq-300x199.jpg 300w, https:\/\/solecentrodeimagen.com\/wp-content\/uploads\/2016\/01\/peelingshutterstock_46610671peq.jpg 350w\" sizes=\"(max-width: 281px) 100vw, 281px\" \/><\/p>\n<div class=\"thecategory\" style=\"text-align: justify;\">El <strong>peeling qu\u00edmico<\/strong> es un proceso seguro que consiste en la aplicaci\u00f3n de un exfoliante qu\u00edmico que tiene por finalidad provocar una lesi\u00f3n controlada de la epidermis y la dermis, retirando las capas superficiales y mejorando \u00a0la apariencia de la piel ayudando a quitar manchas, arrugas, cicatrices del acn\u00e9 y otros problemas est\u00e9ticos de la piel.<\/div>\n<\/header>\n<p style=\"text-align: justify;\">Dependiendo de la profundidad que se quiere alcanzar, existen diversas formulaciones \u00e1cidas o alcalinas.<\/p>\n<h2>Tipos de peeling<\/h2>\n<p>Seg\u00fan la profundidad del peeling, su efecto va a variar, hay tres tipos de peelings qu\u00edmicos:<\/p>\n<ul>\n<li><strong>Peeling profundo:<\/strong> dise\u00f1ado para poder actuar de forma profunda ayudando a eliminar tanto arrugas superficiales, como las medias y profundas, queratosis, manchas solares, y tambi\u00e9n la flacidez. Los resultados esperados son muy efectivos.<\/li>\n<li><strong>Peeling medio:<\/strong>\u00a0Combate arrugas leves, manchas solares, envejecimiento, se emplean principalmente las sustancias en mascarilla de soluci\u00f3n de fenol, soluci\u00f3n de \u00e1cido trocloroac\u00e9tico y \u00e1cido\u00a0tricloroac\u00e9tico.<\/li>\n<li><strong>Peeling superficial:<\/strong>\u00a0Indicado para combatir el cutis graso, arrugas leves y \u00a0cicatrices originadas por el acn\u00e9. Ayuda a mejorar el aspecto de la piel devolviendo luminosidad y haci\u00e9ndola lucir m\u00e1s joven.<\/li>\n<\/ul>\n<p style=\"text-align: justify;\">Si est\u00e1 interesada\/o en este tratamiento y quiere realizar alguna consulta, pinche\u00a0<span style=\"color: #993366;\"><strong><a style=\"color: #993366;\" href=\"https:\/\/solecentrodeimagen.com\/contacto\/\">aqu\u00ed<\/a><\/strong><\/span>.<\/p>\n<\/div><\/div><\/div><\/div><\/div>\n","protected":false},"excerpt":{"rendered":"","protected":false},"author":13,"featured_media":0,"parent":11781,"menu_order":0,"comment_status":"closed","ping_status":"closed","template":"","meta":{"footnotes":""},"class_list":["post-14950","page","type-page","status-publish","hentry"],"translation":{"provider":"WPGlobus","version":"3.0.0","language":"fr","enabled_languages":["es","en","fr"],"languages":{"es":{"title":true,"content":true,"excerpt":false},"en":{"title":false,"content":false,"excerpt":false},"fr":{"title":false,"content":false,"excerpt":false}}},"yoast_head":"<!-- This site is optimized with the Yoast SEO plugin v23.5 - https:\/\/yoast.com\/wordpress\/plugins\/seo\/ -->\n<title>Peeling qu\u00edmico | Sole Centro de Imagen<\/title>\n<meta name=\"robots\" content=\"index, follow, max-snippet:-1, max-image-preview:large, max-video-preview:-1\" \/>\n<link rel=\"canonical\" href=\"https:\/\/solecentrodeimagen.com\/medicina-estetica\/peeling-quimico\/\" \/>\n<meta property=\"og:locale\" content=\"fr_FR\" \/>\n<meta property=\"og:type\" content=\"article\" \/>\n<meta property=\"og:title\" content=\"Peeling qu\u00edmico | Sole Centro de Imagen\" \/>\n<meta property=\"og:url\" content=\"https:\/\/solecentrodeimagen.com\/medicina-estetica\/peeling-quimico\/\" \/>\n<meta property=\"og:site_name\" content=\"Sole Centro de Imagen\" \/>\n<meta property=\"article:publisher\" content=\"http:\/\/www.facebook.com\/solecentrodeimagen\" \/>\n<meta property=\"article:modified_time\" content=\"2024-10-02T09:26:08+00:00\" \/>\n<meta property=\"og:image\" content=\"https:\/\/solecentrodeimagen.com\/wp-content\/uploads\/2016\/01\/peelingshutterstock_46610671peq.jpg\" \/>\n<meta name=\"twitter:card\" content=\"summary_large_image\" \/>\n<meta name=\"twitter:label1\" content=\"Est. reading time\" \/>\n\t<meta name=\"twitter:data1\" content=\"2 minutes\" \/>\n<script type=\"application\/ld+json\" class=\"yoast-schema-graph\">{\"@context\":\"https:\/\/schema.org\",\"@graph\":[{\"@type\":\"WebPage\",\"@id\":\"https:\/\/solecentrodeimagen.com\/medicina-estetica\/peeling-quimico\/\",\"url\":\"https:\/\/solecentrodeimagen.com\/medicina-estetica\/peeling-quimico\/\",\"name\":\"Peeling qu\u00edmico | Sole Centro de Imagen\",\"isPartOf\":{\"@id\":\"https:\/\/solecentrodeimagen.com\/#website\"},\"primaryImageOfPage\":{\"@id\":\"https:\/\/solecentrodeimagen.com\/medicina-estetica\/peeling-quimico\/#primaryimage\"},\"image\":{\"@id\":\"https:\/\/solecentrodeimagen.com\/medicina-estetica\/peeling-quimico\/#primaryimage\"},\"thumbnailUrl\":\"https:\/\/solecentrodeimagen.com\/wp-content\/uploads\/2016\/01\/peelingshutterstock_46610671peq.jpg\",\"datePublished\":\"2022-03-29T10:13:03+00:00\",\"dateModified\":\"2024-10-02T09:26:08+00:00\",\"description\":\"El peeling qu\u00edmico consiste en la aplicaci\u00f3n de un exfoliante con el fin de retirar las capas superficiales y mejorando la apariencia de la piel.\",\"breadcrumb\":{\"@id\":\"https:\/\/solecentrodeimagen.com\/medicina-estetica\/peeling-quimico\/#breadcrumb\"},\"inLanguage\":\"fr-FR\",\"potentialAction\":[{\"@type\":\"ReadAction\",\"target\":[\"https:\/\/solecentrodeimagen.com\/medicina-estetica\/peeling-quimico\/\"]}]},{\"@type\":\"ImageObject\",\"inLanguage\":\"fr-FR\",\"@id\":\"https:\/\/solecentrodeimagen.com\/medicina-estetica\/peeling-quimico\/#primaryimage\",\"url\":\"https:\/\/solecentrodeimagen.com\/wp-content\/uploads\/2016\/01\/peelingshutterstock_46610671peq.jpg\",\"contentUrl\":\"https:\/\/solecentrodeimagen.com\/wp-content\/uploads\/2016\/01\/peelingshutterstock_46610671peq.jpg\"},{\"@type\":\"BreadcrumbList\",\"@id\":\"https:\/\/solecentrodeimagen.com\/medicina-estetica\/peeling-quimico\/#breadcrumb\",\"itemListElement\":[{\"@type\":\"ListItem\",\"position\":1,\"name\":\"Home\",\"item\":\"https:\/\/solecentrodeimagen.com\/\"},{\"@type\":\"ListItem\",\"position\":2,\"name\":\"Tratamientos de Medicina Est\u00e9tica\",\"item\":\"https:\/\/solecentrodeimagen.com\/medicina-estetica\/\"},{\"@type\":\"ListItem\",\"position\":3,\"name\":\"Peeling qu\u00edmico\"}]},{\"@type\":\"WebSite\",\"@id\":\"https:\/\/solecentrodeimagen.com\/#website\",\"url\":\"https:\/\/solecentrodeimagen.com\/\",\"name\":\"Sole Centro de Imagen\",\"description\":\"Centro Medicina Est\u00e9tica, Dermatolog\u00eda y Est\u00e9tica avanzada\",\"publisher\":{\"@id\":\"https:\/\/solecentrodeimagen.com\/#organization\"},\"potentialAction\":[{\"@type\":\"SearchAction\",\"target\":{\"@type\":\"EntryPoint\",\"urlTemplate\":\"https:\/\/solecentrodeimagen.com\/?s={search_term_string}\"},\"query-input\":{\"@type\":\"PropertyValueSpecification\",\"valueRequired\":true,\"valueName\":\"search_term_string\"}}],\"inLanguage\":\"fr-FR\"},{\"@type\":\"Organization\",\"@id\":\"https:\/\/solecentrodeimagen.com\/#organization\",\"name\":\"Sole Centro de Imagen Integral\",\"url\":\"https:\/\/solecentrodeimagen.com\/\",\"logo\":{\"@type\":\"ImageObject\",\"inLanguage\":\"fr-FR\",\"@id\":\"https:\/\/solecentrodeimagen.com\/#\/schema\/logo\/image\/\",\"url\":\"https:\/\/solecentrodeimagen.com\/wp-content\/uploads\/2016\/06\/logo-solecentromedico.png\",\"contentUrl\":\"https:\/\/solecentrodeimagen.com\/wp-content\/uploads\/2016\/06\/logo-solecentromedico.png\",\"width\":281,\"height\":96,\"caption\":\"Sole Centro de Imagen Integral\"},\"image\":{\"@id\":\"https:\/\/solecentrodeimagen.com\/#\/schema\/logo\/image\/\"},\"sameAs\":[\"http:\/\/www.facebook.com\/solecentrodeimagen\",\"http:\/\/www.instagram.com\/solecentrodeimagen\"]}]}<\/script>\n<!-- \/ Yoast SEO plugin. -->","yoast_head_json":{"title":"Peeling qu\u00edmico | Sole Centro de Imagen","robots":{"index":"index","follow":"follow","max-snippet":"max-snippet:-1","max-image-preview":"max-image-preview:large","max-video-preview":"max-video-preview:-1"},"canonical":"https:\/\/solecentrodeimagen.com\/medicina-estetica\/peeling-quimico\/","og_locale":"fr_FR","og_type":"article","og_title":"Peeling qu\u00edmico | Sole Centro de Imagen","og_url":"https:\/\/solecentrodeimagen.com\/medicina-estetica\/peeling-quimico\/","og_site_name":"Sole Centro de Imagen","article_publisher":"http:\/\/www.facebook.com\/solecentrodeimagen","article_modified_time":"2024-10-02T09:26:08+00:00","og_image":[{"url":"https:\/\/solecentrodeimagen.com\/wp-content\/uploads\/2016\/01\/peelingshutterstock_46610671peq.jpg"}],"twitter_card":"summary_large_image","twitter_misc":{"Est. reading time":"2 minutes"},"schema":{"@context":"https:\/\/schema.org","@graph":[{"@type":"WebPage","@id":"https:\/\/solecentrodeimagen.com\/medicina-estetica\/peeling-quimico\/","url":"https:\/\/solecentrodeimagen.com\/medicina-estetica\/peeling-quimico\/","name":"Peeling qu\u00edmico | Sole Centro de Imagen","isPartOf":{"@id":"https:\/\/solecentrodeimagen.com\/#website"},"primaryImageOfPage":{"@id":"https:\/\/solecentrodeimagen.com\/medicina-estetica\/peeling-quimico\/#primaryimage"},"image":{"@id":"https:\/\/solecentrodeimagen.com\/medicina-estetica\/peeling-quimico\/#primaryimage"},"thumbnailUrl":"https:\/\/solecentrodeimagen.com\/wp-content\/uploads\/2016\/01\/peelingshutterstock_46610671peq.jpg","datePublished":"2022-03-29T10:13:03+00:00","dateModified":"2024-10-02T09:26:08+00:00","description":"El peeling qu\u00edmico consiste en la aplicaci\u00f3n de un exfoliante con el fin de retirar las capas superficiales y mejorando la apariencia de la piel.","breadcrumb":{"@id":"https:\/\/solecentrodeimagen.com\/medicina-estetica\/peeling-quimico\/#breadcrumb"},"inLanguage":"fr-FR","potentialAction":[{"@type":"ReadAction","target":["https:\/\/solecentrodeimagen.com\/medicina-estetica\/peeling-quimico\/"]}]},{"@type":"ImageObject","inLanguage":"fr-FR","@id":"https:\/\/solecentrodeimagen.com\/medicina-estetica\/peeling-quimico\/#primaryimage","url":"https:\/\/solecentrodeimagen.com\/wp-content\/uploads\/2016\/01\/peelingshutterstock_46610671peq.jpg","contentUrl":"https:\/\/solecentrodeimagen.com\/wp-content\/uploads\/2016\/01\/peelingshutterstock_46610671peq.jpg"},{"@type":"BreadcrumbList","@id":"https:\/\/solecentrodeimagen.com\/medicina-estetica\/peeling-quimico\/#breadcrumb","itemListElement":[{"@type":"ListItem","position":1,"name":"Home","item":"https:\/\/solecentrodeimagen.com\/"},{"@type":"ListItem","position":2,"name":"Tratamientos de Medicina Est\u00e9tica","item":"https:\/\/solecentrodeimagen.com\/medicina-estetica\/"},{"@type":"ListItem","position":3,"name":"Peeling qu\u00edmico"}]},{"@type":"WebSite","@id":"https:\/\/solecentrodeimagen.com\/#website","url":"https:\/\/solecentrodeimagen.com\/","name":"Sole Centro de Imagen","description":"Centro Medicina Est\u00e9tica, Dermatolog\u00eda y Est\u00e9tica avanzada","publisher":{"@id":"https:\/\/solecentrodeimagen.com\/#organization"},"potentialAction":[{"@type":"SearchAction","target":{"@type":"EntryPoint","urlTemplate":"https:\/\/solecentrodeimagen.com\/?s={search_term_string}"},"query-input":{"@type":"PropertyValueSpecification","valueRequired":true,"valueName":"search_term_string"}}],"inLanguage":"fr-FR"},{"@type":"Organization","@id":"https:\/\/solecentrodeimagen.com\/#organization","name":"Sole Centro de Imagen Integral","url":"https:\/\/solecentrodeimagen.com\/","logo":{"@type":"ImageObject","inLanguage":"fr-FR","@id":"https:\/\/solecentrodeimagen.com\/#\/schema\/logo\/image\/","url":"https:\/\/solecentrodeimagen.com\/wp-content\/uploads\/2016\/06\/logo-solecentromedico.png","contentUrl":"https:\/\/solecentrodeimagen.com\/wp-content\/uploads\/2016\/06\/logo-solecentromedico.png","width":281,"height":96,"caption":"Sole Centro de Imagen Integral"},"image":{"@id":"https:\/\/solecentrodeimagen.com\/#\/schema\/logo\/image\/"},"sameAs":["http:\/\/www.facebook.com\/solecentrodeimagen","http:\/\/www.instagram.com\/solecentrodeimagen"]}]}},"_links":{"self":[{"href":"https:\/\/solecentrodeimagen.com\/fr\/wp-json\/wp\/v2\/pages\/14950"}],"collection":[{"href":"https:\/\/solecentrodeimagen.com\/fr\/wp-json\/wp\/v2\/pages"}],"about":[{"href":"https:\/\/solecentrodeimagen.com\/fr\/wp-json\/wp\/v2\/types\/page"}],"author":[{"embeddable":true,"href":"https:\/\/solecentrodeimagen.com\/fr\/wp-json\/wp\/v2\/users\/13"}],"replies":[{"embeddable":true,"href":"https:\/\/solecentrodeimagen.com\/fr\/wp-json\/wp\/v2\/comments?post=14950"}],"version-history":[{"count":4,"href":"https:\/\/solecentrodeimagen.com\/fr\/wp-json\/wp\/v2\/pages\/14950\/revisions"}],"predecessor-version":[{"id":22121,"href":"https:\/\/solecentrodeimagen.com\/fr\/wp-json\/wp\/v2\/pages\/14950\/revisions\/22121"}],"up":[{"embeddable":true,"href":"https:\/\/solecentrodeimagen.com\/fr\/wp-json\/wp\/v2\/pages\/11781"}],"wp:attachment":[{"href":"https:\/\/solecentrodeimagen.com\/fr\/wp-json\/wp\/v2\/media?parent=14950"}],"curies":[{"name":"wp","href":"https:\/\/api.w.org\/{rel}","templated":true}]}}