{"id":14952,"date":"2016-01-29T12:13:43","date_gmt":"2016-01-29T11:13:43","guid":{"rendered":"https:\/\/solecentrodeimagen.com\/?page_id=14952"},"modified":"2024-10-02T11:26:09","modified_gmt":"2024-10-02T09:26:09","slug":"mesoterapia-facial-y-corporal","status":"publish","type":"page","link":"https:\/\/solecentrodeimagen.com\/fr\/medicina-estetica\/mesoterapia-facial-y-corporal\/","title":{"rendered":"Mesoterapia Facial y Corporal"},"content":{"rendered":"<p><div class=\"fusion-fullwidth fullwidth-box fusion-builder-row-1 hundred-percent-fullwidth non-hundred-percent-height-scrolling\" style=\"--awb-border-radius-top-left:0px;--awb-border-radius-top-right:0px;--awb-border-radius-bottom-right:0px;--awb-border-radius-bottom-left:0px;--awb-overflow:visible;--awb-flex-wrap:wrap;\" ><div class=\"fusion-builder-row fusion-row\"><div class=\"fusion-layout-column fusion_builder_column fusion-builder-column-0 fusion_builder_column_1_1 1_1 fusion-one-full fusion-column-first fusion-column-last fusion-column-no-min-height\" style=\"--awb-bg-size:cover;--awb-margin-bottom:0px;\"><div class=\"fusion-column-wrapper fusion-flex-column-wrapper-legacy\"><div class=\"fusion-title title fusion-title-1 fusion-sep-none fusion-title-text fusion-title-size-two\" style=\"--awb-margin-bottom:25px;\"><h2 class=\"fusion-title-heading title-heading-left fusion-responsive-typography-calculated\" style=\"margin:0;--fontSize:26;--minFontSize:26;line-height:1.73;\">Mesoterapia facial<\/h2><\/div><div class=\"fusion-text fusion-text-1\"><div class=\"art-PostContent\">\n<div class=\"art-article\">\n<p style=\"text-align: justify;\">La <strong>mesoterapia facial<\/strong> es un tratamiento m\u00e9dico que consiste en infiltrar, a trav\u00e9s de microinyecciones en la dermis superficial, diferentes compuestos espec\u00edficamente preparados para cada tipo de tratamiento. Gracias a estas microinyecciones que se incorporan directamente en la piel los nutrientes, mejoran la estructura del tejido de la cara y cuello. Es un tratamiento minimamente invasivo, no quir\u00fargico, pudi\u00e9ndose incorporar a su vida social y laboral al finalizar la sesi\u00f3n. Suele aplicarse principalmente en rostro, cuello y dorso de las manos.<\/p>\n<p><img decoding=\"async\" class=\"alignright wp-image-17100\" src=\"https:\/\/solecentrodeimagen.com\/wp-content\/uploads\/2016\/01\/Mesoterapia-Facial-300x283.jpg\" alt=\"Mesoterapia facial y corporal\" width=\"277\" height=\"261\" srcset=\"https:\/\/solecentrodeimagen.com\/wp-content\/uploads\/2016\/01\/Mesoterapia-Facial-200x188.jpg 200w, https:\/\/solecentrodeimagen.com\/wp-content\/uploads\/2016\/01\/Mesoterapia-Facial-300x283.jpg 300w, https:\/\/solecentrodeimagen.com\/wp-content\/uploads\/2016\/01\/Mesoterapia-Facial-400x377.jpg 400w, https:\/\/solecentrodeimagen.com\/wp-content\/uploads\/2016\/01\/Mesoterapia-Facial.jpg 415w\" sizes=\"(max-width: 277px) 100vw, 277px\" \/><\/p>\n<p style=\"text-align: justify;\">La composici\u00f3n del compuesto inyectable es muy importante a la hora de determinar un tratamiento de mesoterapia u otro. Por lo general los componente que mas suelen emplearse suelen ser: \u00e1cidos nucleicos: amino\u00e1cidos, \u00e1cido hialur\u00f3nico, diferentes vitaminas como la A, B, C, E aparte de diversos minerales para reactivar el metabolismo celular.<\/p>\n<p style=\"text-align: justify;\">Es importante que la persona que quiere hacerse este tipo de tratamientos sepa que como normal general son recomendables unas 4 sesiones para lograr unos resultados efectivos, aunque es el m\u00e9dico el que debe determinar el numero de sesiones, tambi\u00e9n depender\u00e1 de la edad del paciente, del tipo de piel, de la flacidez, del tipo de arrugas.<\/p>\n<\/div>\n<\/div>\n<\/div><div class=\"fusion-clearfix\"><\/div><\/div><\/div><div class=\"fusion-layout-column fusion_builder_column fusion-builder-column-1 fusion_builder_column_1_1 1_1 fusion-one-full fusion-column-first fusion-column-last fusion-column-no-min-height\" style=\"--awb-bg-size:cover;--awb-margin-bottom:0px;\"><div class=\"fusion-column-wrapper fusion-flex-column-wrapper-legacy\"><div class=\"fusion-title title fusion-title-2 fusion-sep-none fusion-title-text fusion-title-size-two\" style=\"--awb-margin-top:20px;--awb-margin-bottom:25px;\"><h2 class=\"fusion-title-heading title-heading-left fusion-responsive-typography-calculated\" style=\"margin:0;--fontSize:26;--minFontSize:26;line-height:1.73;\">Mesoterapia\u00a0corporal<\/h2><\/div><div class=\"fusion-text fusion-text-2\"><div class=\"art-PostContent\">\n<div class=\"art-article\">\n<p style=\"text-align: justify;\"><img decoding=\"async\" class=\"alignright size-medium wp-image-17106\" src=\"https:\/\/solecentrodeimagen.com\/wp-content\/uploads\/2016\/01\/MESOTERAPIA_CORPORAL-1030x918-244x300.jpg\" alt=\"mesoterapia facial y corporal\" width=\"244\" height=\"300\" srcset=\"https:\/\/solecentrodeimagen.com\/wp-content\/uploads\/2016\/01\/MESOTERAPIA_CORPORAL-1030x918-200x246.jpg 200w, https:\/\/solecentrodeimagen.com\/wp-content\/uploads\/2016\/01\/MESOTERAPIA_CORPORAL-1030x918-244x300.jpg 244w, https:\/\/solecentrodeimagen.com\/wp-content\/uploads\/2016\/01\/MESOTERAPIA_CORPORAL-1030x918-400x492.jpg 400w, https:\/\/solecentrodeimagen.com\/wp-content\/uploads\/2016\/01\/MESOTERAPIA_CORPORAL-1030x918-600x739.jpg 600w, https:\/\/solecentrodeimagen.com\/wp-content\/uploads\/2016\/01\/MESOTERAPIA_CORPORAL-1030x918-700x862.jpg 700w, https:\/\/solecentrodeimagen.com\/wp-content\/uploads\/2016\/01\/MESOTERAPIA_CORPORAL-1030x918.jpg 745w\" sizes=\"(max-width: 244px) 100vw, 244px\" \/>La <strong>mesoterapia corporal <\/strong>es un tratamiendo m\u00e9dico que\u00a0se utiliza para el tratamiento de la celulitis, la flaccidez, las peque\u00f1as adiposidades localizadas, las finas arrugas del escote, el envejecimiento de manos, en el tratamiento de piernas cansadas, problemas circulatorios venosos y linf\u00e1ticos, edemas y en las estr\u00edas rojas.<\/p>\n<p style=\"text-align: justify;\">La medicaci\u00f3n utilizada tiene efectos lipol\u00edticos, activadores de la circulaci\u00f3n, estimuladores del col\u00e1geno tanto a nivel de las paredes venosas como de la dermis, hidratantes, depurativos, drenantes, antirradicales libres, venot\u00f3nicos y regenerantes, etc &#8230;<\/p>\n<\/div>\n<\/div>\n<p>Si est\u00e1 interesada\/o en este tratamiento y le gustar\u00eda\u00a0realizar alguna consulta, pinche\u00a0<strong><span style=\"color: #993366;\"><a style=\"color: #993366;\" href=\"https:\/\/solecentrodeimagen.com\/contacto\">aqu\u00ed.<\/a><\/span><\/strong><\/p>\n<\/div><div class=\"fusion-sep-clear\"><\/div><div class=\"fusion-separator fusion-full-width-sep\" style=\"margin-left: auto;margin-right: auto;margin-top:20px;width:100%;\"><\/div><div class=\"fusion-sep-clear\"><\/div><div class=\"fusion-clearfix\"><\/div><\/div><\/div><div class=\"fusion-layout-column fusion_builder_column fusion-builder-column-2 fusion_builder_column_1_1 1_1 fusion-one-full fusion-column-first fusion-column-last fusion-column-no-min-height\" style=\"--awb-bg-size:cover;--awb-margin-bottom:0px;\"><div class=\"fusion-column-wrapper fusion-flex-column-wrapper-legacy\"><div class=\"fusion-clearfix\"><\/div><\/div><\/div><\/div><\/div><div class=\"fusion-fullwidth fullwidth-box fusion-builder-row-2 fusion-flex-container nonhundred-percent-fullwidth non-hundred-percent-height-scrolling\" style=\"--awb-border-radius-top-left:0px;--awb-border-radius-top-right:0px;--awb-border-radius-bottom-right:0px;--awb-border-radius-bottom-left:0px;--awb-flex-wrap:wrap;\" ><\/div><\/p>\n","protected":false},"excerpt":{"rendered":"","protected":false},"author":13,"featured_media":0,"parent":11781,"menu_order":0,"comment_status":"closed","ping_status":"closed","template":"","meta":{"footnotes":""},"class_list":["post-14952","page","type-page","status-publish","hentry"],"translation":{"provider":"WPGlobus","version":"3.0.0","language":"fr","enabled_languages":["es","en","fr"],"languages":{"es":{"title":true,"content":true,"excerpt":false},"en":{"title":false,"content":false,"excerpt":false},"fr":{"title":false,"content":false,"excerpt":false}}},"yoast_head":"<!-- This site is optimized with the Yoast SEO plugin v23.5 - https:\/\/yoast.com\/wordpress\/plugins\/seo\/ -->\n<title>Mesoterapia Facial y Corporal | Sole Centro de Imagen<\/title>\n<meta name=\"robots\" content=\"index, follow, max-snippet:-1, max-image-preview:large, max-video-preview:-1\" \/>\n<link rel=\"canonical\" href=\"https:\/\/solecentrodeimagen.com\/medicina-estetica\/mesoterapia-facial-y-corporal\/\" \/>\n<meta property=\"og:locale\" content=\"fr_FR\" \/>\n<meta property=\"og:type\" content=\"article\" \/>\n<meta property=\"og:title\" content=\"Mesoterapia Facial y Corporal | Sole Centro de Imagen\" \/>\n<meta property=\"og:url\" content=\"https:\/\/solecentrodeimagen.com\/medicina-estetica\/mesoterapia-facial-y-corporal\/\" \/>\n<meta property=\"og:site_name\" content=\"Sole Centro de Imagen\" \/>\n<meta property=\"article:publisher\" content=\"http:\/\/www.facebook.com\/solecentrodeimagen\" \/>\n<meta property=\"article:modified_time\" content=\"2024-10-02T09:26:09+00:00\" \/>\n<meta property=\"og:image\" content=\"https:\/\/solecentrodeimagen.com\/wp-content\/uploads\/2016\/01\/Mesoterapia-Facial-300x283.jpg\" \/>\n<meta name=\"twitter:card\" content=\"summary_large_image\" \/>\n<meta name=\"twitter:label1\" content=\"Est. reading time\" \/>\n\t<meta name=\"twitter:data1\" content=\"2 minutes\" \/>\n<script type=\"application\/ld+json\" class=\"yoast-schema-graph\">{\"@context\":\"https:\/\/schema.org\",\"@graph\":[{\"@type\":\"WebPage\",\"@id\":\"https:\/\/solecentrodeimagen.com\/medicina-estetica\/mesoterapia-facial-y-corporal\/\",\"url\":\"https:\/\/solecentrodeimagen.com\/medicina-estetica\/mesoterapia-facial-y-corporal\/\",\"name\":\"Mesoterapia Facial y Corporal | Sole Centro de Imagen\",\"isPartOf\":{\"@id\":\"https:\/\/solecentrodeimagen.com\/#website\"},\"primaryImageOfPage\":{\"@id\":\"https:\/\/solecentrodeimagen.com\/medicina-estetica\/mesoterapia-facial-y-corporal\/#primaryimage\"},\"image\":{\"@id\":\"https:\/\/solecentrodeimagen.com\/medicina-estetica\/mesoterapia-facial-y-corporal\/#primaryimage\"},\"thumbnailUrl\":\"https:\/\/solecentrodeimagen.com\/wp-content\/uploads\/2016\/01\/Mesoterapia-Facial-300x283.jpg\",\"datePublished\":\"2016-01-29T11:13:43+00:00\",\"dateModified\":\"2024-10-02T09:26:09+00:00\",\"description\":\"La mesoterapia facial y corporal son tratamientos m\u00e9dicos que consisten en infiltrar en la dermis superficial nutrientes que mejoran la estructura del tejido de la cara y cuello.\",\"breadcrumb\":{\"@id\":\"https:\/\/solecentrodeimagen.com\/medicina-estetica\/mesoterapia-facial-y-corporal\/#breadcrumb\"},\"inLanguage\":\"fr-FR\",\"potentialAction\":[{\"@type\":\"ReadAction\",\"target\":[\"https:\/\/solecentrodeimagen.com\/medicina-estetica\/mesoterapia-facial-y-corporal\/\"]}]},{\"@type\":\"ImageObject\",\"inLanguage\":\"fr-FR\",\"@id\":\"https:\/\/solecentrodeimagen.com\/medicina-estetica\/mesoterapia-facial-y-corporal\/#primaryimage\",\"url\":\"https:\/\/solecentrodeimagen.com\/wp-content\/uploads\/2016\/01\/Mesoterapia-Facial-300x283.jpg\",\"contentUrl\":\"https:\/\/solecentrodeimagen.com\/wp-content\/uploads\/2016\/01\/Mesoterapia-Facial-300x283.jpg\"},{\"@type\":\"BreadcrumbList\",\"@id\":\"https:\/\/solecentrodeimagen.com\/medicina-estetica\/mesoterapia-facial-y-corporal\/#breadcrumb\",\"itemListElement\":[{\"@type\":\"ListItem\",\"position\":1,\"name\":\"Home\",\"item\":\"https:\/\/solecentrodeimagen.com\/\"},{\"@type\":\"ListItem\",\"position\":2,\"name\":\"Tratamientos de Medicina Est\u00e9tica\",\"item\":\"https:\/\/solecentrodeimagen.com\/medicina-estetica\/\"},{\"@type\":\"ListItem\",\"position\":3,\"name\":\"Mesoterapia Facial y Corporal\"}]},{\"@type\":\"WebSite\",\"@id\":\"https:\/\/solecentrodeimagen.com\/#website\",\"url\":\"https:\/\/solecentrodeimagen.com\/\",\"name\":\"Sole Centro de Imagen\",\"description\":\"Centro Medicina Est\u00e9tica, Dermatolog\u00eda y Est\u00e9tica avanzada\",\"publisher\":{\"@id\":\"https:\/\/solecentrodeimagen.com\/#organization\"},\"potentialAction\":[{\"@type\":\"SearchAction\",\"target\":{\"@type\":\"EntryPoint\",\"urlTemplate\":\"https:\/\/solecentrodeimagen.com\/?s={search_term_string}\"},\"query-input\":{\"@type\":\"PropertyValueSpecification\",\"valueRequired\":true,\"valueName\":\"search_term_string\"}}],\"inLanguage\":\"fr-FR\"},{\"@type\":\"Organization\",\"@id\":\"https:\/\/solecentrodeimagen.com\/#organization\",\"name\":\"Sole Centro de Imagen Integral\",\"url\":\"https:\/\/solecentrodeimagen.com\/\",\"logo\":{\"@type\":\"ImageObject\",\"inLanguage\":\"fr-FR\",\"@id\":\"https:\/\/solecentrodeimagen.com\/#\/schema\/logo\/image\/\",\"url\":\"https:\/\/solecentrodeimagen.com\/wp-content\/uploads\/2016\/06\/logo-solecentromedico.png\",\"contentUrl\":\"https:\/\/solecentrodeimagen.com\/wp-content\/uploads\/2016\/06\/logo-solecentromedico.png\",\"width\":281,\"height\":96,\"caption\":\"Sole Centro de Imagen Integral\"},\"image\":{\"@id\":\"https:\/\/solecentrodeimagen.com\/#\/schema\/logo\/image\/\"},\"sameAs\":[\"http:\/\/www.facebook.com\/solecentrodeimagen\",\"http:\/\/www.instagram.com\/solecentrodeimagen\"]}]}<\/script>\n<!-- \/ Yoast SEO plugin. -->","yoast_head_json":{"title":"Mesoterapia Facial y Corporal | Sole Centro de Imagen","robots":{"index":"index","follow":"follow","max-snippet":"max-snippet:-1","max-image-preview":"max-image-preview:large","max-video-preview":"max-video-preview:-1"},"canonical":"https:\/\/solecentrodeimagen.com\/medicina-estetica\/mesoterapia-facial-y-corporal\/","og_locale":"fr_FR","og_type":"article","og_title":"Mesoterapia Facial y Corporal | Sole Centro de Imagen","og_url":"https:\/\/solecentrodeimagen.com\/medicina-estetica\/mesoterapia-facial-y-corporal\/","og_site_name":"Sole Centro de Imagen","article_publisher":"http:\/\/www.facebook.com\/solecentrodeimagen","article_modified_time":"2024-10-02T09:26:09+00:00","og_image":[{"url":"https:\/\/solecentrodeimagen.com\/wp-content\/uploads\/2016\/01\/Mesoterapia-Facial-300x283.jpg"}],"twitter_card":"summary_large_image","twitter_misc":{"Est. reading time":"2 minutes"},"schema":{"@context":"https:\/\/schema.org","@graph":[{"@type":"WebPage","@id":"https:\/\/solecentrodeimagen.com\/medicina-estetica\/mesoterapia-facial-y-corporal\/","url":"https:\/\/solecentrodeimagen.com\/medicina-estetica\/mesoterapia-facial-y-corporal\/","name":"Mesoterapia Facial y Corporal | Sole Centro de Imagen","isPartOf":{"@id":"https:\/\/solecentrodeimagen.com\/#website"},"primaryImageOfPage":{"@id":"https:\/\/solecentrodeimagen.com\/medicina-estetica\/mesoterapia-facial-y-corporal\/#primaryimage"},"image":{"@id":"https:\/\/solecentrodeimagen.com\/medicina-estetica\/mesoterapia-facial-y-corporal\/#primaryimage"},"thumbnailUrl":"https:\/\/solecentrodeimagen.com\/wp-content\/uploads\/2016\/01\/Mesoterapia-Facial-300x283.jpg","datePublished":"2016-01-29T11:13:43+00:00","dateModified":"2024-10-02T09:26:09+00:00","description":"La mesoterapia facial y corporal son tratamientos m\u00e9dicos que consisten en infiltrar en la dermis superficial nutrientes que mejoran la estructura del tejido de la cara y cuello.","breadcrumb":{"@id":"https:\/\/solecentrodeimagen.com\/medicina-estetica\/mesoterapia-facial-y-corporal\/#breadcrumb"},"inLanguage":"fr-FR","potentialAction":[{"@type":"ReadAction","target":["https:\/\/solecentrodeimagen.com\/medicina-estetica\/mesoterapia-facial-y-corporal\/"]}]},{"@type":"ImageObject","inLanguage":"fr-FR","@id":"https:\/\/solecentrodeimagen.com\/medicina-estetica\/mesoterapia-facial-y-corporal\/#primaryimage","url":"https:\/\/solecentrodeimagen.com\/wp-content\/uploads\/2016\/01\/Mesoterapia-Facial-300x283.jpg","contentUrl":"https:\/\/solecentrodeimagen.com\/wp-content\/uploads\/2016\/01\/Mesoterapia-Facial-300x283.jpg"},{"@type":"BreadcrumbList","@id":"https:\/\/solecentrodeimagen.com\/medicina-estetica\/mesoterapia-facial-y-corporal\/#breadcrumb","itemListElement":[{"@type":"ListItem","position":1,"name":"Home","item":"https:\/\/solecentrodeimagen.com\/"},{"@type":"ListItem","position":2,"name":"Tratamientos de Medicina Est\u00e9tica","item":"https:\/\/solecentrodeimagen.com\/medicina-estetica\/"},{"@type":"ListItem","position":3,"name":"Mesoterapia Facial y Corporal"}]},{"@type":"WebSite","@id":"https:\/\/solecentrodeimagen.com\/#website","url":"https:\/\/solecentrodeimagen.com\/","name":"Sole Centro de Imagen","description":"Centro Medicina Est\u00e9tica, Dermatolog\u00eda y Est\u00e9tica avanzada","publisher":{"@id":"https:\/\/solecentrodeimagen.com\/#organization"},"potentialAction":[{"@type":"SearchAction","target":{"@type":"EntryPoint","urlTemplate":"https:\/\/solecentrodeimagen.com\/?s={search_term_string}"},"query-input":{"@type":"PropertyValueSpecification","valueRequired":true,"valueName":"search_term_string"}}],"inLanguage":"fr-FR"},{"@type":"Organization","@id":"https:\/\/solecentrodeimagen.com\/#organization","name":"Sole Centro de Imagen Integral","url":"https:\/\/solecentrodeimagen.com\/","logo":{"@type":"ImageObject","inLanguage":"fr-FR","@id":"https:\/\/solecentrodeimagen.com\/#\/schema\/logo\/image\/","url":"https:\/\/solecentrodeimagen.com\/wp-content\/uploads\/2016\/06\/logo-solecentromedico.png","contentUrl":"https:\/\/solecentrodeimagen.com\/wp-content\/uploads\/2016\/06\/logo-solecentromedico.png","width":281,"height":96,"caption":"Sole Centro de Imagen Integral"},"image":{"@id":"https:\/\/solecentrodeimagen.com\/#\/schema\/logo\/image\/"},"sameAs":["http:\/\/www.facebook.com\/solecentrodeimagen","http:\/\/www.instagram.com\/solecentrodeimagen"]}]}},"_links":{"self":[{"href":"https:\/\/solecentrodeimagen.com\/fr\/wp-json\/wp\/v2\/pages\/14952"}],"collection":[{"href":"https:\/\/solecentrodeimagen.com\/fr\/wp-json\/wp\/v2\/pages"}],"about":[{"href":"https:\/\/solecentrodeimagen.com\/fr\/wp-json\/wp\/v2\/types\/page"}],"author":[{"embeddable":true,"href":"https:\/\/solecentrodeimagen.com\/fr\/wp-json\/wp\/v2\/users\/13"}],"replies":[{"embeddable":true,"href":"https:\/\/solecentrodeimagen.com\/fr\/wp-json\/wp\/v2\/comments?post=14952"}],"version-history":[{"count":2,"href":"https:\/\/solecentrodeimagen.com\/fr\/wp-json\/wp\/v2\/pages\/14952\/revisions"}],"predecessor-version":[{"id":22126,"href":"https:\/\/solecentrodeimagen.com\/fr\/wp-json\/wp\/v2\/pages\/14952\/revisions\/22126"}],"up":[{"embeddable":true,"href":"https:\/\/solecentrodeimagen.com\/fr\/wp-json\/wp\/v2\/pages\/11781"}],"wp:attachment":[{"href":"https:\/\/solecentrodeimagen.com\/fr\/wp-json\/wp\/v2\/media?parent=14952"}],"curies":[{"name":"wp","href":"https:\/\/api.w.org\/{rel}","templated":true}]}}