{"id":16034,"date":"2016-03-12T19:35:01","date_gmt":"2016-03-12T18:35:01","guid":{"rendered":"https:\/\/solecentrodeimagen.com\/?page_id=16034"},"modified":"2017-03-10T18:44:55","modified_gmt":"2017-03-10T17:44:55","slug":"environ","status":"publish","type":"page","link":"https:\/\/solecentrodeimagen.com\/fr\/environ\/","title":{"rendered":"Environ | Les cosm\u00e9tiques du futur"},"content":{"rendered":"<div class=\"art-PostContent\">\n<div class=\"art-article\">\n<p><img decoding=\"async\" class=\" wp-image-16035 alignright\" src=\"https:\/\/solecentrodeimagen.com\/wp-content\/uploads\/2016\/03\/environ.jpg\" alt=\"environ\" width=\"300\" height=\"318\" srcset=\"https:\/\/solecentrodeimagen.com\/wp-content\/uploads\/2016\/03\/environ-283x300.jpg 283w, https:\/\/solecentrodeimagen.com\/wp-content\/uploads\/2016\/03\/environ.jpg 353w\" sizes=\"(max-width: 300px) 100vw, 300px\" \/><\/p>\n<p style=\"text-align: justify;\">La compagnie Environ\u00ae fut fond\u00e9e en 1990 par le Dr. Desmond Fernandes, un c\u00e9l\u00e8bre chirurgien esth\u00e9tique d\u2019Afrique du Sud. En quelques ann\u00e9es elle est devenue une des marques mondiales les plus importantes dans les soins de la peau, et devient une r\u00e9f\u00e9rence pour d\u2019autres entreprises dans le domaine de l\u2019utilisation de vitamines dans des produits cosm\u00e9tiques, surtout la vitamine A. \u00c0 cette \u00e9poque le Dr. Fernandes s\u2019est aper\u00e7u que le cosm\u00e9tique du futur devait contenir des doses ad\u00e9quates de vitamines A, C et autres antioxydants si on voulait prot\u00e9ger la peau des effets n\u00e9gatifs des rayons ultraviolets, du stress, de la mauvaise alimentation et de l\u2019augmentation de la pollution atmosph\u00e9rique, \u00a0qui font que les signes de vieillesse soient de plus en plus visibles et nuisibles.<\/p>\n<p style=\"text-align: justify;\">L\u2019efficacit\u00e9 prouv\u00e9e des produits d\u2019 Environ\u00ae se doit \u00e0 la m\u00e9thode intelligente de combattre les signes \u00e9vidents de vieillissement cutan\u00e9 sans destruction de l\u2019\u00e9piderme, gr\u00e2ce \u00e0 la p\u00e9n\u00e9tration de nutriments indispensables au correct fonctionnement des cellules qui composent la structure de la peau. La profonde base scientifique employ\u00e9e dans le d\u00e9veloppement de ses produits et l\u2019excellence dans la qualit\u00e9 des \u00e9l\u00e9ments employ\u00e9s dans leurs formules sont reconnues par les \u00e9ditoriales et sp\u00e9cialistes \u00a0des soins de la peau de tout le monde. Tous les produits ont pass\u00e9 les tests d\u2019hygi\u00e8ne et de qualit\u00e9 plus importants. On n\u2019emploie pas de conservants, de colorants ni de parfums lors de leur \u00e9laboration pour \u00e9viter ainsi le rejet caus\u00e9 par des r\u00e9actions ind\u00e9sirables.<\/p>\n<p style=\"text-align: justify;\">Les principes actifs plus importants employ\u00e9s dans leurs formules sont: Vitamine A, vitamine C, vitamine E, vitamines B5 et B12, matrixyl et matrixyl 3000, dermaxyl, argireline, resveratrol, b\u00eata carot\u00e8ne, extrait de honeybush, extrait de th\u00e9 vert et de romarin, lycop\u00e8ne, squal\u00e8ne, lut\u00e9ine, c\u00e9ramide 2, huile d\u2019arbre \u00e0 th\u00e9, colostrum de vache, entre autres.<\/p>\n<p style=\"text-align: justify;\">Les produits sont con\u00e7us pour modifier le comportement des cellules qui forment la structure \u00e9pith\u00e9liale, et l\u2019usage incorrect de ceux-ci peut causer des r\u00e9actions ind\u00e9sirables \u00e0 court et \u00e0 long terme.<\/p>\n<p style=\"text-align: justify;\">Environ\u00ae se compose de 11 lignes et chacune d\u2019entre elles est interactive avec les autres,et c\u2019est \u00e0 la conseill\u00e8re de recommander la combinaison de produits la plus appropri\u00e9e au client en fonction d\u2019une s\u00e9rie de facteurs pr\u00e9cis pour bien soigner la peau.<\/p>\n<p style=\"text-align: justify;\">La compagnie Environ\u00ae dispose aussi d\u2019instruments intelligents dont la fonction est de tirer de meilleurs r\u00e9sultats de leurs produits en les utilisant, comme le Roll-CIT Cosm\u00e9tique.<\/p>\n<p style=\"text-align: justify;\">Le Roll-CIT Cosm\u00e9tique est une technique de r\u00e9juv\u00e9nation faciale, s\u00fbre, non envahissante et qui offre d\u2019excellents r\u00e9sultats.<\/p>\n<p style=\"text-align: justify;\">Il s\u2019agit d\u2019un appareil con\u00e7u pour aider \u00e0 une p\u00e9n\u00e9tration plus efficace des mollecules actives du produit et qui s\u2019assure qu\u2019elles arrivent intactes aux zones plus profondes de la peau, pour obtenir la plus grande efficacit\u00e9 possible des principes actifs.<\/p>\n<p style=\"text-align: justify;\">Con\u00e7u pour que le client fasse une utilisation quotidienne chez lui, il contribue consid\u00e9rablement \u00e0 acc\u00e9lerer les r\u00e9sultats attendus par l\u2019applicaction des produits. L\u2019utilisation du Roll-CIT est limit\u00e9e \u00e0 l\u2019utilisation des produits Environ\u00ae.<\/p>\n<p style=\"text-align: justify;\">Les produits Environ\u00ae ne sont offerts que dans les centres reconnus par l\u2019entreprise aux esth\u00e9ticiennes qualifi\u00e9es. Seuls les professionnels de la peau qui ont suivi avec succ\u00e8s la formation offerte par l\u2019entreprise sont d\u00fbment qualifi\u00e9s pour une utilisation correcte des produits Environ\u00ae, et pourront faire un diagnostic et un suivi pr\u00e9cis du client.<\/p>\n<p style=\"text-align: justify;\">Si vous \u00eates interess\u00e9e et \u00a0vous d\u00e9sirez poser une question, cliquez <a href=\"https:\/\/solecentrodeimagen.com\/index.php\/contacto\/\">ici<\/a>.<\/p>\n<\/div>\n<\/div>\n","protected":false},"excerpt":{"rendered":"<p>Environ La empresa Environ \u00ae fue fundada en 1990 por el Dr. Desmond Fernandes, un reconocido cirujano pl\u00e1stico de Sud\u00e1frica. En pocos a\u00f1os se posicion\u00f3 como una de las marcas mundiales l\u00edderes en el cuidado de la piel, siendo adem\u00e1s punto de referencia para otras empresas en el campo de la utilizaci\u00f3n de vitaminas en [&hellip;]<\/p>\n","protected":false},"author":13,"featured_media":17903,"parent":0,"menu_order":0,"comment_status":"open","ping_status":"closed","template":"","meta":{"footnotes":""},"class_list":["post-16034","page","type-page","status-publish","has-post-thumbnail","hentry"],"translation":{"provider":"WPGlobus","version":"3.0.0","language":"fr","enabled_languages":["es","en","fr"],"languages":{"es":{"title":true,"content":true,"excerpt":false},"en":{"title":true,"content":true,"excerpt":false},"fr":{"title":true,"content":true,"excerpt":false}}},"yoast_head":"<!-- This site is optimized with the Yoast SEO plugin v23.5 - https:\/\/yoast.com\/wordpress\/plugins\/seo\/ -->\n<title>Environ | Les cosm\u00e9tiques du futur | Sole Centro de Imagen<\/title>\n<meta name=\"robots\" content=\"index, follow, max-snippet:-1, max-image-preview:large, max-video-preview:-1\" \/>\n<link rel=\"canonical\" href=\"https:\/\/solecentrodeimagen.com\/fr\/environ\/\" \/>\n<meta property=\"og:locale\" content=\"fr_FR\" \/>\n<meta property=\"og:type\" content=\"article\" \/>\n<meta property=\"og:title\" content=\"Environ | Les cosm\u00e9tiques du futur | Sole Centro de Imagen\" \/>\n<meta property=\"og:url\" content=\"https:\/\/solecentrodeimagen.com\/fr\/environ\/\" \/>\n<meta property=\"og:site_name\" content=\"Sole Centro de Imagen\" \/>\n<meta property=\"article:publisher\" content=\"http:\/\/www.facebook.com\/solecentrodeimagen\" \/>\n<meta property=\"article:modified_time\" content=\"2017-03-10T17:44:55+00:00\" \/>\n<meta property=\"og:image\" content=\"https:\/\/solecentrodeimagen.com\/wp-content\/uploads\/2016\/03\/environ-1.jpg\" \/>\n\t<meta property=\"og:image:width\" content=\"584\" \/>\n\t<meta property=\"og:image:height\" content=\"280\" \/>\n\t<meta property=\"og:image:type\" content=\"image\/jpeg\" \/>\n<meta name=\"twitter:card\" content=\"summary_large_image\" \/>\n<meta name=\"twitter:label1\" content=\"Est. reading time\" \/>\n\t<meta name=\"twitter:data1\" content=\"11 minutes\" \/>\n<script type=\"application\/ld+json\" class=\"yoast-schema-graph\">{\"@context\":\"https:\/\/schema.org\",\"@graph\":[{\"@type\":\"WebPage\",\"@id\":\"https:\/\/solecentrodeimagen.com\/fr\/environ\/\",\"url\":\"https:\/\/solecentrodeimagen.com\/fr\/environ\/\",\"name\":\"Environ | Les cosm\u00e9tiques du futur | Sole Centro de Imagen\",\"isPartOf\":{\"@id\":\"https:\/\/solecentrodeimagen.com\/#website\"},\"primaryImageOfPage\":{\"@id\":\"https:\/\/solecentrodeimagen.com\/fr\/environ\/#primaryimage\"},\"image\":{\"@id\":\"https:\/\/solecentrodeimagen.com\/fr\/environ\/#primaryimage\"},\"thumbnailUrl\":\"https:\/\/solecentrodeimagen.com\/wp-content\/uploads\/2016\/03\/environ-1.jpg\",\"datePublished\":\"2016-03-12T18:35:01+00:00\",\"dateModified\":\"2017-03-10T17:44:55+00:00\",\"description\":\"La efectividad contrastada de los productos de Environ \u00aecombate los signos evidentes del envejecimiento cut\u00e1neo sin destrucci\u00f3n de la epidermis.\",\"breadcrumb\":{\"@id\":\"https:\/\/solecentrodeimagen.com\/fr\/environ\/#breadcrumb\"},\"inLanguage\":\"fr-FR\",\"potentialAction\":[{\"@type\":\"ReadAction\",\"target\":[\"https:\/\/solecentrodeimagen.com\/fr\/environ\/\"]}]},{\"@type\":\"ImageObject\",\"inLanguage\":\"fr-FR\",\"@id\":\"https:\/\/solecentrodeimagen.com\/fr\/environ\/#primaryimage\",\"url\":\"https:\/\/solecentrodeimagen.com\/wp-content\/uploads\/2016\/03\/environ-1.jpg\",\"contentUrl\":\"https:\/\/solecentrodeimagen.com\/wp-content\/uploads\/2016\/03\/environ-1.jpg\",\"width\":584,\"height\":280,\"caption\":\"environ\"},{\"@type\":\"BreadcrumbList\",\"@id\":\"https:\/\/solecentrodeimagen.com\/fr\/environ\/#breadcrumb\",\"itemListElement\":[{\"@type\":\"ListItem\",\"position\":1,\"name\":\"Home\",\"item\":\"https:\/\/solecentrodeimagen.com\/\"},{\"@type\":\"ListItem\",\"position\":2,\"name\":\"Environ | Les cosm\u00e9tiques du futur\"}]},{\"@type\":\"WebSite\",\"@id\":\"https:\/\/solecentrodeimagen.com\/#website\",\"url\":\"https:\/\/solecentrodeimagen.com\/\",\"name\":\"Sole Centro de Imagen\",\"description\":\"Centro Medicina Est\u00e9tica, Dermatolog\u00eda y Est\u00e9tica avanzada\",\"publisher\":{\"@id\":\"https:\/\/solecentrodeimagen.com\/#organization\"},\"potentialAction\":[{\"@type\":\"SearchAction\",\"target\":{\"@type\":\"EntryPoint\",\"urlTemplate\":\"https:\/\/solecentrodeimagen.com\/?s={search_term_string}\"},\"query-input\":{\"@type\":\"PropertyValueSpecification\",\"valueRequired\":true,\"valueName\":\"search_term_string\"}}],\"inLanguage\":\"fr-FR\"},{\"@type\":\"Organization\",\"@id\":\"https:\/\/solecentrodeimagen.com\/#organization\",\"name\":\"Sole Centro de Imagen Integral\",\"url\":\"https:\/\/solecentrodeimagen.com\/\",\"logo\":{\"@type\":\"ImageObject\",\"inLanguage\":\"fr-FR\",\"@id\":\"https:\/\/solecentrodeimagen.com\/#\/schema\/logo\/image\/\",\"url\":\"https:\/\/solecentrodeimagen.com\/wp-content\/uploads\/2016\/06\/logo-solecentromedico.png\",\"contentUrl\":\"https:\/\/solecentrodeimagen.com\/wp-content\/uploads\/2016\/06\/logo-solecentromedico.png\",\"width\":281,\"height\":96,\"caption\":\"Sole Centro de Imagen Integral\"},\"image\":{\"@id\":\"https:\/\/solecentrodeimagen.com\/#\/schema\/logo\/image\/\"},\"sameAs\":[\"http:\/\/www.facebook.com\/solecentrodeimagen\",\"http:\/\/www.instagram.com\/solecentrodeimagen\"]}]}<\/script>\n<!-- \/ Yoast SEO plugin. -->","yoast_head_json":{"title":"Environ | Les cosm\u00e9tiques du futur | Sole Centro de Imagen","robots":{"index":"index","follow":"follow","max-snippet":"max-snippet:-1","max-image-preview":"max-image-preview:large","max-video-preview":"max-video-preview:-1"},"canonical":"https:\/\/solecentrodeimagen.com\/fr\/environ\/","og_locale":"fr_FR","og_type":"article","og_title":"Environ | Les cosm\u00e9tiques du futur | Sole Centro de Imagen","og_url":"https:\/\/solecentrodeimagen.com\/fr\/environ\/","og_site_name":"Sole Centro de Imagen","article_publisher":"http:\/\/www.facebook.com\/solecentrodeimagen","article_modified_time":"2017-03-10T17:44:55+00:00","og_image":[{"width":584,"height":280,"url":"https:\/\/solecentrodeimagen.com\/wp-content\/uploads\/2016\/03\/environ-1.jpg","type":"image\/jpeg"}],"twitter_card":"summary_large_image","twitter_misc":{"Est. reading time":"11 minutes"},"schema":{"@context":"https:\/\/schema.org","@graph":[{"@type":"WebPage","@id":"https:\/\/solecentrodeimagen.com\/fr\/environ\/","url":"https:\/\/solecentrodeimagen.com\/fr\/environ\/","name":"Environ | Les cosm\u00e9tiques du futur | Sole Centro de Imagen","isPartOf":{"@id":"https:\/\/solecentrodeimagen.com\/#website"},"primaryImageOfPage":{"@id":"https:\/\/solecentrodeimagen.com\/fr\/environ\/#primaryimage"},"image":{"@id":"https:\/\/solecentrodeimagen.com\/fr\/environ\/#primaryimage"},"thumbnailUrl":"https:\/\/solecentrodeimagen.com\/wp-content\/uploads\/2016\/03\/environ-1.jpg","datePublished":"2016-03-12T18:35:01+00:00","dateModified":"2017-03-10T17:44:55+00:00","description":"La efectividad contrastada de los productos de Environ \u00aecombate los signos evidentes del envejecimiento cut\u00e1neo sin destrucci\u00f3n de la epidermis.","breadcrumb":{"@id":"https:\/\/solecentrodeimagen.com\/fr\/environ\/#breadcrumb"},"inLanguage":"fr-FR","potentialAction":[{"@type":"ReadAction","target":["https:\/\/solecentrodeimagen.com\/fr\/environ\/"]}]},{"@type":"ImageObject","inLanguage":"fr-FR","@id":"https:\/\/solecentrodeimagen.com\/fr\/environ\/#primaryimage","url":"https:\/\/solecentrodeimagen.com\/wp-content\/uploads\/2016\/03\/environ-1.jpg","contentUrl":"https:\/\/solecentrodeimagen.com\/wp-content\/uploads\/2016\/03\/environ-1.jpg","width":584,"height":280,"caption":"environ"},{"@type":"BreadcrumbList","@id":"https:\/\/solecentrodeimagen.com\/fr\/environ\/#breadcrumb","itemListElement":[{"@type":"ListItem","position":1,"name":"Home","item":"https:\/\/solecentrodeimagen.com\/"},{"@type":"ListItem","position":2,"name":"Environ | Les cosm\u00e9tiques du futur"}]},{"@type":"WebSite","@id":"https:\/\/solecentrodeimagen.com\/#website","url":"https:\/\/solecentrodeimagen.com\/","name":"Sole Centro de Imagen","description":"Centro Medicina Est\u00e9tica, Dermatolog\u00eda y Est\u00e9tica avanzada","publisher":{"@id":"https:\/\/solecentrodeimagen.com\/#organization"},"potentialAction":[{"@type":"SearchAction","target":{"@type":"EntryPoint","urlTemplate":"https:\/\/solecentrodeimagen.com\/?s={search_term_string}"},"query-input":{"@type":"PropertyValueSpecification","valueRequired":true,"valueName":"search_term_string"}}],"inLanguage":"fr-FR"},{"@type":"Organization","@id":"https:\/\/solecentrodeimagen.com\/#organization","name":"Sole Centro de Imagen Integral","url":"https:\/\/solecentrodeimagen.com\/","logo":{"@type":"ImageObject","inLanguage":"fr-FR","@id":"https:\/\/solecentrodeimagen.com\/#\/schema\/logo\/image\/","url":"https:\/\/solecentrodeimagen.com\/wp-content\/uploads\/2016\/06\/logo-solecentromedico.png","contentUrl":"https:\/\/solecentrodeimagen.com\/wp-content\/uploads\/2016\/06\/logo-solecentromedico.png","width":281,"height":96,"caption":"Sole Centro de Imagen Integral"},"image":{"@id":"https:\/\/solecentrodeimagen.com\/#\/schema\/logo\/image\/"},"sameAs":["http:\/\/www.facebook.com\/solecentrodeimagen","http:\/\/www.instagram.com\/solecentrodeimagen"]}]}},"_links":{"self":[{"href":"https:\/\/solecentrodeimagen.com\/fr\/wp-json\/wp\/v2\/pages\/16034"}],"collection":[{"href":"https:\/\/solecentrodeimagen.com\/fr\/wp-json\/wp\/v2\/pages"}],"about":[{"href":"https:\/\/solecentrodeimagen.com\/fr\/wp-json\/wp\/v2\/types\/page"}],"author":[{"embeddable":true,"href":"https:\/\/solecentrodeimagen.com\/fr\/wp-json\/wp\/v2\/users\/13"}],"replies":[{"embeddable":true,"href":"https:\/\/solecentrodeimagen.com\/fr\/wp-json\/wp\/v2\/comments?post=16034"}],"version-history":[{"count":1,"href":"https:\/\/solecentrodeimagen.com\/fr\/wp-json\/wp\/v2\/pages\/16034\/revisions"}],"predecessor-version":[{"id":20676,"href":"https:\/\/solecentrodeimagen.com\/fr\/wp-json\/wp\/v2\/pages\/16034\/revisions\/20676"}],"wp:featuredmedia":[{"embeddable":true,"href":"https:\/\/solecentrodeimagen.com\/fr\/wp-json\/wp\/v2\/media\/17903"}],"wp:attachment":[{"href":"https:\/\/solecentrodeimagen.com\/fr\/wp-json\/wp\/v2\/media?parent=16034"}],"curies":[{"name":"wp","href":"https:\/\/api.w.org\/{rel}","templated":true}]}}