{"id":16275,"date":"2016-03-26T17:04:38","date_gmt":"2016-03-26T16:04:38","guid":{"rendered":"https:\/\/solecentrodeimagen.com\/?page_id=16275"},"modified":"2020-05-10T22:15:34","modified_gmt":"2020-05-10T20:15:34","slug":"politica-de-privacidad","status":"publish","type":"page","link":"https:\/\/solecentrodeimagen.com\/fr\/politica-de-privacidad\/","title":{"rendered":"Pol\u00edtica de privacidad"},"content":{"rendered":"<div class=\"fusion-fullwidth fullwidth-box fusion-builder-row-1 nonhundred-percent-fullwidth non-hundred-percent-height-scrolling\" style=\"--awb-border-radius-top-left:0px;--awb-border-radius-top-right:0px;--awb-border-radius-bottom-right:0px;--awb-border-radius-bottom-left:0px;--awb-flex-wrap:wrap;\" ><div class=\"fusion-builder-row fusion-row\"><div class=\"fusion-layout-column fusion_builder_column fusion-builder-column-0 fusion_builder_column_1_1 1_1 fusion-one-full fusion-column-first fusion-column-last\" style=\"--awb-bg-size:cover;--awb-margin-bottom:0px;\"><div class=\"fusion-column-wrapper fusion-flex-column-wrapper-legacy\"><div class=\"fusion-text fusion-text-1\"><div class=\"post-title-wrapper\">Este texto legal le da detalles de c\u00f3mo se recopilan y procesan sus datos personales al usar nuestro sitio web (), incluyendo cualquier informaci\u00f3n que pueda proporcionarnos a trav\u00e9s del sitio cuando proporciona sus datos de contacto a trav\u00e9s del formulario habilitado para ello.<br \/>\nLe informamos que, al proporcionarnos sus datos, nuestros servicios no son posibles para aquellas personas que la normativa les impide prestar consentimiento, por lo que cuando nos remite los formularios nos garantiza que tiene la capacidad suficiente para otorgar tal consentimiento.<\/div>\n<div><\/div>\n<div class=\"post-title-wrapper\"><strong>1. Responsable del tratamiento.<\/strong><\/div>\n<div class=\"post-title-wrapper\">Datos de contacto del responsable Soledad Jim\u00e9nez Gallardo, URB. CONDAL N\u00ba 35, 29780, Nerja (M\u00e1laga) y correo electr\u00f3nico info@solecentrodeimagen.com<\/div>\n<div><\/div>\n<div><\/div>\n<div class=\"post-title-wrapper\"><strong>2. \u00bfQu\u00e9 datos recopilamos?<\/strong><\/div>\n<div class=\"post-title-wrapper\">Seg\u00fan el Reglamento General de Protecci\u00f3n de Datos un dato personal es toda informaci\u00f3n sobre una persona f\u00edsica identificada o identificable, es decir toda la informaci\u00f3n capaz de identificar a una persona. Esto no incluir\u00eda los datos an\u00f3nimos, ni porcentuales.<\/div>\n<p>Los datos personales que se procesan en nuestra Web podr\u00edan incluir, entre otros datos:<\/p>\n<ul>\n<li>Datos de identidad: nombre, apellido y nombre de usuario.<\/li>\n<li>Datos de contacto: email o direcci\u00f3n de facturaci\u00f3n.<\/li>\n<\/ul>\n<p>No recopilamos ning\u00fan dato relativo a categor\u00edas especiales de datos personales (aquellos que desvelen su origen \u00e9tnico o racial, las opiniones pol\u00edticas, las convicciones religiosas o filos\u00f3ficas, la afiliaci\u00f3n sindical e informaci\u00f3n sobre su salud, datos gen\u00e9ticos o biom\u00e9tricos).<br \/>\nEn caso de que se le solicite recopilar datos personales por ley o seg\u00fan los t\u00e9rminos de contrataci\u00f3n entre nosotros y se niegue a facilit\u00e1rnoslos, es posible que no podamos realizar dicho contrato o prestar el servicio, debiendo comunic\u00e1rnoslo con antelaci\u00f3n.<\/p>\n<p><strong>3. \u00bfC\u00f3mo recopilamos sus datos personales?<\/strong><\/p>\n<p>Los medios que usamos para recopilar datos personales son:<\/p>\n<ul>\n<li><strong>A trav\u00e9s del formulario de nuestra p\u00e1gina web, a trav\u00e9s de nuestros emails de contacto, por tel\u00e9fono o correo postal, cuando, entre otras cosas:<\/strong><br \/>\n&#8211; Solicita informaci\u00f3n de nuestros productos o servicios<br \/>\n&#8211; Contrata la prestaci\u00f3n de nuestros servicios o productos<br \/>\n&#8211; Solicita presupuestos<br \/>\n&#8211; Env\u00eda sus comentarios<\/li>\n<\/ul>\n<p>Para asegurar la calidad de nuestro portal, tenemos que reservamos el derecho de rechazar cualquier solicitud de registro o bien de suspender o cancelar un registro previamente aceptado si entendemos que no cumple estos requisitos o cualquier otra ley o norma. Si esto ocurre, intentaremos exponer los motivos de nuestra decisi\u00f3n, pero no nos podemos comprometer a hacerlo en todos los casos.<\/p>\n<ul>\n<li><strong>A trav\u00e9s de la tecnolog\u00eda o interacciones automatizadas:<\/strong><br \/>\nen nuestro sitio Web podemos recopilar autom\u00e1ticamente datos t\u00e9cnicos sobre su equipo, acciones de navegaci\u00f3n y patrones de uso. Estos datos son recopilados a trav\u00e9s de cookies o tecnolog\u00edas similares. Si quiere ampliar la informaci\u00f3n, puede consultar nuestra pol\u00edtica de cookies <a href=\"https:\/\/solecentrodeimagen.com\/politica-de-cookies\/\">aqu\u00ed.<\/a><\/li>\n<li><strong>A trav\u00e9s de terceros:<\/strong><br \/>\n<strong>Google:<\/strong> datos anal\u00edticos o datos de b\u00fasqueda. Fuera de la Uni\u00f3n Europea.<\/li>\n<\/ul>\n<p><strong>4. Finalidad y legitimidad para el uso de sus datos.<\/strong><\/p>\n<p>Los usos m\u00e1s comunes de sus datos personales son:<br \/>\n&#8211; Para la formalizaci\u00f3n de un contrato entre Soledad Jim\u00e9nez Gallardo y usted.<br \/>\n&#8211; Cuando preste su consentimiento en el tratamiento de sus datos<br \/>\n&#8211; Cuando los necesitemos para dar cumplimiento a una obligaci\u00f3n legal o regulatoria<br \/>\n&#8211; Cuando sea necesario para nuestro inter\u00e9s leg\u00edtimo o de un tercero.<\/p>\n<p>El Usuario podr\u00e1 revocar el consentimiento prestado en cualquier momento enviando un correo a sbsole@hotmail.com o consultando el apartado de ejercicio de derechos m\u00e1s adelante.<\/p>\n<p>Podemos procesar alg\u00fan dato personal por alg\u00fan motivo legal adicional, por lo que si necesita detalles al respecto puede enviar un correo electr\u00f3nico a info@solecentrodeimagen.com<\/p>\n<p><strong>Finalidad:<\/strong> sus datos s\u00f3lo ser\u00e1n utilizados para los fines para los que los recopilamos, a menos que se considere razonablemente que debemos usarlos para otro motivo. Previamente se le notificar\u00e1 para que est\u00e9 informado del motivo legal de su procesamiento y siempre y cuando el fin sea compatible con el prop\u00f3sito original.<\/p>\n<p><strong>Plazo de conservaci\u00f3n:<\/strong> Se conservar\u00e1n durante el tiempo necesario para cumplir con la finalidad para la que se recabaron y para determinar las posibles responsabilidades que se pudieran derivar de dicha finalidad y del tratamiento de los datos. Ser\u00e1 de aplicaci\u00f3n lo dispuesto en las diferentes normativas respecto al plazo de conservaci\u00f3n, en lo que resulte de aplicaci\u00f3n al presente tratamiento.<\/p>\n<p><strong>5. Sus Derechos en Protecci\u00f3n de Datos<\/strong><\/p>\n<p>Los usuarios se podr\u00e1n poner en contacto enviando una comunicaci\u00f3n al domicilio social de Soledad Jim\u00e9nez Gallardo o direcci\u00f3n de correo electr\u00f3nico info@solecentrodeimagen.com, incluyendo fotocopia de su D.N.I u otro documento de identificaci\u00f3n similar, para solicitar el ejercicio de los siguientes derechos:<\/p>\n<p>&#8211; <strong>Acceso<\/strong> a sus datos personales: podr\u00e1 preguntar a Soledad Jim\u00e9nez Gallardo si est\u00e1 usando sus datos personales.<br \/>\n&#8211; <strong>Rectificaci\u00f3n<\/strong> de sus datos personales, si no fuesen correctos.<br \/>\n&#8211; <strong>Derecho al olvido<\/strong> de sus datos personales.<br \/>\n&#8211; <strong>Limitaci\u00f3n del tratamiento:<\/strong> sus datos solo ser\u00e1n conservados por Soledad Jim\u00e9nez Gallardo para el ejercicio o defensa de reclamaciones.<br \/>\n&#8211; <strong>Oposici\u00f3n:<\/strong> podr\u00e1 oponerse al tratamiento de sus datos. En este caso Soledad Jim\u00e9nez Gallardo dejar\u00e1 tratar los datos en la forma que nos indiques, salvo que por motivos leg\u00edtimos o para el ejercicio o defensa de posibles reclamaciones, estos deban seguir siendo tratados.<br \/>\n&#8211; <strong>Portabilidad:<\/strong> en caso de que quiera que sus datos sean tratados por otra firma, Soledad Jim\u00e9nez Gallardo, le facilitar\u00e1 la portabilidad de sus datos al nuevo responsable.<\/p>\n<p>Para ejercer estos derechos podr\u00e1 utilizar los modelos puestos a su disposici\u00f3n por la Agencia Espa\u00f1ola de Protecci\u00f3n de Datos.<\/p>\n<p>De igual modo, podr\u00e1 reclamar ante la A.E.P.D. si considera que hay un problema con la forma en que Soledad Jim\u00e9nez Gallardo est\u00e1 tratando sus datos. Podr\u00e1 dirigir sus reclamaciones a la autoridad de control correspondiente: La Agencia Espa\u00f1ola de Protecci\u00f3n de Datos.<\/p>\n<p>Es posible que tengamos que solicitarle informaci\u00f3n espec\u00edfica para ayudarnos a confirmar su identidad y garantizar su derecho a acceder a sus datos personales (o ejercer cualquier otro de los derechos mencionados anteriormente). Esto es una medida de seguridad para garantizar que los datos personales no se revelen a ninguna persona que no tenga derecho a recibirlos.<\/p>\n<p>Todas las solicitudes las solventamos en el plazo legal indicado de 1 mes. No obstante, puede llevarnos m\u00e1s de un mes si su solicitud es particularmente compleja, o si ya ha realizado una serie de actuaciones previamente. En este caso, le notificaremos y le mantendremos actualizado.<\/p>\n<p><strong>6. Acceso a datos personales para prestaci\u00f3n de servicios<\/strong><\/p>\n<p>Es posible que, en el desempe\u00f1o de nuestro trabajo, necesitemos de la ayuda de terceros (encargados de tratamiento), que solo tratar\u00e1n los datos para prestar el servicio contratado, y con los que disponemos de las correspondientes medidas para garantizar sus derechos:<\/p>\n<p>&#8211; Proveedores de servicios que brindan servicios de administraci\u00f3n de sistemas y tecnolog\u00eda de la informaci\u00f3n.<br \/>\n&#8211; Asesores profesionales que incluyen abogados, auditores y aseguradores que brindan servicios de consultor\u00eda bancarios, legales, de seguros y de contabilidad<\/p>\n<p>Todos los encargados de tratamiento a quienes transferimos sus datos respetaran la seguridad de sus datos personales y los trataran de acuerdo al R.G.P.D.<\/p>\n<p>Solo permitimos que dichos encargados traten sus datos para fines determinados y de conformidad con nuestras instrucciones. No obstante puede solicitarnos, en cumplimiento de la trasparencia un listado de qui\u00e9nes son estas empresas que nos prestan servicios, puede hacerlo al email: info@solecentrodeimagen.com.<\/p>\n<p><strong>7. Seguridad de Datos<\/strong><\/p>\n<p>Hemos implementado las medidas de seguridad adecuadas para evitar que sus datos personales se pierdan accidentalmente, se usen o accedan de forma no autorizada, se modifiquen o divulguen.<br \/>\nAdem\u00e1s, limitamos el acceso a sus datos personales a aquellos empleados, agentes contratistas y otros terceros que tengan una necesidad comercial de conocer dichos datos. Solo procesar\u00e1n sus datos personales seg\u00fan nuestras instrucciones y estar\u00e1n sujetos a un deber de confidencialidad.<\/p>\n<p>Hemos implementado procedimientos para tratar cualquier sospecha de violaci\u00f3n de sus datos personales y se lo notificaremos a usted y a la Autoridad de Control en caso de que ocurriera, tal como queda regulado en el RGPD en sus art\u00edculos 33 y 34, una brecha de seguridad.<\/p>\n<div><\/div>\n<\/div><div class=\"fusion-clearfix\"><\/div><\/div><\/div><\/div><\/div>\n","protected":false},"excerpt":{"rendered":"","protected":false},"author":13,"featured_media":0,"parent":0,"menu_order":0,"comment_status":"closed","ping_status":"closed","template":"","meta":{"footnotes":""},"class_list":["post-16275","page","type-page","status-publish","hentry"],"translation":{"provider":"WPGlobus","version":"3.0.0","language":"fr","enabled_languages":["es","en","fr"],"languages":{"es":{"title":true,"content":true,"excerpt":false},"en":{"title":false,"content":false,"excerpt":false},"fr":{"title":false,"content":false,"excerpt":false}}},"yoast_head":"<!-- This site is optimized with the Yoast SEO plugin v23.5 - https:\/\/yoast.com\/wordpress\/plugins\/seo\/ -->\n<title>Pol\u00edtica de privacidad | Sole Centro de Imagen<\/title>\n<meta name=\"robots\" content=\"noindex, nofollow\" \/>\n<meta property=\"og:locale\" content=\"fr_FR\" \/>\n<meta property=\"og:type\" content=\"article\" \/>\n<meta property=\"og:title\" content=\"Pol\u00edtica de privacidad | Sole Centro de Imagen\" \/>\n<meta property=\"og:url\" content=\"https:\/\/solecentrodeimagen.com\/politica-de-privacidad\/\" \/>\n<meta property=\"og:site_name\" content=\"Sole Centro de Imagen\" \/>\n<meta property=\"article:publisher\" content=\"http:\/\/www.facebook.com\/solecentrodeimagen\" \/>\n<meta property=\"article:modified_time\" content=\"2020-05-10T20:15:34+00:00\" \/>\n<meta property=\"og:image\" content=\"https:\/\/solecentrodeimagen.com\/wp-content\/uploads\/2016\/06\/logo-solecentromedico.png\" \/>\n\t<meta property=\"og:image:width\" content=\"281\" \/>\n\t<meta property=\"og:image:height\" content=\"96\" \/>\n\t<meta property=\"og:image:type\" content=\"image\/png\" \/>\n<meta name=\"twitter:card\" content=\"summary_large_image\" \/>\n<meta name=\"twitter:label1\" content=\"Est. reading time\" \/>\n\t<meta name=\"twitter:data1\" content=\"8 minutes\" \/>\n<script type=\"application\/ld+json\" class=\"yoast-schema-graph\">{\"@context\":\"https:\/\/schema.org\",\"@graph\":[{\"@type\":\"WebPage\",\"@id\":\"https:\/\/solecentrodeimagen.com\/politica-de-privacidad\/\",\"url\":\"https:\/\/solecentrodeimagen.com\/politica-de-privacidad\/\",\"name\":\"Pol\u00edtica de privacidad | Sole Centro de Imagen\",\"isPartOf\":{\"@id\":\"https:\/\/solecentrodeimagen.com\/#website\"},\"datePublished\":\"2016-03-26T16:04:38+00:00\",\"dateModified\":\"2020-05-10T20:15:34+00:00\",\"breadcrumb\":{\"@id\":\"https:\/\/solecentrodeimagen.com\/politica-de-privacidad\/#breadcrumb\"},\"inLanguage\":\"fr-FR\",\"potentialAction\":[{\"@type\":\"ReadAction\",\"target\":[\"https:\/\/solecentrodeimagen.com\/politica-de-privacidad\/\"]}]},{\"@type\":\"BreadcrumbList\",\"@id\":\"https:\/\/solecentrodeimagen.com\/politica-de-privacidad\/#breadcrumb\",\"itemListElement\":[{\"@type\":\"ListItem\",\"position\":1,\"name\":\"Home\",\"item\":\"https:\/\/solecentrodeimagen.com\/\"},{\"@type\":\"ListItem\",\"position\":2,\"name\":\"Pol\u00edtica de privacidad\"}]},{\"@type\":\"WebSite\",\"@id\":\"https:\/\/solecentrodeimagen.com\/#website\",\"url\":\"https:\/\/solecentrodeimagen.com\/\",\"name\":\"Sole Centro de Imagen\",\"description\":\"Centro Medicina Est\u00e9tica, Dermatolog\u00eda y Est\u00e9tica avanzada\",\"publisher\":{\"@id\":\"https:\/\/solecentrodeimagen.com\/#organization\"},\"potentialAction\":[{\"@type\":\"SearchAction\",\"target\":{\"@type\":\"EntryPoint\",\"urlTemplate\":\"https:\/\/solecentrodeimagen.com\/?s={search_term_string}\"},\"query-input\":{\"@type\":\"PropertyValueSpecification\",\"valueRequired\":true,\"valueName\":\"search_term_string\"}}],\"inLanguage\":\"fr-FR\"},{\"@type\":\"Organization\",\"@id\":\"https:\/\/solecentrodeimagen.com\/#organization\",\"name\":\"Sole Centro de Imagen Integral\",\"url\":\"https:\/\/solecentrodeimagen.com\/\",\"logo\":{\"@type\":\"ImageObject\",\"inLanguage\":\"fr-FR\",\"@id\":\"https:\/\/solecentrodeimagen.com\/#\/schema\/logo\/image\/\",\"url\":\"https:\/\/solecentrodeimagen.com\/wp-content\/uploads\/2016\/06\/logo-solecentromedico.png\",\"contentUrl\":\"https:\/\/solecentrodeimagen.com\/wp-content\/uploads\/2016\/06\/logo-solecentromedico.png\",\"width\":281,\"height\":96,\"caption\":\"Sole Centro de Imagen Integral\"},\"image\":{\"@id\":\"https:\/\/solecentrodeimagen.com\/#\/schema\/logo\/image\/\"},\"sameAs\":[\"http:\/\/www.facebook.com\/solecentrodeimagen\",\"http:\/\/www.instagram.com\/solecentrodeimagen\"]}]}<\/script>\n<!-- \/ Yoast SEO plugin. -->","yoast_head_json":{"title":"Pol\u00edtica de privacidad | Sole Centro de Imagen","robots":{"index":"noindex","follow":"nofollow"},"og_locale":"fr_FR","og_type":"article","og_title":"Pol\u00edtica de privacidad | Sole Centro de Imagen","og_url":"https:\/\/solecentrodeimagen.com\/politica-de-privacidad\/","og_site_name":"Sole Centro de Imagen","article_publisher":"http:\/\/www.facebook.com\/solecentrodeimagen","article_modified_time":"2020-05-10T20:15:34+00:00","og_image":[{"width":281,"height":96,"url":"https:\/\/solecentrodeimagen.com\/wp-content\/uploads\/2016\/06\/logo-solecentromedico.png","type":"image\/png"}],"twitter_card":"summary_large_image","twitter_misc":{"Est. reading time":"8 minutes"},"schema":{"@context":"https:\/\/schema.org","@graph":[{"@type":"WebPage","@id":"https:\/\/solecentrodeimagen.com\/politica-de-privacidad\/","url":"https:\/\/solecentrodeimagen.com\/politica-de-privacidad\/","name":"Pol\u00edtica de privacidad | Sole Centro de Imagen","isPartOf":{"@id":"https:\/\/solecentrodeimagen.com\/#website"},"datePublished":"2016-03-26T16:04:38+00:00","dateModified":"2020-05-10T20:15:34+00:00","breadcrumb":{"@id":"https:\/\/solecentrodeimagen.com\/politica-de-privacidad\/#breadcrumb"},"inLanguage":"fr-FR","potentialAction":[{"@type":"ReadAction","target":["https:\/\/solecentrodeimagen.com\/politica-de-privacidad\/"]}]},{"@type":"BreadcrumbList","@id":"https:\/\/solecentrodeimagen.com\/politica-de-privacidad\/#breadcrumb","itemListElement":[{"@type":"ListItem","position":1,"name":"Home","item":"https:\/\/solecentrodeimagen.com\/"},{"@type":"ListItem","position":2,"name":"Pol\u00edtica de privacidad"}]},{"@type":"WebSite","@id":"https:\/\/solecentrodeimagen.com\/#website","url":"https:\/\/solecentrodeimagen.com\/","name":"Sole Centro de Imagen","description":"Centro Medicina Est\u00e9tica, Dermatolog\u00eda y Est\u00e9tica avanzada","publisher":{"@id":"https:\/\/solecentrodeimagen.com\/#organization"},"potentialAction":[{"@type":"SearchAction","target":{"@type":"EntryPoint","urlTemplate":"https:\/\/solecentrodeimagen.com\/?s={search_term_string}"},"query-input":{"@type":"PropertyValueSpecification","valueRequired":true,"valueName":"search_term_string"}}],"inLanguage":"fr-FR"},{"@type":"Organization","@id":"https:\/\/solecentrodeimagen.com\/#organization","name":"Sole Centro de Imagen Integral","url":"https:\/\/solecentrodeimagen.com\/","logo":{"@type":"ImageObject","inLanguage":"fr-FR","@id":"https:\/\/solecentrodeimagen.com\/#\/schema\/logo\/image\/","url":"https:\/\/solecentrodeimagen.com\/wp-content\/uploads\/2016\/06\/logo-solecentromedico.png","contentUrl":"https:\/\/solecentrodeimagen.com\/wp-content\/uploads\/2016\/06\/logo-solecentromedico.png","width":281,"height":96,"caption":"Sole Centro de Imagen Integral"},"image":{"@id":"https:\/\/solecentrodeimagen.com\/#\/schema\/logo\/image\/"},"sameAs":["http:\/\/www.facebook.com\/solecentrodeimagen","http:\/\/www.instagram.com\/solecentrodeimagen"]}]}},"_links":{"self":[{"href":"https:\/\/solecentrodeimagen.com\/fr\/wp-json\/wp\/v2\/pages\/16275"}],"collection":[{"href":"https:\/\/solecentrodeimagen.com\/fr\/wp-json\/wp\/v2\/pages"}],"about":[{"href":"https:\/\/solecentrodeimagen.com\/fr\/wp-json\/wp\/v2\/types\/page"}],"author":[{"embeddable":true,"href":"https:\/\/solecentrodeimagen.com\/fr\/wp-json\/wp\/v2\/users\/13"}],"replies":[{"embeddable":true,"href":"https:\/\/solecentrodeimagen.com\/fr\/wp-json\/wp\/v2\/comments?post=16275"}],"version-history":[{"count":7,"href":"https:\/\/solecentrodeimagen.com\/fr\/wp-json\/wp\/v2\/pages\/16275\/revisions"}],"predecessor-version":[{"id":21626,"href":"https:\/\/solecentrodeimagen.com\/fr\/wp-json\/wp\/v2\/pages\/16275\/revisions\/21626"}],"wp:attachment":[{"href":"https:\/\/solecentrodeimagen.com\/fr\/wp-json\/wp\/v2\/media?parent=16275"}],"curies":[{"name":"wp","href":"https:\/\/api.w.org\/{rel}","templated":true}]}}