{"id":16699,"date":"2022-04-28T16:15:53","date_gmt":"2022-04-28T14:15:53","guid":{"rendered":"https:\/\/solecentrodeimagen.com\/?page_id=16699"},"modified":"2022-07-01T12:29:38","modified_gmt":"2022-07-01T10:29:38","slug":"dermapen4","status":"publish","type":"page","link":"https:\/\/solecentrodeimagen.com\/fr\/medicina-estetica\/dermapen4\/","title":{"rendered":"Mesoterapia Antiaging"},"content":{"rendered":"<div class=\"fusion-fullwidth fullwidth-box fusion-builder-row-1 hundred-percent-fullwidth non-hundred-percent-height-scrolling\" style=\"--awb-border-radius-top-left:0px;--awb-border-radius-top-right:0px;--awb-border-radius-bottom-right:0px;--awb-border-radius-bottom-left:0px;--awb-overflow:visible;--awb-flex-wrap:wrap;\" ><div class=\"fusion-builder-row fusion-row\"><div class=\"fusion-layout-column fusion_builder_column fusion-builder-column-0 fusion_builder_column_1_1 1_1 fusion-one-full fusion-column-first fusion-column-last fusion-column-no-min-height\" style=\"--awb-bg-size:cover;--awb-margin-bottom:0px;\"><div class=\"fusion-column-wrapper fusion-flex-column-wrapper-legacy\"><div class=\"fusion-text fusion-text-1\"><h3 style=\"text-align: justify;\">Consigue una piel m\u00e1s luminosa, tersa y joven, hidratando, mejorando la flacidez y estimulando la creaci\u00f3n de col\u00e1geno.<\/h3>\n<p style=\"text-align: justify;\"><img decoding=\"async\" class=\"wp-image-16717 size-medium alignright\" src=\"https:\/\/solecentrodeimagen.com\/wp-content\/uploads\/2016\/04\/mesoterapia-antiaging-300x206.jpg\" alt=\"mesoterapia antiaging\" width=\"300\" height=\"206\" srcset=\"https:\/\/solecentrodeimagen.com\/wp-content\/uploads\/2016\/04\/mesoterapia-antiaging-200x138.jpg 200w, https:\/\/solecentrodeimagen.com\/wp-content\/uploads\/2016\/04\/mesoterapia-antiaging-300x206.jpg 300w, https:\/\/solecentrodeimagen.com\/wp-content\/uploads\/2016\/04\/mesoterapia-antiaging-400x275.jpg 400w, https:\/\/solecentrodeimagen.com\/wp-content\/uploads\/2016\/04\/mesoterapia-antiaging-500x344.jpg 500w, https:\/\/solecentrodeimagen.com\/wp-content\/uploads\/2016\/04\/mesoterapia-antiaging.jpg 573w\" sizes=\"(max-width: 300px) 100vw, 300px\" \/>La preocupaci\u00f3n est\u00e9tica actual, tanto de mujeres como de hombres, es que la imagen de nosotros mismos sea agradable y saludable.<\/p>\n<p style=\"text-align: justify;\">Queremos estar radiantes y lucir lo mejor posible. La mesoterapia facial con vitaminas, no s\u00f3lo ayuda a conseguir estos prop\u00f3sitos con tratamientos menos invasivos y resultados mas naturales hidratando\u00a0la piel en profundidad, mejorando la flacidez y estimulando la creaci\u00f3n de col\u00e1geno y elastina, consiguiendo una piel m\u00e1s luminosa, tersa y joven.<\/p>\n<h2 style=\"text-align: justify;\">\u00bfQu\u00e9 es Dermapen? \u00bfPara qu\u00e9 est\u00e1 indicado?<\/h2>\n<p style=\"text-align: justify;\">Es un tratamiento para mejorar la calidad de la piel, produce\u00a0una bioestimulaci\u00f3n del tejido y\u00a0combatir el envejecimiento, la flacidez y mejorar la hidrataci\u00f3n.<\/p>\n<h2 style=\"text-align: justify;\">\u00bfEn qu\u00e9 consiste?<\/h2>\n<p style=\"text-align: justify;\">Consiste en introducir \u00a0a trav\u00e9s del estrato epid\u00e9rmico una serie de principios activos aprobados por el Ministerio de Sanidad. El paciente no tiene sensaci\u00f3n de dolor, leve molestia, que desaparece en unos minutos<\/p>\n<h3 style=\"text-align: justify;\">Resultados<\/h3>\n<p style=\"text-align: justify;\">Con la mesoterapia facial con vitaminas se consigue estimular el metabolismo biol\u00f3gico, reafirmar y tonificar el tejido cut\u00e1neo, reestructurar la piel madura, reparar las imperfecciones cut\u00e1neas postraum\u00e1ticas, aumentar la elasticidad e hidrataci\u00f3n de la piel, combatir la flacidez y el envejecimiento, mejorar el estado de las arrugas, y adem\u00e1s, consigue aportar luminosidad al rostro.<\/p>\n<h3 style=\"text-align: justify;\">Despu\u00e9s del tratamiento<\/h3>\n<p style=\"text-align: justify;\">Tras la sesi\u00f3n pueden surgir alguna sensacion de tirantez y calor. Tambi\u00e9n puede observarse, en ocasiones, un leve enrojecimiento que tarda pocas horas en desaparecer.<br \/>\nNo se debe exponer la piel al sol, y es necesario, utilizar protecci\u00f3n solar.<\/p>\n<h3 style=\"text-align: justify;\">Contraindicaciones<\/h3>\n<p style=\"text-align: justify;\">No recomendado\u00a0para mujeres embarazadas, en periodo de lactancia o pacientes que sufran alg\u00fan tipo de infecci\u00f3n activa en la piel, as\u00ed como hipersensibilidad cut\u00e1nea o alergia a alg\u00fan componente de los inyectados.<\/p>\n<\/div><div class=\"fusion-clearfix\"><\/div><\/div><\/div><\/div><\/div>\n","protected":false},"excerpt":{"rendered":"","protected":false},"author":13,"featured_media":0,"parent":11781,"menu_order":0,"comment_status":"closed","ping_status":"closed","template":"","meta":{"footnotes":""},"class_list":["post-16699","page","type-page","status-publish","hentry"],"translation":{"provider":"WPGlobus","version":"3.0.0","language":"fr","enabled_languages":["es","en","fr"],"languages":{"es":{"title":true,"content":true,"excerpt":false},"en":{"title":false,"content":false,"excerpt":false},"fr":{"title":false,"content":false,"excerpt":false}}},"yoast_head":"<!-- This site is optimized with the Yoast SEO plugin v23.5 - https:\/\/yoast.com\/wordpress\/plugins\/seo\/ -->\n<title>Mesoterapia Antiaging | Sole Centro de Imagen<\/title>\n<meta name=\"robots\" content=\"index, follow, max-snippet:-1, max-image-preview:large, max-video-preview:-1\" \/>\n<link rel=\"canonical\" href=\"https:\/\/solecentrodeimagen.com\/medicina-estetica\/dermapen4\/\" \/>\n<meta property=\"og:locale\" content=\"fr_FR\" \/>\n<meta property=\"og:type\" content=\"article\" \/>\n<meta property=\"og:title\" content=\"Mesoterapia Antiaging | Sole Centro de Imagen\" \/>\n<meta property=\"og:url\" content=\"https:\/\/solecentrodeimagen.com\/medicina-estetica\/dermapen4\/\" \/>\n<meta property=\"og:site_name\" content=\"Sole Centro de Imagen\" \/>\n<meta property=\"article:publisher\" content=\"http:\/\/www.facebook.com\/solecentrodeimagen\" \/>\n<meta property=\"article:modified_time\" content=\"2022-07-01T10:29:38+00:00\" \/>\n<meta property=\"og:image\" content=\"https:\/\/solecentrodeimagen.com\/wp-content\/uploads\/2016\/04\/mesoterapia-antiaging-300x206.jpg\" \/>\n<meta name=\"twitter:card\" content=\"summary_large_image\" \/>\n<meta name=\"twitter:label1\" content=\"Est. reading time\" \/>\n\t<meta name=\"twitter:data1\" content=\"3 minutes\" \/>\n<script type=\"application\/ld+json\" class=\"yoast-schema-graph\">{\"@context\":\"https:\/\/schema.org\",\"@graph\":[{\"@type\":\"WebPage\",\"@id\":\"https:\/\/solecentrodeimagen.com\/medicina-estetica\/dermapen4\/\",\"url\":\"https:\/\/solecentrodeimagen.com\/medicina-estetica\/dermapen4\/\",\"name\":\"Mesoterapia Antiaging | Sole Centro de Imagen\",\"isPartOf\":{\"@id\":\"https:\/\/solecentrodeimagen.com\/#website\"},\"primaryImageOfPage\":{\"@id\":\"https:\/\/solecentrodeimagen.com\/medicina-estetica\/dermapen4\/#primaryimage\"},\"image\":{\"@id\":\"https:\/\/solecentrodeimagen.com\/medicina-estetica\/dermapen4\/#primaryimage\"},\"thumbnailUrl\":\"https:\/\/solecentrodeimagen.com\/wp-content\/uploads\/2016\/04\/mesoterapia-antiaging-300x206.jpg\",\"datePublished\":\"2022-04-28T14:15:53+00:00\",\"dateModified\":\"2022-07-01T10:29:38+00:00\",\"description\":\"La mesoterapia antiaging es un tratamiento para mejorar la calidad de la piel, produce una bioestimulaci\u00f3n del tejido y combatir el envejecimiento, la flacidez y mejorar la hidrataci\u00f3n.\",\"breadcrumb\":{\"@id\":\"https:\/\/solecentrodeimagen.com\/medicina-estetica\/dermapen4\/#breadcrumb\"},\"inLanguage\":\"fr-FR\",\"potentialAction\":[{\"@type\":\"ReadAction\",\"target\":[\"https:\/\/solecentrodeimagen.com\/medicina-estetica\/dermapen4\/\"]}]},{\"@type\":\"ImageObject\",\"inLanguage\":\"fr-FR\",\"@id\":\"https:\/\/solecentrodeimagen.com\/medicina-estetica\/dermapen4\/#primaryimage\",\"url\":\"https:\/\/solecentrodeimagen.com\/wp-content\/uploads\/2016\/04\/mesoterapia-antiaging-300x206.jpg\",\"contentUrl\":\"https:\/\/solecentrodeimagen.com\/wp-content\/uploads\/2016\/04\/mesoterapia-antiaging-300x206.jpg\"},{\"@type\":\"BreadcrumbList\",\"@id\":\"https:\/\/solecentrodeimagen.com\/medicina-estetica\/dermapen4\/#breadcrumb\",\"itemListElement\":[{\"@type\":\"ListItem\",\"position\":1,\"name\":\"Home\",\"item\":\"https:\/\/solecentrodeimagen.com\/\"},{\"@type\":\"ListItem\",\"position\":2,\"name\":\"Tratamientos de Medicina Est\u00e9tica\",\"item\":\"https:\/\/solecentrodeimagen.com\/medicina-estetica\/\"},{\"@type\":\"ListItem\",\"position\":3,\"name\":\"Mesoterapia Antiaging\"}]},{\"@type\":\"WebSite\",\"@id\":\"https:\/\/solecentrodeimagen.com\/#website\",\"url\":\"https:\/\/solecentrodeimagen.com\/\",\"name\":\"Sole Centro de Imagen\",\"description\":\"Centro Medicina Est\u00e9tica, Dermatolog\u00eda y Est\u00e9tica avanzada\",\"publisher\":{\"@id\":\"https:\/\/solecentrodeimagen.com\/#organization\"},\"potentialAction\":[{\"@type\":\"SearchAction\",\"target\":{\"@type\":\"EntryPoint\",\"urlTemplate\":\"https:\/\/solecentrodeimagen.com\/?s={search_term_string}\"},\"query-input\":{\"@type\":\"PropertyValueSpecification\",\"valueRequired\":true,\"valueName\":\"search_term_string\"}}],\"inLanguage\":\"fr-FR\"},{\"@type\":\"Organization\",\"@id\":\"https:\/\/solecentrodeimagen.com\/#organization\",\"name\":\"Sole Centro de Imagen Integral\",\"url\":\"https:\/\/solecentrodeimagen.com\/\",\"logo\":{\"@type\":\"ImageObject\",\"inLanguage\":\"fr-FR\",\"@id\":\"https:\/\/solecentrodeimagen.com\/#\/schema\/logo\/image\/\",\"url\":\"https:\/\/solecentrodeimagen.com\/wp-content\/uploads\/2016\/06\/logo-solecentromedico.png\",\"contentUrl\":\"https:\/\/solecentrodeimagen.com\/wp-content\/uploads\/2016\/06\/logo-solecentromedico.png\",\"width\":281,\"height\":96,\"caption\":\"Sole Centro de Imagen Integral\"},\"image\":{\"@id\":\"https:\/\/solecentrodeimagen.com\/#\/schema\/logo\/image\/\"},\"sameAs\":[\"http:\/\/www.facebook.com\/solecentrodeimagen\",\"http:\/\/www.instagram.com\/solecentrodeimagen\"]}]}<\/script>\n<!-- \/ Yoast SEO plugin. -->","yoast_head_json":{"title":"Mesoterapia Antiaging | Sole Centro de Imagen","robots":{"index":"index","follow":"follow","max-snippet":"max-snippet:-1","max-image-preview":"max-image-preview:large","max-video-preview":"max-video-preview:-1"},"canonical":"https:\/\/solecentrodeimagen.com\/medicina-estetica\/dermapen4\/","og_locale":"fr_FR","og_type":"article","og_title":"Mesoterapia Antiaging | Sole Centro de Imagen","og_url":"https:\/\/solecentrodeimagen.com\/medicina-estetica\/dermapen4\/","og_site_name":"Sole Centro de Imagen","article_publisher":"http:\/\/www.facebook.com\/solecentrodeimagen","article_modified_time":"2022-07-01T10:29:38+00:00","og_image":[{"url":"https:\/\/solecentrodeimagen.com\/wp-content\/uploads\/2016\/04\/mesoterapia-antiaging-300x206.jpg"}],"twitter_card":"summary_large_image","twitter_misc":{"Est. reading time":"3 minutes"},"schema":{"@context":"https:\/\/schema.org","@graph":[{"@type":"WebPage","@id":"https:\/\/solecentrodeimagen.com\/medicina-estetica\/dermapen4\/","url":"https:\/\/solecentrodeimagen.com\/medicina-estetica\/dermapen4\/","name":"Mesoterapia Antiaging | Sole Centro de Imagen","isPartOf":{"@id":"https:\/\/solecentrodeimagen.com\/#website"},"primaryImageOfPage":{"@id":"https:\/\/solecentrodeimagen.com\/medicina-estetica\/dermapen4\/#primaryimage"},"image":{"@id":"https:\/\/solecentrodeimagen.com\/medicina-estetica\/dermapen4\/#primaryimage"},"thumbnailUrl":"https:\/\/solecentrodeimagen.com\/wp-content\/uploads\/2016\/04\/mesoterapia-antiaging-300x206.jpg","datePublished":"2022-04-28T14:15:53+00:00","dateModified":"2022-07-01T10:29:38+00:00","description":"La mesoterapia antiaging es un tratamiento para mejorar la calidad de la piel, produce una bioestimulaci\u00f3n del tejido y combatir el envejecimiento, la flacidez y mejorar la hidrataci\u00f3n.","breadcrumb":{"@id":"https:\/\/solecentrodeimagen.com\/medicina-estetica\/dermapen4\/#breadcrumb"},"inLanguage":"fr-FR","potentialAction":[{"@type":"ReadAction","target":["https:\/\/solecentrodeimagen.com\/medicina-estetica\/dermapen4\/"]}]},{"@type":"ImageObject","inLanguage":"fr-FR","@id":"https:\/\/solecentrodeimagen.com\/medicina-estetica\/dermapen4\/#primaryimage","url":"https:\/\/solecentrodeimagen.com\/wp-content\/uploads\/2016\/04\/mesoterapia-antiaging-300x206.jpg","contentUrl":"https:\/\/solecentrodeimagen.com\/wp-content\/uploads\/2016\/04\/mesoterapia-antiaging-300x206.jpg"},{"@type":"BreadcrumbList","@id":"https:\/\/solecentrodeimagen.com\/medicina-estetica\/dermapen4\/#breadcrumb","itemListElement":[{"@type":"ListItem","position":1,"name":"Home","item":"https:\/\/solecentrodeimagen.com\/"},{"@type":"ListItem","position":2,"name":"Tratamientos de Medicina Est\u00e9tica","item":"https:\/\/solecentrodeimagen.com\/medicina-estetica\/"},{"@type":"ListItem","position":3,"name":"Mesoterapia Antiaging"}]},{"@type":"WebSite","@id":"https:\/\/solecentrodeimagen.com\/#website","url":"https:\/\/solecentrodeimagen.com\/","name":"Sole Centro de Imagen","description":"Centro Medicina Est\u00e9tica, Dermatolog\u00eda y Est\u00e9tica avanzada","publisher":{"@id":"https:\/\/solecentrodeimagen.com\/#organization"},"potentialAction":[{"@type":"SearchAction","target":{"@type":"EntryPoint","urlTemplate":"https:\/\/solecentrodeimagen.com\/?s={search_term_string}"},"query-input":{"@type":"PropertyValueSpecification","valueRequired":true,"valueName":"search_term_string"}}],"inLanguage":"fr-FR"},{"@type":"Organization","@id":"https:\/\/solecentrodeimagen.com\/#organization","name":"Sole Centro de Imagen Integral","url":"https:\/\/solecentrodeimagen.com\/","logo":{"@type":"ImageObject","inLanguage":"fr-FR","@id":"https:\/\/solecentrodeimagen.com\/#\/schema\/logo\/image\/","url":"https:\/\/solecentrodeimagen.com\/wp-content\/uploads\/2016\/06\/logo-solecentromedico.png","contentUrl":"https:\/\/solecentrodeimagen.com\/wp-content\/uploads\/2016\/06\/logo-solecentromedico.png","width":281,"height":96,"caption":"Sole Centro de Imagen Integral"},"image":{"@id":"https:\/\/solecentrodeimagen.com\/#\/schema\/logo\/image\/"},"sameAs":["http:\/\/www.facebook.com\/solecentrodeimagen","http:\/\/www.instagram.com\/solecentrodeimagen"]}]}},"_links":{"self":[{"href":"https:\/\/solecentrodeimagen.com\/fr\/wp-json\/wp\/v2\/pages\/16699"}],"collection":[{"href":"https:\/\/solecentrodeimagen.com\/fr\/wp-json\/wp\/v2\/pages"}],"about":[{"href":"https:\/\/solecentrodeimagen.com\/fr\/wp-json\/wp\/v2\/types\/page"}],"author":[{"embeddable":true,"href":"https:\/\/solecentrodeimagen.com\/fr\/wp-json\/wp\/v2\/users\/13"}],"replies":[{"embeddable":true,"href":"https:\/\/solecentrodeimagen.com\/fr\/wp-json\/wp\/v2\/comments?post=16699"}],"version-history":[{"count":4,"href":"https:\/\/solecentrodeimagen.com\/fr\/wp-json\/wp\/v2\/pages\/16699\/revisions"}],"predecessor-version":[{"id":20730,"href":"https:\/\/solecentrodeimagen.com\/fr\/wp-json\/wp\/v2\/pages\/16699\/revisions\/20730"}],"up":[{"embeddable":true,"href":"https:\/\/solecentrodeimagen.com\/fr\/wp-json\/wp\/v2\/pages\/11781"}],"wp:attachment":[{"href":"https:\/\/solecentrodeimagen.com\/fr\/wp-json\/wp\/v2\/media?parent=16699"}],"curies":[{"name":"wp","href":"https:\/\/api.w.org\/{rel}","templated":true}]}}