{"id":16983,"date":"2020-05-05T10:47:09","date_gmt":"2020-05-05T08:47:09","guid":{"rendered":"https:\/\/solecentrodeimagen.com\/?post_type=product&#038;p=16983"},"modified":"2025-08-18T10:06:48","modified_gmt":"2025-08-18T08:06:48","slug":"avst-pre-cleansing-oil","status":"publish","type":"product","link":"https:\/\/solecentrodeimagen.com\/fr\/producto\/avst-pre-cleansing-oil\/","title":{"rendered":"Skin EssentiA Dual Action Pre-Cleansing Oil 100ml"},"content":{"rendered":"<div class=\"small-12 medium-7 large-8 columns content-column\" data-equalizer-watch=\"\">\n<div class=\"content-wrapper\">\n<article id=\"post-2649\" class=\"post-2649 page type-page status-publish has-post-thumbnail hentry\">\n<div class=\"entry-content\">\n<p><strong>Environ Skin EssentiA Dual Pre-Cleansing Oil<\/strong> es un prelimpiador suave y eficaz formulado con aceites y extractos de plantas que ayudan a disolver el exceso de grasa y eliminar los contaminantes ambientales de la piel. Este aceite limpiador prepara la piel para el proceso de limpieza posterior, manteniendo su barrera de humedad natural y el equilibrio de pH.<\/p>\n<p>La limpieza previa es esencial para asegurar una limpieza profunda y completa de la piel. Este producto elimina los residuos de grasa y otras impurezas superficiales, facilitando la penetraci\u00f3n de los ingredientes activos de los productos posteriores y ayudando a desbloquear los poros congestionados. Despu\u00e9s de usarlo, la piel se siente fresca, hidratada y nutrida, sin perder su equilibrio natural. Ideal para todo tipo de piel, especialmente para quienes buscan una limpieza profunda y eficaz sin alterar la integridad de la piel.<\/p>\n<\/div>\n<\/article>\n<div class=\"page-product-slider show-for-medium-up\" style=\"text-align: justify;\"><\/div>\n<\/div>\n<\/div>\n<div class=\"medium-5 large-4 columns show-for-medium-up\" data-equalizer-watch=\"\"><\/div>\n","protected":false},"excerpt":{"rendered":"<div class=\"small-12 medium-7 large-8 columns content-column\" data-equalizer-watch=\"\">\n<div class=\"content-wrapper\">\n<article id=\"post-2649\" class=\"post-2649 page type-page status-publish has-post-thumbnail hentry\">\n<div class=\"entry-content\">\n<p style=\"text-align: justify;\">Es un prelimpiador suave a base de aceites vegetales, que ayuda a eliminar el maquillaje y restos de part\u00edculas medioambientales. Este pre-limpiador contiene tambi\u00e9n un emulsionante que ayuda a retirar el exceso de grasa de la superficie de la piel, con lo que \u00e9sta queda suave e hidratada. Es apto para todo tipo de pieles.<\/p>\n<article id=\"post-2649\" class=\"post-2649 page type-page status-publish has-post-thumbnail hentry\">\n<div class=\"entry-content\">Un prelimpiador suave formulado con extractos de plantas y aceites, ideal para preparar la piel para el proceso de limpieza.<\/div>\n<\/article>\n<\/div>\n<\/article>\n<\/div>\n<\/div>\n","protected":false},"featured_media":22975,"comment_status":"open","ping_status":"closed","template":"","meta":[],"product_cat":[335,178,374,341],"product_tag":[252,254],"class_list":{"0":"post-16983","1":"product","2":"type-product","3":"status-publish","4":"has-post-thumbnail","6":"product_cat-facial","7":"product_cat-environ","8":"product_cat-environ-skin-essentia","9":"product_cat-envejecimiento","10":"product_tag-envejecimiento","11":"product_tag-sensibles","13":"first","14":"instock","15":"sale","16":"taxable","17":"shipping-taxable","18":"purchasable","19":"product-type-simple"},"translation":{"provider":"WPGlobus","version":"3.0.0","language":"fr","enabled_languages":["es","en","fr"],"languages":{"es":{"title":true,"content":true,"excerpt":true},"en":{"title":false,"content":false,"excerpt":false},"fr":{"title":false,"content":false,"excerpt":false}}},"yoast_head":"<!-- This site is optimized with the Yoast SEO plugin v23.5 - https:\/\/yoast.com\/wordpress\/plugins\/seo\/ -->\n<title>Environ AVST\u2122 Pre-Cleansing Oil | Sole Centro de Imagen\u2122<\/title>\n<meta name=\"robots\" content=\"index, follow, max-snippet:-1, max-image-preview:large, max-video-preview:-1\" \/>\n<link rel=\"canonical\" href=\"https:\/\/solecentrodeimagen.com\/producto\/avst-pre-cleansing-oil\/\" \/>\n<meta property=\"og:locale\" content=\"fr_FR\" \/>\n<meta property=\"og:type\" content=\"article\" \/>\n<meta property=\"og:title\" content=\"Skin EssentiA Dual Action Pre-Cleansing Oil 100ml | Sole Centro de Imagen\" \/>\n<meta property=\"og:url\" content=\"https:\/\/solecentrodeimagen.com\/producto\/avst-pre-cleansing-oil\/\" \/>\n<meta property=\"og:site_name\" content=\"Sole Centro de Imagen\" \/>\n<meta property=\"article:publisher\" content=\"http:\/\/www.facebook.com\/solecentrodeimagen\" \/>\n<meta property=\"article:modified_time\" content=\"2025-08-18T08:06:48+00:00\" \/>\n<meta property=\"og:image\" content=\"https:\/\/solecentrodeimagen.com\/wp-content\/uploads\/2025\/01\/Environ-Skin-EssentiA-Dual-Action-Pre-Cleansing-Oil.webp\" \/>\n\t<meta property=\"og:image:width\" content=\"500\" \/>\n\t<meta property=\"og:image:height\" content=\"500\" \/>\n\t<meta property=\"og:image:type\" content=\"image\/webp\" \/>\n<meta name=\"twitter:card\" content=\"summary_large_image\" \/>\n<meta name=\"twitter:label1\" content=\"Est. reading time\" \/>\n\t<meta name=\"twitter:data1\" content=\"1 minute\" \/>\n<script type=\"application\/ld+json\" class=\"yoast-schema-graph\">{\"@context\":\"https:\/\/schema.org\",\"@graph\":[{\"@type\":\"WebPage\",\"@id\":\"https:\/\/solecentrodeimagen.com\/producto\/avst-pre-cleansing-oil\/\",\"url\":\"https:\/\/solecentrodeimagen.com\/producto\/avst-pre-cleansing-oil\/\",\"name\":\"Environ AVST\u2122 Pre-Cleansing Oil | Sole Centro de Imagen\u2122\",\"isPartOf\":{\"@id\":\"https:\/\/solecentrodeimagen.com\/#website\"},\"primaryImageOfPage\":{\"@id\":\"https:\/\/solecentrodeimagen.com\/producto\/avst-pre-cleansing-oil\/#primaryimage\"},\"image\":{\"@id\":\"https:\/\/solecentrodeimagen.com\/producto\/avst-pre-cleansing-oil\/#primaryimage\"},\"thumbnailUrl\":\"https:\/\/solecentrodeimagen.com\/wp-content\/uploads\/2025\/01\/Environ-Skin-EssentiA-Dual-Action-Pre-Cleansing-Oil.webp\",\"datePublished\":\"2020-05-05T08:47:09+00:00\",\"dateModified\":\"2025-08-18T08:06:48+00:00\",\"description\":\"Es un prelimpiador suave a base de aceites vegetales, que ayuda a eliminar el maquillaje y restos de part\u00edculas medioambientales. Este pre-limpiador contiene tambi\u00e9n un emulsionante que ayuda a retirar el exceso de grasa de la superficie de la piel, con lo que \u00e9sta queda suave e hidratada. Es apto para todo tipo de pieles. Un prelimpiador suave formulado con extractos de plantas y aceites, ideal para preparar la piel para el proceso de limpieza.\",\"breadcrumb\":{\"@id\":\"https:\/\/solecentrodeimagen.com\/producto\/avst-pre-cleansing-oil\/#breadcrumb\"},\"inLanguage\":\"fr-FR\",\"potentialAction\":[{\"@type\":\"ReadAction\",\"target\":[\"https:\/\/solecentrodeimagen.com\/producto\/avst-pre-cleansing-oil\/\"]}]},{\"@type\":\"ImageObject\",\"inLanguage\":\"fr-FR\",\"@id\":\"https:\/\/solecentrodeimagen.com\/producto\/avst-pre-cleansing-oil\/#primaryimage\",\"url\":\"https:\/\/solecentrodeimagen.com\/wp-content\/uploads\/2025\/01\/Environ-Skin-EssentiA-Dual-Action-Pre-Cleansing-Oil.webp\",\"contentUrl\":\"https:\/\/solecentrodeimagen.com\/wp-content\/uploads\/2025\/01\/Environ-Skin-EssentiA-Dual-Action-Pre-Cleansing-Oil.webp\",\"width\":500,\"height\":500},{\"@type\":\"BreadcrumbList\",\"@id\":\"https:\/\/solecentrodeimagen.com\/producto\/avst-pre-cleansing-oil\/#breadcrumb\",\"itemListElement\":[{\"@type\":\"ListItem\",\"position\":1,\"name\":\"Home\",\"item\":\"https:\/\/solecentrodeimagen.com\/\"},{\"@type\":\"ListItem\",\"position\":2,\"name\":\"Tienda\",\"item\":\"https:\/\/solecentrodeimagen.com\/tienda\/\"},{\"@type\":\"ListItem\",\"position\":3,\"name\":\"Skin EssentiA Dual Action Pre-Cleansing Oil 100ml\"}]},{\"@type\":\"WebSite\",\"@id\":\"https:\/\/solecentrodeimagen.com\/#website\",\"url\":\"https:\/\/solecentrodeimagen.com\/\",\"name\":\"Sole Centro de Imagen\",\"description\":\"Centro Medicina Est\u00e9tica, Dermatolog\u00eda y Est\u00e9tica avanzada\",\"publisher\":{\"@id\":\"https:\/\/solecentrodeimagen.com\/#organization\"},\"potentialAction\":[{\"@type\":\"SearchAction\",\"target\":{\"@type\":\"EntryPoint\",\"urlTemplate\":\"https:\/\/solecentrodeimagen.com\/?s={search_term_string}\"},\"query-input\":{\"@type\":\"PropertyValueSpecification\",\"valueRequired\":true,\"valueName\":\"search_term_string\"}}],\"inLanguage\":\"fr-FR\"},{\"@type\":\"Organization\",\"@id\":\"https:\/\/solecentrodeimagen.com\/#organization\",\"name\":\"Sole Centro de Imagen Integral\",\"url\":\"https:\/\/solecentrodeimagen.com\/\",\"logo\":{\"@type\":\"ImageObject\",\"inLanguage\":\"fr-FR\",\"@id\":\"https:\/\/solecentrodeimagen.com\/#\/schema\/logo\/image\/\",\"url\":\"https:\/\/solecentrodeimagen.com\/wp-content\/uploads\/2016\/06\/logo-solecentromedico.png\",\"contentUrl\":\"https:\/\/solecentrodeimagen.com\/wp-content\/uploads\/2016\/06\/logo-solecentromedico.png\",\"width\":281,\"height\":96,\"caption\":\"Sole Centro de Imagen Integral\"},\"image\":{\"@id\":\"https:\/\/solecentrodeimagen.com\/#\/schema\/logo\/image\/\"},\"sameAs\":[\"http:\/\/www.facebook.com\/solecentrodeimagen\",\"http:\/\/www.instagram.com\/solecentrodeimagen\"]}]}<\/script>\n<!-- \/ Yoast SEO plugin. -->","yoast_head_json":{"title":"Environ AVST\u2122 Pre-Cleansing Oil | Sole Centro de Imagen\u2122","robots":{"index":"index","follow":"follow","max-snippet":"max-snippet:-1","max-image-preview":"max-image-preview:large","max-video-preview":"max-video-preview:-1"},"canonical":"https:\/\/solecentrodeimagen.com\/producto\/avst-pre-cleansing-oil\/","og_locale":"fr_FR","og_type":"article","og_title":"Skin EssentiA Dual Action Pre-Cleansing Oil 100ml | Sole Centro de Imagen","og_url":"https:\/\/solecentrodeimagen.com\/producto\/avst-pre-cleansing-oil\/","og_site_name":"Sole Centro de Imagen","article_publisher":"http:\/\/www.facebook.com\/solecentrodeimagen","article_modified_time":"2025-08-18T08:06:48+00:00","og_image":[{"width":500,"height":500,"url":"https:\/\/solecentrodeimagen.com\/wp-content\/uploads\/2025\/01\/Environ-Skin-EssentiA-Dual-Action-Pre-Cleansing-Oil.webp","type":"image\/webp"}],"twitter_card":"summary_large_image","twitter_misc":{"Est. reading time":"1 minute"},"schema":{"@context":"https:\/\/schema.org","@graph":[{"@type":"WebPage","@id":"https:\/\/solecentrodeimagen.com\/producto\/avst-pre-cleansing-oil\/","url":"https:\/\/solecentrodeimagen.com\/producto\/avst-pre-cleansing-oil\/","name":"Environ AVST\u2122 Pre-Cleansing Oil | Sole Centro de Imagen\u2122","isPartOf":{"@id":"https:\/\/solecentrodeimagen.com\/#website"},"primaryImageOfPage":{"@id":"https:\/\/solecentrodeimagen.com\/producto\/avst-pre-cleansing-oil\/#primaryimage"},"image":{"@id":"https:\/\/solecentrodeimagen.com\/producto\/avst-pre-cleansing-oil\/#primaryimage"},"thumbnailUrl":"https:\/\/solecentrodeimagen.com\/wp-content\/uploads\/2025\/01\/Environ-Skin-EssentiA-Dual-Action-Pre-Cleansing-Oil.webp","datePublished":"2020-05-05T08:47:09+00:00","dateModified":"2025-08-18T08:06:48+00:00","description":"Es un prelimpiador suave a base de aceites vegetales, que ayuda a eliminar el maquillaje y restos de part\u00edculas medioambientales. Este pre-limpiador contiene tambi\u00e9n un emulsionante que ayuda a retirar el exceso de grasa de la superficie de la piel, con lo que \u00e9sta queda suave e hidratada. Es apto para todo tipo de pieles. Un prelimpiador suave formulado con extractos de plantas y aceites, ideal para preparar la piel para el proceso de limpieza.","breadcrumb":{"@id":"https:\/\/solecentrodeimagen.com\/producto\/avst-pre-cleansing-oil\/#breadcrumb"},"inLanguage":"fr-FR","potentialAction":[{"@type":"ReadAction","target":["https:\/\/solecentrodeimagen.com\/producto\/avst-pre-cleansing-oil\/"]}]},{"@type":"ImageObject","inLanguage":"fr-FR","@id":"https:\/\/solecentrodeimagen.com\/producto\/avst-pre-cleansing-oil\/#primaryimage","url":"https:\/\/solecentrodeimagen.com\/wp-content\/uploads\/2025\/01\/Environ-Skin-EssentiA-Dual-Action-Pre-Cleansing-Oil.webp","contentUrl":"https:\/\/solecentrodeimagen.com\/wp-content\/uploads\/2025\/01\/Environ-Skin-EssentiA-Dual-Action-Pre-Cleansing-Oil.webp","width":500,"height":500},{"@type":"BreadcrumbList","@id":"https:\/\/solecentrodeimagen.com\/producto\/avst-pre-cleansing-oil\/#breadcrumb","itemListElement":[{"@type":"ListItem","position":1,"name":"Home","item":"https:\/\/solecentrodeimagen.com\/"},{"@type":"ListItem","position":2,"name":"Tienda","item":"https:\/\/solecentrodeimagen.com\/tienda\/"},{"@type":"ListItem","position":3,"name":"Skin EssentiA Dual Action Pre-Cleansing Oil 100ml"}]},{"@type":"WebSite","@id":"https:\/\/solecentrodeimagen.com\/#website","url":"https:\/\/solecentrodeimagen.com\/","name":"Sole Centro de Imagen","description":"Centro Medicina Est\u00e9tica, Dermatolog\u00eda y Est\u00e9tica avanzada","publisher":{"@id":"https:\/\/solecentrodeimagen.com\/#organization"},"potentialAction":[{"@type":"SearchAction","target":{"@type":"EntryPoint","urlTemplate":"https:\/\/solecentrodeimagen.com\/?s={search_term_string}"},"query-input":{"@type":"PropertyValueSpecification","valueRequired":true,"valueName":"search_term_string"}}],"inLanguage":"fr-FR"},{"@type":"Organization","@id":"https:\/\/solecentrodeimagen.com\/#organization","name":"Sole Centro de Imagen Integral","url":"https:\/\/solecentrodeimagen.com\/","logo":{"@type":"ImageObject","inLanguage":"fr-FR","@id":"https:\/\/solecentrodeimagen.com\/#\/schema\/logo\/image\/","url":"https:\/\/solecentrodeimagen.com\/wp-content\/uploads\/2016\/06\/logo-solecentromedico.png","contentUrl":"https:\/\/solecentrodeimagen.com\/wp-content\/uploads\/2016\/06\/logo-solecentromedico.png","width":281,"height":96,"caption":"Sole Centro de Imagen Integral"},"image":{"@id":"https:\/\/solecentrodeimagen.com\/#\/schema\/logo\/image\/"},"sameAs":["http:\/\/www.facebook.com\/solecentrodeimagen","http:\/\/www.instagram.com\/solecentrodeimagen"]}]}},"_links":{"self":[{"href":"https:\/\/solecentrodeimagen.com\/fr\/wp-json\/wp\/v2\/product\/16983"}],"collection":[{"href":"https:\/\/solecentrodeimagen.com\/fr\/wp-json\/wp\/v2\/product"}],"about":[{"href":"https:\/\/solecentrodeimagen.com\/fr\/wp-json\/wp\/v2\/types\/product"}],"replies":[{"embeddable":true,"href":"https:\/\/solecentrodeimagen.com\/fr\/wp-json\/wp\/v2\/comments?post=16983"}],"wp:featuredmedia":[{"embeddable":true,"href":"https:\/\/solecentrodeimagen.com\/fr\/wp-json\/wp\/v2\/media\/22975"}],"wp:attachment":[{"href":"https:\/\/solecentrodeimagen.com\/fr\/wp-json\/wp\/v2\/media?parent=16983"}],"wp:term":[{"taxonomy":"product_cat","embeddable":true,"href":"https:\/\/solecentrodeimagen.com\/fr\/wp-json\/wp\/v2\/product_cat?post=16983"},{"taxonomy":"product_tag","embeddable":true,"href":"https:\/\/solecentrodeimagen.com\/fr\/wp-json\/wp\/v2\/product_tag?post=16983"}],"curies":[{"name":"wp","href":"https:\/\/api.w.org\/{rel}","templated":true}]}}