{"id":20306,"date":"2020-04-15T18:36:55","date_gmt":"2020-04-15T16:36:55","guid":{"rendered":"https:\/\/solecentrodeimagen.com\/?post_type=product&#038;p=20306"},"modified":"2023-04-04T13:52:23","modified_gmt":"2023-04-04T11:52:23","slug":"mousse-limpiadora-biodorfina-cleansing-e1804","status":"publish","type":"product","link":"https:\/\/solecentrodeimagen.com\/fr\/producto\/mousse-limpiadora-biodorfina-cleansing-e1804\/","title":{"rendered":"Ericson Piel Sensible Mousse Limpiadora Biodorfina E1804 250 ML"},"content":{"rendered":"<p>&#8211; <strong>Desmaquilla suavemente<\/strong> , espuma textura untuosa limpia y purifica. Conserva la pel\u00edcula protectora de la piel.<\/p>\n<p>Tiene efectos calmantes, elimina el maquillaje, limpia suavemente y purifica la piel reactiva. &#8211; Alivia la sensaci\u00f3n de incomodidad y rigidez al tiempo que preserva la pel\u00edcula protectora de la piel.<\/p>\n<p>Modo de uso: aplicar dia y noche en las manos humedecidas, hacer una espuma y masajear suavemente.<\/p>\n<div id=\"title_feature_div\" class=\"feature\" data-feature-name=\"title\" data-cel-widget=\"title_feature_div\">\n<div id=\"titleSection\" class=\"a-section a-spacing-none\"><\/div>\n<\/div>\n<p>&nbsp;<\/p>\n<div id=\"averageCustomerReviews_feature_div\" class=\"feature\" data-feature-name=\"averageCustomerReviews\" data-cel-widget=\"averageCustomerReviews_feature_div\"><\/div>\n<p>&nbsp;<\/p>\n<div id=\"ask_feature_div\" class=\"feature\" data-feature-name=\"ask\" data-cel-widget=\"ask_feature_div\"><\/div>\n<div id=\"acBadge_feature_div\" class=\"feature\" data-feature-name=\"acBadge\" data-cel-widget=\"acBadge_feature_div\"><\/div>\n<div id=\"zeitgeistBadge_feature_div\" class=\"feature\" data-feature-name=\"zeitgeistBadge\" data-cel-widget=\"zeitgeistBadge_feature_div\"><\/div>\n<hr \/>\n<div id=\"desktop_unifiedPrice\" class=\"feature\" data-feature-name=\"desktop_unifiedPrice\" data-cel-widget=\"desktop_unifiedPrice\">\n<div id=\"unifiedPrice_feature_div\" class=\"feature\" data-feature-name=\"unifiedPrice\" data-cel-widget=\"unifiedPrice_feature_div\">\n<div id=\"price\" class=\"a-section a-spacing-small\"><\/div>\n<\/div>\n<div id=\"quantityPricingTableSummary_feature_div\" class=\"feature\" data-feature-name=\"quantityPricingTableSummary\" data-cel-widget=\"quantityPricingTableSummary_feature_div\"><\/div>\n<\/div>\n<div id=\"promoPriceBlockMessage_feature_div\" class=\"feature\" data-feature-name=\"promoPriceBlockMessage\" data-cel-widget=\"promoPriceBlockMessage_feature_div\"><\/div>\n<div id=\"pmpux_feature_div\" class=\"feature\" data-feature-name=\"pmpux\" data-cel-widget=\"pmpux_feature_div\"><\/div>\n<div id=\"issuancePriceblockAmabot_feature_div\" class=\"feature\" data-feature-name=\"issuancePriceblockAmabot\" data-cel-widget=\"issuancePriceblockAmabot_feature_div\">\n<div><\/div>\n<\/div>\n<div id=\"alternativeOfferEligibilityMessaging_feature_div\" class=\"feature\" data-feature-name=\"alternativeOfferEligibilityMessaging\" data-cel-widget=\"alternativeOfferEligibilityMessaging_feature_div\">\n<div class=\"a-section\"><\/div>\n<\/div>\n<div id=\"applicablePromotionList_feature_div\" class=\"feature\" data-feature-name=\"applicablePromotionList\" data-cel-widget=\"applicablePromotionList_feature_div\">\n<div id=\"applicable_promotion_list_sec\" class=\"a-section\">\n<p>&nbsp;<\/p>\n<hr class=\"a-divider-normal apl_divider_dotted\" \/>\n<\/div>\n<\/div>\n<div id=\"availability_feature_div\" class=\"feature\" data-feature-name=\"availability\" data-cel-widget=\"availability_feature_div\"><\/div>\n<div id=\"holidayDeliveryMessage_feature_div\" class=\"feature\" data-feature-name=\"holidayDeliveryMessage\" data-cel-widget=\"holidayDeliveryMessage_feature_div\"><\/div>\n<div id=\"dynamicDeliveryMessage_feature_div\" class=\"feature\" data-feature-name=\"dynamicDeliveryMessage\" data-cel-widget=\"dynamicDeliveryMessage_feature_div\"><\/div>\n<div id=\"shipsFromSoldBy_feature_div\" class=\"feature\" data-feature-name=\"shipsFromSoldBy\" data-cel-widget=\"shipsFromSoldBy_feature_div\"><\/div>\n<div id=\"productSupportAndReturnPolicy_feature_div\" class=\"feature\" data-feature-name=\"productSupportAndReturnPolicy\" data-cel-widget=\"productSupportAndReturnPolicy_feature_div\"><\/div>\n<div id=\"holidayAvailabilityMessage_feature_div\" class=\"feature\" data-feature-name=\"holidayAvailabilityMessage\" data-cel-widget=\"holidayAvailabilityMessage_feature_div\"><\/div>\n<div id=\"olp_feature_div\" class=\"feature\" data-feature-name=\"olp\" data-cel-widget=\"olp_feature_div\"><\/div>\n<div id=\"twister_feature_div\" class=\"feature\" data-feature-name=\"twister\" data-cel-widget=\"twister_feature_div\"><\/div>\n<div id=\"clickToContact_feature_div\" class=\"feature\" data-feature-name=\"clickToContact\" data-cel-widget=\"clickToContact_feature_div\"><\/div>\n<div id=\"renewedProgramDescriptionAtf_feature_div\" class=\"feature\" data-feature-name=\"renewedProgramDescriptionAtf\" data-cel-widget=\"renewedProgramDescriptionAtf_feature_div\"><\/div>\n<div id=\"featurebullets_feature_div\" class=\"feature\" data-feature-name=\"featurebullets\" data-cel-widget=\"featurebullets_feature_div\">\n<div id=\"feature-bullets\" class=\"a-section a-spacing-medium a-spacing-top-small\">\n<ul class=\"a-unordered-list a-vertical a-spacing-none\">\n<li><\/li>\n<\/ul>\n<\/div>\n<\/div>\n","protected":false},"excerpt":{"rendered":"<p><strong>Desmaquilla suavemente<\/strong>, espuma textura untuosa limpia y purifica. Conserva la pel\u00edcula protectora de la piel.<\/p>\n<p>Tiene efectos calmantes, elimina el maquillaje, limpia suavemente y purifica la piel reactiva. &#8211; Alivia la sensaci\u00f3n de incomodidad y rigidez al tiempo que preserva la pel\u00edcula protectora de la piel.<\/p>\n<p>Modo de uso: aplicar dia y noche en las manos humedecidas, hacer una espuma y masajear suavemente.<\/p>\n","protected":false},"featured_media":21327,"comment_status":"open","ping_status":"closed","template":"","meta":[],"product_cat":[183],"product_tag":[],"class_list":{"0":"post-20306","1":"product","2":"type-product","3":"status-publish","4":"has-post-thumbnail","6":"product_cat-ericson","8":"first","9":"outofstock","10":"taxable","11":"shipping-taxable","12":"purchasable","13":"product-type-simple"},"translation":{"provider":"WPGlobus","version":"3.0.0","language":"fr","enabled_languages":["es","en","fr"],"languages":{"es":{"title":true,"content":true,"excerpt":true},"en":{"title":false,"content":false,"excerpt":false},"fr":{"title":false,"content":false,"excerpt":false}}},"yoast_head":"<!-- This site is optimized with the Yoast SEO plugin v23.5 - https:\/\/yoast.com\/wordpress\/plugins\/seo\/ -->\n<title>Ericson Piel Sensible Mousse Limpiadora Biodorfina E1804 250 ML | Sole Centro de Imagen<\/title>\n<meta name=\"robots\" content=\"index, follow, max-snippet:-1, max-image-preview:large, max-video-preview:-1\" \/>\n<link rel=\"canonical\" href=\"https:\/\/solecentrodeimagen.com\/producto\/mousse-limpiadora-biodorfina-cleansing-e1804\/\" \/>\n<meta property=\"og:locale\" content=\"fr_FR\" \/>\n<meta property=\"og:type\" content=\"article\" \/>\n<meta property=\"og:title\" content=\"Ericson Piel Sensible Mousse Limpiadora Biodorfina E1804 250 ML | Sole Centro de Imagen\" \/>\n<meta property=\"og:url\" content=\"https:\/\/solecentrodeimagen.com\/producto\/mousse-limpiadora-biodorfina-cleansing-e1804\/\" \/>\n<meta property=\"og:site_name\" content=\"Sole Centro de Imagen\" \/>\n<meta property=\"article:publisher\" content=\"http:\/\/www.facebook.com\/solecentrodeimagen\" \/>\n<meta property=\"article:modified_time\" content=\"2023-04-04T11:52:23+00:00\" \/>\n<meta property=\"og:image\" content=\"https:\/\/solecentrodeimagen.com\/wp-content\/uploads\/2020\/04\/MOUSSE-GLUTAMINE-1.png\" \/>\n\t<meta property=\"og:image:width\" content=\"600\" \/>\n\t<meta property=\"og:image:height\" content=\"600\" \/>\n\t<meta property=\"og:image:type\" content=\"image\/png\" \/>\n<meta name=\"twitter:card\" content=\"summary_large_image\" \/>\n<script type=\"application\/ld+json\" class=\"yoast-schema-graph\">{\"@context\":\"https:\/\/schema.org\",\"@graph\":[{\"@type\":\"WebPage\",\"@id\":\"https:\/\/solecentrodeimagen.com\/producto\/mousse-limpiadora-biodorfina-cleansing-e1804\/\",\"url\":\"https:\/\/solecentrodeimagen.com\/producto\/mousse-limpiadora-biodorfina-cleansing-e1804\/\",\"name\":\"Ericson Piel Sensible Mousse Limpiadora Biodorfina E1804 250 ML | Sole Centro de Imagen\",\"isPartOf\":{\"@id\":\"https:\/\/solecentrodeimagen.com\/#website\"},\"primaryImageOfPage\":{\"@id\":\"https:\/\/solecentrodeimagen.com\/producto\/mousse-limpiadora-biodorfina-cleansing-e1804\/#primaryimage\"},\"image\":{\"@id\":\"https:\/\/solecentrodeimagen.com\/producto\/mousse-limpiadora-biodorfina-cleansing-e1804\/#primaryimage\"},\"thumbnailUrl\":\"https:\/\/solecentrodeimagen.com\/wp-content\/uploads\/2020\/04\/MOUSSE-GLUTAMINE-1.png\",\"datePublished\":\"2020-04-15T16:36:55+00:00\",\"dateModified\":\"2023-04-04T11:52:23+00:00\",\"breadcrumb\":{\"@id\":\"https:\/\/solecentrodeimagen.com\/producto\/mousse-limpiadora-biodorfina-cleansing-e1804\/#breadcrumb\"},\"inLanguage\":\"fr-FR\",\"potentialAction\":[{\"@type\":\"ReadAction\",\"target\":[\"https:\/\/solecentrodeimagen.com\/producto\/mousse-limpiadora-biodorfina-cleansing-e1804\/\"]}]},{\"@type\":\"ImageObject\",\"inLanguage\":\"fr-FR\",\"@id\":\"https:\/\/solecentrodeimagen.com\/producto\/mousse-limpiadora-biodorfina-cleansing-e1804\/#primaryimage\",\"url\":\"https:\/\/solecentrodeimagen.com\/wp-content\/uploads\/2020\/04\/MOUSSE-GLUTAMINE-1.png\",\"contentUrl\":\"https:\/\/solecentrodeimagen.com\/wp-content\/uploads\/2020\/04\/MOUSSE-GLUTAMINE-1.png\",\"width\":600,\"height\":600},{\"@type\":\"BreadcrumbList\",\"@id\":\"https:\/\/solecentrodeimagen.com\/producto\/mousse-limpiadora-biodorfina-cleansing-e1804\/#breadcrumb\",\"itemListElement\":[{\"@type\":\"ListItem\",\"position\":1,\"name\":\"Home\",\"item\":\"https:\/\/solecentrodeimagen.com\/\"},{\"@type\":\"ListItem\",\"position\":2,\"name\":\"Tienda\",\"item\":\"https:\/\/solecentrodeimagen.com\/tienda\/\"},{\"@type\":\"ListItem\",\"position\":3,\"name\":\"Ericson Piel Sensible Mousse Limpiadora Biodorfina E1804 250 ML\"}]},{\"@type\":\"WebSite\",\"@id\":\"https:\/\/solecentrodeimagen.com\/#website\",\"url\":\"https:\/\/solecentrodeimagen.com\/\",\"name\":\"Sole Centro de Imagen\",\"description\":\"Centro Medicina Est\u00e9tica, Dermatolog\u00eda y Est\u00e9tica avanzada\",\"publisher\":{\"@id\":\"https:\/\/solecentrodeimagen.com\/#organization\"},\"potentialAction\":[{\"@type\":\"SearchAction\",\"target\":{\"@type\":\"EntryPoint\",\"urlTemplate\":\"https:\/\/solecentrodeimagen.com\/?s={search_term_string}\"},\"query-input\":{\"@type\":\"PropertyValueSpecification\",\"valueRequired\":true,\"valueName\":\"search_term_string\"}}],\"inLanguage\":\"fr-FR\"},{\"@type\":\"Organization\",\"@id\":\"https:\/\/solecentrodeimagen.com\/#organization\",\"name\":\"Sole Centro de Imagen Integral\",\"url\":\"https:\/\/solecentrodeimagen.com\/\",\"logo\":{\"@type\":\"ImageObject\",\"inLanguage\":\"fr-FR\",\"@id\":\"https:\/\/solecentrodeimagen.com\/#\/schema\/logo\/image\/\",\"url\":\"https:\/\/solecentrodeimagen.com\/wp-content\/uploads\/2016\/06\/logo-solecentromedico.png\",\"contentUrl\":\"https:\/\/solecentrodeimagen.com\/wp-content\/uploads\/2016\/06\/logo-solecentromedico.png\",\"width\":281,\"height\":96,\"caption\":\"Sole Centro de Imagen Integral\"},\"image\":{\"@id\":\"https:\/\/solecentrodeimagen.com\/#\/schema\/logo\/image\/\"},\"sameAs\":[\"http:\/\/www.facebook.com\/solecentrodeimagen\",\"http:\/\/www.instagram.com\/solecentrodeimagen\"]}]}<\/script>\n<!-- \/ Yoast SEO plugin. -->","yoast_head_json":{"title":"Ericson Piel Sensible Mousse Limpiadora Biodorfina E1804 250 ML | Sole Centro de Imagen","robots":{"index":"index","follow":"follow","max-snippet":"max-snippet:-1","max-image-preview":"max-image-preview:large","max-video-preview":"max-video-preview:-1"},"canonical":"https:\/\/solecentrodeimagen.com\/producto\/mousse-limpiadora-biodorfina-cleansing-e1804\/","og_locale":"fr_FR","og_type":"article","og_title":"Ericson Piel Sensible Mousse Limpiadora Biodorfina E1804 250 ML | Sole Centro de Imagen","og_url":"https:\/\/solecentrodeimagen.com\/producto\/mousse-limpiadora-biodorfina-cleansing-e1804\/","og_site_name":"Sole Centro de Imagen","article_publisher":"http:\/\/www.facebook.com\/solecentrodeimagen","article_modified_time":"2023-04-04T11:52:23+00:00","og_image":[{"width":600,"height":600,"url":"https:\/\/solecentrodeimagen.com\/wp-content\/uploads\/2020\/04\/MOUSSE-GLUTAMINE-1.png","type":"image\/png"}],"twitter_card":"summary_large_image","schema":{"@context":"https:\/\/schema.org","@graph":[{"@type":"WebPage","@id":"https:\/\/solecentrodeimagen.com\/producto\/mousse-limpiadora-biodorfina-cleansing-e1804\/","url":"https:\/\/solecentrodeimagen.com\/producto\/mousse-limpiadora-biodorfina-cleansing-e1804\/","name":"Ericson Piel Sensible Mousse Limpiadora Biodorfina E1804 250 ML | Sole Centro de Imagen","isPartOf":{"@id":"https:\/\/solecentrodeimagen.com\/#website"},"primaryImageOfPage":{"@id":"https:\/\/solecentrodeimagen.com\/producto\/mousse-limpiadora-biodorfina-cleansing-e1804\/#primaryimage"},"image":{"@id":"https:\/\/solecentrodeimagen.com\/producto\/mousse-limpiadora-biodorfina-cleansing-e1804\/#primaryimage"},"thumbnailUrl":"https:\/\/solecentrodeimagen.com\/wp-content\/uploads\/2020\/04\/MOUSSE-GLUTAMINE-1.png","datePublished":"2020-04-15T16:36:55+00:00","dateModified":"2023-04-04T11:52:23+00:00","breadcrumb":{"@id":"https:\/\/solecentrodeimagen.com\/producto\/mousse-limpiadora-biodorfina-cleansing-e1804\/#breadcrumb"},"inLanguage":"fr-FR","potentialAction":[{"@type":"ReadAction","target":["https:\/\/solecentrodeimagen.com\/producto\/mousse-limpiadora-biodorfina-cleansing-e1804\/"]}]},{"@type":"ImageObject","inLanguage":"fr-FR","@id":"https:\/\/solecentrodeimagen.com\/producto\/mousse-limpiadora-biodorfina-cleansing-e1804\/#primaryimage","url":"https:\/\/solecentrodeimagen.com\/wp-content\/uploads\/2020\/04\/MOUSSE-GLUTAMINE-1.png","contentUrl":"https:\/\/solecentrodeimagen.com\/wp-content\/uploads\/2020\/04\/MOUSSE-GLUTAMINE-1.png","width":600,"height":600},{"@type":"BreadcrumbList","@id":"https:\/\/solecentrodeimagen.com\/producto\/mousse-limpiadora-biodorfina-cleansing-e1804\/#breadcrumb","itemListElement":[{"@type":"ListItem","position":1,"name":"Home","item":"https:\/\/solecentrodeimagen.com\/"},{"@type":"ListItem","position":2,"name":"Tienda","item":"https:\/\/solecentrodeimagen.com\/tienda\/"},{"@type":"ListItem","position":3,"name":"Ericson Piel Sensible Mousse Limpiadora Biodorfina E1804 250 ML"}]},{"@type":"WebSite","@id":"https:\/\/solecentrodeimagen.com\/#website","url":"https:\/\/solecentrodeimagen.com\/","name":"Sole Centro de Imagen","description":"Centro Medicina Est\u00e9tica, Dermatolog\u00eda y Est\u00e9tica avanzada","publisher":{"@id":"https:\/\/solecentrodeimagen.com\/#organization"},"potentialAction":[{"@type":"SearchAction","target":{"@type":"EntryPoint","urlTemplate":"https:\/\/solecentrodeimagen.com\/?s={search_term_string}"},"query-input":{"@type":"PropertyValueSpecification","valueRequired":true,"valueName":"search_term_string"}}],"inLanguage":"fr-FR"},{"@type":"Organization","@id":"https:\/\/solecentrodeimagen.com\/#organization","name":"Sole Centro de Imagen Integral","url":"https:\/\/solecentrodeimagen.com\/","logo":{"@type":"ImageObject","inLanguage":"fr-FR","@id":"https:\/\/solecentrodeimagen.com\/#\/schema\/logo\/image\/","url":"https:\/\/solecentrodeimagen.com\/wp-content\/uploads\/2016\/06\/logo-solecentromedico.png","contentUrl":"https:\/\/solecentrodeimagen.com\/wp-content\/uploads\/2016\/06\/logo-solecentromedico.png","width":281,"height":96,"caption":"Sole Centro de Imagen Integral"},"image":{"@id":"https:\/\/solecentrodeimagen.com\/#\/schema\/logo\/image\/"},"sameAs":["http:\/\/www.facebook.com\/solecentrodeimagen","http:\/\/www.instagram.com\/solecentrodeimagen"]}]}},"_links":{"self":[{"href":"https:\/\/solecentrodeimagen.com\/fr\/wp-json\/wp\/v2\/product\/20306"}],"collection":[{"href":"https:\/\/solecentrodeimagen.com\/fr\/wp-json\/wp\/v2\/product"}],"about":[{"href":"https:\/\/solecentrodeimagen.com\/fr\/wp-json\/wp\/v2\/types\/product"}],"replies":[{"embeddable":true,"href":"https:\/\/solecentrodeimagen.com\/fr\/wp-json\/wp\/v2\/comments?post=20306"}],"wp:featuredmedia":[{"embeddable":true,"href":"https:\/\/solecentrodeimagen.com\/fr\/wp-json\/wp\/v2\/media\/21327"}],"wp:attachment":[{"href":"https:\/\/solecentrodeimagen.com\/fr\/wp-json\/wp\/v2\/media?parent=20306"}],"wp:term":[{"taxonomy":"product_cat","embeddable":true,"href":"https:\/\/solecentrodeimagen.com\/fr\/wp-json\/wp\/v2\/product_cat?post=20306"},{"taxonomy":"product_tag","embeddable":true,"href":"https:\/\/solecentrodeimagen.com\/fr\/wp-json\/wp\/v2\/product_tag?post=20306"}],"curies":[{"name":"wp","href":"https:\/\/api.w.org\/{rel}","templated":true}]}}