{"id":20309,"date":"2020-04-15T19:02:49","date_gmt":"2020-04-15T17:02:49","guid":{"rendered":"https:\/\/solecentrodeimagen.com\/?post_type=product&#038;p=20309"},"modified":"2023-11-01T17:03:53","modified_gmt":"2023-11-01T16:03:53","slug":"gel-purificador-e834-25o-ml","status":"publish","type":"product","link":"https:\/\/solecentrodeimagen.com\/fr\/producto\/gel-purificador-e834-25o-ml\/","title":{"rendered":"Ericson Actibiotic Gel Limpiador Purificador E834 25O ML."},"content":{"rendered":"<p>El gel limpiador de\u00a0 la linea ACTI-BIOTIC es ideal para el cuidado muy espec\u00edfico de pieles grasas. Formulado a partir de un potente Phyto-complex, permite que la piel se reequilibre.<\/p>\n<p>Las respuestas proporcionadas son:<br \/>\n\u2022 PURIFICACI\u00d3N<br \/>\n\u2022 DESTOXIFICACI\u00d3N<br \/>\n\u2022 FREGADO NEGRO<\/p>\n<p>El gel purificador limpia y purifica las pieles grasas y mixtas.<\/p>\n<p>Activos:<\/p>\n<p>ACNET: Act\u00faa sobre la producci\u00f3n de sebo y limita la irritaci\u00f3n.<br \/>\nDERMAPUR es un poderoso fitocomplejo capaz de regular la secreci\u00f3n seborreica y sus consecuencias.<br \/>\nEVERMAT es un ingrediente activo hecho de Enantia chlorantha (extracto de un \u00e1rbol africano) y \u00e1cido olean\u00f3lico (extracto de la hoja de olivo), capaz de reducir el aspecto brillante y antiest\u00e9tico de la piel grasa.<\/p>\n<p>Modo de uso:<\/p>\n<p>Usar ma\u00f1ana y noche con un suave masaje.<\/p>\n","protected":false},"excerpt":{"rendered":"<p>El gel limpiador de\u00a0 la linea ACTI-BIOTIC es ideal para el cuidado muy espec\u00edfico de pieles grasas. Formulado a partir de un potente Phyto-complex, permite que la piel se reequilibre.<\/p>\n<p>Las respuestas proporcionadas son:<br \/>\n\u2022 PURIFICACI\u00d3N<br \/>\n\u2022 DESTOXIFICACI\u00d3N<br \/>\n\u2022 OXIGENACION<\/p>\n<p>El gel purificador limpia y purifica las pieles grasas y mixtas.<\/p>\n<p>Modo de uso:<\/p>\n<p>Usar ma\u00f1ana y noche con un suave masaje.<\/p>\n","protected":false},"featured_media":21324,"comment_status":"open","ping_status":"closed","template":"","meta":[],"product_cat":[183],"product_tag":[],"class_list":{"0":"post-20309","1":"product","2":"type-product","3":"status-publish","4":"has-post-thumbnail","6":"product_cat-ericson","8":"first","9":"instock","10":"taxable","11":"shipping-taxable","12":"purchasable","13":"product-type-simple"},"translation":{"provider":"WPGlobus","version":"3.0.0","language":"fr","enabled_languages":["es","en","fr"],"languages":{"es":{"title":true,"content":true,"excerpt":true},"en":{"title":false,"content":false,"excerpt":false},"fr":{"title":false,"content":false,"excerpt":false}}},"yoast_head":"<!-- This site is optimized with the Yoast SEO plugin v23.5 - https:\/\/yoast.com\/wordpress\/plugins\/seo\/ -->\n<title>Ericson Actibiotic Gel Limpiador Purificador E834 25O ML. | Sole Centro de Imagen<\/title>\n<meta name=\"robots\" content=\"index, follow, max-snippet:-1, max-image-preview:large, max-video-preview:-1\" \/>\n<link rel=\"canonical\" href=\"https:\/\/solecentrodeimagen.com\/producto\/gel-purificador-e834-25o-ml\/\" \/>\n<meta property=\"og:locale\" content=\"fr_FR\" \/>\n<meta property=\"og:type\" content=\"article\" \/>\n<meta property=\"og:title\" content=\"Ericson Actibiotic Gel Limpiador Purificador E834 25O ML. | Sole Centro de Imagen\" \/>\n<meta property=\"og:url\" content=\"https:\/\/solecentrodeimagen.com\/producto\/gel-purificador-e834-25o-ml\/\" \/>\n<meta property=\"og:site_name\" content=\"Sole Centro de Imagen\" \/>\n<meta property=\"article:publisher\" content=\"http:\/\/www.facebook.com\/solecentrodeimagen\" \/>\n<meta property=\"article:modified_time\" content=\"2023-11-01T16:03:53+00:00\" \/>\n<meta property=\"og:image\" content=\"https:\/\/solecentrodeimagen.com\/wp-content\/uploads\/2020\/04\/ACTIBIOTI-SABON-1.png\" \/>\n\t<meta property=\"og:image:width\" content=\"600\" \/>\n\t<meta property=\"og:image:height\" content=\"600\" \/>\n\t<meta property=\"og:image:type\" content=\"image\/png\" \/>\n<meta name=\"twitter:card\" content=\"summary_large_image\" \/>\n<meta name=\"twitter:label1\" content=\"Est. reading time\" \/>\n\t<meta name=\"twitter:data1\" content=\"1 minute\" \/>\n<script type=\"application\/ld+json\" class=\"yoast-schema-graph\">{\"@context\":\"https:\/\/schema.org\",\"@graph\":[{\"@type\":\"WebPage\",\"@id\":\"https:\/\/solecentrodeimagen.com\/producto\/gel-purificador-e834-25o-ml\/\",\"url\":\"https:\/\/solecentrodeimagen.com\/producto\/gel-purificador-e834-25o-ml\/\",\"name\":\"Ericson Actibiotic Gel Limpiador Purificador E834 25O ML. | Sole Centro de Imagen\",\"isPartOf\":{\"@id\":\"https:\/\/solecentrodeimagen.com\/#website\"},\"primaryImageOfPage\":{\"@id\":\"https:\/\/solecentrodeimagen.com\/producto\/gel-purificador-e834-25o-ml\/#primaryimage\"},\"image\":{\"@id\":\"https:\/\/solecentrodeimagen.com\/producto\/gel-purificador-e834-25o-ml\/#primaryimage\"},\"thumbnailUrl\":\"https:\/\/solecentrodeimagen.com\/wp-content\/uploads\/2020\/04\/ACTIBIOTI-SABON-1.png\",\"datePublished\":\"2020-04-15T17:02:49+00:00\",\"dateModified\":\"2023-11-01T16:03:53+00:00\",\"breadcrumb\":{\"@id\":\"https:\/\/solecentrodeimagen.com\/producto\/gel-purificador-e834-25o-ml\/#breadcrumb\"},\"inLanguage\":\"fr-FR\",\"potentialAction\":[{\"@type\":\"ReadAction\",\"target\":[\"https:\/\/solecentrodeimagen.com\/producto\/gel-purificador-e834-25o-ml\/\"]}]},{\"@type\":\"ImageObject\",\"inLanguage\":\"fr-FR\",\"@id\":\"https:\/\/solecentrodeimagen.com\/producto\/gel-purificador-e834-25o-ml\/#primaryimage\",\"url\":\"https:\/\/solecentrodeimagen.com\/wp-content\/uploads\/2020\/04\/ACTIBIOTI-SABON-1.png\",\"contentUrl\":\"https:\/\/solecentrodeimagen.com\/wp-content\/uploads\/2020\/04\/ACTIBIOTI-SABON-1.png\",\"width\":600,\"height\":600},{\"@type\":\"BreadcrumbList\",\"@id\":\"https:\/\/solecentrodeimagen.com\/producto\/gel-purificador-e834-25o-ml\/#breadcrumb\",\"itemListElement\":[{\"@type\":\"ListItem\",\"position\":1,\"name\":\"Home\",\"item\":\"https:\/\/solecentrodeimagen.com\/\"},{\"@type\":\"ListItem\",\"position\":2,\"name\":\"Tienda\",\"item\":\"https:\/\/solecentrodeimagen.com\/tienda\/\"},{\"@type\":\"ListItem\",\"position\":3,\"name\":\"Ericson Actibiotic Gel Limpiador Purificador E834 25O ML.\"}]},{\"@type\":\"WebSite\",\"@id\":\"https:\/\/solecentrodeimagen.com\/#website\",\"url\":\"https:\/\/solecentrodeimagen.com\/\",\"name\":\"Sole Centro de Imagen\",\"description\":\"Centro Medicina Est\u00e9tica, Dermatolog\u00eda y Est\u00e9tica avanzada\",\"publisher\":{\"@id\":\"https:\/\/solecentrodeimagen.com\/#organization\"},\"potentialAction\":[{\"@type\":\"SearchAction\",\"target\":{\"@type\":\"EntryPoint\",\"urlTemplate\":\"https:\/\/solecentrodeimagen.com\/?s={search_term_string}\"},\"query-input\":{\"@type\":\"PropertyValueSpecification\",\"valueRequired\":true,\"valueName\":\"search_term_string\"}}],\"inLanguage\":\"fr-FR\"},{\"@type\":\"Organization\",\"@id\":\"https:\/\/solecentrodeimagen.com\/#organization\",\"name\":\"Sole Centro de Imagen Integral\",\"url\":\"https:\/\/solecentrodeimagen.com\/\",\"logo\":{\"@type\":\"ImageObject\",\"inLanguage\":\"fr-FR\",\"@id\":\"https:\/\/solecentrodeimagen.com\/#\/schema\/logo\/image\/\",\"url\":\"https:\/\/solecentrodeimagen.com\/wp-content\/uploads\/2016\/06\/logo-solecentromedico.png\",\"contentUrl\":\"https:\/\/solecentrodeimagen.com\/wp-content\/uploads\/2016\/06\/logo-solecentromedico.png\",\"width\":281,\"height\":96,\"caption\":\"Sole Centro de Imagen Integral\"},\"image\":{\"@id\":\"https:\/\/solecentrodeimagen.com\/#\/schema\/logo\/image\/\"},\"sameAs\":[\"http:\/\/www.facebook.com\/solecentrodeimagen\",\"http:\/\/www.instagram.com\/solecentrodeimagen\"]}]}<\/script>\n<!-- \/ Yoast SEO plugin. -->","yoast_head_json":{"title":"Ericson Actibiotic Gel Limpiador Purificador E834 25O ML. | Sole Centro de Imagen","robots":{"index":"index","follow":"follow","max-snippet":"max-snippet:-1","max-image-preview":"max-image-preview:large","max-video-preview":"max-video-preview:-1"},"canonical":"https:\/\/solecentrodeimagen.com\/producto\/gel-purificador-e834-25o-ml\/","og_locale":"fr_FR","og_type":"article","og_title":"Ericson Actibiotic Gel Limpiador Purificador E834 25O ML. | Sole Centro de Imagen","og_url":"https:\/\/solecentrodeimagen.com\/producto\/gel-purificador-e834-25o-ml\/","og_site_name":"Sole Centro de Imagen","article_publisher":"http:\/\/www.facebook.com\/solecentrodeimagen","article_modified_time":"2023-11-01T16:03:53+00:00","og_image":[{"width":600,"height":600,"url":"https:\/\/solecentrodeimagen.com\/wp-content\/uploads\/2020\/04\/ACTIBIOTI-SABON-1.png","type":"image\/png"}],"twitter_card":"summary_large_image","twitter_misc":{"Est. reading time":"1 minute"},"schema":{"@context":"https:\/\/schema.org","@graph":[{"@type":"WebPage","@id":"https:\/\/solecentrodeimagen.com\/producto\/gel-purificador-e834-25o-ml\/","url":"https:\/\/solecentrodeimagen.com\/producto\/gel-purificador-e834-25o-ml\/","name":"Ericson Actibiotic Gel Limpiador Purificador E834 25O ML. | Sole Centro de Imagen","isPartOf":{"@id":"https:\/\/solecentrodeimagen.com\/#website"},"primaryImageOfPage":{"@id":"https:\/\/solecentrodeimagen.com\/producto\/gel-purificador-e834-25o-ml\/#primaryimage"},"image":{"@id":"https:\/\/solecentrodeimagen.com\/producto\/gel-purificador-e834-25o-ml\/#primaryimage"},"thumbnailUrl":"https:\/\/solecentrodeimagen.com\/wp-content\/uploads\/2020\/04\/ACTIBIOTI-SABON-1.png","datePublished":"2020-04-15T17:02:49+00:00","dateModified":"2023-11-01T16:03:53+00:00","breadcrumb":{"@id":"https:\/\/solecentrodeimagen.com\/producto\/gel-purificador-e834-25o-ml\/#breadcrumb"},"inLanguage":"fr-FR","potentialAction":[{"@type":"ReadAction","target":["https:\/\/solecentrodeimagen.com\/producto\/gel-purificador-e834-25o-ml\/"]}]},{"@type":"ImageObject","inLanguage":"fr-FR","@id":"https:\/\/solecentrodeimagen.com\/producto\/gel-purificador-e834-25o-ml\/#primaryimage","url":"https:\/\/solecentrodeimagen.com\/wp-content\/uploads\/2020\/04\/ACTIBIOTI-SABON-1.png","contentUrl":"https:\/\/solecentrodeimagen.com\/wp-content\/uploads\/2020\/04\/ACTIBIOTI-SABON-1.png","width":600,"height":600},{"@type":"BreadcrumbList","@id":"https:\/\/solecentrodeimagen.com\/producto\/gel-purificador-e834-25o-ml\/#breadcrumb","itemListElement":[{"@type":"ListItem","position":1,"name":"Home","item":"https:\/\/solecentrodeimagen.com\/"},{"@type":"ListItem","position":2,"name":"Tienda","item":"https:\/\/solecentrodeimagen.com\/tienda\/"},{"@type":"ListItem","position":3,"name":"Ericson Actibiotic Gel Limpiador Purificador E834 25O ML."}]},{"@type":"WebSite","@id":"https:\/\/solecentrodeimagen.com\/#website","url":"https:\/\/solecentrodeimagen.com\/","name":"Sole Centro de Imagen","description":"Centro Medicina Est\u00e9tica, Dermatolog\u00eda y Est\u00e9tica avanzada","publisher":{"@id":"https:\/\/solecentrodeimagen.com\/#organization"},"potentialAction":[{"@type":"SearchAction","target":{"@type":"EntryPoint","urlTemplate":"https:\/\/solecentrodeimagen.com\/?s={search_term_string}"},"query-input":{"@type":"PropertyValueSpecification","valueRequired":true,"valueName":"search_term_string"}}],"inLanguage":"fr-FR"},{"@type":"Organization","@id":"https:\/\/solecentrodeimagen.com\/#organization","name":"Sole Centro de Imagen Integral","url":"https:\/\/solecentrodeimagen.com\/","logo":{"@type":"ImageObject","inLanguage":"fr-FR","@id":"https:\/\/solecentrodeimagen.com\/#\/schema\/logo\/image\/","url":"https:\/\/solecentrodeimagen.com\/wp-content\/uploads\/2016\/06\/logo-solecentromedico.png","contentUrl":"https:\/\/solecentrodeimagen.com\/wp-content\/uploads\/2016\/06\/logo-solecentromedico.png","width":281,"height":96,"caption":"Sole Centro de Imagen Integral"},"image":{"@id":"https:\/\/solecentrodeimagen.com\/#\/schema\/logo\/image\/"},"sameAs":["http:\/\/www.facebook.com\/solecentrodeimagen","http:\/\/www.instagram.com\/solecentrodeimagen"]}]}},"_links":{"self":[{"href":"https:\/\/solecentrodeimagen.com\/fr\/wp-json\/wp\/v2\/product\/20309"}],"collection":[{"href":"https:\/\/solecentrodeimagen.com\/fr\/wp-json\/wp\/v2\/product"}],"about":[{"href":"https:\/\/solecentrodeimagen.com\/fr\/wp-json\/wp\/v2\/types\/product"}],"replies":[{"embeddable":true,"href":"https:\/\/solecentrodeimagen.com\/fr\/wp-json\/wp\/v2\/comments?post=20309"}],"wp:featuredmedia":[{"embeddable":true,"href":"https:\/\/solecentrodeimagen.com\/fr\/wp-json\/wp\/v2\/media\/21324"}],"wp:attachment":[{"href":"https:\/\/solecentrodeimagen.com\/fr\/wp-json\/wp\/v2\/media?parent=20309"}],"wp:term":[{"taxonomy":"product_cat","embeddable":true,"href":"https:\/\/solecentrodeimagen.com\/fr\/wp-json\/wp\/v2\/product_cat?post=20309"},{"taxonomy":"product_tag","embeddable":true,"href":"https:\/\/solecentrodeimagen.com\/fr\/wp-json\/wp\/v2\/product_tag?post=20309"}],"curies":[{"name":"wp","href":"https:\/\/api.w.org\/{rel}","templated":true}]}}